{"id":21552,"date":"2022-09-05T12:55:57","date_gmt":"2022-09-05T10:55:57","guid":{"rendered":"https:\/\/www.cmonsite.fr\/site\/?page_id=21552"},"modified":"2022-09-12T14:14:32","modified_gmt":"2022-09-12T12:14:32","slug":"gratuit","status":"publish","type":"page","link":"https:\/\/www.cmonsite.fr\/site\/guides\/creation-site\/type\/gratuit","title":{"rendered":"Comment cr\u00e9er un site internet gratuit ?"},"content":{"rendered":"<div class=\"text-content\">\n<p>Auparavant, lorsque vous vouliez cr\u00e9er un site web, vous devez d\u00e9terminer <a href=\"https:\/\/www.cmonsite.fr\/site\/guides\/creation-site\/type\">quel type de site vous voulez<\/a>, si vous recherchiez quelque chose de plus qu&#8217;un blog, ou si vous vouliez simplement mettre en place un site web original, vous n&#8217;aviez pas d&#8217;autre choix que d&#8217;apprendre \u00e0 programmer ou de payer un sp\u00e9cialiste. Aujourd&#8217;hui, le processus est devenu beaucoup plus accessible et nous pouvons affirmer que tout le monde peut cr\u00e9er son propre site web, et ce, sans d\u00e9penser un seul centime. Il suffit d&#8217;avoir le d\u00e9sir d&#8217;apprendre quelque chose de nouveau. Vous voulez savoir comment cr\u00e9er un site web gratuitement et avec une belle apparence ? Continuez la lecture de cet article.<\/p>\n<h2>Choisissez un CMS<\/h2>\n<p>La premi\u00e8re chose \u00e0 faire lors de la cr\u00e9ation d&#8217;un site web est de <strong>trouver le bon CMS<\/strong> (syst\u00e8me de gestion de contenu) pour votre projet. Il existe de nombreux <u>syst\u00e8mes de gestion contenu<\/u> gratuits ou peu co\u00fbteux, mais ils ne sont pas tous identiques. Il est donc conseill\u00e9 d&#8217;\u00e9valuer les avantages et les inconv\u00e9nients de chacun d&#8217;eux.<\/p>\n<p>Par exemple, demandez-vous si vous avez besoin d&#8217;une plate-forme qui vous permette de programmer ou si vous voulez \u00e9viter <strong>la programmation<\/strong>. Si vous souhaitez que votre site Web prenne en charge <u>plusieurs langues<\/u>, vous pouvez r\u00e9duire la liste des langues utilis\u00e9es. Voici des exemples de CMS qui peuvent vous permettre de simplifier votre processus de d\u00e9cision.<\/p>\n<h3>WordPress<\/h3>\n<p><strong>Le CMS WordPress<\/strong> vous permet de cr\u00e9er, <u>gr\u00e2ce \u00e0 ses mod\u00e8les<\/u>, des blogs, des sites d&#8217;entreprise et m\u00eame du commerce \u00e9lectronique. Si nous parlons de WordPress, nous devons mentionner qu&#8217;il existe deux sites de destination pour vos cr\u00e9ations : <u>wordpress.org et wordpress.com<\/u>. Dans le cas du premier, tout ce qui se trouve sur le site est gratuit mais vous avez sans doute besoin de connaissances en mati\u00e8re de web design pour pouvoir l&#8217;utiliser plus clairement.<\/p>\n<p>Dans le cas de <strong>wordpress.com<\/strong> vous ne pourrez pas utiliser toutes les fonctions gratuitement car pour les fonctions avanc\u00e9es vous devrez payer un abonnement. Cependant, vous devez prendre en compte que vous pourrez <strong>utiliser des<\/strong> <strong>plugins<\/strong> (<u>extensions<\/u>) qui rendront votre site plus complet, wordpress.com est le principal CMS du march\u00e9 et c&#8217;est pourquoi de nombreux sites sont r\u00e9alis\u00e9s avec.<\/p>\n<h3>Wix<\/h3>\n<p><img fetchpriority=\"high\" decoding=\"async\" class=\"alignnone size-full wp-image-21553\" src=\"https:\/\/www.cmonsite.fr\/site\/webup\/2022\/09\/startup-593305_1280.jpg\" alt=\"\" width=\"1280\" height=\"853\" srcset=\"https:\/\/www.cmonsite.fr\/site\/webup\/2022\/09\/startup-593305_1280.jpg 1280w, https:\/\/www.cmonsite.fr\/site\/webup\/2022\/09\/startup-593305_1280-300x200.jpg 300w, https:\/\/www.cmonsite.fr\/site\/webup\/2022\/09\/startup-593305_1280-1024x682.jpg 1024w, https:\/\/www.cmonsite.fr\/site\/webup\/2022\/09\/startup-593305_1280-768x512.jpg 768w\" sizes=\"(max-width: 1280px) 100vw, 1280px\" \/><\/p>\n<p><strong>Wix est un site<\/strong> o\u00f9 vous pouvez cr\u00e9er votre site web, votre blog ou <u>votre e-commerce<\/u> sans avoir \u00e0 payer quoi que ce soit au d\u00e9part gr\u00e2ce \u00e0 l&#8217;offre de centaines de mod\u00e8les pour chaque espace web. Avec Wix, vous pouvez entrer dans le monde de la <strong>cr\u00e9ation de sites Web<\/strong> de mani\u00e8re tr\u00e8s intuitive et vous n&#8217;avez pas besoin de vous y conna\u00eetre en design pour l&#8217;utiliser.<\/p>\n<h3>Webnode<\/h3>\n<p>Webnode est l&#8217;un des <strong>\u00e9diteurs de site web <\/strong>les plus populaires, c&#8217;est un <u>CMS tr\u00e8s moderne<\/u>. Ses mod\u00e8les de conception s&#8217;adaptent parfaitement aux appareils mobiles automatiquement. Comme dans presque tous les \u00e9diteurs web l&#8217;utilisation est tout \u00e0 fait intuitive et vous trouverez \u00e9galement des limitations qui peuvent \u00eatre \u00e9limin\u00e9es avec le paiement d&#8217;une adh\u00e9sion pour son utilisation.<\/p>\n<p>Webnode vous permet <strong>d&#8217;utiliser votre propre domaine<\/strong> lorsque vous payez d\u00e9j\u00e0 une redevance mensuelle, mais vous verrez toujours un petit message publicitaire pour votre site. D\u00e8s la <u>version gratuite<\/u>, vous pourrez optimiser votre site pour le r\u00e9f\u00e9rencement, ce qui explique qu&#8217;il soit l&#8217;un des favoris.<\/p>\n<h3>Google Sites<\/h3>\n<p>Google est actuellement actif dans tout ce qui a trait au web et, comme pr\u00e9vu, il offre \u00e9galement ses services pour <strong>la cr\u00e9ation de sites web<\/strong>. L&#8217;un des avantages offerts par <u>Google Sites <\/u>est que, d\u00e8s le d\u00e9but de la cr\u00e9ation de votre site, vous avez la certitude qu&#8217;il sera optimal pour l&#8217;affichage sur les appareils mobiles. L&#8217;inconv\u00e9nient de <u>cet outil<\/u> est qu&#8217;il <strong>ne dispose pas de suffisamment de mod\u00e8les <\/strong>pour commencer la conception, bien qu&#8217;il soit assez facile \u00e0 utiliser.<\/p>\n<h2>Pensez \u00e0 votre domaine<\/h2>\n<p><strong>Un domaine est l&#8217;URL de votre site web<\/strong>. En d&#8217;autres termes, le domaine est <u>l&#8217;adresse virtuelle<\/u> par laquelle votre public acc\u00e9dera \u00e0 votre site. En ce sens, votre domaine doit \u00eatre simple et objectif. Vous pouvez utiliser le nom de votre entreprise ou m\u00eame une phrase qui vous positionne de mani\u00e8re cr\u00e9ative et strat\u00e9gique.<\/p>\n<h2>Choisissez un mod\u00e8le pour votre page<\/h2>\n<p>Les CMS, <strong>outils de cr\u00e9ation de sites Web enti\u00e8rement gratuits<\/strong> disposent d\u00e9j\u00e0 de mod\u00e8les test\u00e9s sur le march\u00e9. Cela signifie que vous pouvez choisir celle qui vous convient le mieux parmi de nombreuses options. Ces <u>mod\u00e8les sont s\u00e9par\u00e9s par des mots-cl\u00e9s<\/u> qui se rapportent directement aux niches de march\u00e9. En d&#8217;autres termes, si vous appartenez au secteur de l&#8217;alimentation, vous pouvez trouver plusieurs mod\u00e8les avec des mises en page con\u00e7ues pour ce secteur.<\/p>\n<h2>Personnalisez votre site web<\/h2>\n<p>Domaine et mod\u00e8le choisis, il est maintenant temps de donner \u00e0 votre site web son propre visage. <strong>Avec un CMS gratuit<\/strong>, vous pouvez personnaliser votre site Web \u00e0 l&#8217;aide de <u>diverses fonctionnalit\u00e9s<\/u>. Ainsi, vous pouvez inclure des informations sur votre entreprise, telles que des textes, des photos ou m\u00eame des vid\u00e9os. \u00c0 ce stade, il convient de penser \u00e0 l&#8217;exp\u00e9rience de l&#8217;utilisateur. En effet, en l&#8217;ayant comme point de mire, vous trouverez le moyen id\u00e9al de rendre votre page int\u00e9ressante et facile \u00e0 naviguer.<\/p>\n<p>Il est important de planifier exactement <strong>les pages<\/strong> que vous devrez inclure sur votre site. Bien que cela varie en fonction de chaque entreprise, il vous faudra au moins les pages :<\/p>\n<ul>\n<li>Accueil ;<\/li>\n<li>\u00c0 propos de nous ;<\/li>\n<li>Services\/Produits ;<\/li>\n<li>Contactez-nous.<\/li>\n<\/ul>\n<p>Bien entendu, vous pouvez <strong>r\u00e9organiser les sujets de la page <\/strong>comme vous le souhaitez ou les combiner. Si vous n&#8217;\u00eates pas s\u00fbr, consultez d&#8217;autres sites Web d&#8217;entreprises de votre secteur pour trouver des id\u00e9es sur la fa\u00e7on d&#8217;organiser votre barre de navigation ou sur les pages \u00e0 inclure et \u00e0 exclure.<\/p>\n<h2>Concentrez-vous sur le contenu<\/h2>\n<p><img decoding=\"async\" class=\"alignnone size-full wp-image-21555\" src=\"https:\/\/www.cmonsite.fr\/site\/webup\/2022\/09\/wallet-3200385_1280.jpg\" alt=\"\" width=\"1280\" height=\"847\" srcset=\"https:\/\/www.cmonsite.fr\/site\/webup\/2022\/09\/wallet-3200385_1280.jpg 1280w, https:\/\/www.cmonsite.fr\/site\/webup\/2022\/09\/wallet-3200385_1280-300x199.jpg 300w, https:\/\/www.cmonsite.fr\/site\/webup\/2022\/09\/wallet-3200385_1280-1024x678.jpg 1024w, https:\/\/www.cmonsite.fr\/site\/webup\/2022\/09\/wallet-3200385_1280-768x508.jpg 768w\" sizes=\"(max-width: 1280px) 100vw, 1280px\" \/><\/p>\n<p>La structure \u00e9tant pr\u00eate, il est temps de mettre la cerise sur le g\u00e2teau, ou mieux, sur la page <strong>: le contenu<\/strong>. C&#8217;est le contenu qui suscitera l&#8217;int\u00e9r\u00eat de votre visiteur et le fera naviguer jusqu&#8217;\u00e0 la fin de votre page. Par cons\u00e9quent, cr\u00e9ez du contenu en fonction de l&#8217;objectif de votre page. Si l&#8217;id\u00e9e est simplement de pr\u00e9senter vos produits ou services, faites-le de mani\u00e8re didactique et engageante.<\/p>\n<p><strong>Un bon contenu<\/strong> n&#8217;attire pas seulement l&#8217;attention, mais g\u00e9n\u00e8re \u00e9galement de la cr\u00e9dibilit\u00e9 et suscite la confiance du public. Pour assurer votre succ\u00e8s sur Internet, consultez quelques conseils pour garantir un contenu de qualit\u00e9 sur votre site Web :<\/p>\n<ul>\n<li>Connaissez bien votre public pour cr\u00e9er un contenu adapt\u00e9 \u00e0 ses go\u00fbts et \u00e0 ses int\u00e9r\u00eats ;<\/li>\n<li>Organisez la production pour \u00e9tablir une norme lors de la cr\u00e9ation et du maintien de la qualit\u00e9 du contenu ;<\/li>\n<li>Offrez des informations pertinentes, correctes et actualis\u00e9es ;<\/li>\n<li>Appliquez les techniques de r\u00e9f\u00e9rencement pour optimiser vos pages ;<\/li>\n<li>Diversifiez les contenus propos\u00e9s, en cr\u00e9ant des articles, des vid\u00e9os, des infographies, des e-books, selon les pr\u00e9f\u00e9rences de votre public ;<\/li>\n<li>Recherchez de bonnes r\u00e9f\u00e9rences pour s&#8217;inspirer et disposez d&#8217;une base de qualit\u00e9 lors de la cr\u00e9ation ;<\/li>\n<li>Cr\u00e9ez un calendrier \u00e9ditorial pour lancer le contenu apr\u00e8s des dates importantes ou \u00e0 des moments pr\u00e9cis ;<\/li>\n<li>Suivez les r\u00e9sultats pour v\u00e9rifier quels sont les mat\u00e9riaux et les contenus avec lesquels le public interagit le plus, afin d&#8217;orienter vos prochaines cr\u00e9ations.<\/li>\n<\/ul>\n<p>N&#8217;oubliez pas de toujours comprendre quel sera <strong>l&#8217;objectif de votre page<\/strong>, car le contenu est directement li\u00e9 aux r\u00e9sultats que vous souhaitez obtenir.<\/p>\n<h2>Installer les plug-ins<\/h2>\n<p>Enfin, jetez un coup d&#8217;\u0153il \u00e0 votre site web et trouvez ce qui manque. Id\u00e9alement, <strong>la meilleure plateforme CMS<\/strong> offrira toutes les int\u00e9grations dont vous avez besoin. Votre activit\u00e9 est peut-\u00eatre le commerce \u00e9lectronique. Dans ce cas, il est conseill\u00e9 d&#8217;installer une extension de plug-in Shopify. Ou peut-\u00eatre voulez-vous vous assurer que votre site web est s\u00e9curis\u00e9 pour prot\u00e9ger les donn\u00e9es des clients. Dans ce cas, trouvez un plug-in qui offre une protection par pare-feu et combat les logiciels malveillants ou autres menaces.<\/p>\n<p>Quoi qu&#8217;il en soit, <strong>parcourez leur biblioth\u00e8que de plug-ins<\/strong> et choisissez-en quelques-uns qui, selon vous, am\u00e9lioreront l&#8217;efficacit\u00e9 de votre site. Lorsque vous \u00eates pr\u00eat, <strong>cliquez sur &#8220;Publier&#8221;<\/strong> et votre site est pr\u00eat \u00e0 fonctionner.<\/p>\n<p>Vous voyez que faire un site web n&#8217;est pas un secret ? M\u00eame en utilisant des outils qui ne n\u00e9cessitent pas de connaissances approfondies en programmation, vous pouvez cr\u00e9er quelque chose de professionnel. Il vous suffit de pr\u00eater attention aux d\u00e9tails que nous expliquons ici.<\/p>\n<\/div>\n","protected":false},"excerpt":{"rendered":"<p>Auparavant, lorsque vous vouliez cr\u00e9er un site web, vous devez d\u00e9terminer quel type de site vous voulez, si vous recherchiez quelque chose de plus qu&#8217;un blog, ou si vous vouliez simplement mettre en place un site web original, vous n&#8217;aviez pas d&#8217;autre choix que d&#8217;apprendre \u00e0 programmer ou de payer un sp\u00e9cialiste. Aujourd&#8217;hui, le processus [&hellip;]<\/p>\n","protected":false},"author":1,"featured_media":21554,"parent":21535,"menu_order":2,"comment_status":"closed","ping_status":"closed","template":"","meta":{"_helpful_status":1,"footnotes":""},"class_list":["post-21552","page","type-page","status-publish","has-post-thumbnail","hentry"],"_links":{"self":[{"href":"https:\/\/www.cmonsite.fr\/site\/wp-json\/wp\/v2\/pages\/21552","targetHints":{"allow":["GET"]}}],"collection":[{"href":"https:\/\/www.cmonsite.fr\/site\/wp-json\/wp\/v2\/pages"}],"about":[{"href":"https:\/\/www.cmonsite.fr\/site\/wp-json\/wp\/v2\/types\/page"}],"author":[{"embeddable":true,"href":"https:\/\/www.cmonsite.fr\/site\/wp-json\/wp\/v2\/users\/1"}],"replies":[{"embeddable":true,"href":"https:\/\/www.cmonsite.fr\/site\/wp-json\/wp\/v2\/comments?post=21552"}],"version-history":[{"count":2,"href":"https:\/\/www.cmonsite.fr\/site\/wp-json\/wp\/v2\/pages\/21552\/revisions"}],"predecessor-version":[{"id":21831,"href":"https:\/\/www.cmonsite.fr\/site\/wp-json\/wp\/v2\/pages\/21552\/revisions\/21831"}],"up":[{"embeddable":true,"href":"https:\/\/www.cmonsite.fr\/site\/wp-json\/wp\/v2\/pages\/21535"}],"wp:featuredmedia":[{"embeddable":true,"href":"https:\/\/www.cmonsite.fr\/site\/wp-json\/wp\/v2\/media\/21554"}],"wp:attachment":[{"href":"https:\/\/www.cmonsite.fr\/site\/wp-json\/wp\/v2\/media?parent=21552"}],"curies":[{"name":"wp","href":"https:\/\/api.w.org\/{rel}","templated":true}]}}