{"id":21546,"date":"2022-09-05T12:53:29","date_gmt":"2022-09-05T10:53:29","guid":{"rendered":"https:\/\/www.cmonsite.fr\/site\/?page_id=21546"},"modified":"2022-09-16T17:39:00","modified_gmt":"2022-09-16T15:39:00","slug":"site-vitrine","status":"publish","type":"page","link":"https:\/\/www.cmonsite.fr\/site\/guides\/creation-site\/type\/site-vitrine","title":{"rendered":"Comment cr\u00e9er un site vitrine ?"},"content":{"rendered":"<div class=\"more-space\"><\/div>\n<div class=\"text-content\">\n<p>Quelle que soit votre activit\u00e9, avoir un site internet pr\u00e9sentant vos services et indiquant comment vous contacter est aujourd\u2019hui indispensable. Bien que cela puisse en effrayer certains, cr\u00e9er un site internet peut \u00eatre tr\u00e8s simple, <a href=\"https:\/\/www.cmonsite.fr\/site\/guides\/creation-site\/type\">encore faut il savoir quel type de site<\/a>, avec du contenu informatif et une page de prise de contact basique. Il s\u2019agit la de <u>rendre visible et disponible \u00e0 tous<\/u>, et ainsi am\u00e9liorer votre notori\u00e9t\u00e9 \u00e0 une large communaut\u00e9.<\/p>\n<h2>Qu\u2019est-ce qu\u2019un site vitrine<\/h2>\n<p>Nous appelons site vitrine un site dont l\u2019objectif principal est d\u2019<u>informer et de donner du contenu descriptif aux visiteurs<\/u>. Un site vitrine ne n\u00e9cessite g\u00e9n\u00e9ralement aucun d\u00e9veloppement complexe car il ne comporte pas de syst\u00e8me de vente en ligne, ni d\u2019espace s\u00e9curis\u00e9 pour des membres.<br \/>\nUn site vitrine va souvent se d\u00e9couper de la mani\u00e8re suivante :<\/p>\n<ul>\n<li>Une <strong>page d\u2019accueil<\/strong> pr\u00e9sentant bri\u00e8vement votre activit\u00e9, avec un contenu multim\u00e9dia percutant qui accroche l\u2019\u0153il du visiteur<\/li>\n<li>Une <strong>page de description<\/strong> plus pr\u00e9cise, souvent appel\u00e9e \u201cQui sommes nous ?\u201d ou encore \u201cNotre histoire\u201d, qui a pour but de permettre au visiteur de faire connaissance avec vous, et par cons\u00e9quent de faire de la r\u00e9assurance<\/li>\n<li>Une page qui rentre plus en d\u00e9tails sur <strong>vos services, tarifs ou produits<\/strong>, afin de permettre au visiteur d\u2019obtenir un maximum d\u2019informations sur votre activit\u00e9<\/li>\n<li>Et enfin une <strong>page de prise de contact<\/strong>, dans laquelle vous pouvez simplement donner vos coordonn\u00e9es (adresse email, t\u00e9l\u00e9phone, adresse postale), mais aussi mettre en place un formulaire de contact leur permettant de vous \u00e9crire directement<\/li>\n<\/ul>\n<p>Il s\u2019agit bien \u00e9videmment d\u2019une trame \u00e0 titre d\u2019exemple, mais une structure aussi simple que celle-ci permet d\u00e9j\u00e0 d\u2019avoir un <u>site internet vitrine efficace et percutant<\/u>.<\/p>\n<h2>Quelles sont les \u00e9tapes pour cr\u00e9er un site vitrine ?<\/h2>\n<p>En tout premier lieu, vous allez devoir choisir le <strong>nom de domaine de votre site vitrine<\/strong>, ainsi que <strong>l\u2019h\u00e9bergeur chez lequel votre site Internet sera h\u00e9berg\u00e9<\/strong>. Ces \u00e9tapes ne vous concernent pas si vous choisissez de passer par certains cr\u00e9ateurs de sites qui vous proposeront un nom de domaine non personnalis\u00e9 gratuit, ainsi qu\u2019une solution d\u2019h\u00e9bergement tr\u00e8s basique et mutualis\u00e9e.<br \/>\nVous devrez \u00e9galement penser <strong>votre image et identit\u00e9 visuelle<\/strong> : m\u00eame si votre site vitrine est simple et \u00e9pur\u00e9, il est fondamental de <u>pr\u00e9senter un univers graphique coh\u00e9rent<\/u> \u00e0 votre marque aux visiteurs. Du choix de votre logo, jusqu\u2019au choix des typographies et couleurs utilis\u00e9es, r\u00e9fl\u00e9chissez bien en amont aux valeurs et \u00e9motions que vous souhaitez laisser para\u00eetre par votre site. Une bonne astuce lorsque l\u2019on d\u00e9marre, est d&#8217;aller faire un tour sur les sites Internet de vos concurrents, afin d\u2019\u00e9tablir si des codes visuels sont d\u00e9j\u00e0 existants, et dans quelle mesure vous vous y retrouvez, et souhaitez les m\u00ealer \u00e0 votre marque.<br \/>\nUne fois ces \u00e9l\u00e9ments m\u00fbrement r\u00e9fl\u00e9chis, il ne vous reste plus qu\u2019\u00e0 r\u00e9fl\u00e9chir \u00e0 la plateforme et aux outils de cr\u00e9ation de votre site.<\/p>\n<h2>Quels outils choisir pour cr\u00e9er un site vitrine ?<\/h2>\n<p><img fetchpriority=\"high\" decoding=\"async\" class=\"alignnone size-full wp-image-21547\" src=\"https:\/\/www.cmonsite.fr\/site\/webup\/2022\/09\/laptop-2557586_1280.jpg\" alt=\"\" width=\"1280\" height=\"853\" srcset=\"https:\/\/www.cmonsite.fr\/site\/webup\/2022\/09\/laptop-2557586_1280.jpg 1280w, https:\/\/www.cmonsite.fr\/site\/webup\/2022\/09\/laptop-2557586_1280-300x200.jpg 300w, https:\/\/www.cmonsite.fr\/site\/webup\/2022\/09\/laptop-2557586_1280-1024x682.jpg 1024w, https:\/\/www.cmonsite.fr\/site\/webup\/2022\/09\/laptop-2557586_1280-768x512.jpg 768w\" sizes=\"(max-width: 1280px) 100vw, 1280px\" \/><\/p>\n<p>Il existe d\u00e9sormais de tr\u00e8s <u>nombreuses solutions accessibles et peu co\u00fbteuses<\/u> pour vous permettre de r\u00e9aliser un site vitrine \u00e0 moindres frais.<\/p>\n<ul>\n<li>Les <strong>CMS (Content Management System)<\/strong> permettent de facilement cr\u00e9er un site Internet, sans r\u00e9elles connaissances de d\u00e9veloppeur web, et fonctionnent de mani\u00e8re Open Source (et donc gratuite). \u00c0 noter que bien que ces plateformes soient gratuites, le contenu de qualit\u00e9 dont vous pourriez avoir besoin (templates de site internet tout fait ou autres widgets sp\u00e9cifiques) sont souvent payants, mais \u00e0 des prix tout \u00e0 fait accessibles. La solution la plus utilis\u00e9e est WordPress, qui r\u00e9pond \u00e0 tous les besoins tr\u00e8s facilement, offre une multitudes de possibilit\u00e9s, \u00e0 des prix difficilement battables.<\/li>\n<li>Les sites Internet propos\u00e9s par <strong>Google Business<\/strong> : si vous avez une activit\u00e9 dont le si\u00e8ge ou les prestations sont localis\u00e9es sur Google, vous pouvez facilement relier votre site Internet \u00e0 votre fiche d\u2019\u00e9tablissement Google. Cela est d\u2019une facilit\u00e9 d\u00e9concertante, optimis\u00e9 pour le r\u00e9f\u00e9rencement Google, mais vous aurez peu de place \u00e0 la cr\u00e9ativit\u00e9 car les templates sont restrictifs<\/li>\n<li>Faire appel \u00e0 un <strong>d\u00e9veloppeur web<\/strong> : cette option peut \u00eatre int\u00e9ressante si vous avez des besoins tr\u00e8s sp\u00e9cifiques, avec un site ultra personnalis\u00e9, ou encore que vous avez besoin d\u2019\u00eatre accompagn\u00e9 par un professionnel sur toute la phase de cr\u00e9ation, et ne pas du tout vous en occuper. De nombreux d\u00e9veloppeurs proposent des prestations de site vitrine simples \u00e0 des tarifs attractifs.<\/li>\n<\/ul>\n<p>Cr\u00e9er un site vitrine est donc tout \u00e0 fait accessible, et n\u2019est pas r\u00e9serv\u00e9 aux soci\u00e9t\u00e9s qui ont les moyens de payer cher un d\u00e9veloppeur. Aujourd\u2019hui, absolument chaque entrepreneur, ou petite soci\u00e9t\u00e9, ou m\u00eame particulier peut cr\u00e9er un site vitrine sur la th\u00e9matique de son choix, en s\u2019impliquant de plus ou moins pr\u00e8s dans la partie technique de son site.<\/p>\n<h2>Quel contenu mettre dans son site vitrine ?<\/h2>\n<p>Comme \u00e9voqu\u00e9 pr\u00e9c\u00e9demment, votre site vitrine a pour but d\u2019informer et de d\u00e9crire votre activit\u00e9, le tout en quelques pages de contenu nomm\u00e9es de mani\u00e8re simple et lisible pour le visiteur. Ce <strong>contenu est souvent statique<\/strong>, c\u2019est-\u00e0-dire qu\u2019il n\u2019aura pas pour vocation d\u2019\u00eatre fr\u00e9quemment mis \u00e0 jour.<br \/>\nSi vous en avez la possibilit\u00e9, vous pouvez y ins\u00e9rer une rubrique \u201cActualit\u00e9s\u201d par exemple, dans laquelle vous pourrez <u>publier r\u00e9guli\u00e8rement des nouveaut\u00e9s<\/u> sur la vie et les produits de votre entreprise par exemple. Relier son site Internet aux r\u00e9seaux sociaux est \u00e9galement une tr\u00e8s bonne pratique pour <u>dynamiser le contenu automatiquement<\/u>.<\/p>\n<h2>Comment optimiser mon site vitrine ?<\/h2>\n<p><img decoding=\"async\" class=\"alignnone size-full wp-image-21549\" src=\"https:\/\/www.cmonsite.fr\/site\/webup\/2022\/09\/marketing-3724797_1280.jpg\" alt=\"\" width=\"1280\" height=\"853\" srcset=\"https:\/\/www.cmonsite.fr\/site\/webup\/2022\/09\/marketing-3724797_1280.jpg 1280w, https:\/\/www.cmonsite.fr\/site\/webup\/2022\/09\/marketing-3724797_1280-300x200.jpg 300w, https:\/\/www.cmonsite.fr\/site\/webup\/2022\/09\/marketing-3724797_1280-1024x682.jpg 1024w, https:\/\/www.cmonsite.fr\/site\/webup\/2022\/09\/marketing-3724797_1280-768x512.jpg 768w\" sizes=\"(max-width: 1280px) 100vw, 1280px\" \/><\/p>\n<p>Un site Internet vitrine est certes simple de par son volume de contenu, mais ne doit pas pour autant n\u00e9gliger les <u>r\u00e8gles d&#8217;optimisation<\/u>, bien au contraire. De nombreuses bonnes pratiques existent, et permettent de s\u2019assurer d\u2019avoir un site clair et optimis\u00e9, propice \u00e0 la conversion de vos visiteurs en potentiels prospects ou clients, et mettant toutes les chances de son c\u00f4t\u00e9 pour \u00eatre mieux r\u00e9f\u00e9renc\u00e9 dans les moteurs de recherche. Parmi les r\u00e8gles principales \u00e0 respecter nous avons :<\/p>\n<ul>\n<li>Vous assurez que votre site est <strong>compatible pour le mobile et les tablettes<\/strong>. Un site Responsive est un pr\u00e9requis, de par les usages de plus en plus mobiles des visiteurs, mais aussi car Google en a fait une r\u00e8gle d\u2019or dans ses crit\u00e8res de r\u00e9f\u00e9rencement.<\/li>\n<li>Avoir un Menu simple et une <strong>bonne ergonomie<\/strong>, permettant aux visiteurs de facilement naviguer et trouver ce qu\u2019ils cherchent.<\/li>\n<li>S\u2019assurer que le chargement des pages est rapide, en \u00e9vitant la surcharge avec du contenu multim\u00e9dia lourd et non optimis\u00e9. De nombreux outils permettent d\u2019<strong>optimiser le temps de chargement<\/strong> des pages sur les diff\u00e9rents CMS.<\/li>\n<li>Si vous souhaitez inciter les visiteurs \u00e0 vous contacter, assurez-vous que la <strong>page de contact est optimis\u00e9e<\/strong>, et facile d\u2019acc\u00e8s (depuis plusieurs endroits de votre site par exemple).<\/li>\n<\/ul>\n<p>Un site Internet vitrine est donc aujourd\u2019hui <u>tr\u00e8s facile \u00e0 mettre en place<\/u>, et accessible \u00e0 absolument tout le monde. En fonction de votre envie et de votre niveau d\u2019investissement, vous pouvez sans difficult\u00e9 le <u>cr\u00e9er vous-m\u00eame<\/u>, ou <u>vous faire accompagner par un professionnel<\/u>, sans pour autant engager des budgets trop \u00e9lev\u00e9s. Bien r\u00e9fl\u00e9chir \u00e0 ce que l\u2019on souhaite mettre en avant, et dans quel objectif est primordial : ce sont ces questions qui vous permettront de <u>trouver la bonne arborescence<\/u> pour votre site. Un petit tour d\u2019horizon de l\u2019existant aide souvent \u00e0 trouver la meilleure approche possible, tant dans la structure que dans l\u2019univers graphique de votre site vitrine. Enfin, quelques r\u00e8gles d\u2019or doivent \u00eatre id\u00e9alement respect\u00e9es afin d\u2019optimiser les chances de votre site vitrine d\u2019\u00eatre <u>correctement r\u00e9f\u00e9renc\u00e9 sur les moteurs de recherche<\/u>.<\/p>\n<\/div>\n","protected":false},"excerpt":{"rendered":"<p>Quelle que soit votre activit\u00e9, avoir un site internet pr\u00e9sentant vos services et indiquant comment vous contacter est aujourd\u2019hui indispensable. Bien que cela puisse en effrayer certains, cr\u00e9er un site internet peut \u00eatre tr\u00e8s simple, encore faut il savoir quel type de site, avec du contenu informatif et une page de prise de contact basique. [&hellip;]<\/p>\n","protected":false},"author":1,"featured_media":21548,"parent":21535,"menu_order":1,"comment_status":"closed","ping_status":"closed","template":"","meta":{"_helpful_status":1,"footnotes":""},"class_list":["post-21546","page","type-page","status-publish","has-post-thumbnail","hentry"],"_links":{"self":[{"href":"https:\/\/www.cmonsite.fr\/site\/wp-json\/wp\/v2\/pages\/21546","targetHints":{"allow":["GET"]}}],"collection":[{"href":"https:\/\/www.cmonsite.fr\/site\/wp-json\/wp\/v2\/pages"}],"about":[{"href":"https:\/\/www.cmonsite.fr\/site\/wp-json\/wp\/v2\/types\/page"}],"author":[{"embeddable":true,"href":"https:\/\/www.cmonsite.fr\/site\/wp-json\/wp\/v2\/users\/1"}],"replies":[{"embeddable":true,"href":"https:\/\/www.cmonsite.fr\/site\/wp-json\/wp\/v2\/comments?post=21546"}],"version-history":[{"count":4,"href":"https:\/\/www.cmonsite.fr\/site\/wp-json\/wp\/v2\/pages\/21546\/revisions"}],"predecessor-version":[{"id":21829,"href":"https:\/\/www.cmonsite.fr\/site\/wp-json\/wp\/v2\/pages\/21546\/revisions\/21829"}],"up":[{"embeddable":true,"href":"https:\/\/www.cmonsite.fr\/site\/wp-json\/wp\/v2\/pages\/21535"}],"wp:featuredmedia":[{"embeddable":true,"href":"https:\/\/www.cmonsite.fr\/site\/wp-json\/wp\/v2\/media\/21548"}],"wp:attachment":[{"href":"https:\/\/www.cmonsite.fr\/site\/wp-json\/wp\/v2\/media?parent=21546"}],"curies":[{"name":"wp","href":"https:\/\/api.w.org\/{rel}","templated":true}]}}