{"id":21541,"date":"2022-09-05T12:51:49","date_gmt":"2022-09-05T10:51:49","guid":{"rendered":"https:\/\/www.cmonsite.fr\/site\/?page_id=21541"},"modified":"2022-09-12T14:14:39","modified_gmt":"2022-09-12T12:14:39","slug":"eommerce","status":"publish","type":"page","link":"https:\/\/www.cmonsite.fr\/site\/guides\/creation-site\/type\/eommerce","title":{"rendered":"Comment cr\u00e9er un site Ecommerce de vente en ligne ?"},"content":{"rendered":"<div class=\"more-space\">Vous avez d\u00e9j\u00e0 votre projet en t\u00eate, vous savez d\u00e9j\u00e0 ce que vous allez vendre, mais vous vous posez la question de savoir <strong>comment cr\u00e9er un site web<\/strong>. Voici comment s&#8217;y prendre <a href=\"https:\/\/www.cmonsite.fr\/site\/guides\/creation-site\/type\">et quel type de site creer<\/a>.<\/div>\n<div class=\"text-content\">\n<p>Le d\u00e9veloppement du <strong>commerce \u00e9lectronique<\/strong> ces derni\u00e8res ann\u00e9es a montr\u00e9 que la technologie nous a rattrap\u00e9s et qu&#8217;elle est l\u00e0 pour rester. Des centaines d&#8217;entreprises profitent d\u00e9j\u00e0 des avantages du commerce \u00e9lectronique et touchent leurs clients d&#8217;une mani\u00e8re beaucoup plus innovante qu&#8217;auparavant. Cependant, des milliers d&#8217;entreprises n&#8217;ont pas encore op\u00e9r\u00e9 cette transition.<\/p>\n<p><u>Comment cr\u00e9er un site web pour les entreprises de commerce \u00e9lectronique<\/u> peut sembler quelque chose d&#8217;extr\u00eamement compliqu\u00e9. Et bien que ce soit le cas, on va essayer ici de simplifier au maximum ce processus afin que vous ayez votre site de commerce \u00e9lectronique en un rien de temps.<\/p>\n<p>Comment cr\u00e9er un site web pour les entreprises de commerce \u00e9lectronique ?<\/p>\n<h2>Obtenez le nom de domaine de votre site web<\/h2>\n<p>La premi\u00e8re \u00e9tape est l&#8217;une des plus compliqu\u00e9es, non pas tant en raison de ses aspects techniques que du processus cr\u00e9atif qu&#8217;elle implique. Le <strong>nom de domaine<\/strong> fait r\u00e9f\u00e9rence \u00e0 ce que vous entrez dans la barre de recherche de votre navigateur, et doit \u00eatre aussi court, facile \u00e0 prononcer et \u00e0 retenir, ainsi que m\u00e9morable pour vos visiteurs. Vous pouvez essayer diff\u00e9rentes terminaisons de domaine telles que <strong>.com ou .shop<\/strong> pour trouver celle qui convient parfaitement \u00e0 votre site.<\/p>\n<h2>Choisissez le meilleur h\u00e9bergement pour votre entreprise<\/h2>\n<p><img fetchpriority=\"high\" decoding=\"async\" class=\"alignnone size-full wp-image-21543\" src=\"https:\/\/www.cmonsite.fr\/site\/webup\/2022\/09\/computer-2563737_1280.jpg\" alt=\"\" width=\"1280\" height=\"853\" srcset=\"https:\/\/www.cmonsite.fr\/site\/webup\/2022\/09\/computer-2563737_1280.jpg 1280w, https:\/\/www.cmonsite.fr\/site\/webup\/2022\/09\/computer-2563737_1280-300x200.jpg 300w, https:\/\/www.cmonsite.fr\/site\/webup\/2022\/09\/computer-2563737_1280-1024x682.jpg 1024w, https:\/\/www.cmonsite.fr\/site\/webup\/2022\/09\/computer-2563737_1280-768x512.jpg 768w\" sizes=\"(max-width: 1280px) 100vw, 1280px\" \/><\/p>\n<p>Un <strong>site E-commerce de vente en ligne<\/strong> requiert des points de s\u00e9curit\u00e9 et de performance dont la grande majorit\u00e9 des sites web n&#8217;ont pas besoin. Le serveur est l&#8217;un de ces points critiques, car vous ne pouvez pas vous permettre de voir votre site mis hors service par un autre site ou d&#8217;avoir un probl\u00e8me de s\u00e9curit\u00e9 d\u00fb \u00e0 l&#8217;impertinence de quelqu&#8217;un d&#8217;autre. En raison des deux points mentionn\u00e9s ci-dessus, l&#8217;h\u00e9bergement mutualis\u00e9 ne sera jamais une bonne option. Il est donc pr\u00e9f\u00e9rable d&#8217;opter pour un <strong>serveur priv\u00e9 virtuel<\/strong> (VPS) ou un <strong>serveur d\u00e9di\u00e9<\/strong>. Ici, vous aurez beaucoup plus de pouvoir, de flexibilit\u00e9, de s\u00e9curit\u00e9 et la garantie que votre site est toujours op\u00e9rationnel.<\/p>\n<h2>Cr\u00e9ez ou achetez un site web avec un panier d&#8217;achat<\/h2>\n<p>La <strong>conception de votre site web<\/strong> est la prochaine \u00e9tape importante, et elle doit \u00eatre infaillible. Cependant, si vous ne disposez pas de quelques mois de r\u00e9serve pour les phases de conception, de programmation et de test, vous devez vous appuyer sur des <strong>plates-formes de commerce \u00e9lectronique<\/strong>. Ces derni\u00e8res doivent \u00eatre \u00e9prouv\u00e9es et garanties. Elles ont des ann\u00e9es d&#8217;exp\u00e9rience et un soutien constant pour la conception que vous achetez. Vous pouvez donc \u00eatre s\u00fbr que votre site sera constamment mis \u00e0 jour avec des <u>am\u00e9liorations continues<\/u>. Actuellement, sur le march\u00e9, il existe de nombreuses options parmi lesquelles se distingue : CmonSite, avec lequel vous pourriez commencer. N&#8217;oubliez pas de toujours demander \u00e0 votre h\u00e9bergeur s&#8217;il offre une assistance pour l&#8217;option que vous choisissez, afin d&#8217;\u00e9viter un paiement inutile.<\/p>\n<h2>Obtenez une passerelle de paiement<\/h2>\n<p>Si vous d\u00e9cidez de concevoir vous-m\u00eame votre site, un d\u00e9tail important \u00e0 prendre en compte dans le processus de cr\u00e9ation est l&#8217;int\u00e9gration d&#8217;une <strong>plateforme de passerelle de paiement<\/strong>. Cela permet la communication entre votre entreprise et les diff\u00e9rentes banques et passerelles de paiement et constitue la cl\u00e9 du succ\u00e8s du site.<\/p>\n<p>Vous devez porter une attention particuli\u00e8re \u00e0 ce point. Cela est d\u00fb au fait qu&#8217;un grand nombre d&#8217;utilisateurs recherchent <u>une grande vari\u00e9t\u00e9 de m\u00e9thodes de paiement<\/u> afin de pouvoir acheter plus facilement.<\/p>\n<p>Aujourd&#8217;hui, vous pouvez trouver de nombreuses fa\u00e7ons d&#8217;ajouter diff\u00e9rents modes de paiement \u00e0 <strong>votre boutique en ligne<\/strong>. Par exemple, vous pouvez ajouter :<\/p>\n<ul>\n<li>Un bouton PayPal qui simplifiera l&#8217;ensemble du processus de paiement ;<\/li>\n<li>Des virements pour certaines banques ;<\/li>\n<li>Ou des paiements directs par carte.<\/li>\n<\/ul>\n<h2>Cr\u00e9er un blog et des profils sociaux<\/h2>\n<p>Il est important de commencer \u00e0 <strong>attirer du trafic vers votre boutique en ligne<\/strong> d\u00e8s le moment o\u00f9 vous la lancez. La cr\u00e9ation d&#8217;un blog qui parle du secteur contribuera \u00e0 cr\u00e9er une communaut\u00e9 autour de votre activit\u00e9. Il vous aidera \u00e9galement \u00e0 promouvoir les produits et \u00e0 fid\u00e9liser les utilisateurs. Il est \u00e9vident qu&#8217;un bon blog ne sert \u00e0 rien si vous ne travaillez pas \u00e0 la <strong>diffusion du contenu sur les m\u00e9dias sociaux<\/strong>. Gardez \u00e0 l&#8217;esprit que votre objectif principal est de vendre, et que la seule vitrine disponible est le web.<\/p>\n<p>Chez CmonSite, vous pouvez faire appel \u00e0 nos experts pour vous aider \u00e0 <u>r\u00e9diger du contenu pour votre entreprise ou votre start-up<\/u>. Vous pouvez \u00e9galement trouver ici les mouvements de base de la strat\u00e9gie de contenu, qui vous seront tr\u00e8s utiles.<\/p>\n<h2>Prot\u00e9gez vos donn\u00e9es et celles de vos clients<\/h2>\n<p><img decoding=\"async\" class=\"alignnone size-full wp-image-21544\" src=\"https:\/\/www.cmonsite.fr\/site\/webup\/2022\/09\/desk-601540_1280.jpg\" alt=\"\" width=\"1280\" height=\"915\" srcset=\"https:\/\/www.cmonsite.fr\/site\/webup\/2022\/09\/desk-601540_1280.jpg 1280w, https:\/\/www.cmonsite.fr\/site\/webup\/2022\/09\/desk-601540_1280-300x214.jpg 300w, https:\/\/www.cmonsite.fr\/site\/webup\/2022\/09\/desk-601540_1280-1024x732.jpg 1024w, https:\/\/www.cmonsite.fr\/site\/webup\/2022\/09\/desk-601540_1280-768x549.jpg 768w\" sizes=\"(max-width: 1280px) 100vw, 1280px\" \/><\/p>\n<p>Toutes les informations sensibles, quelles qu&#8217;elles soient (adresse, noms, num\u00e9ros de carte de cr\u00e9dit, etc.), doivent \u00eatre prot\u00e9g\u00e9es. C&#8217;est l\u00e0 qu&#8217;intervient le <strong>certificat de s\u00e9curit\u00e9 SSL<\/strong> (\u00e9galement connu sous le nom de <u>certificat https<\/u>). Il vous permettra de <u>masquer les donn\u00e9es de vos clients<\/u> lorsqu&#8217;elles transitent sur votre site, les prot\u00e9geant ainsi contre l&#8217;usurpation d&#8217;identit\u00e9 ou les attaques de phishing.<\/p>\n<p>Enfin, il existe une couche suppl\u00e9mentaire de s\u00e9curit\u00e9 qui est extr\u00eamement importante : <strong>un pare-feu<\/strong>. Ce type de technologie permet d&#8217;\u00e9viter pratiquement tout type d&#8217;attaque ext\u00e9rieure susceptible de compromettre <u>la s\u00e9curit\u00e9 de votre site ou de vos visiteurs<\/u>. Gardez \u00e0 l&#8217;esprit que ces types de solutions sont quelque peu co\u00fbteux et sont li\u00e9s \u00e0 un contrat annuel, donc soyez pr\u00eat \u00e0 couvrir ce co\u00fbt suppl\u00e9mentaire.<\/p>\n<h2>Conseils pour avoir la meilleure boutique de commerce \u00e9lectronique<\/h2>\n<ul>\n<li>Personnalisez-l\u00e0 : si vous voulez <u>avoir une boutique en ligne qui fonctionne vraiment<\/u>, la personnaliser est essentiel. Ajoutez toujours votre logo personnalis\u00e9, car il servira \u00e0 vous identifier du reste des boutiques. Vous pouvez \u00e9galement placer un mod\u00e8le qui correspond au style de votre entreprise ;<\/li>\n<li>Cr\u00e9ez un plan pour rediriger le trafic : si aucun utilisateur ne vient sur votre site web, comment comptez-vous vendre ? C&#8217;est pourquoi vous devez cr\u00e9er un plan qui vous permette d&#8217;attirer du trafic web potentiel sur votre site. Pour ce faire, vous pouvez utiliser les <strong>techniques de r\u00e9f\u00e9rencement<\/strong> ou les m\u00e9dias sociaux ;<\/li>\n<li>Du travail, du travail et encore du travail : la patience est, sans aucun doute, l&#8217;une des vertus que vous devez avoir dans ce m\u00e9tier. Pour que votre <strong>site de commerce \u00e9lectronique<\/strong> fonctionne, vous devez travailler dur et \u00eatre pers\u00e9v\u00e9rant. Restez calme, le temps et l&#8217;effort d\u00e9termineront vos r\u00e9sultats.<\/li>\n<\/ul>\n<p>Bien que de nombreuses personnes aient tendance \u00e0 consid\u00e9rer ce <u>processus de cr\u00e9ation<\/u> avec une certaine distance, la r\u00e9alit\u00e9 est qu&#8217;il s&#8217;agit d&#8217;un grand d\u00e9fi, mais pas d&#8217;un d\u00e9fi impossible. La meilleure solution consiste \u00e0 demander \u00e0 une <strong>agence num\u00e9rique<\/strong> ou \u00e0 un professionnel de vous guider \u00e0 travers les diff\u00e9rentes \u00e9tapes, de sorte que vous ayez l&#8217;esprit beaucoup plus tranquille quant aux choses dans lesquelles vous investissez.<\/p>\n<p>Prenez cet article comme un petit guide de r\u00e9f\u00e9rence, et commencez votre processus de recherche \u00e0 partir de l\u00e0. Cela peut prendre un peu de temps. Toutefois, ce type de d\u00e9marche aboutit g\u00e9n\u00e9ralement et est r\u00e9compens\u00e9 par une excellente plateforme qui peut faire progresser votre activit\u00e9 num\u00e9rique.<\/p>\n<\/div>\n","protected":false},"excerpt":{"rendered":"<p>Vous avez d\u00e9j\u00e0 votre projet en t\u00eate, vous savez d\u00e9j\u00e0 ce que vous allez vendre, mais vous vous posez la question de savoir comment cr\u00e9er un site web. Voici comment s&#8217;y prendre et quel type de site creer. Le d\u00e9veloppement du commerce \u00e9lectronique ces derni\u00e8res ann\u00e9es a montr\u00e9 que la technologie nous a rattrap\u00e9s et [&hellip;]<\/p>\n","protected":false},"author":1,"featured_media":21542,"parent":21535,"menu_order":0,"comment_status":"closed","ping_status":"closed","template":"","meta":{"_helpful_status":1,"footnotes":""},"class_list":["post-21541","page","type-page","status-publish","has-post-thumbnail","hentry"],"_links":{"self":[{"href":"https:\/\/www.cmonsite.fr\/site\/wp-json\/wp\/v2\/pages\/21541","targetHints":{"allow":["GET"]}}],"collection":[{"href":"https:\/\/www.cmonsite.fr\/site\/wp-json\/wp\/v2\/pages"}],"about":[{"href":"https:\/\/www.cmonsite.fr\/site\/wp-json\/wp\/v2\/types\/page"}],"author":[{"embeddable":true,"href":"https:\/\/www.cmonsite.fr\/site\/wp-json\/wp\/v2\/users\/1"}],"replies":[{"embeddable":true,"href":"https:\/\/www.cmonsite.fr\/site\/wp-json\/wp\/v2\/comments?post=21541"}],"version-history":[{"count":1,"href":"https:\/\/www.cmonsite.fr\/site\/wp-json\/wp\/v2\/pages\/21541\/revisions"}],"predecessor-version":[{"id":21545,"href":"https:\/\/www.cmonsite.fr\/site\/wp-json\/wp\/v2\/pages\/21541\/revisions\/21545"}],"up":[{"embeddable":true,"href":"https:\/\/www.cmonsite.fr\/site\/wp-json\/wp\/v2\/pages\/21535"}],"wp:featuredmedia":[{"embeddable":true,"href":"https:\/\/www.cmonsite.fr\/site\/wp-json\/wp\/v2\/media\/21542"}],"wp:attachment":[{"href":"https:\/\/www.cmonsite.fr\/site\/wp-json\/wp\/v2\/media?parent=21541"}],"curies":[{"name":"wp","href":"https:\/\/api.w.org\/{rel}","templated":true}]}}