{"id":21535,"date":"2022-09-05T12:49:08","date_gmt":"2022-09-05T10:49:08","guid":{"rendered":"https:\/\/www.cmonsite.fr\/site\/?page_id=21535"},"modified":"2022-09-16T17:42:41","modified_gmt":"2022-09-16T15:42:41","slug":"type","status":"publish","type":"page","link":"https:\/\/www.cmonsite.fr\/site\/guides\/creation-site\/type","title":{"rendered":"Quel type de site internet peut on cr\u00e9er ?"},"content":{"rendered":"<h2>Comment cr\u00e9er un site Ecommerce de vente en ligne ?<\/h2>\n<p><a href=\"https:\/\/www.cmonsite.fr\/site\/guides\/creation-site\/type\/eommerce\">Comment cr\u00e9er un site Ecommerce de vente en ligne ?<\/a> Plusieurs options s\u2019offrent \u00e0 vous si vous souhaitez cr\u00e9er un site Ecommerce de vente en ligne.<\/p>\n<ul>\n<li>Si vous poss\u00e9dez des comp\u00e9tences techniques suffisantes, vous pouvez optez pour un outil gratuit et personnalisable.<\/li>\n<li>Cependant, la solution la moins co\u00fbteuse en temps et en argent reste d\u2019utiliser une plateforme e-commerce cl\u00e9 en main. On trouve des offres \u00e0 partir de 20 euros par mois, m\u00eame si des commissions sur les transactions sont appliqu\u00e9es, de l\u2019ordre de 2 %.<\/li>\n<li>Enfin, si vous souhaitez un contenu r\u00e9ellement qualitatif et ne pas mettre vos mains dans le cambouis, faites appel \u00e0 un prestataire qui g\u00e8rera de A \u00e0 Z <a href=\"https:\/\/www.cmonsite.fr\/site\/guides\/creation-site\">la cr\u00e9ation de votre site Ecommerce<\/a>. Cette fois, comptez plusieurs milliers d\u2019euros, voire dizaines de milliers pour un site particuli\u00e8rement complexe.<\/li>\n<\/ul>\n<h2>Comment cr\u00e9er un site vitrine ?<\/h2>\n<p><a href=\"https:\/\/www.cmonsite.fr\/site\/guides\/creation-site\/type\/site-vitrine\">Comment cr\u00e9er un site vitrine ?<\/a> Un site vitrine permet de pr\u00e9senter une marque, une entreprise ou une activit\u00e9, sans g\u00e9n\u00e9rer de vente directe. Cette solution accessible 24h\/24 , 7j\/7 et partout dans le monde permet de <b>renforcer votre image de marque<\/b> en ligne et de valoriser votre expertise et votre savoir-faire.<\/p>\n<p>Afin de cr\u00e9er un site vitrine, il vous faut d\u2019abord cadrer certains points. En premier lieu, votre objectif, le premier pas vers un cahier des charges complet. Choisissez un nom de domaine, puis un h\u00e9bergeur web. S\u00e9lectionnez de pr\u00e9f\u00e9rence une entreprise r\u00e9put\u00e9e afin d\u2019\u00eatre s\u00fbr que votre contenu restera toujours accessible en ligne.<\/p>\n<p>Pour finir, s\u00e9lectionnez la plateforme d\u2019administration par laquelle vous allez passer. Les offres ne manquent pas : Cmonsite, WordPress, Wix, 123site, Joomla, etc. Puis, selon les capacit\u00e9s de cette plateforme, vous pourrez d\u00e9terminer le style et la charte graphique de votre site vitrine.<\/p>\n<h2>Comment cr\u00e9er un site internet gratuit ?<\/h2>\n<p><img fetchpriority=\"high\" decoding=\"async\" class=\"alignnone size-full wp-image-21536\" src=\"https:\/\/www.cmonsite.fr\/site\/webup\/2022\/09\/business-925900_1280.jpg\" alt=\"\" width=\"1280\" height=\"853\" srcset=\"https:\/\/www.cmonsite.fr\/site\/webup\/2022\/09\/business-925900_1280.jpg 1280w, https:\/\/www.cmonsite.fr\/site\/webup\/2022\/09\/business-925900_1280-300x200.jpg 300w, https:\/\/www.cmonsite.fr\/site\/webup\/2022\/09\/business-925900_1280-1024x682.jpg 1024w, https:\/\/www.cmonsite.fr\/site\/webup\/2022\/09\/business-925900_1280-768x512.jpg 768w\" sizes=\"(max-width: 1280px) 100vw, 1280px\" \/><\/p>\n<p><a href=\"https:\/\/www.cmonsite.fr\/site\/guides\/creation-site\/type\/gratuit\">Comment cr\u00e9er un site internet gratuit ?<\/a> Vous souhaitez <b>renforcer votre visibilit\u00e9 en ligne<\/b>, mais vous n\u2019avez pas la moindre id\u00e9e de comment cr\u00e9er un site Internet ? Et surtout, vous ne souhaitez pas d\u00e9penser un rond ? Alors, suivez le guide ! Des plateformes vous permettent de cr\u00e9er le site de vos r\u00eaves en moins d\u2019une heure. Elles ne n\u00e9cessitent aucune connaissance pr\u00e9alable en web design et en d\u00e9veloppement.<\/p>\n<p>L\u2019une des plateformes gratuites de cr\u00e9ation de site web les plus connues s\u2019appelle Cmonsite. L\u2019application est tr\u00e8s simple \u00e0 utiliser et offre des fonctionnalit\u00e9s gratuites plus que satisfaisantes. Wix est aussi tr\u00e8s connu et propose 500 Mo d\u2019espace de stockage. Jimdo, contrairement \u00e0 Wix, permet de mettre en ligne une boutique sans frais. Zyro est aussi de tr\u00e8s bonne facture et dispose d\u2019un service client tr\u00e8s r\u00e9actif.<\/p>\n<h2>Comment cr\u00e9er un site qui rapporte de l\u2019argent ?<\/h2>\n<p><a href=\"https:\/\/www.cmonsite.fr\/site\/guides\/creation-site\/type\/argent\">Comment cr\u00e9er un site qui rapporte de l\u2019argent ?<\/a> La premi\u00e8re \u00e9tape reste de <b>d\u00e9finir votre mod\u00e8le d\u2019affaires<\/b>. En effet, il existe bien des mani\u00e8res de gagner de l\u2019argent avec un site web : affiliation, e-commerce, dropshipping, publicit\u00e9s, etc. Ensuite, il vous faut cr\u00e9er un site Internet. Trouvez et r\u00e9servez un nom de domaine, puis construisez votre contenu.<\/p>\n<p>Le succ\u00e8s de toutes les strat\u00e9gies \u00e9num\u00e9r\u00e9es ci-dessus d\u00e9pend du <b>trafic de votre site Internet<\/b>, li\u00e9 \u00e0 votre place dans la page de recherches Google. Deux m\u00e9thodes permettent d\u2019am\u00e9liorer cette derni\u00e8re :<\/p>\n<ul>\n<li>Le r\u00e9f\u00e9rencement naturel SEO. Il consiste notamment \u00e0 ins\u00e9rer des mots-cl\u00e9s pertinents et des liens internes et externes dans votre contenu.<\/li>\n<li>Le r\u00e9f\u00e9rencement payant SEA. Il consiste \u00e0 diffuser des annonces cibl\u00e9es, en g\u00e9n\u00e9ral au-dessus et sur les c\u00f4t\u00e9s des pages de r\u00e9sultats Google.<\/li>\n<\/ul>\n<h2>Comment cr\u00e9er un site internet pour une entreprise ?<\/h2>\n<p><a href=\"https:\/\/www.cmonsite.fr\/site\/guides\/creation-site\/type\/entreprise\">Comment cr\u00e9er un site internet pour une entreprise ?<\/a> Il est indispensable pour une entreprise de disposer de son propre site internet afin de promouvoir son offre et de <b>se d\u00e9marquer de la concurrence<\/b>.<\/p>\n<p>Pour commencer, vous devez cibler vos besoins en analysant votre secteur d\u2019activit\u00e9. D\u00e9terminez votre avantage concurrentiel, afin de sp\u00e9cifier vos objectifs et votre strat\u00e9gie SEO. Puis, choisissez une plateforme adapt\u00e9e pour la cr\u00e9ation de site web. De nombreuses interfaces coexistent sur Internet, qui poss\u00e8dent toutes leurs avantages et leurs inconv\u00e9nients.<\/p>\n<p>Il est ensuite temps de b\u00e2tir votre futur site web, qui doit disposer d\u2019une charte graphique en harmonie avec votre identit\u00e9 visuelle. R\u00e9digez ou faites r\u00e9diger des fiches produits et\/ou des contenus optimis\u00e9s pour le r\u00e9f\u00e9rencement naturel. Ensuite, faites la promotion de votre site web avant d\u2019analyser les r\u00e9sultats de votre strat\u00e9gie.<\/p>\n<h2>Comment cr\u00e9er un site internet professionnel ?<\/h2>\n<p><a href=\"https:\/\/www.cmonsite.fr\/site\/guides\/creation-site\/type\/professionnel\">Comment cr\u00e9er un site internet professionnel ?<\/a> Pour commencer, vous devez choisir correctement votre <b>nom de domaine<\/b>, c\u2019est-\u00e0-dire l\u2019adresse de votre site sur Internet. Nous vous conseillons de tenir un blog afin de cr\u00e9er et d\u2019entretenir une relation de confiance avec les internautes. Une fois que votre cr\u00e9dibilit\u00e9 dans votre domaine d\u2019expertise sera \u00e9tablie, vous pourrez commencer \u00e0 la mon\u00e9tiser. Proposez donc un contenu de qualit\u00e9, unique et original.<\/p>\n<p>Votre site Internet doit \u00eatre <b>adaptable sur tous les supports mobiles<\/b> : tablettes, smartphones et bien s\u00fbr ordinateurs. Vous devez aussi r\u00e9duire le temps de chargement sur votre site, essentiel dans un monde o\u00f9 tout va tr\u00e8s vite. Trois astuces pour cela : compressez les images de votre site web, utilisez la mise en cache du navigateur et activez la compression.<\/p>\n<h2>Comment cr\u00e9er un blog ?<\/h2>\n<p><a href=\"https:\/\/www.cmonsite.fr\/site\/guides\/creation-site\/type\/blog\">Comment cr\u00e9er un blog ?<\/a> Un blog est un espace en ligne sur lequel une personne ou une marque partage des conseils, des articles, des tendances et des actualit\u00e9s. Ce <b>blog ne constitue pas un site e-commerce<\/b> ou un site marchand. Il n\u2019a donc pas vocation \u00e0 pr\u00e9senter des services ou des produits.<\/p>\n<p>Vous devez d\u2019abord identifier un sujet de blog, en rapport avec votre activit\u00e9 commerciale si vous souhaitez \u00e0 terme le mon\u00e9tiser. Ensuite, trouvez un nom de domaine \u00e9vocateur pour appuyer votre r\u00e9f\u00e9rencement web. Choisissez un CMS, c\u2019est-\u00e0-dire un Content Management System, la structure qui accueille vos contenus, ainsi qu\u2019un h\u00e9bergeur, qui fournit les serveurs dont vous avez besoin.<\/p>\n<h2>Comment cr\u00e9er un site de dropshipping ?<\/h2>\n<p><img decoding=\"async\" class=\"alignnone size-full wp-image-21537\" src=\"https:\/\/www.cmonsite.fr\/site\/webup\/2022\/09\/computer-2170392_1280.jpg\" alt=\"\" width=\"1280\" height=\"853\" srcset=\"https:\/\/www.cmonsite.fr\/site\/webup\/2022\/09\/computer-2170392_1280.jpg 1280w, https:\/\/www.cmonsite.fr\/site\/webup\/2022\/09\/computer-2170392_1280-300x200.jpg 300w, https:\/\/www.cmonsite.fr\/site\/webup\/2022\/09\/computer-2170392_1280-1024x682.jpg 1024w, https:\/\/www.cmonsite.fr\/site\/webup\/2022\/09\/computer-2170392_1280-768x512.jpg 768w\" sizes=\"(max-width: 1280px) 100vw, 1280px\" \/><\/p>\n<p><a href=\"https:\/\/www.cmonsite.fr\/site\/guides\/creation-site\/type\/dropshipping\">Comment cr\u00e9er un site de dropshipping ?<\/a> Le dropshipping est une technique de vente qui consiste \u00e0 vendre des produits en ligne qui seront livr\u00e9s directement par les fournisseurs aux clients finaux. Le site de dropshipping n\u2019agit donc qu\u2019en tant qu\u2019<b>interm\u00e9diaire dans la transaction<\/b>.<\/p>\n<p>Pour d\u00e9marrer un site de droshipping, vous devez d\u2019abord d\u00e9terminer les produits que vous souhaitez vendre. S\u00e9lectionnez une niche que vous connaissez sur le bout des doigts. \u00c9vitez les produits de marque, \u00e0 cause du risque de contrefa\u00e7on. Ensuite, choisissez un fournisseur fiable et bon march\u00e9.<\/p>\n<p>Il ne vous reste plus qu\u2019\u00e0 cr\u00e9er un site de vente en ligne, par exemple en utilisant une solution d\u2019e-commerce, comme Cmonsite. Vous ne devez pas n\u00e9gliger le marketing de votre offre, pour vous d\u00e9marquer de la concurrence. <b>Soyez pr\u00e9sents sur les r\u00e9seaux sociaux<\/b> et offrez des \u00ab petits plus \u00bb \u00e0 vos clients, comme la livraison gratuite.<\/p>\n<h2>Comment cr\u00e9er un site Click and collect ?<\/h2>\n<p><a href=\"https:\/\/www.cmonsite.fr\/site\/guides\/creation-site\/type\/click-and-collect\">Comment cr\u00e9er un site Click and collect ?<\/a> Le Click and Collect permet au client de r\u00e9server un produit en ligne avant de le retirer en magasin. Le parcours d\u2019achat du consommateur <b>r\u00e9concilie donc e-commerce et commerce physique<\/b>.<\/p>\n<p>La cr\u00e9ation d\u2019un tel site commence par le choix du produit que vous allez vendre avec ce syst\u00e8me. La plupart des plateformes d\u2019e-commerce incluent une fonctionnalit\u00e9 de Click and Collect, soit nativement, soit \u00e0 l\u2019aide d\u2019extensions.<\/p>\n<p>La <b>gestion des stocks<\/b> est essentielle dans le cadre du Click and Collect. Il est en effet impensable qu\u2019un client se d\u00e9place en magasin et se rende compte que le produit qu\u2019il a achet\u00e9 n\u2019est pas disponible.<\/p>\n","protected":false},"excerpt":{"rendered":"<p>Comment cr\u00e9er un site Ecommerce de vente en ligne ? Comment cr\u00e9er un site Ecommerce de vente en ligne ? Plusieurs options s\u2019offrent \u00e0 vous si vous souhaitez cr\u00e9er un site Ecommerce de vente en ligne. Si vous poss\u00e9dez des comp\u00e9tences techniques suffisantes, vous pouvez optez pour un outil gratuit et personnalisable. Cependant, la solution [&hellip;]<\/p>\n","protected":false},"author":1,"featured_media":21538,"parent":21304,"menu_order":1,"comment_status":"closed","ping_status":"closed","template":"","meta":{"_helpful_status":1,"footnotes":""},"class_list":["post-21535","page","type-page","status-publish","has-post-thumbnail","hentry"],"_links":{"self":[{"href":"https:\/\/www.cmonsite.fr\/site\/wp-json\/wp\/v2\/pages\/21535","targetHints":{"allow":["GET"]}}],"collection":[{"href":"https:\/\/www.cmonsite.fr\/site\/wp-json\/wp\/v2\/pages"}],"about":[{"href":"https:\/\/www.cmonsite.fr\/site\/wp-json\/wp\/v2\/types\/page"}],"author":[{"embeddable":true,"href":"https:\/\/www.cmonsite.fr\/site\/wp-json\/wp\/v2\/users\/1"}],"replies":[{"embeddable":true,"href":"https:\/\/www.cmonsite.fr\/site\/wp-json\/wp\/v2\/comments?post=21535"}],"version-history":[{"count":7,"href":"https:\/\/www.cmonsite.fr\/site\/wp-json\/wp\/v2\/pages\/21535\/revisions"}],"predecessor-version":[{"id":21830,"href":"https:\/\/www.cmonsite.fr\/site\/wp-json\/wp\/v2\/pages\/21535\/revisions\/21830"}],"up":[{"embeddable":true,"href":"https:\/\/www.cmonsite.fr\/site\/wp-json\/wp\/v2\/pages\/21304"}],"wp:featuredmedia":[{"embeddable":true,"href":"https:\/\/www.cmonsite.fr\/site\/wp-json\/wp\/v2\/media\/21538"}],"wp:attachment":[{"href":"https:\/\/www.cmonsite.fr\/site\/wp-json\/wp\/v2\/media?parent=21535"}],"curies":[{"name":"wp","href":"https:\/\/api.w.org\/{rel}","templated":true}]}}