{"id":21530,"date":"2022-09-05T12:46:59","date_gmt":"2022-09-05T10:46:59","guid":{"rendered":"https:\/\/www.cmonsite.fr\/site\/?page_id=21530"},"modified":"2022-09-12T14:14:47","modified_gmt":"2022-09-12T12:14:47","slug":"email","status":"publish","type":"page","link":"https:\/\/www.cmonsite.fr\/site\/guides\/creation-site\/nom-de-domaine\/email","title":{"rendered":"Comment avoir son email avec son propre nom de domaine ?"},"content":{"rendered":"<div class=\"text-content\">\n<p>Disposer d\u2019une adresse e-mail avec votre nom de domaine n\u2019est pas seulement plus pratique au quotidien. De l\u00e0 d\u00e9pend \u00e9galement votre professionnalisme et le s\u00e9rieux que votre entreprise renvoie. Heureusement, les h\u00e9bergeurs sur Internet <a href=\"https:\/\/www.cmonsite.fr\/site\/guides\/creation-site\/nom-de-domaine\">qui vous permettent de cr\u00e9er votre propre nom de domaine<\/a> ne manquent pas. Ils proposent des services tr\u00e8s divers, pour toutes les bourses et tous les besoins. Vous pouvez ne demander qu\u2019une messagerie basique pour g\u00e9rer vos communications \u00e9lectroniques ou acqu\u00e9rir une offre compl\u00e8te aux fonctionnalit\u00e9s taill\u00e9es sur mesure pour les entreprises.<\/p>\n<h2>Premi\u00e8re \u00e9tape : pourquoi cr\u00e9er son propre domaine e-mail ?<\/h2>\n<p>Les avantages d\u2019un domaine e-mail personnalis\u00e9 offre de nombreux avantages.<\/p>\n<ul>\n<li><b>Une pr\u00e9sentation plus s\u00e9rieuse pour votre entreprise<\/b>. La forme est importante pour montrer votre professionnalisme et votre s\u00e9rieux. Pour votre succ\u00e8s professionnel, il est donc indispensable de cr\u00e9er votre propre domaine e-mail. En effet, les adresses \u00e9lectroniques gratuites ne v\u00e9hiculent g\u00e9n\u00e9ralement pas une image de comp\u00e9tence et d\u2019efficacit\u00e9.<\/li>\n<li><b>Plus de sobri\u00e9t\u00e9 pour vos noms d\u2019utilisateur<\/b>. Si vous utilisez un domaine e-mail largement utilis\u00e9 par le grand public, il est fr\u00e9quent que le nom d\u2019utilisateur de votre choix soit d\u00e9j\u00e0 utilis\u00e9. C\u2019est le cas si votre combinaison pr\u00e9nom\/nom est populaire, ou si vous souhaitez employer un nom commun g\u00e9n\u00e9rique, comme \u00ab service \u00bb ou \u00ab info \u00bb. Vous devrez donc ajouter des combinaisons de chiffres \u00e0 votre nom. Un domaine e-mail personnalis\u00e9 supprime cet inconv\u00e9nient.<\/li>\n<li><b>Moins de publicit\u00e9 et de spams<\/b>. Les fournisseurs d\u2019adresses \u00e9lectroniques gratuites ont g\u00e9n\u00e9ralement conclu des contrats publicitaires avec des marques. Par exemple, sur Google, vous pouvez trouver des annonces en haut de la liste des courriels de votre bo\u00eete de r\u00e9ception. Par ailleurs, le sch\u00e9ma classique des adresses \u00e9lectroniques gratuites permet aux spammeurs de retrouver facilement des destinataires existants en combinant al\u00e9atoirement des combinaisons de lettres et de chiffres. Un domaine personnalis\u00e9 limite le risque de spams et supprime les publicit\u00e9s.<\/li>\n<li><b>Une utilisation plus durable<\/b>. Un domaine e-mail d\u00e9di\u00e9 assure \u00e0 ses utilisateurs une certaine ind\u00e9pendance par rapport aux services gratuits existants. M\u00eame si un fournisseur de domaines souhaite restructurer son offre de services ou si une entreprise cesse d\u2019exister, le propri\u00e9taire d\u2019un domaine priv\u00e9 peut facilement changer de serveur web. En France, les domaines sont prot\u00e9g\u00e9s par la loi : ils b\u00e9n\u00e9ficient d\u2019une protection des droits intellectuels et une valeur financi\u00e8re leur est attribu\u00e9e.<\/li>\n<\/ul>\n<h2>Deuxi\u00e8me \u00e9tape : choisir un domaine de premier niveau<\/h2>\n<p><img fetchpriority=\"high\" decoding=\"async\" class=\"alignnone size-full wp-image-21532\" src=\"https:\/\/www.cmonsite.fr\/site\/webup\/2022\/09\/startup-594127_1280-1.jpg\" alt=\"\" width=\"1280\" height=\"853\" srcset=\"https:\/\/www.cmonsite.fr\/site\/webup\/2022\/09\/startup-594127_1280-1.jpg 1280w, https:\/\/www.cmonsite.fr\/site\/webup\/2022\/09\/startup-594127_1280-1-300x200.jpg 300w, https:\/\/www.cmonsite.fr\/site\/webup\/2022\/09\/startup-594127_1280-1-1024x682.jpg 1024w, https:\/\/www.cmonsite.fr\/site\/webup\/2022\/09\/startup-594127_1280-1-768x512.jpg 768w\" sizes=\"(max-width: 1280px) 100vw, 1280px\" \/><\/p>\n<p>Le d\u00e9p\u00f4t de nom de domaine est g\u00e9r\u00e9 <b>de mani\u00e8re centralis\u00e9e<\/b>. En effet, chaque domaine de premier niveau, donc l\u2019extension (\u00ab .fr \u00bb, \u00ab .com \u00bb, etc.), est administr\u00e9 par une organisation bien pr\u00e9cise. Par exemple, c\u2019est l\u2019AFNIC, l\u2019association fran\u00e7aise pour le nommage Internet en coop\u00e9ration qui s\u2019occupe du fameux \u00ab .fr \u00bb.<\/p>\n<p>Pour commencer, vous devez donc <b>choisir sous quelle extension<\/b> vous souhaitez enregistrer votre nouveau nom de domaine. Par exemple, si votre organisation est \u00e0 but non lucratif, nous ne saurions trop vous conseiller d\u2019opter pour le \u00ab .org \u00bb. Si votre entreprise est commerciale, choisissez \u00ab .com \u00bb, ou \u00ab .fr \u00bb si votre offre ne s&#8217;adresse qu\u2019\u00e0 des clients de l\u2019Hexagone.<\/p>\n<h2>Troisi\u00e8me \u00e9tape : choisir un fournisseur d\u2019h\u00e9bergement<\/h2>\n<p>L\u2019organisation qui g\u00e8re le domaine de premier niveau, l\u2019AFNIC pour le \u00ab .fr \u00bb, n\u2019est pas le premier interlocuteur des professionnels qui souhaitent cr\u00e9er un nouveau nom de domaine. Ces derniers doivent passer par un <b>bureau d\u2019enregistrement<\/b>, aussi appel\u00e9 registraire, qui agit en tant qu\u2019interm\u00e9diaire.<\/p>\n<p>En particulier, l\u2019AFNIC reconna\u00eet de nombreux bureaux d\u2019enregistrements qui proposent des services multiples, \u00e0 des tarifs bien s\u00fbr diff\u00e9rents. Voici quelques exemples parmi les plus connus:<\/p>\n<ul>\n<li>Domain.com ;<\/li>\n<li>GoDaddy ;<\/li>\n<li>InternetBS ;<\/li>\n<li>LWS ;<\/li>\n<li>Google Domains\u2026<\/li>\n<\/ul>\n<p>Il peut donc parfois \u00eatre <b>difficile de s\u2019y retrouver parmi les offres<\/b>. Nous vous conseillons de vous concentrer sur les crit\u00e8res suivants : capacit\u00e9 de stockage et disponibilit\u00e9 du proc\u00e9d\u00e9 de transfert, comme IMAP et POP3. Pr\u00eatez aussi attention \u00e0 la localisation du serveur de stockage des donn\u00e9es. Celui-ci peut en effet se trouver partout dans le monde.<\/p>\n<h2>Quatri\u00e8me \u00e9tape : v\u00e9rifier la disponibilit\u00e9 de votre nom de domaine<\/h2>\n<p>Un domaine de deuxi\u00e8me niveau, ou SLD (Second Level Domain) dans la langue de Shakespeare, est la partie du nom de domaine qui est plac\u00e9e hi\u00e9rarchiquement sous le domaine de premier niveau, le TLD (Top Level Domain). Par exemple, dans google.fr, google est le domaine de deuxi\u00e8me niveau. Les noms de domaine (SLD + TLD) r\u00e9pondent au <b>principe d\u2019unicit\u00e9<\/b> : il ne peut pas exister deux noms de domaine identiques. Il s\u2019agit d\u2019une contrainte technique plus qu\u2019une contrainte juridique. Par cons\u00e9quent, l\u2019attribution des noms de domaine respecte le principe \u00ab Premier arriv\u00e9, premier servi \u00bb.<\/p>\n<p>Apr\u00e8s avoir trouv\u00e9 votre fournisseur d\u2019h\u00e9bergement, il convient donc de v\u00e9rifier la disponibilit\u00e9 du nom de domaine que vous souhaitez poss\u00e9der. La plupart des bureaux d\u2019enregistrement accr\u00e9dit\u00e9s poss\u00e8dent un service de recherche. Il vous suffit d\u2019entrer le nom de domaine souhait\u00e9 dans le champ de recherche. Le fournisseur effectue en fait une demande \u00e0 l\u2019organisation qui g\u00e8re l\u2019extension (l\u2019AFNIC pour le \u00ab .fr \u00bb).<\/p>\n<h2>Cinqui\u00e8me \u00e9tape : faire l\u2019acquisition du nom de domaine<\/h2>\n<p><img decoding=\"async\" class=\"alignnone size-full wp-image-21531\" src=\"https:\/\/www.cmonsite.fr\/site\/webup\/2022\/09\/ipad-1044716_1280.jpg\" alt=\"\" width=\"1280\" height=\"718\" srcset=\"https:\/\/www.cmonsite.fr\/site\/webup\/2022\/09\/ipad-1044716_1280.jpg 1280w, https:\/\/www.cmonsite.fr\/site\/webup\/2022\/09\/ipad-1044716_1280-300x168.jpg 300w, https:\/\/www.cmonsite.fr\/site\/webup\/2022\/09\/ipad-1044716_1280-1024x574.jpg 1024w, https:\/\/www.cmonsite.fr\/site\/webup\/2022\/09\/ipad-1044716_1280-768x431.jpg 768w\" sizes=\"(max-width: 1280px) 100vw, 1280px\" \/><\/p>\n<p>Une fois que vous vous \u00eates assur\u00e9 de la disponibilit\u00e9 de votre nom de domaine, vous pouvez <b>d\u00e9marrer le processus de commande<\/b>. Dans le cas d\u2019une entreprise ou d\u2019un site professionnel, nous vous conseillons d\u2019enregistrer votre domaine de second niveau avec plusieurs extensions afin d\u2019augmenter votre visibilit\u00e9 et de diminuer votre vuln\u00e9rabilit\u00e9 au cybersquatting, une pratique qui consiste \u00e0 enregistrer un nom de domaine qui correspond \u00e0 une marque, avec l\u2019intention de le revendre \u00e0 l\u2019ayant droit, de profiter de sa notori\u00e9t\u00e9 ou d\u2019alt\u00e9rer sa visibilit\u00e9.<\/p>\n<p>Heureusement pour vous, il est possible d\u2019enregistrer votre nom de domaine <b>compl\u00e8tement en ligne<\/b>. Il vous suffit de remplir le document de commande disponible sur le site du fournisseur que vous avez choisi. G\u00e9n\u00e9ralement, les informations \u00e0 remplir sont votre nom, votre adresse postale, votre adresse \u00e9lectronique, etc. Une fois cette d\u00e9marche effectu\u00e9e, c\u2019est bon ! Vous \u00eates normalement l\u2019heureux propri\u00e9taire d\u2019un nom de domaine pour votre site professionnel.<\/p>\n<h2>Sixi\u00e8me \u00e9tape : cr\u00e9er son adresse mail professionnelle<\/h2>\n<p>Chaque fournisseur d\u2019h\u00e9bergement fournit des options diverses en ce qui concerne les adresses \u00e9lectroniques. Vous pouvez b\u00e9n\u00e9ficier de transferts de courriels, de messages d\u2019absences, d\u2019options de filtres ou de codages. Dans la plupart des cas, vous avez <b>acc\u00e8s \u00e0 un tableau de contr\u00f4le<\/b>, accessible avec votre num\u00e9ro client (ou votre nom d\u2019utilisateur) et un mot de passe. Ce tableau de bord doit contenir l\u2019option \u00ab nouvelle adresse \u00e9lectronique \u00bb. Pour <b>cr\u00e9er votre adresse \u00e9lectronique professionnelle<\/b>, il vous suffit donc de mettre un nom avant le signe @, accompagn\u00e9 de votre nom de domaine.<\/p>\n<\/div>\n","protected":false},"excerpt":{"rendered":"<p>Disposer d\u2019une adresse e-mail avec votre nom de domaine n\u2019est pas seulement plus pratique au quotidien. De l\u00e0 d\u00e9pend \u00e9galement votre professionnalisme et le s\u00e9rieux que votre entreprise renvoie. Heureusement, les h\u00e9bergeurs sur Internet qui vous permettent de cr\u00e9er votre propre nom de domaine ne manquent pas. Ils proposent des services tr\u00e8s divers, pour toutes [&hellip;]<\/p>\n","protected":false},"author":1,"featured_media":21533,"parent":21504,"menu_order":4,"comment_status":"closed","ping_status":"closed","template":"","meta":{"_helpful_status":1,"footnotes":""},"class_list":["post-21530","page","type-page","status-publish","has-post-thumbnail","hentry"],"_links":{"self":[{"href":"https:\/\/www.cmonsite.fr\/site\/wp-json\/wp\/v2\/pages\/21530","targetHints":{"allow":["GET"]}}],"collection":[{"href":"https:\/\/www.cmonsite.fr\/site\/wp-json\/wp\/v2\/pages"}],"about":[{"href":"https:\/\/www.cmonsite.fr\/site\/wp-json\/wp\/v2\/types\/page"}],"author":[{"embeddable":true,"href":"https:\/\/www.cmonsite.fr\/site\/wp-json\/wp\/v2\/users\/1"}],"replies":[{"embeddable":true,"href":"https:\/\/www.cmonsite.fr\/site\/wp-json\/wp\/v2\/comments?post=21530"}],"version-history":[{"count":1,"href":"https:\/\/www.cmonsite.fr\/site\/wp-json\/wp\/v2\/pages\/21530\/revisions"}],"predecessor-version":[{"id":21534,"href":"https:\/\/www.cmonsite.fr\/site\/wp-json\/wp\/v2\/pages\/21530\/revisions\/21534"}],"up":[{"embeddable":true,"href":"https:\/\/www.cmonsite.fr\/site\/wp-json\/wp\/v2\/pages\/21504"}],"wp:featuredmedia":[{"embeddable":true,"href":"https:\/\/www.cmonsite.fr\/site\/wp-json\/wp\/v2\/media\/21533"}],"wp:attachment":[{"href":"https:\/\/www.cmonsite.fr\/site\/wp-json\/wp\/v2\/media?parent=21530"}],"curies":[{"name":"wp","href":"https:\/\/api.w.org\/{rel}","templated":true}]}}