{"id":21525,"date":"2022-09-05T12:44:49","date_gmt":"2022-09-05T10:44:49","guid":{"rendered":"https:\/\/www.cmonsite.fr\/site\/?page_id=21525"},"modified":"2022-09-12T14:14:51","modified_gmt":"2022-09-12T12:14:51","slug":"marque","status":"publish","type":"page","link":"https:\/\/www.cmonsite.fr\/site\/guides\/creation-site\/nom-de-domaine\/marque","title":{"rendered":"Comment choisir une marque pour son site internet ?"},"content":{"rendered":"<div class=\"more-space\">Si vous essayez de lancer ou de b\u00e2tir une entreprise prosp\u00e8re, vous devez vous donner les moyens de cet objectif. Vous ne pouvez pas vendre des services de directeur financier si vous ressemblez \u00e0 un comptable. Vous ne pouvez pas gagner en cr\u00e9dibilit\u00e9 si vos clients vous soup\u00e7onnent d&#8217;\u00eatre chez vous en pyjama et en pantoufles. Mettez une cravate, boutonnez le tout et <strong>construisez votre marque<\/strong>.<\/div>\n<div class=\"text-content\">\n<p>Votre marque est ce que le monde ext\u00e9rieur pense de vous <a href=\"https:\/\/www.cmonsite.fr\/site\/guides\/creation-site\/nom-de-domaine\">et votre nom de domaine doit le r\u00e9fl\u00e9ter<\/a>. C&#8217;est une collection d&#8217;impressions que vous construisez au fil du temps. De nos jours, votre premi\u00e8re impression se fait souvent en ligne. Vous avez besoin d&#8217;un site internet, et ce site doit \u00eatre le reflet de votre personnalit\u00e9. Un site web de marque. Voici donc comment choisir une <u>marque pour son site internet<\/u>.<\/p>\n<h2>Concevez un logo unique qui refl\u00e8te votre marque<\/h2>\n<p>Lorsqu&#8217;il s&#8217;agit d&#8217;image de marque en ligne, votre logo est l&#8217;\u00e9l\u00e9ment qui se distingue le plus. Un <strong>logo unique<\/strong> peut vous d\u00e9marquer de la concurrence et rendre votre site internet et son contenu plus ais\u00e9ment reconnaissables. Ne pas prendre le temps d&#8217;en cr\u00e9er (ou d&#8217;en commander) un est une opportunit\u00e9 de marque g\u00e2ch\u00e9e. Le probl\u00e8me est que tout le monde n&#8217;a pas les comp\u00e9tences en mati\u00e8re de design pour cr\u00e9er un logo \u00e9l\u00e9gant.<\/p>\n<p>Dans certains cas, <u>embaucher un designer<\/u> sera votre meilleure option. Bien s\u00fbr, vous aurez besoin d&#8217;un budget d\u00e9cent si vous voulez un logo qui n&#8217;a pas l&#8217;air d&#8217;avoir \u00e9t\u00e9 cr\u00e9\u00e9 en cinq minutes. Que vous d\u00e9cidiez de concevoir vous-m\u00eame votre logo ou d&#8217;engager quelqu&#8217;un pour le faire, il y a quelques \u00e9l\u00e9ments que vous devez garder \u00e0 l&#8217;esprit :<\/p>\n<ul>\n<li>le <u>concept de votre logo<\/u> doit refl\u00e9ter ce qu&#8217;est votre site ;<\/li>\n<li>il doit \u00eatre facile \u00e0 lire ou \u00e0 comprendre ;<\/li>\n<li>il doit inclure les couleurs de votre marque.<\/li>\n<\/ul>\n<p>Pour plus de s\u00e9curit\u00e9, il est conseill\u00e9 de commander plusieurs variantes du logo afin de pouvoir \u00e9valuer vos options et choisir celle qui repr\u00e9sente id\u00e9alement votre marque. Pendant que vous y \u00eates, vous pouvez aussi envisager de <strong>d\u00e9velopper un slogan<\/strong> qui d\u00e9crit ce qu&#8217;est votre marque, car c&#8217;est un excellent compl\u00e9ment \u00e0 un logo fort.<\/p>\n<h2>Comment d\u00e9cririez-vous votre entreprise ?<\/h2>\n<p><img fetchpriority=\"high\" decoding=\"async\" class=\"alignnone size-full wp-image-21527\" src=\"https:\/\/www.cmonsite.fr\/site\/webup\/2022\/09\/home-office-5190504_1280.jpg\" alt=\"\" width=\"1280\" height=\"854\" srcset=\"https:\/\/www.cmonsite.fr\/site\/webup\/2022\/09\/home-office-5190504_1280.jpg 1280w, https:\/\/www.cmonsite.fr\/site\/webup\/2022\/09\/home-office-5190504_1280-300x200.jpg 300w, https:\/\/www.cmonsite.fr\/site\/webup\/2022\/09\/home-office-5190504_1280-1024x683.jpg 1024w, https:\/\/www.cmonsite.fr\/site\/webup\/2022\/09\/home-office-5190504_1280-768x512.jpg 768w\" sizes=\"(max-width: 1280px) 100vw, 1280px\" \/><\/p>\n<p>Il est question ici de r\u00e9sumer votre pitch de 30 secondes. Que fait la soci\u00e9t\u00e9, \u00e0 qui s&#8217;adresse-t-elle et pourquoi est-elle unique dans son secteur ? Ce sont en fait les premi\u00e8res questions que vous devriez vous poser lors du <u>choix d&#8217;une marque<\/u> pour votre site web.<\/p>\n<p>Le prestataire charg\u00e9 de la conception de votre marque aura ainsi une bonne base pour comprendre ce que vous faites et quelle sorte d&#8217;<strong>esth\u00e9tique g\u00e9n\u00e9rale<\/strong> conviendra \u00e0 votre niche ou \u00e0 votre domaine d&#8217;expertise.<\/p>\n<h2>D\u00e9finissez la personnalit\u00e9 de votre marque<\/h2>\n<p>Il est important de d\u00e9finir votre marque. Apr\u00e8s avoir r\u00e9alis\u00e9 une \u00e9tude de march\u00e9, r\u00e9fl\u00e9chissez \u00e0 votre public cible et au type de <u>personnalit\u00e9 de marque<\/u> qui lui correspondrait le mieux. La personnalit\u00e9 de votre marque est l&#8217;\u00e9l\u00e9ment humain de votre marque.<\/p>\n<p>Elle se compose d&#8217;un ensemble coh\u00e9rent de traits et de comportements que vous appliquez \u00e0 l&#8217;image et \u00e0 la voix de votre marque. Il existe en g\u00e9n\u00e9ral <strong>cinq grands types de personnalit\u00e9s de marque<\/strong>. Bien qu&#8217;il soit possible de varier et de les chevaucher, ces traits peuvent vous aider \u00e0 d\u00e9marrer :<\/p>\n<ul>\n<li>comp\u00e9tence : fiable, professionnel, intelligent ;<\/li>\n<li>rugosit\u00e9 : dur, en plein air, irr\u00e9v\u00e9rencieux ;<\/li>\n<li>sophistication : raffin\u00e9, charmant, prestigieux ;<\/li>\n<li>excitation : imaginatif, audacieux, enjou\u00e9 ;<\/li>\n<li>sinc\u00e9rit\u00e9 : honn\u00eate, chaleureux, sain.<\/li>\n<\/ul>\n<p>Lorsque vous concevez votre site internet, votre choix de visuels et de textes doit \u00eatre syst\u00e9matiquement ancr\u00e9 dans la <strong>personnalit\u00e9 de votre marque<\/strong>.<\/p>\n<h2>Restez simple<\/h2>\n<p>Assurez-vous que votre site web dispose de tout ce dont il a besoin, mais rien de plus. Trop de cloches et de sifflets, ou un exc\u00e8s de contenu, peuvent poser un probl\u00e8me. Vos clients se moquent parfois de l&#8217;ing\u00e9niosit\u00e9 du design de votre site : ils veulent que les choses soient <strong>clairement pr\u00e9sent\u00e9es et faciles \u00e0 assimiler<\/strong>. Gardez votre site internet simple. Vous le rendrez ainsi plus agr\u00e9able \u00e0 parcourir.<\/p>\n<p>Dans le m\u00eame ordre d&#8217;id\u00e9es, vos clients ne veulent pas attendre. Trop de vid\u00e9os, de plugins ou de modules additionnels inutiles ralentiront le <u>chargement de votre site<\/u>. Si un site internet prend trop de temps \u00e0 charger, les clients le quitteront tout simplement et essaieront de trouver ce qu&#8217;ils cherchent ailleurs. Ce n&#8217;est pas bon pour l&#8217;image de marque du site.<\/p>\n<h2>Cr\u00e9ez une strat\u00e9gie de contenu tenace<\/h2>\n<p>Vous devez pr\u00e9voir d&#8217;utiliser votre site internet pour atteindre les objectifs de votre marque et choisir des param\u00e8tres pour mesurer l&#8217;\u00e9chec ou le succ\u00e8s de chaque objectif. Disposer d&#8217;une <strong>strat\u00e9gie solide<\/strong> vous permet de savoir ce qu&#8217;il faut faire pour am\u00e9liorer le classement des r\u00e9sultats de recherche locaux.<\/p>\n<p>Et en connaissant vos plans pour le site web, les d\u00e9tails de la conception de votre site internet se mettront automatiquement en place. De plus, \u00e0 mesure que votre soci\u00e9t\u00e9 se d\u00e9veloppe, votre site web et son contenu se d\u00e9veloppent aussi. Il est donc conseill\u00e9 de veiller \u00e0 ce que votre <u>strat\u00e9gie de contenu<\/u> soit toujours align\u00e9e sur la marque de votre entreprise.<\/p>\n<p>Vous pouvez commencer par <strong>rafra\u00eechir ou remplacer<\/strong> tout contenu obsol\u00e8te, puis ajouter du contenu ad\u00e9quat aux lacunes actuelles du contenu. Il est possible de demander \u00e0 votre public connu quelles sont les questions les plus fr\u00e9quemment pos\u00e9es, puis cr\u00e9er le contenu pertinent qui r\u00e9pond pr\u00e9cis\u00e9ment \u00e0 ces questions.<\/p>\n<h2>Maintenez une certaine coh\u00e9rence<\/h2>\n<p>La coh\u00e9rence est importante \u00e0 toute <strong>strat\u00e9gie de marque<\/strong>, et pas seulement \u00e0 celle d&#8217;un site internet. Pour ce qui est des sites web, la coh\u00e9rence se traduit par les \u00e9l\u00e9ments suivants :<\/p>\n<ul>\n<li>une voix et un ton identiques sur toutes les pages ;<\/li>\n<li>des mod\u00e8les de page coh\u00e9rents sur l&#8217;int\u00e9gralit\u00e9 du site ;<\/li>\n<li>si vous avez plus d&#8217;un site internet pour la m\u00eame marque, l&#8217;<strong>aspect et la convivialit\u00e9<\/strong> doivent \u00eatre coh\u00e9rents entre les sites.<\/li>\n<\/ul>\n<p>C&#8217;est l\u00e0 que le fait de disposer d&#8217;un <u>guide de la marque clair<\/u> s&#8217;av\u00e8re utile. Lorsque vous disposez de tous vos \u00e9l\u00e9ments de conception en un seul endroit, vous et tous les concepteurs avec lesquels vous travaillez, pouvez vite vous r\u00e9f\u00e9rer \u00e0 votre guide de la marque et cr\u00e9er des pages web, des conceptions et d&#8217;autres actifs de marque qui correspondent id\u00e9alement \u00e0 votre personnage.<\/p>\n<h2>Choisissez le bon design pour le site internet de votre marque<\/h2>\n<p><img decoding=\"async\" class=\"alignnone size-full wp-image-21528\" src=\"https:\/\/www.cmonsite.fr\/site\/webup\/2022\/09\/notepad-3316997_1280.jpg\" alt=\"\" width=\"1280\" height=\"904\" srcset=\"https:\/\/www.cmonsite.fr\/site\/webup\/2022\/09\/notepad-3316997_1280.jpg 1280w, https:\/\/www.cmonsite.fr\/site\/webup\/2022\/09\/notepad-3316997_1280-300x212.jpg 300w, https:\/\/www.cmonsite.fr\/site\/webup\/2022\/09\/notepad-3316997_1280-1024x723.jpg 1024w, https:\/\/www.cmonsite.fr\/site\/webup\/2022\/09\/notepad-3316997_1280-768x542.jpg 768w\" sizes=\"(max-width: 1280px) 100vw, 1280px\" \/><\/p>\n<p>Il existe une panoplie de <strong>th\u00e8mes disponibles<\/strong> qui vous permettront de transformer ais\u00e9ment votre site classique en un site web personnalis\u00e9. Vous pouvez parcourir le Web \u00e0 la recherche de th\u00e8mes uniques, vous inspirer de vos concurrents ou innover. Plusieurs marques choisissent d&#8217;<u>embaucher un designer<\/u> pour cr\u00e9er un site sur-mesure.<\/p>\n<p>C&#8217;est une fa\u00e7on de s&#8217;assurer que vos concurrents ne se retrouveront pas avec une mise en page ou un th\u00e8me identique. Cela peut cependant \u00eatre tr\u00e8s on\u00e9reux et vous risquez de rencontrer plusieurs bugs dus \u00e0 l&#8217;utilisation d&#8217;un nouveau th\u00e8me. Ne vous d\u00e9couragez surtout pas !<\/p>\n<p>Privil\u00e9giez toutefois des <strong>designs responsive<\/strong>. Ils ont la particularit\u00e9 de s&#8217;adapter aux tailles d&#8217;\u00e9cran, de sorte que votre site est beau sur un smartphone, une tablette ou un \u00e9cran d&#8217;ordinateur portable.<\/p>\n<p>Une fois que vous avez d\u00e9velopp\u00e9 la <u>marque de votre entreprise<\/u>, vous pouvez fa\u00e7onner votre site internet pour refl\u00e9ter vos valeurs fondamentales. Cr\u00e9er les \u00e9l\u00e9ments dont vous avez besoin pour faire avancer votre marque est facile lorsque vous avez les <strong>bonnes ressources<\/strong>.<\/p>\n<\/div>\n","protected":false},"excerpt":{"rendered":"<p>Si vous essayez de lancer ou de b\u00e2tir une entreprise prosp\u00e8re, vous devez vous donner les moyens de cet objectif. Vous ne pouvez pas vendre des services de directeur financier si vous ressemblez \u00e0 un comptable. Vous ne pouvez pas gagner en cr\u00e9dibilit\u00e9 si vos clients vous soup\u00e7onnent d&#8217;\u00eatre chez vous en pyjama et en [&hellip;]<\/p>\n","protected":false},"author":1,"featured_media":21526,"parent":21504,"menu_order":3,"comment_status":"closed","ping_status":"closed","template":"","meta":{"_helpful_status":1,"footnotes":""},"class_list":["post-21525","page","type-page","status-publish","has-post-thumbnail","hentry"],"_links":{"self":[{"href":"https:\/\/www.cmonsite.fr\/site\/wp-json\/wp\/v2\/pages\/21525","targetHints":{"allow":["GET"]}}],"collection":[{"href":"https:\/\/www.cmonsite.fr\/site\/wp-json\/wp\/v2\/pages"}],"about":[{"href":"https:\/\/www.cmonsite.fr\/site\/wp-json\/wp\/v2\/types\/page"}],"author":[{"embeddable":true,"href":"https:\/\/www.cmonsite.fr\/site\/wp-json\/wp\/v2\/users\/1"}],"replies":[{"embeddable":true,"href":"https:\/\/www.cmonsite.fr\/site\/wp-json\/wp\/v2\/comments?post=21525"}],"version-history":[{"count":2,"href":"https:\/\/www.cmonsite.fr\/site\/wp-json\/wp\/v2\/pages\/21525\/revisions"}],"predecessor-version":[{"id":21827,"href":"https:\/\/www.cmonsite.fr\/site\/wp-json\/wp\/v2\/pages\/21525\/revisions\/21827"}],"up":[{"embeddable":true,"href":"https:\/\/www.cmonsite.fr\/site\/wp-json\/wp\/v2\/pages\/21504"}],"wp:featuredmedia":[{"embeddable":true,"href":"https:\/\/www.cmonsite.fr\/site\/wp-json\/wp\/v2\/media\/21526"}],"wp:attachment":[{"href":"https:\/\/www.cmonsite.fr\/site\/wp-json\/wp\/v2\/media?parent=21525"}],"curies":[{"name":"wp","href":"https:\/\/api.w.org\/{rel}","templated":true}]}}