{"id":21520,"date":"2022-09-05T12:42:21","date_gmt":"2022-09-05T10:42:21","guid":{"rendered":"https:\/\/www.cmonsite.fr\/site\/?page_id=21520"},"modified":"2022-09-12T14:14:55","modified_gmt":"2022-09-12T12:14:55","slug":"certificat-ssl","status":"publish","type":"page","link":"https:\/\/www.cmonsite.fr\/site\/guides\/creation-site\/nom-de-domaine\/certificat-ssl","title":{"rendered":"Comment acheter un certificat SSL pour un nom de domaine ?"},"content":{"rendered":"<div class=\"more-space\">Tout site WEB doit assurer \u00e0 ses utilisateurs une connexion s\u00e9curis\u00e9e et stable. Cela d\u00e9pend majoritairement de votre h\u00e9bergeur pour le second point, mais vous pouvez ais\u00e9ment r\u00e9gler le premier vous-m\u00eame. Comment y parvenir ? En faisant passer exclusivement votre plateforme en version HTTPS \u00e0 l&#8217;aide du protocole SSL <a href=\"https:\/\/www.cmonsite.fr\/site\/guides\/creation-site\/nom-de-domaine\">pour votre nom de domaine<\/a>. O\u00f9 en acheter ? Comment le configurer ? Quel est le co\u00fbt d&#8217;un certificat SSL ?<\/div>\n<div class=\"text-content\">\n<h2>Le certificat SSL : D\u00e9finition et principe<\/h2>\n<p>Le <strong>SSL<\/strong> repr\u00e9sente un <u>certificat pour les sites internet<\/u>. Il permet donc d&#8217;exploiter le \u00ab https \u00bb au niveau de la barre d&#8217;adresse en lieu et place du \u00ab http \u00bb. La diff\u00e9rence est qu&#8217;il assure la protection essentielle des donn\u00e9es entre vos visiteurs et les <strong>sites internet<\/strong> en les cryptant. Ce certificat est alors la solution la plus appropri\u00e9e pour sauvegarder les donn\u00e9es et le transfert d&#8217;informations ultra confidentielles comme :<\/p>\n<ul>\n<li>des coordonn\u00e9es (nom, pr\u00e9nom, email),<\/li>\n<li>des informations bancaires,<\/li>\n<li>des mots de passe.<\/li>\n<\/ul>\n<p>Pour vous pr\u00e9senter bri\u00e8vement son histoire, l&#8217;av\u00e8nement du <strong>certificat SSL<\/strong> remonte dans les ann\u00e9es 98 et c&#8217;est un <strong>protocole<\/strong> con\u00e7u \u00e0 l&#8217;origine par Mastercard et Netscape.<\/p>\n<p>Au cours du mois d&#8217;ao\u00fbt 2014, le g\u00e9ant <strong>Google <\/strong>a instaur\u00e9 une r\u00e8gle selon laquelle les plateformes qui disposent d&#8217;un <u>certificat SSL<\/u> auront plus d&#8217;avantages lors du <u>r\u00e9f\u00e9rencement au sein de son navigateur de recherche<\/u>. Il repr\u00e9sente un facteur de positionnement compl\u00e9mentaire pour votre site et il ne concerne pas que <strong>les sites marchands<\/strong>. Le certificat SSL est devenu une n\u00e9cessit\u00e9. Vous devez n\u00e9cessairement en avoir un pour d\u00e9montrer \u00e0 vos <strong>visiteurs<\/strong> ou vos potentiels clients que leurs donn\u00e9es sont entre de bonnes mains.<\/p>\n<p>Par ailleurs, en dehors du r\u00e9f\u00e9rencement, <u>la majorit\u00e9 des navigateurs<\/u> pr\u00e9cisent la mention \u00ab non-s\u00e9curis\u00e9 \u00bb \u00e0 gauche de votre <strong>adresse Web<\/strong> au moment o\u00f9 vous ne disposez pas d&#8217;un <strong>certificat SSL<\/strong>. En cliquant sur ce message, vous pouvez m\u00eame remarquer que vos donn\u00e9es risquent de se faire d\u00e9rober par des <u>pirates informatiques<\/u>.<\/p>\n<h2>Pour quelles raisons le SSL est-il payant ?<\/h2>\n<p><img fetchpriority=\"high\" decoding=\"async\" class=\"alignnone size-full wp-image-21522\" src=\"https:\/\/www.cmonsite.fr\/site\/webup\/2022\/09\/smartphone-925287_1280.jpg\" alt=\"\" width=\"1280\" height=\"853\" srcset=\"https:\/\/www.cmonsite.fr\/site\/webup\/2022\/09\/smartphone-925287_1280.jpg 1280w, https:\/\/www.cmonsite.fr\/site\/webup\/2022\/09\/smartphone-925287_1280-300x200.jpg 300w, https:\/\/www.cmonsite.fr\/site\/webup\/2022\/09\/smartphone-925287_1280-1024x682.jpg 1024w, https:\/\/www.cmonsite.fr\/site\/webup\/2022\/09\/smartphone-925287_1280-768x512.jpg 768w\" sizes=\"(max-width: 1280px) 100vw, 1280px\" \/><\/p>\n<p>Le <u>SSL est payant<\/u> pour plusieurs raisons. Ce certificat est surtout obtenu pour 397 jours au plus et en payant cette prestation aupr\u00e8s d&#8217;un tiers, il assure son renouvellement et sa <strong>mise en conformit\u00e9<\/strong>. Si vous vous interrogez sur le fait de savoir si le certificat SSL est toujours indispensable si vous ne faites pas de <strong>commerce \u00e9lectronique<\/strong>, la r\u00e9ponse est \u00ab OUI \u00bb.<\/p>\n<p>Posez-vous d&#8217;ailleurs la question de savoir le nombre de fois ou l&#8217;un de vos visiteurs va devoir taper des <u>informations sensibles personnelles<\/u>. Cela pourrait \u00eatre pour r\u00e9pondre \u00e0 un questionnaire, \u00e0 un formulaire ou m\u00eame peut \u00eatre pour <u>se connecter \u00e0 un espace membre<\/u>. Vous \u00eates les garants de la bonne exploitation de ces donn\u00e9es et qu&#8217;elles demeurent transparentes avec un <strong>certificat SSL<\/strong>.<\/p>\n<h2>Quel tarif pour un certificat SSL et o\u00f9 l&#8217;obtenir ?<\/h2>\n<p>L&#8217;acquisition d&#8217;un <strong>certificat SSL<\/strong> n&#8217;est pas une t\u00e2che aussi compliqu\u00e9e. Si vous avez d\u00e9j\u00e0 un <strong>site e-commerce ou vitrine<\/strong>, il vous suffit de solliciter l&#8217;expertise d&#8217;une <u>autorit\u00e9 certificatrice (CA)<\/u>, comme <a href=\"https:\/\/www.cmonsite.fr\/\"><strong>CmonSite<\/strong><\/a>, qui se fera le plaisir de vous en procurer un. Afin d&#8217;en vendre \u00e0 la client\u00e8le, ces <strong>CA <\/strong>doivent \u00eatre certifi\u00e9s par les concepteurs de navigateurs Web et de dispositifs d&#8217;exploitation tels que <strong>Google Chrome<\/strong> ou <strong>Mozilla Firefox<\/strong>. Ainsi, ces derniers peuvent actualiser leur base de d&#8217;informations. Attention cependant, si vous pr\u00e9f\u00e9rez passer par une autorit\u00e9 certificatrice en dehors de votre h\u00e9bergeur, il faudra prouver que vous \u00eates bien le propri\u00e9taire de la plateforme. Il vous faut \u00e9galement renouveler le <strong>certificat<\/strong> de fa\u00e7on r\u00e9guli\u00e8re.<\/p>\n<p>Souhaitez-vous concevoir un tout nouveau site Web ? Votre h\u00e9bergeur a la possibilit\u00e9 de vous en procurer un au cours de sa conception. Si ce dernier n&#8217;est pas qualifi\u00e9 en tant qu&#8217;une <strong>autorit\u00e9 certificatrice<\/strong>, il peut vous proposer le choix parmi une multitude d&#8217;\u00e9diteurs proposant des tarifs vari\u00e9s en fonction du type de certificat. Vous n&#8217;\u00eates \u00e9videmment pas contraint d&#8217;obtenir un <strong>certificat SSL<\/strong>, mais nous vous le conseillons vivement, au vu des privil\u00e8ges qu&#8217;il vous accorde.<\/p>\n<p>Le <u>co\u00fbt d&#8217;un certificat SSL<\/u> d\u00e9pend de plusieurs \u00e9l\u00e9ments, tels que le niveau de s\u00e9curit\u00e9 recherch\u00e9 et le fournisseur. Vous pouvez d\u00e9bourser environ une quarantaine d&#8217;euros chaque ann\u00e9e pour une simple validation de domaine (<strong>DV<\/strong>), et approximativement plus de <strong>130 euros<\/strong> en ce qui concerne un <strong>SAN<\/strong> qui vous permet de couvrir diff\u00e9rentes plateformes et sous-domaines avec un certificat unique , ce qui vous all\u00e8ge grandement la t\u00e2che.<\/p>\n<h2>Comment acheter votre certificat SSL sur CmonSite ?<\/h2>\n<p><strong>CmonSite <\/strong>est une autorit\u00e9 de certification qui peut vous proposer n&#8217;importe quels types de certificats SSL, du plus complexe <strong>EV<\/strong> au simple <strong>DV<\/strong>. Si vous concevez votre plateforme directement, le cryptage est syst\u00e9matiquement une option propos\u00e9e, que vous optez pour une solution d&#8217;h\u00e9bergement interne ou d&#8217;utiliser <strong>WordPress<\/strong>.<\/p>\n<p>Si vous poss\u00e9dez d\u00e9j\u00e0 un site Web, il vous faut passer par la boutique en ligne pour <a href=\"https:\/\/www.cmonsite.fr\/comparatif-offre.php\">consulter les offres<\/a> afin de choisir le produit qui vous convient. Le d\u00e9marche de certification se d\u00e9roulera ensuite de fa\u00e7on automatique, d\u00e8s que vous aurez mis \u00e0 disposition les documents indispensables en vue de prouver votre identit\u00e9. <strong>CmonSite<\/strong> s&#8217;engage \u00e0 ce que ce processus ne dure pas plus d&#8217;une semaine, pour ne pas vous livrer \u00e0 des <strong>attaques informatiques<\/strong>. Sans protection plus longtemps, vous vous exposez \u00e0 des risques de piratages.<\/p>\n<p>Voici les co\u00fbts des certificats SSL :<\/p>\n<ul>\n<li>\u00c0 partir de 139,19 \u20ac par an pour un <strong>certificat SSL SAN<\/strong>.<\/li>\n<li>\u00c0 partir de 112,79 \u20ac par an pour un <strong>certificat SSL EV<\/strong>.<\/li>\n<li>\u00c0 partir de 105,59 \u20ac par an pour un <strong>certificat SSL OV<\/strong>.<\/li>\n<li>\u00c0 partir de 41,85 \u20ac par an pour un <strong>certificat SSL DV<\/strong>.<\/li>\n<\/ul>\n<p>Le service de cr\u00e9ation de site internet <strong>CmonSite<\/strong> est une plateforme de r\u00e9f\u00e9rence en termes d&#8217;h\u00e9bergement. Pour que votre \u00ab <strong>Nom de domaine<\/strong> \u00bb soit fiable et s\u00e9curis\u00e9, il faut n\u00e9cessairement lui associ\u00e9 un <strong>certificat SSL<\/strong>. La <u>cr\u00e9ation d&#8217;un site internet<\/u> rassemble surtout tous ces param\u00e8tres.<\/p>\n<h2>Pour quel certificat SSL opter ?<\/h2>\n<p><img decoding=\"async\" class=\"alignnone size-full wp-image-21521\" src=\"https:\/\/www.cmonsite.fr\/site\/webup\/2022\/09\/student-849820_1280.jpg\" alt=\"\" width=\"1280\" height=\"853\" srcset=\"https:\/\/www.cmonsite.fr\/site\/webup\/2022\/09\/student-849820_1280.jpg 1280w, https:\/\/www.cmonsite.fr\/site\/webup\/2022\/09\/student-849820_1280-300x200.jpg 300w, https:\/\/www.cmonsite.fr\/site\/webup\/2022\/09\/student-849820_1280-1024x682.jpg 1024w, https:\/\/www.cmonsite.fr\/site\/webup\/2022\/09\/student-849820_1280-768x512.jpg 768w\" sizes=\"(max-width: 1280px) 100vw, 1280px\" \/><\/p>\n<p>Pour le choix d&#8217;un <strong>certificat SSL<\/strong>, prenez en compte la finalit\u00e9 (but) de votre site et la quantit\u00e9 d&#8217;informations sensibles qui peuvent \u00eatre trait\u00e9es.<\/p>\n<p>En fait, toutes les cat\u00e9gories de protection <strong>SSL\/TLS<\/strong> proposent le m\u00eame seuil de cryptage. Par ailleurs, certaines entreprises peuvent profiter davantage de niveaux de validation plus cons\u00e9quente, dans la mesure o\u00f9 elles peuvent apporter une excellente preuve de l\u00e9gitimit\u00e9 \u00e0 leurs audiences.<\/p>\n<p>Quant aux sites personnels et blogs, un certificat SSL unique avec approbation (validation) de domaine (<strong>DV<\/strong>) est ad\u00e9quat. Par contre, les certificats SSL avec approbation d&#8217;organisation (<strong>OV<\/strong>) sont plus convenables aux moyennes entreprises.<\/p>\n<p>Les <strong>sites internet<\/strong> qui coordonnent des quantit\u00e9s importantes de donn\u00e9es sensibles, tels que les organismes bancaires ou les plateformes gouvernementales, devront faire usage de <strong>certificats SSL<\/strong> \u00e0 approbation \u00e9tendue (<strong>EV<\/strong>). Ils permettent aux internautes de se rassurer en remplissant leurs donn\u00e9es personnelles.<\/p>\n<h3>Acheter un certificat SSL pour un nom de domaine et pour la cr\u00e9ation d&#8217;un site internet<\/h3>\n<p>Il n&#8217;est pas surtout facile de savoir quelle option choisir pour la conception d&#8217;un site internet. Les offres sont multiples et il est bien plus complexe de s&#8217;y retrouver. Avec <strong>CmonSite<\/strong>, vous \u00e9viterez tous ces tracas. Notre plateforme se met \u00e0 votre disposition afin de vous guider, en vous proposant le meilleur rapport qualit\u00e9\/prix du march\u00e9 et une alternative exclusivement fran\u00e7aise.<\/p>\n<\/div>\n","protected":false},"excerpt":{"rendered":"<p>Tout site WEB doit assurer \u00e0 ses utilisateurs une connexion s\u00e9curis\u00e9e et stable. Cela d\u00e9pend majoritairement de votre h\u00e9bergeur pour le second point, mais vous pouvez ais\u00e9ment r\u00e9gler le premier vous-m\u00eame. Comment y parvenir ? En faisant passer exclusivement votre plateforme en version HTTPS \u00e0 l&#8217;aide du protocole SSL pour votre nom de domaine. O\u00f9 [&hellip;]<\/p>\n","protected":false},"author":1,"featured_media":21523,"parent":21504,"menu_order":2,"comment_status":"closed","ping_status":"closed","template":"","meta":{"_helpful_status":1,"footnotes":""},"class_list":["post-21520","page","type-page","status-publish","has-post-thumbnail","hentry"],"_links":{"self":[{"href":"https:\/\/www.cmonsite.fr\/site\/wp-json\/wp\/v2\/pages\/21520","targetHints":{"allow":["GET"]}}],"collection":[{"href":"https:\/\/www.cmonsite.fr\/site\/wp-json\/wp\/v2\/pages"}],"about":[{"href":"https:\/\/www.cmonsite.fr\/site\/wp-json\/wp\/v2\/types\/page"}],"author":[{"embeddable":true,"href":"https:\/\/www.cmonsite.fr\/site\/wp-json\/wp\/v2\/users\/1"}],"replies":[{"embeddable":true,"href":"https:\/\/www.cmonsite.fr\/site\/wp-json\/wp\/v2\/comments?post=21520"}],"version-history":[{"count":2,"href":"https:\/\/www.cmonsite.fr\/site\/wp-json\/wp\/v2\/pages\/21520\/revisions"}],"predecessor-version":[{"id":21812,"href":"https:\/\/www.cmonsite.fr\/site\/wp-json\/wp\/v2\/pages\/21520\/revisions\/21812"}],"up":[{"embeddable":true,"href":"https:\/\/www.cmonsite.fr\/site\/wp-json\/wp\/v2\/pages\/21504"}],"wp:featuredmedia":[{"embeddable":true,"href":"https:\/\/www.cmonsite.fr\/site\/wp-json\/wp\/v2\/media\/21523"}],"wp:attachment":[{"href":"https:\/\/www.cmonsite.fr\/site\/wp-json\/wp\/v2\/media?parent=21520"}],"curies":[{"name":"wp","href":"https:\/\/api.w.org\/{rel}","templated":true}]}}