{"id":21515,"date":"2022-09-05T12:40:47","date_gmt":"2022-09-05T10:40:47","guid":{"rendered":"https:\/\/www.cmonsite.fr\/site\/?page_id=21515"},"modified":"2022-09-14T17:27:46","modified_gmt":"2022-09-14T15:27:46","slug":"comment-acheter","status":"publish","type":"page","link":"https:\/\/www.cmonsite.fr\/site\/guides\/creation-site\/nom-de-domaine\/comment-acheter","title":{"rendered":"Comment acheter un nom de domaine ?"},"content":{"rendered":"<div class=\"more-space\">L&#8217;achat d&#8217;un <strong>nom de domaine<\/strong> est la premi\u00e8re \u00e9tape de la cr\u00e9ation de votre propre site web. <a href=\"https:\/\/www.cmonsite.fr\/site\/guides\/creation-site\/nom-de-domaine\">Acheter un nom de domaine n&#8217;est pas particuli\u00e8rement difficile<\/a> pour ceux qui l&#8217;ont fait plus d&#8217;une fois, mais pour les d\u00e9butants, c&#8217;est plus compliqu\u00e9. Dans cet article, vous apprendrez <u>comment et o\u00f9 acheter un domaine pour votre site<\/u>.<\/div>\n<div class=\"text-content\">\n<h2>Qu&#8217;est-ce qu&#8217;un nom de domaine ?<\/h2>\n<p>Tout site sur le Web est constitu\u00e9 d&#8217;une <strong>adresse IP<\/strong>, c&#8217;est-\u00e0-dire d&#8217;un <u>ensemble de chiffres s\u00e9par\u00e9s par des points<\/u>. Il est clair que la manipulation des chiffres est peu pratique et impossible \u00e0 retenir. Par cons\u00e9quent, chaque adresse IP correspond \u00e0 un nom de domaine. En l&#8217;entrant dans la <u>barre d&#8217;adresse de votre navigateur<\/u>, vous demandez une adresse IP correspondant au domaine et vous vous retrouvez sur le site souhait\u00e9.<\/p>\n<p>Un nom de domaine se compose du nom lui-m\u00eame et d&#8217;une <strong>zone de domaine<\/strong>, s\u00e9par\u00e9s par un point. Mon site web s&#8217;appelle cmonsite et le nom de domaine est .fr . Le nom complet est cmonsite.fr . Le nom de domaine complet peut comporter le <u>pr\u00e9fixe WWW s\u00e9par\u00e9 par un point<\/u> (www.cmonsite.fr).<\/p>\n<h2>Quelle est la diff\u00e9rence entre un domaine et un h\u00e9bergement web ?<\/h2>\n<p>Pour que votre site web soit accessible sur internet, vous avez besoin <strong>d&#8217;un domaine et d&#8217;un h\u00e9bergement<\/strong>. Ces deux services agissent de concert, et sont g\u00e9n\u00e9ralement commercialis\u00e9s ensemble, afin que vous puissiez avoir acc\u00e8s \u00e0 tous les services par l&#8217;interm\u00e9diaire d&#8217;un seul fournisseur.<\/p>\n<p>L&#8217;h\u00e9bergement est essentiellement l&#8217;endroit o\u00f9 sont stock\u00e9s les fichiers d&#8217;un site web. Ainsi, lorsque le site est mis en ligne, les fichiers commencent \u00e0 \u00eatre disponibles sur votre site. Il est donc essentiel que vous choisissiez une <strong>plateforme d&#8217;h\u00e9bergement fiable<\/strong>, afin d&#8217;\u00e9viter des probl\u00e8mes tels que la lenteur ou les attaques de pirates.<\/p>\n<p>En revanche, le nom de domaine est l&#8217;adresse que les utilisateurs taperont dans la barre d&#8217;adresse Internet pour trouver votre site. C&#8217;est pourquoi il doit \u00eatre tr\u00e8s bien con\u00e7u afin d&#8217;attirer l&#8217;attention et de donner envie aux nouveaux utilisateurs de d\u00e9couvrir ce que votre site leur r\u00e9serve.<\/p>\n<h2>O\u00f9 acheter des domaines ?<\/h2>\n<p><img fetchpriority=\"high\" decoding=\"async\" class=\"alignnone size-full wp-image-21517\" src=\"https:\/\/www.cmonsite.fr\/site\/webup\/2022\/09\/laptop-2557572_1280.jpg\" alt=\"\" width=\"1280\" height=\"853\" srcset=\"https:\/\/www.cmonsite.fr\/site\/webup\/2022\/09\/laptop-2557572_1280.jpg 1280w, https:\/\/www.cmonsite.fr\/site\/webup\/2022\/09\/laptop-2557572_1280-300x200.jpg 300w, https:\/\/www.cmonsite.fr\/site\/webup\/2022\/09\/laptop-2557572_1280-1024x682.jpg 1024w, https:\/\/www.cmonsite.fr\/site\/webup\/2022\/09\/laptop-2557572_1280-768x512.jpg 768w\" sizes=\"(max-width: 1280px) 100vw, 1280px\" \/><\/p>\n<p>Vous pouvez <strong>acheter un nom de domaine<\/strong> \u00e0 deux endroits &#8211; chez le <strong>registraire des noms de domaine<\/strong> ou chez l&#8217;h\u00e9bergeur avec h\u00e9bergement. Cette derni\u00e8re option est tr\u00e8s pratique &#8211; tout est g\u00e9r\u00e9 \u00e0 partir d&#8217;un seul panneau, mais il y a une question en suspens. Que se passe-t-il si l&#8217;h\u00e9bergeur cesse d&#8217;exister ? Pour cette raison, il est recommand\u00e9 d&#8217;<u>acheter des domaines aupr\u00e8s des bureaux d&#8217;enregistrement<\/u>.<\/p>\n<p>L&#8217;achat de domaines dans votre pays pr\u00e9sente des avantages sous la forme de services de paiement faciles. Tous ces bureaux d&#8217;enregistrement prennent en charge les syst\u00e8mes de paiement de leurs \u00c9tats, ce qui ne peut \u00eatre pas le cas \u00e0 l&#8217;\u00e9tranger. Toutefois, si vous disposez d&#8217;une carte de d\u00e9bit, vous pouvez acheter un domaine n&#8217;importe o\u00f9, pour autant que le bureau d&#8217;enregistrement du domaine n&#8217;ait pas de restrictions.<\/p>\n<h2>Choisir un nom de domaine<\/h2>\n<p>\u00c0 la fin du si\u00e8cle dernier, le <strong>choix d&#8217;un nom de domaine<\/strong> n&#8217;\u00e9tait pas aussi p\u00e9nible qu&#8217;aujourd&#8217;hui. Le fait est que les noms de domaine les plus capacitifs sont d\u00e9j\u00e0 pris. N\u00e9anmoins, avec un peu de pers\u00e9v\u00e9rance et d&#8217;imagination, il est possible de <strong>trouver un nom de domaine appropri\u00e9<\/strong>. Dans la plupart des cas, il s&#8217;agit d&#8217;un <u>nom de domaine de deuxi\u00e8me niveau<\/u>, car le premier niveau est vraiment \u00e9puis\u00e9, sauf pour les combinaisons de lettres longues et difficiles \u00e0 prononcer. Si vous parvenez \u00e0 <u>trouver un bon domaine de premier niveau<\/u>, ce sera formidable, mais ce sera plut\u00f4t l&#8217;exception \u00e0 la r\u00e8gle.<\/p>\n<p>Le choix d&#8217;un nom de domaine peut se faire dans n&#8217;importe quel bureau d&#8217;enregistrement de noms &#8211; il n&#8217;est m\u00eame pas n\u00e9cessaire de s&#8217;inscrire dans un bureau. La v\u00e9rification consiste \u00e0 savoir si le domaine que vous voulez est disponible. C&#8217;est facile \u00e0 faire &#8211; allez dans la section du registraire pour s\u00e9lectionner les domaines (v\u00e9rifier le domaine, etc.) et entrez l&#8217;adresse souhait\u00e9e dans le champ sans zone de domaine. Les r\u00e9sultats de la recherche afficheront <u>les domaines gratuits<\/u> et occup\u00e9s, ainsi que leurs variantes propos\u00e9es par le syst\u00e8me lui-m\u00eame. Ces variations sont parfois tr\u00e8s bonnes et peuvent \u00eatre utilis\u00e9es.<\/p>\n<p>Comme il existe un grand nombre de zones de domaine et que 90 % d&#8217;entre elles sont inint\u00e9ressantes, il est logique de ne signaler que celles qui sont n\u00e9cessaires. Les r\u00e9sultats de recherche seront beaucoup moins nombreux et il sera plus facile d&#8217;y naviguer. Et en suivant <strong>le lien whois<\/strong>, vous pouvez obtenir des informations sur un domaine particulier &#8211; o\u00f9 il est enregistr\u00e9, depuis combien de temps, etc.<\/p>\n<h2>Astuces pour trouver un bon nom de domaine<\/h2>\n<p>Certains d\u00e9tails \u00e0 prendre en compte pour un nom de domaine sont l&#8217;orthographe, qui doit \u00eatre facile, et la m\u00e9morisation, qui doit \u00eatre rapide.<\/p>\n<ul>\n<li><u>Choisissez un petit nom<\/u> : l&#8217;un des d\u00e9tails les plus importants lors de la conception d&#8217;un nom de domaine est qu&#8217;il doit \u00eatre petit, afin d&#8217;\u00eatre plus facilement m\u00e9morisable. En outre, les utilisateurs peuvent \u00eatre d\u00e9rout\u00e9s par des noms trop longs ;<\/li>\n<li><u>Utilisez le nom de votre activit\u00e9 dans le domaine<\/u> : l&#8217;utilisation d&#8217;un mot cl\u00e9 en rapport avec votre travail permet d&#8217;attirer davantage d&#8217;utilisateurs sur votre page. En effet, cela permet de clarifier le sujet de votre site. Par exemple, l&#8217;utilisation du mot &#8220;boutique&#8221;, si vous avez un commerce \u00e9lectronique ;<\/li>\n<li><u>Pensez aux utilisateurs mobiles<\/u> : de nos jours, une bonne partie des internautes acc\u00e8dent aux sites web via un t\u00e9l\u00e9phone mobile, il est donc essentiel de penser \u00e0 eux lors de la cr\u00e9ation de votre site web. Pour cette raison, cr\u00e9ez des noms qui sont simples et qui ne sont pas facilement mal orthographi\u00e9s.<\/li>\n<\/ul>\n<h2>Comment acheter un domaine et l&#8217;h\u00e9berger ?<\/h2>\n<p><img decoding=\"async\" class=\"alignnone size-full wp-image-21516\" src=\"https:\/\/www.cmonsite.fr\/site\/webup\/2022\/09\/laptop-2562211_1280.jpg\" alt=\"\" width=\"1280\" height=\"853\" srcset=\"https:\/\/www.cmonsite.fr\/site\/webup\/2022\/09\/laptop-2562211_1280.jpg 1280w, https:\/\/www.cmonsite.fr\/site\/webup\/2022\/09\/laptop-2562211_1280-300x200.jpg 300w, https:\/\/www.cmonsite.fr\/site\/webup\/2022\/09\/laptop-2562211_1280-1024x682.jpg 1024w, https:\/\/www.cmonsite.fr\/site\/webup\/2022\/09\/laptop-2562211_1280-768x512.jpg 768w\" sizes=\"(max-width: 1280px) 100vw, 1280px\" \/><\/p>\n<p>Pour avoir un domaine, vous devez vous <u>inscrire aupr\u00e8s d&#8217;un bureau d&#8217;enregistrement de domaines<\/u>, puis acheter un nom de domaine disponible. Les domaines sont vendus pour un an ou plus &#8211; dans ce dernier cas, une remise est accord\u00e9e.<\/p>\n<p>De nombreux facteurs influencent le prix d&#8217;achat d&#8217;un nom de domaine, tels que :<\/p>\n<ul>\n<li>Le choix de l&#8217;extension (les TLD inhabituels ou innovants co\u00fbtent plus cher que les .com ou .fr plus familiers) ;<\/li>\n<li>Le choix d&#8217;enregistrement ;<\/li>\n<li>La disponibilit\u00e9.<\/li>\n<\/ul>\n<p>Apr\u00e8s l&#8217;achat d&#8217;un domaine, l&#8217;h\u00e9bergement est achet\u00e9 et le domaine y est envoy\u00e9. Pour ce faire, dans leur panneau de contr\u00f4le d&#8217;h\u00e9bergement, sont pris les soi-disant espaces de noms (Namespace, abr\u00e9g\u00e9 NS), qui sont une combinaison de lettres et de chiffres, et sont les adresses du serveur. Ces NS sont ensuite ins\u00e9r\u00e9s dans le <strong>panneau de contr\u00f4le du domaine<\/strong> chez le registraire. Apr\u00e8s un certain temps, vous pouvez utiliser votre domaine pour atteindre votre serveur ou votre site web, s&#8217;il a \u00e9t\u00e9 mis en place \u00e0 ce moment-l\u00e0.<\/p>\n<h2>Derniers conseils<\/h2>\n<p><strong>Le nom de domaine<\/strong>, comme on l&#8217;a d\u00e9j\u00e0 dit, est l&#8217;un des attributs les plus importants d&#8217;un <strong>site web<\/strong>. Si vous le perdez, vous perdrez pratiquement votre site web. Par cons\u00e9quent, il est fortement recommand\u00e9 de conserver le login et le mot de passe du bureau d&#8217;enregistrement du domaine dans un programme sp\u00e9cial qui stocke les mots de passe et autres donn\u00e9es sous forme crypt\u00e9e. Cela vous prot\u00e9gera des pirates informatiques ainsi que de toutes sortes de virus qui volent les mots de passe sur les ordinateurs des utilisateurs et les envoient \u00e0 leur cr\u00e9ateur.<\/p>\n<\/div>\n","protected":false},"excerpt":{"rendered":"<p>L&#8217;achat d&#8217;un nom de domaine est la premi\u00e8re \u00e9tape de la cr\u00e9ation de votre propre site web. Acheter un nom de domaine n&#8217;est pas particuli\u00e8rement difficile pour ceux qui l&#8217;ont fait plus d&#8217;une fois, mais pour les d\u00e9butants, c&#8217;est plus compliqu\u00e9. Dans cet article, vous apprendrez comment et o\u00f9 acheter un domaine pour votre site. [&hellip;]<\/p>\n","protected":false},"author":1,"featured_media":21518,"parent":21504,"menu_order":1,"comment_status":"closed","ping_status":"closed","template":"","meta":{"_helpful_status":1,"footnotes":""},"class_list":["post-21515","page","type-page","status-publish","has-post-thumbnail","hentry"],"_links":{"self":[{"href":"https:\/\/www.cmonsite.fr\/site\/wp-json\/wp\/v2\/pages\/21515","targetHints":{"allow":["GET"]}}],"collection":[{"href":"https:\/\/www.cmonsite.fr\/site\/wp-json\/wp\/v2\/pages"}],"about":[{"href":"https:\/\/www.cmonsite.fr\/site\/wp-json\/wp\/v2\/types\/page"}],"author":[{"embeddable":true,"href":"https:\/\/www.cmonsite.fr\/site\/wp-json\/wp\/v2\/users\/1"}],"replies":[{"embeddable":true,"href":"https:\/\/www.cmonsite.fr\/site\/wp-json\/wp\/v2\/comments?post=21515"}],"version-history":[{"count":3,"href":"https:\/\/www.cmonsite.fr\/site\/wp-json\/wp\/v2\/pages\/21515\/revisions"}],"predecessor-version":[{"id":21811,"href":"https:\/\/www.cmonsite.fr\/site\/wp-json\/wp\/v2\/pages\/21515\/revisions\/21811"}],"up":[{"embeddable":true,"href":"https:\/\/www.cmonsite.fr\/site\/wp-json\/wp\/v2\/pages\/21504"}],"wp:featuredmedia":[{"embeddable":true,"href":"https:\/\/www.cmonsite.fr\/site\/wp-json\/wp\/v2\/media\/21518"}],"wp:attachment":[{"href":"https:\/\/www.cmonsite.fr\/site\/wp-json\/wp\/v2\/media?parent=21515"}],"curies":[{"name":"wp","href":"https:\/\/api.w.org\/{rel}","templated":true}]}}