{"id":21504,"date":"2022-09-05T12:36:32","date_gmt":"2022-09-05T10:36:32","guid":{"rendered":"https:\/\/www.cmonsite.fr\/site\/?page_id=21504"},"modified":"2022-09-13T14:54:27","modified_gmt":"2022-09-13T12:54:27","slug":"nom-de-domaine","status":"publish","type":"page","link":"https:\/\/www.cmonsite.fr\/site\/guides\/creation-site\/nom-de-domaine","title":{"rendered":"Comment avoir son propre nom de domaine ?"},"content":{"rendered":"<div class=\"text-content\">\n<p>Vous avez saut\u00e9 le pas et pris la d\u00e9cision de <a href=\"https:\/\/www.cmonsite.fr\/site\/guides\/creation-site\">cr\u00e9er votre propre site Internet\u00a0<\/a>? Vous souhaitez maintenant cr\u00e9er votre nom de domaine original ? Tout cela peut para\u00eetre compliqu\u00e9 avec le surplus d&#8217;informations que l&#8217;on trouve sur le net. \u00c0 travers diff\u00e9rentes \u00e9tapes indispensables mais simples, il vous est possible de cr\u00e9er <strong>votre domaine<\/strong>, essentiel au d\u00e9veloppement de votre page internet.<\/p>\n<h2>Pourquoi poss\u00e9der un nom de domaine ?<\/h2>\n<p>Un nom de domaine a une grande importance dans le d\u00e9veloppement de votre site en ligne puisqu&#8217;il va permettre de <strong>faciliter votre connexion<\/strong> avec votre audience cibl\u00e9e. Cette cible va pouvoir grandir avec le temps puisque de nouveaux utilisateurs vont \u00eatre dirig\u00e9s vers votre page.<\/p>\n<p>Les points les plus importants :<\/p>\n<ul>\n<li>Trouver le site internet avec facilit\u00e9.<\/li>\n<li>Agrandir son audience.<\/li>\n<li>Rendre un site plus cr\u00e9dible et plus professionnel.<\/li>\n<li>Prot\u00e9ger son image.<\/li>\n<li>Am\u00e9liorer sa visibilit\u00e9 et son r\u00e9f\u00e9rencement naturel.<\/li>\n<\/ul>\n<h2>Quels crit\u00e8res pour choisir un nom de domaine ?<\/h2>\n<p><a href=\"https:\/\/www.cmonsite.fr\/site\/guides\/creation-site\/nom-de-domaine\/criteres\">Quels crit\u00e8res pour choisir un nom de domaine ?<\/a> \u00c9videmment, le choix du nom va devoir \u00eatre soign\u00e9 puisqu&#8217;il va r\u00e9ellement agir sur l&#8217;identit\u00e9 de votre page et\/ou de votre marque. Il doit \u00eatre facile \u00e0 m\u00e9moriser pour ne pas compliquer l&#8217;acc\u00e8s aux utilisateurs. La simplicit\u00e9 est le mot d&#8217;ordre puisque les int\u00e9ress\u00e9s ne vont pas vouloir faire d&#8217;efforts monstrueux pour vous retrouver, c&#8217;est \u00e0 vous de rendre la recherche pratique.<\/p>\n<p>Un autre crit\u00e8re est celui de la pertinence du nom en rapport avec votre activit\u00e9. En effet, vous pouvez choisir comme \u00e9l\u00e9ment de nom de domaine un rep\u00e8re g\u00e9ographique, un nom propre, le nom de votre marque, ou m\u00eame un \u00e9l\u00e9ment cl\u00e9 en rapport avec votre site. Comme cela, vous serez bien r\u00e9f\u00e9renc\u00e9 et appara\u00eetrez plus facilement aux c\u00f4t\u00e9s de vos concurrents directs.<\/p>\n<p>Une des questions que l&#8217;on peut se poser est le choix de l&#8217;extension &#8220;.fr&#8221; ou &#8220;. com&#8221; \u00e0 la fin de votre nom de domaine. La question est pertinente puisque le choix va se faire en fonction de votre rayonnement. S&#8217;il se fait \u00e0 l&#8217;international, vous allez vous diriger vers &#8220;.com&#8221;, mais si votre activit\u00e9 se concentre sur une zone particuli\u00e8re en France, le choix de l&#8217;extension &#8220;.fr&#8221; est plus judicieux.<\/p>\n<h2>Comment acheter un nom de domaine ?<\/h2>\n<p><img fetchpriority=\"high\" decoding=\"async\" class=\"alignnone size-full wp-image-21505\" src=\"https:\/\/www.cmonsite.fr\/site\/webup\/2022\/09\/office-605503_1280.jpg\" alt=\"\" width=\"1280\" height=\"850\" srcset=\"https:\/\/www.cmonsite.fr\/site\/webup\/2022\/09\/office-605503_1280.jpg 1280w, https:\/\/www.cmonsite.fr\/site\/webup\/2022\/09\/office-605503_1280-300x199.jpg 300w, https:\/\/www.cmonsite.fr\/site\/webup\/2022\/09\/office-605503_1280-1024x680.jpg 1024w, https:\/\/www.cmonsite.fr\/site\/webup\/2022\/09\/office-605503_1280-768x510.jpg 768w\" sizes=\"(max-width: 1280px) 100vw, 1280px\" \/><\/p>\n<p><a href=\"https:\/\/www.cmonsite.fr\/site\/guides\/creation-site\/nom-de-domaine\/comment-acheter\">Comment acheter un nom de domaine ?<\/a> Avant m\u00eame d&#8217;acheter votre nom de domaine, il est possible de le r\u00e9server. Pour cela, il faut d&#8217;abord v\u00e9rifier sa disponibilit\u00e9 sur le site de <strong>l&#8217;AFNIC<\/strong> (Association fran\u00e7aise pour le nommage Internet en coop\u00e9ration) ou sur le site <strong>Domize<\/strong>. Cette \u00e9tape est importante, puisqu&#8217;il est \u00e9videmment impossible de partager le m\u00eame nom de domaine que quelqu&#8217;un d&#8217;autre.<\/p>\n<p>&nbsp;<\/p>\n<p>L&#8217;achat d&#8217;un nom de domaine se fait <strong>en ligne<\/strong> et prend tr\u00e8s peu de temps g\u00e9n\u00e9ralement. Apr\u00e8s avoir v\u00e9rifi\u00e9 sa disponibilit\u00e9, vous devez remplir un formulaire avec les informations suivantes :<\/p>\n<ul>\n<li>Le nom du propri\u00e9taire du domaine.<\/li>\n<li>Le type de soci\u00e9t\u00e9 et la raison sociale.<\/li>\n<li>L&#8217;activit\u00e9 professionnelle concern\u00e9e.<\/li>\n<li>Si l&#8217;enregistrement se fait pour une personne physique ou morale.<\/li>\n<\/ul>\n<p>Pour confirmer votre commande, un email r\u00e9capitulatif vous sera envoy\u00e9. Une fois la v\u00e9rification faite et le r\u00e8glement effectu\u00e9, la demande d&#8217;enregistrement de nom de domaine est envoy\u00e9e au <strong>registre des noms de domaine<\/strong>.<\/p>\n<h3>O\u00f9 acheter son nom de domaine ?<\/h3>\n<p>Cette \u00e9tape se fait donc en ligne aupr\u00e8s de bureaux d&#8217;enregistrement aussi appel\u00e9s &#8220;registrar&#8221;. Cet interm\u00e9diaire entre vous et les organismes des noms de domaine comme l&#8217;AFNIC s&#8217;occupe aussi des d\u00e9marches administratives d&#8217;enregistrement et aide \u00e0 l&#8217;obtention des noms de domaine pour \u00e9viter les probl\u00e8mes de doublons par exemple.<\/p>\n<p>Les t\u00e2ches dont peuvent s&#8217;occuper les bureaux d&#8217;enregistrement sont :<\/p>\n<ul>\n<li>L&#8217;h\u00e9bergement du nom de domaine et du site internet sur leurs propres serveurs.<\/li>\n<li>L&#8217;assistance pour les d\u00e9marches administratives concernant votre nom de domaine.<\/li>\n<li>La gestion DNS du nom de domaine.<\/li>\n<li>Les redirections vers une adresse mail ou un site Internet existant.<\/li>\n<\/ul>\n<p>Les offres sont diff\u00e9rentes selon les registrar et certains proposent beaucoup plus de services que d&#8217;autres. Le choix est propre \u00e0 chacun et va se faire en fonction de vos besoins.<\/p>\n<h3>Renouveler son nom de domaine<\/h3>\n<p>Afin de rester le propri\u00e9taire de votre nom de domaine, il est important de penser \u00e0 le <strong>renouveler chaque ann\u00e9e<\/strong>. Pour cela, il suffit de payer une <strong>redevance annuelle<\/strong> aupr\u00e8s du bureau d&#8217;enregistrement o\u00f9 vous avez acquis votre nom de domaine.<\/p>\n<h2>Comment acheter un certificat SSL pour un nom de domaine ?<\/h2>\n<p><a href=\"https:\/\/www.cmonsite.fr\/site\/guides\/creation-site\/nom-de-domaine\/certificat-ssl\">Comment acheter un certificat SSL pour un nom de domaine ?<\/a> Un certificat num\u00e9rique SSL est un <strong>protocole de communication relatif aux \u00e9changes entre votre site et le navigateur des utilisateurs<\/strong>. Ce certificat est primordial puisqu&#8217;il va \u00eatre en charge de la connexion entre eux et votre page. Il emp\u00eache le vol des donn\u00e9es de vos utilisateurs ainsi que les v\u00f4tres et est donc tr\u00e8s important pour la s\u00e9curit\u00e9 de votre site.<\/p>\n<p>Cette connexion se fera automatiquement d\u00e8s lors que l&#8217;achat du certificat s&#8217;est fait. De nombreuses offres en ligne permettent de s&#8217;en procurer, cependant il faut que ces plateformes soient des <strong>autorit\u00e9s certificatrices<\/strong> et doivent \u00eatre homologu\u00e9es par les navigateurs internet. Le certificat doit \u00eatre r\u00e9guli\u00e8rement renouvel\u00e9 afin de continuer \u00e0 s\u00e9curiser les \u00e9changes de son site. Le prix d&#8217;un certificat SSL est d&#8217;<strong>environ 50 euros par an.<\/strong><\/p>\n<h2>Comment choisir une marque pour son site internet ?<\/h2>\n<p><img decoding=\"async\" class=\"alignnone size-full wp-image-21506\" src=\"https:\/\/www.cmonsite.fr\/site\/webup\/2022\/09\/office-625893_1280.jpg\" alt=\"\" width=\"1280\" height=\"850\" srcset=\"https:\/\/www.cmonsite.fr\/site\/webup\/2022\/09\/office-625893_1280.jpg 1280w, https:\/\/www.cmonsite.fr\/site\/webup\/2022\/09\/office-625893_1280-300x199.jpg 300w, https:\/\/www.cmonsite.fr\/site\/webup\/2022\/09\/office-625893_1280-1024x680.jpg 1024w, https:\/\/www.cmonsite.fr\/site\/webup\/2022\/09\/office-625893_1280-768x510.jpg 768w\" sizes=\"(max-width: 1280px) 100vw, 1280px\" \/><\/p>\n<p><a href=\"https:\/\/www.cmonsite.fr\/site\/guides\/creation-site\/nom-de-domaine\/marque\">Comment choisir une marque pour son site internet ?<\/a> Trouver le meilleur nom de marque pour votre site Internet est une t\u00e2che essentielle mais peu complexe. Le nom est l&#8217;\u00e9l\u00e9ment le plus important puisque vos clients potentiels entendront en premier. Il n&#8217;est pas rare que le nom de la marque et celui du domaine soient les m\u00eames puisque cela rend l&#8217;acc\u00e8s encore plus rapide et simple.<\/p>\n<p>Choisir son nom de marque se fait apr\u00e8s avoir d\u00e9finit son univers de marque. Donc l&#8217;offre produit, les valeurs de la marque, le secteur d&#8217;activit\u00e9, etc. sont d\u00e9j\u00e0 trouv\u00e9s. \u00c9videmment, il faut \u00e9viter de choisir un nom trop commun, peu attrayant ou ressemblant de trop pr\u00e8s \u00e0 une marque existante afin d&#8217;\u00e9viter aux consommateurs de vous confondre avec un concurrent.<\/p>\n<p>Votre objectif est donc de trouver un nom original, simple \u00e0 retenir, clair pour le consommateur, attrayant et moderne car celui-ci doit donner envie aux consommateurs.<\/p>\n<h2>Comment avoir son email avec son propre nom de domaine ?<\/h2>\n<p><a href=\"https:\/\/www.cmonsite.fr\/site\/guides\/creation-site\/nom-de-domaine\/email\">Comment avoir son email avec son propre nom de domaine ?<\/a> Un email correspondant \u00e0 son nom de domaine est pratique pour de nombreuses raisons. Au niveau de la communication, cela va rendre votre <strong>image beaucoup plus professionnelle<\/strong> pendant vos \u00e9changes de mails par exemple. Cela va aussi ne laisser aucun doute sur le propri\u00e9taire de l&#8217;adresse email.<\/p>\n<p>Il est possible d&#8217;avoir son adresse email avec son nom de domaine de fa\u00e7on gratuite ou payante. En effet, des services de messagerie professionnelle proposent des forfaits mensuels pour obtenir une adresse professionnelle et d&#8217;autres options sont disponibles.<\/p>\n<p>Cependant, il est aussi possible d&#8217;obtenir l&#8217;adresse email que l&#8217;on souhaite gratuitement. Des services de Webmail propose en effet de prot\u00e9ger votre s\u00e9curit\u00e9 tout en offrant une communication fluide et fiable. Afin de choisir votre extension, plusieurs options s&#8217;offrent \u00e0 vous mais la meilleure option reste tout de m\u00eame de garder son nom de domaine.<\/p>\n<\/div>\n","protected":false},"excerpt":{"rendered":"<p>Vous avez saut\u00e9 le pas et pris la d\u00e9cision de cr\u00e9er votre propre site Internet\u00a0? Vous souhaitez maintenant cr\u00e9er votre nom de domaine original ? Tout cela peut para\u00eetre compliqu\u00e9 avec le surplus d&#8217;informations que l&#8217;on trouve sur le net. \u00c0 travers diff\u00e9rentes \u00e9tapes indispensables mais simples, il vous est possible de cr\u00e9er votre domaine, [&hellip;]<\/p>\n","protected":false},"author":1,"featured_media":21507,"parent":21304,"menu_order":0,"comment_status":"closed","ping_status":"closed","template":"","meta":{"_helpful_status":1,"footnotes":""},"class_list":["post-21504","page","type-page","status-publish","has-post-thumbnail","hentry"],"_links":{"self":[{"href":"https:\/\/www.cmonsite.fr\/site\/wp-json\/wp\/v2\/pages\/21504","targetHints":{"allow":["GET"]}}],"collection":[{"href":"https:\/\/www.cmonsite.fr\/site\/wp-json\/wp\/v2\/pages"}],"about":[{"href":"https:\/\/www.cmonsite.fr\/site\/wp-json\/wp\/v2\/types\/page"}],"author":[{"embeddable":true,"href":"https:\/\/www.cmonsite.fr\/site\/wp-json\/wp\/v2\/users\/1"}],"replies":[{"embeddable":true,"href":"https:\/\/www.cmonsite.fr\/site\/wp-json\/wp\/v2\/comments?post=21504"}],"version-history":[{"count":5,"href":"https:\/\/www.cmonsite.fr\/site\/wp-json\/wp\/v2\/pages\/21504\/revisions"}],"predecessor-version":[{"id":21742,"href":"https:\/\/www.cmonsite.fr\/site\/wp-json\/wp\/v2\/pages\/21504\/revisions\/21742"}],"up":[{"embeddable":true,"href":"https:\/\/www.cmonsite.fr\/site\/wp-json\/wp\/v2\/pages\/21304"}],"wp:featuredmedia":[{"embeddable":true,"href":"https:\/\/www.cmonsite.fr\/site\/wp-json\/wp\/v2\/media\/21507"}],"wp:attachment":[{"href":"https:\/\/www.cmonsite.fr\/site\/wp-json\/wp\/v2\/media?parent=21504"}],"curies":[{"name":"wp","href":"https:\/\/api.w.org\/{rel}","templated":true}]}}