{"id":21497,"date":"2022-09-05T12:33:09","date_gmt":"2022-09-05T10:33:09","guid":{"rendered":"https:\/\/www.cmonsite.fr\/site\/?page_id=21497"},"modified":"2022-09-12T17:25:09","modified_gmt":"2022-09-12T15:25:09","slug":"sans-cms","status":"publish","type":"page","link":"https:\/\/www.cmonsite.fr\/site\/guides\/creation-site\/sans-connaissance\/sans-cms","title":{"rendered":"Comment cr\u00e9er un site sans CMS ?"},"content":{"rendered":"<div class=\"text-content\">\n<p>Aujourd\u2019hui, beaucoup de gens travaillent en ligne, bien pr\u00e9cis\u00e9ment sur des sites internet. Ces derniers permettent de d\u00e9velopper et de rendre visible son produit. Pour cr\u00e9er un site, il n\u2019est pas toujours n\u00e9cessaire d\u2019utiliser un CMS. C\u2019est un syst\u00e8me de g\u00e9rance des contenus qui permet de mettre \u00e0 jour la page web <a href=\"https:\/\/www.cmonsite.fr\/site\/guides\/creation-site\/sans-connaissance\">sans connaissance particuli\u00e8re<\/a>. Mais comment r\u00e9aliser un <strong>site internet sans CMS<\/strong> ? Quels sont les \u00e9l\u00e9ments \u00e0 mettre en place\u2009? Suivez ce guide\u2009!<\/p>\n<h2>Conna\u00eetre le type de site que vous voulez cr\u00e9er<\/h2>\n<p>Lorsqu\u2019il s\u2019agit de cr\u00e9er un site web, il doit r\u00e9pondre selon le type d\u2019activit\u00e9 \u00e0 d\u00e9velopper. Tout d\u2019abord, vous devez d\u00e9finir vos objectifs pr\u00e9cis afin de <strong>simplifier vos missions<\/strong>. Privil\u00e9giez un site qui vous permet de travailler avec rapidit\u00e9 pour vous \u00e9loigner de diff\u00e9rentes probl\u00e9matiques. Apr\u00e8s avoir termin\u00e9 votre analyse, il est important de prendre en consid\u00e9ration les technologies \u00e0 utiliser. Sachez qu\u2019il n\u2019est pas toujours n\u00e9cessaire d\u2019avoir des connaissances en informatique pour la cr\u00e9ation d\u2019un site web. Il existe des moyens tr\u00e8s simples avec lesquels vous pouvez <strong>cr\u00e9er votre propre page<\/strong>.<\/p>\n<h2>\u00c9tablir un plan \u00e9ditorial pour les contenus<\/h2>\n<p>Il est n\u00e9cessaire de passer par cette \u00e9tape afin de bien d\u00e9velopper votre activit\u00e9. L\u2019\u00e9laboration d\u2019un planning \u00e9ditorial vous permet de <strong>pr\u00e9voir la production des contenus<\/strong> par rapport \u00e0 l\u2019alimentation de vos supports de diffusion.<\/p>\n<p>Dans votre plan, de nombreux \u00e9l\u00e9ments doivent g\u00e9n\u00e9ralement \u00eatre consid\u00e9r\u00e9s :<\/p>\n<ul>\n<li>les th\u00e9matiques et les sujets que vous allez traiter\u2009;<\/li>\n<li>la nature des contenus \u00e0 produire\u2009;<\/li>\n<li>les objectifs relatifs \u00e0 chaque contenu\u2009;<\/li>\n<li>les cibles relatives au contenu produit\u2009;<\/li>\n<li>etc.<\/li>\n<\/ul>\n<h2>Trouver un nom de domaine personnalis\u00e9<\/h2>\n<p><img fetchpriority=\"high\" decoding=\"async\" class=\"alignnone size-full wp-image-21500\" src=\"https:\/\/www.cmonsite.fr\/site\/webup\/2022\/09\/typing-849806_1280.jpg\" alt=\"\" width=\"1280\" height=\"823\" srcset=\"https:\/\/www.cmonsite.fr\/site\/webup\/2022\/09\/typing-849806_1280.jpg 1280w, https:\/\/www.cmonsite.fr\/site\/webup\/2022\/09\/typing-849806_1280-300x193.jpg 300w, https:\/\/www.cmonsite.fr\/site\/webup\/2022\/09\/typing-849806_1280-1024x658.jpg 1024w, https:\/\/www.cmonsite.fr\/site\/webup\/2022\/09\/typing-849806_1280-768x494.jpg 768w\" sizes=\"(max-width: 1280px) 100vw, 1280px\" \/><\/p>\n<p>Il est essentiel de choisir le bon nom de domaine pour votre site internet. Pour ne pas nuire votre marque ou votre classement de recherche, personnalisez votre nom d\u00e8s le d\u00e9part. Pour faciliter l\u2019activation de votre page, choisissez un <strong>identifiant court<\/strong> et facile \u00e0 retenir. Vous n\u2019avez pas besoin du CMS pour cr\u00e9er votre nom de domaine. Vous devez \u00e9viter les lettres doubl\u00e9es ainsi que les diff\u00e9rentes ponctuations.<\/p>\n<p>Vous pouvez aussi t\u00e9l\u00e9charger ou <strong>obtenir un identifiant de domaine<\/strong> sur un h\u00e9bergement web. L\u2019utilisation du domaine.com est souvent conseill\u00e9e par les cr\u00e9ateurs de site web. Ainsi, il est important d\u2019agir rapidement avant que d\u2019autres personnes ne prennent votre nom.<\/p>\n<h2>D\u00e9velopper le site \u00e0 la main<\/h2>\n<p>Le CMS d\u00e9signe l\u2019ensemble des logiciels qui permettent la cr\u00e9ation, le maintien et la gestion des contenus d\u2019un site web. Ce syst\u00e8me dispose de nombreux types d\u2019outils qui sont des fonctions communes. Cependant, il est possible de cr\u00e9er votre site sans ces logiciels.<\/p>\n<p>Vous pouvez \u00e9crire vous-m\u00eame le code source de l\u2019application en utilisant des frameworks ou des biblioth\u00e8ques sp\u00e9cifiques. Ce sont des espaces de travail qui vous simplifient le traitement de vos op\u00e9rations. Ainsi, l\u2019utilisation d\u2019un CMS n\u2019est pas obligatoire pour la conception de votre site professionnel.<\/p>\n<p>En outre, lorsqu\u2019on d\u00e9veloppe un site internet, il doit imp\u00e9rativement r\u00e9pondre \u00e0 des besoins qui varient en fonction du projet. Un r\u00e9seau social et un site vitrine n\u2019ont pas les m\u00eames syst\u00e8mes, mais r\u00e9pondent \u00e0 des contraintes similaires. Par exemple, il faut prendre en consid\u00e9ration le temps de r\u00e9ponse d\u2019une page afin d\u2019optimiser le chargement de votre site internet.<\/p>\n<h2>Cr\u00e9er les pages et le menu<\/h2>\n<p>Le d\u00e9veloppement d\u2019un site web soi-m\u00eame est plus \u00e9conomique que l\u2019utilisation d\u2019un CMS. La visibilit\u00e9 est importante pour une activit\u00e9 sur le site internet. Vous devez optimiser votre page vous-m\u00eame en utilisant des contenus de qualit\u00e9. Vous pouvez <strong>cr\u00e9er un code HTML<\/strong> pour vos menus, et ajouter des images personnalisables qui vous permettront de vous afficher en premi\u00e8re page de recherche. Votre page doit avoir une bonne allure, par rapport \u00e0 votre concurrence. Sachez que toute activit\u00e9 sur le site internet doit \u00eatre utile pour les internautes. \u00c9vitez de choisir des photos dans les banques d\u2019images que vous trouvez partout. Il vous suffit de <strong>r\u00e9aliser un bon design<\/strong> afin d\u2019attirer l\u2019attention des internautes.<\/p>\n<p>En outre, la gestion de votre menu constitue un aspect important du site web. Un menu organis\u00e9 facilitera aux clients la navigation sur le site internet afin de trouver ce qu\u2019ils recherchent. Il sera agr\u00e9able \u00e0 l\u2019\u0153il et fera une publicit\u00e9 pour l\u2019internaute.<\/p>\n<h2>Optimiser le site internet pour les moteurs de recherche<\/h2>\n<p>Vous pouvez optimiser votre site en utilisant le r\u00e9f\u00e9rencement naturel. Sachez qu\u2019il est possible de l\u2019activer sans logiciel. Pour d\u00e9velopper votre activit\u00e9, pensez \u00e0 franchir cette \u00e9tape pour <strong>appara\u00eetre en premi\u00e8re page de Google<\/strong>. L\u2019optimisation des contenus de votre page permet de diriger les utilisateurs vers votre site. Il vous est donc important de vous afficher en t\u00eate de classement, tout en optimisant votre site et votre contenu web. Ainsi, les g\u00e9rants du site n\u2019auront aucun probl\u00e8me \u00e0 effectuer leurs t\u00e2ches. Cr\u00e9ez des liens externes avec lesquels vous recevez des backlinks de valeur pour votre page. Toute personne ayant une influence sur la conception d\u2019un site peut participer \u00e0 cette optimisation afin de garantir une r\u00e9ussite.<\/p>\n<h2>Publier le site internet et faire sa promotion sur des r\u00e9seaux sociaux<\/h2>\n<p>Apr\u00e8s avoir organis\u00e9 vos fichiers et r\u00e9alis\u00e9 les diff\u00e9rents processus de cr\u00e9ation, pensez \u00e0 <strong>faire la publicit\u00e9 de votre site<\/strong>. Afin de bien contr\u00f4ler votre site internet, il est n\u00e9cessaire de trouver votre h\u00e9bergement web. Vous pouvez aussi utiliser des outils en ligne qui vous permettent de t\u00e9l\u00e9verser des d\u00e9p\u00f4ts de code ou de collaborer \u00e0 des projets de code. Tant que vous vous connectez \u00e0 votre site, il existe un panneau ou un tableau de bord qui vous permet de le visualiser. Optimisez l\u2019acc\u00e8s \u00e0 votre site en cr\u00e9ant des URL sp\u00e9cifiques.<\/p>\n<h2>Ajouter \u00e9ventuellement un blog ou une boutique en ligne li\u00e9e \u00e0 vos activit\u00e9s et vos produits<\/h2>\n<p><img decoding=\"async\" class=\"alignnone size-full wp-image-21499\" src=\"https:\/\/www.cmonsite.fr\/site\/webup\/2022\/09\/coding-1853305_1280.jpg\" alt=\"\" width=\"1280\" height=\"853\" srcset=\"https:\/\/www.cmonsite.fr\/site\/webup\/2022\/09\/coding-1853305_1280.jpg 1280w, https:\/\/www.cmonsite.fr\/site\/webup\/2022\/09\/coding-1853305_1280-300x200.jpg 300w, https:\/\/www.cmonsite.fr\/site\/webup\/2022\/09\/coding-1853305_1280-1024x682.jpg 1024w, https:\/\/www.cmonsite.fr\/site\/webup\/2022\/09\/coding-1853305_1280-768x512.jpg 768w\" sizes=\"(max-width: 1280px) 100vw, 1280px\" \/><\/p>\n<p>Pour d\u00e9velopper votre projet, vous devez ajouter un blog qui est li\u00e9 \u00e0 votre site internet. Sans CMS, la seule option de cr\u00e9er un site est de l\u2019optimiser soi-m\u00eame. Sachez que ces outils peuvent vous aider \u00e0 <strong>favoriser le d\u00e9veloppement de votre site<\/strong>. Si votre site est structur\u00e9 et riche en contenu, vous augmenterez vos chances de r\u00e9ussite.<\/p>\n<p>Relier un blog avec votre site permet aux internautes de naviguer et de vous trouver facilement parmi les autres sites de votre concurrence. Ce syst\u00e8me d\u2019optimisation vous place en position d\u2019expert et peut <strong>renforcer la cr\u00e9dibilit\u00e9<\/strong> de votre site. Il s\u2019av\u00e8re \u00eatre un bon outil de communication afin de faire passer l\u2019existence de votre site aux utilisateurs.<\/p>\n<p>Beaucoup de personnes pensent qu\u2019il est impossible de <strong>cr\u00e9er un site sans CMS<\/strong>. Cependant, comme vous pouvez le constater, ce processus s\u2019av\u00e8re r\u00e9alisable. Ainsi, proc\u00e9dez \u00e0 ces d\u00e9marches afin de passer \u00e0 la cr\u00e9ation.<\/p>\n<\/div>\n","protected":false},"excerpt":{"rendered":"<p>Aujourd\u2019hui, beaucoup de gens travaillent en ligne, bien pr\u00e9cis\u00e9ment sur des sites internet. Ces derniers permettent de d\u00e9velopper et de rendre visible son produit. Pour cr\u00e9er un site, il n\u2019est pas toujours n\u00e9cessaire d\u2019utiliser un CMS. C\u2019est un syst\u00e8me de g\u00e9rance des contenus qui permet de mettre \u00e0 jour la page web sans connaissance particuli\u00e8re. [&hellip;]<\/p>\n","protected":false},"author":1,"featured_media":21501,"parent":21475,"menu_order":3,"comment_status":"closed","ping_status":"closed","template":"","meta":{"_helpful_status":1,"footnotes":""},"class_list":["post-21497","page","type-page","status-publish","has-post-thumbnail","hentry"],"_links":{"self":[{"href":"https:\/\/www.cmonsite.fr\/site\/wp-json\/wp\/v2\/pages\/21497","targetHints":{"allow":["GET"]}}],"collection":[{"href":"https:\/\/www.cmonsite.fr\/site\/wp-json\/wp\/v2\/pages"}],"about":[{"href":"https:\/\/www.cmonsite.fr\/site\/wp-json\/wp\/v2\/types\/page"}],"author":[{"embeddable":true,"href":"https:\/\/www.cmonsite.fr\/site\/wp-json\/wp\/v2\/users\/1"}],"replies":[{"embeddable":true,"href":"https:\/\/www.cmonsite.fr\/site\/wp-json\/wp\/v2\/comments?post=21497"}],"version-history":[{"count":4,"href":"https:\/\/www.cmonsite.fr\/site\/wp-json\/wp\/v2\/pages\/21497\/revisions"}],"predecessor-version":[{"id":21736,"href":"https:\/\/www.cmonsite.fr\/site\/wp-json\/wp\/v2\/pages\/21497\/revisions\/21736"}],"up":[{"embeddable":true,"href":"https:\/\/www.cmonsite.fr\/site\/wp-json\/wp\/v2\/pages\/21475"}],"wp:featuredmedia":[{"embeddable":true,"href":"https:\/\/www.cmonsite.fr\/site\/wp-json\/wp\/v2\/media\/21501"}],"wp:attachment":[{"href":"https:\/\/www.cmonsite.fr\/site\/wp-json\/wp\/v2\/media?parent=21497"}],"curies":[{"name":"wp","href":"https:\/\/api.w.org\/{rel}","templated":true}]}}