{"id":21492,"date":"2022-09-05T12:27:51","date_gmt":"2022-09-05T10:27:51","guid":{"rendered":"https:\/\/www.cmonsite.fr\/site\/?page_id=21492"},"modified":"2022-09-12T17:23:21","modified_gmt":"2022-09-12T15:23:21","slug":"sans-php","status":"publish","type":"page","link":"https:\/\/www.cmonsite.fr\/site\/guides\/creation-site\/sans-connaissance\/sans-php","title":{"rendered":"Comment cr\u00e9er un site sans PHP ?"},"content":{"rendered":"<div class=\"more-space\">Avoir un site est presque une obligation pour toute entreprise d\u00e9sireuse de se conformer \u00e0 l&#8217;\u00e9volution du monde. Mais bien souvent, les langages de programmation utilis\u00e9s pour cr\u00e9er les sites ne sont pas compris de tous. Il existe heureusement certaines astuces pratiques pour cr\u00e9er un site sans utiliser PHP. D\u00e9couvrez comment cr\u00e9er un site sans PHP <a href=\"https:\/\/www.cmonsite.fr\/site\/guides\/creation-site\/sans-connaissance\">et sans comprendre aucun autre langage informatique<\/a>.<\/div>\n<div class=\"text-content\">\n<h2>Utiliser un autre langage de programmation pour sites statiques<\/h2>\n<p>L&#8217;id\u00e9e semble banale, mais il s&#8217;agit l\u00e0 de la premi\u00e8re v\u00e9ritable solution pour la <u>cr\u00e9ation de sites sans PHP<\/u>. Si vous \u00eates un d\u00e9veloppeur web, cette solution vous est particuli\u00e8rement adress\u00e9e.<\/p>\n<p>En effet, les <strong>langages de programmation<\/strong> jouent diff\u00e9rents r\u00f4les dans l&#8217;animation des sites Internet. Que l&#8217;on ne vous y prenne pas, la cr\u00e9ation d&#8217;un site est intrins\u00e8quement li\u00e9e \u00e0 la programmation. Plus simplement, pas de langage informatique, pas de site Internet !<\/p>\n<p>PHP est \u00e0 la base d&#8217;<strong>un code<\/strong> qui permet entre autres de rendre un <strong>site internet dynamique<\/strong>. Se priver de ce langage, c&#8217;est donc opter pour un site statique. Ce n&#8217;est pas un handicap, m\u00eame si le dynamisme rapportera une touche de professionnalisme \u00e0 votre site. Il peut \u00eatre indispensable si votre site se veut interactif.<\/p>\n<p>Pour cr\u00e9er un site statique, il existe de nombreuses solutions qui se pr\u00e9sentent. Parmi les nombreux langages basiques utilis\u00e9s \u00e0 ces fins, vous pourrez vous servir de :<\/p>\n<ul>\n<li>HTML.<\/li>\n<li>CSS.<\/li>\n<li>JavaScript.<\/li>\n<\/ul>\n<p>Ces langages de programmation ont l&#8217;avantage d&#8217;\u00eatre universels et relativement simples d&#8217;utilisation. Vous \u00e9viterez ainsi de vous servir de PHP sans pour autant miner l&#8217;esth\u00e9tique et la maniabilit\u00e9 de votre site.<\/p>\n<h2>Remplacer PHP par un langage dynamique de substitution<\/h2>\n<p><img fetchpriority=\"high\" decoding=\"async\" class=\"alignnone size-full wp-image-21494\" src=\"https:\/\/www.cmonsite.fr\/site\/webup\/2022\/09\/office-1734485_1280.jpg\" alt=\"\" width=\"1280\" height=\"853\" srcset=\"https:\/\/www.cmonsite.fr\/site\/webup\/2022\/09\/office-1734485_1280.jpg 1280w, https:\/\/www.cmonsite.fr\/site\/webup\/2022\/09\/office-1734485_1280-300x200.jpg 300w, https:\/\/www.cmonsite.fr\/site\/webup\/2022\/09\/office-1734485_1280-1024x682.jpg 1024w, https:\/\/www.cmonsite.fr\/site\/webup\/2022\/09\/office-1734485_1280-768x512.jpg 768w\" sizes=\"(max-width: 1280px) 100vw, 1280px\" \/><\/p>\n<p>Si vous cherchez \u00e0 tout prix \u00e0 int\u00e9grer <strong>l&#8217;option dynamique<\/strong> \u00e0 votre site, vous avez la capacit\u00e9 d&#8217;utiliser un langage de substitution. Bien que PHP soit l&#8217;un des plus recommand\u00e9s, de nombreux autres langages se substituent tr\u00e8s bien \u00e0 lui.<\/p>\n<p>Bien \u00e9videmment, chacun de ces programmes comporte ses avantages ainsi que ses inconv\u00e9nients. Il vous reviendra de vous renseigner sur ces derniers, afin de d\u00e9terminer le plus ad\u00e9quat \u00e0 votre utilisation.<\/p>\n<p>JavaScript, par exemple, est une alternative plus que satisfaisante pour remplacer PHP dans votre exercice de programmation. En plus de vous faire gagner du temps, ce langage assure <strong>ergonomie et fluidit\u00e9 <\/strong>\u00e0 votre site. C&#8217;est aussi le cas de Ruby, un <u>langage open source<\/u> qui se fait de plus en plus de place sur le march\u00e9.<\/p>\n<h2>Se servir d&#8217;un CMS pour son site<\/h2>\n<p>Le <u>Content management system<\/u> (CMS) ou encore le syst\u00e8me de gestion de contenu (SGC) est un syst\u00e8me informatique qui <strong>s\u00e9pare la mise en forme d&#8217;un site de son contenu<\/strong>. Les CMS sont, sans aucun doute, l&#8217;une des solutions les plus ais\u00e9es pour la cr\u00e9ation de sites internet de nos jours. Cette astuce est particuli\u00e8rement adress\u00e9e aux <strong>n\u00e9ophytes du d\u00e9veloppement web<\/strong>, qui ne souhaitent pas se lancer dans l&#8217;apprentissage des langages.<\/p>\n<p>En d&#8217;autres termes, il s&#8217;agit d&#8217;un type d&#8217;application qui sert \u00e0 g\u00e9n\u00e9rer des <strong>sites internet basiques<\/strong> et bien souvent peu modelables. L&#8217;avantage des CMS, c&#8217;est que vous n&#8217;aurez \u00e0 toucher aucun langage informatique. Qu&#8217;il s&#8217;agisse <u>de CSS, d&#8217;HTML ou encore de PHP<\/u>, vous n&#8217;aurez qu&#8217;\u00e0 vous soucier du contenu de votre site.<\/p>\n<p>Plusieurs plateformes et applications de cr\u00e9ation de sites internet offrent la possibilit\u00e9 de se concevoir des sites professionnels gr\u00e2ce au CMS. D&#8217;ailleurs, il n&#8217;y a pas que les sites professionnels qui sont concern\u00e9s. Blog, site personnel, site e-commerce, tout un panel d&#8217;opportunit\u00e9s s&#8217;offre \u00e0 vous \u00e0 travers les CMS.<\/p>\n<p>Les CMS les plus c\u00e9l\u00e8bres sont sans doute WordPress et Wix. Ils sont tr\u00e8s r\u00e9pandus parce qu&#8217;ils existent depuis longtemps. Toutefois, la nouvelle g\u00e9n\u00e9ration de CMS ne cesse pas de se propager dans le monde informatique. \u00c0 titre d&#8217;exemple, il y a :<\/p>\n<ul>\n<li>Bubble.<\/li>\n<li>Webflow.<\/li>\n<li>Weblium.<\/li>\n<li>Adalo.<\/li>\n<li>WoCode.<\/li>\n<\/ul>\n<p>Ces CMS offrent habituellement une version gratuite de leurs services. Il y a aussi la possibilit\u00e9 de les rendre plus professionnels, contre r\u00e9mun\u00e9ration.<\/p>\n<p>Le syst\u00e8me utilis\u00e9 par les CMS est souvent employ\u00e9 par certaines plateformes qui apportent un service plus complet de cr\u00e9ation de sites. Il s&#8217;agit des plateformes de cr\u00e9ation de sites.<\/p>\n<p>Avoir recours aux plateformes de cr\u00e9ation de sites en ligne<\/p>\n<p>Les plateformes de cr\u00e9ation de sites en ligne sont adapt\u00e9es aux novices et aux non-initi\u00e9s du d\u00e9veloppement web. Il s&#8217;agit ici de <u>logiciels internet<\/u> qui g\u00e9n\u00e8rent automatiquement des sites internet. Ainsi, en fonction des diff\u00e9rents r\u00e9glages que vous int\u00e9grez dans le design du site, vous pourrez <u>\u00e9viter PHP<\/u>. Ces logiciels comportent des <u>templates <\/u>ainsi que des th\u00e8mes d\u00e9j\u00e0 con\u00e7us que vous n&#8217;aurez qu&#8217;\u00e0 appliquer.<\/p>\n<p>Les <strong>plateformes de cr\u00e9ation de sites<\/strong> sont de plus en plus pl\u00e9biscit\u00e9es par le grand public. Elles offrent un avantage cons\u00e9quent, celui de l&#8217;accompagnement du client du d\u00e9but \u00e0 la fin de son processus de cr\u00e9ation. G\u00e9n\u00e9ralement, il vous est propos\u00e9 des formules d&#8217;abonnement qui vous permettront d&#8217;obtenir un site sp\u00e9cifique, selon vos besoins.<\/p>\n<p>Il vous suffira de vous inscrire sur la plateforme, de choisir le nom de votre site et il vous sera attribu\u00e9. Cela ne n\u00e9cessite aucune connaissance des langages de programmation, dont PHP. Grace au <u>drag and drop<\/u> (copi\u00e9-coll\u00e9), vous pourrez appliquer votre th\u00e8me et lancer votre activit\u00e9.<\/p>\n<p>La plupart de ces plateformes vous proposent par ailleurs une assurance technique pointue ainsi qu&#8217;un suivi permanent de la maniabilit\u00e9 du site. Elles se chargent des mises \u00e0 jour, moyennant une r\u00e9mun\u00e9ration fix\u00e9e par l&#8217;entreprise.<\/p>\n<h2>Faire appel \u00e0 un programmeur expert pour son site<\/h2>\n<p><img decoding=\"async\" class=\"alignnone size-full wp-image-21493\" src=\"https:\/\/www.cmonsite.fr\/site\/webup\/2022\/09\/technology-2746212_1280.jpg\" alt=\"\" width=\"1280\" height=\"853\" srcset=\"https:\/\/www.cmonsite.fr\/site\/webup\/2022\/09\/technology-2746212_1280.jpg 1280w, https:\/\/www.cmonsite.fr\/site\/webup\/2022\/09\/technology-2746212_1280-300x200.jpg 300w, https:\/\/www.cmonsite.fr\/site\/webup\/2022\/09\/technology-2746212_1280-1024x682.jpg 1024w, https:\/\/www.cmonsite.fr\/site\/webup\/2022\/09\/technology-2746212_1280-768x512.jpg 768w\" sizes=\"(max-width: 1280px) 100vw, 1280px\" \/><\/p>\n<p>Ce n&#8217;est pas toujours la premi\u00e8re chose \u00e0 laquelle vous pensez. La plupart des personnes ayant besoin de sites internet pr\u00e9f\u00e8rent essayer par elles-m\u00eames, le premier argument \u00e9tant celui du budget. En effet, il serait plus sage de se lancer avec un <strong>site gratuit <\/strong>fourni par une plateforme plut\u00f4t que par un d\u00e9veloppeur.<\/p>\n<p>Mais \u00e0 la longue, vous ressentirez \u00e0 coup s\u00fbr le besoin de vous tourner vers un professionnel du d\u00e9veloppement web. Les raisons sont toutes simples. D&#8217;abord, le d\u00e9veloppeur web est en contact quasi permanent avec vous. Les services clients des plateformes de cr\u00e9ation de sites ne sont pas toujours disponibles.<\/p>\n<p>Le <strong>d\u00e9veloppeur web<\/strong> est \u00e0 m\u00eame de comprendre vos besoins de fa\u00e7on plus personnelle, contrairement aux sites tels que WordPress, tr\u00e8s sollicit\u00e9s. Ainsi, si pour une raison ou pour une autre, vous pr\u00e9f\u00e9rez ne pas int\u00e9grer PHP \u00e0 votre site, il saura comment s&#8217;y prendre.<\/p>\n<p>Il sera plus facile pour vous de suivre \u00e9tape par \u00e9tape la construction de votre site. Vous pourrez y apporter des modifications ainsi que des mises \u00e0 jour pour <strong>am\u00e9liorer le rendu<\/strong>. Le d\u00e9veloppeur web constitue, pour ainsi dire, une <u>alternative fiable pour un n\u00e9ophyte<\/u> qui souhaiterait avoir un site sans PHP.<\/p>\n<h2>Quelle m\u00e9thode prioriser pour obtenir un site sans PHP ?<\/h2>\n<p>Les options dont vous disposez sont nombreuses. Aujourd&#8217;hui, il peut paraitre compliqu\u00e9 de d\u00e9cider de se priver de PHP. Le fait est que ce langage est utile pour la <strong>stabilit\u00e9 des pages web<\/strong>. Il est tr\u00e8s souvent int\u00e9gr\u00e9 \u00e0 HTML, il peut donc \u00eatre difficile de savoir s&#8217;il a \u00e9t\u00e9 employ\u00e9 ou non.<\/p>\n<p>Toutefois, gr\u00e2ce \u00e0 la <strong>substitution \u00e0 un autre langage de programmation<\/strong>, se passer de PHP devient vite possible. Pour ce faire, il faut pouvoir trouver la bonne personne, qu&#8217;il s&#8217;agisse d&#8217;un <strong>d\u00e9veloppeur ind\u00e9pendant<\/strong> ou d&#8217;une entreprise. <u>Vos d\u00e9sirs<\/u> seront pris en compte dans la cr\u00e9ation de votre site.<\/p>\n<p>Si vous d\u00e9sirez simplement ne pas vous compliquer la t\u00e2che avec PHP ou avec tout autre langage informatique, laissez faire les CMS. Vous n&#8217;aurez plus qu&#8217;\u00e0 installer votre design et \u00e0 vous lancer dans votre activit\u00e9.<\/p>\n<\/div>\n","protected":false},"excerpt":{"rendered":"<p>Avoir un site est presque une obligation pour toute entreprise d\u00e9sireuse de se conformer \u00e0 l&#8217;\u00e9volution du monde. Mais bien souvent, les langages de programmation utilis\u00e9s pour cr\u00e9er les sites ne sont pas compris de tous. Il existe heureusement certaines astuces pratiques pour cr\u00e9er un site sans utiliser PHP. D\u00e9couvrez comment cr\u00e9er un site sans [&hellip;]<\/p>\n","protected":false},"author":1,"featured_media":21495,"parent":21475,"menu_order":2,"comment_status":"closed","ping_status":"closed","template":"","meta":{"_helpful_status":1,"footnotes":""},"class_list":["post-21492","page","type-page","status-publish","has-post-thumbnail","hentry"],"_links":{"self":[{"href":"https:\/\/www.cmonsite.fr\/site\/wp-json\/wp\/v2\/pages\/21492","targetHints":{"allow":["GET"]}}],"collection":[{"href":"https:\/\/www.cmonsite.fr\/site\/wp-json\/wp\/v2\/pages"}],"about":[{"href":"https:\/\/www.cmonsite.fr\/site\/wp-json\/wp\/v2\/types\/page"}],"author":[{"embeddable":true,"href":"https:\/\/www.cmonsite.fr\/site\/wp-json\/wp\/v2\/users\/1"}],"replies":[{"embeddable":true,"href":"https:\/\/www.cmonsite.fr\/site\/wp-json\/wp\/v2\/comments?post=21492"}],"version-history":[{"count":2,"href":"https:\/\/www.cmonsite.fr\/site\/wp-json\/wp\/v2\/pages\/21492\/revisions"}],"predecessor-version":[{"id":21735,"href":"https:\/\/www.cmonsite.fr\/site\/wp-json\/wp\/v2\/pages\/21492\/revisions\/21735"}],"up":[{"embeddable":true,"href":"https:\/\/www.cmonsite.fr\/site\/wp-json\/wp\/v2\/pages\/21475"}],"wp:featuredmedia":[{"embeddable":true,"href":"https:\/\/www.cmonsite.fr\/site\/wp-json\/wp\/v2\/media\/21495"}],"wp:attachment":[{"href":"https:\/\/www.cmonsite.fr\/site\/wp-json\/wp\/v2\/media?parent=21492"}],"curies":[{"name":"wp","href":"https:\/\/api.w.org\/{rel}","templated":true}]}}