{"id":21475,"date":"2022-09-05T12:21:00","date_gmt":"2022-09-05T10:21:00","guid":{"rendered":"https:\/\/www.cmonsite.fr\/site\/?page_id=21475"},"modified":"2022-09-14T17:11:04","modified_gmt":"2022-09-14T15:11:04","slug":"sans-connaissance","status":"publish","type":"page","link":"https:\/\/www.cmonsite.fr\/site\/guides\/creation-site\/sans-connaissance","title":{"rendered":"Comment cr\u00e9er un site sans connaissance ?"},"content":{"rendered":"<div class=\"more-space\"><strong>Cr\u00e9er un site internet<\/strong> constitue une \u00e9tape importante pour une entreprise. Une pr\u00e9sence digitale augmente effectivement votre visibilit\u00e9 aupr\u00e8s de vos potentiels clients. Les sites vitrines et les magasins virtuels sont les plus utilis\u00e9s par les entreprises. Vous avez la possibilit\u00e9 de cr\u00e9er votre plateforme vous-m\u00eame.<\/div>\n<div class=\"text-content\">\n<p>Gr\u00e2ce au progr\u00e8s technologique, cette \u00e9tape est devenue plus simple. Vous n&#8217;avez pas besoin d&#8217;avoir des connaissances pointues en informatique. Vous pouvez passer par les services d&#8217;une <a href=\"https:\/\/www.cmonsite.fr\/site\/guides\/creation-site\">plateforme de cr\u00e9ation de sites web<\/a>. Elle propose un pack complet incluant plusieurs modules, services et fonctionnalit\u00e9s. Cette alternative s&#8217;av\u00e8re tr\u00e8s pratique d&#8217;autant plus que tout est fait en ligne.<\/p>\n<h2>Quelle est l&#8217;importance de l&#8217;h\u00e9bergement du site internet ?<\/h2>\n<p>Les <u>\u00e9tapes de cr\u00e9ation de sites internet<\/u> sont faciles et rapides. Vous devez \u00e9galement penser \u00e0 son h\u00e9bergement afin de le rendre accessible aux internautes. Toutes les donn\u00e9es de votre site sont effectivement stock\u00e9es sur un serveur physique. Vos visiteurs peuvent les consulter \u00e0 toute heure du jour et de la nuit.<\/p>\n<p>Il est crucial de <strong>choisir la meilleure option<\/strong> parmi toutes les offres disponibles sur le march\u00e9. Vous devrez payer un abonnement mensuel ou annuel. L&#8217;h\u00e9bergement de votre site internet sur un puissant serveur garantit <u>le bon fonctionnement et la s\u00e9curit\u00e9 de votre plateforme<\/u>.<\/p>\n<p>La comparaison des diff\u00e9rents h\u00e9bergeurs est chronophage. Il faut <strong>tenir compte de plusieurs crit\u00e8res<\/strong> d&#8217;autant plus que vous avez besoin d&#8217;avoir quelques notions en param\u00e9trage de r\u00e9seau.<\/p>\n<h2>Comment cr\u00e9er un site sans h\u00e9bergement ?<\/h2>\n<p><img fetchpriority=\"high\" decoding=\"async\" class=\"alignnone size-full wp-image-21477\" src=\"https:\/\/www.cmonsite.fr\/site\/webup\/2022\/09\/home-office-1867759_1280.jpg\" alt=\"\" width=\"1280\" height=\"854\" srcset=\"https:\/\/www.cmonsite.fr\/site\/webup\/2022\/09\/home-office-1867759_1280.jpg 1280w, https:\/\/www.cmonsite.fr\/site\/webup\/2022\/09\/home-office-1867759_1280-300x200.jpg 300w, https:\/\/www.cmonsite.fr\/site\/webup\/2022\/09\/home-office-1867759_1280-1024x683.jpg 1024w, https:\/\/www.cmonsite.fr\/site\/webup\/2022\/09\/home-office-1867759_1280-768x512.jpg 768w\" sizes=\"(max-width: 1280px) 100vw, 1280px\" \/><\/p>\n<p><a href=\"https:\/\/www.cmonsite.fr\/site\/guides\/creation-site\/sans-connaissances\/sans-hebergement\">Comment cr\u00e9er un site sans h\u00e9bergement ?<\/a> La plateforme de cr\u00e9ation de sites internet constitue <u>une excellente alternative<\/u>. Elle propose plusieurs modules destin\u00e9s \u00e0 satisfaire pleinement vos attentes. Vous choisissez celles qui r\u00e9pondent exactement \u00e0 vos besoins. Il vous suffit de <strong>suivre les instructions<\/strong>. Le pack de base inclut le nom de domaine, l&#8217;h\u00e9bergement et les adresses e-mail professionnelles.<\/p>\n<p>Cette solution vous permet de regrouper <u>tous les services indispensables<\/u> au bon fonctionnement de votre site internet. Elle en <strong>facilite \u00e9galement la gestion<\/strong>, car les mises \u00e0 jour se font automatiquement. Vous payez \u00e9galement un seul abonnement.<\/p>\n<p>Vous b\u00e9n\u00e9ficiez de <u>nombreux avantages<\/u>, notamment sur la capacit\u00e9 de stockage qui vous est allou\u00e9e. Vous pouvez ainsi publier de nombreux contenus sur votre site internet afin de travailler votre r\u00e9f\u00e9rencement. Les sites cr\u00e9\u00e9s via une plateforme sont d&#8217;ailleurs <strong>bien r\u00e9f\u00e9renc\u00e9s sur les moteurs de recherche<\/strong>.<\/p>\n<h2>Comment cr\u00e9er un site sans coder\/d\u00e9veloppeur ?<\/h2>\n<p><a href=\"https:\/\/www.cmonsite.fr\/site\/guides\/creation-site\/sans-connaissances\/sans-coder-developpeur\">Comment cr\u00e9er un site sans coder\/d\u00e9veloppeur ?<\/a> La cr\u00e9ation de sites internet est tout \u00e0 fait possible, m\u00eame si vous n&#8217;avez aucune connaissance en langage informatique. Vous n&#8217;avez pas non plus besoin de recourir aux services d&#8217;un d\u00e9veloppeur web. Vous pouvez effectivement b\u00e9n\u00e9ficier des avantages propos\u00e9s par les <strong>\u00e9diteurs de site internet en ligne<\/strong>.<\/p>\n<p>La plateforme se charge de tous les <u>aspects techniques<\/u>. Cela concerne la sauvegarde, la s\u00e9curit\u00e9 ou encore la mise \u00e0 jour. Ils sont g\u00e9r\u00e9s par l&#8217;\u00e9quipe technique de la plateforme de cr\u00e9ation de sites internet.<\/p>\n<p>L&#8217;utilisation de la plateforme est d&#8217;ailleurs tr\u00e8s simple :<\/p>\n<ul>\n<li>Vous ouvrez un compte sur la plateforme de cr\u00e9ation de sites internet.<\/li>\n<li>Vous indiquez le nom de votre site.<\/li>\n<li>Vous choisissez le template ou le design de votre site.<\/li>\n<li>Vous le personnalisez \u00e0 votre guise gr\u00e2ce \u00e0 des outils intuitifs.<\/li>\n<li>Vous choisissez votre type d&#8217;abonnement.<\/li>\n<\/ul>\n<p>De <strong>nombreux modules et fonctionnalit\u00e9s<\/strong> sont mis \u00e0 votre disposition. Ils vous permettent de cr\u00e9er un site internet correspondant \u00e0 vos attentes sans \u00e9crire une seule ligne de codage informatique.<\/p>\n<h2>Quels sont les avantages d&#8217;un \u00e9diteur de site ?<\/h2>\n<p>La plateforme de cr\u00e9ation de sites internet a d\u00e9velopp\u00e9 des <u>technologies innovantes et r\u00e9volutionnaires<\/u>. Elles ont pour but de faciliter la cr\u00e9ation de site internet par tout un chacun.<\/p>\n<ul>\n<li>Vous avez des <strong>templates web<\/strong> d\u00e9signant les mod\u00e8les de sites internet pr\u00e9-construits. Ils ont \u00e9t\u00e9 con\u00e7us par des designers professionnels. Ceux-ci ont int\u00e9gr\u00e9 <u>diff\u00e9rents \u00e9l\u00e9ments graphiques et fonctionnalit\u00e9s<\/u>. Ils vous permettent de personnaliser la typographie, les couleurs et le graphisme. Vous pouvez \u00e9galement int\u00e9grer vos diff\u00e9rents contenus web.<\/li>\n<li>La plupart des sites internet disposent de la <strong>fonctionnalit\u00e9 glisser et d\u00e9poser<\/strong>. Elle vous permet de placer facilement des \u00e9l\u00e9ments sur vos pages web. Il s&#8217;agit des ic\u00f4nes disponibles sur le panneau de contenu. Vous les positionnez au millim\u00e8tre pr\u00e8s selon le r\u00e9sultat que vous recherchez.<\/li>\n<li>Il existe \u00e9galement une technologie tr\u00e8s pratique pour la gestion de votre site internet. Vous avez la possibilit\u00e9 d&#8217;effectuer les <u>modifications n\u00e9cessaires depuis l&#8217;\u00e9cran de votre ordinateur<\/u>. Cette fonctionnalit\u00e9 vous permet de gagner consid\u00e9rablement du temps.<\/li>\n<\/ul>\n<p>L&#8217;int\u00e9gration de contenu et <strong>l&#8217;administration du site internet<\/strong> s&#8217;en trouvent facilit\u00e9es.<\/p>\n<h2>Comment cr\u00e9er un site sans PHP ?<\/h2>\n<p><img decoding=\"async\" class=\"alignnone size-full wp-image-21476\" src=\"https:\/\/www.cmonsite.fr\/site\/webup\/2022\/09\/study-789631_1280.jpg\" alt=\"\" width=\"1280\" height=\"852\" srcset=\"https:\/\/www.cmonsite.fr\/site\/webup\/2022\/09\/study-789631_1280.jpg 1280w, https:\/\/www.cmonsite.fr\/site\/webup\/2022\/09\/study-789631_1280-300x200.jpg 300w, https:\/\/www.cmonsite.fr\/site\/webup\/2022\/09\/study-789631_1280-1024x682.jpg 1024w, https:\/\/www.cmonsite.fr\/site\/webup\/2022\/09\/study-789631_1280-768x511.jpg 768w\" sizes=\"(max-width: 1280px) 100vw, 1280px\" \/><\/p>\n<p><a href=\"https:\/\/www.cmonsite.fr\/site\/guides\/creation-site\/sans-connaissances\/sans-php\">Comment cr\u00e9er un site sans PHP ?<\/a> Le PHP est un <u>langage de programmation<\/u> utilis\u00e9 lors de la cr\u00e9ation de sites internet dynamique. Il est g\u00e9n\u00e9ralement disponible en Open Source, lui permettant d&#8217;\u00eatre utilis\u00e9 par tout le monde. Le langage de script est utile pour que les t\u00e2ches soient ex\u00e9cut\u00e9es automatiquement. Il faut donc <strong>d\u00e9finir les r\u00e8gles<\/strong> relatives aux actions sp\u00e9cifiques.<\/p>\n<p>Un site e-commerce contient g\u00e9n\u00e9ralement un langage de script. Il favorise l&#8217;interaction avec les internautes. Ces derniers effectuent facilement leurs achats en ligne. Ils peuvent \u00e9galement laisser des commentaires et des avis sur le site internet. Le PHP s&#8217;av\u00e8re \u00e9galement utile pour permettre aux internautes de remplir un formulaire de contact. Le script v\u00e9rifie automatiquement le respect des champs lors de la soumission du formulaire.<\/p>\n<p>L&#8217;int\u00e9gration du PHP s&#8217;av\u00e8re complexe pour les non-initi\u00e9s au codage et au langage informatique. Il en va de m\u00eame pour sa r\u00e9\u00e9criture afin de mieux s&#8217;adapter \u00e0 votre site internet. Il peut donc facilement rebuter les personnes souhaitant cr\u00e9er leur site web.<\/p>\n<p>La plateforme de cr\u00e9ation de sites internet s&#8217;occupe de tout. Le langage PHP est <strong>adapt\u00e9 au type de site<\/strong> que vous souhaitez cr\u00e9er. Vous pouvez \u00eatre certain que votre plateforme ait un design responsive. Son affichage s&#8217;adapte facilement \u00e0 la taille de tous les \u00e9crans.<\/p>\n<p>Gr\u00e2ce aux avantages de la plateforme de cr\u00e9ation de sites internet, vous vous consacrez uniquement sur vos priorit\u00e9s. Cela concerne l&#8217;optimisation de votre pr\u00e9sence digitale et la strat\u00e9gie d&#8217;acquisition de clients.<\/p>\n<h2>Comment cr\u00e9er un site sans CMS ?<\/h2>\n<p><a href=\"https:\/\/www.cmonsite.fr\/site\/guides\/creation-site\/sans-connaissances\/sans-cms\">Comment cr\u00e9er un site sans CMS ?<\/a> Le CMS fait r\u00e9f\u00e9rence \u00e0 l&#8217;ensemble de logiciels permettant de <strong>g\u00e9rer les contenus d&#8217;un site web<\/strong>. Il existe plusieurs types de CMS afin de r\u00e9pondre aux besoins des utilisateurs. Il a l&#8217;avantage de pouvoir \u00eatre utilis\u00e9 simultan\u00e9ment par de nombreuses personnes.<\/p>\n<p>En cr\u00e9ant votre site internet via une plateforme d\u00e9di\u00e9e, vous acc\u00e9dez \u00e0 son CMS. Vous pouvez alors structurer plus facilement les contenus de votre site web. Cette t\u00e2che est importante pour faciliter la navigation des internautes sur votre plateforme.<\/p>\n<p>Gr\u00e2ce aux modules propos\u00e9s par l&#8217;\u00e9diteur de site web, vous pouvez hi\u00e9rarchiser les cat\u00e9gories des services ou des produits que vous proposez. Il en va de m\u00eame pour les pages et les articles disponibles sur votre site.<\/p>\n<p>La <strong>structuration de votre site internet et la hi\u00e9rarchisation des contenus<\/strong> contribuent \u00e0 un meilleur r\u00e9f\u00e9rencement SEO. Les robots des moteurs de recherche peuvent ainsi indexer chaque cat\u00e9gorie, chaque page et chaque article. Celles-ci apparaissent alors dans les r\u00e9sultats de recherche des internautes en fonction des requ\u00eates effectu\u00e9es.<\/p>\n<p>La cr\u00e9ation d&#8217;un site cl\u00e9 en main vous permet \u00e9galement de booster votre audience. Il vous est ainsi possible de g\u00e9n\u00e9rer plus de trafic sur votre site internet gr\u00e2ce \u00e0 des campagnes publicitaires plus cibl\u00e9es. Elles sont g\u00e9n\u00e9ralement r\u00e9alis\u00e9es sur les r\u00e9seaux sociaux qui comptent des milliards d&#8217;utilisateurs dans le monde entier.<\/p>\n<p>Vous avez \u00e9galement acc\u00e8s \u00e0 diff\u00e9rentes donn\u00e9es statistiques. Vous pouvez suivre en temps r\u00e9el le flux de visite sur votre site internet. Ces informations vous permettent de mieux peaufiner votre strat\u00e9gie de contenu.<\/p>\n<\/div>\n","protected":false},"excerpt":{"rendered":"<p>Cr\u00e9er un site internet constitue une \u00e9tape importante pour une entreprise. Une pr\u00e9sence digitale augmente effectivement votre visibilit\u00e9 aupr\u00e8s de vos potentiels clients. Les sites vitrines et les magasins virtuels sont les plus utilis\u00e9s par les entreprises. Vous avez la possibilit\u00e9 de cr\u00e9er votre plateforme vous-m\u00eame. Gr\u00e2ce au progr\u00e8s technologique, cette \u00e9tape est devenue plus [&hellip;]<\/p>\n","protected":false},"author":1,"featured_media":21478,"parent":21304,"menu_order":5,"comment_status":"closed","ping_status":"closed","template":"","meta":{"_helpful_status":1,"footnotes":""},"class_list":["post-21475","page","type-page","status-publish","has-post-thumbnail","hentry"],"_links":{"self":[{"href":"https:\/\/www.cmonsite.fr\/site\/wp-json\/wp\/v2\/pages\/21475","targetHints":{"allow":["GET"]}}],"collection":[{"href":"https:\/\/www.cmonsite.fr\/site\/wp-json\/wp\/v2\/pages"}],"about":[{"href":"https:\/\/www.cmonsite.fr\/site\/wp-json\/wp\/v2\/types\/page"}],"author":[{"embeddable":true,"href":"https:\/\/www.cmonsite.fr\/site\/wp-json\/wp\/v2\/users\/1"}],"replies":[{"embeddable":true,"href":"https:\/\/www.cmonsite.fr\/site\/wp-json\/wp\/v2\/comments?post=21475"}],"version-history":[{"count":6,"href":"https:\/\/www.cmonsite.fr\/site\/wp-json\/wp\/v2\/pages\/21475\/revisions"}],"predecessor-version":[{"id":21807,"href":"https:\/\/www.cmonsite.fr\/site\/wp-json\/wp\/v2\/pages\/21475\/revisions\/21807"}],"up":[{"embeddable":true,"href":"https:\/\/www.cmonsite.fr\/site\/wp-json\/wp\/v2\/pages\/21304"}],"wp:featuredmedia":[{"embeddable":true,"href":"https:\/\/www.cmonsite.fr\/site\/wp-json\/wp\/v2\/media\/21478"}],"wp:attachment":[{"href":"https:\/\/www.cmonsite.fr\/site\/wp-json\/wp\/v2\/media?parent=21475"}],"curies":[{"name":"wp","href":"https:\/\/api.w.org\/{rel}","templated":true}]}}