{"id":21455,"date":"2022-09-05T12:12:34","date_gmt":"2022-09-05T10:12:34","guid":{"rendered":"https:\/\/www.cmonsite.fr\/site\/?page_id=21455"},"modified":"2022-09-12T14:15:35","modified_gmt":"2022-09-12T12:15:35","slug":"magento","status":"publish","type":"page","link":"https:\/\/www.cmonsite.fr\/site\/guides\/creation-site\/solution-e-commerce\/magento","title":{"rendered":"Comment fonctionne la solution Ecommerce Magento ?"},"content":{"rendered":"<div class=\"more-space\">Le commerce \u00e9lectronique est devenu une n\u00e9cessit\u00e9 pour toutes les cat\u00e9gories d&#8217;entreprises. Chaque propri\u00e9taire de boutique en ligne recherche une <a href=\"https:\/\/www.cmonsite.fr\/site\/guides\/creation-site\/solution-e-commerce\">solution Ecommerce sophistiqu\u00e9e<\/a> qui offre un m\u00e9lange d&#8217;\u00e9volutivit\u00e9, de flexibilit\u00e9 et d&#8217;extensibilit\u00e9 \u00e0 port\u00e9e de main.<\/div>\n<div class=\"text-content\">\n<p>Vous r\u00eavez de d\u00e9velopper un <u>site internet de commerce \u00e9lectronique<\/u> dot\u00e9 de toutes les fonctionnalit\u00e9s de classe mondiale et d&#8217;un th\u00e8me convivial pour les mobiles qui attire les clients 24 heures sur 24, 7 jours sur 7 ? Si c&#8217;est le cas, alors vous \u00eates au bon endroit ! Il existe un nombre incalculable de plateformes d&#8217;application web open source, et faire un choix sur la solution id\u00e9ale est un casse-t\u00eate.<\/p>\n<p>Vous n&#8217;avez cependant pas \u00e0 vous inqui\u00e9ter. Il existe une plateforme qui a franchi le cap des millions de t\u00e9l\u00e9chargements et qui est l&#8217;une des solutions de commerce \u00e9lectronique les plus populaires sur le march\u00e9 num\u00e9rique : <strong>le seul et unique Magento<\/strong>. Voici donc comment fonctionne cette plate-forme e-commerce.<\/p>\n<h2>Qu&#8217;est-ce que Magento ?<\/h2>\n<p>Magento est une plateforme open source d\u00e9velopp\u00e9e pour les sites de commerce \u00e9lectronique. Elle offre un large \u00e9ventail d&#8217;options d&#8217;int\u00e9gration et de personnalisation. Elle est <strong>extensible, \u00e9volutive et flexible<\/strong>. Les avantages majeurs de la plateforme de commerce \u00e9lectronique Magento en font l&#8217;une des meilleures solutions e-commerce disponibles en ligne de nos jours.<\/p>\n<p>Bien qu&#8217;un certain <u>travail et une conception pr\u00e9cise<\/u> soient n\u00e9cessaires pour que tout soit parfait, la puissance et le potentiel offerts par cette plate-forme sont in\u00e9gal\u00e9s. Elle est id\u00e9ale pour les propri\u00e9taires de boutiques qui traitent un <strong>grand nombre de clients et de ventes<\/strong>. Magento propose trois variantes majeures de son produit de base :<\/p>\n<ul>\n<li>Magento Open Source : \u00e9dition gratuite non h\u00e9berg\u00e9e ;<\/li>\n<li>Magento Enterprise Edition : produit phare offrant plus de fonctionnalit\u00e9s et de support ;<\/li>\n<li>Magento Commerce Cloud : elle est h\u00e9berg\u00e9e par Magento sur sa pile AWS.<\/li>\n<\/ul>\n<p>Vous pouvez choisir une version selon vos besoins.<\/p>\n<h2>\u00c0 quoi sert Magento et comment fonctionne-t-elle ?<\/h2>\n<p><img fetchpriority=\"high\" decoding=\"async\" class=\"alignnone size-full wp-image-21457\" src=\"https:\/\/www.cmonsite.fr\/site\/webup\/2022\/09\/desk-1140699_1280.jpg\" alt=\"\" width=\"1280\" height=\"768\" srcset=\"https:\/\/www.cmonsite.fr\/site\/webup\/2022\/09\/desk-1140699_1280.jpg 1280w, https:\/\/www.cmonsite.fr\/site\/webup\/2022\/09\/desk-1140699_1280-300x180.jpg 300w, https:\/\/www.cmonsite.fr\/site\/webup\/2022\/09\/desk-1140699_1280-1024x614.jpg 1024w, https:\/\/www.cmonsite.fr\/site\/webup\/2022\/09\/desk-1140699_1280-768x461.jpg 768w\" sizes=\"(max-width: 1280px) 100vw, 1280px\" \/><\/p>\n<p>Magento est disponible \u00e0 la fois en <strong>t\u00e9l\u00e9chargement gratuit et en tant que service h\u00e9berg\u00e9<\/strong>. Ainsi, vous pouvez soit le t\u00e9l\u00e9charger depuis le site officiel et l&#8217;installer sur votre propre serveur, soit choisir un partenaire de confiance qui l&#8217;installera et le personnalisera pour vous. Cette derni\u00e8re option a \u00e9videmment un prix plus \u00e9lev\u00e9.<\/p>\n<p>Magento vous fournit tout ce dont vous avez besoin ; une <u>solution e-commerce tout-en-un<\/u>. Vous devez par cons\u00e9quent \u00eatre r\u00e9aliste quant \u00e0 son utilisation. Si vous n&#8217;avez pas d&#8217;exp\u00e9rience en d\u00e9veloppement web, que ce soit en interne ou au travers d&#8217;une agence partenaire, vous aurez probablement du mal \u00e0 la mettre en oeuvre et \u00e0 l&#8217;utiliser.<\/p>\n<p>M\u00eame dans sa version la plus basique, Magento est un <strong>syst\u00e8me robuste<\/strong>. Lorsque vous devez int\u00e9grer des syst\u00e8mes de back-office, des outils tiers ou introduire des milliers de produits, vous avez besoin de d\u00e9veloppeurs exp\u00e9riment\u00e9s qui comprennent Magento et suivent les meilleures pratiques.<\/p>\n<h2>Les fonctionnalit\u00e9s de Magento<\/h2>\n<p>En tant qu&#8217;excellente plateforme de commerce \u00e9lectronique pour les produits num\u00e9riques, Magento vous aidera \u00e0 offrir des <strong>exp\u00e9riences transparentes aux consommateurs et \u00e0 acc\u00e9l\u00e9rer vos revenus<\/strong>. Voici un r\u00e9capitulatif rapide des fonctionnalit\u00e9s les plus importantes de la solution :<\/p>\n<ul>\n<li>plateforme open source ;<\/li>\n<li>d\u00e9ploiement rapide ;<\/li>\n<li>facilit\u00e9 de r\u00e9f\u00e9rencement ;<\/li>\n<li>th\u00e8mes r\u00e9actifs ;<\/li>\n<li>interface utilisateur intuitive ;<\/li>\n<li>multicanal pour accro\u00eetre les ventes ;<\/li>\n<li>Elasticsearch (base de donn\u00e9es NoSQL dont la particularit\u00e9 est de pouvoir indexer des documents fortement orient\u00e9s textes.) pour optimiser les recherches ;<\/li>\n<li>syst\u00e8me de gestion de contenu simplifi\u00e9 ;<\/li>\n<li>int\u00e9grations transparentes avec des tiers ;<\/li>\n<li>exp\u00e9rience client personnalis\u00e9e ;<\/li>\n<li>communaut\u00e9 en ligne pleine de ressources.<\/li>\n<\/ul>\n<h2>La proposition de valeur de Magento<\/h2>\n<p>La solution e-commerce offre aux utilisateurs d&#8217;incroyables possibilit\u00e9s pour faire \u00e9voluer leur entreprise comme ils le souhaitent. Les d\u00e9taillants en ligne peuvent lancer leur boutique virtuelle avec les fonctionnalit\u00e9s de base du commerce \u00e9lectronique, mais au fur et \u00e0 mesure que leur activit\u00e9 se d\u00e9veloppe, ils peuvent passer \u00e0 une <strong>version plus sophistiqu\u00e9e de Magento<\/strong>.<\/p>\n<p>L&#8217;on comprend mieux son slogan : <u>plateforme de commerce en ligne \u00e0 d\u00e9velopper<\/u>. Pour ce qui est de la flexibilit\u00e9, la solution est aussi vraie dans le sens o\u00f9 sa nature open source vous permet d&#8217;int\u00e9grer n&#8217;importe quelle fonctionnalit\u00e9 ou module personnalis\u00e9.<\/p>\n<p>Il existe des tonnes de plugins et d&#8217;extensions sur la <strong>place de march\u00e9 Magento<\/strong>. Si votre soci\u00e9t\u00e9 a besoin de quelque chose de sp\u00e9cifique, vous pouvez embaucher un d\u00e9veloppeur Magento pour d\u00e9velopper le module \u00e0 partir de z\u00e9ro, conform\u00e9ment \u00e0 vos exigences.<\/p>\n<h2>Quelques avantages de Magento<\/h2>\n<p>La <u>solution e-commerce Magento<\/u> offre plusieurs avantages aux entreprises de commerce \u00e9lectronique et aux boutiques en ligne. Voici quelques-uns des b\u00e9n\u00e9fices les plus remarquables.<\/p>\n<ul>\n<li>L&#8217;\u00e9volutivit\u00e9 : comme il s&#8217;agit d&#8217;une solution open source, Magento peut \u00eatre utilis\u00e9e pour une boutique en ligne m\u00eame si l&#8217;entreprise se d\u00e9veloppe.<\/li>\n<li>La personnalisation : vous serez \u00e0 m\u00eame de <strong>personnaliser enti\u00e8rement votre boutique virtuelle<\/strong>. Vous devez cependant tenir compte des co\u00fbts associ\u00e9s \u00e0 un grand investissement en temps et en ressources.<\/li>\n<li>Multicanal : Magento comprend des outils permettant de relier votre boutique en ligne, votre boutique physique et d&#8217;autres canaux de vente, comme une place de march\u00e9.<\/li>\n<li>Version gratuite du logiciel : la plateforme dispose d&#8217;une option gratuite appel\u00e9e <u>Magento Open Source<\/u>. Cette version comprend moins de fonctionnalit\u00e9s et ne propose pas de syst\u00e8mes d&#8217;h\u00e9bergement ou de s\u00e9curit\u00e9.<\/li>\n<\/ul>\n<h2>\u00c0 qui la plateforme convient-elle le mieux ?<\/h2>\n<p>Magento est une excellente plateforme pour une boutique dont vous savez qu&#8217;elle se <strong>portera bien<\/strong>. Si vous \u00eates une toute petite structure qui fait ses premiers pas dans le commerce \u00e9lectronique, il existe sans doute des solutions moins lourdes qui peuvent faire l&#8217;affaire.<\/p>\n<p>Mais si vous disposez d&#8217;un mod\u00e8le \u00e9tabli, de fonds pour le soutenir et du temps n\u00e9cessaire pour <u>modeler et sculpter Magento<\/u> afin de l&#8217;adapter \u00e0 vos besoins, il pourrait bien s&#8217;agir de la plateforme id\u00e9ale pour votre boutique en ligne.<\/p>\n<p>La solution est aussi optimis\u00e9e pour fonctionner avec des milliers de produits, des tonnes de trafic et un grand nombre de ventes. En d&#8217;autres termes, elle est destin\u00e9e aux <strong>grandes boutiques en ligne<\/strong> (\u00e0 en devenir).<\/p>\n<h2>Quelles sont les extensions de Magento ?<\/h2>\n<p><img decoding=\"async\" class=\"alignnone size-full wp-image-21456\" src=\"https:\/\/www.cmonsite.fr\/site\/webup\/2022\/09\/computer-767776_1280.jpg\" alt=\"\" width=\"1280\" height=\"853\" srcset=\"https:\/\/www.cmonsite.fr\/site\/webup\/2022\/09\/computer-767776_1280.jpg 1280w, https:\/\/www.cmonsite.fr\/site\/webup\/2022\/09\/computer-767776_1280-300x200.jpg 300w, https:\/\/www.cmonsite.fr\/site\/webup\/2022\/09\/computer-767776_1280-1024x682.jpg 1024w, https:\/\/www.cmonsite.fr\/site\/webup\/2022\/09\/computer-767776_1280-768x512.jpg 768w\" sizes=\"(max-width: 1280px) 100vw, 1280px\" \/><\/p>\n<p>Magento est une <strong>solution e-commerce compl\u00e8te<\/strong>, mais les marchands peuvent rajouter des fonctionnalit\u00e9s additionnelles en mettant en place des extensions Magento con\u00e7ues par des d\u00e9veloppeurs tiers. Les extensions Magento \u00e9tendent ou am\u00e9liorent les fonctionnalit\u00e9s existantes de la plateforme.<\/p>\n<p>Il existe des <u>milliers d&#8217;extensions Magento<\/u> disponibles, gratuites ou payantes. Les utilisateurs de Magento ne devraient cependant installer que des extensions provenant de d\u00e9veloppeurs ou de places de march\u00e9 r\u00e9put\u00e9s pour plus de s\u00e9curit\u00e9.<\/p>\n<p>Magento est un moteur de commerce \u00e9lectronique <strong>puissant et open source<\/strong>, dot\u00e9 de caract\u00e9ristiques et de fonctionnalit\u00e9s innovantes, ainsi que d&#8217;une communaut\u00e9 florissante. Cette plateforme est non seulement flexible et personnalisable, mais elle s&#8217;adapte ais\u00e9ment \u00e0 la croissance des entreprises en ligne.<\/p>\n<p>En outre, elle est fournie avec une <u>large gamme d&#8217;outils<\/u> qui aident les entrepreneurs et les propri\u00e9taires de soci\u00e9t\u00e9s \u00e0 \u00e9tendre leur port\u00e9e, \u00e0 optimiser le contenu pour les moteurs de recherche et \u00e0 cr\u00e9er des sites internet adapt\u00e9s aux mobiles.<\/p>\n<p>Magento n&#8217;est toutefois pas sans inconv\u00e9nients. Son d\u00e9veloppement peut \u00eatre co\u00fbteux ; et si vous n&#8217;avez pas l&#8217;intention d&#8217;embaucher un <strong>d\u00e9veloppeur Magento professionnel<\/strong>, il y a une courbe d&#8217;apprentissage abrupte que vous devrez surmonter pour b\u00e2tir un site fonctionnel et innovant.<\/p>\n<\/div>\n","protected":false},"excerpt":{"rendered":"<p>Le commerce \u00e9lectronique est devenu une n\u00e9cessit\u00e9 pour toutes les cat\u00e9gories d&#8217;entreprises. Chaque propri\u00e9taire de boutique en ligne recherche une solution Ecommerce sophistiqu\u00e9e qui offre un m\u00e9lange d&#8217;\u00e9volutivit\u00e9, de flexibilit\u00e9 et d&#8217;extensibilit\u00e9 \u00e0 port\u00e9e de main. Vous r\u00eavez de d\u00e9velopper un site internet de commerce \u00e9lectronique dot\u00e9 de toutes les fonctionnalit\u00e9s de classe mondiale et [&hellip;]<\/p>\n","protected":false},"author":1,"featured_media":21458,"parent":21450,"menu_order":0,"comment_status":"closed","ping_status":"closed","template":"","meta":{"_helpful_status":1,"footnotes":""},"class_list":["post-21455","page","type-page","status-publish","has-post-thumbnail","hentry"],"_links":{"self":[{"href":"https:\/\/www.cmonsite.fr\/site\/wp-json\/wp\/v2\/pages\/21455","targetHints":{"allow":["GET"]}}],"collection":[{"href":"https:\/\/www.cmonsite.fr\/site\/wp-json\/wp\/v2\/pages"}],"about":[{"href":"https:\/\/www.cmonsite.fr\/site\/wp-json\/wp\/v2\/types\/page"}],"author":[{"embeddable":true,"href":"https:\/\/www.cmonsite.fr\/site\/wp-json\/wp\/v2\/users\/1"}],"replies":[{"embeddable":true,"href":"https:\/\/www.cmonsite.fr\/site\/wp-json\/wp\/v2\/comments?post=21455"}],"version-history":[{"count":1,"href":"https:\/\/www.cmonsite.fr\/site\/wp-json\/wp\/v2\/pages\/21455\/revisions"}],"predecessor-version":[{"id":21459,"href":"https:\/\/www.cmonsite.fr\/site\/wp-json\/wp\/v2\/pages\/21455\/revisions\/21459"}],"up":[{"embeddable":true,"href":"https:\/\/www.cmonsite.fr\/site\/wp-json\/wp\/v2\/pages\/21450"}],"wp:featuredmedia":[{"embeddable":true,"href":"https:\/\/www.cmonsite.fr\/site\/wp-json\/wp\/v2\/media\/21458"}],"wp:attachment":[{"href":"https:\/\/www.cmonsite.fr\/site\/wp-json\/wp\/v2\/media?parent=21455"}],"curies":[{"name":"wp","href":"https:\/\/api.w.org\/{rel}","templated":true}]}}