{"id":21442,"date":"2022-09-05T19:32:51","date_gmt":"2022-09-05T17:32:51","guid":{"rendered":"https:\/\/www.cmonsite.fr\/site\/?page_id=21442"},"modified":"2022-09-11T19:36:31","modified_gmt":"2022-09-11T17:36:31","slug":"hebergement","status":"publish","type":"page","link":"https:\/\/www.cmonsite.fr\/site\/guides\/creation-site\/comment-creer-un-site-internet\/hebergement","title":{"rendered":"Quel h\u00e9bergement choisir pour un site internet ?"},"content":{"rendered":"<div class=\"more-space\">Choisir le <strong>meilleur h\u00e9bergement<\/strong> pour votre site internet est primordial pour am\u00e9liorer l&#8217;exp\u00e9rience utilisateur et garantir la r\u00e9ussite de votre entreprise <a href=\"https:\/\/www.cmonsite.fr\/site\/guides\/creation-site\/comment-creer-un-site-internet\">apr\u00e8s avoir cr\u00e9\u00e9 votre site web<\/a>. Il fournira s\u00e9curit\u00e9, fiabilit\u00e9 et performance pour ravir vos internautes, doubler votre trafic et accro\u00eetre vos revenus.<\/div>\n<div class=\"text-content\">\n<p>Mais si vous vous y prenez mal, vos utilisateurs peuvent rencontrer des difficult\u00e9s pour acc\u00e9der \u00e0 votre site, et vous pouvez finir par les perdre. Votre site peut \u00eatre lent lors du chargement, vous pouvez observer des temps d&#8217;arr\u00eat et des achats superflus peuvent ruiner votre soci\u00e9t\u00e9. Il est donc crucial de choisir un <strong>bon h\u00e9bergement web<\/strong> et voici comment s&#8217;y prendre.<\/p>\n<h2>Tenez compte de vos besoins pr\u00e9cis<\/h2>\n<p>Le choix de l&#8217;h\u00e9bergement ad\u00e9quat n&#8217;est pas aussi simple que \u00e7a. Votre concept de l&#8217;h\u00e9bergement &#8220;id\u00e9al&#8221; tiendra compte de vos <strong>besoins sp\u00e9cifiques<\/strong>. Supposons que vous envisagez la conception d&#8217;un site WordPress. Il convient ici de choisir un fournisseur qui propose des solutions d&#8217;h\u00e9bergement propres aux plateformes WordPress.<\/p>\n<p>S&#8217;il s&#8217;agit plut\u00f4t d&#8217;une boutique en ligne (site de commerce \u00e9lectronique), privil\u00e9giez un <u>service d&#8217;h\u00e9bergement<\/u> \u00e0 m\u00eame de s&#8217;adapter au logiciel de commerce \u00e9lectronique. Avant de vous lancer \u00e0 la recherche d&#8217;un h\u00e9bergement web, vous devez d\u00e9finir tout ce dont vous avez besoin chez un h\u00e9bergeur. Vous pouvez vous poser les quelques questions suivantes :<\/p>\n<ul>\n<li>quel est le type de site internet que vous cr\u00e9ez ?<\/li>\n<li>Aurez-vous besoin de plus d&#8217;un site ? Chez certains h\u00e9bergeurs, plusieurs sites peuvent \u00eatre associ\u00e9s au m\u00eame compte.<\/li>\n<li>Quel est le volume de trafic que vous pr\u00e9voyez de recevoir chaque mois ?<\/li>\n<li>Qu&#8217;en est-il des <strong>exigences techniques de votre site internet<\/strong> ? Il est question ici de d\u00e9terminer si les langages de codage (HTML, CSS, PHP, etc.) sont requis ou non. Sur cette base, vous pouvez rechercher l&#8217;h\u00e9bergeur le plus \u00e0 m\u00eame de r\u00e9pondre \u00e0 ces besoins.<\/li>\n<li>Quelles sont les fonctionnalit\u00e9s additionnelles n\u00e9cessaires \u00e0 l&#8217;exemple du certificat SSL, de l&#8217;h\u00e9bergement de messagerie, etc. ?<\/li>\n<li>Enfin et surtout, quel est votre budget mensuel ?<\/li>\n<\/ul>\n<h2>La fiabilit\u00e9 (temps de fonctionnement)<\/h2>\n<p><img fetchpriority=\"high\" decoding=\"async\" class=\"alignnone size-full wp-image-21443\" src=\"https:\/\/www.cmonsite.fr\/site\/webup\/2022\/09\/technology-792180_1280.jpg\" alt=\"\" width=\"1280\" height=\"853\" srcset=\"https:\/\/www.cmonsite.fr\/site\/webup\/2022\/09\/technology-792180_1280.jpg 1280w, https:\/\/www.cmonsite.fr\/site\/webup\/2022\/09\/technology-792180_1280-300x200.jpg 300w, https:\/\/www.cmonsite.fr\/site\/webup\/2022\/09\/technology-792180_1280-1024x682.jpg 1024w, https:\/\/www.cmonsite.fr\/site\/webup\/2022\/09\/technology-792180_1280-768x512.jpg 768w\" sizes=\"(max-width: 1280px) 100vw, 1280px\" \/><\/p>\n<p>Il est \u00e9vident que vous voulez que votre site internet soit <strong>op\u00e9rationnel \u00e0 tout moment<\/strong>. Alors, recherchez des fournisseurs ayant fait leurs preuves et garantissant un temps de fonctionnement aussi proche que possible de 100 %. Une garantie sup\u00e9rieure \u00e0 99 % est en g\u00e9n\u00e9ral une exigence minimale, mais cela repr\u00e9sente tout de m\u00eame 3,65 jours d&#8217;indisponibilit\u00e9 par an.<\/p>\n<p>Une garantie de 99,999 % est souhaitable. V\u00e9rifiez \u00e9galement la politique pour savoir ce que le fournisseur fera si le site tombe en panne. D&#8217;apr\u00e8s certaines statistiques, chaque heure d&#8217;indisponibilit\u00e9 co\u00fbte en moyenne 250 000 \u20ac \u00e0 une entreprise, de sorte qu&#8217;une <u>r\u00e9ponse rapide<\/u> \u00e0 tout probl\u00e8me est importante.<\/p>\n<h2>Consid\u00e9rez les autres produits et modules compl\u00e9mentaires utiles<\/h2>\n<p>Parfois, le <strong>bon fournisseur d&#8217;h\u00e9bergement et la bonne formule d&#8217;h\u00e9bergement<\/strong> signifient que vous n&#8217;avez pas besoin d&#8217;acheter d&#8217;autres produits pour que votre site internet fonctionne comme vous le souhaitez.<\/p>\n<p>Il est cependant utile de s&#8217;assurer que vous obtenez tout ce dont vous avez besoin, et si ce n&#8217;est pas le cas, d&#8217;\u00e9tudier le <u>co\u00fbt de ces fonctionnalit\u00e9s additionnelles<\/u>. En plus de votre pack d&#8217;h\u00e9bergement, vous devrez prendre en compte le co\u00fbt :<\/p>\n<ul>\n<li>d&#8217;un nom de domaine ;<\/li>\n<li>d&#8217;un certificat SSL ;<\/li>\n<li>d&#8217;une adresse \u00e9lectronique professionnelle.<\/li>\n<\/ul>\n<h2>Le service \u00e0 la client\u00e8le<\/h2>\n<p>Chaque fois que votre site internet rencontre un probl\u00e8me, vous devez le r\u00e9soudre <strong>rapidement sans aucun d\u00e9lai<\/strong>. Vous ne pouvez pas attendre les heures d&#8217;ouverture de votre fournisseur de services d&#8217;h\u00e9bergement pour obtenir l&#8217;assistance adapt\u00e9e \u00e0 votre probl\u00e8me.<\/p>\n<p>Par exemple, si vous travaillez tard le soir sur les <u>modifications de votre site web<\/u>, la derni\u00e8re chose que vous d\u00e9sirez est de rencontrer un probl\u00e8me pour lequel vous avez besoin d&#8217;une assistance \u00e0 la client\u00e8le, puis de constater que vous devrez attendre le matin pour le r\u00e9soudre.<\/p>\n<p>Assurez-vous donc que votre h\u00e9bergeur propose une <strong>assistance \u00e0 la client\u00e8le de premier ordre<\/strong>, 24h\/24, 7j\/7. Vous irez encore beaucoup plus vite s&#8217;il fournit une assistance via plusieurs canaux : t\u00e9l\u00e9phone, chat en direct, courriel, etc.<\/p>\n<h2>Le type d&#8217;h\u00e9bergement propos\u00e9<\/h2>\n<p>La majorit\u00e9 des fournisseurs d&#8217;h\u00e9bergement fournissent diff\u00e9rents services. Pour un site internet novice avec un trafic plus ou moins modeste, l&#8217;<u>h\u00e9bergement partag\u00e9<\/u> peut repr\u00e9senter une option peu on\u00e9reuse.<\/p>\n<p>Si vous avez toutefois besoin d&#8217;une plus grande bande passante ou d&#8217;une puissance de calcul additionnelle pour le bon fonctionnement de certains logiciels sur votre plateforme, recherchez des options comme <strong>l&#8217;h\u00e9bergement Cloud et le VPS (serveur d\u00e9di\u00e9 virtuel)<\/strong>. Vous voudrez aussi savoir si le prestataire propose un h\u00e9bergement g\u00e9r\u00e9 ou non g\u00e9r\u00e9.<\/p>\n<p>L&#8217;<u>h\u00e9bergement g\u00e9r\u00e9<\/u> signifie que votre prestataire s&#8217;occupe des \u00e9l\u00e9ments comme les mises \u00e0 jour, la s\u00e9curit\u00e9, etc. En d&#8217;autres termes, vous n&#8217;avez pas \u00e0 vous soucier de certains d\u00e9tails. Cette option est tr\u00e8s appr\u00e9ci\u00e9e des nouveaux webmasters.<\/p>\n<p>Plus important encore, recherchez un fournisseur qui vous permet de passer d&#8217;un niveau de service \u00e0 l&#8217;autre de fa\u00e7on transparente. L&#8217;absence de temps d&#8217;arr\u00eat lors de la mise \u00e0 niveau de son <strong>plan d&#8217;h\u00e9bergement<\/strong> est tr\u00e8s importante. Cela est surtout vrai si une campagne de marketing virale fait exploser le trafic de votre site internet.<\/p>\n<h2>M\u00e9fiez-vous des plans illimit\u00e9s<\/h2>\n<p>Certains fournisseurs d&#8217;h\u00e9bergement proposent des <u>offres &#8220;illimit\u00e9es&#8221;<\/u> (stockage et bande passante en g\u00e9n\u00e9ral) pour quelques euros par mois. Cette proposition n&#8217;est parfois pas ce qu&#8217;elle semble \u00eatre.<\/p>\n<p>Si vous d\u00e9boursez un montant relativement bas pour cette offre (environ trois euros par mois), vos <strong>conditions d&#8217;utilisation<\/strong> auront probablement des mentions autorisant le fournisseur \u00e0 limiter les performances de votre site ou \u00e0 couper ses services apr\u00e8s un certain niveau d&#8217;utilisation.<\/p>\n<h2>Ne laissez pas la s\u00e9curit\u00e9 au hasard<\/h2>\n<p><img decoding=\"async\" class=\"alignnone size-full wp-image-21445\" src=\"https:\/\/www.cmonsite.fr\/site\/webup\/2022\/09\/workspace-1280538_1280.jpg\" alt=\"\" width=\"1280\" height=\"851\" srcset=\"https:\/\/www.cmonsite.fr\/site\/webup\/2022\/09\/workspace-1280538_1280.jpg 1280w, https:\/\/www.cmonsite.fr\/site\/webup\/2022\/09\/workspace-1280538_1280-300x199.jpg 300w, https:\/\/www.cmonsite.fr\/site\/webup\/2022\/09\/workspace-1280538_1280-1024x681.jpg 1024w, https:\/\/www.cmonsite.fr\/site\/webup\/2022\/09\/workspace-1280538_1280-768x511.jpg 768w\" sizes=\"(max-width: 1280px) 100vw, 1280px\" \/><\/p>\n<p>Votre h\u00e9bergeur est responsable de la s\u00e9curit\u00e9 des serveurs de votre site. Veillez donc \u00e0 choisir un fournisseur qui a mis en place de <u>bonnes mesures de s\u00e9curit\u00e9<\/u>. En voici quelques exemples :<\/p>\n<ul>\n<li>protection contre les d\u00e9nis de service distribu\u00e9s (DDoS) ;<\/li>\n<li>pare-feu ;<\/li>\n<li>analyse contre les virus ;<\/li>\n<li>durcissement du serveur ;<\/li>\n<li>etc.<\/li>\n<\/ul>\n<p>Il convient de noter que les h\u00e9bergeurs sont souvent r\u00e9ticents \u00e0 donner trop de d\u00e9tails sur leurs mesures de s\u00e9curit\u00e9 exactes, de peur d&#8217;aider les pirates \u00e0 trouver un moyen de <strong>contourner leurs d\u00e9fenses<\/strong>.<\/p>\n<h2>La bande passante et le stockage<\/h2>\n<p>Le meilleur choix ici sera toujours un fournisseur d&#8217;h\u00e9bergement qui fournit une <u>bande passante illimit\u00e9e<\/u>. La bande passante de l&#8217;h\u00e9bergement web est la quantit\u00e9 de donn\u00e9es qu&#8217;un site internet peut fournir \u00e0 ses visiteurs pendant une certaine p\u00e9riode. Ainsi, plus la bande passante offerte est \u00e9lev\u00e9e, mieux c&#8217;est.<\/p>\n<p>Comme pour la bande passante, plus le stockage est important, mieux c&#8217;est. Le <strong>stockage ou l&#8217;espace disque<\/strong> se passe de commentaires puisque le terme est fr\u00e9quemment utilis\u00e9. Il d\u00e9termine la quantit\u00e9 de contenu du site que vous pouvez stocker, notamment du texte, des images, du code, des bases de donn\u00e9es, et m\u00eame des courriels.<\/p>\n<h2>Quels sont les prix de renouvellement ?<\/h2>\n<p>Les prestataires d&#8217;h\u00e9bergement bon march\u00e9 proposent des <strong>prix bas<\/strong> pour inciter les nouveaux clients \u00e0 s&#8217;inscrire, mais augmentent ensuite les prix au moment du renouvellement. Pour \u00e9viter les mauvaises surprises, demandez d\u00e8s le d\u00e9part quels sont les <u>prix de renouvellement<\/u> et notez-les lorsque vous recherchez un h\u00e9bergement.<\/p>\n<p>Le <u>choix d&#8217;un h\u00e9bergement<\/u> pour son site web n&#8217;est pas une d\u00e9cision \u00e0 prendre \u00e0 la l\u00e9g\u00e8re. Les points susmentionn\u00e9s vous aideront toutefois \u00e0 faire un <strong>bien meilleur choix<\/strong>.<\/p>\n<\/div>\n","protected":false},"excerpt":{"rendered":"<p>Choisir le meilleur h\u00e9bergement pour votre site internet est primordial pour am\u00e9liorer l&#8217;exp\u00e9rience utilisateur et garantir la r\u00e9ussite de votre entreprise apr\u00e8s avoir cr\u00e9\u00e9 votre site web. Il fournira s\u00e9curit\u00e9, fiabilit\u00e9 et performance pour ravir vos internautes, doubler votre trafic et accro\u00eetre vos revenus. Mais si vous vous y prenez mal, vos utilisateurs peuvent rencontrer [&hellip;]<\/p>\n","protected":false},"author":1,"featured_media":21444,"parent":21297,"menu_order":7,"comment_status":"closed","ping_status":"closed","template":"","meta":{"_helpful_status":1,"footnotes":""},"class_list":["post-21442","page","type-page","status-publish","has-post-thumbnail","hentry"],"_links":{"self":[{"href":"https:\/\/www.cmonsite.fr\/site\/wp-json\/wp\/v2\/pages\/21442","targetHints":{"allow":["GET"]}}],"collection":[{"href":"https:\/\/www.cmonsite.fr\/site\/wp-json\/wp\/v2\/pages"}],"about":[{"href":"https:\/\/www.cmonsite.fr\/site\/wp-json\/wp\/v2\/types\/page"}],"author":[{"embeddable":true,"href":"https:\/\/www.cmonsite.fr\/site\/wp-json\/wp\/v2\/users\/1"}],"replies":[{"embeddable":true,"href":"https:\/\/www.cmonsite.fr\/site\/wp-json\/wp\/v2\/comments?post=21442"}],"version-history":[{"count":1,"href":"https:\/\/www.cmonsite.fr\/site\/wp-json\/wp\/v2\/pages\/21442\/revisions"}],"predecessor-version":[{"id":21446,"href":"https:\/\/www.cmonsite.fr\/site\/wp-json\/wp\/v2\/pages\/21442\/revisions\/21446"}],"up":[{"embeddable":true,"href":"https:\/\/www.cmonsite.fr\/site\/wp-json\/wp\/v2\/pages\/21297"}],"wp:featuredmedia":[{"embeddable":true,"href":"https:\/\/www.cmonsite.fr\/site\/wp-json\/wp\/v2\/media\/21444"}],"wp:attachment":[{"href":"https:\/\/www.cmonsite.fr\/site\/wp-json\/wp\/v2\/media?parent=21442"}],"curies":[{"name":"wp","href":"https:\/\/api.w.org\/{rel}","templated":true}]}}