{"id":21432,"date":"2022-09-05T19:27:39","date_gmt":"2022-09-05T17:27:39","guid":{"rendered":"https:\/\/www.cmonsite.fr\/site\/?page_id=21432"},"modified":"2022-09-12T14:15:43","modified_gmt":"2022-09-12T12:15:43","slug":"statut","status":"publish","type":"page","link":"https:\/\/www.cmonsite.fr\/site\/guides\/creation-site\/comment-creer-un-site-internet\/statut","title":{"rendered":"Quel statut pour cr\u00e9er un site internet ?"},"content":{"rendered":"<div class=\"text-content\">\n<p>La cr\u00e9ation d\u2019un site web est actuellement indispensable pour une entreprise ou une boutique. Il permet de d\u00e9velopper votre marque et d\u2019am\u00e9liorer la visibilit\u00e9 de vos produits et services. Cependant, il n\u2019existe aucun statut pour r\u00e9aliser son propre site. Mais quelles sont les proc\u00e9dures \u00e0 respecter ? Suivez ce guide !<\/p>\n<h2>Optez pour un nom de domaine et une URL<\/h2>\n<p>Il est important de choisir un bon nom de domaine afin d\u2019am\u00e9liorer la cr\u00e9dibilit\u00e9 d\u2019une entreprise. Il dispose de nombreux avantages, comme :<\/p>\n<ul>\n<li>la facilit\u00e9 avec laquelle les clients peuvent trouver votre site ;<\/li>\n<li>la confiance que les consultants accorderont \u00e0 votre site web et \u00e0 votre marque ;<\/li>\n<li>la protection de votre propri\u00e9t\u00e9 intellectuelle et de votre marque.<\/li>\n<\/ul>\n<h3>Comprendre les noms de domaines et les URL<\/h3>\n<p>Votre nom de domaine joue un r\u00f4le important sur la visibilit\u00e9 de votre site internet. L\u2019URL est l\u2019adresse de votre page sur Internet, et permet aux clients d\u2019y acc\u00e9der facilement.<\/p>\n<p>Elle est compos\u00e9e de nombreux \u00e9l\u00e9ments :<\/p>\n<ul>\n<li>HTTP ou HTTPS : si un site web poss\u00e8de un certificat de s\u00e9curit\u00e9 (SSL), la premi\u00e8re partie de l\u2019URL sera HTTPS. Si ce n&#8217;est pas le cas, l\u2019URL sera HTTP ;<\/li>\n<li>www : ceci indique qu\u2019il s\u2019agit d\u2019un site affich\u00e9 sur le Web ;<\/li>\n<li>nom de domaine : le nom de votre site, comme &#8220;mondomaine&#8221; ;<\/li>\n<li>extension du nom de domaine qui est la partie de l\u2019URL, par exemple : .com ou .au.<\/li>\n<\/ul>\n<h3>Garder la coh\u00e9rence avec la marque<\/h3>\n<p><img fetchpriority=\"high\" decoding=\"async\" class=\"alignnone size-full wp-image-21434\" src=\"https:\/\/www.cmonsite.fr\/site\/webup\/2022\/09\/facebook-like-3695180_1280.jpg\" alt=\"\" width=\"1280\" height=\"851\" srcset=\"https:\/\/www.cmonsite.fr\/site\/webup\/2022\/09\/facebook-like-3695180_1280.jpg 1280w, https:\/\/www.cmonsite.fr\/site\/webup\/2022\/09\/facebook-like-3695180_1280-300x199.jpg 300w, https:\/\/www.cmonsite.fr\/site\/webup\/2022\/09\/facebook-like-3695180_1280-1024x681.jpg 1024w, https:\/\/www.cmonsite.fr\/site\/webup\/2022\/09\/facebook-like-3695180_1280-768x511.jpg 768w\" sizes=\"(max-width: 1280px) 100vw, 1280px\" \/><\/p>\n<p>Apr\u00e8s avoir \u00e9tabli votre pr\u00e9sence en ligne, il est important de maintenir la coh\u00e9rence de votre marque. Votre nom de domaine doit \u00eatre en relation avec le nom de votre entreprise.<\/p>\n<p>Pour cela, de nombreux \u00e9l\u00e9ments sont \u00e0 consid\u00e9rer. Vous devez donc :<\/p>\n<ul>\n<li>cr\u00e9er une pr\u00e9sence en ligne professionnelle ;<\/li>\n<li>aider vos clients \u00e0 vous trouver facilement ;<\/li>\n<li>appuyer votre compagnie \u00e0 conserver une image de marque forte ;<\/li>\n<li>limiter les co\u00fbts de d\u00e9veloppement des logos, des emballages et des documents imprim\u00e9s.<\/li>\n<\/ul>\n<p>Utilisez le nom de votre entreprise sur toutes les plateformes num\u00e9riques, y compris :<\/p>\n<ul>\n<li>le nom de domaine de votre site web ;<\/li>\n<li>les noms d\u2019utilisateur des m\u00e9dias sociaux ;<\/li>\n<li>les adresses \u00e9lectroniques ;<\/li>\n<li>les noms d\u2019utilisateur sur d\u2019autres plateformes en ligne.<\/li>\n<\/ul>\n<h3>Acheter un nom de domaine<\/h3>\n<p>Plusieurs entreprises ach\u00e8tent plusieurs extensions pour leur nom de domaine. Par exemple, si les clients saisissent \u00ab .com \u00bb au lieu de \u00ab .com.au \u00bb, ils seront toujours dirig\u00e9s vers votre site. L\u2019achat des deux extensions peut \u00e9galement contribuer \u00e0 \u00e9viter toute confusion en ligne, quant \u00e0 l\u2019identit\u00e9 de votre soci\u00e9t\u00e9.<\/p>\n<h3>Renouveler un nom de domaine<\/h3>\n<p>Il est important d&#8217;actualiser votre nom de domaine afin qu\u2019il ne puisse pas expirer. La p\u00e9riode de renouvellement est d\u00e9finie lors de l\u2019achat de votre nom de domaine. Vous pouvez souvent choisir une dur\u00e9e initiale de 1, 3, 5 ou 10 ans.<\/p>\n<h2>Concevoir votre site web<\/h2>\n<p>Lorsque vous inventez votre site web, prenez en compte les \u00e9l\u00e9ments suivants :<\/p>\n<ul>\n<li>les informations que vous donnez \u00e0 vos clients ;<\/li>\n<li>ce que vous voulez qu\u2019ils fassent sur votre site ;<\/li>\n<li>aux questions qu\u2019ils se poseront ;<\/li>\n<li>l\u2019ordre dans lequel ils feront les choses.<\/li>\n<\/ul>\n<p>Un site web bien con\u00e7u et simple \u00e0 utiliser aidera votre entreprise \u00e0 se d\u00e9marquer. Le meilleur moyen de comprendre ce dont vous avez besoin pour votre site web est de dresser un plan visuel du site.<\/p>\n<h2>Trouver une soci\u00e9t\u00e9 d\u2019h\u00e9bergement Web<\/h2>\n<p>Pour que votre site web soit publi\u00e9 et accessible sur Internet, il doit \u00eatre abrit\u00e9 par une soci\u00e9t\u00e9 d\u2019h\u00e9bergement. Ces soci\u00e9t\u00e9s vous fournissent un espace s\u00e9curis\u00e9 sur leur serveur pour stocker le contenu de votre site internet.<\/p>\n<p>Vous pouvez h\u00e9berger votre site web aupr\u00e8s de la soci\u00e9t\u00e9, tout en enregistrant votre nom de domaine. Choisissez un autre h\u00e9bergeur si celui-ci r\u00e9pond mieux aux besoins de votre entreprise. Les frais mensuels d\u2019h\u00e9bergement peuvent varier en fonction de la taille et du nombre de visites de votre site.<\/p>\n<h2>Publiez votre site internet<\/h2>\n<p><img decoding=\"async\" class=\"alignnone size-full wp-image-21433\" src=\"https:\/\/www.cmonsite.fr\/site\/webup\/2022\/09\/office-2717006_1280.jpg\" alt=\"\" width=\"1280\" height=\"847\" srcset=\"https:\/\/www.cmonsite.fr\/site\/webup\/2022\/09\/office-2717006_1280.jpg 1280w, https:\/\/www.cmonsite.fr\/site\/webup\/2022\/09\/office-2717006_1280-300x199.jpg 300w, https:\/\/www.cmonsite.fr\/site\/webup\/2022\/09\/office-2717006_1280-1024x678.jpg 1024w, https:\/\/www.cmonsite.fr\/site\/webup\/2022\/09\/office-2717006_1280-768x508.jpg 768w\" sizes=\"(max-width: 1280px) 100vw, 1280px\" \/><\/p>\n<p>Lorsque vous d\u00e9cidez de cr\u00e9er un site internet, r\u00e9fl\u00e9chissez \u00e0 la mani\u00e8re dont il sera entretenu. Vous pourrez y apporter des modifications qui pourront se faire r\u00e9guli\u00e8rement, par exemple :<\/p>\n<ul>\n<li>moderniser la publicit\u00e9 et ajouter des renseignements sur les ventes et les offres sp\u00e9ciales ;<\/li>\n<li>mettre \u00e0 jour les informations de contact ;<\/li>\n<li>refl\u00e9ter les changements de prix, de produits et de services ;<\/li>\n<li>rafra\u00eechir les horaires d\u2019ouverture, comme pour les jours f\u00e9ri\u00e9s ;<\/li>\n<li>varier l\u2019aspect et la convivialit\u00e9 de votre site web.<\/li>\n<\/ul>\n<p>La cr\u00e9ation de votre site web peut \u00eatre un projet de type \u00ab do-it-yourself \u00bb (DIY) ou \u00ab do-it-for-me \u00bb (DIFM). Vous pouvez ainsi :<\/p>\n<ul>\n<li>utiliser un constructeur bas\u00e9 sur des mod\u00e8les (DIY) ;<\/li>\n<li>se servir d&#8217;un CMS pour innover un site personnalis\u00e9 (DIY ou DIFM) ;<\/li>\n<li>faire appel \u00e0 un d\u00e9veloppeur web professionnel (DIFM).<\/li>\n<\/ul>\n<h2>Ajouter et g\u00e9rer le contenu de votre site web<\/h2>\n<p>Apr\u00e8s avoir d\u00e9termin\u00e9 l&#8217;id\u00e9e g\u00e9n\u00e9rale que vous souhaitez afficher sur votre site, vous devez cr\u00e9er ou acheter des contenus.<\/p>\n<p>Le contenu d\u2019un site comporte de nombreux crit\u00e8res, tels que :<\/p>\n<ul>\n<li>des images ;<\/li>\n<li>des vid\u00e9os ;<\/li>\n<li>des textes (mots \u00e9crits) ;<\/li>\n<li>des outils interactifs, comme les calculateurs et les estimateurs ;<\/li>\n<li>des pages de renvoi pour les campagnes promotionnelles.<\/li>\n<\/ul>\n<p>Un composant et des images aideront les clients \u00e0 comprendre vos produits et services, et les mettront \u00e0 l\u2019aise pour faire affaire avec vous.<\/p>\n<p>Vous pouvez aussi recourir \u00e0 un professionnel pour cr\u00e9er des images ou r\u00e9diger votre contenu.<\/p>\n<h3>Ajout d\u2019images et de vid\u00e9os<\/h3>\n<p>Les images et les vid\u00e9os peuvent aider \u00e0 :<\/p>\n<ul>\n<li>capter l\u2019attention des clients ;<\/li>\n<li>pr\u00e9senter vos articles, vos services ou vos travaux ant\u00e9rieurs de mani\u00e8re positive.<\/li>\n<\/ul>\n<p>Il est pr\u00e9f\u00e9rable d\u2019utiliser des photos de vos produits ou services r\u00e9els, mais vous pouvez \u00e9galement les compl\u00e9ter par des photos de stock et des graphiques.<\/p>\n<h3>R\u00e9daction du contenu web<\/h3>\n<p>Le contenu de votre page web doit \u00eatre fluide et facile \u00e0 lire. Pour ce faire :<\/p>\n<ul>\n<li>mettez les informations les plus importantes en premier ;<\/li>\n<li>utilisez un langage simple ;<\/li>\n<li>veillez \u00e0 ce qu&#8217;il soit compr\u00e9hensible ;<\/li>\n<li>choisissez des titres clairs et des sous-titres int\u00e9ressants ;<\/li>\n<li>v\u00e9rifiez la qualit\u00e9 r\u00e9dactionnelle de votre contenu.<\/li>\n<\/ul>\n<h3>Gestion et mise \u00e0 jour du contenu<\/h3>\n<p>Il est important de maintenir le contenu de votre site web \u00e0 jour. Par exemple, assurez-vous que les changements de prix ou d\u2019heures sont toujours pris en compte.<\/p>\n<p>Cela permet de :<\/p>\n<ul>\n<li>garder l\u2019int\u00e9r\u00eat et l\u2019engagement de vos clients ;<\/li>\n<li>favoriser votre classement dans les pages de vos moteurs de recherche.<\/li>\n<\/ul>\n<\/div>\n","protected":false},"excerpt":{"rendered":"<p>La cr\u00e9ation d\u2019un site web est actuellement indispensable pour une entreprise ou une boutique. Il permet de d\u00e9velopper votre marque et d\u2019am\u00e9liorer la visibilit\u00e9 de vos produits et services. Cependant, il n\u2019existe aucun statut pour r\u00e9aliser son propre site. Mais quelles sont les proc\u00e9dures \u00e0 respecter ? Suivez ce guide ! Optez pour un nom [&hellip;]<\/p>\n","protected":false},"author":1,"featured_media":21435,"parent":21297,"menu_order":5,"comment_status":"closed","ping_status":"closed","template":"","meta":{"_helpful_status":1,"footnotes":""},"class_list":["post-21432","page","type-page","status-publish","has-post-thumbnail","hentry"],"_links":{"self":[{"href":"https:\/\/www.cmonsite.fr\/site\/wp-json\/wp\/v2\/pages\/21432","targetHints":{"allow":["GET"]}}],"collection":[{"href":"https:\/\/www.cmonsite.fr\/site\/wp-json\/wp\/v2\/pages"}],"about":[{"href":"https:\/\/www.cmonsite.fr\/site\/wp-json\/wp\/v2\/types\/page"}],"author":[{"embeddable":true,"href":"https:\/\/www.cmonsite.fr\/site\/wp-json\/wp\/v2\/users\/1"}],"replies":[{"embeddable":true,"href":"https:\/\/www.cmonsite.fr\/site\/wp-json\/wp\/v2\/comments?post=21432"}],"version-history":[{"count":1,"href":"https:\/\/www.cmonsite.fr\/site\/wp-json\/wp\/v2\/pages\/21432\/revisions"}],"predecessor-version":[{"id":21436,"href":"https:\/\/www.cmonsite.fr\/site\/wp-json\/wp\/v2\/pages\/21432\/revisions\/21436"}],"up":[{"embeddable":true,"href":"https:\/\/www.cmonsite.fr\/site\/wp-json\/wp\/v2\/pages\/21297"}],"wp:featuredmedia":[{"embeddable":true,"href":"https:\/\/www.cmonsite.fr\/site\/wp-json\/wp\/v2\/media\/21435"}],"wp:attachment":[{"href":"https:\/\/www.cmonsite.fr\/site\/wp-json\/wp\/v2\/media?parent=21432"}],"curies":[{"name":"wp","href":"https:\/\/api.w.org\/{rel}","templated":true}]}}