{"id":21426,"date":"2022-09-05T19:24:19","date_gmt":"2022-09-05T17:24:19","guid":{"rendered":"https:\/\/www.cmonsite.fr\/site\/?page_id=21426"},"modified":"2022-09-11T19:36:06","modified_gmt":"2022-09-11T17:36:06","slug":"cout","status":"publish","type":"page","link":"https:\/\/www.cmonsite.fr\/site\/guides\/creation-site\/comment-creer-un-site-internet\/cout","title":{"rendered":"Combien coute la cr\u00e9ation d&#8217;un site internet ?"},"content":{"rendered":"<div class=\"more-space\"><\/div>\n<div class=\"text-content\">\n<p>De nombreux facteurs doivent \u00eatre pris en compte lors de la conception ou du d\u00e9veloppement d&#8217;un site web. <a href=\"https:\/\/www.cmonsite.fr\/site\/guides\/creation-site\/comment-creer-un-site-internet\">Comment cr\u00e9er un site internet ?<\/a> Cela d\u00e9pend du type de projet, des besoins que vous avez, de la taille de votre projet, si vous le faites vous-m\u00eame, engager un concepteur de sites web ind\u00e9pendant ou une agence de conception de sites web. Dans cet article, d\u00e9couvrez tous les probl\u00e8mes que vous devriez vous poser lors de la cr\u00e9ation d&#8217;une page web pour \u00eatre en mesure de mieux estimer combien cela co\u00fbte.<\/p>\n<h2>Qu&#8217;est-ce qui influence le prix de d\u00e9veloppement d&#8217;un site web ?<\/h2>\n<p>Il existe de nombreuses variables qui d\u00e9termineront le co\u00fbt de la cr\u00e9ation d&#8217;un site web pour votre entreprise.<br \/>\n\u2022 Nombre de pages : plus de pages signifie plus de travail pour le concepteur et le d\u00e9veloppeur web. Si vous choisissez l&#8217;un de ces forfaits, n&#8217;oubliez pas que chaque page suppl\u00e9mentaire impliquera un co\u00fbt suppl\u00e9mentaire. Vous pouvez estimer environ 100 euros par page suppl\u00e9mentaire.<br \/>\n\u2022 Utilisation de mod\u00e8les : les mod\u00e8les \u00e9conomisent beaucoup de travail pour les concepteurs et les d\u00e9veloppeurs web. En fait, presque toutes les pages web sont cr\u00e9\u00e9es \u00e0 partir d&#8217;un mod\u00e8le. Si vous optiez pour une <strong>conception web personnalis\u00e9e<\/strong>, le co\u00fbt monterait en fl\u00e8che. Plus votre site web a besoin de personnalisation, plus cela co\u00fbte cher.<br \/>\n\u2022 Images et graphiques personnalis\u00e9s : les <strong>effets graphiques<\/strong> et les images saisissantes peuvent \u00eatre la partie la plus accrocheuse d&#8217;une page web. Cependant, consid\u00e9rez que le sp\u00e9cialiste et l&#8217;\u00e9quipement d&#8217;\u00e9dition requis ont un impact significatif sur le calcul du co\u00fbt de cr\u00e9ation de la page web.<br \/>\n\u2022 D\u00e9veloppement de contenu : une grande partie du succ\u00e8s de votre site web repose sur sa r\u00e9daction. Votre site web doit avoir un <u>design accrocheur<\/u>, mais cela ne servira \u00e0 rien s&#8217;il ne m\u00e8ne pas \u00e0 un contenu <strong>solide et pr\u00e9cieux<\/strong>. Certaines agences incluent la r\u00e9daction parmi leurs services ; dans d&#8217;autres cas, vous devrez le rechercher par vous-m\u00eame.<br \/>\n\u2022 Programmation personnalis\u00e9e : de nombreuses fonctionnalit\u00e9s dont votre site web peut avoir besoin peuvent \u00eatre r\u00e9solues avec des plugins sans aucune intervention. C&#8217;est la situation id\u00e9ale, mais il est tr\u00e8s probable que faire en sorte que votre site web effectue certaines actions n\u00e9cessite une <u>programmation personnalis\u00e9e<\/u>. La cr\u00e9ation de fonctionnalit\u00e9s personnalis\u00e9es par un d\u00e9veloppeur web augmentera le co\u00fbt de votre site web.<br \/>\n\u2022 Nombre de r\u00e9visions : apr\u00e8s avoir cr\u00e9\u00e9 la page web, il y a g\u00e9n\u00e9ralement des s\u00e9ries de r\u00e9visions pour la finaliser. Selon la complexit\u00e9 de votre site web, vous aurez peut-\u00eatre besoin de plus ou moins de r\u00e9visions, augmentant ou r\u00e9duisant le co\u00fbt. La plupart du temps, une ou deux r\u00e9visions suffisent.<\/p>\n<h2>Combien co\u00fbte la cr\u00e9ation de votre site web vous-m\u00eame ?<\/h2>\n<p><img fetchpriority=\"high\" decoding=\"async\" class=\"alignnone size-full wp-image-21427\" src=\"https:\/\/www.cmonsite.fr\/site\/webup\/2022\/09\/laptop-2838939_1280.jpg\" alt=\"\" width=\"1280\" height=\"853\" srcset=\"https:\/\/www.cmonsite.fr\/site\/webup\/2022\/09\/laptop-2838939_1280.jpg 1280w, https:\/\/www.cmonsite.fr\/site\/webup\/2022\/09\/laptop-2838939_1280-300x200.jpg 300w, https:\/\/www.cmonsite.fr\/site\/webup\/2022\/09\/laptop-2838939_1280-1024x682.jpg 1024w, https:\/\/www.cmonsite.fr\/site\/webup\/2022\/09\/laptop-2838939_1280-768x512.jpg 768w\" sizes=\"(max-width: 1280px) 100vw, 1280px\" \/><\/p>\n<p>Il est possible de cr\u00e9er son propre site web sans l&#8217;aide d&#8217;un professionnel, \u00e0 condition d&#8217;avoir des connaissances de base en technologie. Le co\u00fbt ne sera pas \u00e9lev\u00e9, mais vous devez prendre en compte plusieurs services que vous devrez acheter vous-m\u00eame.<br \/>\n\u2022 Domaine personnalis\u00e9 : l&#8217;achat d&#8217;un domaine pour votre site web est simple et peu co\u00fbteux. Les frais sont compris entre 10 et 30 euros par an.<br \/>\n\u2022 H\u00e9bergement : pour commencer, une r\u00e9vision de 60 ou 120 euros par an suffit g\u00e9n\u00e9ralement. Lorsque votre entreprise g\u00e9n\u00e8re plus de trafic, vous pouvez passer \u00e0 un de 300 euros par an ou plus.<br \/>\n\u2022 Certificat SSL : SSL est n\u00e9cessaire pour avoir un <u>site web s\u00e9curis\u00e9<\/u>. M\u00eame si vous ne pr\u00e9voyez rien vendre, envisagez d&#8217;en acheter un. Les frais commencent par gratuit, dans le cas o\u00f9 votre h\u00e9bergeur propose des <strong>certificats Let&#8217;s Encrypt<\/strong> gratuits, sinon vous devez payer environ 300 euros par an.<br \/>\n\u2022 Mod\u00e8les Premium : quel que soit le constructeur de site web que vous choisissez, vous pouvez choisir des mod\u00e8les gratuits ou payants. Investir dans un <strong>template Premium<\/strong> peut co\u00fbter de 50 \u00e0 150 euros par an, et c&#8217;est payant dans de nombreux cas et sur le long terme.<br \/>\n\u2022 Banque d\u2019Images : vous pouvez obtenir des images gratuites, mais elles ne seront g\u00e9n\u00e9ralement pas tr\u00e8s appropri\u00e9es. Vous pouvez probablement acheter les images dont vous avez besoin entre 50 euros et 300 euros, selon le nombre dont vous avez besoin.<br \/>\nComme vous pouvez le constater, vous d\u00e9penserez moins pour cr\u00e9er votre site web par vous-m\u00eame. Mais le vrai co\u00fbt que vous payez ici est votre temps : il faudra plusieurs dizaines d&#8217;heures pour obtenir un <u>r\u00e9sultat d\u00e9cent<\/u>.<\/p>\n<h2>Les constructeurs de sites web, valent-ils votre argent ?<\/h2>\n<p>Si vous ne voulez pas passer des mois \u00e0 apprendre \u00e0 cr\u00e9er des pages web, mais que vous n&#8217;avez pas non plus de budget, votre meilleure option est de cr\u00e9er votre propre site tant que c&#8217;est quelque chose de simple.<br \/>\nMais si vous voulez quelque chose qui n&#8217;est pas si simple et avec plusieurs pages, le mieux, est un <u>freelance ou une agence<\/u>, car faire une page web sur un site gratuitement et sans connaissances est tr\u00e8s limitant.<\/p>\n<h2>Combien co\u00fbte la cr\u00e9ation d&#8217;un site web avec une agence de design ?<\/h2>\n<p>Le co\u00fbt d&#8217;une conception web par une agence peut aller de 1 000 euros et s&#8217;il s&#8217;agit d&#8217;un d\u00e9veloppement sur mesure il d\u00e9marre aux alentours de 6 000 euros et d\u00e9passe facilement les 50 000 euros, le prix d&#8217;un site web grimpe en fonction de la complexit\u00e9 et des caract\u00e9ristiques du projet.<br \/>\nL&#8217;avantage d&#8217;utiliser cette option est que vous aurez une <strong>\u00e9quipe sp\u00e9cialis\u00e9e<\/strong> qui s&#8217;occupe de tout, de la conception au d\u00e9veloppement, et m\u00eame \u00e0 la maintenance du site web.<br \/>\nCe sont des experts dans leur domaine qui peuvent vous donner les meilleurs conseils dans diff\u00e9rents domaines de la conception et du d\u00e9veloppement web, des <u>strat\u00e9gies publicitaires<\/u> et peuvent vous recommander les outils les plus r\u00e9cents qui conviennent \u00e0 votre entreprise.<br \/>\nL&#8217;inconv\u00e9nient est que vous devrez peut-\u00eatre passer du temps \u00e0 faire des <strong>briefings de conception<\/strong>, \u00e0 communiquer vos id\u00e9es \u00e0 une \u00e9quipe plus large, ce que vous pourriez \u00e9conomiser si vous le faisiez vous-m\u00eame.<\/p>\n<h2>Combien co\u00fbte un site web en engageant un web designer ind\u00e9pendant ?<\/h2>\n<p>Une option interm\u00e9diaire consiste \u00e0 faire appel \u00e0 diff\u00e9rents sp\u00e9cialistes qui peuvent s&#8217;adapter \u00e0 votre budget. Pour un projet de site web complet, vous pourriez avoir besoin d&#8217;un <u>sp\u00e9cialiste du r\u00e9f\u00e9rencement<\/u>, du d\u00e9veloppement et de la conception web, du marketing num\u00e9rique, entre autres ind\u00e9pendants.<br \/>\nLe prix de leurs services d\u00e9pendra de l&#8217;exp\u00e9rience et du niveau de comp\u00e9tence de la personne, si vous avez besoin de <strong>conception visuelle ou graphique<\/strong>, de contenu pour le blog ou des textes pour les pages.<br \/>\nLes avantages d&#8217;embaucher un designer ind\u00e9pendant sont que vous avez plus de contr\u00f4le sur le projet, vous savez qui travaille derri\u00e8re et vous pouvez les contacter directement si vous avez des doutes ou des questions, ce qui vous fait gagner du temps de communication que si plus de personnes \u00e9taient impliqu\u00e9es au travail.<br \/>\nLes inconv\u00e9nients de la cr\u00e9ation d&#8217;un site avec un concepteur sont que cela peut prendre plus de temps que pr\u00e9vu si le concepteur a \u00e9galement d&#8217;autres emplois, vous pouvez donc avoir des retards inattendus dans la r\u00e9ception de la premi\u00e8re version.<\/p>\n<h2>Conseils pour \u00e9viter de surpayer lors de la cr\u00e9ation d&#8217;un site web<\/h2>\n<p><img decoding=\"async\" class=\"alignnone size-full wp-image-21429\" src=\"https:\/\/www.cmonsite.fr\/site\/webup\/2022\/09\/analytics-2618277_1280-1.jpg\" alt=\"\" width=\"1280\" height=\"853\" srcset=\"https:\/\/www.cmonsite.fr\/site\/webup\/2022\/09\/analytics-2618277_1280-1.jpg 1280w, https:\/\/www.cmonsite.fr\/site\/webup\/2022\/09\/analytics-2618277_1280-1-300x200.jpg 300w, https:\/\/www.cmonsite.fr\/site\/webup\/2022\/09\/analytics-2618277_1280-1-1024x682.jpg 1024w, https:\/\/www.cmonsite.fr\/site\/webup\/2022\/09\/analytics-2618277_1280-1-768x512.jpg 768w\" sizes=\"(max-width: 1280px) 100vw, 1280px\" \/><\/p>\n<p>Il est tr\u00e8s facile de d\u00e9penser trop lors de la cr\u00e9ation d&#8217;un site web et cela pourrait entra\u00eener la chute de votre site web, avant m\u00eame qu&#8217;il ne commence. C&#8217;est pourquoi il est important de rester dans votre budget. Voici quelques conseils qui peuvent vous aider :<br \/>\n\u2022 Commencez petit, puis d\u00e9veloppez votre site web. Utilisez des <u>th\u00e8mes et des plugins gratuits<\/u> pour commencer et d\u00e9penser plus tard pour des \u00e9l\u00e9ments premium \u00e0 mesure que votre site web s&#8217;agrandit.<br \/>\n\u2022 Respectez votre budget en priorisant les <u>fonctionnalit\u00e9s importantes<\/u>. Il est facile d&#8217;\u00eatre attir\u00e9 par une fonctionnalit\u00e9 que vous avez vue sur un autre site web, puis de d\u00e9penser de l&#8217;argent en frais de d\u00e9veloppement de site web, pour d\u00e9couvrir que cela ne sert \u00e0 rien.<br \/>\n\u2022 Optimisez votre site web pour une <strong>exp\u00e9rience utilisateur exceptionnelle<\/strong>. Quelle que soit la taille de votre site web, assurez-vous qu&#8217;il fonctionne rapidement et de mani\u00e8re fluide sur tous les types d&#8217;appareils.<\/p>\n<\/div>\n","protected":false},"excerpt":{"rendered":"<p>De nombreux facteurs doivent \u00eatre pris en compte lors de la conception ou du d\u00e9veloppement d&#8217;un site web. Comment cr\u00e9er un site internet ? Cela d\u00e9pend du type de projet, des besoins que vous avez, de la taille de votre projet, si vous le faites vous-m\u00eame, engager un concepteur de sites web ind\u00e9pendant ou une [&hellip;]<\/p>\n","protected":false},"author":1,"featured_media":21428,"parent":21297,"menu_order":4,"comment_status":"closed","ping_status":"closed","template":"","meta":{"_helpful_status":1,"footnotes":""},"class_list":["post-21426","page","type-page","status-publish","has-post-thumbnail","hentry"],"_links":{"self":[{"href":"https:\/\/www.cmonsite.fr\/site\/wp-json\/wp\/v2\/pages\/21426","targetHints":{"allow":["GET"]}}],"collection":[{"href":"https:\/\/www.cmonsite.fr\/site\/wp-json\/wp\/v2\/pages"}],"about":[{"href":"https:\/\/www.cmonsite.fr\/site\/wp-json\/wp\/v2\/types\/page"}],"author":[{"embeddable":true,"href":"https:\/\/www.cmonsite.fr\/site\/wp-json\/wp\/v2\/users\/1"}],"replies":[{"embeddable":true,"href":"https:\/\/www.cmonsite.fr\/site\/wp-json\/wp\/v2\/comments?post=21426"}],"version-history":[{"count":2,"href":"https:\/\/www.cmonsite.fr\/site\/wp-json\/wp\/v2\/pages\/21426\/revisions"}],"predecessor-version":[{"id":21431,"href":"https:\/\/www.cmonsite.fr\/site\/wp-json\/wp\/v2\/pages\/21426\/revisions\/21431"}],"up":[{"embeddable":true,"href":"https:\/\/www.cmonsite.fr\/site\/wp-json\/wp\/v2\/pages\/21297"}],"wp:featuredmedia":[{"embeddable":true,"href":"https:\/\/www.cmonsite.fr\/site\/wp-json\/wp\/v2\/media\/21428"}],"wp:attachment":[{"href":"https:\/\/www.cmonsite.fr\/site\/wp-json\/wp\/v2\/media?parent=21426"}],"curies":[{"name":"wp","href":"https:\/\/api.w.org\/{rel}","templated":true}]}}