{"id":21421,"date":"2022-09-05T19:22:10","date_gmt":"2022-09-05T17:22:10","guid":{"rendered":"https:\/\/www.cmonsite.fr\/site\/?page_id=21421"},"modified":"2022-09-11T19:36:00","modified_gmt":"2022-09-11T17:36:00","slug":"utilite","status":"publish","type":"page","link":"https:\/\/www.cmonsite.fr\/site\/guides\/creation-site\/comment-creer-un-site-internet\/utilite","title":{"rendered":"\u00c0 quoi sert de cr\u00e9er un site internet ?"},"content":{"rendered":"<div class=\"more-space\"><\/div>\n<div class=\"text-content\">Vous vous interrogez sur <strong>l\u2019int\u00e9r\u00eat de disposer d\u2019un site web<\/strong>\u00a0? Sachez qu\u2019en poss\u00e9der un pr\u00e9sente d\u2019innombrables avantages, et qu\u2019il est devenu actuellement <strong>incontournable d&#8217;appara\u00eetre sur la toile<\/strong> pour d\u00e9velopper votre activit\u00e9. Pour cela, <a href=\"https:\/\/www.cmonsite.fr\/site\/guides\/creation-site\/comment-creer-un-site-internet\">il faut tout d&#8217;abord creer un site internet<\/a>.<br \/>\nD\u00e9couvrez dans notre article <strong>pourquoi cr\u00e9er un site Internet peut vous \u00eatre b\u00e9n\u00e9fique<\/strong> en tout point\u00a0!<\/p>\n<h2>Quelques chiffres pour comprendre l\u2019int\u00e9r\u00eat d\u2019avoir un site<\/h2>\n<ul>\n<li>53,8 millions d\u2019internautes en France, soit 85,2 % des Fran\u00e7ais de 2 ans et plus\u00a0;<\/li>\n<li>un surfer passe en moyenne 2 h 39 par jour sur Internet, soit plus de 18 h par semaine\u00a0;<\/li>\n<li>75 % des internautes fran\u00e7ais se fient sur le design d\u2019un site Internet pour le juger en cr\u00e9dibilit\u00e9\u00a0;<\/li>\n<li>85,5 % des Fran\u00e7ais ont pris l\u2019habitude d\u2019acheter en ligne\u00a0;<\/li>\n<li>les entreprises qui ont un blog attirent 55 % de visiteurs en plus sur leur site\u00a0;<\/li>\n<li>81 % des entreprises qui ont fait faillite n\u2019avaient pas de site web.<\/li>\n<\/ul>\n<h2>\u00catre visible 24 h\/24, 7 j\/7 gr\u00e2ce au web<\/h2>\n<p><strong>Vous \u00eates pr\u00e9sents en continu<\/strong>, et ce, partout dans le monde ! C\u2019est comme si vous poss\u00e9diez une boutique ouverte 24h\/24 et 7j\/7. Situation quasiment impossible. Et pourtant maintenant, c\u2019est une option tout \u00e0 fait envisageable gr\u00e2ce \u00e0 un <u>site vitrine<\/u> ou un <u>site e-commerce<\/u>. Vous pourrez vous faire conna\u00eetre, et \u00eatre visit\u00e9 partout et \u00e0 tout moment.<\/p>\n<p>M\u00eame pendant votre sommeil, l\u2019internaute pourra trouver l&#8217;information qu\u2019il recherche, ou acheter un produit directement sans avoir besoin de vous. Vous devrez d\u2019ailleurs faire en sorte que votre site soit bien structur\u00e9, avec un cheminement simple pour que les visiteurs puissent le consulter de fa\u00e7on autonome.<\/p>\n<h2>Un espace en ligne \u00e0 soi, et o\u00f9 toutes ses informations sont transmises<\/h2>\n<p><img fetchpriority=\"high\" decoding=\"async\" class=\"alignnone size-full wp-image-21423\" src=\"https:\/\/www.cmonsite.fr\/site\/webup\/2022\/09\/student-849816_1280.jpg\" alt=\"\" width=\"1280\" height=\"853\" srcset=\"https:\/\/www.cmonsite.fr\/site\/webup\/2022\/09\/student-849816_1280.jpg 1280w, https:\/\/www.cmonsite.fr\/site\/webup\/2022\/09\/student-849816_1280-300x200.jpg 300w, https:\/\/www.cmonsite.fr\/site\/webup\/2022\/09\/student-849816_1280-1024x682.jpg 1024w, https:\/\/www.cmonsite.fr\/site\/webup\/2022\/09\/student-849816_1280-768x512.jpg 768w\" sizes=\"(max-width: 1280px) 100vw, 1280px\" \/><\/p>\n<p>Sur votre site, <strong>tout vous appartient<\/strong>, contrairement \u00e0 un compte sur les r\u00e9seaux sociaux. Vous \u00eates la seule personne ma\u00eetre \u00e0 bord, et <strong>vous publiez ce que bon vous semble<\/strong> (dans les limites l\u00e9gales impos\u00e9es bien s\u00fbr). La mise en page, le design ou la charte graphique seront comme vous les avez choisis.<\/p>\n<p><u>Vous pourrez y transmettre toutes les informations et renseignements<\/u> qui pourront aider votre audience \u00e0 assouvir leurs besoins. Vos tarifs, vos offres, vos services ou vos coordonn\u00e9es seront \u00e0 leur disposition.<\/p>\n<h2>Pr\u00e9senter son activit\u00e9, ses produits et\/ou ses services<\/h2>\n<p>Vous avez l&#8217;opportunit\u00e9 de pr\u00e9senter votre activit\u00e9 en la d\u00e9crivant, et en exposant ses valeurs. <strong>Gr\u00e2ce \u00e0 la cr\u00e9ation d\u2019un site Internet<\/strong>, <u>les produits ou services que vous proposez peuvent \u00eatre valoris\u00e9s<\/u> en les d\u00e9taillant de fa\u00e7on compl\u00e8te et s\u00e9duisante.<\/p>\n<p>Qui plus est, il vous est possible de publier du bon contenu \u00e9crit, mais aussi des images ou des vid\u00e9os. Celles-ci sont tr\u00e8s appr\u00e9ci\u00e9es des internautes, mais \u00e9galement des algorithmes qui am\u00e9lioreront votre positionnement sur les pages des r\u00e9sultats de recherches.<\/p>\n<h2>Cr\u00e9er du lien avec son public en interagissant avec lui<\/h2>\n<p>L\u2019int\u00e9r\u00eat d\u2019avoir un site Internet se trouve notamment dans le fait de pouvoir <strong>communiquer avec ses adh\u00e9rents<\/strong>, clients ou prospects. <u>Via un formulaire de contact<\/u>, vous discutez directement, ou presque, avec ces derniers.<\/p>\n<p>De nos jours, une \u00e9poque o\u00f9 nous voulons tout, et tout de suite, la r\u00e9activit\u00e9 de la part des entreprises est tr\u00e8s attendue et admir\u00e9e par le public. En revanche, elle est critiqu\u00e9e si les r\u00e9ponses sont trop longues \u00e0 venir. Des avis peuvent \u00eatre \u00e9mis \u00e0 ce sujet d\u2019ailleurs, et peuvent ainsi booster votre r\u00e9putation si les choses sont bien faites.<\/p>\n<h2>Mieux conna\u00eetre sa cible<\/h2>\n<p>Un site web vous permet de ma\u00eetriser un certain nombre de donn\u00e9es concernant votre audience, et de ce fait, agir en cons\u00e9quence. En effet, \u00e0 l\u2019inverse d\u2019une communication par impression papier, <strong>le support digital offre l\u2019occasion d\u2019avoir un retour direct de votre cible<\/strong>. <u>Vous pouvez ainsi \u00e9tudier les comportements de vos membres inscrits<\/u> : les contenus qui les ont le plus int\u00e9ress\u00e9s, les produits ou services les plus pl\u00e9biscit\u00e9s, ce qui n\u2019a pas march\u00e9, les pages les plus vues, etc.<\/p>\n<p>Vous pourrez comprendre leurs r\u00e9els besoins, leurs attentes, et donc am\u00e9liorer vos offres et modifier ce qu\u2019il faut \u00e0 tout moment pour satisfaire vos adh\u00e9rents.<\/p>\n<h2>Augmenter son chiffre d\u2019affaires<\/h2>\n<p>Aujourd\u2019hui, 85 % des internautes ach\u00e8tent sur Internet ! C\u2019est \u00e9norme, et cela en revient \u00e0 n\u00e9cessairement <strong>poss\u00e9der un site web si nous voulons augmenter notre chiffre d\u2019affaires<\/strong> et ne pas stagner, voire couler.<\/p>\n<p>Face \u00e0 une concurrence qui ne l\u00e9sine plus sur les moyens mis en place dans leur strat\u00e9gie digitale, il faut s\u2019aligner sur un march\u00e9 exponentiel en termes de communication.<\/p>\n<p>Cr\u00e9er un site Internet est un investissement tr\u00e8s rentable. D\u00e8s lors que celui-ci est con\u00e7u, vous vous faites tout d\u2019abord conna\u00eetre de plus en plus par vos contenus et vos offres int\u00e9ressantes. Puis, vous effectuez vos ventes de produits ou services en ligne ou des pr\u00e9-commandes \u00e0 tout moment de la nuit ou de la journ\u00e9e, sans votre pr\u00e9sence.<\/p>\n<p>Si vous poss\u00e9dez d\u00e9j\u00e0 une boutique physique, un site vous permet de <u>disposer d&#8217;un canal de distribution suppl\u00e9mentaire<\/u> qui augmentera consid\u00e9rablement votre CA.<\/p>\n<h2>Accro\u00eetre sa notori\u00e9t\u00e9, et gagner en cr\u00e9dibilit\u00e9 avec un site web professionnel<\/h2>\n<p><img decoding=\"async\" class=\"alignnone size-full wp-image-21422\" src=\"https:\/\/www.cmonsite.fr\/site\/webup\/2022\/09\/team-4021480_1280.jpg\" alt=\"\" width=\"1280\" height=\"512\" srcset=\"https:\/\/www.cmonsite.fr\/site\/webup\/2022\/09\/team-4021480_1280.jpg 1280w, https:\/\/www.cmonsite.fr\/site\/webup\/2022\/09\/team-4021480_1280-300x120.jpg 300w, https:\/\/www.cmonsite.fr\/site\/webup\/2022\/09\/team-4021480_1280-1024x410.jpg 1024w, https:\/\/www.cmonsite.fr\/site\/webup\/2022\/09\/team-4021480_1280-768x307.jpg 768w\" sizes=\"(max-width: 1280px) 100vw, 1280px\" \/><\/p>\n<p><strong>Votre site permet d\u2019asseoir votre notori\u00e9t\u00e9<\/strong> et de l\u2019amplifier de jour en jour. Si ce dernier est soign\u00e9, bien organis\u00e9 et de qualit\u00e9, <u>il prouvera votre s\u00e9rieux et votre professionnalisme<\/u>. Les internautes appr\u00e9cieront d\u2019autant plus s\u2019ils y trouvent ce qu\u2019ils recherchent, ce qu\u2019on leur a promis dans les titres de la page des moteurs de recherches.<\/p>\n<p>Et l\u00e0, si le public est s\u00e9duit, il fera votre promotion indirectement, et d\u2019autres personnes influeront et se connecteront \u00e0 votre site en un clic.<\/p>\n<h2>Une communication dynamique et \u00e9volutive avec des contenus de qualit\u00e9<\/h2>\n<p><strong>Un site web peut \u00eatre constamment modifi\u00e9<\/strong>. Vous pouvez y ajouter des contenus, des actualit\u00e9s, des photos ou des vid\u00e9os \u00e0 tout moment sans difficult\u00e9 particuli\u00e8re. <strong>Votre site peut donc \u00eatre r\u00e9guli\u00e8rement mis \u00e0 jour<\/strong>, ce qui vous fait gagner en confiance et en popularit\u00e9 gr\u00e2ce \u00e0 un dynamisme et une r\u00e9activit\u00e9 forte.<\/p>\n<p>Des mises \u00e0 jour r\u00e9guli\u00e8res offrent un autre avantage. <u>Plaire \u00e9galement aux algorithmes des moteurs de recherches<\/u>. Ce qui vous conf\u00e8re l&#8217;opportunit\u00e9 d\u2019appara\u00eetre sur des positions de plus en plus \u00e9lev\u00e9es sur la SERP (pages de ces moteurs de recherches). Et donc, de <strong>g\u00e9n\u00e9rer toujours plus de trafic<\/strong>.<\/p>\n<h2>\u00catre trouv\u00e9 facilement et rapidement sur les moteurs de recherches<\/h2>\n<p><strong>\u00catre visible sur la toile<\/strong> c\u2019est bien, y <strong>\u00eatre bien r\u00e9f\u00e9renc\u00e9<\/strong>, c\u2019est mieux ! 67 % de la population fran\u00e7aise utilise Internet pour trouver des informations. Si l\u2019internaute ne vous trouve pas, il se tournera vers vos concurrents.<\/p>\n<p>Pour cette raison, il est essentiel pour vous de r\u00e9fl\u00e9chir \u00e0 un projet de cr\u00e9ation d\u2019un site web, et d\u2019y \u00e9tablir une strat\u00e9gie digitale efficace. <strong>Le r\u00e9f\u00e9rencement naturel SEO<\/strong> vous permettra <u>d\u2019optimiser vos pages web<\/u>, et vous offrira ainsi <u>une meilleure visibilit\u00e9 \u00e0 long terme<\/u> sans d\u00e9penser un gros budget.<\/p>\n<h2>En conclusion, \u00e0 quoi \u00e7a sert de cr\u00e9er un site Internet\u00a0?<\/h2>\n<p>Nous vous r\u00e9capitulons bri\u00e8vement pourquoi il est extr\u00eamement <strong>avantageux et int\u00e9ressant pour vous de cr\u00e9er un site web<\/strong>\u00a0:<\/p>\n<ul>\n<li>\u00eatre visible tout le temps et partout\u00a0;<\/li>\n<li>avoir un espace en ligne qui vous appartient\u00a0;<\/li>\n<li>pr\u00e9senter votre activit\u00e9, vos produits et\/ou vos services de mani\u00e8re valorisante\u00a0;<\/li>\n<li>transmettre toutes vos informations \u00e0 votre public en temps r\u00e9el\u00a0;<\/li>\n<li>augmenter votre chiffre d\u2019affaires\u00a0;<\/li>\n<li>interagir avec vos abonn\u00e9s\u00a0;<\/li>\n<li>cr\u00e9er du lien\u00a0;<\/li>\n<li>gagner en cr\u00e9dibilit\u00e9\u00a0;<\/li>\n<li>accro\u00eetre votre notori\u00e9t\u00e9\u00a0;<\/li>\n<li>conna\u00eetre votre cible\u00a0;<\/li>\n<li>mettre \u00e0 jour ses contenus \u00e0 tout moment\u00a0;<\/li>\n<li>\u00eatre trouv\u00e9 facilement et rapidement.<\/li>\n<\/ul>\n<\/div>\n","protected":false},"excerpt":{"rendered":"<p>Vous vous interrogez sur l\u2019int\u00e9r\u00eat de disposer d\u2019un site web\u00a0? Sachez qu\u2019en poss\u00e9der un pr\u00e9sente d\u2019innombrables avantages, et qu\u2019il est devenu actuellement incontournable d&#8217;appara\u00eetre sur la toile pour d\u00e9velopper votre activit\u00e9. Pour cela, il faut tout d&#8217;abord creer un site internet. D\u00e9couvrez dans notre article pourquoi cr\u00e9er un site Internet peut vous \u00eatre b\u00e9n\u00e9fique en [&hellip;]<\/p>\n","protected":false},"author":1,"featured_media":21424,"parent":21297,"menu_order":3,"comment_status":"closed","ping_status":"closed","template":"","meta":{"_helpful_status":1,"footnotes":""},"class_list":["post-21421","page","type-page","status-publish","has-post-thumbnail","hentry"],"_links":{"self":[{"href":"https:\/\/www.cmonsite.fr\/site\/wp-json\/wp\/v2\/pages\/21421","targetHints":{"allow":["GET"]}}],"collection":[{"href":"https:\/\/www.cmonsite.fr\/site\/wp-json\/wp\/v2\/pages"}],"about":[{"href":"https:\/\/www.cmonsite.fr\/site\/wp-json\/wp\/v2\/types\/page"}],"author":[{"embeddable":true,"href":"https:\/\/www.cmonsite.fr\/site\/wp-json\/wp\/v2\/users\/1"}],"replies":[{"embeddable":true,"href":"https:\/\/www.cmonsite.fr\/site\/wp-json\/wp\/v2\/comments?post=21421"}],"version-history":[{"count":1,"href":"https:\/\/www.cmonsite.fr\/site\/wp-json\/wp\/v2\/pages\/21421\/revisions"}],"predecessor-version":[{"id":21425,"href":"https:\/\/www.cmonsite.fr\/site\/wp-json\/wp\/v2\/pages\/21421\/revisions\/21425"}],"up":[{"embeddable":true,"href":"https:\/\/www.cmonsite.fr\/site\/wp-json\/wp\/v2\/pages\/21297"}],"wp:featuredmedia":[{"embeddable":true,"href":"https:\/\/www.cmonsite.fr\/site\/wp-json\/wp\/v2\/media\/21424"}],"wp:attachment":[{"href":"https:\/\/www.cmonsite.fr\/site\/wp-json\/wp\/v2\/media?parent=21421"}],"curies":[{"name":"wp","href":"https:\/\/api.w.org\/{rel}","templated":true}]}}