{"id":21416,"date":"2022-09-05T19:19:51","date_gmt":"2022-09-05T17:19:51","guid":{"rendered":"https:\/\/www.cmonsite.fr\/site\/?page_id=21416"},"modified":"2022-09-11T19:36:36","modified_gmt":"2022-09-11T17:36:36","slug":"logiciel","status":"publish","type":"page","link":"https:\/\/www.cmonsite.fr\/site\/guides\/creation-site\/comment-creer-un-site-internet\/logiciel","title":{"rendered":"Quel logiciel pour creer un site internet ?"},"content":{"rendered":"<div class=\"more-space\"><strong> Les 5 meilleurs logiciels pour cr\u00e9er un site Web <\/strong><\/div>\n<div class=\"text-content\">Le meilleur logiciel de conception de sites Web permet de construire un site Web de mani\u00e8re simple et facile, soit en offrant une <u>plateforme de codage<\/u>, soit une <u>interface de type <i>drag-and-drop<\/i><\/u> ou <i>glisser-d\u00e9poser<\/i>.<\/p>\n<p><strong>Autrefois, la seule option \u00e9tait de coder directement un site Web<\/strong>, en utilisant HTML et CSS, voire JavaScript. Cependant, de nos jours, les \u00e9diteurs de type glisser-d\u00e9poser sont devenus beaucoup plus courants, ce qui permet \u00e0 tout le monde de personnaliser <a href=\"https:\/\/www.cmonsite.fr\/site\/guides\/creation-site\/comment-creer-un-site-internet\">ou m\u00eame de cr\u00e9er son propre site Web<\/a>.<\/p>\n<p>Quelle que soit l&#8217;option que vous pr\u00e9f\u00e9rez, elles facilitent toutes l&#8217;<strong>int\u00e9gration des \u00e9l\u00e9ments<\/strong> dont vous avez besoin sur votre site Web et peuvent fonctionner avec des outils suppl\u00e9mentaires tels que les cr\u00e9ateurs de formulaires, l&#8217;h\u00e9bergement d&#8217;images et m\u00eame les r\u00e9seaux de diffusion de contenu.<\/p>\n<p>Dans ce guide, nous nous sommes concentr\u00e9s sur les <strong>meilleurs outils de conception de sites Web<\/strong> actuellement disponibles sur le march\u00e9. Lorsque nous \u00e9valuons les outils \u00e0 inclure, nous nous concentrons sur :<br \/>\n&#8211; la simplicit\u00e9 d&#8217;utilisation (logiciel <u>intuitif<\/u> ou non);<br \/>\n&#8211; les <u>langages Web pris en charge<\/u> ;<br \/>\n&#8211; le <u>co\u00fbt<\/u> et la facilit\u00e9 avec lesquels les outils permettent de t\u00e9l\u00e9charger le projet fini une fois que vous avez termin\u00e9.<\/p>\n<h2>#1 : Wix<\/h2>\n<p>Il s&#8217;agit de notre meilleur choix parmi les cr\u00e9ateurs de sites Web et les logiciels de conception Web en g\u00e9n\u00e9ral. Wix est l&#8217;<strong>un des cr\u00e9ateurs de sites les plus populaires<\/strong>, et ce pour une bonne raison. Il <u>offre une gamme de niveaux de paiement<\/u> (y compris &#8220;gratuit&#8221;), avec des fonctionnalit\u00e9s appropri\u00e9es. Avec la version gratuite d&#8217;entr\u00e9e de gamme, vous devrez n\u00e9gocier les publicit\u00e9s de Wix et une limite d&#8217;espace de 500 Go, mais en payant \u00e0 partir de 6 $, vous \u00e9viterez les publicit\u00e9s, disposerez d&#8217;un domaine gratuit pendant un an, d&#8217;une bande passante de 2 Go et d&#8217;un espace de stockage de 3 Go.<\/p>\n<p>Vous avez le <strong>choix entre 500 mod\u00e8les<\/strong> et vous pouvez facilement commencer \u00e0 les personnaliser avec des animations, des retouches d&#8217;images, des boutons de m\u00e9dias sociaux et divers arri\u00e8re-plans, ainsi que de nombreuses autres options \u00e0 modifier.<\/p>\n<p>Nous aimons le <strong>design intuitif<\/strong> de ce constructeur de sites Web. Avec l&#8217;abondance des personnalisations et la quantit\u00e9 impressionnante de mod\u00e8les pr\u00eats \u00e0 l&#8217;emploi, Wix s&#8217;impose r\u00e9ellement comme la plateforme pr\u00eate \u00e0 <u>s\u00e9duire les novices comme les professionnels<\/u>, notamment gr\u00e2ce \u00e0 sa versatilit\u00e9 et l&#8217;intuitivit\u00e9 de son interface.<\/p>\n<h2>#2 : WordPress<\/h2>\n<p><img fetchpriority=\"high\" decoding=\"async\" class=\"alignnone size-full wp-image-21417\" src=\"https:\/\/www.cmonsite.fr\/site\/webup\/2022\/09\/startup-594127_1280.jpg\" alt=\"\" width=\"1280\" height=\"853\" srcset=\"https:\/\/www.cmonsite.fr\/site\/webup\/2022\/09\/startup-594127_1280.jpg 1280w, https:\/\/www.cmonsite.fr\/site\/webup\/2022\/09\/startup-594127_1280-300x200.jpg 300w, https:\/\/www.cmonsite.fr\/site\/webup\/2022\/09\/startup-594127_1280-1024x682.jpg 1024w, https:\/\/www.cmonsite.fr\/site\/webup\/2022\/09\/startup-594127_1280-768x512.jpg 768w\" sizes=\"(max-width: 1280px) 100vw, 1280px\" \/><\/p>\n<p>WordPress.org, l&#8217;<u>un des meilleurs cr\u00e9ateurs de sites Web<\/u>, est <strong>gratuit, open source<\/strong>, bien document\u00e9 et soutenu par une communaut\u00e9 mondiale enthousiaste. (Notez que WordPress.org est s\u00e9par\u00e9 et distinct de WordPress.com, qui est un service payant de cr\u00e9ation de sites Web).<\/p>\n<p>Les sites WordPress sont faciles \u00e0 r\u00e9f\u00e9rencer et bien <u>prot\u00e9g\u00e9s contre les failles de s\u00e9curit\u00e9<\/u>. Vous pouvez acc\u00e9l\u00e9rer la cr\u00e9ation d&#8217;un site Web en utilisant des th\u00e8mes gratuits ou payants. Et il existe des milliers de plugins pour vous aider \u00e0 ajouter pratiquement tout ce que vous voulez \u00e0 vos sites. Il n&#8217;est pas \u00e9tonnant que <strong>WordPress alimente pr\u00e8s de 40 % de l&#8217;internet<\/strong>.<\/p>\n<h2>#3 : Visual Studio Code (VSC)<\/h2>\n<p>Visual Studio Code (ou VScode) est devenu <strong>populaire parmi les d\u00e9veloppeurs<\/strong>. Il offre une vari\u00e9t\u00e9 d&#8217;extensions gratuites qui peuvent \u00eatre t\u00e9l\u00e9charg\u00e9es pour ajouter des fonctionnalit\u00e9s suppl\u00e9mentaires. Et l&#8217;\u00e9diteur de code lui-m\u00eame peut \u00eatre personnalis\u00e9.<\/p>\n<p>Alors que beaucoup de gens peuvent \u00eatre intimid\u00e9s par l&#8217;id\u00e9e de coder s&#8217;ils n&#8217;ont aucune exp\u00e9rience de la programmation, \u00e0 un moment donn\u00e9 dans le processus de conception Web, il peut \u00eatre <strong>important de pouvoir modifier le code directement<\/strong>. Cela est particuli\u00e8rement utile si vous souhaitez personnaliser le code de logiciels compl\u00e9mentaires existants afin d&#8217;obtenir les fonctionnalit\u00e9s que vous souhaitez pour votre site Web. <u>Visual Studio Code peut contribuer \u00e0 rendre le processus moins p\u00e9nible en fournissant une plate-forme d\u00e9di\u00e9e au codage<\/u>.<\/p>\n<p>Visual Studio Code dispose de son propre terminal et d\u00e9bogueur, prend en charge le <i>linting<\/i> et s&#8217;int\u00e8gre \u00e0 toutes sortes d&#8217;outils de contr\u00f4le de la source. Il offre notamment une bonne <strong>prise en charge de Javascript et de Python<\/strong>, ce qui le rend potentiellement utile non seulement pour coder la partie frontale d&#8217;un site Web, mais aussi certaines fonctions dorsales.<\/p>\n<p>Bon \u00e0 savoir : <strong>VSC est enti\u00e8rement gratuit !<\/strong><\/p>\n<h2>#4 : Bluefish<\/h2>\n<p>Bluefish est l&#8217;<strong>un des plus petits outils de conception<\/strong> de sites Web disponibles aujourd&#8217;hui. Le programme d&#8217;installation minuscule ne prend que quelques instants \u00e0 configurer. Bien que l&#8217;interface ne comporte que du texte, elle est clairement con\u00e7ue pour les novices, avec des barres d&#8217;outils claires, des menus personnalisables et une coloration syntaxique.<\/p>\n<p>Bien que l&#8217;accent soit mis sur le HTML, <u>Bluefish prend en charge un large \u00e9ventail d&#8217;autres langages<\/u>, notamment PHP, Java, JavaScript, SQL, XML et CSS. Contrairement aux outils de conception Web visuels WYSIWYG, l&#8217;interface texte permet d&#8217;obtenir un code beaucoup plus propre.<\/p>\n<p>Bluefish dispose d&#8217;une <strong>excellente fonction de recherche<\/strong>, qui vous permet de retrouver du texte dans plusieurs projets. L&#8217;outil n&#8217;a \u00e9galement aucun mal \u00e0 jongler avec des centaines de documents en m\u00eame temps. Bien que Bluefish permette de travailler avec des fichiers distants, les bo\u00eetes de dialogue et les assistants vari\u00e9s et utiles ne prennent pas en charge actuellement le t\u00e9l\u00e9chargement direct de pages Web via FTP.<\/p>\n<p>Malgr\u00e9 tous les efforts des d\u00e9veloppeurs, il faudra peut-\u00eatre <u>un certain temps pour s&#8217;habituer \u00e0 Bluefish.<\/u> L&#8217;outil est cependant <strong>disponible gratuitement<\/strong>, vous n&#8217;avez donc rien \u00e0 perdre en l&#8217;essayant.<\/p>\n<h2>#4 &#8211; Webflow<\/h2>\n<p>Webflow est un <strong>service bas\u00e9 sur le cloud<\/strong> qui a \u00e9t\u00e9 cr\u00e9\u00e9 sp\u00e9cifiquement pour permettre aux personnes n&#8217;ayant aucune connaissance du codage de se lancer dans la conception de sites Web.<\/p>\n<p>Outre le fait qu&#8217;il est v\u00e9ritablement multiplateforme, puisqu&#8217;il est bas\u00e9 sur le Web, W<i>ebflow met l&#8217;accent sur le concept d'&#8221;absence de code intelligent&#8221;<\/i>. En premier lieu, cela se traduit par une interface glisser-d\u00e9poser claire qui vous permet de d\u00e9poser des \u00e9l\u00e9ments tels que du texte et des images de mani\u00e8re transparente sur une page en utilisant l&#8217;un des mod\u00e8les disponibles gratuitement.<\/p>\n<p>Contrairement \u00e0 de nombreux \u00e9diteurs WYSIWYG, <strong>le code produit est tr\u00e8s propre<\/strong> et bien \u00e9crit, m\u00eame si vous choisissez l&#8217;option &#8220;Je n&#8217;ai aucune exp\u00e9rience du codage&#8221; lors de la configuration. L&#8217;outil d&#8217;automatisation de Webflow cr\u00e9era le code HTML\/CSS n\u00e9cessaire pour vous. Vous pouvez apporter des modifications granulaires aux \u00e9l\u00e9ments individuels \u00e0 l&#8217;aide des panneaux situ\u00e9s sur la droite.<\/p>\n<p><u>Webflow propose une d\u00e9monstration gratuite de ses fonctionnalit\u00e9s sur son site Web<\/u>, et vous pouvez \u00e9galement <strong>souscrire \u00e0 un Starter pack gratuit<\/strong> qui vous permet de cr\u00e9er jusqu&#8217;\u00e0 deux projets.<\/p>\n<h2>Autres outils de conception Web qui pourraient vous \u00eatre utiles<\/h2>\n<p><img decoding=\"async\" class=\"alignnone size-full wp-image-21419\" src=\"https:\/\/www.cmonsite.fr\/site\/webup\/2022\/09\/ecommerce-3562005_1280.jpg\" alt=\"\" width=\"1280\" height=\"704\" srcset=\"https:\/\/www.cmonsite.fr\/site\/webup\/2022\/09\/ecommerce-3562005_1280.jpg 1280w, https:\/\/www.cmonsite.fr\/site\/webup\/2022\/09\/ecommerce-3562005_1280-300x165.jpg 300w, https:\/\/www.cmonsite.fr\/site\/webup\/2022\/09\/ecommerce-3562005_1280-1024x563.jpg 1024w, https:\/\/www.cmonsite.fr\/site\/webup\/2022\/09\/ecommerce-3562005_1280-768x422.jpg 768w\" sizes=\"(max-width: 1280px) 100vw, 1280px\" \/><\/p>\n<p>Si vous \u00eates impliqu\u00e9 dans la conception de sites Web, il est fort probable que vous ayez \u00e9galement besoin de comp\u00e9tences et d&#8217;<strong>outils de conception graphique<\/strong>. Nous allons examiner ici quelques autres ressources et atouts dont vous aurez besoin pour vous aider dans le processus de conception de votre site Web.<\/p>\n<p>&#8211; <strong>1. Programmes graphiques<\/strong> : vous n&#8217;avez pas besoin d&#8217;un logiciel trop co\u00fbteux ou sophistiqu\u00e9, \u00e0 moins que vous ne souhaitiez faire carri\u00e8re dans la conception graphique ou l&#8217;illustration. Cependant, vous aurez probablement envie de <strong>cr\u00e9er des logos simples<\/strong>, des en-t\u00eates, des \u00e9l\u00e9ments de texte, ainsi que de manipuler des photos, le tout dans le cadre de la conception de votre site Web. Il existe de nombreux logiciels diff\u00e9rents, de GIMP, qui est une <u>plate-forme logicielle enti\u00e8rement gratuite<\/u>, \u00e0 des logiciels plus anciens comme Paint Shop Pro de Jasc, qui reste un programme comp\u00e9tent et peut \u00eatre achet\u00e9 \u00e0 bas prix sur Amazon.<\/p>\n<p>&#8211; <strong>2. Stockages de photos<\/strong> : en plus de cr\u00e9er vos propres graphiques, il y a de fortes chances que vous souhaitiez <strong>utiliser des photos\/animations<\/strong> issus de stock, et donc libres de droit, pour <u>donner \u00e0 votre site Web un aspect professionnel<\/u>. De telles ressources sont disponibles sur presque tous les sujets. Mieux encore, il existe un certain nombre de sites Web de stockage de ressources m\u00e9dia gratuits, mais ils ont tendance \u00e0 \u00eatre <u>plus limit\u00e9s que les sites de stockage payants<\/u>.<\/p>\n<\/div>\n","protected":false},"excerpt":{"rendered":"<p>Les 5 meilleurs logiciels pour cr\u00e9er un site Web Le meilleur logiciel de conception de sites Web permet de construire un site Web de mani\u00e8re simple et facile, soit en offrant une plateforme de codage, soit une interface de type drag-and-drop ou glisser-d\u00e9poser. Autrefois, la seule option \u00e9tait de coder directement un site Web, en [&hellip;]<\/p>\n","protected":false},"author":1,"featured_media":21418,"parent":21297,"menu_order":2,"comment_status":"closed","ping_status":"closed","template":"","meta":{"_helpful_status":1,"footnotes":""},"class_list":["post-21416","page","type-page","status-publish","has-post-thumbnail","hentry"],"_links":{"self":[{"href":"https:\/\/www.cmonsite.fr\/site\/wp-json\/wp\/v2\/pages\/21416","targetHints":{"allow":["GET"]}}],"collection":[{"href":"https:\/\/www.cmonsite.fr\/site\/wp-json\/wp\/v2\/pages"}],"about":[{"href":"https:\/\/www.cmonsite.fr\/site\/wp-json\/wp\/v2\/types\/page"}],"author":[{"embeddable":true,"href":"https:\/\/www.cmonsite.fr\/site\/wp-json\/wp\/v2\/users\/1"}],"replies":[{"embeddable":true,"href":"https:\/\/www.cmonsite.fr\/site\/wp-json\/wp\/v2\/comments?post=21416"}],"version-history":[{"count":1,"href":"https:\/\/www.cmonsite.fr\/site\/wp-json\/wp\/v2\/pages\/21416\/revisions"}],"predecessor-version":[{"id":21420,"href":"https:\/\/www.cmonsite.fr\/site\/wp-json\/wp\/v2\/pages\/21416\/revisions\/21420"}],"up":[{"embeddable":true,"href":"https:\/\/www.cmonsite.fr\/site\/wp-json\/wp\/v2\/pages\/21297"}],"wp:featuredmedia":[{"embeddable":true,"href":"https:\/\/www.cmonsite.fr\/site\/wp-json\/wp\/v2\/media\/21418"}],"wp:attachment":[{"href":"https:\/\/www.cmonsite.fr\/site\/wp-json\/wp\/v2\/media?parent=21416"}],"curies":[{"name":"wp","href":"https:\/\/api.w.org\/{rel}","templated":true}]}}