{"id":21411,"date":"2022-09-05T19:17:38","date_gmt":"2022-09-05T17:17:38","guid":{"rendered":"https:\/\/www.cmonsite.fr\/site\/?page_id=21411"},"modified":"2022-09-11T19:36:42","modified_gmt":"2022-09-11T17:36:42","slug":"qui","status":"publish","type":"page","link":"https:\/\/www.cmonsite.fr\/site\/guides\/creation-site\/comment-creer-un-site-internet\/qui","title":{"rendered":"Qui cr\u00e9e un site internet ?"},"content":{"rendered":"<div class=\"more-space\"><\/div>\n<div class=\"text-content\">\n<p>Outil servant \u00e0 am\u00e9liorer la r\u00e9putation d&#8217;une entreprise, d&#8217;une association, d&#8217;un magasin ou de toute autre organisation, le site internet est d\u00e9fini comme le meilleur moyen de promouvoir une activit\u00e9. Actuellement, il existe plusieurs logiciels et services qui <a href=\"https:\/\/www.cmonsite.fr\/site\/guides\/creation-site\/comment-creer-un-site-internet\">facilitent la cr\u00e9ation d&#8217;un site web<\/a>. De ce fait, les d\u00e9butants et les amateurs peuvent concevoir un site gr\u00e2ce \u00e0 WordPress, Shopify, Wix, Wizishop, etc. Si vous avez besoin de cr\u00e9er un site sans faire appel \u00e0 des prestataires, il faudra donc privil\u00e9gier les outils en ligne.<\/p>\n<h2>Qui peut cr\u00e9er un site internet ?<\/h2>\n<p>En principe, les personnes qui ont suivi des \u00e9tudes en informatique sont capables de concevoir un site web. N\u00e9anmoins, sachez que tout le monde est en mesure de r\u00e9aliser ce genre de projet. Bien entendu, il faut que la personne qui d\u00e9sire cr\u00e9er une page web dispose de quelques connaissances en <u>HTML<\/u>, <u>CSS<\/u>, communication ou encore r\u00e9daction de contenus. Afin d&#8217;\u00eatre certain que votre site soit pr\u00e9sent sur les premiers r\u00e9sultats de recherche, vous pouvez compter sur une agence web, un d\u00e9veloppeur multim\u00e9dia, un web designer, ou encore un architecte r\u00e9seau.<\/p>\n<p>Compos\u00e9e de d\u00e9veloppeurs web, de sp\u00e9cialistes en design, de r\u00e9f\u00e9renceurs, de trafic manager ainsi que de r\u00e9dacteurs web, l&#8217;agence web est le prestataire que vous devez contacter lorsqu&#8217;il s&#8217;agit de cr\u00e9er un site internet. En ce qui concerne le d\u00e9veloppeur multim\u00e9dia, c&#8217;est le professionnel qui s&#8217;assure du bon fonctionnement de chaque page. En tant qu&#8217;ing\u00e9nieur ou technicien en informatique, il peut ais\u00e9ment mettre en place un site internet complet. Se chargeant surtout du c\u00f4t\u00e9 visuel, le web designer est aussi un expert dans ce domaine. Ainsi, il est en mesure de cr\u00e9er des pages web \u00e0 la fois styl\u00e9es et <u>ergonomiques<\/u>.<\/p>\n<h2>L&#8217;importance d&#8217;un site web<\/h2>\n<p>\u00c0 l&#8217;heure actuelle, la plupart des gens sont connect\u00e9s sur Internet. En concevant un site web, vous allez donc vous faire remarquer par le monde entier. Par cons\u00e9quent, l&#8217;avantage principal de cet <u>outil num\u00e9rique<\/u> est qu&#8217;il est disponible \u00e0 tout moment et visite n&#8217;importe o\u00f9. Il ne faut pas oublier qu&#8217;avec un site, vous allez pouvoir d\u00e9mat\u00e9rialiser vos donn\u00e9es. Vu qu&#8217;Internet dispose d&#8217;un espace d&#8217;information illimit\u00e9, il est possible de stocker des donn\u00e9es sur le web. Pour une soci\u00e9t\u00e9, avoir un site internet permet de gagner une certaine cr\u00e9dibilit\u00e9. Lorsque les clients vont visiter leur site, ils vont tout de suite conna\u00eetre le professionnalisme de l&#8217;entreprise gr\u00e2ce \u00e0 l&#8217;organisation et l&#8217;aspect de chaque page web.<\/p>\n<p>D&#8217;une autre part, il est important de poss\u00e9der un site puisque ce dernier sert \u00e0 interagir avec les internautes. \u00c0 l&#8217;inverse d&#8217;une simple page statique, un site bien con\u00e7u int\u00e8gre de nombreuses fonctionnalit\u00e9s telles que les discussions automatiques, l&#8217;envoi d&#8217;un message aux visiteurs ou encore la r\u00e9daction de commentaires. Compar\u00e9 aux supports traditionnels tels que les publicit\u00e9s sur panneaux ou les moyens de communication imprim\u00e9s, le site internet peut \u00e9tudier le comportement de chaque cible. De cette mani\u00e8re, le propri\u00e9taire a l&#8217;opportunit\u00e9 de d\u00e9couvrir quels sont les liens qui ont re\u00e7u le plus de clics, par exemple.<\/p>\n<h2>Un petit rappel sur les diff\u00e9rents types de pages web<\/h2>\n<p><img fetchpriority=\"high\" decoding=\"async\" class=\"alignnone size-full wp-image-21413\" src=\"https:\/\/www.cmonsite.fr\/site\/webup\/2022\/09\/telework-6795505_1280.jpg\" alt=\"\" width=\"1280\" height=\"853\" srcset=\"https:\/\/www.cmonsite.fr\/site\/webup\/2022\/09\/telework-6795505_1280.jpg 1280w, https:\/\/www.cmonsite.fr\/site\/webup\/2022\/09\/telework-6795505_1280-300x200.jpg 300w, https:\/\/www.cmonsite.fr\/site\/webup\/2022\/09\/telework-6795505_1280-1024x682.jpg 1024w, https:\/\/www.cmonsite.fr\/site\/webup\/2022\/09\/telework-6795505_1280-768x512.jpg 768w\" sizes=\"(max-width: 1280px) 100vw, 1280px\" \/><\/p>\n<p>\u00c0 titre de pr\u00e9cision, il subsiste plusieurs types de pages web que vous pouvez concevoir. En g\u00e9n\u00e9ral, le choix d\u00e9pend des besoins et des objectifs de la personne d\u00e9sirent en cr\u00e9er un. Parmi les sites les plus connus, vous pouvez rep\u00e9rer :<\/p>\n<ul>\n<li>site vitrine ;<\/li>\n<li>e-commerce ;<\/li>\n<li>site communautaire ;<\/li>\n<li>blog ;<\/li>\n<li>forum ;<\/li>\n<li>site institutionnel.<\/li>\n<\/ul>\n<p>Dans un premier temps, il y a les <u>sites vitrine<\/u>. Comme son nom l&#8217;indique, il s&#8217;agit d&#8217;un simple site qui ne fait qu&#8217;exposer des produits, des services ou des renseignements. Pour cela, il peut comporter des coordonn\u00e9es, des vid\u00e9os, des photos ou quelques textes. Ensuite, vous pouvez distinguer les <u>sites e-commerce<\/u>, un outil en ligne sp\u00e9cialement d\u00e9di\u00e9 aux ventes. Surnomm\u00e9s sites marchands, ils sont d\u00e9crits comme une alternative des magasins et boutiques physiques.<\/p>\n<p>Quant aux <u>sites communautaires<\/u>, il s&#8217;agit d&#8217;un site qui prend la forme des r\u00e9seaux sociaux. Afin d&#8217;y acc\u00e9der, les internautes ont besoin de se connecter via un identifiant et un mot de passe sp\u00e9cifique. Une fois sur le site, ils peuvent interagir avec les autres membres de la communaut\u00e9. Souvent utilis\u00e9 par les promoteurs et les particuliers, le <u>blog<\/u> est un site web qui sert \u00e0 partager des actualit\u00e9s, des cr\u00e9ations, des exp\u00e9riences ou des aventures sur des th\u00e8mes tr\u00e8s vari\u00e9s.<\/p>\n<h2>Quelques conseils pour cr\u00e9er un site par soi-m\u00eame<\/h2>\n<p>Pour cr\u00e9er un site par soi-m\u00eame, il est n\u00e9cessaire d&#8217;utiliser des <u>outils de conception<\/u> de site web. Qu&#8217;il s&#8217;agisse de site personnel ou professionnel, vous avez le choix entre diff\u00e9rents programmes sur le web. Facile \u00e0 utiliser, ce type de plateforme ne n\u00e9cessite aucune connaissance particuli\u00e8re en informatique et en codage. En effet, il suffit juste de s\u00e9lectionner les options que vous d\u00e9sirez et de le glisser sur votre futur page web. Parmi les solutions les plus appr\u00e9ci\u00e9es sur Internet, il y a Jimdo, Zyro et Wix, Wizishop, Shopify. Cependant, sachez qu&#8217;il existe de nombreuses plateformes qui proposent ce genre de services.<\/p>\n<p>Dans le cas o\u00f9 vous avez quelques bases en programmation et en HTML&amp;CSS, vous n&#8217;aurez aucune difficult\u00e9 \u00e0 concevoir un site web par vos propres moyens. Pour vous aider dans vos projets, il est toujours conseill\u00e9 d&#8217;utiliser des applications de cr\u00e9ation de sites. Lors de la conception, il est indispensable de prendre en compte le type de contenu \u00e0 int\u00e9grer, l&#8217;aspect de chaque page, les <u>m\u00e9thodes de paiements,<\/u> etc.<\/p>\n<h2>Comment d\u00e9velopper un site internet sur WordPress ?<\/h2>\n<p><img decoding=\"async\" class=\"alignnone size-full wp-image-21412\" src=\"https:\/\/www.cmonsite.fr\/site\/webup\/2022\/09\/creative-869200_1280.jpg\" alt=\"\" width=\"1280\" height=\"853\" srcset=\"https:\/\/www.cmonsite.fr\/site\/webup\/2022\/09\/creative-869200_1280.jpg 1280w, https:\/\/www.cmonsite.fr\/site\/webup\/2022\/09\/creative-869200_1280-300x200.jpg 300w, https:\/\/www.cmonsite.fr\/site\/webup\/2022\/09\/creative-869200_1280-1024x682.jpg 1024w, https:\/\/www.cmonsite.fr\/site\/webup\/2022\/09\/creative-869200_1280-768x512.jpg 768w\" sizes=\"(max-width: 1280px) 100vw, 1280px\" \/><\/p>\n<p>Logiciel consacr\u00e9 \u00e0 la cr\u00e9ation de sites web dynamiques, <u>WordPress<\/u> est un outil appr\u00e9ci\u00e9, tant par les professionnels que par les d\u00e9butants. \u00c0 l&#8217;aide de ce programme, vous allez pouvoir mettre en place n&#8217;importe quel type de site web en moins de 2 heures. Pour r\u00e9ussir votre projet, vous devez suivre les \u00e9tapes suivantes :<\/p>\n<ul>\n<li>la s\u00e9lection et l&#8217;achat du nom de domaine ;<\/li>\n<li>l&#8217;installation de WordPress et des diff\u00e9rents plugins ;<\/li>\n<li>l&#8217;\u00e9tablissement d&#8217;un menu de navigation et la r\u00e9daction de chaque page web.<\/li>\n<\/ul>\n<p>Tout d&#8217;abord, vous allez commencer par choisir un <u>nom de domaine<\/u>. Celui-ci repr\u00e9sente g\u00e9n\u00e9ralement l&#8217;extension de votre site, \u00e0 avoir .com, .fr, .net, .info, .co, .gouv, etc. Dans le cas o\u00f9 vous souhaitez attirer des visiteurs locaux, il est recommand\u00e9 de privil\u00e9gier les extensions qui d\u00e9signent votre pays. Ensuite, l&#8217;\u00e9tape suivante consiste \u00e0 installer WordPress ainsi que les plugins compl\u00e9mentaires pour la gestion du SEO, de la s\u00e9curit\u00e9, des m\u00e9moires caches, des liens d&#8217;affiliation, etc. Enfin, il ne vous reste plus qu&#8217;\u00e0 concevoir le site en fonction de vos envies. \u00c0 titre d&#8217;exemple, la majorit\u00e9 des sites web comportent une <u>page d&#8217;accueil<\/u>, de contact et de mentions l\u00e9gales.<\/p>\n<h2>Est-il possible de cr\u00e9er un site gratuitement ?<\/h2>\n<p>Sachez qu&#8217;il est tout \u00e0 fait possible de <u>cr\u00e9er un site gratuitement<\/u>. Toutefois, les fonctionnalit\u00e9s qui y sont pr\u00e9sentes peuvent \u00eatre limit\u00e9es. Pour ceux qui veulent essayer de concevoir un site pour la premi\u00e8re fois, utiliser des programmes gratuits s&#8217;av\u00e8re \u00eatre une solution ad\u00e9quate. Vu que vous n&#8217;allez payer aucun centime, il arrive souvent que le design et les contenus restent tr\u00e8s basiques. Dans tous les cas, le mieux est de se diriger vers un h\u00e9bergeur web offrant un meilleur rapport qualit\u00e9\/prix. En moyenne, cela co\u00fbtera moins de 6 euros par mois avec une possibilit\u00e9 de remboursement en cas de probl\u00e8me.<\/p>\n<\/div>\n","protected":false},"excerpt":{"rendered":"<p>Outil servant \u00e0 am\u00e9liorer la r\u00e9putation d&#8217;une entreprise, d&#8217;une association, d&#8217;un magasin ou de toute autre organisation, le site internet est d\u00e9fini comme le meilleur moyen de promouvoir une activit\u00e9. Actuellement, il existe plusieurs logiciels et services qui facilitent la cr\u00e9ation d&#8217;un site web. De ce fait, les d\u00e9butants et les amateurs peuvent concevoir un [&hellip;]<\/p>\n","protected":false},"author":1,"featured_media":21414,"parent":21297,"menu_order":1,"comment_status":"closed","ping_status":"closed","template":"","meta":{"_helpful_status":1,"footnotes":""},"class_list":["post-21411","page","type-page","status-publish","has-post-thumbnail","hentry"],"_links":{"self":[{"href":"https:\/\/www.cmonsite.fr\/site\/wp-json\/wp\/v2\/pages\/21411","targetHints":{"allow":["GET"]}}],"collection":[{"href":"https:\/\/www.cmonsite.fr\/site\/wp-json\/wp\/v2\/pages"}],"about":[{"href":"https:\/\/www.cmonsite.fr\/site\/wp-json\/wp\/v2\/types\/page"}],"author":[{"embeddable":true,"href":"https:\/\/www.cmonsite.fr\/site\/wp-json\/wp\/v2\/users\/1"}],"replies":[{"embeddable":true,"href":"https:\/\/www.cmonsite.fr\/site\/wp-json\/wp\/v2\/comments?post=21411"}],"version-history":[{"count":1,"href":"https:\/\/www.cmonsite.fr\/site\/wp-json\/wp\/v2\/pages\/21411\/revisions"}],"predecessor-version":[{"id":21415,"href":"https:\/\/www.cmonsite.fr\/site\/wp-json\/wp\/v2\/pages\/21411\/revisions\/21415"}],"up":[{"embeddable":true,"href":"https:\/\/www.cmonsite.fr\/site\/wp-json\/wp\/v2\/pages\/21297"}],"wp:featuredmedia":[{"embeddable":true,"href":"https:\/\/www.cmonsite.fr\/site\/wp-json\/wp\/v2\/media\/21414"}],"wp:attachment":[{"href":"https:\/\/www.cmonsite.fr\/site\/wp-json\/wp\/v2\/media?parent=21411"}],"curies":[{"name":"wp","href":"https:\/\/api.w.org\/{rel}","templated":true}]}}