{"id":21404,"date":"2022-09-05T19:13:17","date_gmt":"2022-09-05T17:13:17","guid":{"rendered":"https:\/\/www.cmonsite.fr\/site\/?page_id=21404"},"modified":"2022-09-11T19:36:10","modified_gmt":"2022-09-11T17:36:10","slug":"referencer","status":"publish","type":"page","link":"https:\/\/www.cmonsite.fr\/site\/guides\/creation-site\/comment-creer-un-site-internet\/referencer","title":{"rendered":"Comment bien r\u00e9f\u00e9rencer un site sur Google ?"},"content":{"rendered":"<div class=\"more-space\"><\/div>\n<div class=\"text-content\">\n<h2>Les bases du r\u00e9f\u00e9rencement naturel pour rendre son site visible<\/h2>\n<p>Vous r\u00eavez d&#8217;\u00eatre sur la page n\u00b01 de Google ? Monter sur le podium des moteurs de recherche est essentiel pour <strong>avoir du trafic sur votre site internet<\/strong>. Le succ\u00e8s de votre activit\u00e9 digitale d\u00e9pendra en grande partie de votre visibilit\u00e9. Apr\u00e8s avoir su <a href=\"https:\/\/www.cmonsite.fr\/site\/guides\/creation-site\/comment-creer-un-site-internet\">comment cr\u00e9er un site<\/a>, comprendre <strong>les bases du r\u00e9f\u00e9rencement naturel<\/strong> et adopter des bons r\u00e9flexes d&#8217;<strong>optimisation de vos contenus web<\/strong> vous aidera grandement \u00e0 obtenir une note positive du g\u00e9ant de la toile. D\u00e9couvrez quelques <strong>techniques SEO<\/strong> \u00e0 mettre en \u0153uvre pour d\u00e9coller dans le ranking.<\/p>\n<h2>Comment fonctionnent les algorithmes du r\u00e9f\u00e9rencement naturel ?<\/h2>\n<p>Ces robots scannent en continu toutes les pages pr\u00e9sentes sur le web. Ils les interpr\u00e8tent et les indexent afin de <u>faciliter l&#8217;exp\u00e9rience des utilisateurs<\/u> en proposant des contenus qui r\u00e9pondent le mieux aux requ\u00eates tap\u00e9es dans la barre de recherche. Les sites le plus pertinents sont alors mis en exergue. De nombreux crit\u00e8res sont \u00e0 respecter si vous aspirez \u00e0 briller en r\u00e9f\u00e9rencement naturel et visez la propulsion vers les premi\u00e8res pages de recherche Google.<\/p>\n<h2>Les mots cl\u00e9s &#8211; ces alli\u00e9s incontournables du SEO<\/h2>\n<p>Un contenu optimis\u00e9 s&#8217;articule autour des requ\u00eates saisies par l&#8217;internaute. Le choix de vos <strong>mots cl\u00e9s<\/strong> doit donc \u00eatre pertinent : il faut qu&#8217;ils correspondent \u00e0 la probl\u00e9matique exprim\u00e9e par l&#8217;utilisateur. Mettez-vous \u00e0 sa place ! De m\u00eame, il y a des <u>endroits strat\u00e9giques pour placer vos mots et expressions cl\u00e9s<\/u> pour un r\u00e9f\u00e9rencement efficace. Le plus judicieux est de les introduire dans le titre principal, les sous titres, le m\u00e9ta titre et la m\u00e9ta description. Pour le corps du texte &#8211; attention ! Le bourrage abusif de mots cl\u00e9s est sanctionn\u00e9 par Google. Il vous faut \u00eatre subtil. Variez alors votre vocabulaire et usez du <strong>champ s\u00e9mantique<\/strong> propre \u00e0 votre sujet.<\/p>\n<h2>La construction du texte optimis\u00e9 pour le r\u00e9f\u00e9rencement naturel<\/h2>\n<p><img fetchpriority=\"high\" decoding=\"async\" class=\"alignnone size-full wp-image-21408\" src=\"https:\/\/www.cmonsite.fr\/site\/webup\/2022\/09\/analytics-2618277_1280.jpg\" alt=\"\" width=\"1280\" height=\"853\" srcset=\"https:\/\/www.cmonsite.fr\/site\/webup\/2022\/09\/analytics-2618277_1280.jpg 1280w, https:\/\/www.cmonsite.fr\/site\/webup\/2022\/09\/analytics-2618277_1280-300x200.jpg 300w, https:\/\/www.cmonsite.fr\/site\/webup\/2022\/09\/analytics-2618277_1280-1024x682.jpg 1024w, https:\/\/www.cmonsite.fr\/site\/webup\/2022\/09\/analytics-2618277_1280-768x512.jpg 768w\" sizes=\"(max-width: 1280px) 100vw, 1280px\" \/><\/p>\n<p>Plaire \u00e0 Google, c&#8217;est plaire aux internautes. Les contenus appr\u00e9ci\u00e9s seront partag\u00e9s sur les r\u00e9seaux et ce partage les rendra plus visibles. Soignez vos textes pour capter et captiver l&#8217;internaute. Prenez en compte les <u>contraintes de la lecture sur l&#8217;\u00e9cran<\/u>.<\/p>\n<p>Voici quelques rep\u00e8res pour une <strong>construction de texte efficace<\/strong> :<\/p>\n<ul>\n<li>Adoptez un style concis et fluide<\/li>\n<li>Allez droit au but<\/li>\n<li>Mettez en \u00e9vidence l&#8217;essentiel de votre message<\/li>\n<li>Commencez par le plus important et exposez les d\u00e9tails plus bas<\/li>\n<li>Structurez votre page en titre, sous-titres et paragraphes<\/li>\n<li>A\u00e9rez votre texte avec des illustrations<\/li>\n<li>Utilisez des listes num\u00e9rot\u00e9es ou \u00e0 puces<\/li>\n<\/ul>\n<h2>La coh\u00e9rence pour augmenter sa visibilit\u00e9 sur le web<\/h2>\n<p>Il faut \u00eatre explicite pour se faire comprendre par les Google Bots. En cr\u00e9ant un article, une fiche-produit ou un communiqu\u00e9, veillez \u00e0 ce que le titre principal soit suivi d&#8217;une introduction coh\u00e9rente avec la teneur de votre article. Il est de m\u00eame pour vos sous titres et vos paragraphes. Communiquer clairement votre th\u00e9matique dans le <strong>m\u00e9ta titre<\/strong> et la <strong>m\u00e9ta description<\/strong> (visibles uniquement sur la page de recherche). Google vous r\u00e9f\u00e9rencera \u00e0 votre avantage si vous \u00eates logique et tenez vos promesses.<\/p>\n<h2>Faire vivre sa page pour augmenter le trafic<\/h2>\n<p><u>Actualisez votre page<\/u> r\u00e9guli\u00e8rement et <u>interagissez avec les visiteurs<\/u>. Rafra\u00eechissez vos contenus en produisant de nouveaux articles. La date de la parution est prise en compte par les robots. Incitez les internautes \u00e0 donner leur avis, laisser un commentaire ou poser des questions. Les algorithmes aiment quand \u00e7a bouge et \u00e9change. La page vivante, o\u00f9 ils d\u00e9tectent une activit\u00e9 r\u00e9guli\u00e8re, sera plus attractive pour eux qu&#8217;une page stagnante. Dynamiser votre site est une ruse fiable pour gagner en r\u00e9f\u00e9rencement naturel de Google.<\/p>\n<h2>Am\u00e9liorer la visibilit\u00e9 de son site avec le maillage interne<\/h2>\n<p>L\u2019insertion des <strong>liens hypertextes internes<\/strong> est r\u00e9compens\u00e9e par l&#8217;intelligence artificielle. N&#8217;h\u00e9sitez pas \u00e0 <u>introduire des ancres<\/u> qui m\u00e8nent \u00e0 d&#8217;autres articles de votre site. Avec le <strong>maillage interne<\/strong>, non seulement vous plairez aux algorithmes, mais vos visiteurs d\u00e9couvriront plus largement votre offre et resteront plus longtemps sur votre site. T\u00e2chez \u00e0 \u00eatre rationnel dans la construction de vos liens. L&#8217;ancre doit \u00eatre compr\u00e9hensible et conduire le visiteur \u00e0 l&#8217;endroit qu&#8217;elle annonce.<\/p>\n<h2>Netlinking &#8211; une strat\u00e9gie SEO de tonnerre<\/h2>\n<p>Google aime les pages qui circulent \u00e0 travers la toile. Pour attirer ses faveurs, des <u>liens venant de l&#8217;ext\u00e9rieur<\/u> vers votre contenu sont une belle astuce pour monter dans le placement. <strong>Netlinking<\/strong> est une strat\u00e9gie de web marketing qui consiste en la cr\u00e9ation des liens partant des sites &#8220;amis&#8221; vers le v\u00f4tre. La <strong>cr\u00e9ation d&#8217;un site annexe<\/strong> est donc un atout pour optimiser le r\u00e9f\u00e9rencement naturel. Dirigerez habilement les visiteurs du blog sur les pages de votre site \u00e0 travers des liens hypertexte parlants.<\/p>\n<h2>Le plagiat &#8211; le grand ennemi du SEO<\/h2>\n<p>Ne vous laissez jamais tenter par copier des contenus existants. M\u00eame en partie ! Google n&#8217;aime que les <strong>contenus uniques<\/strong> et au moindre soup\u00e7on de plagiat, il punit. Compte tenu du nombre des publications existants, le <u>plagiat involontaire<\/u> peut arriver. Pour rem\u00e9dier au hasard qui croiserait votre prose avec celle d&#8217;un autre, assurez-vous, via les outils ad\u00e9quats, que ce que vous diffusez ne poss\u00e8de pas son jumeau quelque part sur la toile.<\/p>\n<h2>Illustrer son contenu efficacement<\/h2>\n<p>Beaucoup d&#8217;internautes formulent leur requ\u00eate via l&#8217;option &#8220;images&#8221; de la page de recherche. \u00c9laborez la <u>description de vos images<\/u> pour qu&#8217;elles correspondent aux recherches Google. Les descriptifs appropri\u00e9s \u00e0 votre activit\u00e9 doivent contenir vos mots ou expressions cl\u00e9s. C&#8217;est un moyen d&#8217;ajouter une corde \u00e0 votre arc dans la strat\u00e9gie de l&#8217;optimisation de votre site. Optez pour les visuels originaux, repr\u00e9sentatifs de votre th\u00e9matique et libres de droits d&#8217;auteur.<\/p>\n<h2>HTML &#8211; la langue source de Google<\/h2>\n<p><img decoding=\"async\" class=\"alignnone size-full wp-image-21407\" src=\"https:\/\/www.cmonsite.fr\/site\/webup\/2022\/09\/ipad-605440_1280.jpg\" alt=\"\" width=\"1280\" height=\"850\" srcset=\"https:\/\/www.cmonsite.fr\/site\/webup\/2022\/09\/ipad-605440_1280.jpg 1280w, https:\/\/www.cmonsite.fr\/site\/webup\/2022\/09\/ipad-605440_1280-300x199.jpg 300w, https:\/\/www.cmonsite.fr\/site\/webup\/2022\/09\/ipad-605440_1280-1024x680.jpg 1024w, https:\/\/www.cmonsite.fr\/site\/webup\/2022\/09\/ipad-605440_1280-768x510.jpg 768w\" sizes=\"(max-width: 1280px) 100vw, 1280px\" \/><\/p>\n<p>Parler aux robots, c&#8217;est parler en <strong>code source<\/strong>. Diffusez vos contenus en adaptant le langage HTML. Les <strong>balises HTML basiques<\/strong> vous seront n\u00e9cessaires pour communiquer avec l&#8217;IA de Google. Certains \u00e9l\u00e9ments de vos contenus seront \u00e0 baliser, c&#8217;est \u00e0 dire \u00e0 entourer des signes sp\u00e9cifiques au HTML. Les balises fonctionnent par paire : elles ouvrent et referment l&#8217;\u00e9l\u00e9ment. Les logiciels de cr\u00e9ation de site internet facilitent la <u>conversion de vos textes en code source<\/u>.<\/p>\n<ul>\n<li>Les balises HTML pour structurer le texte<\/li>\n<\/ul>\n<p>Il est important de structurer votre texte &#8211; pour le lecteur, mais aussi pour Google.<br \/>\nIl n&#8217;y aura toujours qu&#8217;un seul titre principal H1 par article. Pour les sous-titres (H2, H3 etc), respectez scrupuleusement la hi\u00e9rarchie logique. Le H2 contiendra les H3 &#8211; jamais l&#8217;inverse. Tout comme le titre principal et les sous-titres, chaque paragraphe doit \u00eatre entour\u00e9 des balises.<\/p>\n<ul>\n<li>Les balises HTML pour la mise en forme<\/li>\n<\/ul>\n<p>Les algorithmes d\u00e9tectent toutes les balises en scannant la page. Ce code permet de leur indiquer les points importants et faciliter l&#8217;interpr\u00e9tation des contenus web. Mais<br \/>\nLa balise de mise en gras sert non seulement \u00e0 mettre en relief les \u00e9l\u00e9ments significatifs pour une lecture ais\u00e9e, mais aussi \u00e0 ressortir les mots cl\u00e9.<\/p>\n<ul>\n<li>Les balises HTML pour ins\u00e9rer les liens hypertexte et les images<\/li>\n<\/ul>\n<h2>Les outils qui vous aideront \u00e0 optimiser votre site<\/h2>\n<p>De divers accessoires accessibles en ligne vous donneront un coup de main. Certains sont gratuits, d&#8217;autres sont payants. Testez-les et s\u00e9lectionnez les plus adapt\u00e9s \u00e0 vos besoins.<\/p>\n<ul>\n<li>Les outils de r\u00e9daction pour corriger l\u2019orthographe, la grammaire et la syntaxe<\/li>\n<li>Les outils SEO pour trouver vos mots cl\u00e9s et v\u00e9rifier leur pertinence<\/li>\n<li>Les outils d&#8217;illustration pour d\u00e9nicher des visuels de qualit\u00e9 libres de droits<\/li>\n<li>Les outils HTML pour convertir vos textes en code source<\/li>\n<\/ul>\n<h3>Se faire accompagner par des professionnels du SEO<\/h3>\n<p>Le r\u00e9f\u00e9rencement naturel est une vaste science qui est loin d&#8217;\u00eatre fig\u00e9e. Le web s&#8217;am\u00e9liore constamment et les r\u00e8gles d&#8217;optimisation changent. Pour gagner en temps, en qualit\u00e9 et en efficacit\u00e9, tournez-vous vers des professionnels.<\/p>\n<\/div>\n","protected":false},"excerpt":{"rendered":"<p>Les bases du r\u00e9f\u00e9rencement naturel pour rendre son site visible Vous r\u00eavez d&#8217;\u00eatre sur la page n\u00b01 de Google ? Monter sur le podium des moteurs de recherche est essentiel pour avoir du trafic sur votre site internet. Le succ\u00e8s de votre activit\u00e9 digitale d\u00e9pendra en grande partie de votre visibilit\u00e9. Apr\u00e8s avoir su comment [&hellip;]<\/p>\n","protected":false},"author":1,"featured_media":21406,"parent":21297,"menu_order":0,"comment_status":"closed","ping_status":"closed","template":"","meta":{"_helpful_status":1,"footnotes":""},"class_list":["post-21404","page","type-page","status-publish","has-post-thumbnail","hentry"],"_links":{"self":[{"href":"https:\/\/www.cmonsite.fr\/site\/wp-json\/wp\/v2\/pages\/21404","targetHints":{"allow":["GET"]}}],"collection":[{"href":"https:\/\/www.cmonsite.fr\/site\/wp-json\/wp\/v2\/pages"}],"about":[{"href":"https:\/\/www.cmonsite.fr\/site\/wp-json\/wp\/v2\/types\/page"}],"author":[{"embeddable":true,"href":"https:\/\/www.cmonsite.fr\/site\/wp-json\/wp\/v2\/users\/1"}],"replies":[{"embeddable":true,"href":"https:\/\/www.cmonsite.fr\/site\/wp-json\/wp\/v2\/comments?post=21404"}],"version-history":[{"count":3,"href":"https:\/\/www.cmonsite.fr\/site\/wp-json\/wp\/v2\/pages\/21404\/revisions"}],"predecessor-version":[{"id":21410,"href":"https:\/\/www.cmonsite.fr\/site\/wp-json\/wp\/v2\/pages\/21404\/revisions\/21410"}],"up":[{"embeddable":true,"href":"https:\/\/www.cmonsite.fr\/site\/wp-json\/wp\/v2\/pages\/21297"}],"wp:featuredmedia":[{"embeddable":true,"href":"https:\/\/www.cmonsite.fr\/site\/wp-json\/wp\/v2\/media\/21406"}],"wp:attachment":[{"href":"https:\/\/www.cmonsite.fr\/site\/wp-json\/wp\/v2\/media?parent=21404"}],"curies":[{"name":"wp","href":"https:\/\/api.w.org\/{rel}","templated":true}]}}