{"id":21297,"date":"2022-09-05T16:25:36","date_gmt":"2022-09-05T14:25:36","guid":{"rendered":"https:\/\/www.cmonsite.fr\/site\/?page_id=21297"},"modified":"2022-09-16T17:47:28","modified_gmt":"2022-09-16T15:47:28","slug":"comment-creer-un-site-internet","status":"publish","type":"page","link":"https:\/\/www.cmonsite.fr\/site\/guides\/creation-site\/comment-creer-un-site-internet","title":{"rendered":"Comment cr\u00e9er un site internet ?"},"content":{"rendered":"<div class=\"text-content\">\n<p>Expert dans le domaine de la cr\u00e9ation de sites e-commerce sur Internet, <b>CmonSite<\/b> permet \u00e0 tous, commer\u00e7ants, artisans-ind\u00e9pendants et entrepreneurs, de cr\u00e9er en toute simplicit\u00e9 un site marchand de qualit\u00e9.<\/p>\n<p>Pour vous accompagner dans votre projet, nous mettons tous les modules et e-learning, n\u00e9cessaires \u00e0 la conception de votre site vitrine et nous vous dispensons les conseils et astuces pour le faire fructifier. Pour ce faire, nous vous fournissons \u00e9galement les meilleures fonctionnalit\u00e9s pour b\u00e9n\u00e9ficier d&#8217;un bon <b>r\u00e9f\u00e9rencement SEO<\/b> sur les diff\u00e9rents moteurs de recherches disponibles (Google, Safari, Chrome, etc.)<\/p>\n<p>R\u00e9actives et comp\u00e9tentes, nos \u00e9quipes, majoritairement fran\u00e7aises, sont compos\u00e9es de techniciens, sp\u00e9cialis\u00e9s <u>dans le r\u00e9f\u00e9rencement et dans l&#8217;optimisation SEO<\/u>, qui vous conseillent sur les meilleures offres disponibles (3 offres).<\/p>\n<h2>Qui cr\u00e9e un site internet ?<\/h2>\n<p><a href=\"https:\/\/www.cmonsite.fr\/site\/guides\/creation-site\/comment-creer-un-site-internet\/qui\">Qui cr\u00e9e un site internet ?<\/a> Plusieurs types de professionnels et sp\u00e9cialistes peuvent intervenir dans la cr\u00e9ation d&#8217;un site marchand performant et bien r\u00e9f\u00e9renc\u00e9. <b>CmonSite<\/b> vous met en relation directe avec un expert dans ce domaine, qui vous dispensera des conseils avis\u00e9s et vous fournira un suivi continu et r\u00e9gulier.<\/p>\n<p>Selon vos besoins et votre projet, notre formule professionnelle comprend l&#8217;intervention d&#8217;un sp\u00e9cialiste qualifi\u00e9 dont l&#8217;objectif est de vous apporter des formations en design et <b>construction SEO<\/b> pour vous permettre de g\u00e9rer, de fa\u00e7on autonome, votre site e-commerce. Gr\u00e2ce \u00e0 des rendez-vous personnalis\u00e9s et ponctuels, notre expert assure le suivi de votre projet du d\u00e9but jusqu&#8217;\u00e0 son \u00e9tablissement sur la toile.<\/p>\n<p>De nombreux sp\u00e9cialistes peuvent vous apporter leur aide <u>pour cr\u00e9er votre site<\/u> :<\/p>\n<ol>\n<li><b>l&#8217;Architecte R\u00e9seau<\/b> : il travaille en \u00e9troite collaboration avec d&#8217;autres intervenants sur les bases des interfaces du site et des applications associ\u00e9es. Il lui faut structurer rigoureusement les informations essentielles afin de faciliter les diff\u00e9rentes recherches des internautes, mais \u00e9galement, travailler <u>sur l&#8217;optimisation des donn\u00e9es et fluidifier l&#8217;acc\u00e8s \u00e0 l&#8217;infrastructure r\u00e9seau<\/u>. Il travaille \u00e0 rendre la navigation plus ludique pour les futurs utilisateurs du site.<\/li>\n<li><b>le d\u00e9veloppeur multim\u00e9dia<\/b> : il est le maillon essentiel dans la conception de votre site internet. Son travail est d&#8217;analyser et d&#8217;identifier les besoins techniques et informatiques. V\u00e9ritable e-artisan, il prend \u00e9galement en compte les imp\u00e9ratifs marketing et logistiques de votre site.<\/li>\n<li><b>le Web designer<\/b> : c&#8217;est un v\u00e9ritable designer, expert en graphisme et en exp\u00e9rience utilisateur. Son r\u00f4le premier est de mettre en page tous les \u00e9l\u00e9ments du site, de mani\u00e8re ordonn\u00e9e et graphiquement \u00ab beau \u00bb dans le but de le rendre attractif aux yeux des utilisateurs et des clients. Il doit ma\u00eetriser de nombreuses comp\u00e9tences sp\u00e9cialis\u00e9es comme la connaissance des outils de graphisme (Adobe, Illustrator, etc.) et <u>la ma\u00eetrise d&#8217;un r\u00e9f\u00e9rencement naturel<\/u>.<\/li>\n<li><b>le r\u00e9dacteur web<\/b> : cha\u00eenon essentiel d&#8217;une bonne visibilit\u00e9 sur Internet, le r\u00e9dacteur web a en charge la r\u00e9daction de contenus optimis\u00e9s et de qualit\u00e9. Ces contenus sont g\u00e9n\u00e9ralement accompagn\u00e9s de titres accrocheurs, dont le but est de capter l&#8217;attention des visiteurs.<\/li>\n<\/ol>\n<h2>Quel logiciel pour cr\u00e9er un site internet ?<\/h2>\n<p><img fetchpriority=\"high\" decoding=\"async\" class=\"alignnone size-full wp-image-21300\" src=\"https:\/\/www.cmonsite.fr\/site\/webup\/2022\/09\/template-1599667_1280.png\" alt=\"\" width=\"1280\" height=\"853\" srcset=\"https:\/\/www.cmonsite.fr\/site\/webup\/2022\/09\/template-1599667_1280.png 1280w, https:\/\/www.cmonsite.fr\/site\/webup\/2022\/09\/template-1599667_1280-300x200.png 300w, https:\/\/www.cmonsite.fr\/site\/webup\/2022\/09\/template-1599667_1280-1024x682.png 1024w, https:\/\/www.cmonsite.fr\/site\/webup\/2022\/09\/template-1599667_1280-768x512.png 768w\" sizes=\"(max-width: 1280px) 100vw, 1280px\" \/><\/p>\n<p><a href=\"https:\/\/www.cmonsite.fr\/site\/guides\/creation-site\/comment-creer-un-site-internet\/logiciel\">Quel logiciel pour un site internet ?<\/a> Avec le d\u00e9veloppement fulgurant des sites marchands et de la vente sur Internet, de nombreuses plates-formes vous permettent, selon des formules adapt\u00e9es, de cr\u00e9er votre site professionnel personnalis\u00e9. Cette vitrine vous donne l&#8217;opportunit\u00e9 d&#8217;avoir une excellente visibilit\u00e9 aupr\u00e8s de vos futurs clients. Chacune de ces formules est unique dans leur fonctionnement et apporte des r\u00e9sultats significatifs.<\/p>\n<p><b>CmonSite<\/b> fait le choix de vous proposer <u>trois formules uniques et originales<\/u>. Ces formules s&#8217;adressent \u00e0 tous, particuliers et professionnels, et sont adapt\u00e9es \u00e0 toutes vos demandes. Vous pouvez \u00e9galement parcourir notre site pour vous familiariser avec notre interface et cr\u00e9er un site internet gratuitement. N\u00e9anmoins, certaines fonctionnalit\u00e9s et options ne vous seront pas accessibles.<\/p>\n<h2>\u00c0 quoi sert de cr\u00e9er un site internet ?<\/h2>\n<p><a href=\"https:\/\/www.cmonsite.fr\/site\/guides\/creation-site\/comment-creer-un-site-internet\/utilite\">A quoi sert de cr\u00e9er un site internet ?<\/a>\u00a0 Aujourd&#8217;hui, il est d\u00e9sormais indispensable pour tout commer\u00e7ant ou entreprise de poss\u00e9der un site web sur lequel pr\u00e9senter et vendre ses produits. Aussi important que la vente directe, la vente sur Internet g\u00e9n\u00e8re autant, voire plus, de chiffre d&#8217;affaires que les ventes r\u00e9alis\u00e9es sur le terrain. D\u00e9velopper son propre <b>site de e-commerce<\/b> est un investissement cons\u00e9quent, cependant, il pr\u00e9sente de nombreux avantages et b\u00e9n\u00e9fices :<\/p>\n<ol>\n<li>Pr\u00e9senter explicitement vos produits et services<\/li>\n<li>Valoriser vos produits \u00e0 l&#8217;aide d&#8217;image et de photos<\/li>\n<li>Permettre \u00e0 vos clients d&#8217;acheter vos produits gr\u00e2ce \u00e0 un <u>syst\u00e8me de paiement<\/u> enti\u00e8rement s\u00e9curis\u00e9<\/li>\n<li>Assurer et augmenter significativement votre chiffre d&#8217;affaire<\/li>\n<li>Accro\u00eetre votre r\u00e9putation<\/li>\n<\/ol>\n<p>Une fois mis en place, votre site marchand doit en partie aux attentes de vos clients. Ceux-ci cherchent, avant tout, \u00e0 faire du shopping de mani\u00e8re ludique et \u00ab fun \u00bb, en ayant toutes les informations n\u00e9cessaires pour finaliser leur achat. Pour r\u00e9pondre aux demandes de vos futurs visiteurs, <u>votre site vitrine doit r\u00e9pondre aux objectifs et au plan de communication, \u00e9tablis.<\/u><\/p>\n<p>Plusieurs questionnements doivent intervenir quand vous concevez votre site commer\u00e7ant et y r\u00e9pondre vous permettra de cibler le bon public. <b>CmonSite<\/b> vous aiguille sur les quelques questions \u00e0 vous poser avant de vous lancer :<\/p>\n<ol>\n<li>Pourquoi cr\u00e9er un site ?<\/li>\n<li>Quel est son utilit\u00e9 ? A quoi va t-il servir ?<\/li>\n<li>Qui va s&#8217;occuper de mon site marchand ?<\/li>\n<\/ol>\n<h2>Combien co\u00fbte la cr\u00e9ation d&#8217;un site Internet\u00a0?<\/h2>\n<p><a href=\"https:\/\/www.cmonsite.fr\/site\/guides\/creation-site\/comment-creer-un-site-internet\/cout\">Combien coute la cr\u00e9ation d&#8217;un site internet ?<\/a> La cr\u00e9ation d&#8217;un site de e-commerce peut s&#8217;appr\u00e9hender de diff\u00e9rentes mani\u00e8res, selon vos besoins. En moyenne, les agences web vous proposent des formules, adapt\u00e9es \u00e0 votre projet et \u00e0 votre situation. Pour sa part, <b>CmonSite<\/b> vous oriente vers trois offres de service : une formule \u00ab\u00a0Zen\u00a0\u00bb, \u00e0 6 \u20ac\/mois, vous donnant acc\u00e8s \u00e0 des options primordiales. \u00c0 l&#8217;inverse, notre formule \u00ab\u00a0Pro\u00a0\u00bb \u00e0 29 \u20ac\/mois, ouvre le champ des possibilit\u00e9s : accompagnement personnalis\u00e9, support e-mail et t\u00e9l\u00e9phonique, etc.<\/p>\n<p>Le co\u00fbt peut rapidement grimper si vous optez pour une agence web sp\u00e9cialis\u00e9e : comptez environ 1 000 \u20ac \u00e0 5 000 \u20ac pour un site commer\u00e7ant sommaire.<\/p>\n<h2>Quel statut pour cr\u00e9er un site Internet ?<\/h2>\n<p><a href=\"https:\/\/www.cmonsite.fr\/site\/guides\/creation-site\/comment-creer-un-site-internet\/statut\">Quel statut pour cr\u00e9er un site internet ?<\/a><b> CmonSite<\/b> vous accompagne dans votre choix de statut d&#8217;entreprise et r\u00e9pond \u00e0 toutes vos questions. Plusieurs choix s&#8217;offrent \u00e0 vous et doivent \u00eatre pris en consid\u00e9ration. Si vous \u00eates seul, vous pouvez choisir le statut d&#8217;auto-entrepreneur ou bien, celui de la soci\u00e9t\u00e9 unipersonnelle (SASU).<\/p>\n<p>Il est plus judicieux d&#8217;opter pour le statut SAS\/SARL si vous souhaitez vous associer \u00e0 plusieurs. Ce statut offre une grande latitude d&#8217;action et de souplesse, notamment dans la compr\u00e9hension et le fonctionnement de la soci\u00e9t\u00e9.<\/p>\n<h2>Comment cr\u00e9er un site Internet soi-m\u00eame ?<\/h2>\n<p><img decoding=\"async\" class=\"alignnone size-full wp-image-21299\" src=\"https:\/\/www.cmonsite.fr\/site\/webup\/2022\/09\/web-design-1953128_1280.jpg\" alt=\"\" width=\"1280\" height=\"1024\" srcset=\"https:\/\/www.cmonsite.fr\/site\/webup\/2022\/09\/web-design-1953128_1280.jpg 1280w, https:\/\/www.cmonsite.fr\/site\/webup\/2022\/09\/web-design-1953128_1280-300x240.jpg 300w, https:\/\/www.cmonsite.fr\/site\/webup\/2022\/09\/web-design-1953128_1280-1024x819.jpg 1024w, https:\/\/www.cmonsite.fr\/site\/webup\/2022\/09\/web-design-1953128_1280-768x614.jpg 768w\" sizes=\"(max-width: 1280px) 100vw, 1280px\" \/><\/p>\n<p><a href=\"https:\/\/www.cmonsite.fr\/site\/guides\/creation-site\/comment-creer-un-site-internet\/diy\">Comment cr\u00e9er un site internet soi m\u00eame ?<\/a> Cr\u00e9er son propre site marchand peut \u00eatre fait par vos propres soins. Plus fastidieux, ce processus demande de l&#8217;investissement personnel quotidien et des comp\u00e9tences personnelles. Pour ne pas vous perdre dans les m\u00e9andres du web, nous vous conseillons de suivre <u>quelques \u00e9tapes primordiales <\/u>: d\u00e9finir l&#8217;objectif pr\u00e9cis de votre site, cr\u00e9er votre nom de domaine et un h\u00e9bergeur reconnu, le mettre \u00e0 jour quotidiennement et enfin, en faire la promotion.<\/p>\n<p>Pour mettre en place votre site, de nombreuses plates-formes et agences sont disponibles sur la toile. Elles vous accompagneront \u00e0 chaque \u00e9tape de votre projet : certaines de ces agences proposent ses services gratuitement.<\/p>\n<h2>Comment bien r\u00e9f\u00e9rencer un site sur Google<\/h2>\n<p><a href=\"https:\/\/www.cmonsite.fr\/site\/guides\/creation-site\/comment-creer-un-site-internet\/referencer\">Comment bien r\u00e9f\u00e9rencer un site sur Google ?<\/a> Disposer d&#8217;un bon r\u00e9f\u00e9rencement SEO sur Google est la cl\u00e9 essentielle pour que votre site soit pleinement visible sur Internet. Pour ce faire, il vous faut choisir des mots-cl\u00e9s pertinents et convaincants, apporter un soin particulier aux contenus publi\u00e9s, am\u00e9liorer quotidiennement l&#8217;exp\u00e9rience des utilisateurs, s&#8217;appuyer sur un professionnel du r\u00e9f\u00e9rencement pour optimiser et faire remonter votre site sur Google, etc.<\/p>\n<p>Domaine particulier d&#8217;Internet, <u>le r\u00e9f\u00e9rencement est une dominante de tout site de e-commerce<\/u>. Il permet aux utilisateurs d&#8217;\u00eatre redirig\u00e9 rapidement vers ce qu&#8217;ils recherchent et donne au propri\u00e9taire du site, les outils pour contr\u00f4ler les interfaces et les liens.<\/p>\n<h2>Quel h\u00e9bergement choisir pour un site internet ?<\/h2>\n<p><a href=\"https:\/\/www.cmonsite.fr\/site\/guides\/creation-site\/comment-creer-un-site-internet\/hebergement\">Quel h\u00e9bergement choisir pour un site internet ?<\/a> Les h\u00e9bergements, pr\u00e9sents sur Internet, sont multiples. Cependant, il est primordial de choisir le bon h\u00e9bergeur. Celui-ci vous fournira les serveurs et la base de donn\u00e9es, vous permettant de d\u00e9buter en toute simplicit\u00e9. Parmi ces h\u00e9bergeurs, on peut citer l&#8217;un des plus reconnus en Europe : OVH. C&#8217;est un h\u00e9bergeur s\u00e9curis\u00e9 et fiable, proposant des serveurs, un nom de domaine et diff\u00e9rents clouds. D&#8217;autres h\u00e9bergeurs sont disponibles et vous permettent d&#8217;\u00eatre parfaitement r\u00e9actif sur Internet.<\/p>\n<\/div>\n","protected":false},"excerpt":{"rendered":"<p>Expert dans le domaine de la cr\u00e9ation de sites e-commerce sur Internet, CmonSite permet \u00e0 tous, commer\u00e7ants, artisans-ind\u00e9pendants et entrepreneurs, de cr\u00e9er en toute simplicit\u00e9 un site marchand de qualit\u00e9. Pour vous accompagner dans votre projet, nous mettons tous les modules et e-learning, n\u00e9cessaires \u00e0 la conception de votre site vitrine et nous vous dispensons [&hellip;]<\/p>\n","protected":false},"author":1,"featured_media":21298,"parent":21304,"menu_order":2,"comment_status":"closed","ping_status":"closed","template":"","meta":{"_helpful_status":1,"footnotes":""},"class_list":["post-21297","page","type-page","status-publish","has-post-thumbnail","hentry"],"_links":{"self":[{"href":"https:\/\/www.cmonsite.fr\/site\/wp-json\/wp\/v2\/pages\/21297","targetHints":{"allow":["GET"]}}],"collection":[{"href":"https:\/\/www.cmonsite.fr\/site\/wp-json\/wp\/v2\/pages"}],"about":[{"href":"https:\/\/www.cmonsite.fr\/site\/wp-json\/wp\/v2\/types\/page"}],"author":[{"embeddable":true,"href":"https:\/\/www.cmonsite.fr\/site\/wp-json\/wp\/v2\/users\/1"}],"replies":[{"embeddable":true,"href":"https:\/\/www.cmonsite.fr\/site\/wp-json\/wp\/v2\/comments?post=21297"}],"version-history":[{"count":7,"href":"https:\/\/www.cmonsite.fr\/site\/wp-json\/wp\/v2\/pages\/21297\/revisions"}],"predecessor-version":[{"id":21832,"href":"https:\/\/www.cmonsite.fr\/site\/wp-json\/wp\/v2\/pages\/21297\/revisions\/21832"}],"up":[{"embeddable":true,"href":"https:\/\/www.cmonsite.fr\/site\/wp-json\/wp\/v2\/pages\/21304"}],"wp:featuredmedia":[{"embeddable":true,"href":"https:\/\/www.cmonsite.fr\/site\/wp-json\/wp\/v2\/media\/21298"}],"wp:attachment":[{"href":"https:\/\/www.cmonsite.fr\/site\/wp-json\/wp\/v2\/media?parent=21297"}],"curies":[{"name":"wp","href":"https:\/\/api.w.org\/{rel}","templated":true}]}}