{"id":20013,"date":"2022-06-13T18:20:04","date_gmt":"2022-06-13T16:20:04","guid":{"rendered":"https:\/\/www.cmonsite.fr\/site\/aide\/?page_id=20013"},"modified":"2023-03-17T14:15:26","modified_gmt":"2023-03-17T13:15:26","slug":"pourquoi-choisir-lextension-fr-pour-son-site","status":"publish","type":"page","link":"https:\/\/www.cmonsite.fr\/site\/actualites\/pourquoi-choisir-lextension-fr-pour-son-site","title":{"rendered":"Profitez du .fr en promo pour r\u00e9server votre nom de domaine en .fr et d\u00e9couvrir quelques astuces"},"content":{"rendered":"\t\t<div data-elementor-type=\"wp-page\" data-elementor-id=\"20013\" class=\"elementor elementor-20013\" data-elementor-post-type=\"page\">\n\t\t\t\t\t\t<section class=\"elementor-section elementor-top-section elementor-element elementor-element-b497017 elementor-section-boxed elementor-section-height-default elementor-section-height-default\" data-id=\"b497017\" data-element_type=\"section\" data-e-type=\"section\">\n\t\t\t\t\t\t<div class=\"elementor-container elementor-column-gap-default\">\n\t\t\t\t\t<div class=\"elementor-column elementor-col-100 elementor-top-column elementor-element elementor-element-5af9829\" data-id=\"5af9829\" data-element_type=\"column\" data-e-type=\"column\">\n\t\t\t<div class=\"elementor-widget-wrap elementor-element-populated\">\n\t\t\t\t\t\t<div class=\"elementor-element elementor-element-3acadee elementor-widget elementor-widget-image\" data-id=\"3acadee\" data-element_type=\"widget\" data-e-type=\"widget\" data-widget_type=\"image.default\">\n\t\t\t\t<div class=\"elementor-widget-container\">\n\t\t\t\t\t\t\t\t\t\t\t\t\t\t\t<img fetchpriority=\"high\" decoding=\"async\" width=\"1210\" height=\"300\" src=\"https:\/\/www.cmonsite.fr\/site\/webup\/2022\/05\/banniere-admin-1210x300-1.png\" class=\"attachment-full size-full wp-image-20021\" alt=\"\" srcset=\"https:\/\/www.cmonsite.fr\/site\/webup\/2022\/05\/banniere-admin-1210x300-1.png 1210w, https:\/\/www.cmonsite.fr\/site\/webup\/2022\/05\/banniere-admin-1210x300-1-300x74.png 300w, https:\/\/www.cmonsite.fr\/site\/webup\/2022\/05\/banniere-admin-1210x300-1-1024x254.png 1024w, https:\/\/www.cmonsite.fr\/site\/webup\/2022\/05\/banniere-admin-1210x300-1-768x190.png 768w\" sizes=\"(max-width: 1210px) 100vw, 1210px\" \/>\t\t\t\t\t\t\t\t\t\t\t\t\t\t\t<\/div>\n\t\t\t\t<\/div>\n\t\t\t\t\t<\/div>\n\t\t<\/div>\n\t\t\t\t\t<\/div>\n\t\t<\/section>\n\t\t\t\t<section class=\"elementor-section elementor-top-section elementor-element elementor-element-8ec006e elementor-section-boxed elementor-section-height-default elementor-section-height-default\" data-id=\"8ec006e\" data-element_type=\"section\" data-e-type=\"section\">\n\t\t\t\t\t\t<div class=\"elementor-container elementor-column-gap-default\">\n\t\t\t\t\t<div class=\"elementor-column elementor-col-100 elementor-top-column elementor-element elementor-element-7b1dd5a\" data-id=\"7b1dd5a\" data-element_type=\"column\" data-e-type=\"column\">\n\t\t\t<div class=\"elementor-widget-wrap elementor-element-populated\">\n\t\t\t\t\t\t<div class=\"elementor-element elementor-element-9adf0a9 elementor-widget elementor-widget-heading\" data-id=\"9adf0a9\" data-element_type=\"widget\" data-e-type=\"widget\" data-widget_type=\"heading.default\">\n\t\t\t\t<div class=\"elementor-widget-container\">\n\t\t\t\t\t<h2 class=\"elementor-heading-title elementor-size-default\"><h2 class=\"elementor-heading-title elementor-size-default elementor-inline-editing pen\" data-elementor-setting-key=\"title\" data-pen-placeholder=\"\u00c9crivez ici...\" style=\"font-family: var( --e-global-typography-primary-font-family ), Sans-serif;font-weight: var( --e-global-typography-primary-font-weight )\">Op\u00e9ration sp\u00e9ciale avec l'AFNIC, -50% sur la r\u00e9servation de votre .fr<\/h2><\/h2>\t\t\t\t<\/div>\n\t\t\t\t<\/div>\n\t\t\t\t\t<\/div>\n\t\t<\/div>\n\t\t\t\t\t<\/div>\n\t\t<\/section>\n\t\t\t\t<section class=\"elementor-section elementor-top-section elementor-element elementor-element-0f238fb elementor-section-boxed elementor-section-height-default elementor-section-height-default\" data-id=\"0f238fb\" data-element_type=\"section\" data-e-type=\"section\">\n\t\t\t\t\t\t<div class=\"elementor-container elementor-column-gap-default\">\n\t\t\t\t\t<div class=\"elementor-column elementor-col-50 elementor-top-column elementor-element elementor-element-4164ced\" data-id=\"4164ced\" data-element_type=\"column\" data-e-type=\"column\">\n\t\t\t<div class=\"elementor-widget-wrap elementor-element-populated\">\n\t\t\t\t\t\t<div class=\"elementor-element elementor-element-b684d00 elementor-view-default elementor-widget elementor-widget-icon\" data-id=\"b684d00\" data-element_type=\"widget\" data-e-type=\"widget\" data-widget_type=\"icon.default\">\n\t\t\t\t<div class=\"elementor-widget-container\">\n\t\t\t\t\t\t\t<div class=\"elementor-icon-wrapper\">\n\t\t\t<div class=\"elementor-icon\">\n\t\t\t<i aria-hidden=\"true\" class=\"fas fa-star\"><\/i>\t\t\t<\/div>\n\t\t<\/div>\n\t\t\t\t\t\t<\/div>\n\t\t\t\t<\/div>\n\t\t\t\t<div class=\"elementor-element elementor-element-e4725ea elementor-widget elementor-widget-text-editor\" data-id=\"e4725ea\" data-element_type=\"widget\" data-e-type=\"widget\" data-widget_type=\"text-editor.default\">\n\t\t\t\t<div class=\"elementor-widget-container\">\n\t\t\t\t\t\t\t\t\t<p><strong>Profitez de cette offre pour :<\/strong><\/p><p><strong>&#8211; R\u00e9server un nouveau nom de domaine en .fr<\/strong><\/p><p>Par exemple, vous \u00eates en .com et vous souhaitez prot\u00e9ger votre nom ou accentuer votre pr\u00e9sence en France alors optez pour votre nom en .fr<\/p><p>\u00a0<\/p><p><strong>&#8211; R\u00e9server d&#8217;autres noms de domaine en .fr proche de votre nom afin de prot\u00e9ger votre nom et de la confusion possible<\/strong><\/p><p>Ne perdez plus de trafic potentiel si des visiteurs tapent une recherche impr\u00e9cise dans la barre de recherche de leur navigateur. Par exemple, votre nom de domaine en .fr avec des tirets ou au pluriel\/singulier ou avec une orthographe l\u00e9g\u00e8rement diff\u00e9rente peut \u00eatre une opportunit\u00e9 de r\u00e9orienter vos visiteurs.\u00a0<\/p>\t\t\t\t\t\t\t\t<\/div>\n\t\t\t\t<\/div>\n\t\t\t\t\t<\/div>\n\t\t<\/div>\n\t\t\t\t<div class=\"elementor-column elementor-col-50 elementor-top-column elementor-element elementor-element-0524c89\" data-id=\"0524c89\" data-element_type=\"column\" data-e-type=\"column\">\n\t\t\t<div class=\"elementor-widget-wrap elementor-element-populated\">\n\t\t\t\t\t\t<div class=\"elementor-element elementor-element-7fe73d5 elementor-widget elementor-widget-image\" data-id=\"7fe73d5\" data-element_type=\"widget\" data-e-type=\"widget\" data-widget_type=\"image.default\">\n\t\t\t\t<div class=\"elementor-widget-container\">\n\t\t\t\t\t\t\t\t\t\t\t\t\t\t\t<img decoding=\"async\" width=\"800\" height=\"400\" src=\"https:\/\/www.cmonsite.fr\/site\/webup\/2022\/06\/reussiren.fr-baseline-par-Afnic-1024x512.png\" class=\"attachment-large size-large wp-image-20083\" alt=\"\" srcset=\"https:\/\/www.cmonsite.fr\/site\/webup\/2022\/06\/reussiren.fr-baseline-par-Afnic-1024x512.png 1024w, https:\/\/www.cmonsite.fr\/site\/webup\/2022\/06\/reussiren.fr-baseline-par-Afnic-300x150.png 300w, https:\/\/www.cmonsite.fr\/site\/webup\/2022\/06\/reussiren.fr-baseline-par-Afnic-768x384.png 768w, https:\/\/www.cmonsite.fr\/site\/webup\/2022\/06\/reussiren.fr-baseline-par-Afnic-1536x768.png 1536w, https:\/\/www.cmonsite.fr\/site\/webup\/2022\/06\/reussiren.fr-baseline-par-Afnic-2048x1024.png 2048w\" sizes=\"(max-width: 800px) 100vw, 800px\" \/>\t\t\t\t\t\t\t\t\t\t\t\t\t\t\t<\/div>\n\t\t\t\t<\/div>\n\t\t\t\t\t<\/div>\n\t\t<\/div>\n\t\t\t\t\t<\/div>\n\t\t<\/section>\n\t\t\t\t<section class=\"elementor-section elementor-top-section elementor-element elementor-element-0c67265 elementor-section-boxed elementor-section-height-default elementor-section-height-default\" data-id=\"0c67265\" data-element_type=\"section\" data-e-type=\"section\">\n\t\t\t\t\t\t<div class=\"elementor-container elementor-column-gap-default\">\n\t\t\t\t\t<div class=\"elementor-column elementor-col-100 elementor-top-column elementor-element elementor-element-2ff320e\" data-id=\"2ff320e\" data-element_type=\"column\" data-e-type=\"column\">\n\t\t\t<div class=\"elementor-widget-wrap elementor-element-populated\">\n\t\t\t\t\t\t<div class=\"elementor-element elementor-element-a35ec0d elementor-align-center elementor-widget elementor-widget-button\" data-id=\"a35ec0d\" data-element_type=\"widget\" data-e-type=\"widget\" data-widget_type=\"button.default\">\n\t\t\t\t<div class=\"elementor-widget-container\">\n\t\t\t\t\t\t\t\t\t<div class=\"elementor-button-wrapper\">\n\t\t\t\t\t<a class=\"elementor-button elementor-button-link elementor-size-sm\" href=\"https:\/\/www.cmonsite.fr\/gestion_ndd.php\">\n\t\t\t\t\t\t<span class=\"elementor-button-content-wrapper\">\n\t\t\t\t\t\t\t\t\t<span class=\"elementor-button-text\">R\u00e9server un nom de domaine en .fr<\/span>\n\t\t\t\t\t<\/span>\n\t\t\t\t\t<\/a>\n\t\t\t\t<\/div>\n\t\t\t\t\t\t\t\t<\/div>\n\t\t\t\t<\/div>\n\t\t\t\t<div class=\"elementor-element elementor-element-ab1295e elementor-widget elementor-widget-spacer\" data-id=\"ab1295e\" data-element_type=\"widget\" data-e-type=\"widget\" data-widget_type=\"spacer.default\">\n\t\t\t\t<div class=\"elementor-widget-container\">\n\t\t\t\t\t\t\t<div class=\"elementor-spacer\">\n\t\t\t<div class=\"elementor-spacer-inner\"><\/div>\n\t\t<\/div>\n\t\t\t\t\t\t<\/div>\n\t\t\t\t<\/div>\n\t\t\t\t<div class=\"elementor-element elementor-element-2708bae elementor-widget elementor-widget-heading\" data-id=\"2708bae\" data-element_type=\"widget\" data-e-type=\"widget\" data-widget_type=\"heading.default\">\n\t\t\t\t<div class=\"elementor-widget-container\">\n\t\t\t\t\t<p class=\"elementor-heading-title elementor-size-default\">* La r\u00e9duction sera automatiquement appliqu\u00e9e sur la page de commande jusqu'au 31 d\u00e9cembre 2023<\/p>\t\t\t\t<\/div>\n\t\t\t\t<\/div>\n\t\t\t\t<div class=\"elementor-element elementor-element-2de5381 elementor-widget elementor-widget-spacer\" data-id=\"2de5381\" data-element_type=\"widget\" data-e-type=\"widget\" data-widget_type=\"spacer.default\">\n\t\t\t\t<div class=\"elementor-widget-container\">\n\t\t\t\t\t\t\t<div class=\"elementor-spacer\">\n\t\t\t<div class=\"elementor-spacer-inner\"><\/div>\n\t\t<\/div>\n\t\t\t\t\t\t<\/div>\n\t\t\t\t<\/div>\n\t\t\t\t<div class=\"elementor-element elementor-element-2655898 elementor-widget elementor-widget-heading\" data-id=\"2655898\" data-element_type=\"widget\" data-e-type=\"widget\" data-widget_type=\"heading.default\">\n\t\t\t\t<div class=\"elementor-widget-container\">\n\t\t\t\t\t<h2 class=\"elementor-heading-title elementor-size-default\">Qu'est ce qu'un nom de domaine ?<\/h2>\t\t\t\t<\/div>\n\t\t\t\t<\/div>\n\t\t\t\t<div class=\"elementor-element elementor-element-e945cfa elementor-widget elementor-widget-text-editor\" data-id=\"e945cfa\" data-element_type=\"widget\" data-e-type=\"widget\" data-widget_type=\"text-editor.default\">\n\t\t\t\t<div class=\"elementor-widget-container\">\n\t\t\t\t\t\t\t\t\t<p>Un nom de domaine repr\u00e9sente l&#8217;adresse de votre site internet par laquelle les internautes peuvent acc\u00e9der \u00e0 votre site (\u00e9quivalent \u00e0 une adresse postale). C\u2019est la base de l\u2019identit\u00e9 num\u00e9rique de votre entreprise sur Internet..<\/p><p>Il est g\u00e9n\u00e9ralement compos\u00e9 de nom de votre marque ou de mots cl\u00e9s importants ainsi que d&#8217;une extension (.fr, ou .com, &#8230;).\u00a0<\/p><p>L\u2019enregistrement d\u2019un nom de domaine s\u2019effectue en ligne en seulement quelques clics sur CmonSite gr\u00e2ce \u00e0 notre bureau d&#8217;enregistrement partenaire <a href=\"https:\/\/www.gandi.net\/fr\" target=\"_blank\" rel=\"noopener\">Gandi<\/a>.<\/p>\t\t\t\t\t\t\t\t<\/div>\n\t\t\t\t<\/div>\n\t\t\t\t<div class=\"elementor-element elementor-element-4c4f99e elementor-widget elementor-widget-spacer\" data-id=\"4c4f99e\" data-element_type=\"widget\" data-e-type=\"widget\" data-widget_type=\"spacer.default\">\n\t\t\t\t<div class=\"elementor-widget-container\">\n\t\t\t\t\t\t\t<div class=\"elementor-spacer\">\n\t\t\t<div class=\"elementor-spacer-inner\"><\/div>\n\t\t<\/div>\n\t\t\t\t\t\t<\/div>\n\t\t\t\t<\/div>\n\t\t\t\t<div class=\"elementor-element elementor-element-c1b9d0e elementor-widget elementor-widget-heading\" data-id=\"c1b9d0e\" data-element_type=\"widget\" data-e-type=\"widget\" data-widget_type=\"heading.default\">\n\t\t\t\t<div class=\"elementor-widget-container\">\n\t\t\t\t\t<h2 class=\"elementor-heading-title elementor-size-default\">Pourquoi choisir un nom de domaine en .fr ? <\/h2>\t\t\t\t<\/div>\n\t\t\t\t<\/div>\n\t\t\t\t<div class=\"elementor-element elementor-element-1dcf73c elementor-widget elementor-widget-text-editor\" data-id=\"1dcf73c\" data-element_type=\"widget\" data-e-type=\"widget\" data-widget_type=\"text-editor.default\">\n\t\t\t\t<div class=\"elementor-widget-container\">\n\t\t\t\t\t\t\t\t\t<p>Le choix de cette extension est d\u00e9cisif pour se d\u00e9marquer :<\/p><ul><li>Elle permet de mettre en avant les valeurs et l&#8217;origine de l&#8217;entreprise.\u00a0<\/li><li style=\"text-align: justify;\"><span style=\"text-align: start; color: var( --e-global-color-text ); font-family: var( --e-global-typography-text-font-family ), Sans-serif; font-weight: var( --e-global-typography-text-font-weight );\">Cette extension est recommand\u00e9e si vous \u00eates une entreprise localis\u00e9e en France.\u00a0<\/span><span style=\"color: var( --e-global-color-text ); font-family: var( --e-global-typography-text-font-family ), Sans-serif; font-weight: var( --e-global-typography-text-font-weight );\">\u00a0<\/span>Les moteurs de recherche, notamment vous identifieront comme une entreprise fran\u00e7aise et vous afficheront en priorit\u00e9 sur les requ\u00eates des internautes fran\u00e7ais.<\/li><li><span style=\"color: var( --e-global-color-text ); font-family: var( --e-global-typography-text-font-family ), Sans-serif; font-weight: var( --e-global-typography-text-font-weight );\">Le .fr\u00a0<\/span><span style=\"color: var( --e-global-color-text ); font-family: var( --e-global-typography-text-font-family ), Sans-serif; font-weight: var( --e-global-typography-text-font-weight );\">accentue l&#8217;appartenance au &#8220;Made in France&#8221;, ce qui est souvent rattach\u00e9 au savoir-faire et \u00e0 la qualit\u00e9<\/span>, et gage de confiance aupr\u00e8s des visiteurs.<\/li><\/ul>\t\t\t\t\t\t\t\t<\/div>\n\t\t\t\t<\/div>\n\t\t\t\t<div class=\"elementor-element elementor-element-f1270f7 elementor-widget elementor-widget-spacer\" data-id=\"f1270f7\" data-element_type=\"widget\" data-e-type=\"widget\" data-widget_type=\"spacer.default\">\n\t\t\t\t<div class=\"elementor-widget-container\">\n\t\t\t\t\t\t\t<div class=\"elementor-spacer\">\n\t\t\t<div class=\"elementor-spacer-inner\"><\/div>\n\t\t<\/div>\n\t\t\t\t\t\t<\/div>\n\t\t\t\t<\/div>\n\t\t\t\t<div class=\"elementor-element elementor-element-65ae1ce elementor-widget elementor-widget-heading\" data-id=\"65ae1ce\" data-element_type=\"widget\" data-e-type=\"widget\" data-widget_type=\"heading.default\">\n\t\t\t\t<div class=\"elementor-widget-container\">\n\t\t\t\t\t<h2 class=\"elementor-heading-title elementor-size-default\">Si j'ai d\u00e9j\u00e0 un nom de domaine en .com ?<\/h2>\t\t\t\t<\/div>\n\t\t\t\t<\/div>\n\t\t\t\t<div class=\"elementor-element elementor-element-d36ee24 elementor-widget elementor-widget-text-editor\" data-id=\"d36ee24\" data-element_type=\"widget\" data-e-type=\"widget\" data-widget_type=\"text-editor.default\">\n\t\t\t\t<div class=\"elementor-widget-container\">\n\t\t\t\t\t\t\t\t\t<p>Si vous d\u00e9tenez d\u00e9j\u00e0 un nom de domaine en .com :<\/p><ul><li>Nous vous recommandons de r\u00e9server \u00e9galement le .fr pour qu&#8217;il soit bloqu\u00e9.\u00a0<\/li><li>De ce fait, vous gardez l&#8217;exclusivit\u00e9 sur votre nom de domaine ce qui permet\u00a0<span style=\"color: var( --e-global-color-text ); font-family: var( --e-global-typography-text-font-family ), Sans-serif; font-weight: var( --e-global-typography-text-font-weight );\">d&#8217;\u00e9viter le cybersquatting.\u00a0<\/span><\/li><li><span style=\"color: var( --e-global-color-text ); font-family: var( --e-global-typography-text-font-family ), Sans-serif; font-weight: var( --e-global-typography-text-font-weight );\">De plus, vous pouvez cr\u00e9er une redirection du .fr vers le .com et vice-versa.<\/span><\/li><\/ul>\t\t\t\t\t\t\t\t<\/div>\n\t\t\t\t<\/div>\n\t\t\t\t<div class=\"elementor-element elementor-element-6492f8a elementor-widget elementor-widget-spacer\" data-id=\"6492f8a\" data-element_type=\"widget\" data-e-type=\"widget\" data-widget_type=\"spacer.default\">\n\t\t\t\t<div class=\"elementor-widget-container\">\n\t\t\t\t\t\t\t<div class=\"elementor-spacer\">\n\t\t\t<div class=\"elementor-spacer-inner\"><\/div>\n\t\t<\/div>\n\t\t\t\t\t\t<\/div>\n\t\t\t\t<\/div>\n\t\t\t\t<div class=\"elementor-element elementor-element-984ebe4 elementor-widget elementor-widget-heading\" data-id=\"984ebe4\" data-element_type=\"widget\" data-e-type=\"widget\" data-widget_type=\"heading.default\">\n\t\t\t\t<div class=\"elementor-widget-container\">\n\t\t\t\t\t<h2 class=\"elementor-heading-title elementor-size-default\">R\u00e9server les 2, c'est jouer la s\u00e9curit\u00e9<\/h2>\t\t\t\t<\/div>\n\t\t\t\t<\/div>\n\t\t\t\t<div class=\"elementor-element elementor-element-9ab3302 elementor-widget elementor-widget-text-editor\" data-id=\"9ab3302\" data-element_type=\"widget\" data-e-type=\"widget\" data-widget_type=\"text-editor.default\">\n\t\t\t\t<div class=\"elementor-widget-container\">\n\t\t\t\t\t\t\t\t\t<p>Vous pouvez aussi r\u00e9server les noms de domaine proches avec des tirets pour s\u00e9curiser votre nom de domaine ou avec un pluriel.<\/p><p>P<span style=\"color: var( --e-global-color-text ); font-family: var( --e-global-typography-text-font-family ), Sans-serif; font-weight: var( --e-global-typography-text-font-weight );\">ar exemple<\/span><span style=\"color: var( --e-global-color-text ); font-family: var( --e-global-typography-text-font-family ), Sans-serif; font-weight: var( --e-global-typography-text-font-weight );\">\u00a0:<\/span><\/p><ul><li>cmonsite.fr<\/li><li>c-mon-site.fr<\/li><li>cmon-site.fr<\/li><li>etc..<\/li><\/ul>\t\t\t\t\t\t\t\t<\/div>\n\t\t\t\t<\/div>\n\t\t\t\t<div class=\"elementor-element elementor-element-4d5bcdf elementor-align-center elementor-widget elementor-widget-button\" data-id=\"4d5bcdf\" data-element_type=\"widget\" data-e-type=\"widget\" data-widget_type=\"button.default\">\n\t\t\t\t<div class=\"elementor-widget-container\">\n\t\t\t\t\t\t\t\t\t<div class=\"elementor-button-wrapper\">\n\t\t\t\t\t<a class=\"elementor-button elementor-button-link elementor-size-sm\" href=\"https:\/\/www.cmonsite.fr\/gestion_ndd.php\">\n\t\t\t\t\t\t<span class=\"elementor-button-content-wrapper\">\n\t\t\t\t\t\t\t\t\t<span class=\"elementor-button-text\">R\u00e9server un nom de domaine en .fr<\/span>\n\t\t\t\t\t<\/span>\n\t\t\t\t\t<\/a>\n\t\t\t\t<\/div>\n\t\t\t\t\t\t\t\t<\/div>\n\t\t\t\t<\/div>\n\t\t\t\t\t<\/div>\n\t\t<\/div>\n\t\t\t\t\t<\/div>\n\t\t<\/section>\n\t\t\t\t<section class=\"elementor-section elementor-top-section elementor-element elementor-element-834bfdf elementor-section-boxed elementor-section-height-default elementor-section-height-default\" data-id=\"834bfdf\" data-element_type=\"section\" data-e-type=\"section\">\n\t\t\t\t\t\t<div class=\"elementor-container elementor-column-gap-default\">\n\t\t\t\t\t<div class=\"elementor-column elementor-col-100 elementor-top-column elementor-element elementor-element-1a371a2\" data-id=\"1a371a2\" data-element_type=\"column\" data-e-type=\"column\">\n\t\t\t<div class=\"elementor-widget-wrap elementor-element-populated\">\n\t\t\t\t\t\t<div class=\"elementor-element elementor-element-63ff1bf elementor-widget elementor-widget-image\" data-id=\"63ff1bf\" data-element_type=\"widget\" data-e-type=\"widget\" data-widget_type=\"image.default\">\n\t\t\t\t<div class=\"elementor-widget-container\">\n\t\t\t\t\t\t\t\t\t\t\t\t\t\t\t<img decoding=\"async\" width=\"273\" height=\"300\" src=\"https:\/\/www.cmonsite.fr\/site\/webup\/2022\/06\/Logo-fr-273x300.png\" class=\"attachment-medium size-medium wp-image-20085\" alt=\"\" srcset=\"https:\/\/www.cmonsite.fr\/site\/webup\/2022\/06\/Logo-fr-273x300.png 273w, https:\/\/www.cmonsite.fr\/site\/webup\/2022\/06\/Logo-fr.png 496w\" sizes=\"(max-width: 273px) 100vw, 273px\" \/>\t\t\t\t\t\t\t\t\t\t\t\t\t\t\t<\/div>\n\t\t\t\t<\/div>\n\t\t\t\t<div class=\"elementor-element elementor-element-58abb13 elementor-widget elementor-widget-text-editor\" data-id=\"58abb13\" data-element_type=\"widget\" data-e-type=\"widget\" data-widget_type=\"text-editor.default\">\n\t\t\t\t<div class=\"elementor-widget-container\">\n\t\t\t\t\t\t\t\t\t<p class=\"MsoNormal\"><span style=\"color: #000000; font-family: 'Times New Roman', serif;\">Depuis 1998, <a href=\"https:\/\/www.afnic.fr\/\" target=\"_blank\" rel=\"noopener\">l\u2019Afnic<\/a> (Association Fran\u00e7aise pour le Nommage Internet en Coop\u00e9ration) g\u00e8re les noms de domaine en .fr et accr\u00e9dite les bureaux d\u2019enregistrement pour la revente de cette extension.<\/span><\/p>\t\t\t\t\t\t\t\t<\/div>\n\t\t\t\t<\/div>\n\t\t\t\t\t<\/div>\n\t\t<\/div>\n\t\t\t\t\t<\/div>\n\t\t<\/section>\n\t\t\t\t<\/div>\n\t\t","protected":false},"excerpt":{"rendered":"<p>Op\u00e9ration sp\u00e9ciale avec l&#8217;AFNIC, -50% sur la r\u00e9servation de votre .fr Profitez de cette offre pour : &#8211; R\u00e9server un nouveau nom de domaine en .fr Par exemple, vous \u00eates en .com et vous souhaitez prot\u00e9ger votre nom ou accentuer votre pr\u00e9sence en France alors optez pour votre nom en .fr \u00a0 &#8211; R\u00e9server d&#8217;autres [&hellip;]<\/p>\n","protected":false},"author":1,"featured_media":0,"parent":1477,"menu_order":0,"comment_status":"closed","ping_status":"closed","template":"","meta":{"_helpful_status":1,"footnotes":""},"class_list":["post-20013","page","type-page","status-publish","hentry"],"_links":{"self":[{"href":"https:\/\/www.cmonsite.fr\/site\/wp-json\/wp\/v2\/pages\/20013","targetHints":{"allow":["GET"]}}],"collection":[{"href":"https:\/\/www.cmonsite.fr\/site\/wp-json\/wp\/v2\/pages"}],"about":[{"href":"https:\/\/www.cmonsite.fr\/site\/wp-json\/wp\/v2\/types\/page"}],"author":[{"embeddable":true,"href":"https:\/\/www.cmonsite.fr\/site\/wp-json\/wp\/v2\/users\/1"}],"replies":[{"embeddable":true,"href":"https:\/\/www.cmonsite.fr\/site\/wp-json\/wp\/v2\/comments?post=20013"}],"version-history":[{"count":4,"href":"https:\/\/www.cmonsite.fr\/site\/wp-json\/wp\/v2\/pages\/20013\/revisions"}],"predecessor-version":[{"id":24274,"href":"https:\/\/www.cmonsite.fr\/site\/wp-json\/wp\/v2\/pages\/20013\/revisions\/24274"}],"up":[{"embeddable":true,"href":"https:\/\/www.cmonsite.fr\/site\/wp-json\/wp\/v2\/pages\/1477"}],"wp:attachment":[{"href":"https:\/\/www.cmonsite.fr\/site\/wp-json\/wp\/v2\/media?parent=20013"}],"curies":[{"name":"wp","href":"https:\/\/api.w.org\/{rel}","templated":true}]}}