{"id":19924,"date":"2022-05-13T17:46:59","date_gmt":"2022-05-13T15:46:59","guid":{"rendered":"https:\/\/www.cmonsite.fr\/site\/aide\/?page_id=19924"},"modified":"2022-05-13T17:46:59","modified_gmt":"2022-05-13T15:46:59","slug":"comment-ajouter-des-animations-sur-son-site","status":"publish","type":"page","link":"https:\/\/www.cmonsite.fr\/site\/aide\/design\/comment-ajouter-des-animations-sur-son-site","title":{"rendered":"Comment ajouter des animations sur son site ?"},"content":{"rendered":"\t\t<div data-elementor-type=\"wp-page\" data-elementor-id=\"19924\" class=\"elementor elementor-19924\" data-elementor-post-type=\"page\">\n\t\t\t\t\t\t<section class=\"elementor-section elementor-top-section elementor-element elementor-element-9ccc8ba elementor-section-boxed elementor-section-height-default elementor-section-height-default\" data-id=\"9ccc8ba\" data-element_type=\"section\" data-e-type=\"section\">\n\t\t\t\t\t\t<div class=\"elementor-container elementor-column-gap-default\">\n\t\t\t\t\t<div class=\"elementor-column elementor-col-100 elementor-top-column elementor-element elementor-element-247eb73\" data-id=\"247eb73\" data-element_type=\"column\" data-e-type=\"column\">\n\t\t\t<div class=\"elementor-widget-wrap elementor-element-populated\">\n\t\t\t\t\t\t<div class=\"elementor-element elementor-element-8a275e9 elementor-widget elementor-widget-text-editor\" data-id=\"8a275e9\" data-element_type=\"widget\" data-e-type=\"widget\" data-widget_type=\"text-editor.default\">\n\t\t\t\t<div class=\"elementor-widget-container\">\n\t\t\t\t\t\t\t\t\t<p>Ajoutez des animations sur votre site pour dynamiser son affichage et mettre en valeur les \u00e9l\u00e9ments de votre choix.\u00a0<\/p><p>Les animations permettent de moderniser votre site.<\/p>\t\t\t\t\t\t\t\t<\/div>\n\t\t\t\t<\/div>\n\t\t\t\t<div class=\"elementor-element elementor-element-63ab52e elementor-widget elementor-widget-spacer\" data-id=\"63ab52e\" data-element_type=\"widget\" data-e-type=\"widget\" data-widget_type=\"spacer.default\">\n\t\t\t\t<div class=\"elementor-widget-container\">\n\t\t\t\t\t\t\t<div class=\"elementor-spacer\">\n\t\t\t<div class=\"elementor-spacer-inner\"><\/div>\n\t\t<\/div>\n\t\t\t\t\t\t<\/div>\n\t\t\t\t<\/div>\n\t\t\t\t<div class=\"elementor-element elementor-element-c715a5c elementor-widget elementor-widget-heading\" data-id=\"c715a5c\" data-element_type=\"widget\" data-e-type=\"widget\" data-widget_type=\"heading.default\">\n\t\t\t\t<div class=\"elementor-widget-container\">\n\t\t\t\t\t<h2 class=\"elementor-heading-title elementor-size-default\">1.Acc\u00e9der \u00e0 CmonSite Editor<\/h2>\t\t\t\t<\/div>\n\t\t\t\t<\/div>\n\t\t\t\t<div class=\"elementor-element elementor-element-b11c67f elementor-widget elementor-widget-text-editor\" data-id=\"b11c67f\" data-element_type=\"widget\" data-e-type=\"widget\" data-widget_type=\"text-editor.default\">\n\t\t\t\t<div class=\"elementor-widget-container\">\n\t\t\t\t\t\t\t\t\t<p>Pour ajouter des animations sur votre site internet, rendez-vous dans l&#8217;\u00e9diteur : &#8220;Design&#8221; puis &#8220;Personnaliser son design&#8221;.<\/p>\t\t\t\t\t\t\t\t<\/div>\n\t\t\t\t<\/div>\n\t\t\t\t<div class=\"elementor-element elementor-element-e537c9d elementor-widget elementor-widget-image\" data-id=\"e537c9d\" data-element_type=\"widget\" data-e-type=\"widget\" data-widget_type=\"image.default\">\n\t\t\t\t<div class=\"elementor-widget-container\">\n\t\t\t\t\t\t\t\t\t\t\t\t\t\t\t<img fetchpriority=\"high\" decoding=\"async\" width=\"1259\" height=\"361\" src=\"https:\/\/www.cmonsite.fr\/site\/webup\/2022\/05\/animation1.png\" class=\"attachment-full size-full wp-image-19926\" alt=\"\" srcset=\"https:\/\/www.cmonsite.fr\/site\/webup\/2022\/05\/animation1.png 1259w, https:\/\/www.cmonsite.fr\/site\/webup\/2022\/05\/animation1-300x86.png 300w, https:\/\/www.cmonsite.fr\/site\/webup\/2022\/05\/animation1-1024x294.png 1024w, https:\/\/www.cmonsite.fr\/site\/webup\/2022\/05\/animation1-768x220.png 768w\" sizes=\"(max-width: 1259px) 100vw, 1259px\" \/>\t\t\t\t\t\t\t\t\t\t\t\t\t\t\t<\/div>\n\t\t\t\t<\/div>\n\t\t\t\t<div class=\"elementor-element elementor-element-b7ce213 elementor-widget elementor-widget-spacer\" data-id=\"b7ce213\" data-element_type=\"widget\" data-e-type=\"widget\" data-widget_type=\"spacer.default\">\n\t\t\t\t<div class=\"elementor-widget-container\">\n\t\t\t\t\t\t\t<div class=\"elementor-spacer\">\n\t\t\t<div class=\"elementor-spacer-inner\"><\/div>\n\t\t<\/div>\n\t\t\t\t\t\t<\/div>\n\t\t\t\t<\/div>\n\t\t\t\t\t<\/div>\n\t\t<\/div>\n\t\t\t\t\t<\/div>\n\t\t<\/section>\n\t\t\t\t<section class=\"elementor-section elementor-top-section elementor-element elementor-element-34b174d elementor-section-boxed elementor-section-height-default elementor-section-height-default\" data-id=\"34b174d\" data-element_type=\"section\" data-e-type=\"section\">\n\t\t\t\t\t\t<div class=\"elementor-container elementor-column-gap-default\">\n\t\t\t\t\t<div class=\"elementor-column elementor-col-100 elementor-top-column elementor-element elementor-element-adf3d65\" data-id=\"adf3d65\" data-element_type=\"column\" data-e-type=\"column\">\n\t\t\t<div class=\"elementor-widget-wrap elementor-element-populated\">\n\t\t\t\t\t\t<div class=\"elementor-element elementor-element-7690b67 elementor-widget elementor-widget-heading\" data-id=\"7690b67\" data-element_type=\"widget\" data-e-type=\"widget\" data-widget_type=\"heading.default\">\n\t\t\t\t<div class=\"elementor-widget-container\">\n\t\t\t\t\t<h2 class=\"elementor-heading-title elementor-size-default\">2. S\u00e9lectionner un \u00e9l\u00e9ment \u00e0 animer<\/h2>\t\t\t\t<\/div>\n\t\t\t\t<\/div>\n\t\t\t\t<div class=\"elementor-element elementor-element-0f02494 elementor-widget elementor-widget-text-editor\" data-id=\"0f02494\" data-element_type=\"widget\" data-e-type=\"widget\" data-widget_type=\"text-editor.default\">\n\t\t\t\t<div class=\"elementor-widget-container\">\n\t\t\t\t\t\t\t\t\t<p>Lorsque vous survolez un \u00e9l\u00e9ment comme un texte ou une image par exemple, des ic\u00f4nes s&#8217;affichent. Il suffira de s\u00e9lectionner celui avec les 3 carr\u00e9s superpos\u00e9s. Vous pourrez ensuite activer l&#8217;animation \u00e0 gauche de votre \u00e9cran. Une fen\u00eatre d&#8217;option s&#8217;affichera en dessous, il ne restera plus qu&#8217;\u00e0 configurer l&#8217;animation de cet \u00e9l\u00e9ment.<\/p>\t\t\t\t\t\t\t\t<\/div>\n\t\t\t\t<\/div>\n\t\t\t\t<div class=\"elementor-element elementor-element-5a65e0c elementor-widget elementor-widget-image\" data-id=\"5a65e0c\" data-element_type=\"widget\" data-e-type=\"widget\" data-widget_type=\"image.default\">\n\t\t\t\t<div class=\"elementor-widget-container\">\n\t\t\t\t\t\t\t\t\t\t\t\t\t\t\t<img decoding=\"async\" width=\"1707\" height=\"759\" src=\"https:\/\/www.cmonsite.fr\/site\/webup\/2022\/05\/animation2.png\" class=\"attachment-full size-full wp-image-19931\" alt=\"\" srcset=\"https:\/\/www.cmonsite.fr\/site\/webup\/2022\/05\/animation2.png 1707w, https:\/\/www.cmonsite.fr\/site\/webup\/2022\/05\/animation2-300x133.png 300w, https:\/\/www.cmonsite.fr\/site\/webup\/2022\/05\/animation2-1024x455.png 1024w, https:\/\/www.cmonsite.fr\/site\/webup\/2022\/05\/animation2-768x341.png 768w, https:\/\/www.cmonsite.fr\/site\/webup\/2022\/05\/animation2-1536x683.png 1536w\" sizes=\"(max-width: 1707px) 100vw, 1707px\" \/>\t\t\t\t\t\t\t\t\t\t\t\t\t\t\t<\/div>\n\t\t\t\t<\/div>\n\t\t\t\t<div class=\"elementor-element elementor-element-a0b0693 elementor-widget elementor-widget-spacer\" data-id=\"a0b0693\" data-element_type=\"widget\" data-e-type=\"widget\" data-widget_type=\"spacer.default\">\n\t\t\t\t<div class=\"elementor-widget-container\">\n\t\t\t\t\t\t\t<div class=\"elementor-spacer\">\n\t\t\t<div class=\"elementor-spacer-inner\"><\/div>\n\t\t<\/div>\n\t\t\t\t\t\t<\/div>\n\t\t\t\t<\/div>\n\t\t\t\t\t<\/div>\n\t\t<\/div>\n\t\t\t\t\t<\/div>\n\t\t<\/section>\n\t\t\t\t<section class=\"elementor-section elementor-top-section elementor-element elementor-element-dac0089 elementor-section-boxed elementor-section-height-default elementor-section-height-default\" data-id=\"dac0089\" data-element_type=\"section\" data-e-type=\"section\">\n\t\t\t\t\t\t<div class=\"elementor-container elementor-column-gap-default\">\n\t\t\t\t\t<div class=\"elementor-column elementor-col-100 elementor-top-column elementor-element elementor-element-e563051\" data-id=\"e563051\" data-element_type=\"column\" data-e-type=\"column\">\n\t\t\t<div class=\"elementor-widget-wrap elementor-element-populated\">\n\t\t\t\t\t\t<div class=\"elementor-element elementor-element-d7eb422 elementor-widget elementor-widget-heading\" data-id=\"d7eb422\" data-element_type=\"widget\" data-e-type=\"widget\" data-widget_type=\"heading.default\">\n\t\t\t\t<div class=\"elementor-widget-container\">\n\t\t\t\t\t<h2 class=\"elementor-heading-title elementor-size-default\">3. Configurer l'animation<\/h2>\t\t\t\t<\/div>\n\t\t\t\t<\/div>\n\t\t\t\t<section class=\"elementor-section elementor-inner-section elementor-element elementor-element-3fb6ab5 elementor-section-boxed elementor-section-height-default elementor-section-height-default\" data-id=\"3fb6ab5\" data-element_type=\"section\" data-e-type=\"section\">\n\t\t\t\t\t\t<div class=\"elementor-container elementor-column-gap-default\">\n\t\t\t\t\t<div class=\"elementor-column elementor-col-50 elementor-inner-column elementor-element elementor-element-0931df9\" data-id=\"0931df9\" data-element_type=\"column\" data-e-type=\"column\">\n\t\t\t<div class=\"elementor-widget-wrap elementor-element-populated\">\n\t\t\t\t\t\t<div class=\"elementor-element elementor-element-c62f2c6 elementor-widget elementor-widget-image\" data-id=\"c62f2c6\" data-element_type=\"widget\" data-e-type=\"widget\" data-widget_type=\"image.default\">\n\t\t\t\t<div class=\"elementor-widget-container\">\n\t\t\t\t\t\t\t\t\t\t\t\t\t\t\t<img decoding=\"async\" width=\"285\" height=\"358\" src=\"https:\/\/www.cmonsite.fr\/site\/webup\/2022\/05\/animation3.png\" class=\"attachment-full size-full wp-image-19932\" alt=\"\" srcset=\"https:\/\/www.cmonsite.fr\/site\/webup\/2022\/05\/animation3.png 285w, https:\/\/www.cmonsite.fr\/site\/webup\/2022\/05\/animation3-239x300.png 239w\" sizes=\"(max-width: 285px) 100vw, 285px\" \/>\t\t\t\t\t\t\t\t\t\t\t\t\t\t\t<\/div>\n\t\t\t\t<\/div>\n\t\t\t\t\t<\/div>\n\t\t<\/div>\n\t\t\t\t<div class=\"elementor-column elementor-col-50 elementor-inner-column elementor-element elementor-element-80b4676\" data-id=\"80b4676\" data-element_type=\"column\" data-e-type=\"column\">\n\t\t\t<div class=\"elementor-widget-wrap elementor-element-populated\">\n\t\t\t\t\t\t<div class=\"elementor-element elementor-element-e9906fd elementor-widget elementor-widget-spacer\" data-id=\"e9906fd\" data-element_type=\"widget\" data-e-type=\"widget\" data-widget_type=\"spacer.default\">\n\t\t\t\t<div class=\"elementor-widget-container\">\n\t\t\t\t\t\t\t<div class=\"elementor-spacer\">\n\t\t\t<div class=\"elementor-spacer-inner\"><\/div>\n\t\t<\/div>\n\t\t\t\t\t\t<\/div>\n\t\t\t\t<\/div>\n\t\t\t\t<div class=\"elementor-element elementor-element-08ecf4b elementor-widget elementor-widget-text-editor\" data-id=\"08ecf4b\" data-element_type=\"widget\" data-e-type=\"widget\" data-widget_type=\"text-editor.default\">\n\t\t\t\t<div class=\"elementor-widget-container\">\n\t\t\t\t\t\t\t\t\t<p>Une fois activ\u00e9e, vous pourrez choisir le type d&#8217;animation (transparence, rotation, glissement et zoom) ainsi que la direction (droite, gauche, haut, bas ou centre), la dur\u00e9e et le d\u00e9lai avant le d\u00e9clenchement de l&#8217;animation\u00a0<span style=\"color: var( --e-global-color-text ); font-family: var( --e-global-typography-text-font-family ), Sans-serif; font-weight: var( --e-global-typography-text-font-weight );\">(de 0 \u00e0 10 secondes)<\/span><span style=\"color: var( --e-global-color-text ); font-family: var( --e-global-typography-text-font-family ), Sans-serif; font-weight: var( --e-global-typography-text-font-weight );\">\u00a0<\/span><span style=\"color: var( --e-global-color-text ); font-family: var( --e-global-typography-text-font-family ), Sans-serif; font-weight: var( --e-global-typography-text-font-weight );\">.<\/span><\/p><p>N&#8217;h\u00e9sitez pas \u00e0 faire plusieurs essais afin de trouver le meilleur r\u00e9sultat.<\/p>\t\t\t\t\t\t\t\t<\/div>\n\t\t\t\t<\/div>\n\t\t\t\t\t<\/div>\n\t\t<\/div>\n\t\t\t\t\t<\/div>\n\t\t<\/section>\n\t\t\t\t\t<\/div>\n\t\t<\/div>\n\t\t\t\t\t<\/div>\n\t\t<\/section>\n\t\t\t\t<section class=\"elementor-section elementor-top-section elementor-element elementor-element-b3aed20 elementor-section-boxed elementor-section-height-default elementor-section-height-default\" data-id=\"b3aed20\" data-element_type=\"section\" data-e-type=\"section\">\n\t\t\t\t\t\t<div class=\"elementor-container elementor-column-gap-default\">\n\t\t\t\t\t<div class=\"elementor-column elementor-col-100 elementor-top-column elementor-element elementor-element-03d50f2\" data-id=\"03d50f2\" data-element_type=\"column\" data-e-type=\"column\">\n\t\t\t<div class=\"elementor-widget-wrap elementor-element-populated\">\n\t\t\t\t\t\t<div class=\"elementor-element elementor-element-2cfb392 elementor-widget elementor-widget-spacer\" data-id=\"2cfb392\" data-element_type=\"widget\" data-e-type=\"widget\" data-widget_type=\"spacer.default\">\n\t\t\t\t<div class=\"elementor-widget-container\">\n\t\t\t\t\t\t\t<div class=\"elementor-spacer\">\n\t\t\t<div class=\"elementor-spacer-inner\"><\/div>\n\t\t<\/div>\n\t\t\t\t\t\t<\/div>\n\t\t\t\t<\/div>\n\t\t\t\t<div class=\"elementor-element elementor-element-b1b1e9b elementor-widget elementor-widget-heading\" data-id=\"b1b1e9b\" data-element_type=\"widget\" data-e-type=\"widget\" data-widget_type=\"heading.default\">\n\t\t\t\t<div class=\"elementor-widget-container\">\n\t\t\t\t\t<h2 class=\"elementor-heading-title elementor-size-default\">4. Admirer le r\u00e9sultat en consultant votre site<\/h2>\t\t\t\t<\/div>\n\t\t\t\t<\/div>\n\t\t\t\t<div class=\"elementor-element elementor-element-c249161 elementor-widget elementor-widget-image\" data-id=\"c249161\" data-element_type=\"widget\" data-e-type=\"widget\" data-widget_type=\"image.default\">\n\t\t\t\t<div class=\"elementor-widget-container\">\n\t\t\t\t\t\t\t\t\t\t\t\t\t\t\t<img loading=\"lazy\" decoding=\"async\" width=\"1275\" height=\"707\" src=\"https:\/\/www.cmonsite.fr\/site\/webup\/2022\/05\/animation5.gif\" class=\"attachment-full size-full wp-image-19933\" alt=\"\" \/>\t\t\t\t\t\t\t\t\t\t\t\t\t\t\t<\/div>\n\t\t\t\t<\/div>\n\t\t\t\t\t<\/div>\n\t\t<\/div>\n\t\t\t\t\t<\/div>\n\t\t<\/section>\n\t\t\t\t<\/div>\n\t\t","protected":false},"excerpt":{"rendered":"<p>Ajoutez des animations sur votre site pour dynamiser son affichage et mettre en valeur les \u00e9l\u00e9ments de votre choix. Les animations permettent de moderniser votre site. 1.Acc\u00e9der \u00e0 CmonSite Editor Pour ajouter des animations sur votre site internet, rendez-vous dans l&#8217;\u00e9diteur : &#8220;Design&#8221; puis &#8220;Personnaliser son design&#8221;. 2. S\u00e9lectionner un \u00e9l\u00e9ment \u00e0 animer Lorsque vous [&hellip;]<\/p>\n","protected":false},"author":1,"featured_media":0,"parent":262,"menu_order":11,"comment_status":"closed","ping_status":"closed","template":"","meta":{"_helpful_status":1,"footnotes":""},"class_list":["post-19924","page","type-page","status-publish","hentry"],"_links":{"self":[{"href":"https:\/\/www.cmonsite.fr\/site\/wp-json\/wp\/v2\/pages\/19924","targetHints":{"allow":["GET"]}}],"collection":[{"href":"https:\/\/www.cmonsite.fr\/site\/wp-json\/wp\/v2\/pages"}],"about":[{"href":"https:\/\/www.cmonsite.fr\/site\/wp-json\/wp\/v2\/types\/page"}],"author":[{"embeddable":true,"href":"https:\/\/www.cmonsite.fr\/site\/wp-json\/wp\/v2\/users\/1"}],"replies":[{"embeddable":true,"href":"https:\/\/www.cmonsite.fr\/site\/wp-json\/wp\/v2\/comments?post=19924"}],"version-history":[{"count":1,"href":"https:\/\/www.cmonsite.fr\/site\/wp-json\/wp\/v2\/pages\/19924\/revisions"}],"predecessor-version":[{"id":21018,"href":"https:\/\/www.cmonsite.fr\/site\/wp-json\/wp\/v2\/pages\/19924\/revisions\/21018"}],"up":[{"embeddable":true,"href":"https:\/\/www.cmonsite.fr\/site\/wp-json\/wp\/v2\/pages\/262"}],"wp:attachment":[{"href":"https:\/\/www.cmonsite.fr\/site\/wp-json\/wp\/v2\/media?parent=19924"}],"curies":[{"name":"wp","href":"https:\/\/api.w.org\/{rel}","templated":true}]}}