{"id":19572,"date":"2022-02-25T16:28:46","date_gmt":"2022-02-25T15:28:46","guid":{"rendered":"https:\/\/www.cmonsite.fr\/site\/aide\/?page_id=19572"},"modified":"2023-07-20T11:42:57","modified_gmt":"2023-07-20T09:42:57","slug":"comment-augmenter-son-panier-moyen","status":"publish","type":"page","link":"https:\/\/www.cmonsite.fr\/site\/aide\/astuces-informations\/comment-augmenter-son-panier-moyen","title":{"rendered":"Comment am\u00e9liorer son panier moyen ?"},"content":{"rendered":"\t\t<div data-elementor-type=\"wp-page\" data-elementor-id=\"19572\" class=\"elementor elementor-19572\" data-elementor-post-type=\"page\">\n\t\t\t\t\t\t<section class=\"elementor-section elementor-top-section elementor-element elementor-element-80047b2 elementor-section-boxed elementor-section-height-default elementor-section-height-default\" data-id=\"80047b2\" data-element_type=\"section\" data-e-type=\"section\">\n\t\t\t\t\t\t<div class=\"elementor-container elementor-column-gap-default\">\n\t\t\t\t\t<div class=\"elementor-column elementor-col-100 elementor-top-column elementor-element elementor-element-197b5bb\" data-id=\"197b5bb\" data-element_type=\"column\" data-e-type=\"column\">\n\t\t\t<div class=\"elementor-widget-wrap elementor-element-populated\">\n\t\t\t\t\t\t<div class=\"elementor-element elementor-element-392f86c elementor-widget elementor-widget-text-editor\" data-id=\"392f86c\" data-element_type=\"widget\" data-e-type=\"widget\" data-widget_type=\"text-editor.default\">\n\t\t\t\t<div class=\"elementor-widget-container\">\n\t\t\t\t\t\t\t\t\t<p>D\u00e9couvrez 5 astuces qui permettront d&#8217;am\u00e9liorer le montant des paniers clients et ainsi augmenter vos revenus.<\/p>\t\t\t\t\t\t\t\t<\/div>\n\t\t\t\t<\/div>\n\t\t\t\t<div class=\"elementor-element elementor-element-6b07038 elementor-widget elementor-widget-spacer\" data-id=\"6b07038\" data-element_type=\"widget\" data-e-type=\"widget\" data-widget_type=\"spacer.default\">\n\t\t\t\t<div class=\"elementor-widget-container\">\n\t\t\t\t\t\t\t<div class=\"elementor-spacer\">\n\t\t\t<div class=\"elementor-spacer-inner\"><\/div>\n\t\t<\/div>\n\t\t\t\t\t\t<\/div>\n\t\t\t\t<\/div>\n\t\t\t\t<div class=\"elementor-element elementor-element-1273e13 elementor-widget elementor-widget-heading\" data-id=\"1273e13\" data-element_type=\"widget\" data-e-type=\"widget\" data-widget_type=\"heading.default\">\n\t\t\t\t<div class=\"elementor-widget-container\">\n\t\t\t\t\t<h2 class=\"elementor-heading-title elementor-size-default\">1. Optimisez votre politique de frais de port<\/h2>\t\t\t\t<\/div>\n\t\t\t\t<\/div>\n\t\t\t\t<div class=\"elementor-element elementor-element-522359c elementor-widget elementor-widget-text-editor\" data-id=\"522359c\" data-element_type=\"widget\" data-e-type=\"widget\" data-widget_type=\"text-editor.default\">\n\t\t\t\t<div class=\"elementor-widget-container\">\n\t\t\t\t\t\t\t\t\t<p>Il n&#8217;est jamais agr\u00e9able de payer les frais de port quand on est client.\u00a0<span style=\"color: var( --e-global-color-text ); font-family: var( --e-global-typography-text-font-family ), Sans-serif; font-weight: var( --e-global-typography-text-font-weight );\">Dans la mesure du possible, plus ils seront bas, mieux cela sera pour vos client.\u00a0<\/span><\/p><p>Dans l&#8217;impossibilit\u00e9, vous pouvez offrir les frais de port \u00e0 vos clients \u00e0 partir d&#8217;un certain montant de commande et communiquer dessus (avec\u00a0<a href=\"https:\/\/www.cmonsite.fr\/creer-un-site\/contenu-design-modules\/design\/ajouter-un-bandeau-sur-le-haut-de-votre-site\/\" target=\"_blank\" rel=\"noopener\">un\u00a0bandeau haut de site<\/a>\u00a0par exemple) pour inviter vos clients \u00e0 acheter plus.\u00a0<\/p><p>Ils seront encourag\u00e9s \u00e0 ajouter des produits suppl\u00e9mentaires dans leur panier pour atteindre la gratuit\u00e9 de frais de port.<\/p><p>Cette fonctionnalit\u00e9 se configure dans les options du transporteur de votre choix.\u00a0<\/p><p>Rendez-vous dans la rubrique &#8220;Boutique&#8221; puis &#8220;<a href=\"https:\/\/www.cmonsite.fr\/configfraisport.php\" target=\"_blank\" rel=\"noopener\">Frais de port\/Transport<\/a>&#8220;. Il suffit d&#8217;activer les frais de port offert \u00e0 partir du montant de votre choix.<\/p><p><em>N&#8217;oubliez pas d&#8217;enregistrer avec le bouton bleu &#8220;Enregistrer&#8221;.<\/em><\/p>\t\t\t\t\t\t\t\t<\/div>\n\t\t\t\t<\/div>\n\t\t\t\t<div class=\"elementor-element elementor-element-98952d5 elementor-widget elementor-widget-image\" data-id=\"98952d5\" data-element_type=\"widget\" data-e-type=\"widget\" data-widget_type=\"image.default\">\n\t\t\t\t<div class=\"elementor-widget-container\">\n\t\t\t\t\t\t\t\t\t\t\t\t\t\t\t<img fetchpriority=\"high\" decoding=\"async\" width=\"1248\" height=\"171\" src=\"https:\/\/www.cmonsite.fr\/site\/webup\/2022\/02\/fraisdeport-offert.png\" class=\"attachment-full size-full wp-image-19600\" alt=\"\" srcset=\"https:\/\/www.cmonsite.fr\/site\/webup\/2022\/02\/fraisdeport-offert.png 1248w, https:\/\/www.cmonsite.fr\/site\/webup\/2022\/02\/fraisdeport-offert-300x41.png 300w, https:\/\/www.cmonsite.fr\/site\/webup\/2022\/02\/fraisdeport-offert-1024x140.png 1024w, https:\/\/www.cmonsite.fr\/site\/webup\/2022\/02\/fraisdeport-offert-768x105.png 768w\" sizes=\"(max-width: 1248px) 100vw, 1248px\" \/>\t\t\t\t\t\t\t\t\t\t\t\t\t\t\t<\/div>\n\t\t\t\t<\/div>\n\t\t\t\t<div class=\"elementor-element elementor-element-cde3fd5 elementor-widget elementor-widget-spacer\" data-id=\"cde3fd5\" data-element_type=\"widget\" data-e-type=\"widget\" data-widget_type=\"spacer.default\">\n\t\t\t\t<div class=\"elementor-widget-container\">\n\t\t\t\t\t\t\t<div class=\"elementor-spacer\">\n\t\t\t<div class=\"elementor-spacer-inner\"><\/div>\n\t\t<\/div>\n\t\t\t\t\t\t<\/div>\n\t\t\t\t<\/div>\n\t\t\t\t<div class=\"elementor-element elementor-element-a69230d elementor-widget-divider--view-line elementor-widget elementor-widget-divider\" data-id=\"a69230d\" data-element_type=\"widget\" data-e-type=\"widget\" data-widget_type=\"divider.default\">\n\t\t\t\t<div class=\"elementor-widget-container\">\n\t\t\t\t\t\t\t<div class=\"elementor-divider\">\n\t\t\t<span class=\"elementor-divider-separator\">\n\t\t\t\t\t\t<\/span>\n\t\t<\/div>\n\t\t\t\t\t\t<\/div>\n\t\t\t\t<\/div>\n\t\t\t\t<div class=\"elementor-element elementor-element-770d242 elementor-widget elementor-widget-heading\" data-id=\"770d242\" data-element_type=\"widget\" data-e-type=\"widget\" data-widget_type=\"heading.default\">\n\t\t\t\t<div class=\"elementor-widget-container\">\n\t\t\t\t\t<h2 class=\"elementor-heading-title elementor-size-default\">2. Proposez le paiement en plusieurs fois<\/h2>\t\t\t\t<\/div>\n\t\t\t\t<\/div>\n\t\t\t\t<div class=\"elementor-element elementor-element-5424d9a elementor-widget elementor-widget-text-editor\" data-id=\"5424d9a\" data-element_type=\"widget\" data-e-type=\"widget\" data-widget_type=\"text-editor.default\">\n\t\t\t\t<div class=\"elementor-widget-container\">\n\t\t\t\t\t\t\t\t\t<p>Vos clients payent en plusieurs fois, vous \u00eates pay\u00e9 toute suite. Augmentez le pouvoir d&#8217;achat de vos clients en leur permettant de\u00a0<span style=\"text-align: justify; color: var( --e-global-color-text ); font-family: var( --e-global-typography-text-font-family ), Sans-serif; font-weight: var( --e-global-typography-text-font-weight );\">payer leurs commandes en 2, 3 ou 4 fois. Alma et\u00a0<\/span><span style=\"text-align: center; color: var( --e-global-color-text ); font-family: var( --e-global-typography-text-font-family ), Sans-serif; font-weight: var( --e-global-typography-text-font-weight );\">Klarna est disponible \u00e0 partir de la formule Premium et Pro.<\/span><\/p>\t\t\t\t\t\t\t\t<\/div>\n\t\t\t\t<\/div>\n\t\t\t\t<section class=\"elementor-section elementor-inner-section elementor-element elementor-element-fef6c59 elementor-section-boxed elementor-section-height-default elementor-section-height-default\" data-id=\"fef6c59\" data-element_type=\"section\" data-e-type=\"section\">\n\t\t\t\t\t\t<div class=\"elementor-container elementor-column-gap-default\">\n\t\t\t\t\t<div class=\"elementor-column elementor-col-50 elementor-inner-column elementor-element elementor-element-0cb32e9\" data-id=\"0cb32e9\" data-element_type=\"column\" data-e-type=\"column\">\n\t\t\t<div class=\"elementor-widget-wrap elementor-element-populated\">\n\t\t\t\t\t\t<div class=\"elementor-element elementor-element-2e1a9dd elementor-widget elementor-widget-image\" data-id=\"2e1a9dd\" data-element_type=\"widget\" data-e-type=\"widget\" data-widget_type=\"image.default\">\n\t\t\t\t<div class=\"elementor-widget-container\">\n\t\t\t\t\t\t\t\t\t\t\t\t\t\t\t<img decoding=\"async\" width=\"300\" height=\"180\" src=\"https:\/\/www.cmonsite.fr\/site\/webup\/2021\/02\/logo-alma.png-300x180.png\" class=\"attachment-medium size-medium wp-image-14994\" alt=\"\" srcset=\"https:\/\/www.cmonsite.fr\/site\/webup\/2021\/02\/logo-alma.png-300x180.png 300w, https:\/\/www.cmonsite.fr\/site\/webup\/2021\/02\/logo-alma.png.png 500w\" sizes=\"(max-width: 300px) 100vw, 300px\" \/>\t\t\t\t\t\t\t\t\t\t\t\t\t\t\t<\/div>\n\t\t\t\t<\/div>\n\t\t\t\t<div class=\"elementor-element elementor-element-a74f053 elementor-widget elementor-widget-text-editor\" data-id=\"a74f053\" data-element_type=\"widget\" data-e-type=\"widget\" data-widget_type=\"text-editor.default\">\n\t\t\t\t<div class=\"elementor-widget-container\">\n\t\t\t\t\t\t\t\t\t<p>Pour en savoir plus sur Alma :<\/p>\t\t\t\t\t\t\t\t<\/div>\n\t\t\t\t<\/div>\n\t\t\t\t<div class=\"elementor-element elementor-element-398884a elementor-widget elementor-widget-text-editor\" data-id=\"398884a\" data-element_type=\"widget\" data-e-type=\"widget\" data-widget_type=\"text-editor.default\">\n\t\t\t\t<div class=\"elementor-widget-container\">\n\t\t\t\t\t\t\t\t\t<p><blockquote class=\"wp-embedded-content\" data-secret=\"TtAkodlpCB\"><a href=\"https:\/\/www.cmonsite.fr\/site\/aide\/boutique\/alma-paiement-plusieurs-fois-garanti-encaisser-site\/\">Alma : paiement en plusieurs fois garanti pour encaisser sur votre site<\/a><\/blockquote><iframe class=\"wp-embedded-content\" sandbox=\"allow-scripts\" security=\"restricted\" style=\"position: absolute; clip: rect(1px, 1px, 1px, 1px);\" title=\"\u00ab\u00a0Alma : paiement en plusieurs fois garanti pour encaisser sur votre site\u00a0\u00bb &#8212; CmonSite\" src=\"https:\/\/www.cmonsite.fr\/site\/aide\/boutique\/alma-paiement-plusieurs-fois-garanti-encaisser-site\/embed\/#?secret=DvEA5xwiE3#?secret=TtAkodlpCB\" data-secret=\"TtAkodlpCB\" width=\"600\" height=\"338\" frameborder=\"0\" marginwidth=\"0\" marginheight=\"0\" scrolling=\"no\"><\/iframe><\/p>\t\t\t\t\t\t\t\t<\/div>\n\t\t\t\t<\/div>\n\t\t\t\t\t<\/div>\n\t\t<\/div>\n\t\t\t\t<div class=\"elementor-column elementor-col-50 elementor-inner-column elementor-element elementor-element-dd1d2a5\" data-id=\"dd1d2a5\" data-element_type=\"column\" data-e-type=\"column\">\n\t\t\t<div class=\"elementor-widget-wrap elementor-element-populated\">\n\t\t\t\t\t\t<div class=\"elementor-element elementor-element-a31f784 elementor-widget elementor-widget-image\" data-id=\"a31f784\" data-element_type=\"widget\" data-e-type=\"widget\" data-widget_type=\"image.default\">\n\t\t\t\t<div class=\"elementor-widget-container\">\n\t\t\t\t\t\t\t\t\t\t\t\t\t\t\t<img decoding=\"async\" width=\"300\" height=\"150\" src=\"https:\/\/www.cmonsite.fr\/site\/webup\/2022\/02\/logo-klarna-300x150.png\" class=\"attachment-medium size-medium wp-image-19574\" alt=\"\" srcset=\"https:\/\/www.cmonsite.fr\/site\/webup\/2022\/02\/logo-klarna-300x150.png 300w, https:\/\/www.cmonsite.fr\/site\/webup\/2022\/02\/logo-klarna.png 510w\" sizes=\"(max-width: 300px) 100vw, 300px\" \/>\t\t\t\t\t\t\t\t\t\t\t\t\t\t\t<\/div>\n\t\t\t\t<\/div>\n\t\t\t\t<div class=\"elementor-element elementor-element-8f815f7 elementor-widget elementor-widget-text-editor\" data-id=\"8f815f7\" data-element_type=\"widget\" data-e-type=\"widget\" data-widget_type=\"text-editor.default\">\n\t\t\t\t<div class=\"elementor-widget-container\">\n\t\t\t\t\t\t\t\t\t<p><br \/>Vous pourrez l&#8217;activer via le moyen de paiement Stripe.<\/p>\t\t\t\t\t\t\t\t<\/div>\n\t\t\t\t<\/div>\n\t\t\t\t\t<\/div>\n\t\t<\/div>\n\t\t\t\t\t<\/div>\n\t\t<\/section>\n\t\t\t\t<div class=\"elementor-element elementor-element-22a8144 elementor-widget elementor-widget-spacer\" data-id=\"22a8144\" data-element_type=\"widget\" data-e-type=\"widget\" data-widget_type=\"spacer.default\">\n\t\t\t\t<div class=\"elementor-widget-container\">\n\t\t\t\t\t\t\t<div class=\"elementor-spacer\">\n\t\t\t<div class=\"elementor-spacer-inner\"><\/div>\n\t\t<\/div>\n\t\t\t\t\t\t<\/div>\n\t\t\t\t<\/div>\n\t\t\t\t<div class=\"elementor-element elementor-element-ec7ed9f elementor-widget-divider--view-line elementor-widget elementor-widget-divider\" data-id=\"ec7ed9f\" data-element_type=\"widget\" data-e-type=\"widget\" data-widget_type=\"divider.default\">\n\t\t\t\t<div class=\"elementor-widget-container\">\n\t\t\t\t\t\t\t<div class=\"elementor-divider\">\n\t\t\t<span class=\"elementor-divider-separator\">\n\t\t\t\t\t\t<\/span>\n\t\t<\/div>\n\t\t\t\t\t\t<\/div>\n\t\t\t\t<\/div>\n\t\t\t\t<div class=\"elementor-element elementor-element-8c20c80 elementor-widget elementor-widget-heading\" data-id=\"8c20c80\" data-element_type=\"widget\" data-e-type=\"widget\" data-widget_type=\"heading.default\">\n\t\t\t\t<div class=\"elementor-widget-container\">\n\t\t\t\t\t<h2 class=\"elementor-heading-title elementor-size-default\">3. Faites du Cross-selling<\/h2>\t\t\t\t<\/div>\n\t\t\t\t<\/div>\n\t\t\t\t<div class=\"elementor-element elementor-element-89cb908 elementor-widget elementor-widget-text-editor\" data-id=\"89cb908\" data-element_type=\"widget\" data-e-type=\"widget\" data-widget_type=\"text-editor.default\">\n\t\t\t\t<div class=\"elementor-widget-container\">\n\t\t\t\t\t\t\t\t\t<p>Nous vous conseillons affichez des produits associ\u00e9s ou compl\u00e9mentaire dans vos fiches produits. <br \/>Invitez vos clients \u00e0 consulter d&#8217;autres fiches produits\u00a0<span style=\"color: var( --e-global-color-text ); font-family: var( --e-global-typography-text-font-family ), Sans-serif; font-weight: var( --e-global-typography-text-font-weight );\">en utilisant &#8220;Produit associ\u00e9s&#8221; lorsqu&#8217;ils consultent un de vos produits.<\/span><\/p>\t\t\t\t\t\t\t\t<\/div>\n\t\t\t\t<\/div>\n\t\t\t\t<div class=\"elementor-element elementor-element-18a995c elementor-widget elementor-widget-image\" data-id=\"18a995c\" data-element_type=\"widget\" data-e-type=\"widget\" data-widget_type=\"image.default\">\n\t\t\t\t<div class=\"elementor-widget-container\">\n\t\t\t\t\t\t\t\t\t\t\t\t\t\t\t<img loading=\"lazy\" decoding=\"async\" width=\"1196\" height=\"527\" src=\"https:\/\/www.cmonsite.fr\/site\/webup\/2022\/02\/produit-associe1.png\" class=\"attachment-full size-full wp-image-19580\" alt=\"\" srcset=\"https:\/\/www.cmonsite.fr\/site\/webup\/2022\/02\/produit-associe1.png 1196w, https:\/\/www.cmonsite.fr\/site\/webup\/2022\/02\/produit-associe1-300x132.png 300w, https:\/\/www.cmonsite.fr\/site\/webup\/2022\/02\/produit-associe1-1024x451.png 1024w, https:\/\/www.cmonsite.fr\/site\/webup\/2022\/02\/produit-associe1-768x338.png 768w\" sizes=\"(max-width: 1196px) 100vw, 1196px\" \/>\t\t\t\t\t\t\t\t\t\t\t\t\t\t\t<\/div>\n\t\t\t\t<\/div>\n\t\t\t\t<div class=\"elementor-element elementor-element-613a8bd elementor-widget elementor-widget-spacer\" data-id=\"613a8bd\" data-element_type=\"widget\" data-e-type=\"widget\" data-widget_type=\"spacer.default\">\n\t\t\t\t<div class=\"elementor-widget-container\">\n\t\t\t\t\t\t\t<div class=\"elementor-spacer\">\n\t\t\t<div class=\"elementor-spacer-inner\"><\/div>\n\t\t<\/div>\n\t\t\t\t\t\t<\/div>\n\t\t\t\t<\/div>\n\t\t\t\t<div class=\"elementor-element elementor-element-d891478 elementor-widget-divider--view-line elementor-widget elementor-widget-divider\" data-id=\"d891478\" data-element_type=\"widget\" data-e-type=\"widget\" data-widget_type=\"divider.default\">\n\t\t\t\t<div class=\"elementor-widget-container\">\n\t\t\t\t\t\t\t<div class=\"elementor-divider\">\n\t\t\t<span class=\"elementor-divider-separator\">\n\t\t\t\t\t\t<\/span>\n\t\t<\/div>\n\t\t\t\t\t\t<\/div>\n\t\t\t\t<\/div>\n\t\t\t\t<div class=\"elementor-element elementor-element-aebff54 elementor-widget elementor-widget-heading\" data-id=\"aebff54\" data-element_type=\"widget\" data-e-type=\"widget\" data-widget_type=\"heading.default\">\n\t\t\t\t<div class=\"elementor-widget-container\">\n\t\t\t\t\t<h2 class=\"elementor-heading-title elementor-size-default\">4. Cr\u00e9ez des packs de produits<\/h2>\t\t\t\t<\/div>\n\t\t\t\t<\/div>\n\t\t\t\t<div class=\"elementor-element elementor-element-587e6c6 elementor-widget elementor-widget-text-editor\" data-id=\"587e6c6\" data-element_type=\"widget\" data-e-type=\"widget\" data-widget_type=\"text-editor.default\">\n\t\t\t\t<div class=\"elementor-widget-container\">\n\t\t\t\t\t\t\t\t\t<p>Vous pouvez vendre vos produits sous forme de lots :<\/p>\t\t\t\t\t\t\t\t<\/div>\n\t\t\t\t<\/div>\n\t\t\t\t<div class=\"elementor-element elementor-element-8f25ec4 elementor-widget elementor-widget-image\" data-id=\"8f25ec4\" data-element_type=\"widget\" data-e-type=\"widget\" data-widget_type=\"image.default\">\n\t\t\t\t<div class=\"elementor-widget-container\">\n\t\t\t\t\t\t\t\t\t\t\t\t\t\t\t<img loading=\"lazy\" decoding=\"async\" width=\"516\" height=\"149\" src=\"https:\/\/www.cmonsite.fr\/site\/webup\/2022\/02\/pack-de-produit.png\" class=\"attachment-full size-full wp-image-19587\" alt=\"\" srcset=\"https:\/\/www.cmonsite.fr\/site\/webup\/2022\/02\/pack-de-produit.png 516w, https:\/\/www.cmonsite.fr\/site\/webup\/2022\/02\/pack-de-produit-300x87.png 300w\" sizes=\"(max-width: 516px) 100vw, 516px\" \/>\t\t\t\t\t\t\t\t\t\t\t\t\t\t\t<\/div>\n\t\t\t\t<\/div>\n\t\t\t\t<div class=\"elementor-element elementor-element-55e7c3d elementor-widget elementor-widget-text-editor\" data-id=\"55e7c3d\" data-element_type=\"widget\" data-e-type=\"widget\" data-widget_type=\"text-editor.default\">\n\t\t\t\t<div class=\"elementor-widget-container\">\n\t\t\t\t\t\t\t\t\t<p><span style=\"text-decoration: underline;\">Consultez notre guide \u00e0 ce sujet :\u00a0<\/span><\/p>\t\t\t\t\t\t\t\t<\/div>\n\t\t\t\t<\/div>\n\t\t\t\t<div class=\"elementor-element elementor-element-1ac0717 elementor-widget elementor-widget-text-editor\" data-id=\"1ac0717\" data-element_type=\"widget\" data-e-type=\"widget\" data-widget_type=\"text-editor.default\">\n\t\t\t\t<div class=\"elementor-widget-container\">\n\t\t\t\t\t\t\t\t\t<p><blockquote class=\"wp-embedded-content\" data-secret=\"k8EG7u9mTH\"><a href=\"https:\/\/www.cmonsite.fr\/site\/aide\/boutique\/boutique-avec-pack-de-produits\/\">Boutique avec pack de produits<\/a><\/blockquote><iframe class=\"wp-embedded-content\" sandbox=\"allow-scripts\" security=\"restricted\" style=\"position: absolute; clip: rect(1px, 1px, 1px, 1px);\" title=\"\u00ab\u00a0Boutique avec pack de produits\u00a0\u00bb &#8212; CmonSite\" src=\"https:\/\/www.cmonsite.fr\/site\/aide\/boutique\/boutique-avec-pack-de-produits\/embed\/#?secret=JnrnJJIvCM#?secret=k8EG7u9mTH\" data-secret=\"k8EG7u9mTH\" width=\"600\" height=\"338\" frameborder=\"0\" marginwidth=\"0\" marginheight=\"0\" scrolling=\"no\"><\/iframe><\/p>\t\t\t\t\t\t\t\t<\/div>\n\t\t\t\t<\/div>\n\t\t\t\t<div class=\"elementor-element elementor-element-5044247 elementor-widget elementor-widget-spacer\" data-id=\"5044247\" data-element_type=\"widget\" data-e-type=\"widget\" data-widget_type=\"spacer.default\">\n\t\t\t\t<div class=\"elementor-widget-container\">\n\t\t\t\t\t\t\t<div class=\"elementor-spacer\">\n\t\t\t<div class=\"elementor-spacer-inner\"><\/div>\n\t\t<\/div>\n\t\t\t\t\t\t<\/div>\n\t\t\t\t<\/div>\n\t\t\t\t<div class=\"elementor-element elementor-element-8321715 elementor-widget-divider--view-line elementor-widget elementor-widget-divider\" data-id=\"8321715\" data-element_type=\"widget\" data-e-type=\"widget\" data-widget_type=\"divider.default\">\n\t\t\t\t<div class=\"elementor-widget-container\">\n\t\t\t\t\t\t\t<div class=\"elementor-divider\">\n\t\t\t<span class=\"elementor-divider-separator\">\n\t\t\t\t\t\t<\/span>\n\t\t<\/div>\n\t\t\t\t\t\t<\/div>\n\t\t\t\t<\/div>\n\t\t\t\t<div class=\"elementor-element elementor-element-e1b7bd3 elementor-widget elementor-widget-heading\" data-id=\"e1b7bd3\" data-element_type=\"widget\" data-e-type=\"widget\" data-widget_type=\"heading.default\">\n\t\t\t\t<div class=\"elementor-widget-container\">\n\t\t\t\t\t<h2 class=\"elementor-heading-title elementor-size-default\">5. Proposez des promotions pertinentes<\/h2>\t\t\t\t<\/div>\n\t\t\t\t<\/div>\n\t\t\t\t<div class=\"elementor-element elementor-element-248e383 elementor-widget elementor-widget-text-editor\" data-id=\"248e383\" data-element_type=\"widget\" data-e-type=\"widget\" data-widget_type=\"text-editor.default\">\n\t\t\t\t<div class=\"elementor-widget-container\">\n\t\t\t\t\t\t\t\t\t<p><span style=\"color: var( --e-global-color-text ); font-family: var( --e-global-typography-text-font-family ), Sans-serif; font-weight: var( --e-global-typography-text-font-weight );\">Vous pouvez cr\u00e9er facilement des codes de r\u00e9duction pour votre boutique afin d&#8217;inciter \u00e0 l&#8217;achat :<\/span><\/p>\t\t\t\t\t\t\t\t<\/div>\n\t\t\t\t<\/div>\n\t\t\t\t<div class=\"elementor-element elementor-element-25f4065 elementor-widget elementor-widget-image\" data-id=\"25f4065\" data-element_type=\"widget\" data-e-type=\"widget\" data-widget_type=\"image.default\">\n\t\t\t\t<div class=\"elementor-widget-container\">\n\t\t\t\t\t\t\t\t\t\t\t\t\t\t\t<img loading=\"lazy\" decoding=\"async\" width=\"1284\" height=\"747\" src=\"https:\/\/www.cmonsite.fr\/site\/webup\/2022\/02\/code-promo.png\" class=\"attachment-full size-full wp-image-19623\" alt=\"\" srcset=\"https:\/\/www.cmonsite.fr\/site\/webup\/2022\/02\/code-promo.png 1284w, https:\/\/www.cmonsite.fr\/site\/webup\/2022\/02\/code-promo-300x175.png 300w, https:\/\/www.cmonsite.fr\/site\/webup\/2022\/02\/code-promo-1024x596.png 1024w, https:\/\/www.cmonsite.fr\/site\/webup\/2022\/02\/code-promo-768x447.png 768w\" sizes=\"(max-width: 1284px) 100vw, 1284px\" \/>\t\t\t\t\t\t\t\t\t\t\t\t\t\t\t<\/div>\n\t\t\t\t<\/div>\n\t\t\t\t<div class=\"elementor-element elementor-element-1b1f786 elementor-widget elementor-widget-text-editor\" data-id=\"1b1f786\" data-element_type=\"widget\" data-e-type=\"widget\" data-widget_type=\"text-editor.default\">\n\t\t\t\t<div class=\"elementor-widget-container\">\n\t\t\t\t\t\t\t\t\t<p><span style=\"text-decoration: underline;\">Consultez notre guide \u00e0 ce sujet :\u00a0<\/span><\/p>\t\t\t\t\t\t\t\t<\/div>\n\t\t\t\t<\/div>\n\t\t\t\t<div class=\"elementor-element elementor-element-69a9b7d elementor-widget elementor-widget-text-editor\" data-id=\"69a9b7d\" data-element_type=\"widget\" data-e-type=\"widget\" data-widget_type=\"text-editor.default\">\n\t\t\t\t<div class=\"elementor-widget-container\">\n\t\t\t\t\t\t\t\t\t<p><blockquote class=\"wp-embedded-content\" data-secret=\"QoxN0XLMmC\"><a href=\"https:\/\/www.cmonsite.fr\/site\/aide\/boutique\/creer-codes-reduction-boutique\/\">Cr\u00e9er des codes de r\u00e9duction<\/a><\/blockquote><iframe class=\"wp-embedded-content\" sandbox=\"allow-scripts\" security=\"restricted\" style=\"position: absolute; clip: rect(1px, 1px, 1px, 1px);\" title=\"\u00ab\u00a0Cr\u00e9er des codes de r\u00e9duction\u00a0\u00bb &#8212; CmonSite\" src=\"https:\/\/www.cmonsite.fr\/site\/aide\/boutique\/creer-codes-reduction-boutique\/embed\/#?secret=yeh0XF0tKQ#?secret=QoxN0XLMmC\" data-secret=\"QoxN0XLMmC\" width=\"600\" height=\"338\" frameborder=\"0\" marginwidth=\"0\" marginheight=\"0\" scrolling=\"no\"><\/iframe><\/p>\t\t\t\t\t\t\t\t<\/div>\n\t\t\t\t<\/div>\n\t\t\t\t\t<\/div>\n\t\t<\/div>\n\t\t\t\t\t<\/div>\n\t\t<\/section>\n\t\t\t\t<\/div>\n\t\t","protected":false},"excerpt":{"rendered":"<p>D\u00e9couvrez 5 astuces qui permettront d&#8217;am\u00e9liorer le montant des paniers clients et ainsi augmenter vos revenus. 1. Optimisez votre politique de frais de port Il n&#8217;est jamais agr\u00e9able de payer les frais de port quand on est client.\u00a0Dans la mesure du possible, plus ils seront bas, mieux cela sera pour vos client.\u00a0 Dans l&#8217;impossibilit\u00e9, vous [&hellip;]<\/p>\n","protected":false},"author":1,"featured_media":0,"parent":2920,"menu_order":15,"comment_status":"closed","ping_status":"closed","template":"","meta":{"_helpful_status":1,"footnotes":""},"class_list":["post-19572","page","type-page","status-publish","hentry"],"_links":{"self":[{"href":"https:\/\/www.cmonsite.fr\/site\/wp-json\/wp\/v2\/pages\/19572","targetHints":{"allow":["GET"]}}],"collection":[{"href":"https:\/\/www.cmonsite.fr\/site\/wp-json\/wp\/v2\/pages"}],"about":[{"href":"https:\/\/www.cmonsite.fr\/site\/wp-json\/wp\/v2\/types\/page"}],"author":[{"embeddable":true,"href":"https:\/\/www.cmonsite.fr\/site\/wp-json\/wp\/v2\/users\/1"}],"replies":[{"embeddable":true,"href":"https:\/\/www.cmonsite.fr\/site\/wp-json\/wp\/v2\/comments?post=19572"}],"version-history":[{"count":4,"href":"https:\/\/www.cmonsite.fr\/site\/wp-json\/wp\/v2\/pages\/19572\/revisions"}],"predecessor-version":[{"id":25167,"href":"https:\/\/www.cmonsite.fr\/site\/wp-json\/wp\/v2\/pages\/19572\/revisions\/25167"}],"up":[{"embeddable":true,"href":"https:\/\/www.cmonsite.fr\/site\/wp-json\/wp\/v2\/pages\/2920"}],"wp:attachment":[{"href":"https:\/\/www.cmonsite.fr\/site\/wp-json\/wp\/v2\/media?parent=19572"}],"curies":[{"name":"wp","href":"https:\/\/api.w.org\/{rel}","templated":true}]}}