{"id":19453,"date":"2022-02-17T17:22:29","date_gmt":"2022-02-17T16:22:19","guid":{"rendered":"https:\/\/www.cmonsite.fr\/site\/aide\/?page_id=19453"},"modified":"2023-07-04T11:56:06","modified_gmt":"2023-07-04T09:56:06","slug":"module-de-recherche-de-reservations","status":"publish","type":"page","link":"https:\/\/www.cmonsite.fr\/site\/aide\/reservation\/module-de-recherche-de-reservations","title":{"rendered":"Comment ajouter une barre de recherche d\u00e9di\u00e9e aux r\u00e9servations sur mon site ?"},"content":{"rendered":"\t\t<div data-elementor-type=\"wp-page\" data-elementor-id=\"19453\" class=\"elementor elementor-19453\" data-elementor-post-type=\"page\">\n\t\t\t\t\t\t<section class=\"elementor-section elementor-top-section elementor-element elementor-element-f5e981d elementor-section-boxed elementor-section-height-default elementor-section-height-default\" data-id=\"f5e981d\" data-element_type=\"section\" data-e-type=\"section\">\n\t\t\t\t\t\t<div class=\"elementor-container elementor-column-gap-default\">\n\t\t\t\t\t<div class=\"elementor-column elementor-col-100 elementor-top-column elementor-element elementor-element-c8a3d16\" data-id=\"c8a3d16\" data-element_type=\"column\" data-e-type=\"column\">\n\t\t\t<div class=\"elementor-widget-wrap elementor-element-populated\">\n\t\t\t\t\t\t<div class=\"elementor-element elementor-element-8bbb0f4 elementor-widget elementor-widget-text-editor\" data-id=\"8bbb0f4\" data-element_type=\"widget\" data-e-type=\"widget\" data-widget_type=\"text-editor.default\">\n\t\t\t\t<div class=\"elementor-widget-container\">\n\t\t\t\t\t\t\t\t\t<p style=\"text-align: center;\">Activez un module de recherche de r\u00e9servation sur votre site en quelques clics.<\/p><p style=\"text-align: center;\">De mani\u00e8re facile, vos clients pourront <strong>consulter toutes vos disponibilit\u00e9s aux dates de leur choix.<\/strong><\/p><p style=\"text-align: center;\"><strong>Voici un exemple de formulaire de recherche de r\u00e9servation :<\/strong><\/p>\t\t\t\t\t\t\t\t<\/div>\n\t\t\t\t<\/div>\n\t\t\t\t<div class=\"elementor-element elementor-element-d1628b9 elementor-widget elementor-widget-image\" data-id=\"d1628b9\" data-element_type=\"widget\" data-e-type=\"widget\" data-widget_type=\"image.default\">\n\t\t\t\t<div class=\"elementor-widget-container\">\n\t\t\t\t\t\t\t\t\t\t\t\t\t\t\t<img fetchpriority=\"high\" decoding=\"async\" width=\"1350\" height=\"472\" src=\"https:\/\/www.cmonsite.fr\/site\/webup\/2022\/02\/recherche-6.png\" class=\"attachment-full size-full wp-image-19461\" alt=\"\" srcset=\"https:\/\/www.cmonsite.fr\/site\/webup\/2022\/02\/recherche-6.png 1350w, https:\/\/www.cmonsite.fr\/site\/webup\/2022\/02\/recherche-6-300x105.png 300w, https:\/\/www.cmonsite.fr\/site\/webup\/2022\/02\/recherche-6-1024x358.png 1024w, https:\/\/www.cmonsite.fr\/site\/webup\/2022\/02\/recherche-6-768x269.png 768w\" sizes=\"(max-width: 1350px) 100vw, 1350px\" \/>\t\t\t\t\t\t\t\t\t\t\t\t\t\t\t<\/div>\n\t\t\t\t<\/div>\n\t\t\t\t<div class=\"elementor-element elementor-element-20322b3 elementor-widget elementor-widget-text-editor\" data-id=\"20322b3\" data-element_type=\"widget\" data-e-type=\"widget\" data-widget_type=\"text-editor.default\">\n\t\t\t\t<div class=\"elementor-widget-container\">\n\t\t\t\t\t\t\t\t\t<p>Si vous n&#8217;avez pas encore activ\u00e9 vos produits r\u00e9servation, n&#8217;h\u00e9sitez pas \u00e0 consulter cette aide pour mettre en place vos produits de r\u00e9servation :<\/p>\t\t\t\t\t\t\t\t<\/div>\n\t\t\t\t<\/div>\n\t\t\t\t<div class=\"elementor-element elementor-element-568ae6f elementor-widget elementor-widget-text-editor\" data-id=\"568ae6f\" data-element_type=\"widget\" data-e-type=\"widget\" data-widget_type=\"text-editor.default\">\n\t\t\t\t<div class=\"elementor-widget-container\">\n\t\t\t\t\t\t\t\t\t<p><blockquote class=\"wp-embedded-content\" data-secret=\"MLecgmdLZL\"><a href=\"https:\/\/www.cmonsite.fr\/site\/aide\/boutique\/boutique-avec-reservation\/\">Boutique avec R\u00e9servation<\/a><\/blockquote><iframe class=\"wp-embedded-content\" sandbox=\"allow-scripts\" security=\"restricted\" style=\"position: absolute; clip: rect(1px, 1px, 1px, 1px);\" title=\"\u00ab\u00a0Boutique avec R\u00e9servation\u00a0\u00bb &#8212; CmonSite\" src=\"https:\/\/www.cmonsite.fr\/site\/aide\/boutique\/boutique-avec-reservation\/embed\/#?secret=Vpd4z2nnPQ#?secret=MLecgmdLZL\" data-secret=\"MLecgmdLZL\" width=\"600\" height=\"338\" frameborder=\"0\" marginwidth=\"0\" marginheight=\"0\" scrolling=\"no\"><\/iframe><\/p>\t\t\t\t\t\t\t\t<\/div>\n\t\t\t\t<\/div>\n\t\t\t\t<div class=\"elementor-element elementor-element-9e79e7f elementor-widget elementor-widget-spacer\" data-id=\"9e79e7f\" data-element_type=\"widget\" data-e-type=\"widget\" data-widget_type=\"spacer.default\">\n\t\t\t\t<div class=\"elementor-widget-container\">\n\t\t\t\t\t\t\t<div class=\"elementor-spacer\">\n\t\t\t<div class=\"elementor-spacer-inner\"><\/div>\n\t\t<\/div>\n\t\t\t\t\t\t<\/div>\n\t\t\t\t<\/div>\n\t\t\t\t\t<\/div>\n\t\t<\/div>\n\t\t\t\t\t<\/div>\n\t\t<\/section>\n\t\t\t\t<section class=\"elementor-section elementor-top-section elementor-element elementor-element-bb95b4d elementor-section-boxed elementor-section-height-default elementor-section-height-default\" data-id=\"bb95b4d\" data-element_type=\"section\" data-e-type=\"section\">\n\t\t\t\t\t\t<div class=\"elementor-container elementor-column-gap-default\">\n\t\t\t\t\t<div class=\"elementor-column elementor-col-100 elementor-top-column elementor-element elementor-element-f35d94a\" data-id=\"f35d94a\" data-element_type=\"column\" data-e-type=\"column\">\n\t\t\t<div class=\"elementor-widget-wrap elementor-element-populated\">\n\t\t\t\t\t\t<div class=\"elementor-element elementor-element-34f4063 elementor-widget elementor-widget-heading\" data-id=\"34f4063\" data-element_type=\"widget\" data-e-type=\"widget\" data-widget_type=\"heading.default\">\n\t\t\t\t<div class=\"elementor-widget-container\">\n\t\t\t\t\t<h2 class=\"elementor-heading-title elementor-size-default\">1. Acc\u00e9dez au module de recherche<span style=\"font-family: var( --e-global-typography-primary-font-family ), Sans-serif;font-size: 1.75rem;font-weight: var( --e-global-typography-primary-font-weight )\"><\/span><br><\/h2>\t\t\t\t<\/div>\n\t\t\t\t<\/div>\n\t\t\t\t<div class=\"elementor-element elementor-element-8e5eb87 elementor-widget elementor-widget-text-editor\" data-id=\"8e5eb87\" data-element_type=\"widget\" data-e-type=\"widget\" data-widget_type=\"text-editor.default\">\n\t\t\t\t<div class=\"elementor-widget-container\">\n\t\t\t\t\t\t\t\t\t<p>Rendez-vous dans l&#8217;onglet &#8220;Boutique&#8221; puis &#8220;R\u00e9servations&#8221;.<\/p>\t\t\t\t\t\t\t\t<\/div>\n\t\t\t\t<\/div>\n\t\t\t\t<div class=\"elementor-element elementor-element-916416f elementor-widget elementor-widget-image\" data-id=\"916416f\" data-element_type=\"widget\" data-e-type=\"widget\" data-widget_type=\"image.default\">\n\t\t\t\t<div class=\"elementor-widget-container\">\n\t\t\t\t\t\t\t\t\t\t\t\t\t\t\t<img decoding=\"async\" width=\"1354\" height=\"483\" src=\"https:\/\/www.cmonsite.fr\/site\/webup\/2022\/02\/recherche-5.png\" class=\"attachment-full size-full wp-image-19460\" alt=\"\" srcset=\"https:\/\/www.cmonsite.fr\/site\/webup\/2022\/02\/recherche-5.png 1354w, https:\/\/www.cmonsite.fr\/site\/webup\/2022\/02\/recherche-5-300x107.png 300w, https:\/\/www.cmonsite.fr\/site\/webup\/2022\/02\/recherche-5-1024x365.png 1024w, https:\/\/www.cmonsite.fr\/site\/webup\/2022\/02\/recherche-5-768x274.png 768w\" sizes=\"(max-width: 1354px) 100vw, 1354px\" \/>\t\t\t\t\t\t\t\t\t\t\t\t\t\t\t<\/div>\n\t\t\t\t<\/div>\n\t\t\t\t<div class=\"elementor-element elementor-element-8721b7b elementor-widget elementor-widget-spacer\" data-id=\"8721b7b\" data-element_type=\"widget\" data-e-type=\"widget\" data-widget_type=\"spacer.default\">\n\t\t\t\t<div class=\"elementor-widget-container\">\n\t\t\t\t\t\t\t<div class=\"elementor-spacer\">\n\t\t\t<div class=\"elementor-spacer-inner\"><\/div>\n\t\t<\/div>\n\t\t\t\t\t\t<\/div>\n\t\t\t\t<\/div>\n\t\t\t\t<div class=\"elementor-element elementor-element-ffef6de elementor-widget elementor-widget-text-editor\" data-id=\"ffef6de\" data-element_type=\"widget\" data-e-type=\"widget\" data-widget_type=\"text-editor.default\">\n\t\t\t\t<div class=\"elementor-widget-container\">\n\t\t\t\t\t\t\t\t\t<p>Cliquez sur l&#8217;onglet &#8220;Module de recherche&#8221;.<\/p>\t\t\t\t\t\t\t\t<\/div>\n\t\t\t\t<\/div>\n\t\t\t\t<div class=\"elementor-element elementor-element-243f552 elementor-widget elementor-widget-image\" data-id=\"243f552\" data-element_type=\"widget\" data-e-type=\"widget\" data-widget_type=\"image.default\">\n\t\t\t\t<div class=\"elementor-widget-container\">\n\t\t\t\t\t\t\t\t\t\t\t\t\t\t\t<img decoding=\"async\" width=\"1285\" height=\"103\" src=\"https:\/\/www.cmonsite.fr\/site\/webup\/2022\/02\/recherche-4.png\" class=\"attachment-full size-full wp-image-19459\" alt=\"\" srcset=\"https:\/\/www.cmonsite.fr\/site\/webup\/2022\/02\/recherche-4.png 1285w, https:\/\/www.cmonsite.fr\/site\/webup\/2022\/02\/recherche-4-300x24.png 300w, https:\/\/www.cmonsite.fr\/site\/webup\/2022\/02\/recherche-4-1024x82.png 1024w, https:\/\/www.cmonsite.fr\/site\/webup\/2022\/02\/recherche-4-768x62.png 768w\" sizes=\"(max-width: 1285px) 100vw, 1285px\" \/>\t\t\t\t\t\t\t\t\t\t\t\t\t\t\t<\/div>\n\t\t\t\t<\/div>\n\t\t\t\t<div class=\"elementor-element elementor-element-b3414d1 elementor-widget elementor-widget-spacer\" data-id=\"b3414d1\" data-element_type=\"widget\" data-e-type=\"widget\" data-widget_type=\"spacer.default\">\n\t\t\t\t<div class=\"elementor-widget-container\">\n\t\t\t\t\t\t\t<div class=\"elementor-spacer\">\n\t\t\t<div class=\"elementor-spacer-inner\"><\/div>\n\t\t<\/div>\n\t\t\t\t\t\t<\/div>\n\t\t\t\t<\/div>\n\t\t\t\t<div class=\"elementor-element elementor-element-6d3099d elementor-widget elementor-widget-heading\" data-id=\"6d3099d\" data-element_type=\"widget\" data-e-type=\"widget\" data-widget_type=\"heading.default\">\n\t\t\t\t<div class=\"elementor-widget-container\">\n\t\t\t\t\t<h2 class=\"elementor-heading-title elementor-size-default\">2. Configurez le module de recherche<br><\/h2>\t\t\t\t<\/div>\n\t\t\t\t<\/div>\n\t\t\t\t<div class=\"elementor-element elementor-element-a8add67 elementor-widget elementor-widget-text-editor\" data-id=\"a8add67\" data-element_type=\"widget\" data-e-type=\"widget\" data-widget_type=\"text-editor.default\">\n\t\t\t\t<div class=\"elementor-widget-container\">\n\t\t\t\t\t\t\t\t\t<p>Vous pouvez personnaliser l&#8217;intitul\u00e9 des titres \u00e0 afficher dans le moteur de recherche.<\/p>\t\t\t\t\t\t\t\t<\/div>\n\t\t\t\t<\/div>\n\t\t\t\t<div class=\"elementor-element elementor-element-4a8316e elementor-widget elementor-widget-text-editor\" data-id=\"4a8316e\" data-element_type=\"widget\" data-e-type=\"widget\" data-widget_type=\"text-editor.default\">\n\t\t\t\t<div class=\"elementor-widget-container\">\n\t\t\t\t\t\t\t\t\t<p>Voici un exemple de pr\u00e9sentation :<\/p>\t\t\t\t\t\t\t\t<\/div>\n\t\t\t\t<\/div>\n\t\t\t\t<div class=\"elementor-element elementor-element-bc2402e elementor-widget elementor-widget-image\" data-id=\"bc2402e\" data-element_type=\"widget\" data-e-type=\"widget\" data-widget_type=\"image.default\">\n\t\t\t\t<div class=\"elementor-widget-container\">\n\t\t\t\t\t\t\t\t\t\t\t\t\t\t\t<img loading=\"lazy\" decoding=\"async\" width=\"1272\" height=\"528\" src=\"https:\/\/www.cmonsite.fr\/site\/webup\/2022\/02\/recherche-3.png\" class=\"attachment-full size-full wp-image-19458\" alt=\"\" srcset=\"https:\/\/www.cmonsite.fr\/site\/webup\/2022\/02\/recherche-3.png 1272w, https:\/\/www.cmonsite.fr\/site\/webup\/2022\/02\/recherche-3-300x125.png 300w, https:\/\/www.cmonsite.fr\/site\/webup\/2022\/02\/recherche-3-1024x425.png 1024w, https:\/\/www.cmonsite.fr\/site\/webup\/2022\/02\/recherche-3-768x319.png 768w\" sizes=\"(max-width: 1272px) 100vw, 1272px\" \/>\t\t\t\t\t\t\t\t\t\t\t\t\t\t\t<\/div>\n\t\t\t\t<\/div>\n\t\t\t\t<div class=\"elementor-element elementor-element-2cf292e elementor-widget-divider--view-line elementor-widget elementor-widget-divider\" data-id=\"2cf292e\" data-element_type=\"widget\" data-e-type=\"widget\" data-widget_type=\"divider.default\">\n\t\t\t\t<div class=\"elementor-widget-container\">\n\t\t\t\t\t\t\t<div class=\"elementor-divider\">\n\t\t\t<span class=\"elementor-divider-separator\">\n\t\t\t\t\t\t<\/span>\n\t\t<\/div>\n\t\t\t\t\t\t<\/div>\n\t\t\t\t<\/div>\n\t\t\t\t<div class=\"elementor-element elementor-element-0d9d06b elementor-widget elementor-widget-text-editor\" data-id=\"0d9d06b\" data-element_type=\"widget\" data-e-type=\"widget\" data-widget_type=\"text-editor.default\">\n\t\t\t\t<div class=\"elementor-widget-container\">\n\t\t\t\t\t\t\t\t\t<p>Vous pouvez choisir de d\u00e9sactiver un calendrier pour qu&#8217;il ne soit pas propos\u00e9 dans le moteur de recherche.&nbsp;<\/p>\t\t\t\t\t\t\t\t<\/div>\n\t\t\t\t<\/div>\n\t\t\t\t<div class=\"elementor-element elementor-element-62ddd55 elementor-widget elementor-widget-text-editor\" data-id=\"62ddd55\" data-element_type=\"widget\" data-e-type=\"widget\" data-widget_type=\"text-editor.default\">\n\t\t\t\t<div class=\"elementor-widget-container\">\n\t\t\t\t\t\t\t\t\t<p><span style=\"color: var( --e-global-color-text ); font-family: var( --e-global-typography-text-font-family ), Sans-serif; font-weight: var( --e-global-typography-text-font-weight );\">Il suffira de s\u00e9lectionner &#8220;Non&#8221; comme pour la chambre 2 en exemple ci-dessous :\u00a0<\/span><\/p>\t\t\t\t\t\t\t\t<\/div>\n\t\t\t\t<\/div>\n\t\t\t\t<div class=\"elementor-element elementor-element-4b47413 elementor-widget elementor-widget-image\" data-id=\"4b47413\" data-element_type=\"widget\" data-e-type=\"widget\" data-widget_type=\"image.default\">\n\t\t\t\t<div class=\"elementor-widget-container\">\n\t\t\t\t\t\t\t\t\t\t\t\t\t\t\t<img loading=\"lazy\" decoding=\"async\" width=\"1269\" height=\"340\" src=\"https:\/\/www.cmonsite.fr\/site\/webup\/2022\/02\/recherche-1.png\" class=\"attachment-full size-full wp-image-19456\" alt=\"\" srcset=\"https:\/\/www.cmonsite.fr\/site\/webup\/2022\/02\/recherche-1.png 1269w, https:\/\/www.cmonsite.fr\/site\/webup\/2022\/02\/recherche-1-300x80.png 300w, https:\/\/www.cmonsite.fr\/site\/webup\/2022\/02\/recherche-1-1024x274.png 1024w, https:\/\/www.cmonsite.fr\/site\/webup\/2022\/02\/recherche-1-768x206.png 768w\" sizes=\"(max-width: 1269px) 100vw, 1269px\" \/>\t\t\t\t\t\t\t\t\t\t\t\t\t\t\t<\/div>\n\t\t\t\t<\/div>\n\t\t\t\t<div class=\"elementor-element elementor-element-0484882 elementor-widget elementor-widget-spacer\" data-id=\"0484882\" data-element_type=\"widget\" data-e-type=\"widget\" data-widget_type=\"spacer.default\">\n\t\t\t\t<div class=\"elementor-widget-container\">\n\t\t\t\t\t\t\t<div class=\"elementor-spacer\">\n\t\t\t<div class=\"elementor-spacer-inner\"><\/div>\n\t\t<\/div>\n\t\t\t\t\t\t<\/div>\n\t\t\t\t<\/div>\n\t\t\t\t<div class=\"elementor-element elementor-element-6438889 elementor-widget elementor-widget-heading\" data-id=\"6438889\" data-element_type=\"widget\" data-e-type=\"widget\" data-widget_type=\"heading.default\">\n\t\t\t\t<div class=\"elementor-widget-container\">\n\t\t\t\t\t<h2 class=\"elementor-heading-title elementor-size-default\">3. Ajoutez le module de recherche depuis CmonSite Editor<\/h2>\t\t\t\t<\/div>\n\t\t\t\t<\/div>\n\t\t\t\t<div class=\"elementor-element elementor-element-0bb8988 elementor-widget elementor-widget-text-editor\" data-id=\"0bb8988\" data-element_type=\"widget\" data-e-type=\"widget\" data-widget_type=\"text-editor.default\">\n\t\t\t\t<div class=\"elementor-widget-container\">\n\t\t\t\t\t\t\t\t\t<p>Pour afficher le module de recherche sur votre site, il faudra l&#8217;ajouter depuis CmonSite Editor.\u00a0<\/p><p>Une option intitul\u00e9e &#8220;<b>Moteur de recherche de r\u00e9servations<\/b>&#8221; est disponible sur la fen\u00eatre de gauche dans l&#8217;onglet &#8220;<b>Contenu<\/b>&#8220;. Il suffira de cliquer puis de glisser la bulle o\u00f9 vous souhaitez d\u00e9poser mettre sur la page le moteur de recherche de r\u00e9servations.<\/p>\t\t\t\t\t\t\t\t<\/div>\n\t\t\t\t<\/div>\n\t\t\t\t<div class=\"elementor-element elementor-element-9798b86 elementor-widget elementor-widget-image\" data-id=\"9798b86\" data-element_type=\"widget\" data-e-type=\"widget\" data-widget_type=\"image.default\">\n\t\t\t\t<div class=\"elementor-widget-container\">\n\t\t\t\t\t\t\t\t\t\t\t\t\t\t\t<img loading=\"lazy\" decoding=\"async\" width=\"1611\" height=\"524\" src=\"https:\/\/www.cmonsite.fr\/site\/webup\/2022\/02\/recherche2.png\" class=\"attachment-full size-full wp-image-19548\" alt=\"\" srcset=\"https:\/\/www.cmonsite.fr\/site\/webup\/2022\/02\/recherche2.png 1611w, https:\/\/www.cmonsite.fr\/site\/webup\/2022\/02\/recherche2-300x98.png 300w, https:\/\/www.cmonsite.fr\/site\/webup\/2022\/02\/recherche2-1024x333.png 1024w, https:\/\/www.cmonsite.fr\/site\/webup\/2022\/02\/recherche2-768x250.png 768w, https:\/\/www.cmonsite.fr\/site\/webup\/2022\/02\/recherche2-1536x500.png 1536w\" sizes=\"(max-width: 1611px) 100vw, 1611px\" \/>\t\t\t\t\t\t\t\t\t\t\t\t\t\t\t<\/div>\n\t\t\t\t<\/div>\n\t\t\t\t<div class=\"elementor-element elementor-element-aa4f531 elementor-widget elementor-widget-text-editor\" data-id=\"aa4f531\" data-element_type=\"widget\" data-e-type=\"widget\" data-widget_type=\"text-editor.default\">\n\t\t\t\t<div class=\"elementor-widget-container\">\n\t\t\t\t\t\t\t\t\t<p>BON \u00c0 SAVOIR : V<span style=\"color: var( --e-global-color-text ); font-family: var( --e-global-typography-text-font-family ), Sans-serif; font-weight: var( --e-global-typography-text-font-weight );\">ous aurez besoin de cr\u00e9er en pr\u00e9alable au moins 1 calendrier de r\u00e9servation dans l&#8217;administration p<\/span><span style=\"color: var( --e-global-color-text ); font-family: var( --e-global-typography-text-font-family ), Sans-serif; font-weight: var( --e-global-typography-text-font-weight );\">our que le widget soit visible dans CmonSite Editor.<\/span><\/p>\t\t\t\t\t\t\t\t<\/div>\n\t\t\t\t<\/div>\n\t\t\t\t\t<\/div>\n\t\t<\/div>\n\t\t\t\t\t<\/div>\n\t\t<\/section>\n\t\t\t\t<\/div>\n\t\t","protected":false},"excerpt":{"rendered":"<p>Activez un module de recherche de r\u00e9servation sur votre site en quelques clics. De mani\u00e8re facile, vos clients pourront consulter toutes vos disponibilit\u00e9s aux dates de leur choix. Voici un exemple de formulaire de recherche de r\u00e9servation : Si vous n&#8217;avez pas encore activ\u00e9 vos produits r\u00e9servation, n&#8217;h\u00e9sitez pas \u00e0 consulter cette aide pour mettre [&hellip;]<\/p>\n","protected":false},"author":1,"featured_media":0,"parent":24723,"menu_order":6,"comment_status":"closed","ping_status":"closed","template":"","meta":{"_helpful_status":1,"footnotes":""},"class_list":["post-19453","page","type-page","status-publish","hentry"],"_links":{"self":[{"href":"https:\/\/www.cmonsite.fr\/site\/wp-json\/wp\/v2\/pages\/19453","targetHints":{"allow":["GET"]}}],"collection":[{"href":"https:\/\/www.cmonsite.fr\/site\/wp-json\/wp\/v2\/pages"}],"about":[{"href":"https:\/\/www.cmonsite.fr\/site\/wp-json\/wp\/v2\/types\/page"}],"author":[{"embeddable":true,"href":"https:\/\/www.cmonsite.fr\/site\/wp-json\/wp\/v2\/users\/1"}],"replies":[{"embeddable":true,"href":"https:\/\/www.cmonsite.fr\/site\/wp-json\/wp\/v2\/comments?post=19453"}],"version-history":[{"count":2,"href":"https:\/\/www.cmonsite.fr\/site\/wp-json\/wp\/v2\/pages\/19453\/revisions"}],"predecessor-version":[{"id":24773,"href":"https:\/\/www.cmonsite.fr\/site\/wp-json\/wp\/v2\/pages\/19453\/revisions\/24773"}],"up":[{"embeddable":true,"href":"https:\/\/www.cmonsite.fr\/site\/wp-json\/wp\/v2\/pages\/24723"}],"wp:attachment":[{"href":"https:\/\/www.cmonsite.fr\/site\/wp-json\/wp\/v2\/media?parent=19453"}],"curies":[{"name":"wp","href":"https:\/\/api.w.org\/{rel}","templated":true}]}}