{"id":17930,"date":"2021-08-05T16:18:16","date_gmt":"2021-08-05T14:18:16","guid":{"rendered":"https:\/\/www.cmonsite.fr\/site\/aide\/?page_id=17930"},"modified":"2025-03-28T12:00:31","modified_gmt":"2025-03-28T11:00:31","slug":"gerer-son-profil-dentreprise-avec-google-my-business","status":"publish","type":"page","link":"https:\/\/www.cmonsite.fr\/site\/aide\/astuces-informations\/modules-externes\/gerer-son-profil-dentreprise-avec-google-my-business","title":{"rendered":"G\u00e9rer son profil d&#8217;entreprise avec Google My Business"},"content":{"rendered":"\t\t<div data-elementor-type=\"wp-page\" data-elementor-id=\"17930\" class=\"elementor elementor-17930\" data-elementor-post-type=\"page\">\n\t\t\t\t\t\t<section class=\"elementor-section elementor-top-section elementor-element elementor-element-22223ed elementor-section-boxed elementor-section-height-default elementor-section-height-default\" data-id=\"22223ed\" data-element_type=\"section\" data-e-type=\"section\">\n\t\t\t\t\t\t<div class=\"elementor-container elementor-column-gap-default\">\n\t\t\t\t\t<div class=\"elementor-column elementor-col-100 elementor-top-column elementor-element elementor-element-479c5dc\" data-id=\"479c5dc\" data-element_type=\"column\" data-e-type=\"column\">\n\t\t\t<div class=\"elementor-widget-wrap elementor-element-populated\">\n\t\t\t\t\t\t<div class=\"elementor-element elementor-element-c9689ad elementor-widget elementor-widget-heading\" data-id=\"c9689ad\" data-element_type=\"widget\" data-e-type=\"widget\" data-widget_type=\"heading.default\">\n\t\t\t\t<div class=\"elementor-widget-container\">\n\t\t\t\t\t<h2 class=\"elementor-heading-title elementor-size-default\">Google My Business, qu'est-ce que c'est ?<\/h2>\t\t\t\t<\/div>\n\t\t\t\t<\/div>\n\t\t\t\t<div class=\"elementor-element elementor-element-a49a8db elementor-widget elementor-widget-text-editor\" data-id=\"a49a8db\" data-element_type=\"widget\" data-e-type=\"widget\" data-widget_type=\"text-editor.default\">\n\t\t\t\t<div class=\"elementor-widget-container\">\n\t\t\t\t\t\t\t\t\t<p style=\"font-size: 17px;\"><strong>Google My Business est un outil gratuit indispensable pour mettre en avant votre site internet sur les services de recherche Google et Google Maps.<\/strong><\/p>\t\t\t\t\t\t\t\t<\/div>\n\t\t\t\t<\/div>\n\t\t\t\t<div class=\"elementor-element elementor-element-12147b2 elementor-widget elementor-widget-spacer\" data-id=\"12147b2\" data-element_type=\"widget\" data-e-type=\"widget\" data-widget_type=\"spacer.default\">\n\t\t\t\t<div class=\"elementor-widget-container\">\n\t\t\t\t\t\t\t<div class=\"elementor-spacer\">\n\t\t\t<div class=\"elementor-spacer-inner\"><\/div>\n\t\t<\/div>\n\t\t\t\t\t\t<\/div>\n\t\t\t\t<\/div>\n\t\t\t\t\t<\/div>\n\t\t<\/div>\n\t\t\t\t\t<\/div>\n\t\t<\/section>\n\t\t\t\t<section class=\"elementor-section elementor-top-section elementor-element elementor-element-de449d4 elementor-section-boxed elementor-section-height-default elementor-section-height-default\" data-id=\"de449d4\" data-element_type=\"section\" data-e-type=\"section\">\n\t\t\t\t\t\t<div class=\"elementor-container elementor-column-gap-default\">\n\t\t\t\t\t<div class=\"elementor-column elementor-col-100 elementor-top-column elementor-element elementor-element-a01838b\" data-id=\"a01838b\" data-element_type=\"column\" data-e-type=\"column\">\n\t\t\t<div class=\"elementor-widget-wrap elementor-element-populated\">\n\t\t\t\t\t\t<div class=\"elementor-element elementor-element-a1205aa elementor-widget elementor-widget-heading\" data-id=\"a1205aa\" data-element_type=\"widget\" data-e-type=\"widget\" data-widget_type=\"heading.default\">\n\t\t\t\t<div class=\"elementor-widget-container\">\n\t\t\t\t\t<h2 class=\"elementor-heading-title elementor-size-default\">Ciblez votre client\u00e8le et augmentez votre pr\u00e9sence sur le Web. <\/h2>\t\t\t\t<\/div>\n\t\t\t\t<\/div>\n\t\t\t\t\t<\/div>\n\t\t<\/div>\n\t\t\t\t\t<\/div>\n\t\t<\/section>\n\t\t\t\t<section class=\"elementor-section elementor-top-section elementor-element elementor-element-bbb01b8 elementor-section-boxed elementor-section-height-default elementor-section-height-default\" data-id=\"bbb01b8\" data-element_type=\"section\" data-e-type=\"section\">\n\t\t\t\t\t\t<div class=\"elementor-container elementor-column-gap-default\">\n\t\t\t\t\t<div class=\"elementor-column elementor-col-100 elementor-top-column elementor-element elementor-element-eb83c94\" data-id=\"eb83c94\" data-element_type=\"column\" data-e-type=\"column\">\n\t\t\t<div class=\"elementor-widget-wrap elementor-element-populated\">\n\t\t\t\t\t\t<div class=\"elementor-element elementor-element-9d57293 elementor-widget elementor-widget-text-editor\" data-id=\"9d57293\" data-element_type=\"widget\" data-e-type=\"widget\" data-widget_type=\"text-editor.default\">\n\t\t\t\t<div class=\"elementor-widget-container\">\n\t\t\t\t\t\t\t\t\t<p><b>Publiez r\u00e9guli\u00e8rement des photos pour faire la promotion de votre boutique, et am\u00e9liorer l&#8217;image de votre entreprise.&nbsp;<\/b><span style=\"color: var( --e-global-color-text ); font-family: var( --e-global-typography-text-font-family ), Sans-serif; font-weight: var( --e-global-typography-text-font-weight );\">L&#8217;objectif est d&#8217;amener les visiteurs qui tomberaient sur votre annonce \u00e0 visiter votre site internet, directement apr\u00e8s avoir effectu\u00e9 leur recherche sur Google.<\/span><\/p>\t\t\t\t\t\t\t\t<\/div>\n\t\t\t\t<\/div>\n\t\t\t\t<div class=\"elementor-element elementor-element-52cb780 elementor-widget elementor-widget-text-editor\" data-id=\"52cb780\" data-element_type=\"widget\" data-e-type=\"widget\" data-widget_type=\"text-editor.default\">\n\t\t\t\t<div class=\"elementor-widget-container\">\n\t\t\t\t\t\t\t\t\t<p>Vous pourrez <strong>r\u00e9agir<\/strong> avec les commentaires laiss\u00e9s par vos consommateurs, et<strong> interagir<\/strong> avec votre communaut\u00e9. Vous aurez \u00e9galement la possibilit\u00e9 de<b> fid\u00e9liser vos abonn\u00e9s<\/b> en leur partageant des offres promotionnelles directement depuis votre compte Google My Business.<\/p>\t\t\t\t\t\t\t\t<\/div>\n\t\t\t\t<\/div>\n\t\t\t\t\t<\/div>\n\t\t<\/div>\n\t\t\t\t\t<\/div>\n\t\t<\/section>\n\t\t\t\t<section class=\"elementor-section elementor-top-section elementor-element elementor-element-283b869 elementor-section-boxed elementor-section-height-default elementor-section-height-default\" data-id=\"283b869\" data-element_type=\"section\" data-e-type=\"section\">\n\t\t\t\t\t\t<div class=\"elementor-container elementor-column-gap-default\">\n\t\t\t\t\t<div class=\"elementor-column elementor-col-100 elementor-top-column elementor-element elementor-element-2902f54\" data-id=\"2902f54\" data-element_type=\"column\" data-e-type=\"column\">\n\t\t\t<div class=\"elementor-widget-wrap elementor-element-populated\">\n\t\t\t\t\t\t<div class=\"elementor-element elementor-element-000f596 elementor-widget elementor-widget-text-editor\" data-id=\"000f596\" data-element_type=\"widget\" data-e-type=\"widget\" data-widget_type=\"text-editor.default\">\n\t\t\t\t<div class=\"elementor-widget-container\">\n\t\t\t\t\t\t\t\t\t<p>Les clients auront la possibilit\u00e9 de vous joindre plus facilement avec la mise an avant de vos coordonn\u00e9es de contact sur Google.&nbsp;<span style=\"font-family: var( --e-global-typography-text-font-family ), Sans-serif; font-weight: var( --e-global-typography-text-font-weight );\">Vous pourrez \u00e9galement positionner votre \u00e9tablissement sur Google Maps afin d&#8217;en faciliter l&#8217;acc\u00e8s et d&#8217;informer au mieux votre client\u00e8le.<\/span><\/p>\t\t\t\t\t\t\t\t<\/div>\n\t\t\t\t<\/div>\n\t\t\t\t\t<\/div>\n\t\t<\/div>\n\t\t\t\t\t<\/div>\n\t\t<\/section>\n\t\t\t\t<section class=\"elementor-section elementor-top-section elementor-element elementor-element-9102f55 elementor-section-boxed elementor-section-height-default elementor-section-height-default\" data-id=\"9102f55\" data-element_type=\"section\" data-e-type=\"section\">\n\t\t\t\t\t\t<div class=\"elementor-container elementor-column-gap-default\">\n\t\t\t\t\t<div class=\"elementor-column elementor-col-100 elementor-top-column elementor-element elementor-element-6146517\" data-id=\"6146517\" data-element_type=\"column\" data-e-type=\"column\">\n\t\t\t<div class=\"elementor-widget-wrap elementor-element-populated\">\n\t\t\t\t\t\t<div class=\"elementor-element elementor-element-b9344f6 elementor-widget-divider--view-line elementor-widget elementor-widget-divider\" data-id=\"b9344f6\" data-element_type=\"widget\" data-e-type=\"widget\" data-widget_type=\"divider.default\">\n\t\t\t\t<div class=\"elementor-widget-container\">\n\t\t\t\t\t\t\t<div class=\"elementor-divider\">\n\t\t\t<span class=\"elementor-divider-separator\">\n\t\t\t\t\t\t<\/span>\n\t\t<\/div>\n\t\t\t\t\t\t<\/div>\n\t\t\t\t<\/div>\n\t\t\t\t<div class=\"elementor-element elementor-element-65a3ebd elementor-widget elementor-widget-heading\" data-id=\"65a3ebd\" data-element_type=\"widget\" data-e-type=\"widget\" data-widget_type=\"heading.default\">\n\t\t\t\t<div class=\"elementor-widget-container\">\n\t\t\t\t\t<h2 class=\"elementor-heading-title elementor-size-default\">G\u00e9rez et optimisez l'audience de votre site internet<\/h2>\t\t\t\t<\/div>\n\t\t\t\t<\/div>\n\t\t\t\t\t<\/div>\n\t\t<\/div>\n\t\t\t\t\t<\/div>\n\t\t<\/section>\n\t\t\t\t<section class=\"elementor-section elementor-top-section elementor-element elementor-element-1ad84c9 elementor-section-boxed elementor-section-height-default elementor-section-height-default\" data-id=\"1ad84c9\" data-element_type=\"section\" data-e-type=\"section\">\n\t\t\t\t\t\t<div class=\"elementor-container elementor-column-gap-default\">\n\t\t\t\t\t<div class=\"elementor-column elementor-col-100 elementor-top-column elementor-element elementor-element-f4a02d1\" data-id=\"f4a02d1\" data-element_type=\"column\" data-e-type=\"column\">\n\t\t\t<div class=\"elementor-widget-wrap elementor-element-populated\">\n\t\t\t\t\t\t<div class=\"elementor-element elementor-element-c0cebe5 elementor-widget elementor-widget-text-editor\" data-id=\"c0cebe5\" data-element_type=\"widget\" data-e-type=\"widget\" data-widget_type=\"text-editor.default\">\n\t\t\t\t<div class=\"elementor-widget-container\">\n\t\t\t\t\t\t\t\t\t<p>Google My Business vous aidera \u00e0 <b>construire et g\u00e9rer votre audience<\/b> sur Internet. Vous pourrez ainsi suivre les habitudes des visiteurs de votre site facilement pour mieux les identifier.&nbsp;<span style=\"font-family: var( --e-global-typography-text-font-family ), Sans-serif; font-weight: var( --e-global-typography-text-font-weight ); text-align: center; color: var( --e-global-color-text );\">L&#8217;objectif est de d\u00e9finir le profil type de vos clients et potentiels clients, pour les aborder avec plus de pr\u00e9cision !&nbsp;<\/span><span style=\"font-family: var( --e-global-typography-text-font-family ), Sans-serif; text-align: center; font-weight: bold;\">Vous saurez donc exactement \u00e0 qui vous vous adressez.<\/span><span style=\"color: var( --e-global-color-text ); font-family: var( --e-global-typography-text-font-family ), Sans-serif; font-weight: var( --e-global-typography-text-font-weight );\"><br><\/span><\/p>\t\t\t\t\t\t\t\t<\/div>\n\t\t\t\t<\/div>\n\t\t\t\t\t<\/div>\n\t\t<\/div>\n\t\t\t\t\t<\/div>\n\t\t<\/section>\n\t\t\t\t<section class=\"elementor-section elementor-top-section elementor-element elementor-element-2b8f849 elementor-section-boxed elementor-section-height-default elementor-section-height-default\" data-id=\"2b8f849\" data-element_type=\"section\" data-e-type=\"section\">\n\t\t\t\t\t\t<div class=\"elementor-container elementor-column-gap-default\">\n\t\t\t\t\t<div class=\"elementor-column elementor-col-100 elementor-top-column elementor-element elementor-element-a83a403\" data-id=\"a83a403\" data-element_type=\"column\" data-e-type=\"column\">\n\t\t\t<div class=\"elementor-widget-wrap elementor-element-populated\">\n\t\t\t\t\t\t<div class=\"elementor-element elementor-element-de4ec6d elementor-align-center elementor-widget elementor-widget-button\" data-id=\"de4ec6d\" data-element_type=\"widget\" data-e-type=\"widget\" data-widget_type=\"button.default\">\n\t\t\t\t<div class=\"elementor-widget-container\">\n\t\t\t\t\t\t\t\t\t<div class=\"elementor-button-wrapper\">\n\t\t\t\t\t<a class=\"elementor-button elementor-button-link elementor-size-sm\" href=\"https:\/\/www.google.com\/intl\/fr_fr\/business\/\" target=\"_blank\">\n\t\t\t\t\t\t<span class=\"elementor-button-content-wrapper\">\n\t\t\t\t\t\t\t\t\t<span class=\"elementor-button-text\">Cr\u00e9ez un compte gratuitement ici <\/span>\n\t\t\t\t\t<\/span>\n\t\t\t\t\t<\/a>\n\t\t\t\t<\/div>\n\t\t\t\t\t\t\t\t<\/div>\n\t\t\t\t<\/div>\n\t\t\t\t<div class=\"elementor-element elementor-element-072c5ed elementor-widget elementor-widget-spacer\" data-id=\"072c5ed\" data-element_type=\"widget\" data-e-type=\"widget\" data-widget_type=\"spacer.default\">\n\t\t\t\t<div class=\"elementor-widget-container\">\n\t\t\t\t\t\t\t<div class=\"elementor-spacer\">\n\t\t\t<div class=\"elementor-spacer-inner\"><\/div>\n\t\t<\/div>\n\t\t\t\t\t\t<\/div>\n\t\t\t\t<\/div>\n\t\t\t\t<div class=\"elementor-element elementor-element-278e8b2 elementor-widget elementor-widget-text-editor\" data-id=\"278e8b2\" data-element_type=\"widget\" data-e-type=\"widget\" data-widget_type=\"text-editor.default\">\n\t\t\t\t<div class=\"elementor-widget-container\">\n\t\t\t\t\t\t\t\t\t<p>Voir aussi\u00a0<\/p><ul><li><a href=\"https:\/\/www.cmonsite.fr\/creer-un-site\/referencement\/achat-mots-cles-adwords\/\">Fa\u00eetes de la publicit\u00e9 et achetez des mots cl\u00e9s avec Google Ads<\/a><\/li><li><a href=\"https:\/\/www.cmonsite.fr\/creer-un-site\/contenu-design-modules\/modules\/publicite-gagner-argent\/\">Diffuser de la publicit\u00e9 avec Google AdSense<\/a><\/li><\/ul>\t\t\t\t\t\t\t\t<\/div>\n\t\t\t\t<\/div>\n\t\t\t\t\t<\/div>\n\t\t<\/div>\n\t\t\t\t\t<\/div>\n\t\t<\/section>\n\t\t\t\t<\/div>\n\t\t","protected":false},"excerpt":{"rendered":"<p>Google My Business, qu&#8217;est-ce que c&#8217;est ? Google My Business est un outil gratuit indispensable pour mettre en avant votre site internet sur les services de recherche Google et Google Maps. Ciblez votre client\u00e8le et augmentez votre pr\u00e9sence sur le Web. Publiez r\u00e9guli\u00e8rement des photos pour faire la promotion de votre boutique, et am\u00e9liorer l&#8217;image [&hellip;]<\/p>\n","protected":false},"author":1,"featured_media":0,"parent":3020,"menu_order":5,"comment_status":"closed","ping_status":"closed","template":"","meta":{"_helpful_status":1,"footnotes":""},"class_list":["post-17930","page","type-page","status-publish","hentry"],"_links":{"self":[{"href":"https:\/\/www.cmonsite.fr\/site\/wp-json\/wp\/v2\/pages\/17930","targetHints":{"allow":["GET"]}}],"collection":[{"href":"https:\/\/www.cmonsite.fr\/site\/wp-json\/wp\/v2\/pages"}],"about":[{"href":"https:\/\/www.cmonsite.fr\/site\/wp-json\/wp\/v2\/types\/page"}],"author":[{"embeddable":true,"href":"https:\/\/www.cmonsite.fr\/site\/wp-json\/wp\/v2\/users\/1"}],"replies":[{"embeddable":true,"href":"https:\/\/www.cmonsite.fr\/site\/wp-json\/wp\/v2\/comments?post=17930"}],"version-history":[{"count":10,"href":"https:\/\/www.cmonsite.fr\/site\/wp-json\/wp\/v2\/pages\/17930\/revisions"}],"predecessor-version":[{"id":27331,"href":"https:\/\/www.cmonsite.fr\/site\/wp-json\/wp\/v2\/pages\/17930\/revisions\/27331"}],"up":[{"embeddable":true,"href":"https:\/\/www.cmonsite.fr\/site\/wp-json\/wp\/v2\/pages\/3020"}],"wp:attachment":[{"href":"https:\/\/www.cmonsite.fr\/site\/wp-json\/wp\/v2\/media?parent=17930"}],"curies":[{"name":"wp","href":"https:\/\/api.w.org\/{rel}","templated":true}]}}