{"id":17408,"date":"2021-07-27T17:08:29","date_gmt":"2021-07-27T15:08:58","guid":{"rendered":"https:\/\/www.cmonsite.fr\/site\/aide\/?page_id=17408"},"modified":"2023-07-20T11:14:44","modified_gmt":"2023-07-20T09:14:44","slug":"comment-synchroniser-ses-calendriers-de-reservations-avec-airbnb","status":"publish","type":"page","link":"https:\/\/www.cmonsite.fr\/site\/aide\/reservation\/comment-synchroniser-ses-calendriers-de-reservations-avec-airbnb","title":{"rendered":"Comment synchroniser mes calendriers de r\u00e9servations avec Airbnb ?"},"content":{"rendered":"\t\t<div data-elementor-type=\"wp-page\" data-elementor-id=\"17408\" class=\"elementor elementor-17408\" data-elementor-post-type=\"page\">\n\t\t\t\t\t\t<section class=\"elementor-section elementor-top-section elementor-element elementor-element-9c31d61 elementor-section-boxed elementor-section-height-default elementor-section-height-default\" data-id=\"9c31d61\" data-element_type=\"section\" data-e-type=\"section\">\n\t\t\t\t\t\t<div class=\"elementor-container elementor-column-gap-default\">\n\t\t\t\t\t<div class=\"elementor-column elementor-col-100 elementor-top-column elementor-element elementor-element-1561409\" data-id=\"1561409\" data-element_type=\"column\" data-e-type=\"column\">\n\t\t\t<div class=\"elementor-widget-wrap elementor-element-populated\">\n\t\t\t\t\t\t<div class=\"elementor-element elementor-element-3dd5a32 elementor-widget elementor-widget-text-editor\" data-id=\"3dd5a32\" data-element_type=\"widget\" data-e-type=\"widget\" data-widget_type=\"text-editor.default\">\n\t\t\t\t<div class=\"elementor-widget-container\">\n\t\t\t\t\t\t\t\t\t<p><span style=\"text-align: justify;\">Nous vous proposons la possibilit\u00e9 de synchroniser votre calendrier CmonSite avec\u00a0<\/span>Airbnb.fr.<span style=\"text-align: justify;\">\u00a0Ce qui vous permettra de fermer sur AirBnb les dates des r\u00e9servations r\u00e9alis\u00e9es sur votre site et inversement.\u00a0<\/span><\/p><p><span style=\"text-align: justify;\">Il est assez facile d&#8217;exporter les r\u00e9servations faites sur votre site CmonSite mais aussi d&#8217;importer les r\u00e9servations faites sur vos autres plateformes de r\u00e9servation pour automatiser le processus de synchronisation.<\/span><\/p>\t\t\t\t\t\t\t\t<\/div>\n\t\t\t\t<\/div>\n\t\t\t\t<div class=\"elementor-element elementor-element-08c3ade elementor-widget elementor-widget-text-editor\" data-id=\"08c3ade\" data-element_type=\"widget\" data-e-type=\"widget\" data-widget_type=\"text-editor.default\">\n\t\t\t\t<div class=\"elementor-widget-container\">\n\t\t\t\t\t\t\t\t\t<p>Premi\u00e8rement, pour configurer vos calendriers de r\u00e9servation, rendez-vous dans la rubrique &#8220;<span style=\"font-weight: bold;\">Boutique<\/span>&#8221; , puis &#8220;<span style=\"font-weight: bold;\">R\u00e9servations&#8221;\u00a0<\/span>.\u00a0\u00a0<\/p>\t\t\t\t\t\t\t\t<\/div>\n\t\t\t\t<\/div>\n\t\t\t\t<div class=\"elementor-element elementor-element-777105f elementor-widget elementor-widget-image\" data-id=\"777105f\" data-element_type=\"widget\" data-e-type=\"widget\" data-widget_type=\"image.default\">\n\t\t\t\t<div class=\"elementor-widget-container\">\n\t\t\t\t\t\t\t\t\t\t\t\t\t\t\t<img fetchpriority=\"high\" decoding=\"async\" width=\"1233\" height=\"478\" src=\"https:\/\/www.cmonsite.fr\/site\/webup\/2021\/07\/reservation.png\" class=\"attachment-full size-full wp-image-17376\" alt=\"\" srcset=\"https:\/\/www.cmonsite.fr\/site\/webup\/2021\/07\/reservation.png 1233w, https:\/\/www.cmonsite.fr\/site\/webup\/2021\/07\/reservation-300x116.png 300w, https:\/\/www.cmonsite.fr\/site\/webup\/2021\/07\/reservation-1024x397.png 1024w, https:\/\/www.cmonsite.fr\/site\/webup\/2021\/07\/reservation-768x298.png 768w\" sizes=\"(max-width: 1233px) 100vw, 1233px\" \/>\t\t\t\t\t\t\t\t\t\t\t\t\t\t\t<\/div>\n\t\t\t\t<\/div>\n\t\t\t\t<div class=\"elementor-element elementor-element-d774c51 elementor-widget elementor-widget-spacer\" data-id=\"d774c51\" data-element_type=\"widget\" data-e-type=\"widget\" data-widget_type=\"spacer.default\">\n\t\t\t\t<div class=\"elementor-widget-container\">\n\t\t\t\t\t\t\t<div class=\"elementor-spacer\">\n\t\t\t<div class=\"elementor-spacer-inner\"><\/div>\n\t\t<\/div>\n\t\t\t\t\t\t<\/div>\n\t\t\t\t<\/div>\n\t\t\t\t<div class=\"elementor-element elementor-element-2f2d50e elementor-widget elementor-widget-text-editor\" data-id=\"2f2d50e\" data-element_type=\"widget\" data-e-type=\"widget\" data-widget_type=\"text-editor.default\">\n\t\t\t\t<div class=\"elementor-widget-container\">\n\t\t\t\t\t\t\t\t\t<p><span style=\"text-align: justify;\">Il suffit de cliquer sur l&#8217;onglet &#8220;<\/span><span style=\"font-weight: bold; text-align: justify;\">Calendriers<\/span><span style=\"text-align: justify;\">&#8221; puis choisir le bouton &#8220;<\/span><span style=\"font-weight: bold; text-align: justify;\">Synchronisation<\/span><span style=\"text-align: justify;\">&#8221; du calendrier souhait\u00e9 pour afficher les d\u00e9tails d&#8217;<\/span><span style=\"color: var( --e-global-color-text ); font-family: var( --e-global-typography-text-font-family ), Sans-serif; font-weight: var( --e-global-typography-text-font-weight ); text-align: justify;\">import et d&#8217;export des donn\u00e9es de vos calendriers.<\/span><\/p>\t\t\t\t\t\t\t\t<\/div>\n\t\t\t\t<\/div>\n\t\t\t\t<div class=\"elementor-element elementor-element-a7b7f13 elementor-widget elementor-widget-image\" data-id=\"a7b7f13\" data-element_type=\"widget\" data-e-type=\"widget\" data-widget_type=\"image.default\">\n\t\t\t\t<div class=\"elementor-widget-container\">\n\t\t\t\t\t\t\t\t\t\t\t\t\t\t\t<img decoding=\"async\" width=\"1267\" height=\"296\" src=\"https:\/\/www.cmonsite.fr\/site\/webup\/2021\/07\/reservation1.png\" class=\"attachment-full size-full wp-image-17386\" alt=\"\" srcset=\"https:\/\/www.cmonsite.fr\/site\/webup\/2021\/07\/reservation1.png 1267w, https:\/\/www.cmonsite.fr\/site\/webup\/2021\/07\/reservation1-300x70.png 300w, https:\/\/www.cmonsite.fr\/site\/webup\/2021\/07\/reservation1-1024x239.png 1024w, https:\/\/www.cmonsite.fr\/site\/webup\/2021\/07\/reservation1-768x179.png 768w\" sizes=\"(max-width: 1267px) 100vw, 1267px\" \/>\t\t\t\t\t\t\t\t\t\t\t\t\t\t\t<\/div>\n\t\t\t\t<\/div>\n\t\t\t\t<div class=\"elementor-element elementor-element-a2abb55 elementor-widget elementor-widget-spacer\" data-id=\"a2abb55\" data-element_type=\"widget\" data-e-type=\"widget\" data-widget_type=\"spacer.default\">\n\t\t\t\t<div class=\"elementor-widget-container\">\n\t\t\t\t\t\t\t<div class=\"elementor-spacer\">\n\t\t\t<div class=\"elementor-spacer-inner\"><\/div>\n\t\t<\/div>\n\t\t\t\t\t\t<\/div>\n\t\t\t\t<\/div>\n\t\t\t\t<div class=\"elementor-element elementor-element-5f4e27b elementor-widget elementor-widget-heading\" data-id=\"5f4e27b\" data-element_type=\"widget\" data-e-type=\"widget\" data-widget_type=\"heading.default\">\n\t\t\t\t<div class=\"elementor-widget-container\">\n\t\t\t\t\t<h2 class=\"elementor-heading-title elementor-size-default\">1. Exporter les r\u00e9servations CmonSite vers Airbnb<\/h2>\t\t\t\t<\/div>\n\t\t\t\t<\/div>\n\t\t\t\t<div class=\"elementor-element elementor-element-7285345 elementor-widget elementor-widget-text-editor\" data-id=\"7285345\" data-element_type=\"widget\" data-e-type=\"widget\" data-widget_type=\"text-editor.default\">\n\t\t\t\t<div class=\"elementor-widget-container\">\n\t\t\t\t\t\t\t\t\t<p>Vous avez la possibilit\u00e9 de copier le lien de &#8220;<span style=\"font-weight: bold;\">Url d&#8217;export de votre calendrier<\/span>&#8221; en choisissant l&#8217;ic\u00f4ne de copie.<\/p>\t\t\t\t\t\t\t\t<\/div>\n\t\t\t\t<\/div>\n\t\t\t\t<div class=\"elementor-element elementor-element-e12f998 elementor-widget elementor-widget-image\" data-id=\"e12f998\" data-element_type=\"widget\" data-e-type=\"widget\" data-widget_type=\"image.default\">\n\t\t\t\t<div class=\"elementor-widget-container\">\n\t\t\t\t\t\t\t\t\t\t\t\t\t\t\t<img decoding=\"async\" width=\"1011\" height=\"361\" src=\"https:\/\/www.cmonsite.fr\/site\/webup\/2021\/07\/reservation2.png\" class=\"attachment-full size-full wp-image-17387\" alt=\"\" srcset=\"https:\/\/www.cmonsite.fr\/site\/webup\/2021\/07\/reservation2.png 1011w, https:\/\/www.cmonsite.fr\/site\/webup\/2021\/07\/reservation2-300x107.png 300w, https:\/\/www.cmonsite.fr\/site\/webup\/2021\/07\/reservation2-768x274.png 768w\" sizes=\"(max-width: 1011px) 100vw, 1011px\" \/>\t\t\t\t\t\t\t\t\t\t\t\t\t\t\t<\/div>\n\t\t\t\t<\/div>\n\t\t\t\t<div class=\"elementor-element elementor-element-87ea0bd elementor-widget elementor-widget-text-editor\" data-id=\"87ea0bd\" data-element_type=\"widget\" data-e-type=\"widget\" data-widget_type=\"text-editor.default\">\n\t\t\t\t<div class=\"elementor-widget-container\">\n\t\t\t\t\t\t\t\t\t<p><span style=\"color: var( --e-global-color-text ); font-family: var( --e-global-typography-text-font-family ), Sans-serif; font-weight: var( --e-global-typography-text-font-weight );\">Une fois que vous avez copi\u00e9 le lien pour exporter votre calendrier,<\/span><span style=\"text-align: center;\">\u00a0<\/span><span style=\"color: var( --e-global-color-text ); font-family: var( --e-global-typography-text-font-family ), Sans-serif; font-weight: var( --e-global-typography-text-font-weight ); text-align: center;\">vous devez vous rendre sur\u00a0<\/span>votre compte Airbnb<span style=\"color: var( --e-global-color-text ); font-family: var( --e-global-typography-text-font-family ), Sans-serif; font-weight: var( --e-global-typography-text-font-weight ); text-align: center;\">.<\/span><span style=\"color: var( --e-global-color-text ); font-family: var( --e-global-typography-text-font-family ), Sans-serif; font-weight: var( --e-global-typography-text-font-weight ); text-align: center;\"><br \/><\/span><span style=\"color: var( --e-global-color-text ); font-family: var( --e-global-typography-text-font-family ), Sans-serif; font-weight: var( --e-global-typography-text-font-weight ); text-align: center;\">et suivre la proc\u00e9dure d&#8217;importation via le lien suivant :<\/span><\/p>\t\t\t\t\t\t\t\t<\/div>\n\t\t\t\t<\/div>\n\t\t\t\t<div class=\"elementor-element elementor-element-60df723 elementor-widget elementor-widget-text-editor\" data-id=\"60df723\" data-element_type=\"widget\" data-e-type=\"widget\" data-widget_type=\"text-editor.default\">\n\t\t\t\t<div class=\"elementor-widget-container\">\n\t\t\t\t\t\t\t\t\t<p><a href=\"https:\/\/www.airbnb.fr\/help\/article\/99\/comment-synchroniser-mon-calendrier-airbnb-avec-un-autre-calendrier-#section-heading-2-0\" target=\"_blank\" rel=\"noopener\">Importer votre calendrier CmonSite sur Airbnb.fr<\/a><\/p>\t\t\t\t\t\t\t\t<\/div>\n\t\t\t\t<\/div>\n\t\t\t\t<div class=\"elementor-element elementor-element-0efa7db elementor-widget elementor-widget-spacer\" data-id=\"0efa7db\" data-element_type=\"widget\" data-e-type=\"widget\" data-widget_type=\"spacer.default\">\n\t\t\t\t<div class=\"elementor-widget-container\">\n\t\t\t\t\t\t\t<div class=\"elementor-spacer\">\n\t\t\t<div class=\"elementor-spacer-inner\"><\/div>\n\t\t<\/div>\n\t\t\t\t\t\t<\/div>\n\t\t\t\t<\/div>\n\t\t\t\t<div class=\"elementor-element elementor-element-70d5a91 elementor-widget elementor-widget-heading\" data-id=\"70d5a91\" data-element_type=\"widget\" data-e-type=\"widget\" data-widget_type=\"heading.default\">\n\t\t\t\t<div class=\"elementor-widget-container\">\n\t\t\t\t\t<h2 class=\"elementor-heading-title elementor-size-default\">2. Importer les r\u00e9servations de Airbnb vers CmonSite<\/h2>\t\t\t\t<\/div>\n\t\t\t\t<\/div>\n\t\t\t\t<div class=\"elementor-element elementor-element-3570047 elementor-widget elementor-widget-text-editor\" data-id=\"3570047\" data-element_type=\"widget\" data-e-type=\"widget\" data-widget_type=\"text-editor.default\">\n\t\t\t\t<div class=\"elementor-widget-container\">\n\t\t\t\t\t\t\t\t\t<p><span style=\"text-align: center;\">Pour r\u00e9cup\u00e9rer le lien d&#8217;import de votre calendrier Airbnb,\u00a0<\/span><span style=\"color: var( --e-global-color-text ); font-family: var( --e-global-typography-text-font-family ), Sans-serif; font-weight: var( --e-global-typography-text-font-weight ); text-align: center;\">vous devez vous rendre sur\u00a0<\/span>votre compte Airbnb<span style=\"color: var( --e-global-color-text ); font-family: var( --e-global-typography-text-font-family ), Sans-serif; font-weight: var( --e-global-typography-text-font-weight ); text-align: center;\">.<\/span><span style=\"color: var( --e-global-color-text ); font-family: var( --e-global-typography-text-font-family ), Sans-serif; font-weight: var( --e-global-typography-text-font-weight ); text-align: center;\"><br \/><\/span><span style=\"color: var( --e-global-color-text ); font-family: var( --e-global-typography-text-font-family ), Sans-serif; font-weight: var( --e-global-typography-text-font-weight ); text-align: center;\">et suivre la proc\u00e9dure d&#8217;exportation via le lien suivant :<\/span><\/p>\t\t\t\t\t\t\t\t<\/div>\n\t\t\t\t<\/div>\n\t\t\t\t<div class=\"elementor-element elementor-element-5235015 elementor-widget elementor-widget-text-editor\" data-id=\"5235015\" data-element_type=\"widget\" data-e-type=\"widget\" data-widget_type=\"text-editor.default\">\n\t\t\t\t<div class=\"elementor-widget-container\">\n\t\t\t\t\t\t\t\t\t<p><a href=\"https:\/\/www.airbnb.fr\/help\/article\/99\/comment-synchroniser-mon-calendrier-airbnb-avec-un-autre-calendrier-#section-heading-5-0\" target=\"_blank\" rel=\"noopener\">Exporter votre calendrier Airbnb vers CmonSite<\/a><\/p>\t\t\t\t\t\t\t\t<\/div>\n\t\t\t\t<\/div>\n\t\t\t\t<div class=\"elementor-element elementor-element-6bdf490 elementor-widget elementor-widget-spacer\" data-id=\"6bdf490\" data-element_type=\"widget\" data-e-type=\"widget\" data-widget_type=\"spacer.default\">\n\t\t\t\t<div class=\"elementor-widget-container\">\n\t\t\t\t\t\t\t<div class=\"elementor-spacer\">\n\t\t\t<div class=\"elementor-spacer-inner\"><\/div>\n\t\t<\/div>\n\t\t\t\t\t\t<\/div>\n\t\t\t\t<\/div>\n\t\t\t\t<div class=\"elementor-element elementor-element-080ee13 elementor-widget elementor-widget-text-editor\" data-id=\"080ee13\" data-element_type=\"widget\" data-e-type=\"widget\" data-widget_type=\"text-editor.default\">\n\t\t\t\t<div class=\"elementor-widget-container\">\n\t\t\t\t\t\t\t\t\t<p><span style=\"text-align: justify;\">Il suffit de cliquer sur l&#8217;onglet &#8220;<\/span><span style=\"font-weight: bold; text-align: justify;\">Calendriers<\/span><span style=\"text-align: justify;\">&#8221; puis choisir le bouton &#8220;<\/span><span style=\"font-weight: bold; text-align: justify;\">Synchronisation<\/span><span style=\"text-align: justify;\">&#8221; du calendrier souhait\u00e9 pour afficher les d\u00e9tails d&#8217;<\/span><span style=\"color: var( --e-global-color-text ); font-family: var( --e-global-typography-text-font-family ), Sans-serif; font-weight: var( --e-global-typography-text-font-weight ); text-align: justify;\">import et d&#8217;export des donn\u00e9es de vos calendriers.<\/span><\/p>\t\t\t\t\t\t\t\t<\/div>\n\t\t\t\t<\/div>\n\t\t\t\t<div class=\"elementor-element elementor-element-e325b86 elementor-widget elementor-widget-image\" data-id=\"e325b86\" data-element_type=\"widget\" data-e-type=\"widget\" data-widget_type=\"image.default\">\n\t\t\t\t<div class=\"elementor-widget-container\">\n\t\t\t\t\t\t\t\t\t\t\t\t\t\t\t<img decoding=\"async\" width=\"1267\" height=\"296\" src=\"https:\/\/www.cmonsite.fr\/site\/webup\/2021\/07\/reservation1.png\" class=\"attachment-full size-full wp-image-17386\" alt=\"\" srcset=\"https:\/\/www.cmonsite.fr\/site\/webup\/2021\/07\/reservation1.png 1267w, https:\/\/www.cmonsite.fr\/site\/webup\/2021\/07\/reservation1-300x70.png 300w, https:\/\/www.cmonsite.fr\/site\/webup\/2021\/07\/reservation1-1024x239.png 1024w, https:\/\/www.cmonsite.fr\/site\/webup\/2021\/07\/reservation1-768x179.png 768w\" sizes=\"(max-width: 1267px) 100vw, 1267px\" \/>\t\t\t\t\t\t\t\t\t\t\t\t\t\t\t<\/div>\n\t\t\t\t<\/div>\n\t\t\t\t<div class=\"elementor-element elementor-element-1ca392d elementor-widget elementor-widget-spacer\" data-id=\"1ca392d\" data-element_type=\"widget\" data-e-type=\"widget\" data-widget_type=\"spacer.default\">\n\t\t\t\t<div class=\"elementor-widget-container\">\n\t\t\t\t\t\t\t<div class=\"elementor-spacer\">\n\t\t\t<div class=\"elementor-spacer-inner\"><\/div>\n\t\t<\/div>\n\t\t\t\t\t\t<\/div>\n\t\t\t\t<\/div>\n\t\t\t\t<div class=\"elementor-element elementor-element-feb24d1 elementor-widget elementor-widget-text-editor\" data-id=\"feb24d1\" data-element_type=\"widget\" data-e-type=\"widget\" data-widget_type=\"text-editor.default\">\n\t\t\t\t<div class=\"elementor-widget-container\">\n\t\t\t\t\t\t\t\t\t<p>S\u00e9lectionnez le bouton vert &#8220;<span style=\"font-weight: bold;\">Ajouter une url de synchronisation<\/span>&#8220;. Il suffit de copier et coller le lien dans la zone de texte &#8220;<b>Url<\/b>&#8221; d\u00e9di\u00e9 \u00e0 cet effet comme illustr\u00e9 ci-dessous :<\/p>\t\t\t\t\t\t\t\t<\/div>\n\t\t\t\t<\/div>\n\t\t\t\t<div class=\"elementor-element elementor-element-603c043 elementor-widget elementor-widget-image\" data-id=\"603c043\" data-element_type=\"widget\" data-e-type=\"widget\" data-widget_type=\"image.default\">\n\t\t\t\t<div class=\"elementor-widget-container\">\n\t\t\t\t\t\t\t\t\t\t\t\t\t\t\t<img loading=\"lazy\" decoding=\"async\" width=\"1007\" height=\"479\" src=\"https:\/\/www.cmonsite.fr\/site\/webup\/2021\/07\/reservation4.png\" class=\"attachment-full size-full wp-image-17398\" alt=\"\" srcset=\"https:\/\/www.cmonsite.fr\/site\/webup\/2021\/07\/reservation4.png 1007w, https:\/\/www.cmonsite.fr\/site\/webup\/2021\/07\/reservation4-300x143.png 300w, https:\/\/www.cmonsite.fr\/site\/webup\/2021\/07\/reservation4-768x365.png 768w\" sizes=\"(max-width: 1007px) 100vw, 1007px\" \/>\t\t\t\t\t\t\t\t\t\t\t\t\t\t\t<\/div>\n\t\t\t\t<\/div>\n\t\t\t\t<div class=\"elementor-element elementor-element-f4773aa elementor-widget elementor-widget-spacer\" data-id=\"f4773aa\" data-element_type=\"widget\" data-e-type=\"widget\" data-widget_type=\"spacer.default\">\n\t\t\t\t<div class=\"elementor-widget-container\">\n\t\t\t\t\t\t\t<div class=\"elementor-spacer\">\n\t\t\t<div class=\"elementor-spacer-inner\"><\/div>\n\t\t<\/div>\n\t\t\t\t\t\t<\/div>\n\t\t\t\t<\/div>\n\t\t\t\t<div class=\"elementor-element elementor-element-481dcec elementor-widget elementor-widget-text-editor\" data-id=\"481dcec\" data-element_type=\"widget\" data-e-type=\"widget\" data-widget_type=\"text-editor.default\">\n\t\t\t\t<div class=\"elementor-widget-container\">\n\t\t\t\t\t\t\t\t\t<p>Cliquez ensuite sur le bouton &#8220;<b>Forcer l&#8217;importation<\/b>&#8221; pour aller chercher les donn\u00e9es sur AirBnB et mettre \u00e0 jour votre calendrier CmonSite.\u00a0<span style=\"color: var( --e-global-color-text ); font-family: var( --e-global-typography-text-font-family ), Sans-serif; font-weight: var( --e-global-typography-text-font-weight );\">La synchronisation sera active et fera la mise \u00e0 jour se fera automatiquement ensuite toutes les heures.<\/span><\/p>\t\t\t\t\t\t\t\t<\/div>\n\t\t\t\t<\/div>\n\t\t\t\t<div class=\"elementor-element elementor-element-b834e5d elementor-widget elementor-widget-spacer\" data-id=\"b834e5d\" data-element_type=\"widget\" data-e-type=\"widget\" data-widget_type=\"spacer.default\">\n\t\t\t\t<div class=\"elementor-widget-container\">\n\t\t\t\t\t\t\t<div class=\"elementor-spacer\">\n\t\t\t<div class=\"elementor-spacer-inner\"><\/div>\n\t\t<\/div>\n\t\t\t\t\t\t<\/div>\n\t\t\t\t<\/div>\n\t\t\t\t<div class=\"elementor-element elementor-element-6a0b0a5 elementor-widget-divider--view-line elementor-widget elementor-widget-divider\" data-id=\"6a0b0a5\" data-element_type=\"widget\" data-e-type=\"widget\" data-widget_type=\"divider.default\">\n\t\t\t\t<div class=\"elementor-widget-container\">\n\t\t\t\t\t\t\t<div class=\"elementor-divider\">\n\t\t\t<span class=\"elementor-divider-separator\">\n\t\t\t\t\t\t<\/span>\n\t\t<\/div>\n\t\t\t\t\t\t<\/div>\n\t\t\t\t<\/div>\n\t\t\t\t<div class=\"elementor-element elementor-element-b76bf32 elementor-widget elementor-widget-text-editor\" data-id=\"b76bf32\" data-element_type=\"widget\" data-e-type=\"widget\" data-widget_type=\"text-editor.default\">\n\t\t\t\t<div class=\"elementor-widget-container\">\n\t\t\t\t\t\t\t\t\t<p><span style=\"font-weight: bold; text-align: center;\">F\u00e9licitations, vous avez synchronis\u00e9 votre calendrier Airbnb avec CmonSite !<\/span><\/p>\t\t\t\t\t\t\t\t<\/div>\n\t\t\t\t<\/div>\n\t\t\t\t<div class=\"elementor-element elementor-element-addc666 elementor-widget-divider--view-line elementor-widget elementor-widget-divider\" data-id=\"addc666\" data-element_type=\"widget\" data-e-type=\"widget\" data-widget_type=\"divider.default\">\n\t\t\t\t<div class=\"elementor-widget-container\">\n\t\t\t\t\t\t\t<div class=\"elementor-divider\">\n\t\t\t<span class=\"elementor-divider-separator\">\n\t\t\t\t\t\t<\/span>\n\t\t<\/div>\n\t\t\t\t\t\t<\/div>\n\t\t\t\t<\/div>\n\t\t\t\t\t<\/div>\n\t\t<\/div>\n\t\t\t\t\t<\/div>\n\t\t<\/section>\n\t\t\t\t<\/div>\n\t\t","protected":false},"excerpt":{"rendered":"<p>Nous vous proposons la possibilit\u00e9 de synchroniser votre calendrier CmonSite avec\u00a0Airbnb.fr.\u00a0Ce qui vous permettra de fermer sur AirBnb les dates des r\u00e9servations r\u00e9alis\u00e9es sur votre site et inversement.\u00a0 Il est assez facile d&#8217;exporter les r\u00e9servations faites sur votre site CmonSite mais aussi d&#8217;importer les r\u00e9servations faites sur vos autres plateformes de r\u00e9servation pour automatiser le [&hellip;]<\/p>\n","protected":false},"author":1,"featured_media":18569,"parent":24723,"menu_order":2,"comment_status":"closed","ping_status":"closed","template":"","meta":{"_helpful_status":1,"footnotes":""},"class_list":["post-17408","page","type-page","status-publish","has-post-thumbnail","hentry"],"_links":{"self":[{"href":"https:\/\/www.cmonsite.fr\/site\/wp-json\/wp\/v2\/pages\/17408","targetHints":{"allow":["GET"]}}],"collection":[{"href":"https:\/\/www.cmonsite.fr\/site\/wp-json\/wp\/v2\/pages"}],"about":[{"href":"https:\/\/www.cmonsite.fr\/site\/wp-json\/wp\/v2\/types\/page"}],"author":[{"embeddable":true,"href":"https:\/\/www.cmonsite.fr\/site\/wp-json\/wp\/v2\/users\/1"}],"replies":[{"embeddable":true,"href":"https:\/\/www.cmonsite.fr\/site\/wp-json\/wp\/v2\/comments?post=17408"}],"version-history":[{"count":5,"href":"https:\/\/www.cmonsite.fr\/site\/wp-json\/wp\/v2\/pages\/17408\/revisions"}],"predecessor-version":[{"id":25077,"href":"https:\/\/www.cmonsite.fr\/site\/wp-json\/wp\/v2\/pages\/17408\/revisions\/25077"}],"up":[{"embeddable":true,"href":"https:\/\/www.cmonsite.fr\/site\/wp-json\/wp\/v2\/pages\/24723"}],"wp:featuredmedia":[{"embeddable":true,"href":"https:\/\/www.cmonsite.fr\/site\/wp-json\/wp\/v2\/media\/18569"}],"wp:attachment":[{"href":"https:\/\/www.cmonsite.fr\/site\/wp-json\/wp\/v2\/media?parent=17408"}],"curies":[{"name":"wp","href":"https:\/\/api.w.org\/{rel}","templated":true}]}}