{"id":17355,"date":"2021-07-27T17:32:29","date_gmt":"2021-07-27T15:32:48","guid":{"rendered":"https:\/\/www.cmonsite.fr\/site\/aide\/?page_id=17355"},"modified":"2023-07-20T11:14:38","modified_gmt":"2023-07-20T09:14:38","slug":"comment-synchroniser-ses-calendriers-de-reservations-avec-booking","status":"publish","type":"page","link":"https:\/\/www.cmonsite.fr\/site\/aide\/reservation\/comment-synchroniser-ses-calendriers-de-reservations-avec-booking","title":{"rendered":"Comment synchroniser mes calendriers de r\u00e9servations avec Booking ?"},"content":{"rendered":"\t\t<div data-elementor-type=\"wp-page\" data-elementor-id=\"17355\" class=\"elementor elementor-17355\" data-elementor-post-type=\"page\">\n\t\t\t\t\t\t<section class=\"elementor-section elementor-top-section elementor-element elementor-element-133cebd elementor-section-boxed elementor-section-height-default elementor-section-height-default\" data-id=\"133cebd\" data-element_type=\"section\" data-e-type=\"section\">\n\t\t\t\t\t\t<div class=\"elementor-container elementor-column-gap-default\">\n\t\t\t\t\t<div class=\"elementor-column elementor-col-100 elementor-top-column elementor-element elementor-element-4d3f9d5\" data-id=\"4d3f9d5\" data-element_type=\"column\" data-e-type=\"column\">\n\t\t\t<div class=\"elementor-widget-wrap elementor-element-populated\">\n\t\t\t\t\t\t<div class=\"elementor-element elementor-element-e9fa9a1 elementor-widget elementor-widget-text-editor\" data-id=\"e9fa9a1\" data-element_type=\"widget\" data-e-type=\"widget\" data-widget_type=\"text-editor.default\">\n\t\t\t\t<div class=\"elementor-widget-container\">\n\t\t\t\t\t\t\t\t\t<p>Synchroniser votre calendrier CmonSite avec\u00a0Booking.com, vous permettra d&#8217;\u00e9viter les doublons dans vos r\u00e9servations. Nous vous conseillons d&#8217;exporter les r\u00e9servations faites sur CmonSite mais aussi d&#8217;importer les r\u00e9servations faites sur vos autres plateformes pour automatiser le processus de synchronisation.<\/p>\t\t\t\t\t\t\t\t<\/div>\n\t\t\t\t<\/div>\n\t\t\t\t<div class=\"elementor-element elementor-element-f134967 elementor-widget elementor-widget-text-editor\" data-id=\"f134967\" data-element_type=\"widget\" data-e-type=\"widget\" data-widget_type=\"text-editor.default\">\n\t\t\t\t<div class=\"elementor-widget-container\">\n\t\t\t\t\t\t\t\t\t<p>Premi\u00e8rement, pour configurer vos calendriers de r\u00e9servation, rendez-vous dans la rubrique &#8220;<span style=\"font-weight: bold;\">Boutique<\/span>&#8221; , puis &#8220;<span style=\"font-weight: bold;\">R\u00e9servations&#8221;\u00a0<\/span>.\u00a0<\/p>\t\t\t\t\t\t\t\t<\/div>\n\t\t\t\t<\/div>\n\t\t\t\t<div class=\"elementor-element elementor-element-a519cf5 elementor-widget elementor-widget-image\" data-id=\"a519cf5\" data-element_type=\"widget\" data-e-type=\"widget\" data-widget_type=\"image.default\">\n\t\t\t\t<div class=\"elementor-widget-container\">\n\t\t\t\t\t\t\t\t\t\t\t\t\t\t\t<img fetchpriority=\"high\" decoding=\"async\" width=\"1233\" height=\"478\" src=\"https:\/\/www.cmonsite.fr\/site\/webup\/2021\/07\/reservation.png\" class=\"attachment-full size-full wp-image-17376\" alt=\"\" srcset=\"https:\/\/www.cmonsite.fr\/site\/webup\/2021\/07\/reservation.png 1233w, https:\/\/www.cmonsite.fr\/site\/webup\/2021\/07\/reservation-300x116.png 300w, https:\/\/www.cmonsite.fr\/site\/webup\/2021\/07\/reservation-1024x397.png 1024w, https:\/\/www.cmonsite.fr\/site\/webup\/2021\/07\/reservation-768x298.png 768w\" sizes=\"(max-width: 1233px) 100vw, 1233px\" \/>\t\t\t\t\t\t\t\t\t\t\t\t\t\t\t<\/div>\n\t\t\t\t<\/div>\n\t\t\t\t<div class=\"elementor-element elementor-element-acf7b98 elementor-widget elementor-widget-spacer\" data-id=\"acf7b98\" data-element_type=\"widget\" data-e-type=\"widget\" data-widget_type=\"spacer.default\">\n\t\t\t\t<div class=\"elementor-widget-container\">\n\t\t\t\t\t\t\t<div class=\"elementor-spacer\">\n\t\t\t<div class=\"elementor-spacer-inner\"><\/div>\n\t\t<\/div>\n\t\t\t\t\t\t<\/div>\n\t\t\t\t<\/div>\n\t\t\t\t<div class=\"elementor-element elementor-element-584a010 elementor-widget elementor-widget-text-editor\" data-id=\"584a010\" data-element_type=\"widget\" data-e-type=\"widget\" data-widget_type=\"text-editor.default\">\n\t\t\t\t<div class=\"elementor-widget-container\">\n\t\t\t\t\t\t\t\t\t<p>Vous pouvez s\u00e9lectionner l&#8217;onglet &#8220;<b>Calendriers<\/b>&#8221; puis cliquez sur le bouton de &#8220;<b>Synchronisation<\/b>&#8221; pour d\u00e9couvrir les d\u00e9tails d&#8217;<span style=\"color: var( --e-global-color-text ); font-family: var( --e-global-typography-text-font-family ), Sans-serif; font-weight: var( --e-global-typography-text-font-weight );\">import et d&#8217;export des donn\u00e9es de vos calendriers.<\/span><\/p>\t\t\t\t\t\t\t\t<\/div>\n\t\t\t\t<\/div>\n\t\t\t\t<div class=\"elementor-element elementor-element-54a4d4d elementor-widget elementor-widget-image\" data-id=\"54a4d4d\" data-element_type=\"widget\" data-e-type=\"widget\" data-widget_type=\"image.default\">\n\t\t\t\t<div class=\"elementor-widget-container\">\n\t\t\t\t\t\t\t\t\t\t\t\t\t\t\t<img decoding=\"async\" width=\"1267\" height=\"296\" src=\"https:\/\/www.cmonsite.fr\/site\/webup\/2021\/07\/reservation1.png\" class=\"attachment-full size-full wp-image-17386\" alt=\"\" srcset=\"https:\/\/www.cmonsite.fr\/site\/webup\/2021\/07\/reservation1.png 1267w, https:\/\/www.cmonsite.fr\/site\/webup\/2021\/07\/reservation1-300x70.png 300w, https:\/\/www.cmonsite.fr\/site\/webup\/2021\/07\/reservation1-1024x239.png 1024w, https:\/\/www.cmonsite.fr\/site\/webup\/2021\/07\/reservation1-768x179.png 768w\" sizes=\"(max-width: 1267px) 100vw, 1267px\" \/>\t\t\t\t\t\t\t\t\t\t\t\t\t\t\t<\/div>\n\t\t\t\t<\/div>\n\t\t\t\t<div class=\"elementor-element elementor-element-b7873cf elementor-widget elementor-widget-spacer\" data-id=\"b7873cf\" data-element_type=\"widget\" data-e-type=\"widget\" data-widget_type=\"spacer.default\">\n\t\t\t\t<div class=\"elementor-widget-container\">\n\t\t\t\t\t\t\t<div class=\"elementor-spacer\">\n\t\t\t<div class=\"elementor-spacer-inner\"><\/div>\n\t\t<\/div>\n\t\t\t\t\t\t<\/div>\n\t\t\t\t<\/div>\n\t\t\t\t<div class=\"elementor-element elementor-element-87cd17b elementor-widget elementor-widget-heading\" data-id=\"87cd17b\" data-element_type=\"widget\" data-e-type=\"widget\" data-widget_type=\"heading.default\">\n\t\t\t\t<div class=\"elementor-widget-container\">\n\t\t\t\t\t<h2 class=\"elementor-heading-title elementor-size-default\"><h2 data-elementor-setting-key=\"title\" data-pen-placeholder=\"\u00c9crivez ici...\" style=\"font-family: var( --e-global-typography-primary-font-family ), Sans-serif;font-weight: var( --e-global-typography-primary-font-weight );color: var( --e-global-color-primary )\">1. Exporter les r\u00e9servations CmonSite vers Booking<\/h2><\/h2>\t\t\t\t<\/div>\n\t\t\t\t<\/div>\n\t\t\t\t<div class=\"elementor-element elementor-element-d8ba009 elementor-widget elementor-widget-text-editor\" data-id=\"d8ba009\" data-element_type=\"widget\" data-e-type=\"widget\" data-widget_type=\"text-editor.default\">\n\t\t\t\t<div class=\"elementor-widget-container\">\n\t\t\t\t\t\t\t\t\t<p>Vous avez la possibilit\u00e9 de copier le lien de &#8220;<b>Url d&#8217;export de votre calendrier<\/b>&#8221; en choisissant l&#8217;ic\u00f4ne de copie.<\/p>\t\t\t\t\t\t\t\t<\/div>\n\t\t\t\t<\/div>\n\t\t\t\t<div class=\"elementor-element elementor-element-16590a3 elementor-widget elementor-widget-image\" data-id=\"16590a3\" data-element_type=\"widget\" data-e-type=\"widget\" data-widget_type=\"image.default\">\n\t\t\t\t<div class=\"elementor-widget-container\">\n\t\t\t\t\t\t\t\t\t\t\t\t\t\t\t<img decoding=\"async\" width=\"1011\" height=\"361\" src=\"https:\/\/www.cmonsite.fr\/site\/webup\/2021\/07\/reservation2.png\" class=\"attachment-full size-full wp-image-17387\" alt=\"\" srcset=\"https:\/\/www.cmonsite.fr\/site\/webup\/2021\/07\/reservation2.png 1011w, https:\/\/www.cmonsite.fr\/site\/webup\/2021\/07\/reservation2-300x107.png 300w, https:\/\/www.cmonsite.fr\/site\/webup\/2021\/07\/reservation2-768x274.png 768w\" sizes=\"(max-width: 1011px) 100vw, 1011px\" \/>\t\t\t\t\t\t\t\t\t\t\t\t\t\t\t<\/div>\n\t\t\t\t<\/div>\n\t\t\t\t<div class=\"elementor-element elementor-element-fbcfcd5 elementor-widget elementor-widget-spacer\" data-id=\"fbcfcd5\" data-element_type=\"widget\" data-e-type=\"widget\" data-widget_type=\"spacer.default\">\n\t\t\t\t<div class=\"elementor-widget-container\">\n\t\t\t\t\t\t\t<div class=\"elementor-spacer\">\n\t\t\t<div class=\"elementor-spacer-inner\"><\/div>\n\t\t<\/div>\n\t\t\t\t\t\t<\/div>\n\t\t\t\t<\/div>\n\t\t\t\t<div class=\"elementor-element elementor-element-f3c1de2 elementor-widget elementor-widget-text-editor\" data-id=\"f3c1de2\" data-element_type=\"widget\" data-e-type=\"widget\" data-widget_type=\"text-editor.default\">\n\t\t\t\t<div class=\"elementor-widget-container\">\n\t\t\t\t\t\t\t\t\t<p>Une fois que vous avez copi\u00e9 le lien pour exporter votre calendrier, vous devez vous rendre sur votre&nbsp;<a href=\"https:\/\/account.booking.com\/sign-in?op_token=EgVvYXV0aCKTAQoUMGNMSGY2TWZWVEZaOE51RXlMemkSCWF1dGhvcml6ZRolaHR0cHM6Ly9wYXJ0bmVyLmJvb2tpbmcuY29tL2F1dGhvcml6ZSpDeyJkZXN0aW5hdGlvbl91cmwiOiJodHRwczpcL1wvcGFydG5lci5ib29raW5nLmNvbVwvZnJcL215LXByb2ZpbGUifUIEY29kZSoSMM3up-GmgCU6AEIAWJ78-ocG\" target=\"_blank\">extranet Booking<\/a>&nbsp;<br>et suivre la proc\u00e9dure d&#8217;importation (\u00e9tape num\u00e9ro 4) via le lien suivant :<\/p>\t\t\t\t\t\t\t\t<\/div>\n\t\t\t\t<\/div>\n\t\t\t\t<div class=\"elementor-element elementor-element-ca5ed1f elementor-widget elementor-widget-text-editor\" data-id=\"ca5ed1f\" data-element_type=\"widget\" data-e-type=\"widget\" data-widget_type=\"text-editor.default\">\n\t\t\t\t<div class=\"elementor-widget-container\">\n\t\t\t\t\t\t\t\t\t<p><a href=\"https:\/\/partner.booking.com\/fr\/aide\/tarifs-disponibilit%C3%A9s\/calendrier-extranet\/synchroniser-votre-calendrier-bookingcom-avec\" target=\"_blank\" rel=\"noopener\">Importer votre calendrier sur Booking.com<\/a><\/p>\t\t\t\t\t\t\t\t<\/div>\n\t\t\t\t<\/div>\n\t\t\t\t<div class=\"elementor-element elementor-element-2fe743b elementor-widget elementor-widget-spacer\" data-id=\"2fe743b\" data-element_type=\"widget\" data-e-type=\"widget\" data-widget_type=\"spacer.default\">\n\t\t\t\t<div class=\"elementor-widget-container\">\n\t\t\t\t\t\t\t<div class=\"elementor-spacer\">\n\t\t\t<div class=\"elementor-spacer-inner\"><\/div>\n\t\t<\/div>\n\t\t\t\t\t\t<\/div>\n\t\t\t\t<\/div>\n\t\t\t\t<div class=\"elementor-element elementor-element-c8826a0 elementor-widget elementor-widget-heading\" data-id=\"c8826a0\" data-element_type=\"widget\" data-e-type=\"widget\" data-widget_type=\"heading.default\">\n\t\t\t\t<div class=\"elementor-widget-container\">\n\t\t\t\t\t<h2 class=\"elementor-heading-title elementor-size-default\"><h2 data-elementor-setting-key=\"title\" data-pen-placeholder=\"\u00c9crivez ici...\" style=\"font-family: var( --e-global-typography-primary-font-family ), Sans-serif;font-weight: var( --e-global-typography-primary-font-weight );color: var( --e-global-color-primary )\">2. Importer les r\u00e9servations de Booking vers CmonSite<\/h2><\/h2>\t\t\t\t<\/div>\n\t\t\t\t<\/div>\n\t\t\t\t<div class=\"elementor-element elementor-element-97a3b93 elementor-widget elementor-widget-text-editor\" data-id=\"97a3b93\" data-element_type=\"widget\" data-e-type=\"widget\" data-widget_type=\"text-editor.default\">\n\t\t\t\t<div class=\"elementor-widget-container\">\n\t\t\t\t\t\t\t\t\t<p>Pour r\u00e9cup\u00e9rer le lien d&#8217;import de votre calendrier Booking,\u00a0<span style=\"color: var( --e-global-color-text ); font-family: var( --e-global-typography-text-font-family ), Sans-serif; font-weight: var( --e-global-typography-text-font-weight ); text-align: center;\">vous devez vous rendre sur votre\u00a0<\/span><a style=\"font-family: var( --e-global-typography-text-font-family ), Sans-serif; background-color: #ffffff; text-align: center;\" href=\"https:\/\/account.booking.com\/sign-in?op_token=EgVvYXV0aCKTAQoUMGNMSGY2TWZWVEZaOE51RXlMemkSCWF1dGhvcml6ZRolaHR0cHM6Ly9wYXJ0bmVyLmJvb2tpbmcuY29tL2F1dGhvcml6ZSpDeyJkZXN0aW5hdGlvbl91cmwiOiJodHRwczpcL1wvcGFydG5lci5ib29raW5nLmNvbVwvZnJcL215LXByb2ZpbGUifUIEY29kZSoSMM3up-GmgCU6AEIAWJ78-ocG\" target=\"_blank\" rel=\"noopener\">extranet Booking<\/a><span style=\"color: var( --e-global-color-text ); font-family: var( --e-global-typography-text-font-family ), Sans-serif; font-weight: var( --e-global-typography-text-font-weight ); text-align: center;\">\u00a0<br \/><\/span><span style=\"color: var( --e-global-color-text ); font-family: var( --e-global-typography-text-font-family ), Sans-serif; font-weight: var( --e-global-typography-text-font-weight ); text-align: center;\">et suivre la proc\u00e9dure d&#8217;exportation (\u00e9tape num\u00e9ro 5) via le lien suivant :<\/span><\/p>\t\t\t\t\t\t\t\t<\/div>\n\t\t\t\t<\/div>\n\t\t\t\t<div class=\"elementor-element elementor-element-68c411d elementor-widget elementor-widget-text-editor\" data-id=\"68c411d\" data-element_type=\"widget\" data-e-type=\"widget\" data-widget_type=\"text-editor.default\">\n\t\t\t\t<div class=\"elementor-widget-container\">\n\t\t\t\t\t\t\t\t\t<p><a href=\"https:\/\/partner.booking.com\/fr\/aide\/tarifs-disponibilit%C3%A9s\/calendrier-extranet\/synchroniser-votre-calendrier-bookingcom-avec\" target=\"_blank\" rel=\"noopener\">Exporter votre calendrier sur Booking.com<\/a><\/p>\t\t\t\t\t\t\t\t<\/div>\n\t\t\t\t<\/div>\n\t\t\t\t<div class=\"elementor-element elementor-element-3c48a4a elementor-widget elementor-widget-spacer\" data-id=\"3c48a4a\" data-element_type=\"widget\" data-e-type=\"widget\" data-widget_type=\"spacer.default\">\n\t\t\t\t<div class=\"elementor-widget-container\">\n\t\t\t\t\t\t\t<div class=\"elementor-spacer\">\n\t\t\t<div class=\"elementor-spacer-inner\"><\/div>\n\t\t<\/div>\n\t\t\t\t\t\t<\/div>\n\t\t\t\t<\/div>\n\t\t\t\t<div class=\"elementor-element elementor-element-a9876c7 elementor-widget elementor-widget-text-editor\" data-id=\"a9876c7\" data-element_type=\"widget\" data-e-type=\"widget\" data-widget_type=\"text-editor.default\">\n\t\t\t\t<div class=\"elementor-widget-container\">\n\t\t\t\t\t\t\t\t\t<p><span style=\"text-align: justify;\">Il suffit de cliquer sur l&#8217;onglet &#8220;<\/span><span style=\"font-weight: bold; text-align: justify;\">Calendriers<\/span><span style=\"text-align: justify;\">&#8221; puis choisir le bouton &#8220;<\/span><span style=\"font-weight: bold; text-align: justify;\">Synchronisation<\/span><span style=\"text-align: justify;\">&#8221; du calendrier souhait\u00e9 pour afficher les d\u00e9tails d&#8217;<\/span><span style=\"color: var( --e-global-color-text ); font-family: var( --e-global-typography-text-font-family ), Sans-serif; font-weight: var( --e-global-typography-text-font-weight ); text-align: justify;\">import et d&#8217;export des donn\u00e9es de vos calendriers.<\/span><\/p>\t\t\t\t\t\t\t\t<\/div>\n\t\t\t\t<\/div>\n\t\t\t\t<div class=\"elementor-element elementor-element-1dc7134 elementor-widget elementor-widget-image\" data-id=\"1dc7134\" data-element_type=\"widget\" data-e-type=\"widget\" data-widget_type=\"image.default\">\n\t\t\t\t<div class=\"elementor-widget-container\">\n\t\t\t\t\t\t\t\t\t\t\t\t\t\t\t<img decoding=\"async\" width=\"1267\" height=\"296\" src=\"https:\/\/www.cmonsite.fr\/site\/webup\/2021\/07\/reservation1.png\" class=\"attachment-full size-full wp-image-17386\" alt=\"\" srcset=\"https:\/\/www.cmonsite.fr\/site\/webup\/2021\/07\/reservation1.png 1267w, https:\/\/www.cmonsite.fr\/site\/webup\/2021\/07\/reservation1-300x70.png 300w, https:\/\/www.cmonsite.fr\/site\/webup\/2021\/07\/reservation1-1024x239.png 1024w, https:\/\/www.cmonsite.fr\/site\/webup\/2021\/07\/reservation1-768x179.png 768w\" sizes=\"(max-width: 1267px) 100vw, 1267px\" \/>\t\t\t\t\t\t\t\t\t\t\t\t\t\t\t<\/div>\n\t\t\t\t<\/div>\n\t\t\t\t<div class=\"elementor-element elementor-element-45b1f2c elementor-widget elementor-widget-spacer\" data-id=\"45b1f2c\" data-element_type=\"widget\" data-e-type=\"widget\" data-widget_type=\"spacer.default\">\n\t\t\t\t<div class=\"elementor-widget-container\">\n\t\t\t\t\t\t\t<div class=\"elementor-spacer\">\n\t\t\t<div class=\"elementor-spacer-inner\"><\/div>\n\t\t<\/div>\n\t\t\t\t\t\t<\/div>\n\t\t\t\t<\/div>\n\t\t\t\t<div class=\"elementor-element elementor-element-dcedfe9 elementor-widget elementor-widget-text-editor\" data-id=\"dcedfe9\" data-element_type=\"widget\" data-e-type=\"widget\" data-widget_type=\"text-editor.default\">\n\t\t\t\t<div class=\"elementor-widget-container\">\n\t\t\t\t\t\t\t\t\t<p>Cliquez sur le bouton vert &#8220;<b>Ajouter une url de synchronisation<\/b>&#8220;. Puis vous n&#8217;aurez plus qu&#8217;\u00e0 copier et coller l&#8217;Url dans la zone de texte d\u00e9di\u00e9 \u00e0 cet effet comme illustr\u00e9 ci-dessous :<\/p>\t\t\t\t\t\t\t\t<\/div>\n\t\t\t\t<\/div>\n\t\t\t\t<div class=\"elementor-element elementor-element-55d24a3 elementor-widget elementor-widget-image\" data-id=\"55d24a3\" data-element_type=\"widget\" data-e-type=\"widget\" data-widget_type=\"image.default\">\n\t\t\t\t<div class=\"elementor-widget-container\">\n\t\t\t\t\t\t\t\t\t\t\t\t\t\t\t<img loading=\"lazy\" decoding=\"async\" width=\"1007\" height=\"479\" src=\"https:\/\/www.cmonsite.fr\/site\/webup\/2021\/07\/reservation4.png\" class=\"attachment-full size-full wp-image-17398\" alt=\"\" srcset=\"https:\/\/www.cmonsite.fr\/site\/webup\/2021\/07\/reservation4.png 1007w, https:\/\/www.cmonsite.fr\/site\/webup\/2021\/07\/reservation4-300x143.png 300w, https:\/\/www.cmonsite.fr\/site\/webup\/2021\/07\/reservation4-768x365.png 768w\" sizes=\"(max-width: 1007px) 100vw, 1007px\" \/>\t\t\t\t\t\t\t\t\t\t\t\t\t\t\t<\/div>\n\t\t\t\t<\/div>\n\t\t\t\t<div class=\"elementor-element elementor-element-a0a7b94 elementor-widget elementor-widget-spacer\" data-id=\"a0a7b94\" data-element_type=\"widget\" data-e-type=\"widget\" data-widget_type=\"spacer.default\">\n\t\t\t\t<div class=\"elementor-widget-container\">\n\t\t\t\t\t\t\t<div class=\"elementor-spacer\">\n\t\t\t<div class=\"elementor-spacer-inner\"><\/div>\n\t\t<\/div>\n\t\t\t\t\t\t<\/div>\n\t\t\t\t<\/div>\n\t\t\t\t<div class=\"elementor-element elementor-element-00e06e7 elementor-widget elementor-widget-text-editor\" data-id=\"00e06e7\" data-element_type=\"widget\" data-e-type=\"widget\" data-widget_type=\"text-editor.default\">\n\t\t\t\t<div class=\"elementor-widget-container\">\n\t\t\t\t\t\t\t\t\t<p>Cliquez ensuite sur le bouton &#8220;<b>Forcer l&#8217;importation<\/b>&#8221; pour aller chercher les donn\u00e9es sur Booking et mettre \u00e0 jour votre calendrier CmonSite.\u00a0<span style=\"color: var( --e-global-color-text ); font-family: var( --e-global-typography-text-font-family ), Sans-serif; font-weight: var( --e-global-typography-text-font-weight );\">La synchronisation sera active et fera la mise \u00e0 jour se fera automatiquement ensuite toutes les heures.<\/span><\/p>\t\t\t\t\t\t\t\t<\/div>\n\t\t\t\t<\/div>\n\t\t\t\t<div class=\"elementor-element elementor-element-2923f82 elementor-widget elementor-widget-spacer\" data-id=\"2923f82\" data-element_type=\"widget\" data-e-type=\"widget\" data-widget_type=\"spacer.default\">\n\t\t\t\t<div class=\"elementor-widget-container\">\n\t\t\t\t\t\t\t<div class=\"elementor-spacer\">\n\t\t\t<div class=\"elementor-spacer-inner\"><\/div>\n\t\t<\/div>\n\t\t\t\t\t\t<\/div>\n\t\t\t\t<\/div>\n\t\t\t\t<div class=\"elementor-element elementor-element-637352a elementor-widget-divider--view-line elementor-widget elementor-widget-divider\" data-id=\"637352a\" data-element_type=\"widget\" data-e-type=\"widget\" data-widget_type=\"divider.default\">\n\t\t\t\t<div class=\"elementor-widget-container\">\n\t\t\t\t\t\t\t<div class=\"elementor-divider\">\n\t\t\t<span class=\"elementor-divider-separator\">\n\t\t\t\t\t\t<\/span>\n\t\t<\/div>\n\t\t\t\t\t\t<\/div>\n\t\t\t\t<\/div>\n\t\t\t\t<div class=\"elementor-element elementor-element-65e21bb elementor-widget elementor-widget-text-editor\" data-id=\"65e21bb\" data-element_type=\"widget\" data-e-type=\"widget\" data-widget_type=\"text-editor.default\">\n\t\t\t\t<div class=\"elementor-widget-container\">\n\t\t\t\t\t\t\t\t\t<p><b>F\u00e9licitations, vous avez synchronis\u00e9 votre calendrier Booking avec CmonSite et vice-versa !<\/b><\/p>\t\t\t\t\t\t\t\t<\/div>\n\t\t\t\t<\/div>\n\t\t\t\t<div class=\"elementor-element elementor-element-644d7ec elementor-widget-divider--view-line elementor-widget elementor-widget-divider\" data-id=\"644d7ec\" data-element_type=\"widget\" data-e-type=\"widget\" data-widget_type=\"divider.default\">\n\t\t\t\t<div class=\"elementor-widget-container\">\n\t\t\t\t\t\t\t<div class=\"elementor-divider\">\n\t\t\t<span class=\"elementor-divider-separator\">\n\t\t\t\t\t\t<\/span>\n\t\t<\/div>\n\t\t\t\t\t\t<\/div>\n\t\t\t\t<\/div>\n\t\t\t\t\t<\/div>\n\t\t<\/div>\n\t\t\t\t\t<\/div>\n\t\t<\/section>\n\t\t\t\t<\/div>\n\t\t","protected":false},"excerpt":{"rendered":"<p>Synchroniser votre calendrier CmonSite avec\u00a0Booking.com, vous permettra d&#8217;\u00e9viter les doublons dans vos r\u00e9servations. Nous vous conseillons d&#8217;exporter les r\u00e9servations faites sur CmonSite mais aussi d&#8217;importer les r\u00e9servations faites sur vos autres plateformes pour automatiser le processus de synchronisation. Premi\u00e8rement, pour configurer vos calendriers de r\u00e9servation, rendez-vous dans la rubrique &#8220;Boutique&#8221; , puis &#8220;R\u00e9servations&#8221;\u00a0.\u00a0 Vous pouvez [&hellip;]<\/p>\n","protected":false},"author":1,"featured_media":18570,"parent":24723,"menu_order":3,"comment_status":"closed","ping_status":"closed","template":"","meta":{"_helpful_status":1,"footnotes":""},"class_list":["post-17355","page","type-page","status-publish","has-post-thumbnail","hentry"],"_links":{"self":[{"href":"https:\/\/www.cmonsite.fr\/site\/wp-json\/wp\/v2\/pages\/17355","targetHints":{"allow":["GET"]}}],"collection":[{"href":"https:\/\/www.cmonsite.fr\/site\/wp-json\/wp\/v2\/pages"}],"about":[{"href":"https:\/\/www.cmonsite.fr\/site\/wp-json\/wp\/v2\/types\/page"}],"author":[{"embeddable":true,"href":"https:\/\/www.cmonsite.fr\/site\/wp-json\/wp\/v2\/users\/1"}],"replies":[{"embeddable":true,"href":"https:\/\/www.cmonsite.fr\/site\/wp-json\/wp\/v2\/comments?post=17355"}],"version-history":[{"count":5,"href":"https:\/\/www.cmonsite.fr\/site\/wp-json\/wp\/v2\/pages\/17355\/revisions"}],"predecessor-version":[{"id":25074,"href":"https:\/\/www.cmonsite.fr\/site\/wp-json\/wp\/v2\/pages\/17355\/revisions\/25074"}],"up":[{"embeddable":true,"href":"https:\/\/www.cmonsite.fr\/site\/wp-json\/wp\/v2\/pages\/24723"}],"wp:featuredmedia":[{"embeddable":true,"href":"https:\/\/www.cmonsite.fr\/site\/wp-json\/wp\/v2\/media\/18570"}],"wp:attachment":[{"href":"https:\/\/www.cmonsite.fr\/site\/wp-json\/wp\/v2\/media?parent=17355"}],"curies":[{"name":"wp","href":"https:\/\/api.w.org\/{rel}","templated":true}]}}