{"id":17344,"date":"2021-07-26T11:29:05","date_gmt":"2021-07-26T09:29:05","guid":{"rendered":"https:\/\/www.cmonsite.fr\/site\/aide\/?page_id=17344"},"modified":"2024-06-17T14:27:22","modified_gmt":"2024-06-17T12:27:22","slug":"configurer-son-adresse-e-mail-sur-outlook-ou-son-telephone-iphone-android","status":"publish","type":"page","link":"https:\/\/www.cmonsite.fr\/site\/aide\/astuces-informations\/configurer-son-adresse-e-mail-sur-outlook-ou-son-telephone-iphone-android","title":{"rendered":"Configurer son adresse e-mail sur Outlook ou son t\u00e9l\u00e9phone (iphone, android)"},"content":{"rendered":"\t\t<div data-elementor-type=\"wp-page\" data-elementor-id=\"17344\" class=\"elementor elementor-17344\" data-elementor-post-type=\"page\">\n\t\t\t\t\t\t<section class=\"elementor-section elementor-top-section elementor-element elementor-element-6369498 elementor-section-boxed elementor-section-height-default elementor-section-height-default\" data-id=\"6369498\" data-element_type=\"section\" data-e-type=\"section\">\n\t\t\t\t\t\t<div class=\"elementor-container elementor-column-gap-default\">\n\t\t\t\t\t<div class=\"elementor-column elementor-col-100 elementor-top-column elementor-element elementor-element-e6eee44\" data-id=\"e6eee44\" data-element_type=\"column\" data-e-type=\"column\">\n\t\t\t<div class=\"elementor-widget-wrap elementor-element-populated\">\n\t\t\t\t\t\t<div class=\"elementor-element elementor-element-c24f348 elementor-widget elementor-widget-text-editor\" data-id=\"c24f348\" data-element_type=\"widget\" data-e-type=\"widget\" data-widget_type=\"text-editor.default\">\n\t\t\t\t<div class=\"elementor-widget-container\">\n\t\t\t\t\t\t\t\t\tSi vous ne souhaitez pas utiliser le Webmail mis \u00e0 votre disposition ici\u00a0 :\u00a0<a href=\"https:\/\/webmail.gandi.net\/SOGo\/\" target=\"_blank\" rel=\"noopener\">https:\/\/webmail.gandi.net\/SOGo\/<\/a>\n\nIl est possible de relier votre boite e-mail en POP (copie des e-mails) ou en IMAP (synchronisation des donn\u00e9es) (m\u00e9thode conseill\u00e9e) afin de l&#8217;utiliser sur le logiciel e-mail de votre choix (Outlook, Thunderbird, Apple Mail) que ce soit sur t\u00e9l\u00e9phone ou ordinateur.\t\t\t\t\t\t\t\t<\/div>\n\t\t\t\t<\/div>\n\t\t\t\t\t<\/div>\n\t\t<\/div>\n\t\t\t\t\t<\/div>\n\t\t<\/section>\n\t\t\t\t<section class=\"elementor-section elementor-top-section elementor-element elementor-element-954447f elementor-section-boxed elementor-section-height-default elementor-section-height-default\" data-id=\"954447f\" data-element_type=\"section\" data-e-type=\"section\">\n\t\t\t\t\t\t<div class=\"elementor-container elementor-column-gap-default\">\n\t\t\t\t\t<div class=\"elementor-column elementor-col-33 elementor-top-column elementor-element elementor-element-83e69be\" data-id=\"83e69be\" data-element_type=\"column\" data-e-type=\"column\">\n\t\t\t<div class=\"elementor-widget-wrap elementor-element-populated\">\n\t\t\t\t\t\t<div class=\"elementor-element elementor-element-2b671e3 elementor-view-default elementor-widget elementor-widget-icon\" data-id=\"2b671e3\" data-element_type=\"widget\" data-e-type=\"widget\" data-widget_type=\"icon.default\">\n\t\t\t\t<div class=\"elementor-widget-container\">\n\t\t\t\t\t\t\t<div class=\"elementor-icon-wrapper\">\n\t\t\t<div class=\"elementor-icon\">\n\t\t\t<i aria-hidden=\"true\" class=\"fas fa-star\"><\/i>\t\t\t<\/div>\n\t\t<\/div>\n\t\t\t\t\t\t<\/div>\n\t\t\t\t<\/div>\n\t\t\t\t\t<\/div>\n\t\t<\/div>\n\t\t\t\t<div class=\"elementor-column elementor-col-33 elementor-top-column elementor-element elementor-element-ec71bbf\" data-id=\"ec71bbf\" data-element_type=\"column\" data-e-type=\"column\">\n\t\t\t<div class=\"elementor-widget-wrap elementor-element-populated\">\n\t\t\t\t\t\t<div class=\"elementor-element elementor-element-fd81c54 elementor-widget elementor-widget-heading\" data-id=\"fd81c54\" data-element_type=\"widget\" data-e-type=\"widget\" data-widget_type=\"heading.default\">\n\t\t\t\t<div class=\"elementor-widget-container\">\n\t\t\t\t\t<h2 class=\"elementor-heading-title elementor-size-default\"><br>Voici les param\u00e8tres \u00e0 utiliser<\/h2>\t\t\t\t<\/div>\n\t\t\t\t<\/div>\n\t\t\t\t\t<\/div>\n\t\t<\/div>\n\t\t\t\t<div class=\"elementor-column elementor-col-33 elementor-top-column elementor-element elementor-element-a592a19\" data-id=\"a592a19\" data-element_type=\"column\" data-e-type=\"column\">\n\t\t\t<div class=\"elementor-widget-wrap elementor-element-populated\">\n\t\t\t\t\t\t<div class=\"elementor-element elementor-element-dea8f42 elementor-view-default elementor-widget elementor-widget-icon\" data-id=\"dea8f42\" data-element_type=\"widget\" data-e-type=\"widget\" data-widget_type=\"icon.default\">\n\t\t\t\t<div class=\"elementor-widget-container\">\n\t\t\t\t\t\t\t<div class=\"elementor-icon-wrapper\">\n\t\t\t<div class=\"elementor-icon\">\n\t\t\t<i aria-hidden=\"true\" class=\"fas fa-star\"><\/i>\t\t\t<\/div>\n\t\t<\/div>\n\t\t\t\t\t\t<\/div>\n\t\t\t\t<\/div>\n\t\t\t\t\t<\/div>\n\t\t<\/div>\n\t\t\t\t\t<\/div>\n\t\t<\/section>\n\t\t\t\t<section class=\"elementor-section elementor-top-section elementor-element elementor-element-e6c1511 elementor-section-boxed elementor-section-height-default elementor-section-height-default\" data-id=\"e6c1511\" data-element_type=\"section\" data-e-type=\"section\">\n\t\t\t\t\t\t<div class=\"elementor-container elementor-column-gap-default\">\n\t\t\t\t\t<div class=\"elementor-column elementor-col-100 elementor-top-column elementor-element elementor-element-8898732\" data-id=\"8898732\" data-element_type=\"column\" data-e-type=\"column\">\n\t\t\t<div class=\"elementor-widget-wrap elementor-element-populated\">\n\t\t\t\t\t\t<div class=\"elementor-element elementor-element-1e5f7e6 elementor-widget-divider--view-line elementor-widget elementor-widget-divider\" data-id=\"1e5f7e6\" data-element_type=\"widget\" data-e-type=\"widget\" data-widget_type=\"divider.default\">\n\t\t\t\t<div class=\"elementor-widget-container\">\n\t\t\t\t\t\t\t<div class=\"elementor-divider\">\n\t\t\t<span class=\"elementor-divider-separator\">\n\t\t\t\t\t\t<\/span>\n\t\t<\/div>\n\t\t\t\t\t\t<\/div>\n\t\t\t\t<\/div>\n\t\t\t\t<div class=\"elementor-element elementor-element-e697f11 elementor-widget elementor-widget-text-editor\" data-id=\"e697f11\" data-element_type=\"widget\" data-e-type=\"widget\" data-widget_type=\"text-editor.default\">\n\t\t\t\t<div class=\"elementor-widget-container\">\n\t\t\t\t\t\t\t\t\t<div><p><b><span style=\"font-size: large;\">Serveur Entrant :\u00a0<\/span><\/b><b style=\"color: var( --e-global-color-text ); font-family: var( --e-global-typography-text-font-family ), Sans-serif;\"><span style=\"font-size: large;\">Param\u00e8tres\u00a0IMAP (conseill\u00e9) \/ POP<\/span><\/b><\/p><p style=\"padding-left: 80px;\"><b>Nom du serveur :<\/b>\u00a0mail.gandi.net<\/p><p style=\"padding-left: 80px;\"><b>Port :\u00a0<\/b>993 pour IMAP SSL (conseill\u00e9)<\/p><p style=\"padding-left: 80px;\"><em>ou 995 pour POP en SSL.<\/em><\/p><p style=\"padding-left: 80px;\"><b>S\u00e9curit\u00e9 TLS ou SSL :\u00a0<\/b>oui<br \/><b>Nom d&#8217;utilisateur :<\/b>\u00a0\u00a0votreadresse@<wbr \/>votrenomdedomaine.com\u00a0<br \/><b>Mot de passe :<\/b>\u00a0 votremotdepasse<\/p><p style=\"padding-left: 80px;\">\u00a0<\/p><p style=\"padding-left: 80px;\">\u00a0<\/p><\/div><p>\u00a0<\/p><div><p><span style=\"font-size: large;\"><b>Serveur Sortant :\u00a0<\/b><\/span><b style=\"font-size: large; color: var( --e-global-color-text ); font-family: var( --e-global-typography-text-font-family ), Sans-serif;\">Param\u00e8tres SMTP<\/b><\/p><p style=\"padding-left: 80px;\"><b>Nom du serveur :<\/b>\u00a0mail.gandi.net<\/p><p style=\"padding-left: 80px;\"><b>Port :<\/b>\u00a0465 en SSL.<br \/><b>S\u00e9curit\u00e9 TLS ou SSL :\u00a0<\/b>oui<br \/><b>Authentification SMTP :\u00a0<\/b>oui, utilisez les m\u00eames param\u00e8tres que le compte entrant\u00a0IMAP<\/p><\/div><div style=\"padding-left: 80px;\"><p><b>Nom d&#8217;utilisateur :<\/b>\u00a0\u00a0\u00a0votreadresse@<wbr \/>votrenomdedomaine.com\u00a0 \u00a0<br \/><b>Mot de passe :<\/b>\u00a0\u00a0 votremotdepasse\u00a0\u00a0<\/p><\/div>\t\t\t\t\t\t\t\t<\/div>\n\t\t\t\t<\/div>\n\t\t\t\t\t<\/div>\n\t\t<\/div>\n\t\t\t\t\t<\/div>\n\t\t<\/section>\n\t\t\t\t<section class=\"elementor-section elementor-top-section elementor-element elementor-element-9f0a44f elementor-section-boxed elementor-section-height-default elementor-section-height-default\" data-id=\"9f0a44f\" data-element_type=\"section\" data-e-type=\"section\">\n\t\t\t\t\t\t<div class=\"elementor-container elementor-column-gap-default\">\n\t\t\t\t\t<div class=\"elementor-column elementor-col-100 elementor-top-column elementor-element elementor-element-49b48ad\" data-id=\"49b48ad\" data-element_type=\"column\" data-e-type=\"column\">\n\t\t\t<div class=\"elementor-widget-wrap elementor-element-populated\">\n\t\t\t\t\t\t<div class=\"elementor-element elementor-element-2f27f82 elementor-widget elementor-widget-spacer\" data-id=\"2f27f82\" data-element_type=\"widget\" data-e-type=\"widget\" data-widget_type=\"spacer.default\">\n\t\t\t\t<div class=\"elementor-widget-container\">\n\t\t\t\t\t\t\t<div class=\"elementor-spacer\">\n\t\t\t<div class=\"elementor-spacer-inner\"><\/div>\n\t\t<\/div>\n\t\t\t\t\t\t<\/div>\n\t\t\t\t<\/div>\n\t\t\t\t<div class=\"elementor-element elementor-element-75892f4 elementor-widget elementor-widget-text-editor\" data-id=\"75892f4\" data-element_type=\"widget\" data-e-type=\"widget\" data-widget_type=\"text-editor.default\">\n\t\t\t\t<div class=\"elementor-widget-container\">\n\t\t\t\t\t\t\t\t\t<p>N&#8217;h\u00e9sitez pas \u00e0 nous contacter pour toute question ici : <a href=\"https:\/\/www.cmonsite.fr\/contact.php\">https:\/\/www.cmonsite.fr\/contact.php<\/a><\/p>\t\t\t\t\t\t\t\t<\/div>\n\t\t\t\t<\/div>\n\t\t\t\t\t<\/div>\n\t\t<\/div>\n\t\t\t\t\t<\/div>\n\t\t<\/section>\n\t\t\t\t<\/div>\n\t\t","protected":false},"excerpt":{"rendered":"<p>Si vous ne souhaitez pas utiliser le Webmail mis \u00e0 votre disposition ici\u00a0 :\u00a0https:\/\/webmail.gandi.net\/SOGo\/ Il est possible de relier votre boite e-mail en POP (copie des e-mails) ou en IMAP (synchronisation des donn\u00e9es) (m\u00e9thode conseill\u00e9e) afin de l&#8217;utiliser sur le logiciel e-mail de votre choix (Outlook, Thunderbird, Apple Mail) que ce soit sur t\u00e9l\u00e9phone ou [&hellip;]<\/p>\n","protected":false},"author":1,"featured_media":0,"parent":2920,"menu_order":16,"comment_status":"closed","ping_status":"closed","template":"","meta":{"_helpful_status":1,"footnotes":""},"class_list":["post-17344","page","type-page","status-publish","hentry"],"_links":{"self":[{"href":"https:\/\/www.cmonsite.fr\/site\/wp-json\/wp\/v2\/pages\/17344","targetHints":{"allow":["GET"]}}],"collection":[{"href":"https:\/\/www.cmonsite.fr\/site\/wp-json\/wp\/v2\/pages"}],"about":[{"href":"https:\/\/www.cmonsite.fr\/site\/wp-json\/wp\/v2\/types\/page"}],"author":[{"embeddable":true,"href":"https:\/\/www.cmonsite.fr\/site\/wp-json\/wp\/v2\/users\/1"}],"replies":[{"embeddable":true,"href":"https:\/\/www.cmonsite.fr\/site\/wp-json\/wp\/v2\/comments?post=17344"}],"version-history":[{"count":7,"href":"https:\/\/www.cmonsite.fr\/site\/wp-json\/wp\/v2\/pages\/17344\/revisions"}],"predecessor-version":[{"id":26775,"href":"https:\/\/www.cmonsite.fr\/site\/wp-json\/wp\/v2\/pages\/17344\/revisions\/26775"}],"up":[{"embeddable":true,"href":"https:\/\/www.cmonsite.fr\/site\/wp-json\/wp\/v2\/pages\/2920"}],"wp:attachment":[{"href":"https:\/\/www.cmonsite.fr\/site\/wp-json\/wp\/v2\/media?parent=17344"}],"curies":[{"name":"wp","href":"https:\/\/api.w.org\/{rel}","templated":true}]}}