{"id":17209,"date":"2021-07-16T10:41:34","date_gmt":"2021-07-16T08:41:34","guid":{"rendered":"https:\/\/www.cmonsite.fr\/site\/aide\/?page_id=17209"},"modified":"2023-07-20T11:42:03","modified_gmt":"2023-07-20T09:42:03","slug":"comment-gerer-son-site-quand-on-part-en-vacances","status":"publish","type":"page","link":"https:\/\/www.cmonsite.fr\/site\/aide\/astuces-informations\/comment-gerer-son-site-quand-on-part-en-vacances","title":{"rendered":"Comment g\u00e9rer son site quand on part en vacances ?"},"content":{"rendered":"\t\t<div data-elementor-type=\"wp-page\" data-elementor-id=\"17209\" class=\"elementor elementor-17209\" data-elementor-post-type=\"page\">\n\t\t\t\t\t\t<section class=\"elementor-section elementor-top-section elementor-element elementor-element-11c150cb elementor-section-boxed elementor-section-height-default elementor-section-height-default\" data-id=\"11c150cb\" data-element_type=\"section\" data-e-type=\"section\">\n\t\t\t\t\t\t<div class=\"elementor-container elementor-column-gap-default\">\n\t\t\t\t\t<div class=\"elementor-column elementor-col-100 elementor-top-column elementor-element elementor-element-b7d2cfa\" data-id=\"b7d2cfa\" data-element_type=\"column\" data-e-type=\"column\">\n\t\t\t<div class=\"elementor-widget-wrap elementor-element-populated\">\n\t\t\t\t\t\t<div class=\"elementor-element elementor-element-315b168 elementor-widget elementor-widget-text-editor\" data-id=\"315b168\" data-element_type=\"widget\" data-e-type=\"widget\" data-widget_type=\"text-editor.default\">\n\t\t\t\t<div class=\"elementor-widget-container\">\n\t\t\t\t\t\t\t\t\t<p>Vous partez bient\u00f4t en vacances ou vous devez vous absenter ? Vous ne savez pas comment g\u00e9rer votre site internet pendant cette p\u00e9riode ? Voici quelques astuces pour faciliter la communication aupr\u00e8s de vos clients. D\u00e9couvrez 4 mani\u00e8res de g\u00e9rer votre site internet sans devoir le fermer.<\/p><h2>1. Afficher un bandeau de couleur en haut de votre site<\/h2><p>Vous pouvez ajouter un bandeau en haut de votre site. Cette option est id\u00e9ale pour pr\u00e9venir vos clients d&#8217;une information importante.\u00a0<\/p><p>Pour configurer ce bandeau, rendez-vous dans la rubrique &#8220;<b>Modules<\/b>&#8221; puis &#8220;<b>Bandeau haut de site&#8221;<\/b>.<\/p><p><img fetchpriority=\"high\" decoding=\"async\" src=\"https:\/\/www.cmonsite.fr\/site\/webup\/2021\/07\/bandeau-haut-site.png\" sizes=\"(max-width: 1249px) 100vw, 1249px\" srcset=\"https:\/\/www.cmonsite.fr\/site\/webup\/2021\/07\/bandeau-haut-site.png 1249w, https:\/\/www.cmonsite.fr\/site\/webup\/2021\/07\/bandeau-haut-site-300x116.png 300w, https:\/\/www.cmonsite.fr\/site\/webup\/2021\/07\/bandeau-haut-site-1024x395.png 1024w, https:\/\/www.cmonsite.fr\/site\/webup\/2021\/07\/bandeau-haut-site-768x296.png 768w\" alt=\"\" width=\"1249\" height=\"482\" \/><\/p><p>Dans la page de gestion du bandeau de haut de site, s\u00e9lectionnez \u00ab<b>\u00a0Oui<\/b>\u00a0\u00bb pour activer le bandeau de haut de site.<\/p><p><img decoding=\"async\" src=\"https:\/\/www.cmonsite.fr\/site\/webup\/2021\/07\/bandeau-haut-site2.png\" sizes=\"(max-width: 1269px) 100vw, 1269px\" srcset=\"https:\/\/www.cmonsite.fr\/site\/webup\/2021\/07\/bandeau-haut-site2.png 1269w, https:\/\/www.cmonsite.fr\/site\/webup\/2021\/07\/bandeau-haut-site2-300x50.png 300w, https:\/\/www.cmonsite.fr\/site\/webup\/2021\/07\/bandeau-haut-site2-1024x170.png 1024w, https:\/\/www.cmonsite.fr\/site\/webup\/2021\/07\/bandeau-haut-site2-768x128.png 768w\" alt=\"\" width=\"1269\" height=\"211\" \/><\/p><p>Vous aurez la possibilit\u00e9 de param\u00e9trer votre message et de modifier diff\u00e9rentes options visuelles.<\/p><p>Vous pourrez notamment modifier la couleur du texte, la couleur du fond, de la bordure, ajouter un lien dans le message et m\u00eame param\u00e9trer une date de d\u00e9but et de fin du message afin qu&#8217;il disparaisse automatiquement \u00e0 une certaine date.<\/p><p><img decoding=\"async\" src=\"https:\/\/www.cmonsite.fr\/site\/webup\/2021\/07\/bandeau-haut-site5.png\" sizes=\"(max-width: 1010px) 100vw, 1010px\" srcset=\"https:\/\/www.cmonsite.fr\/site\/webup\/2021\/07\/bandeau-haut-site5.png 1010w, https:\/\/www.cmonsite.fr\/site\/webup\/2021\/07\/bandeau-haut-site5-300x255.png 300w, https:\/\/www.cmonsite.fr\/site\/webup\/2021\/07\/bandeau-haut-site5-768x652.png 768w\" alt=\"\" width=\"1010\" height=\"857\" \/><\/p><p>Le message s&#8217;affichera de cette mani\u00e8re :<\/p><p><img loading=\"lazy\" decoding=\"async\" src=\"https:\/\/www.cmonsite.fr\/site\/webup\/2021\/07\/bandeau-haut-site8.png\" sizes=\"(max-width: 1139px) 100vw, 1139px\" srcset=\"https:\/\/www.cmonsite.fr\/site\/webup\/2021\/07\/bandeau-haut-site8.png 1139w, https:\/\/www.cmonsite.fr\/site\/webup\/2021\/07\/bandeau-haut-site8-300x61.png 300w, https:\/\/www.cmonsite.fr\/site\/webup\/2021\/07\/bandeau-haut-site8-1024x209.png 1024w, https:\/\/www.cmonsite.fr\/site\/webup\/2021\/07\/bandeau-haut-site8-768x157.png 768w\" alt=\"\" width=\"1139\" height=\"233\" \/><\/p><h2>2. Afficher un message sur la page du formulaire de commande<\/h2><p>Pour afficher un message sur la page du formulaire de commande, rendez-vous dans la rubrique &#8220;<b>Boutique<\/b>&#8221; puis &#8220;<b>Configuration du catalogue<\/b>&#8221; . <br \/>Il vous suffit de s\u00e9lectionner &#8220;<b>Processus de commande<\/b>&#8221; dans le menu \u00e0 gauche et de remplir le champ d\u00e9di\u00e9 aux &#8220;<b>Informations compl\u00e9mentaires visibles sur votre formulaire de commande<\/b>&#8221; . N&#8217;oubliez d&#8217;enregistrer les modifications !<\/p><p><img loading=\"lazy\" decoding=\"async\" src=\"https:\/\/www.cmonsite.fr\/site\/webup\/2021\/07\/message-alerte.gif\" alt=\"\" width=\"1275\" height=\"771\" \/><\/p><p>Le message s&#8217;affichera de cette mani\u00e8re : (voir fl\u00e8che bleue)<\/p><p><img loading=\"lazy\" decoding=\"async\" src=\"https:\/\/www.cmonsite.fr\/site\/webup\/2021\/07\/message-alerte2.png\" sizes=\"(max-width: 979px) 100vw, 979px\" srcset=\"https:\/\/www.cmonsite.fr\/site\/webup\/2021\/07\/message-alerte2.png 979w, https:\/\/www.cmonsite.fr\/site\/webup\/2021\/07\/message-alerte2-300x169.png 300w, https:\/\/www.cmonsite.fr\/site\/webup\/2021\/07\/message-alerte2-768x432.png 768w\" alt=\"\" width=\"979\" height=\"551\" \/><\/p><h2>3. Ajouter un libell\u00e9 en face de chaque moyen de livraison<\/h2><p>Vous avez la possibilit\u00e9 d&#8217;afficher un message visible \u00e0 vos clients lorsqu&#8217;ils choisiront leur mode de livraison pr\u00e9f\u00e9r\u00e9.<\/p><p>Rendez-vous dans la rubrique &#8220;<b>Boutique<\/b>&#8221; puis &#8220;<b>Frais de port \/ Transport&#8221; .<\/b><\/p><p><img loading=\"lazy\" decoding=\"async\" src=\"https:\/\/www.cmonsite.fr\/site\/webup\/2021\/07\/frais-de-port.png\" sizes=\"(max-width: 1151px) 100vw, 1151px\" srcset=\"https:\/\/www.cmonsite.fr\/site\/webup\/2021\/07\/frais-de-port.png 1151w, https:\/\/www.cmonsite.fr\/site\/webup\/2021\/07\/frais-de-port-300x117.png 300w, https:\/\/www.cmonsite.fr\/site\/webup\/2021\/07\/frais-de-port-1024x400.png 1024w, https:\/\/www.cmonsite.fr\/site\/webup\/2021\/07\/frais-de-port-768x300.png 768w\" alt=\"\" width=\"1151\" height=\"450\" \/><\/p><p>Il vous suffit de cliquer sur &#8220;<b>Configurer les options<\/b>&#8221; de vos transporteurs actifs puis de remplir le champ suivant :<br \/>&#8220;<b>Libell\u00e9 du transporteurs affich\u00e9 \u00e0 vos clients<\/b>&#8221; comme indiqu\u00e9 par la fl\u00e8che bleue.<\/p><p><img loading=\"lazy\" decoding=\"async\" src=\"https:\/\/www.cmonsite.fr\/site\/webup\/2021\/07\/libelle.png\" sizes=\"(max-width: 1286px) 100vw, 1286px\" srcset=\"https:\/\/www.cmonsite.fr\/site\/webup\/2021\/07\/libelle.png 1286w, https:\/\/www.cmonsite.fr\/site\/webup\/2021\/07\/libelle-300x195.png 300w, https:\/\/www.cmonsite.fr\/site\/webup\/2021\/07\/libelle-1024x666.png 1024w, https:\/\/www.cmonsite.fr\/site\/webup\/2021\/07\/libelle-768x500.png 768w\" alt=\"\" width=\"1286\" height=\"837\" \/><\/p><p>Le message s&#8217;affichera de cette mani\u00e8re : (voir encadr\u00e9 bleu)<\/p><p><img loading=\"lazy\" decoding=\"async\" src=\"https:\/\/www.cmonsite.fr\/site\/webup\/2021\/07\/libelle8.png\" sizes=\"(max-width: 977px) 100vw, 977px\" srcset=\"https:\/\/www.cmonsite.fr\/site\/webup\/2021\/07\/libelle8.png 977w, https:\/\/www.cmonsite.fr\/site\/webup\/2021\/07\/libelle8-300x87.png 300w, https:\/\/www.cmonsite.fr\/site\/webup\/2021\/07\/libelle8-768x223.png 768w\" alt=\"\" width=\"977\" height=\"284\" \/><\/p><h2>4. D\u00e9sactiver la vente de vos produits<\/h2><p>Si vraiment, vous n&#8217;avez pas d&#8217;autres choix. Vous pouvez temporairement d\u00e9sactiver la vente de vos produits. Pour cela, rendez-vous dans la rubrique &#8220;<b>Boutique<\/b>&#8221; puis &#8220;<b>Configuration du Catalogue&#8221; . <\/b>Il vous suffit d&#8217;activer l&#8217;option &#8220;<b>Mode catalogue (D\u00e9sactiver la vente)&#8221; .\u00a0<\/b>La vente de vos produits sera automatiquement d\u00e9sactiv\u00e9e. Vos produits seront visibles mais il n&#8217;y aura plus de bouton ajouter au panier permettant de commander.<\/p><p><img loading=\"lazy\" decoding=\"async\" src=\"https:\/\/www.cmonsite.fr\/site\/webup\/2021\/07\/mode-vacances7.png\" sizes=\"(max-width: 953px) 100vw, 953px\" srcset=\"https:\/\/www.cmonsite.fr\/site\/webup\/2021\/07\/mode-vacances7.png 953w, https:\/\/www.cmonsite.fr\/site\/webup\/2021\/07\/mode-vacances7-300x157.png 300w, https:\/\/www.cmonsite.fr\/site\/webup\/2021\/07\/mode-vacances7-768x401.png 768w\" alt=\"\" width=\"953\" height=\"498\" \/><\/p>\t\t\t\t\t\t\t\t<\/div>\n\t\t\t\t<\/div>\n\t\t\t\t\t<\/div>\n\t\t<\/div>\n\t\t\t\t\t<\/div>\n\t\t<\/section>\n\t\t\t\t<\/div>\n\t\t","protected":false},"excerpt":{"rendered":"<p>Vous partez bient\u00f4t en vacances ou vous devez vous absenter ? Vous ne savez pas comment g\u00e9rer votre site internet pendant cette p\u00e9riode ? Voici quelques astuces pour faciliter la communication aupr\u00e8s de vos clients. D\u00e9couvrez 4 mani\u00e8res de g\u00e9rer votre site internet sans devoir le fermer. 1. Afficher un bandeau de couleur en haut [&hellip;]<\/p>\n","protected":false},"author":1,"featured_media":18560,"parent":2920,"menu_order":11,"comment_status":"closed","ping_status":"closed","template":"","meta":{"_helpful_status":1,"footnotes":""},"class_list":["post-17209","page","type-page","status-publish","has-post-thumbnail","hentry"],"_links":{"self":[{"href":"https:\/\/www.cmonsite.fr\/site\/wp-json\/wp\/v2\/pages\/17209","targetHints":{"allow":["GET"]}}],"collection":[{"href":"https:\/\/www.cmonsite.fr\/site\/wp-json\/wp\/v2\/pages"}],"about":[{"href":"https:\/\/www.cmonsite.fr\/site\/wp-json\/wp\/v2\/types\/page"}],"author":[{"embeddable":true,"href":"https:\/\/www.cmonsite.fr\/site\/wp-json\/wp\/v2\/users\/1"}],"replies":[{"embeddable":true,"href":"https:\/\/www.cmonsite.fr\/site\/wp-json\/wp\/v2\/comments?post=17209"}],"version-history":[{"count":7,"href":"https:\/\/www.cmonsite.fr\/site\/wp-json\/wp\/v2\/pages\/17209\/revisions"}],"predecessor-version":[{"id":25161,"href":"https:\/\/www.cmonsite.fr\/site\/wp-json\/wp\/v2\/pages\/17209\/revisions\/25161"}],"up":[{"embeddable":true,"href":"https:\/\/www.cmonsite.fr\/site\/wp-json\/wp\/v2\/pages\/2920"}],"wp:featuredmedia":[{"embeddable":true,"href":"https:\/\/www.cmonsite.fr\/site\/wp-json\/wp\/v2\/media\/18560"}],"wp:attachment":[{"href":"https:\/\/www.cmonsite.fr\/site\/wp-json\/wp\/v2\/media?parent=17209"}],"curies":[{"name":"wp","href":"https:\/\/api.w.org\/{rel}","templated":true}]}}