{"id":16415,"date":"2021-06-17T14:33:02","date_gmt":"2021-06-17T12:33:02","guid":{"rendered":"https:\/\/www.cmonsite.fr\/site\/aide\/?page_id=16415"},"modified":"2023-07-20T11:28:25","modified_gmt":"2023-07-20T09:28:25","slug":"comment-creer-un-statut-de-membre-vip","status":"publish","type":"page","link":"https:\/\/www.cmonsite.fr\/site\/aide\/gestion-des-clients\/comment-creer-un-statut-de-membre-vip","title":{"rendered":"Comment cr\u00e9er un statut de membre VIP ?"},"content":{"rendered":"\t\t<div data-elementor-type=\"wp-page\" data-elementor-id=\"16415\" class=\"elementor elementor-16415\" data-elementor-post-type=\"page\">\n\t\t\t\t\t\t<section class=\"elementor-section elementor-top-section elementor-element elementor-element-9ef7712 elementor-section-boxed elementor-section-height-default elementor-section-height-default\" data-id=\"9ef7712\" data-element_type=\"section\" data-e-type=\"section\">\n\t\t\t\t\t\t<div class=\"elementor-container elementor-column-gap-default\">\n\t\t\t\t\t<div class=\"elementor-column elementor-col-100 elementor-top-column elementor-element elementor-element-cd39472\" data-id=\"cd39472\" data-element_type=\"column\" data-e-type=\"column\">\n\t\t\t<div class=\"elementor-widget-wrap elementor-element-populated\">\n\t\t\t\t\t\t<div class=\"elementor-element elementor-element-4222095 elementor-widget elementor-widget-text-editor\" data-id=\"4222095\" data-element_type=\"widget\" data-e-type=\"widget\" data-widget_type=\"text-editor.default\">\n\t\t\t\t<div class=\"elementor-widget-container\">\n\t\t\t\t\t\t\t\t\t<p>Faites b\u00e9n\u00e9ficier \u00e0 vos clients fid\u00e8les de remises exclusives ! Proposez leur de devenir membre de votre club VIP en s&#8217;abonnant \u00e0 votre programme sp\u00e9cial adh\u00e9rent (par exemple 10\u20ac\/an). Ils pourront alors b\u00e9n\u00e9ficier de remises sur l&#8217;ensemble de votre boutique (taux de votre choix \u00e0 d\u00e9finir).<\/p>\t\t\t\t\t\t\t\t<\/div>\n\t\t\t\t<\/div>\n\t\t\t\t<div class=\"elementor-element elementor-element-28de136 elementor-widget elementor-widget-spacer\" data-id=\"28de136\" data-element_type=\"widget\" data-e-type=\"widget\" data-widget_type=\"spacer.default\">\n\t\t\t\t<div class=\"elementor-widget-container\">\n\t\t\t\t\t\t\t<div class=\"elementor-spacer\">\n\t\t\t<div class=\"elementor-spacer-inner\"><\/div>\n\t\t<\/div>\n\t\t\t\t\t\t<\/div>\n\t\t\t\t<\/div>\n\t\t\t\t\t<\/div>\n\t\t<\/div>\n\t\t\t\t\t<\/div>\n\t\t<\/section>\n\t\t\t\t<section class=\"elementor-section elementor-top-section elementor-element elementor-element-9d06c0d elementor-section-boxed elementor-section-height-default elementor-section-height-default\" data-id=\"9d06c0d\" data-element_type=\"section\" data-e-type=\"section\">\n\t\t\t\t\t\t<div class=\"elementor-container elementor-column-gap-default\">\n\t\t\t\t\t<div class=\"elementor-column elementor-col-100 elementor-top-column elementor-element elementor-element-38a3f7c\" data-id=\"38a3f7c\" data-element_type=\"column\" data-e-type=\"column\">\n\t\t\t<div class=\"elementor-widget-wrap elementor-element-populated\">\n\t\t\t\t\t\t<div class=\"elementor-element elementor-element-0456e22 elementor-widget elementor-widget-heading\" data-id=\"0456e22\" data-element_type=\"widget\" data-e-type=\"widget\" data-widget_type=\"heading.default\">\n\t\t\t\t<div class=\"elementor-widget-container\">\n\t\t\t\t\t<h2 class=\"elementor-heading-title elementor-size-default\">1. Cr\u00e9er un groupe client VIP<\/h2>\t\t\t\t<\/div>\n\t\t\t\t<\/div>\n\t\t\t\t<div class=\"elementor-element elementor-element-fc77d9f elementor-widget elementor-widget-text-editor\" data-id=\"fc77d9f\" data-element_type=\"widget\" data-e-type=\"widget\" data-widget_type=\"text-editor.default\">\n\t\t\t\t<div class=\"elementor-widget-container\">\n\t\t\t\t\t\t\t\t\t<p>Avec CmonSite, vous pouvez g\u00e9rer facilement les clients qui cr\u00e9ent un compte sur votre site.\u00a0<span style=\"font-family: var( --e-global-typography-text-font-family ), Sans-serif;\">Les groupes de Clients permettent de :<\/span><\/p><ul><li>d\u00e9finir une r\u00e9duction globale \u00e0 un groupe de clients<\/li><li>d&#8217;offrir les frais de port \u00e0 un groupe de clients<\/li><li>d\u00e9finir un taux de TVA pour\u00a0un groupe de clients<\/li><li>d&#8217;afficher les prix en HT ou en TTC \u00e0 un groupe de clients<\/li><li>de limiter l&#8217;achat de certains articles \u00e0 un groupe de clients<\/li><\/ul><p>Pour cela, vous devez au pr\u00e9alable vous rendre sur la page de gestion des clients. Rendez-vous dans la rubrique &#8220;<span style=\"font-weight: bold;\"><em>Boutique<\/em><\/span>&#8221; puis cliquez sur &#8220;<span style=\"font-weight: bold;\"><em>Clients<\/em><\/span>&#8220;.<\/p>\t\t\t\t\t\t\t\t<\/div>\n\t\t\t\t<\/div>\n\t\t\t\t<div class=\"elementor-element elementor-element-d76f159 elementor-widget elementor-widget-image\" data-id=\"d76f159\" data-element_type=\"widget\" data-e-type=\"widget\" data-widget_type=\"image.default\">\n\t\t\t\t<div class=\"elementor-widget-container\">\n\t\t\t\t\t\t\t\t\t\t\t\t\t\t\t<img fetchpriority=\"high\" decoding=\"async\" width=\"1231\" height=\"468\" src=\"https:\/\/www.cmonsite.fr\/site\/webup\/2021\/06\/menu.jpg\" class=\"attachment-full size-full wp-image-16424\" alt=\"\" srcset=\"https:\/\/www.cmonsite.fr\/site\/webup\/2021\/06\/menu.jpg 1231w, https:\/\/www.cmonsite.fr\/site\/webup\/2021\/06\/menu-300x114.jpg 300w, https:\/\/www.cmonsite.fr\/site\/webup\/2021\/06\/menu-1024x389.jpg 1024w, https:\/\/www.cmonsite.fr\/site\/webup\/2021\/06\/menu-768x292.jpg 768w\" sizes=\"(max-width: 1231px) 100vw, 1231px\" \/>\t\t\t\t\t\t\t\t\t\t\t\t\t\t\t<\/div>\n\t\t\t\t<\/div>\n\t\t\t\t<div class=\"elementor-element elementor-element-e97fa75 elementor-widget elementor-widget-text-editor\" data-id=\"e97fa75\" data-element_type=\"widget\" data-e-type=\"widget\" data-widget_type=\"text-editor.default\">\n\t\t\t\t<div class=\"elementor-widget-container\">\n\t\t\t\t\t\t\t\t\t<p style=\"color: #7a7a7a;\"><span style=\"color: #000000; font-family: var( --e-global-typography-text-font-family ), Sans-serif; font-weight: var( --e-global-typography-text-font-weight );\">Vous pouvez cr\u00e9er 2 groupes de clients, celui pour les clients classiques et celui d\u00e9di\u00e9 aux membres du club VIP. Chaque ligne vous permet de voir un r\u00e9sum\u00e9 des informations du groupe :<\/span><\/p><ul><li>Son nom<\/li><li>Le taux de TVA appliqu\u00e9<\/li><li>La r\u00e9duction appliqu\u00e9e<\/li><li>L&#8217;affichage des prix<\/li><li>Si les frais de port sont offerts ou non<\/li><\/ul><p>De plus, vous pouvez \u00e9diter et supprimer chacun des groupes.<\/p><p>\u00a0<\/p><p>NE PAS OUBLIER !<br \/>Nous vous conseillons de cocher l&#8217;ic\u00f4ne \u00ab\u00a0<span style=\"font-weight: bold;\"><em>\u00c9toile\u00a0<\/em><\/span>\u00bb sur le groupe de client dit &#8220;classique&#8221; pour d\u00e9finir ce groupe par d\u00e9faut. Tous les nouveaux clients auront ce groupe attribu\u00e9 lors de la cr\u00e9ation de leur compte.<\/p>\t\t\t\t\t\t\t\t<\/div>\n\t\t\t\t<\/div>\n\t\t\t\t<div class=\"elementor-element elementor-element-674f853 elementor-widget elementor-widget-image\" data-id=\"674f853\" data-element_type=\"widget\" data-e-type=\"widget\" data-widget_type=\"image.default\">\n\t\t\t\t<div class=\"elementor-widget-container\">\n\t\t\t\t\t\t\t\t\t\t\t\t\t\t\t<img decoding=\"async\" width=\"1283\" height=\"434\" src=\"https:\/\/www.cmonsite.fr\/site\/webup\/2021\/06\/groupe-client-vip.gif\" class=\"attachment-full size-full wp-image-16431\" alt=\"\" \/>\t\t\t\t\t\t\t\t\t\t\t\t\t\t\t<\/div>\n\t\t\t\t<\/div>\n\t\t\t\t<div class=\"elementor-element elementor-element-b4c1802 elementor-widget-divider--view-line elementor-widget elementor-widget-divider\" data-id=\"b4c1802\" data-element_type=\"widget\" data-e-type=\"widget\" data-widget_type=\"divider.default\">\n\t\t\t\t<div class=\"elementor-widget-container\">\n\t\t\t\t\t\t\t<div class=\"elementor-divider\">\n\t\t\t<span class=\"elementor-divider-separator\">\n\t\t\t\t\t\t<\/span>\n\t\t<\/div>\n\t\t\t\t\t\t<\/div>\n\t\t\t\t<\/div>\n\t\t\t\t<div class=\"elementor-element elementor-element-1dc35ee elementor-widget elementor-widget-text-editor\" data-id=\"1dc35ee\" data-element_type=\"widget\" data-e-type=\"widget\" data-widget_type=\"text-editor.default\">\n\t\t\t\t<div class=\"elementor-widget-container\">\n\t\t\t\t\t\t\t\t\t<p>Pour en savoir plus sur la cr\u00e9ation de produits d&#8217;abonnements,<a href=\"https:\/\/www.cmonsite.fr\/creer-un-site\/boutique\/proposer-des-abonnements\/\" target=\"_blank\"> cliquez ici<\/a>&nbsp;!<\/p>\t\t\t\t\t\t\t\t<\/div>\n\t\t\t\t<\/div>\n\t\t\t\t<div class=\"elementor-element elementor-element-cc1698c elementor-widget-divider--view-line elementor-widget elementor-widget-divider\" data-id=\"cc1698c\" data-element_type=\"widget\" data-e-type=\"widget\" data-widget_type=\"divider.default\">\n\t\t\t\t<div class=\"elementor-widget-container\">\n\t\t\t\t\t\t\t<div class=\"elementor-divider\">\n\t\t\t<span class=\"elementor-divider-separator\">\n\t\t\t\t\t\t<\/span>\n\t\t<\/div>\n\t\t\t\t\t\t<\/div>\n\t\t\t\t<\/div>\n\t\t\t\t<div class=\"elementor-element elementor-element-4de8cba elementor-widget elementor-widget-spacer\" data-id=\"4de8cba\" data-element_type=\"widget\" data-e-type=\"widget\" data-widget_type=\"spacer.default\">\n\t\t\t\t<div class=\"elementor-widget-container\">\n\t\t\t\t\t\t\t<div class=\"elementor-spacer\">\n\t\t\t<div class=\"elementor-spacer-inner\"><\/div>\n\t\t<\/div>\n\t\t\t\t\t\t<\/div>\n\t\t\t\t<\/div>\n\t\t\t\t\t<\/div>\n\t\t<\/div>\n\t\t\t\t\t<\/div>\n\t\t<\/section>\n\t\t\t\t<section class=\"elementor-section elementor-top-section elementor-element elementor-element-b8edfd8 elementor-section-boxed elementor-section-height-default elementor-section-height-default\" data-id=\"b8edfd8\" data-element_type=\"section\" data-e-type=\"section\">\n\t\t\t\t\t\t<div class=\"elementor-container elementor-column-gap-default\">\n\t\t\t\t\t<div class=\"elementor-column elementor-col-100 elementor-top-column elementor-element elementor-element-65a835d\" data-id=\"65a835d\" data-element_type=\"column\" data-e-type=\"column\">\n\t\t\t<div class=\"elementor-widget-wrap elementor-element-populated\">\n\t\t\t\t\t\t<div class=\"elementor-element elementor-element-ff24d44 elementor-widget elementor-widget-heading\" data-id=\"ff24d44\" data-element_type=\"widget\" data-e-type=\"widget\" data-widget_type=\"heading.default\">\n\t\t\t\t<div class=\"elementor-widget-container\">\n\t\t\t\t\t<h2 class=\"elementor-heading-title elementor-size-default\">2. Cr\u00e9er un produit avec abonnement<\/h2>\t\t\t\t<\/div>\n\t\t\t\t<\/div>\n\t\t\t\t<div class=\"elementor-element elementor-element-6dd5b44 elementor-widget elementor-widget-text-editor\" data-id=\"6dd5b44\" data-element_type=\"widget\" data-e-type=\"widget\" data-widget_type=\"text-editor.default\">\n\t\t\t\t<div class=\"elementor-widget-container\">\n\t\t\t\t\t\t\t\t\t<p>Vous devez ensuite cr\u00e9er un produit classique et configurer les param\u00e8tres de l&#8217;abonnement directement dans la fiche du produit au niveau de la description longue. Il vous suffit de choisir la fr\u00e9quence de l&#8217;abonnement souhait\u00e9.<\/p>\n<p>Il est important de cocher la case suivante : &#8220;<b>Mettre le client dans un groupe clients durant la p\u00e9riode de l&#8217;abonnement<\/b>&#8221; puis de s\u00e9lectionner le bon groupe de clients.<\/p>\n<p>Ainsi que : &#8220;<b>Mettre le client dans un groupe clients lors de la fin de l&#8217;abonnement<\/b>&#8221;&nbsp;<span style=\"font-family: var( --e-global-typography-text-font-family ), Sans-serif; font-weight: var( --e-global-typography-text-font-weight );\">puis de s\u00e9lectionner le bon groupe de clients<\/span><span style=\"font-family: var( --e-global-typography-text-font-family ), Sans-serif; font-weight: var( --e-global-typography-text-font-weight );\">.&nbsp;<br><\/span><span style=\"font-family: var( --e-global-typography-text-font-family ), Sans-serif; font-weight: var( --e-global-typography-text-font-weight );\">De ce fait si l&#8217;adh\u00e9rent arr\u00eate son abonnement ou alors qu&#8217;il prend fin naturellement, il sera bascul\u00e9 automatiquement dans le groupe de clients classiques.<\/span><\/p>\t\t\t\t\t\t\t\t<\/div>\n\t\t\t\t<\/div>\n\t\t\t\t<div class=\"elementor-element elementor-element-1c62057 elementor-widget elementor-widget-image\" data-id=\"1c62057\" data-element_type=\"widget\" data-e-type=\"widget\" data-widget_type=\"image.default\">\n\t\t\t\t<div class=\"elementor-widget-container\">\n\t\t\t\t\t\t\t\t\t\t\t\t\t\t\t<img decoding=\"async\" width=\"1221\" height=\"850\" src=\"https:\/\/www.cmonsite.fr\/site\/webup\/2021\/06\/produit-abonnement.png\" class=\"attachment-full size-full wp-image-16445\" alt=\"\" srcset=\"https:\/\/www.cmonsite.fr\/site\/webup\/2021\/06\/produit-abonnement.png 1221w, https:\/\/www.cmonsite.fr\/site\/webup\/2021\/06\/produit-abonnement-300x209.png 300w, https:\/\/www.cmonsite.fr\/site\/webup\/2021\/06\/produit-abonnement-1024x713.png 1024w, https:\/\/www.cmonsite.fr\/site\/webup\/2021\/06\/produit-abonnement-768x535.png 768w\" sizes=\"(max-width: 1221px) 100vw, 1221px\" \/>\t\t\t\t\t\t\t\t\t\t\t\t\t\t\t<\/div>\n\t\t\t\t<\/div>\n\t\t\t\t<div class=\"elementor-element elementor-element-a007737 elementor-widget-divider--view-line elementor-widget elementor-widget-divider\" data-id=\"a007737\" data-element_type=\"widget\" data-e-type=\"widget\" data-widget_type=\"divider.default\">\n\t\t\t\t<div class=\"elementor-widget-container\">\n\t\t\t\t\t\t\t<div class=\"elementor-divider\">\n\t\t\t<span class=\"elementor-divider-separator\">\n\t\t\t\t\t\t<\/span>\n\t\t<\/div>\n\t\t\t\t\t\t<\/div>\n\t\t\t\t<\/div>\n\t\t\t\t<div class=\"elementor-element elementor-element-bf0c0b8 elementor-widget elementor-widget-text-editor\" data-id=\"bf0c0b8\" data-element_type=\"widget\" data-e-type=\"widget\" data-widget_type=\"text-editor.default\">\n\t\t\t\t<div class=\"elementor-widget-container\">\n\t\t\t\t\t\t\t\t\t<p>Pour en savoir plus sur la cr\u00e9ation de groupes clients,&nbsp;<a href=\"https:\/\/www.cmonsite.fr\/creer-un-site\/boutique\/gestion-des-comptes-clients-groupes-de-clients-et-restrictions\/\" target=\"_blank\">cliquez ici<\/a>&nbsp;!<\/p>\t\t\t\t\t\t\t\t<\/div>\n\t\t\t\t<\/div>\n\t\t\t\t<div class=\"elementor-element elementor-element-165ee31 elementor-widget-divider--view-line elementor-widget elementor-widget-divider\" data-id=\"165ee31\" data-element_type=\"widget\" data-e-type=\"widget\" data-widget_type=\"divider.default\">\n\t\t\t\t<div class=\"elementor-widget-container\">\n\t\t\t\t\t\t\t<div class=\"elementor-divider\">\n\t\t\t<span class=\"elementor-divider-separator\">\n\t\t\t\t\t\t<\/span>\n\t\t<\/div>\n\t\t\t\t\t\t<\/div>\n\t\t\t\t<\/div>\n\t\t\t\t\t<\/div>\n\t\t<\/div>\n\t\t\t\t\t<\/div>\n\t\t<\/section>\n\t\t\t\t<section class=\"elementor-section elementor-top-section elementor-element elementor-element-d528be3 elementor-section-boxed elementor-section-height-default elementor-section-height-default\" data-id=\"d528be3\" data-element_type=\"section\" data-e-type=\"section\">\n\t\t\t\t\t\t<div class=\"elementor-container elementor-column-gap-default\">\n\t\t\t\t\t<div class=\"elementor-column elementor-col-100 elementor-top-column elementor-element elementor-element-ad3754d\" data-id=\"ad3754d\" data-element_type=\"column\" data-e-type=\"column\">\n\t\t\t<div class=\"elementor-widget-wrap elementor-element-populated\">\n\t\t\t\t\t\t<div class=\"elementor-element elementor-element-88d20be elementor-widget elementor-widget-text-editor\" data-id=\"88d20be\" data-element_type=\"widget\" data-e-type=\"widget\" data-widget_type=\"text-editor.default\">\n\t\t\t\t<div class=\"elementor-widget-container\">\n\t\t\t\t\t\t\t\t\t<p><b>F\u00c9LICITATIONS ! VOUS AVEZ CR\u00c9\u00c9 UN CLUB VIP SUR VOTRE BOUTIQUE EN LIGNE !<\/b><\/p>\t\t\t\t\t\t\t\t<\/div>\n\t\t\t\t<\/div>\n\t\t\t\t\t<\/div>\n\t\t<\/div>\n\t\t\t\t\t<\/div>\n\t\t<\/section>\n\t\t\t\t<\/div>\n\t\t","protected":false},"excerpt":{"rendered":"<p>Faites b\u00e9n\u00e9ficier \u00e0 vos clients fid\u00e8les de remises exclusives ! Proposez leur de devenir membre de votre club VIP en s&#8217;abonnant \u00e0 votre programme sp\u00e9cial adh\u00e9rent (par exemple 10\u20ac\/an). Ils pourront alors b\u00e9n\u00e9ficier de remises sur l&#8217;ensemble de votre boutique (taux de votre choix \u00e0 d\u00e9finir). 1. Cr\u00e9er un groupe client VIP Avec CmonSite, vous [&hellip;]<\/p>\n","protected":false},"author":1,"featured_media":0,"parent":24725,"menu_order":4,"comment_status":"closed","ping_status":"closed","template":"","meta":{"_helpful_status":1,"footnotes":""},"class_list":["post-16415","page","type-page","status-publish","hentry"],"_links":{"self":[{"href":"https:\/\/www.cmonsite.fr\/site\/wp-json\/wp\/v2\/pages\/16415","targetHints":{"allow":["GET"]}}],"collection":[{"href":"https:\/\/www.cmonsite.fr\/site\/wp-json\/wp\/v2\/pages"}],"about":[{"href":"https:\/\/www.cmonsite.fr\/site\/wp-json\/wp\/v2\/types\/page"}],"author":[{"embeddable":true,"href":"https:\/\/www.cmonsite.fr\/site\/wp-json\/wp\/v2\/users\/1"}],"replies":[{"embeddable":true,"href":"https:\/\/www.cmonsite.fr\/site\/wp-json\/wp\/v2\/comments?post=16415"}],"version-history":[{"count":4,"href":"https:\/\/www.cmonsite.fr\/site\/wp-json\/wp\/v2\/pages\/16415\/revisions"}],"predecessor-version":[{"id":25107,"href":"https:\/\/www.cmonsite.fr\/site\/wp-json\/wp\/v2\/pages\/16415\/revisions\/25107"}],"up":[{"embeddable":true,"href":"https:\/\/www.cmonsite.fr\/site\/wp-json\/wp\/v2\/pages\/24725"}],"wp:attachment":[{"href":"https:\/\/www.cmonsite.fr\/site\/wp-json\/wp\/v2\/media?parent=16415"}],"curies":[{"name":"wp","href":"https:\/\/api.w.org\/{rel}","templated":true}]}}