{"id":15407,"date":"2021-03-11T13:56:39","date_gmt":"2021-03-11T12:56:39","guid":{"rendered":"https:\/\/www.cmonsite.fr\/site\/aide\/?page_id=15407"},"modified":"2025-04-25T16:33:01","modified_gmt":"2025-04-25T14:33:01","slug":"comment-modifier-police-decriture-site","status":"publish","type":"page","link":"https:\/\/www.cmonsite.fr\/site\/aide\/design\/comment-modifier-police-decriture-site","title":{"rendered":"Comment modifier une police d\u2019\u00e9criture sur votre site"},"content":{"rendered":"\t\t<div data-elementor-type=\"wp-page\" data-elementor-id=\"15407\" class=\"elementor elementor-15407\" data-elementor-post-type=\"page\">\n\t\t\t\t\t\t<section class=\"elementor-section elementor-top-section elementor-element elementor-element-4422c1f elementor-section-boxed elementor-section-height-default elementor-section-height-default\" data-id=\"4422c1f\" data-element_type=\"section\" data-e-type=\"section\">\n\t\t\t\t\t\t<div class=\"elementor-container elementor-column-gap-default\">\n\t\t\t\t\t<div class=\"elementor-column elementor-col-100 elementor-top-column elementor-element elementor-element-7a37ee4\" data-id=\"7a37ee4\" data-element_type=\"column\" data-e-type=\"column\">\n\t\t\t<div class=\"elementor-widget-wrap elementor-element-populated\">\n\t\t\t\t\t\t<div class=\"elementor-element elementor-element-a21f5dc elementor-widget elementor-widget-text-editor\" data-id=\"a21f5dc\" data-element_type=\"widget\" data-e-type=\"widget\" data-widget_type=\"text-editor.default\">\n\t\t\t\t<div class=\"elementor-widget-container\">\n\t\t\t\t\t\t\t\t\t<p>Sur CmonSite, vous avez la possibilit\u00e9 de personnaliser l\u2019apparence de votre site en modifiant les polices d\u2019\u00e9criture. Cette fonctionnalit\u00e9 vous permet d\u2019ajuster le style visuel de vos titres, paragraphes et autres \u00e9l\u00e9ments de texte selon votre identit\u00e9 de marque.<\/p>\t\t\t\t\t\t\t\t<\/div>\n\t\t\t\t<\/div>\n\t\t\t\t<div class=\"elementor-element elementor-element-2f5db4c elementor-widget elementor-widget-spacer\" data-id=\"2f5db4c\" data-element_type=\"widget\" data-e-type=\"widget\" data-widget_type=\"spacer.default\">\n\t\t\t\t<div class=\"elementor-widget-container\">\n\t\t\t\t\t\t\t<div class=\"elementor-spacer\">\n\t\t\t<div class=\"elementor-spacer-inner\"><\/div>\n\t\t<\/div>\n\t\t\t\t\t\t<\/div>\n\t\t\t\t<\/div>\n\t\t\t\t<div class=\"elementor-element elementor-element-8caf8b6 elementor-widget elementor-widget-heading\" data-id=\"8caf8b6\" data-element_type=\"widget\" data-e-type=\"widget\" data-widget_type=\"heading.default\">\n\t\t\t\t<div class=\"elementor-widget-container\">\n\t\t\t\t\t<h2 class=\"elementor-heading-title elementor-size-default\">Quelles polices choisir ? \n<\/h2>\t\t\t\t<\/div>\n\t\t\t\t<\/div>\n\t\t\t\t<div class=\"elementor-element elementor-element-0e5137f elementor-widget elementor-widget-text-editor\" data-id=\"0e5137f\" data-element_type=\"widget\" data-e-type=\"widget\" data-widget_type=\"text-editor.default\">\n\t\t\t\t<div class=\"elementor-widget-container\">\n\t\t\t\t\t\t\t\t\t<p class=\"\" data-start=\"946\" data-end=\"1021\">Nous vous conseillons d\u2019utiliser <strong data-start=\"979\" data-end=\"1011\">deux polices compl\u00e9mentaires<\/strong> maximum :<\/p><p>\u00a0<\/p><ul data-start=\"1023\" data-end=\"1210\"><li class=\"\" data-start=\"1023\" data-end=\"1112\"><p class=\"\" data-start=\"1025\" data-end=\"1112\"><strong data-start=\"1025\" data-end=\"1048\">Une pour les titres<\/strong> : expressive, originale ou d\u00e9corative pour attirer l\u2019attention.<\/p><\/li><li class=\"\" data-start=\"1113\" data-end=\"1210\"><p class=\"\" data-start=\"1115\" data-end=\"1210\"><strong data-start=\"1115\" data-end=\"1145\">Une pour le corps de texte<\/strong> : plus simple et lisible pour assurer un bon confort de lecture.<\/p><\/li><\/ul><div>\u00a0<\/div>\t\t\t\t\t\t\t\t<\/div>\n\t\t\t\t<\/div>\n\t\t\t\t<div class=\"elementor-element elementor-element-34f3b36 elementor-widget elementor-widget-text-editor\" data-id=\"34f3b36\" data-element_type=\"widget\" data-e-type=\"widget\" data-widget_type=\"text-editor.default\">\n\t\t\t\t<div class=\"elementor-widget-container\">\n\t\t\t\t\t\t\t\t\t<p style=\"text-align: left;\">Exemple : utilisez une police \u00e9l\u00e9gante pour vos titres (ex. &#8220;Playfair Display&#8221;) et une police sans serif pour vos paragraphes (ex. &#8220;Open Sans&#8221;).<\/p>\t\t\t\t\t\t\t\t<\/div>\n\t\t\t\t<\/div>\n\t\t\t\t\t<\/div>\n\t\t<\/div>\n\t\t\t\t\t<\/div>\n\t\t<\/section>\n\t\t\t\t<section class=\"elementor-section elementor-top-section elementor-element elementor-element-4e0b78e elementor-section-boxed elementor-section-height-default elementor-section-height-default\" data-id=\"4e0b78e\" data-element_type=\"section\" data-e-type=\"section\">\n\t\t\t\t\t\t<div class=\"elementor-container elementor-column-gap-default\">\n\t\t\t\t\t<div class=\"elementor-column elementor-col-100 elementor-top-column elementor-element elementor-element-01750cf\" data-id=\"01750cf\" data-element_type=\"column\" data-e-type=\"column\">\n\t\t\t<div class=\"elementor-widget-wrap elementor-element-populated\">\n\t\t\t\t\t\t<div class=\"elementor-element elementor-element-ceb5800 elementor-widget elementor-widget-spacer\" data-id=\"ceb5800\" data-element_type=\"widget\" data-e-type=\"widget\" data-widget_type=\"spacer.default\">\n\t\t\t\t<div class=\"elementor-widget-container\">\n\t\t\t\t\t\t\t<div class=\"elementor-spacer\">\n\t\t\t<div class=\"elementor-spacer-inner\"><\/div>\n\t\t<\/div>\n\t\t\t\t\t\t<\/div>\n\t\t\t\t<\/div>\n\t\t\t\t<div class=\"elementor-element elementor-element-ed85014 elementor-widget elementor-widget-heading\" data-id=\"ed85014\" data-element_type=\"widget\" data-e-type=\"widget\" data-widget_type=\"heading.default\">\n\t\t\t\t<div class=\"elementor-widget-container\">\n\t\t\t\t\t<h2 class=\"elementor-heading-title elementor-size-default\">Comment modifier une police :<\/h2>\t\t\t\t<\/div>\n\t\t\t\t<\/div>\n\t\t\t\t<div class=\"elementor-element elementor-element-7c92ea8 elementor-widget elementor-widget-text-editor\" data-id=\"7c92ea8\" data-element_type=\"widget\" data-e-type=\"widget\" data-widget_type=\"text-editor.default\">\n\t\t\t\t<div class=\"elementor-widget-container\">\n\t\t\t\t\t\t\t\t\t<p>Lorsque le choix de votre police d&#8217;\u00e9criture est fait, vous pouvez modifier votre police en toute simplicit\u00e9 en vous rendant dans l\u2019\u00e9dition de votre page d\u2019accueil.<\/p><p>\u00a0<\/p><p>\u00a0<\/p><ol data-start=\"1417\" data-end=\"1976\"><li data-start=\"1417\" data-end=\"1548\"><p data-start=\"1420\" data-end=\"1548\"><strong data-start=\"1420\" data-end=\"1443\">Acc\u00e9dez \u00e0 l\u2019\u00e9diteur<\/strong> :<br data-start=\"1445\" data-end=\"1448\" \/>Rendez-vous dans votre espace d&#8217;administration CmonSite \u2192 <strong data-start=\"1506\" data-end=\"1516\">Design<\/strong> \u2192 <strong data-start=\"1519\" data-end=\"1547\">Personnaliser mon design<\/strong>.<\/p><\/li><li data-start=\"1550\" data-end=\"1669\"><p data-start=\"1553\" data-end=\"1669\"><strong data-start=\"1553\" data-end=\"1580\">S\u00e9lectionnez un \u00e9l\u00e9ment<\/strong> :<br data-start=\"1582\" data-end=\"1585\" \/>Cliquez sur le titre, le paragraphe ou la zone de texte que vous souhaitez modifier.<\/p><\/li><li data-start=\"1671\" data-end=\"1836\"><p data-start=\"1674\" data-end=\"1836\"><strong data-start=\"1674\" data-end=\"1701\">Choisissez votre police<\/strong> :<br data-start=\"1703\" data-end=\"1706\" \/>Dans le panneau de style, recherchez la police dans le champ &#8220;Nom de la police&#8221;. Tapez le nom (exact) de la police Google choisie.<\/p><\/li><li data-start=\"1838\" data-end=\"1976\"><p data-start=\"1841\" data-end=\"1976\"><strong data-start=\"1841\" data-end=\"1869\">Appliquez et enregistrez<\/strong> :<br data-start=\"1871\" data-end=\"1874\" \/>Une fois s\u00e9lectionn\u00e9e, la police est appliqu\u00e9e instantan\u00e9ment. Pensez \u00e0 enregistrer vos modifications.<\/p><\/li><\/ol>\t\t\t\t\t\t\t\t<\/div>\n\t\t\t\t<\/div>\n\t\t\t\t<div class=\"elementor-element elementor-element-1f26f6b elementor-widget elementor-widget-video\" data-id=\"1f26f6b\" data-element_type=\"widget\" data-e-type=\"widget\" data-settings=\"{&quot;video_type&quot;:&quot;hosted&quot;,&quot;controls&quot;:&quot;yes&quot;}\" data-widget_type=\"video.default\">\n\t\t\t\t<div class=\"elementor-widget-container\">\n\t\t\t\t\t\t\t<div class=\"e-hosted-video elementor-wrapper elementor-open-inline\">\n\t\t\t\t\t<video class=\"elementor-video\" src=\"https:\/\/www.cmonsite.fr\/site\/webup\/2025\/04\/1744635844868.mp4\" controls=\"\" preload=\"metadata\" controlsList=\"nodownload\"><\/video>\n\t\t\t\t<\/div>\n\t\t\t\t\t\t<\/div>\n\t\t\t\t<\/div>\n\t\t\t\t\t<\/div>\n\t\t<\/div>\n\t\t\t\t\t<\/div>\n\t\t<\/section>\n\t\t\t\t<\/div>\n\t\t","protected":false},"excerpt":{"rendered":"<p>Sur CmonSite, vous avez la possibilit\u00e9 de personnaliser l\u2019apparence de votre site en modifiant les polices d\u2019\u00e9criture. Cette fonctionnalit\u00e9 vous permet d\u2019ajuster le style visuel de vos titres, paragraphes et autres \u00e9l\u00e9ments de texte selon votre identit\u00e9 de marque. Quelles polices choisir ? Nous vous conseillons d\u2019utiliser deux polices compl\u00e9mentaires maximum : \u00a0 Une pour [&hellip;]<\/p>\n","protected":false},"author":1,"featured_media":0,"parent":262,"menu_order":6,"comment_status":"closed","ping_status":"closed","template":"","meta":{"_helpful_status":1,"footnotes":""},"class_list":["post-15407","page","type-page","status-publish","hentry"],"_links":{"self":[{"href":"https:\/\/www.cmonsite.fr\/site\/wp-json\/wp\/v2\/pages\/15407","targetHints":{"allow":["GET"]}}],"collection":[{"href":"https:\/\/www.cmonsite.fr\/site\/wp-json\/wp\/v2\/pages"}],"about":[{"href":"https:\/\/www.cmonsite.fr\/site\/wp-json\/wp\/v2\/types\/page"}],"author":[{"embeddable":true,"href":"https:\/\/www.cmonsite.fr\/site\/wp-json\/wp\/v2\/users\/1"}],"replies":[{"embeddable":true,"href":"https:\/\/www.cmonsite.fr\/site\/wp-json\/wp\/v2\/comments?post=15407"}],"version-history":[{"count":28,"href":"https:\/\/www.cmonsite.fr\/site\/wp-json\/wp\/v2\/pages\/15407\/revisions"}],"predecessor-version":[{"id":27751,"href":"https:\/\/www.cmonsite.fr\/site\/wp-json\/wp\/v2\/pages\/15407\/revisions\/27751"}],"up":[{"embeddable":true,"href":"https:\/\/www.cmonsite.fr\/site\/wp-json\/wp\/v2\/pages\/262"}],"wp:attachment":[{"href":"https:\/\/www.cmonsite.fr\/site\/wp-json\/wp\/v2\/media?parent=15407"}],"curies":[{"name":"wp","href":"https:\/\/api.w.org\/{rel}","templated":true}]}}