{"id":14173,"date":"2021-01-21T09:55:56","date_gmt":"2021-01-21T08:55:56","guid":{"rendered":"https:\/\/www.cmonsite.fr\/site\/aide\/?page_id=14173"},"modified":"2024-11-22T16:56:17","modified_gmt":"2024-11-22T15:56:17","slug":"installer-payplug-et-oney-pour-encaisser-en-carte-bancaire-en-une-ou-plusieurs-fois","status":"publish","type":"page","link":"https:\/\/www.cmonsite.fr\/site\/aide\/moyens-de-paiement\/installer-payplug-et-oney-pour-encaisser-en-carte-bancaire-en-une-ou-plusieurs-fois","title":{"rendered":"Installer PayPlug et Oney pour encaisser en carte bancaire en une ou plusieurs fois"},"content":{"rendered":"\t\t<div data-elementor-type=\"wp-page\" data-elementor-id=\"14173\" class=\"elementor elementor-14173\" data-elementor-post-type=\"page\">\n\t\t\t\t<div class=\"elementor-element elementor-element-4f45b47 e-con-full e-flex e-con e-parent\" data-id=\"4f45b47\" data-element_type=\"container\" data-e-type=\"container\">\n\t\t<div class=\"elementor-element elementor-element-13c0159 e-con-full e-flex e-con e-child\" data-id=\"13c0159\" data-element_type=\"container\" data-e-type=\"container\">\n\t\t\t\t<div class=\"elementor-element elementor-element-ab19d6b elementor-widget elementor-widget-heading\" data-id=\"ab19d6b\" data-element_type=\"widget\" data-e-type=\"widget\" data-widget_type=\"heading.default\">\n\t\t\t\t<div class=\"elementor-widget-container\">\n\t\t\t\t\t<h2 class=\"elementor-heading-title elementor-size-default\">Encaissez en carte bancaire en quelques minutes avec PayPlug<\/h2>\t\t\t\t<\/div>\n\t\t\t\t<\/div>\n\t\t\t\t<div class=\"elementor-element elementor-element-fa0e35b elementor-widget elementor-widget-heading\" data-id=\"fa0e35b\" data-element_type=\"widget\" data-e-type=\"widget\" data-widget_type=\"heading.default\">\n\t\t\t\t<div class=\"elementor-widget-container\">\n\t\t\t\t\t<h3 class=\"elementor-heading-title elementor-size-default\">Une tarification simple et transparente<\/h3>\t\t\t\t<\/div>\n\t\t\t\t<\/div>\n\t\t\t\t<div class=\"elementor-element elementor-element-20a41e7 elementor-widget elementor-widget-text-editor\" data-id=\"20a41e7\" data-element_type=\"widget\" data-e-type=\"widget\" data-widget_type=\"text-editor.default\">\n\t\t\t\t<div class=\"elementor-widget-container\">\n\t\t\t\t\t\t\t\t\t<ul><li>Les offres PayPlug sont sans engagement ni frais d&#8217;installation<\/li><li>Encaissement des paiements en ligne par cartes bancaires CB, Visa, Mastercard, sans contrat VAD<\/li><\/ul>\t\t\t\t\t\t\t\t<\/div>\n\t\t\t\t<\/div>\n\t\t\t\t<\/div>\n\t\t<div class=\"elementor-element elementor-element-6dde646 e-con-full e-flex e-con e-child\" data-id=\"6dde646\" data-element_type=\"container\" data-e-type=\"container\">\n\t\t\t\t<div class=\"elementor-element elementor-element-55cdb68 elementor-widget elementor-widget-image\" data-id=\"55cdb68\" data-element_type=\"widget\" data-e-type=\"widget\" data-widget_type=\"image.default\">\n\t\t\t\t<div class=\"elementor-widget-container\">\n\t\t\t\t\t\t\t\t\t\t\t\t\t\t\t<img fetchpriority=\"high\" decoding=\"async\" width=\"543\" height=\"623\" src=\"https:\/\/www.cmonsite.fr\/site\/webup\/2024\/11\/solution-page-meilleure-experience-client-optimised.png\" class=\"attachment-full size-full wp-image-27231\" alt=\"\" srcset=\"https:\/\/www.cmonsite.fr\/site\/webup\/2024\/11\/solution-page-meilleure-experience-client-optimised.png 543w, https:\/\/www.cmonsite.fr\/site\/webup\/2024\/11\/solution-page-meilleure-experience-client-optimised-261x300.png 261w\" sizes=\"(max-width: 543px) 100vw, 543px\" \/>\t\t\t\t\t\t\t\t\t\t\t\t\t\t\t<\/div>\n\t\t\t\t<\/div>\n\t\t\t\t<\/div>\n\t\t\t\t<\/div>\n\t\t<div class=\"elementor-element elementor-element-b54351f e-flex e-con-boxed e-con e-parent\" data-id=\"b54351f\" data-element_type=\"container\" data-e-type=\"container\">\n\t\t\t\t\t<div class=\"e-con-inner\">\n\t\t\t\t<div class=\"elementor-element elementor-element-eaddab5 elementor-widget elementor-widget-text-editor\" data-id=\"eaddab5\" data-element_type=\"widget\" data-e-type=\"widget\" data-widget_type=\"text-editor.default\">\n\t\t\t\t<div class=\"elementor-widget-container\">\n\t\t\t\t\t\t\t\t\t<p>Une offre de paiement compl\u00e8te qui augmente vos ventes<\/p>\t\t\t\t\t\t\t\t<\/div>\n\t\t\t\t<\/div>\n\t\t\t\t\t<\/div>\n\t\t\t\t<\/div>\n\t\t<div class=\"elementor-element elementor-element-da12451 e-flex e-con-boxed e-con e-parent\" data-id=\"da12451\" data-element_type=\"container\" data-e-type=\"container\">\n\t\t\t\t\t<div class=\"e-con-inner\">\n\t\t<div class=\"elementor-element elementor-element-2dcb6f0 e-con-full e-flex e-con e-child\" data-id=\"2dcb6f0\" data-element_type=\"container\" data-e-type=\"container\">\n\t\t\t\t<div class=\"elementor-element elementor-element-076db13 elementor-widget elementor-widget-image\" data-id=\"076db13\" data-element_type=\"widget\" data-e-type=\"widget\" data-widget_type=\"image.default\">\n\t\t\t\t<div class=\"elementor-widget-container\">\n\t\t\t\t\t\t\t\t\t\t\t\t\t\t\t<img decoding=\"async\" width=\"150\" height=\"150\" src=\"https:\/\/www.cmonsite.fr\/site\/webup\/2024\/11\/icon-woman-validation.png\" class=\"attachment-full size-full wp-image-27235\" alt=\"\" \/>\t\t\t\t\t\t\t\t\t\t\t\t\t\t\t<\/div>\n\t\t\t\t<\/div>\n\t\t\t\t<div class=\"elementor-element elementor-element-2116cda elementor-widget__width-initial elementor-widget elementor-widget-text-editor\" data-id=\"2116cda\" data-element_type=\"widget\" data-e-type=\"widget\" data-widget_type=\"text-editor.default\">\n\t\t\t\t<div class=\"elementor-widget-container\">\n\t\t\t\t\t\t\t\t\t<p><strong>Pages de paiement orient\u00e9es conversion<\/strong><\/p><p><span style=\"text-align: var(--text-align); color: var( --e-global-color-text );\">Proposez \u00e0 vos clients une exp\u00e9rience optimale sur tous supports.<\/span><\/p>\t\t\t\t\t\t\t\t<\/div>\n\t\t\t\t<\/div>\n\t\t\t\t<\/div>\n\t\t<div class=\"elementor-element elementor-element-78ce911 e-con-full e-flex e-con e-child\" data-id=\"78ce911\" data-element_type=\"container\" data-e-type=\"container\">\n\t\t\t\t<div class=\"elementor-element elementor-element-535678f elementor-widget elementor-widget-image\" data-id=\"535678f\" data-element_type=\"widget\" data-e-type=\"widget\" data-widget_type=\"image.default\">\n\t\t\t\t<div class=\"elementor-widget-container\">\n\t\t\t\t\t\t\t\t\t\t\t\t\t\t\t<img decoding=\"async\" width=\"150\" height=\"150\" src=\"https:\/\/www.cmonsite.fr\/site\/webup\/2024\/11\/icon-target.png\" class=\"attachment-full size-full wp-image-27234\" alt=\"\" \/>\t\t\t\t\t\t\t\t\t\t\t\t\t\t\t<\/div>\n\t\t\t\t<\/div>\n\t\t\t\t<div class=\"elementor-element elementor-element-fba94aa elementor-widget__width-initial elementor-widget elementor-widget-text-editor\" data-id=\"fba94aa\" data-element_type=\"widget\" data-e-type=\"widget\" data-widget_type=\"text-editor.default\">\n\t\t\t\t<div class=\"elementor-widget-container\">\n\t\t\t\t\t\t\t\t\t<div class=\"lp-payplug__item__title\"><strong>Pr\u00e9diction des fraudes intelligente<\/strong><\/div><p>Avec le Smart 3-D Secure, faites de la lutte contre la fraude un levier de croissance.<\/p>\t\t\t\t\t\t\t\t<\/div>\n\t\t\t\t<\/div>\n\t\t\t\t<\/div>\n\t\t<div class=\"elementor-element elementor-element-1d6e409 e-con-full e-flex e-con e-child\" data-id=\"1d6e409\" data-element_type=\"container\" data-e-type=\"container\">\n\t\t\t\t<div class=\"elementor-element elementor-element-b3413d6 elementor-widget elementor-widget-image\" data-id=\"b3413d6\" data-element_type=\"widget\" data-e-type=\"widget\" data-widget_type=\"image.default\">\n\t\t\t\t<div class=\"elementor-widget-container\">\n\t\t\t\t\t\t\t\t\t\t\t\t\t\t\t<img loading=\"lazy\" decoding=\"async\" width=\"150\" height=\"150\" src=\"https:\/\/www.cmonsite.fr\/site\/webup\/2024\/11\/icon-portail-de-gestion.png\" class=\"attachment-full size-full wp-image-27233\" alt=\"\" \/>\t\t\t\t\t\t\t\t\t\t\t\t\t\t\t<\/div>\n\t\t\t\t<\/div>\n\t\t\t\t<div class=\"elementor-element elementor-element-743bba0 elementor-widget__width-initial elementor-widget elementor-widget-text-editor\" data-id=\"743bba0\" data-element_type=\"widget\" data-e-type=\"widget\" data-widget_type=\"text-editor.default\">\n\t\t\t\t<div class=\"elementor-widget-container\">\n\t\t\t\t\t\t\t\t\t<p><strong>Portail de gestion intuitif<\/strong><\/p><p>Depuis le back-office PayPlug, g\u00e9rez vos transactions avec une simplicit\u00e9 extr\u00eame.<\/p>\t\t\t\t\t\t\t\t<\/div>\n\t\t\t\t<\/div>\n\t\t\t\t<\/div>\n\t\t<div class=\"elementor-element elementor-element-80f329c e-con-full e-flex e-con e-child\" data-id=\"80f329c\" data-element_type=\"container\" data-e-type=\"container\">\n\t\t\t\t<div class=\"elementor-element elementor-element-0ae6892 elementor-widget elementor-widget-image\" data-id=\"0ae6892\" data-element_type=\"widget\" data-e-type=\"widget\" data-widget_type=\"image.default\">\n\t\t\t\t<div class=\"elementor-widget-container\">\n\t\t\t\t\t\t\t\t\t\t\t\t\t\t\t<img loading=\"lazy\" decoding=\"async\" width=\"150\" height=\"150\" src=\"https:\/\/www.cmonsite.fr\/site\/webup\/2024\/11\/icon-integration-easy.png\" class=\"attachment-full size-full wp-image-27232\" alt=\"\" \/>\t\t\t\t\t\t\t\t\t\t\t\t\t\t\t<\/div>\n\t\t\t\t<\/div>\n\t\t\t\t<div class=\"elementor-element elementor-element-1160f32 elementor-widget__width-initial elementor-widget elementor-widget-text-editor\" data-id=\"1160f32\" data-element_type=\"widget\" data-e-type=\"widget\" data-widget_type=\"text-editor.default\">\n\t\t\t\t<div class=\"elementor-widget-container\">\n\t\t\t\t\t\t\t\t\t<p><strong>Int\u00e9gration ultra-simplifi\u00e9e<\/strong><\/p><div class=\"row\"><div class=\"lp-payplug__item col-md-6\"><div class=\"lp-payplug__item__description\">Sans contrat VAD, int\u00e9grez PayPlug en un clic sur CmonSite.<\/div><\/div><\/div>\t\t\t\t\t\t\t\t<\/div>\n\t\t\t\t<\/div>\n\t\t\t\t<\/div>\n\t\t\t\t\t<\/div>\n\t\t\t\t<\/div>\n\t\t\t\t<section class=\"elementor-section elementor-top-section elementor-element elementor-element-5e8b92d5 elementor-section-boxed elementor-section-height-default elementor-section-height-default\" data-id=\"5e8b92d5\" data-element_type=\"section\" data-e-type=\"section\">\n\t\t\t\t\t\t<div class=\"elementor-container elementor-column-gap-default\">\n\t\t\t\t\t<div class=\"elementor-column elementor-col-100 elementor-top-column elementor-element elementor-element-7f269f09\" data-id=\"7f269f09\" data-element_type=\"column\" data-e-type=\"column\">\n\t\t\t<div class=\"elementor-widget-wrap elementor-element-populated\">\n\t\t\t\t\t\t<div class=\"elementor-element elementor-element-3145299f elementor-widget elementor-widget-text-editor\" data-id=\"3145299f\" data-element_type=\"widget\" data-e-type=\"widget\" data-widget_type=\"text-editor.default\">\n\t\t\t\t<div class=\"elementor-widget-container\">\n\t\t\t\t\t\t\t\t\t<h2>Pr\u00e9sentation de PayPlug<\/h2><p>PayPlug est un syst\u00e8me fran\u00e7ais vous proposant une solution de vente en ligne ainsi que l&#8217;encaissement en magasin en commandant votre terminal de paiement.<\/p><p>PayPlug propose aussi le paiement fractionn\u00e9 en 3 ou 4 fois par carte bancaire de fa\u00e7on totalement s\u00e9curis\u00e9e gr\u00e2ce \u00e0 <strong><em>Oney<\/em><\/strong>.<br \/>Cette option est disponible pour les paiements de paniers allant de 100\u20ac \u00e0 3000\u20ac.<br \/>Vous recevrez chaque jour un virement bancaire concernant les commandes effectu\u00e9es la veille. Les frais de gestion seront pr\u00e9lev\u00e9s \u00e0 chaque fin de mois.<br \/>Pour plus d&#8217;informations au sujet du paiement en plusieurs fois avec Oney via PayPlug, <a href=\"https:\/\/www.payplug.com\/fr\/paiement-fractionne-garanti\">cliquez ici<\/a>.<\/p><p>PayPlug vous propose diff\u00e9rents types d&#8217;abonnements \u00e0 partir de 10\u20ac par mois pour votre encaissement en ligne :<\/p><ul><li><em><strong>Offre Starter<\/strong><\/em> : 1.2% + 0.25\u20ac de frais sur les commandes pass\u00e9es sur votre site (pour les cartes fran\u00e7aises et europ\u00e9ennes). Cet abonnement est \u00e0 10\u20ac par mois<\/li><li><strong><em>Offre Pro<\/em><\/strong> : 0.8% + 0.15\u20ac de frais sur les commandes pass\u00e9es sur votre site (pour les cartes fran\u00e7aises et europ\u00e9ennes). Cet abonnement est \u00e0 30\u20ac par mois.<\/li><li><strong><em>Offre Premium<\/em><\/strong> : 0.5% + 0.15\u20ac de frais sur les commandes pass\u00e9es sur votre site (pour les cartes fran\u00e7aises et europ\u00e9ennes). Cet abonnement est \u00e0 80\u20ac par mois.<\/li><\/ul><h2>\u00a0<\/h2><h2>Activer le paiement par PayPlug<\/h2><p>Pour activer le module de paiement via <em><strong>PayPlug<\/strong><\/em>, rendez-vous dans l&#8217;onglet \u00ab<strong><em>Boutique<\/em><\/strong>\u00bb et cliquez sur \u00ab<strong><em>Moyens de paiement<\/em><\/strong>\u00bb.<br \/>Pour acc\u00e9der directement \u00e0 cet espace, vous pouvez <a href=\"https:\/\/www.cmonsite.fr\/configboutique.php#paiement\">cliquer ici<\/a>.<\/p><p><a href=\"https:\/\/www.cmonsite.fr\/creer-un-site\/wp-content\/uploads\/2020\/12\/activer-payplug.jpg\"><img loading=\"lazy\" decoding=\"async\" class=\"size-full wp-image-14174 aligncenter\" src=\"https:\/\/www.cmonsite.fr\/creer-un-site\/wp-content\/uploads\/2020\/12\/activer-payplug.jpg\" alt=\"\" width=\"909\" height=\"330\" srcset=\"https:\/\/www.cmonsite.fr\/site\/webup\/2020\/12\/activer-payplug.jpg 909w, https:\/\/www.cmonsite.fr\/site\/webup\/2020\/12\/activer-payplug-300x109.jpg 300w, https:\/\/www.cmonsite.fr\/site\/webup\/2020\/12\/activer-payplug-768x279.jpg 768w\" sizes=\"(max-width: 909px) 100vw, 909px\" \/><\/a><\/p><h3>\u00a0<\/h3><h3>Si vous disposez d\u00e9j\u00e0 d&#8217;un compte PayPlug<\/h3><p>Si vous disposez d&#8217;ores et d\u00e9j\u00e0 d&#8217;un compte PayPlug, vous pouvez connecter vos comptes PayPlug et CmonSite en remplissant le formulaire de connexion PayPlug avec votre adresse email et votre mot de passe.<br \/>Si vous avez perdu votre mot de passe, cliquez sur \u00ab<strong><em><a href=\"https:\/\/www.payplug.com\/portal\/forgot_password\">Mot de passe PayPlug oubli\u00e9 ?<\/a><\/em><\/strong>\u00bb. Vous pourrez recevoir vos identifiants de connexion par email et r\u00e9initialiser votre mot de passe.<\/p><p>Cliquez ensuite sur \u00ab<strong><em>Connexion PayPlug<\/em><\/strong>\u00bb.<\/p><h3>Si vous n&#8217;avez pas encore de compte Payplug<\/h3><p>Si vous ne disposez pas encore d&#8217;un compte PayPlug, cliquez sur \u00ab<strong><em><a href=\"https:\/\/portal.payplug.com\/signup?sponsor=432\">Inscrivez-vous<\/a><\/em><\/strong>\u00bb.<br \/>Vous pourrez alors param\u00e9trer votre compte et renseigner les informations bancaires qui vous sont demand\u00e9es<\/p><p>Apr\u00e8s la configuration de votre compte effectu\u00e9e, connectez votre compte PayPlug \u00e0 votre compte CmonSite en remplissant le<a href=\"https:\/\/www.cmonsite.fr\/configboutique.php#paiement\"><strong><em> Formulaire de connexion PayPlug<\/em><\/strong><\/a>.<\/p>\t\t\t\t\t\t\t\t<\/div>\n\t\t\t\t<\/div>\n\t\t\t\t\t<\/div>\n\t\t<\/div>\n\t\t\t\t\t<\/div>\n\t\t<\/section>\n\t\t\t\t<section class=\"elementor-section elementor-top-section elementor-element elementor-element-63637a0 elementor-section-boxed elementor-section-height-default elementor-section-height-default\" data-id=\"63637a0\" data-element_type=\"section\" data-e-type=\"section\">\n\t\t\t\t\t\t<div class=\"elementor-container elementor-column-gap-default\">\n\t\t\t\t\t<div class=\"elementor-column elementor-col-100 elementor-top-column elementor-element elementor-element-be6c2dc\" data-id=\"be6c2dc\" data-element_type=\"column\" data-e-type=\"column\">\n\t\t\t<div class=\"elementor-widget-wrap elementor-element-populated\">\n\t\t\t\t\t\t<div class=\"elementor-element elementor-element-ec7f5e0 elementor-widget elementor-widget-spacer\" data-id=\"ec7f5e0\" data-element_type=\"widget\" data-e-type=\"widget\" data-widget_type=\"spacer.default\">\n\t\t\t\t<div class=\"elementor-widget-container\">\n\t\t\t\t\t\t\t<div class=\"elementor-spacer\">\n\t\t\t<div class=\"elementor-spacer-inner\"><\/div>\n\t\t<\/div>\n\t\t\t\t\t\t<\/div>\n\t\t\t\t<\/div>\n\t\t\t\t<div class=\"elementor-element elementor-element-5db8670 elementor-widget-divider--view-line elementor-widget elementor-widget-divider\" data-id=\"5db8670\" data-element_type=\"widget\" data-e-type=\"widget\" data-widget_type=\"divider.default\">\n\t\t\t\t<div class=\"elementor-widget-container\">\n\t\t\t\t\t\t\t<div class=\"elementor-divider\">\n\t\t\t<span class=\"elementor-divider-separator\">\n\t\t\t\t\t\t<\/span>\n\t\t<\/div>\n\t\t\t\t\t\t<\/div>\n\t\t\t\t<\/div>\n\t\t\t\t<div class=\"elementor-element elementor-element-b13ac2a elementor-widget elementor-widget-heading\" data-id=\"b13ac2a\" data-element_type=\"widget\" data-e-type=\"widget\" data-widget_type=\"heading.default\">\n\t\t\t\t<div class=\"elementor-widget-container\">\n\t\t\t\t\t<h2 class=\"elementor-heading-title elementor-size-default\">D\u00e9couvrez \u00e9galement notre vid\u00e9o explicative sur les \u00e9tapes de la configuration de votre site E-commerce avec CmonSite<\/h2>\t\t\t\t<\/div>\n\t\t\t\t<\/div>\n\t\t\t\t\t<\/div>\n\t\t<\/div>\n\t\t\t\t\t<\/div>\n\t\t<\/section>\n\t\t\t\t<section class=\"elementor-section elementor-top-section elementor-element elementor-element-6c7576a elementor-section-boxed elementor-section-height-default elementor-section-height-default\" data-id=\"6c7576a\" data-element_type=\"section\" data-e-type=\"section\">\n\t\t\t\t\t\t<div class=\"elementor-container elementor-column-gap-default\">\n\t\t\t\t\t<div class=\"elementor-column elementor-col-33 elementor-top-column elementor-element elementor-element-e53125f\" data-id=\"e53125f\" data-element_type=\"column\" data-e-type=\"column\">\n\t\t\t<div class=\"elementor-widget-wrap\">\n\t\t\t\t\t\t\t<\/div>\n\t\t<\/div>\n\t\t\t\t<div class=\"elementor-column elementor-col-33 elementor-top-column elementor-element elementor-element-1ec12b2\" data-id=\"1ec12b2\" data-element_type=\"column\" data-e-type=\"column\">\n\t\t\t<div class=\"elementor-widget-wrap elementor-element-populated\">\n\t\t\t\t\t\t<div class=\"elementor-element elementor-element-93ca3ce elementor-widget elementor-widget-video\" data-id=\"93ca3ce\" data-element_type=\"widget\" data-e-type=\"widget\" data-settings=\"{&quot;youtube_url&quot;:&quot;https:\\\/\\\/www.youtube.com\\\/watch?v=2kkuMIJnwMo&quot;,&quot;video_type&quot;:&quot;youtube&quot;,&quot;controls&quot;:&quot;yes&quot;}\" data-widget_type=\"video.default\">\n\t\t\t\t<div class=\"elementor-widget-container\">\n\t\t\t\t\t\t\t<div class=\"elementor-wrapper elementor-open-inline\">\n\t\t\t<div class=\"elementor-video\"><\/div>\t\t<\/div>\n\t\t\t\t\t\t<\/div>\n\t\t\t\t<\/div>\n\t\t\t\t\t<\/div>\n\t\t<\/div>\n\t\t\t\t<div class=\"elementor-column elementor-col-33 elementor-top-column elementor-element elementor-element-f914a20\" data-id=\"f914a20\" data-element_type=\"column\" data-e-type=\"column\">\n\t\t\t<div class=\"elementor-widget-wrap\">\n\t\t\t\t\t\t\t<\/div>\n\t\t<\/div>\n\t\t\t\t\t<\/div>\n\t\t<\/section>\n\t\t\t\t<section class=\"elementor-section elementor-top-section elementor-element elementor-element-4205bbe elementor-section-boxed elementor-section-height-default elementor-section-height-default\" data-id=\"4205bbe\" data-element_type=\"section\" data-e-type=\"section\">\n\t\t\t\t\t\t<div class=\"elementor-container elementor-column-gap-default\">\n\t\t\t\t\t<div class=\"elementor-column elementor-col-100 elementor-top-column elementor-element elementor-element-93f69aa\" data-id=\"93f69aa\" data-element_type=\"column\" data-e-type=\"column\">\n\t\t\t<div class=\"elementor-widget-wrap elementor-element-populated\">\n\t\t\t\t\t\t<div class=\"elementor-element elementor-element-31b77f0 elementor-widget-divider--view-line elementor-widget elementor-widget-divider\" data-id=\"31b77f0\" data-element_type=\"widget\" data-e-type=\"widget\" data-widget_type=\"divider.default\">\n\t\t\t\t<div class=\"elementor-widget-container\">\n\t\t\t\t\t\t\t<div class=\"elementor-divider\">\n\t\t\t<span class=\"elementor-divider-separator\">\n\t\t\t\t\t\t<\/span>\n\t\t<\/div>\n\t\t\t\t\t\t<\/div>\n\t\t\t\t<\/div>\n\t\t\t\t\t<\/div>\n\t\t<\/div>\n\t\t\t\t\t<\/div>\n\t\t<\/section>\n\t\t\t\t<\/div>\n\t\t","protected":false},"excerpt":{"rendered":"<p>Encaissez en carte bancaire en quelques minutes avec PayPlug Une tarification simple et transparente Les offres PayPlug sont sans engagement ni frais d&#8217;installation Encaissement des paiements en ligne par cartes bancaires CB, Visa, Mastercard, sans contrat VAD Une offre de paiement compl\u00e8te qui augmente vos ventes Pages de paiement orient\u00e9es conversion Proposez \u00e0 vos clients [&hellip;]<\/p>\n","protected":false},"author":1,"featured_media":18486,"parent":22983,"menu_order":8,"comment_status":"closed","ping_status":"closed","template":"","meta":{"_helpful_status":1,"footnotes":""},"class_list":["post-14173","page","type-page","status-publish","has-post-thumbnail","hentry"],"_links":{"self":[{"href":"https:\/\/www.cmonsite.fr\/site\/wp-json\/wp\/v2\/pages\/14173","targetHints":{"allow":["GET"]}}],"collection":[{"href":"https:\/\/www.cmonsite.fr\/site\/wp-json\/wp\/v2\/pages"}],"about":[{"href":"https:\/\/www.cmonsite.fr\/site\/wp-json\/wp\/v2\/types\/page"}],"author":[{"embeddable":true,"href":"https:\/\/www.cmonsite.fr\/site\/wp-json\/wp\/v2\/users\/1"}],"replies":[{"embeddable":true,"href":"https:\/\/www.cmonsite.fr\/site\/wp-json\/wp\/v2\/comments?post=14173"}],"version-history":[{"count":16,"href":"https:\/\/www.cmonsite.fr\/site\/wp-json\/wp\/v2\/pages\/14173\/revisions"}],"predecessor-version":[{"id":27251,"href":"https:\/\/www.cmonsite.fr\/site\/wp-json\/wp\/v2\/pages\/14173\/revisions\/27251"}],"up":[{"embeddable":true,"href":"https:\/\/www.cmonsite.fr\/site\/wp-json\/wp\/v2\/pages\/22983"}],"wp:featuredmedia":[{"embeddable":true,"href":"https:\/\/www.cmonsite.fr\/site\/wp-json\/wp\/v2\/media\/18486"}],"wp:attachment":[{"href":"https:\/\/www.cmonsite.fr\/site\/wp-json\/wp\/v2\/media?parent=14173"}],"curies":[{"name":"wp","href":"https:\/\/api.w.org\/{rel}","templated":true}]}}