{"id":14166,"date":"2021-01-21T09:22:02","date_gmt":"2021-01-21T08:22:02","guid":{"rendered":"https:\/\/www.cmonsite.fr\/site\/aide\/?page_id=14166"},"modified":"2021-01-21T09:22:02","modified_gmt":"2021-01-21T08:22:02","slug":"alma-paiement-plusieurs-fois-garanti-encaisser-site","status":"publish","type":"page","link":"https:\/\/www.cmonsite.fr\/site\/aide\/moyens-de-paiement\/alma-paiement-plusieurs-fois-garanti-encaisser-site","title":{"rendered":"Alma : paiement en plusieurs fois garanti pour encaisser sur votre site"},"content":{"rendered":"\t\t<div data-elementor-type=\"wp-page\" data-elementor-id=\"14166\" class=\"elementor elementor-14166\" data-elementor-post-type=\"page\">\n\t\t\t\t\t\t<section class=\"elementor-section elementor-top-section elementor-element elementor-element-a7fc5d0 elementor-section-boxed elementor-section-height-default elementor-section-height-default\" data-id=\"a7fc5d0\" data-element_type=\"section\" data-e-type=\"section\">\n\t\t\t\t\t\t<div class=\"elementor-container elementor-column-gap-default\">\n\t\t\t\t\t<div class=\"elementor-column elementor-col-100 elementor-top-column elementor-element elementor-element-13c5821\" data-id=\"13c5821\" data-element_type=\"column\" data-e-type=\"column\">\n\t\t\t<div class=\"elementor-widget-wrap elementor-element-populated\">\n\t\t\t\t\t\t<section class=\"elementor-section elementor-inner-section elementor-element elementor-element-26d2d93 elementor-section-boxed elementor-section-height-default elementor-section-height-default\" data-id=\"26d2d93\" data-element_type=\"section\" data-e-type=\"section\">\n\t\t\t\t\t\t<div class=\"elementor-container elementor-column-gap-default\">\n\t\t\t\t\t<div class=\"elementor-column elementor-col-50 elementor-inner-column elementor-element elementor-element-3ab4fa9\" data-id=\"3ab4fa9\" data-element_type=\"column\" data-e-type=\"column\">\n\t\t\t<div class=\"elementor-widget-wrap elementor-element-populated\">\n\t\t\t\t\t\t<div class=\"elementor-element elementor-element-6f63c3b elementor-widget elementor-widget-heading\" data-id=\"6f63c3b\" data-element_type=\"widget\" data-e-type=\"widget\" data-widget_type=\"heading.default\">\n\t\t\t\t<div class=\"elementor-widget-container\">\n\t\t\t\t\t<h2 class=\"elementor-heading-title elementor-size-default\">Pr\u00e9sentation d'Alma\n<\/h2>\t\t\t\t<\/div>\n\t\t\t\t<\/div>\n\t\t\t\t<div class=\"elementor-element elementor-element-66c61ce elementor-widget elementor-widget-text-editor\" data-id=\"66c61ce\" data-element_type=\"widget\" data-e-type=\"widget\" data-widget_type=\"text-editor.default\">\n\t\t\t\t<div class=\"elementor-widget-container\">\n\t\t\t\t\t\t\t\t\t<p>Alma est une plateforme de paiement qui permet \u00e0 vos clients de payer leurs commandes en plusieurs fois.<br \/>Un des avantages d\u2019Alma est que vos clients peuvent donc payer en 2, 3 ou 4 fois, mais vous encaissez de votre c\u00f4t\u00e9 la totalit\u00e9 des fonds tout de suite !<\/p><p>Notez que le paiement en plusieurs fois est \u00e9ligible pour les paniers entre 100\u20ac et 2000\u20ac (vous pourrez toujours demander des am\u00e9nagements en contactant le support d\u2019Alma :\u00a0<a href=\"mailto:support@getalma.eu\">support@getalma.eu<\/a>).<\/p><p>Alma applique des commissions de 3.4% pour les paiements en 2 fois, de 3.8% pour les paiements en 3 fois et de 4.2% pour les paiements en 4 fois.<\/p><p>Pour cette commission, vous pourrez choisir d\u2019en partager les frais avec les clients ou de les prendre int\u00e9gralement \u00e0 votre charge.<br \/>Sachez que cr\u00e9er un compte Alma n\u2019implique pas d\u2019engagement, pas de frais mensuels ou de mise en service.<\/p><p>Pourquoi utiliser Alma ? Ce moyen de paiement est particuli\u00e8rement int\u00e9ressant lorsque l&#8217;on propose des produits avec un co\u00fbt important. De votre c\u00f4t\u00e9, le paiement en plusieurs fois est garanti, aucun risque de ne pas r\u00e9cup\u00e9rer la totalit\u00e9 de votre paiement. Du c\u00f4t\u00e9 de votre client, c&#8217;est beaucoup plus facile d&#8217;acheter lorsque l&#8217;on a pas \u00e0 payer une grosse somme d&#8217;un coup !<\/p><p>\u00a0<\/p>\t\t\t\t\t\t\t\t<\/div>\n\t\t\t\t<\/div>\n\t\t\t\t\t<\/div>\n\t\t<\/div>\n\t\t\t\t<div class=\"elementor-column elementor-col-50 elementor-inner-column elementor-element elementor-element-29fb006\" data-id=\"29fb006\" data-element_type=\"column\" data-e-type=\"column\">\n\t\t\t<div class=\"elementor-widget-wrap elementor-element-populated\">\n\t\t\t\t\t\t<div class=\"elementor-element elementor-element-9b14854 elementor-widget elementor-widget-spacer\" data-id=\"9b14854\" data-element_type=\"widget\" data-e-type=\"widget\" data-widget_type=\"spacer.default\">\n\t\t\t\t<div class=\"elementor-widget-container\">\n\t\t\t\t\t\t\t<div class=\"elementor-spacer\">\n\t\t\t<div class=\"elementor-spacer-inner\"><\/div>\n\t\t<\/div>\n\t\t\t\t\t\t<\/div>\n\t\t\t\t<\/div>\n\t\t\t\t<div class=\"elementor-element elementor-element-8b5d66c elementor-widget elementor-widget-image\" data-id=\"8b5d66c\" data-element_type=\"widget\" data-e-type=\"widget\" data-widget_type=\"image.default\">\n\t\t\t\t<div class=\"elementor-widget-container\">\n\t\t\t\t\t\t\t\t\t\t\t\t\t\t\t\t<a href=\"https:\/\/www.cmonsite.fr\/creer-un-site\/wp-content\/uploads\/2021\/02\/logo-alma.png.png\" data-elementor-open-lightbox=\"yes\" data-elementor-lightbox-title=\"logo-alma.png\" data-e-action-hash=\"#elementor-action%3Aaction%3Dlightbox%26settings%3DeyJpZCI6MTQ5OTQsInVybCI6Imh0dHBzOlwvXC93d3cuY21vbnNpdGUuZnJcL3NpdGVcL3dwLWNvbnRlbnRcL3VwbG9hZHNcLzIwMjFcLzAyXC9sb2dvLWFsbWEucG5nLnBuZyJ9\">\n\t\t\t\t\t\t\t<img fetchpriority=\"high\" decoding=\"async\" width=\"500\" height=\"300\" src=\"https:\/\/www.cmonsite.fr\/site\/webup\/2021\/02\/logo-alma.png.png\" class=\"attachment-large size-large wp-image-14994\" alt=\"\" srcset=\"https:\/\/www.cmonsite.fr\/site\/webup\/2021\/02\/logo-alma.png.png 500w, https:\/\/www.cmonsite.fr\/site\/webup\/2021\/02\/logo-alma.png-300x180.png 300w\" sizes=\"(max-width: 500px) 100vw, 500px\" \/>\t\t\t\t\t\t\t\t<\/a>\n\t\t\t\t\t\t\t\t\t\t\t\t\t\t\t<\/div>\n\t\t\t\t<\/div>\n\t\t\t\t\t<\/div>\n\t\t<\/div>\n\t\t\t\t\t<\/div>\n\t\t<\/section>\n\t\t\t\t<div class=\"elementor-element elementor-element-14a040f elementor-widget elementor-widget-spacer\" data-id=\"14a040f\" data-element_type=\"widget\" data-e-type=\"widget\" data-widget_type=\"spacer.default\">\n\t\t\t\t<div class=\"elementor-widget-container\">\n\t\t\t\t\t\t\t<div class=\"elementor-spacer\">\n\t\t\t<div class=\"elementor-spacer-inner\"><\/div>\n\t\t<\/div>\n\t\t\t\t\t\t<\/div>\n\t\t\t\t<\/div>\n\t\t\t\t<section class=\"elementor-section elementor-inner-section elementor-element elementor-element-151ab54 elementor-section-boxed elementor-section-height-default elementor-section-height-default\" data-id=\"151ab54\" data-element_type=\"section\" data-e-type=\"section\">\n\t\t\t\t\t\t<div class=\"elementor-container elementor-column-gap-default\">\n\t\t\t\t\t<div class=\"elementor-column elementor-col-50 elementor-inner-column elementor-element elementor-element-a51e174\" data-id=\"a51e174\" data-element_type=\"column\" data-e-type=\"column\">\n\t\t\t<div class=\"elementor-widget-wrap elementor-element-populated\">\n\t\t\t\t\t\t<div class=\"elementor-element elementor-element-b24a888 elementor-widget elementor-widget-heading\" data-id=\"b24a888\" data-element_type=\"widget\" data-e-type=\"widget\" data-widget_type=\"heading.default\">\n\t\t\t\t<div class=\"elementor-widget-container\">\n\t\t\t\t\t<h2 class=\"elementor-heading-title elementor-size-default\">Activer le paiement par Alma\n<\/h2>\t\t\t\t<\/div>\n\t\t\t\t<\/div>\n\t\t\t\t<div class=\"elementor-element elementor-element-049bb7c elementor-widget elementor-widget-text-editor\" data-id=\"049bb7c\" data-element_type=\"widget\" data-e-type=\"widget\" data-widget_type=\"text-editor.default\">\n\t\t\t\t<div class=\"elementor-widget-container\">\n\t\t\t\t\t\t\t\t\t<p>Pour activer le module de paiement via Alma, rendez-vous dans l&#8217;onglet \u00ab<strong><em>Boutique<\/em><\/strong>\u00bb et cliquez sur \u00ab<strong><em>Moyens de paiement<\/em><\/strong>\u00bb.<br \/>Pour acc\u00e9der directement \u00e0 cet espace, vous pouvez\u00a0<a href=\"https:\/\/www.cmonsite.fr\/configboutique.php#paiement\" target=\"_blank\" rel=\"noopener\">cliquer ici<\/a>.<\/p><p>Vous pouvez aussi d\u00e9sactiver ce module \u00e0 tout moment de la m\u00eame mani\u00e8re, en jouant sur le champ \u00ab<strong><em>Souhaitez-vous activer le paiement par Alma<\/em><\/strong>\u00bb.<\/p>\t\t\t\t\t\t\t\t<\/div>\n\t\t\t\t<\/div>\n\t\t\t\t\t<\/div>\n\t\t<\/div>\n\t\t\t\t<div class=\"elementor-column elementor-col-50 elementor-inner-column elementor-element elementor-element-972ba04\" data-id=\"972ba04\" data-element_type=\"column\" data-e-type=\"column\">\n\t\t\t<div class=\"elementor-widget-wrap elementor-element-populated\">\n\t\t\t\t\t\t<div class=\"elementor-element elementor-element-70009ea elementor-widget elementor-widget-spacer\" data-id=\"70009ea\" data-element_type=\"widget\" data-e-type=\"widget\" data-widget_type=\"spacer.default\">\n\t\t\t\t<div class=\"elementor-widget-container\">\n\t\t\t\t\t\t\t<div class=\"elementor-spacer\">\n\t\t\t<div class=\"elementor-spacer-inner\"><\/div>\n\t\t<\/div>\n\t\t\t\t\t\t<\/div>\n\t\t\t\t<\/div>\n\t\t\t\t<div class=\"elementor-element elementor-element-7c76ee9 elementor-widget elementor-widget-image\" data-id=\"7c76ee9\" data-element_type=\"widget\" data-e-type=\"widget\" data-widget_type=\"image.default\">\n\t\t\t\t<div class=\"elementor-widget-container\">\n\t\t\t\t\t\t\t\t\t\t\t\t\t\t\t\t<a href=\"https:\/\/www.cmonsite.fr\/creer-un-site\/wp-content\/uploads\/2021\/02\/configuration-1.png\" data-elementor-open-lightbox=\"yes\" data-elementor-lightbox-title=\"configuration\" data-e-action-hash=\"#elementor-action%3Aaction%3Dlightbox%26settings%3DeyJpZCI6MTUxMjgsInVybCI6Imh0dHBzOlwvXC93d3cuY21vbnNpdGUuZnJcL3NpdGVcL3dwLWNvbnRlbnRcL3VwbG9hZHNcLzIwMjFcLzAyXC9jb25maWd1cmF0aW9uLTEucG5nIn0%3D\">\n\t\t\t\t\t\t\t<img decoding=\"async\" width=\"902\" height=\"272\" src=\"https:\/\/www.cmonsite.fr\/site\/webup\/2021\/02\/configuration-1.png\" class=\"attachment-1536x1536 size-1536x1536 wp-image-15128\" alt=\"\" srcset=\"https:\/\/www.cmonsite.fr\/site\/webup\/2021\/02\/configuration-1.png 902w, https:\/\/www.cmonsite.fr\/site\/webup\/2021\/02\/configuration-1-300x90.png 300w, https:\/\/www.cmonsite.fr\/site\/webup\/2021\/02\/configuration-1-768x232.png 768w\" sizes=\"(max-width: 902px) 100vw, 902px\" \/>\t\t\t\t\t\t\t\t<\/a>\n\t\t\t\t\t\t\t\t\t\t\t\t\t\t\t<\/div>\n\t\t\t\t<\/div>\n\t\t\t\t\t<\/div>\n\t\t<\/div>\n\t\t\t\t\t<\/div>\n\t\t<\/section>\n\t\t\t\t<div class=\"elementor-element elementor-element-54d48c1 elementor-widget elementor-widget-spacer\" data-id=\"54d48c1\" data-element_type=\"widget\" data-e-type=\"widget\" data-widget_type=\"spacer.default\">\n\t\t\t\t<div class=\"elementor-widget-container\">\n\t\t\t\t\t\t\t<div class=\"elementor-spacer\">\n\t\t\t<div class=\"elementor-spacer-inner\"><\/div>\n\t\t<\/div>\n\t\t\t\t\t\t<\/div>\n\t\t\t\t<\/div>\n\t\t\t\t<div class=\"elementor-element elementor-element-458c475 elementor-widget elementor-widget-heading\" data-id=\"458c475\" data-element_type=\"widget\" data-e-type=\"widget\" data-widget_type=\"heading.default\">\n\t\t\t\t<div class=\"elementor-widget-container\">\n\t\t\t\t\t<h3 class=\"elementor-heading-title elementor-size-medium\">Voici comment le choix se pr\u00e9sente au client<\/h3>\t\t\t\t<\/div>\n\t\t\t\t<\/div>\n\t\t\t\t<div class=\"elementor-element elementor-element-c12a09c elementor-widget elementor-widget-image\" data-id=\"c12a09c\" data-element_type=\"widget\" data-e-type=\"widget\" data-widget_type=\"image.default\">\n\t\t\t\t<div class=\"elementor-widget-container\">\n\t\t\t\t\t\t\t\t\t\t\t\t\t\t\t<img decoding=\"async\" width=\"983\" height=\"146\" src=\"https:\/\/www.cmonsite.fr\/site\/webup\/2021\/02\/paiement-1.png\" class=\"attachment-1536x1536 size-1536x1536 wp-image-15124\" alt=\"\" srcset=\"https:\/\/www.cmonsite.fr\/site\/webup\/2021\/02\/paiement-1.png 983w, https:\/\/www.cmonsite.fr\/site\/webup\/2021\/02\/paiement-1-300x45.png 300w, https:\/\/www.cmonsite.fr\/site\/webup\/2021\/02\/paiement-1-768x114.png 768w\" sizes=\"(max-width: 983px) 100vw, 983px\" \/>\t\t\t\t\t\t\t\t\t\t\t\t\t\t\t<\/div>\n\t\t\t\t<\/div>\n\t\t\t\t<div class=\"elementor-element elementor-element-3f23fb3 elementor-widget elementor-widget-spacer\" data-id=\"3f23fb3\" data-element_type=\"widget\" data-e-type=\"widget\" data-widget_type=\"spacer.default\">\n\t\t\t\t<div class=\"elementor-widget-container\">\n\t\t\t\t\t\t\t<div class=\"elementor-spacer\">\n\t\t\t<div class=\"elementor-spacer-inner\"><\/div>\n\t\t<\/div>\n\t\t\t\t\t\t<\/div>\n\t\t\t\t<\/div>\n\t\t\t\t<section class=\"elementor-section elementor-inner-section elementor-element elementor-element-8504377 elementor-section-boxed elementor-section-height-default elementor-section-height-default\" data-id=\"8504377\" data-element_type=\"section\" data-e-type=\"section\">\n\t\t\t\t\t\t<div class=\"elementor-container elementor-column-gap-extended\">\n\t\t\t\t\t<div class=\"elementor-column elementor-col-50 elementor-inner-column elementor-element elementor-element-f0cd865\" data-id=\"f0cd865\" data-element_type=\"column\" data-e-type=\"column\">\n\t\t\t<div class=\"elementor-widget-wrap elementor-element-populated\">\n\t\t\t\t\t\t<div class=\"elementor-element elementor-element-467d19e elementor-widget elementor-widget-heading\" data-id=\"467d19e\" data-element_type=\"widget\" data-e-type=\"widget\" data-widget_type=\"heading.default\">\n\t\t\t\t<div class=\"elementor-widget-container\">\n\t\t\t\t\t<h3 class=\"elementor-heading-title elementor-size-default\">SI VOUS DISPOSEZ D\u00c9J\u00c0 D'UN COMPTE ALMA<\/h3>\t\t\t\t<\/div>\n\t\t\t\t<\/div>\n\t\t\t\t<div class=\"elementor-element elementor-element-9154a54 elementor-widget elementor-widget-text-editor\" data-id=\"9154a54\" data-element_type=\"widget\" data-e-type=\"widget\" data-widget_type=\"text-editor.default\">\n\t\t\t\t<div class=\"elementor-widget-container\">\n\t\t\t\t\t\t\t\t\t<p style=\"text-align: left;\">Si vous \u00eates d\u00e9j\u00e0 inscrit sur Alma, il vous suffit de renseigner la Cl\u00e9 API Alma \u00abLive\u00bb dans le champ pr\u00e9vu \u00e0 cet effet pour le relier \u00e0 votre compte CmonSite.<br \/>Pour obtenir votre Cl\u00e9 API, cliquez sur le bouton :<\/p><p>\u00a0<\/p><p style=\"text-align: center;\"><em><strong><a href=\"https:\/\/dashboard.getalma.eu\/api\" target=\"_blank\" rel=\"noopener nofollow\">O\u00f9 trouver ma Cl\u00e9 API Alma \u00abLive\u00bb ?<\/a><\/strong><\/em><\/p><p>\u00a0<\/p><p style=\"text-align: left;\">N&#8217;oubliez pas de cliquer sur \u00ab<em><strong>Enregistrer<\/strong><\/em>\u00bb pour sauvegarder cette configuration.<\/p>\t\t\t\t\t\t\t\t<\/div>\n\t\t\t\t<\/div>\n\t\t\t\t\t<\/div>\n\t\t<\/div>\n\t\t\t\t<div class=\"elementor-column elementor-col-50 elementor-inner-column elementor-element elementor-element-c1232d6\" data-id=\"c1232d6\" data-element_type=\"column\" data-e-type=\"column\">\n\t\t\t<div class=\"elementor-widget-wrap elementor-element-populated\">\n\t\t\t\t\t\t<div class=\"elementor-element elementor-element-cea1ea4 elementor-widget elementor-widget-heading\" data-id=\"cea1ea4\" data-element_type=\"widget\" data-e-type=\"widget\" data-widget_type=\"heading.default\">\n\t\t\t\t<div class=\"elementor-widget-container\">\n\t\t\t\t\t<h3 class=\"elementor-heading-title elementor-size-default\">SI VOUS N'AVEZ PAS ENCORE DE COMPTE ALMA<\/h3>\t\t\t\t<\/div>\n\t\t\t\t<\/div>\n\t\t\t\t<div class=\"elementor-element elementor-element-e852c97 elementor-widget elementor-widget-text-editor\" data-id=\"e852c97\" data-element_type=\"widget\" data-e-type=\"widget\" data-widget_type=\"text-editor.default\">\n\t\t\t\t<div class=\"elementor-widget-container\">\n\t\t\t\t\t\t\t\t\t<p>Si vous ne disposez pas encore de compte, vous pouvez \u00e0 tout moment le cr\u00e9er en cliquant sur le bouton \u00ab<a href=\"https:\/\/dashboard.getalma.eu\/register?affiliate=cmonsite\" target=\"_blank\" rel=\"noopener nofollow\"><strong><em>Cr\u00e9er un compte Alma<\/em><\/strong><\/a>\u00bb.<\/p><p><br \/>Vous pourrez alors param\u00e9trer votre compte, renseigner les informations bancaires qui vous sont demand\u00e9es ainsi que d\u00e9finir en combien de fois le paiement peut \u00eatre fractionn\u00e9 pour vos clients.<\/p><p>Une fois votre compte cr\u00e9\u00e9, renseignez votre<strong><em>\u00a0Cl\u00e9 API Alma \u00abLive\u00bb<\/em><\/strong>\u00a0dans le champ d\u00e9di\u00e9 sur la page de\u00a0<a href=\"https:\/\/www.cmonsite.fr\/configboutique.php#paiement\" target=\"_blank\" rel=\"noopener\">configuration de vos moyens de paiement<\/a>\u00a0sur CmonSite.<\/p>\t\t\t\t\t\t\t\t<\/div>\n\t\t\t\t<\/div>\n\t\t\t\t\t<\/div>\n\t\t<\/div>\n\t\t\t\t\t<\/div>\n\t\t<\/section>\n\t\t\t\t\t<\/div>\n\t\t<\/div>\n\t\t\t\t\t<\/div>\n\t\t<\/section>\n\t\t\t\t<\/div>\n\t\t","protected":false},"excerpt":{"rendered":"<p>Pr\u00e9sentation d&#8217;Alma Alma est une plateforme de paiement qui permet \u00e0 vos clients de payer leurs commandes en plusieurs fois. Un des avantages d\u2019Alma est que vos clients peuvent donc payer en 2, 3 ou 4 fois, mais vous encaissez de votre c\u00f4t\u00e9 la totalit\u00e9 des fonds tout de suite ! Notez que le paiement [&hellip;]<\/p>\n","protected":false},"author":1,"featured_media":18010,"parent":22983,"menu_order":4,"comment_status":"closed","ping_status":"closed","template":"","meta":{"_helpful_status":1,"footnotes":""},"class_list":["post-14166","page","type-page","status-publish","has-post-thumbnail","hentry"],"_links":{"self":[{"href":"https:\/\/www.cmonsite.fr\/site\/wp-json\/wp\/v2\/pages\/14166","targetHints":{"allow":["GET"]}}],"collection":[{"href":"https:\/\/www.cmonsite.fr\/site\/wp-json\/wp\/v2\/pages"}],"about":[{"href":"https:\/\/www.cmonsite.fr\/site\/wp-json\/wp\/v2\/types\/page"}],"author":[{"embeddable":true,"href":"https:\/\/www.cmonsite.fr\/site\/wp-json\/wp\/v2\/users\/1"}],"replies":[{"embeddable":true,"href":"https:\/\/www.cmonsite.fr\/site\/wp-json\/wp\/v2\/comments?post=14166"}],"version-history":[{"count":1,"href":"https:\/\/www.cmonsite.fr\/site\/wp-json\/wp\/v2\/pages\/14166\/revisions"}],"predecessor-version":[{"id":20936,"href":"https:\/\/www.cmonsite.fr\/site\/wp-json\/wp\/v2\/pages\/14166\/revisions\/20936"}],"up":[{"embeddable":true,"href":"https:\/\/www.cmonsite.fr\/site\/wp-json\/wp\/v2\/pages\/22983"}],"wp:featuredmedia":[{"embeddable":true,"href":"https:\/\/www.cmonsite.fr\/site\/wp-json\/wp\/v2\/media\/18010"}],"wp:attachment":[{"href":"https:\/\/www.cmonsite.fr\/site\/wp-json\/wp\/v2\/media?parent=14166"}],"curies":[{"name":"wp","href":"https:\/\/api.w.org\/{rel}","templated":true}]}}