{"id":13912,"date":"2020-12-16T09:37:29","date_gmt":"2020-12-16T08:37:19","guid":{"rendered":"https:\/\/www.cmonsite.fr\/site\/aide\/?page_id=13912"},"modified":"2023-06-16T16:53:40","modified_gmt":"2023-06-16T14:53:40","slug":"click-collect-retrait-en-boutique-sur-son-site","status":"publish","type":"page","link":"https:\/\/www.cmonsite.fr\/site\/aide\/transporteurs-et-frais-de-port\/click-collect-retrait-en-boutique-sur-son-site","title":{"rendered":"Comment configurer du Click and Collect ?"},"content":{"rendered":"\t\t<div data-elementor-type=\"wp-page\" data-elementor-id=\"13912\" class=\"elementor elementor-13912\" data-elementor-post-type=\"page\">\n\t\t\t\t\t\t<section class=\"elementor-section elementor-top-section elementor-element elementor-element-1802799 elementor-section-boxed elementor-section-height-default elementor-section-height-default\" data-id=\"1802799\" data-element_type=\"section\" data-e-type=\"section\">\n\t\t\t\t\t\t<div class=\"elementor-container elementor-column-gap-default\">\n\t\t\t\t\t<div class=\"elementor-column elementor-col-100 elementor-top-column elementor-element elementor-element-6ab1d69\" data-id=\"6ab1d69\" data-element_type=\"column\" data-e-type=\"column\">\n\t\t\t<div class=\"elementor-widget-wrap elementor-element-populated\">\n\t\t\t\t\t\t<div class=\"elementor-element elementor-element-6211044 elementor-widget elementor-widget-text-editor\" data-id=\"6211044\" data-element_type=\"widget\" data-e-type=\"widget\" data-widget_type=\"text-editor.default\">\n\t\t\t\t<div class=\"elementor-widget-container\">\n\t\t\t\t\t\t\t\t\t<p>Avec CmonSite il est possible de proposer \u00e0 vos clients un service de&nbsp;<strong>Click &amp; Collect !<\/strong><\/p>\t\t\t\t\t\t\t\t<\/div>\n\t\t\t\t<\/div>\n\t\t\t\t<section class=\"elementor-section elementor-inner-section elementor-element elementor-element-9127f9c elementor-section-boxed elementor-section-height-default elementor-section-height-default\" data-id=\"9127f9c\" data-element_type=\"section\" data-e-type=\"section\">\n\t\t\t\t\t\t<div class=\"elementor-container elementor-column-gap-default\">\n\t\t\t\t\t<div class=\"elementor-column elementor-col-50 elementor-inner-column elementor-element elementor-element-23578bb\" data-id=\"23578bb\" data-element_type=\"column\" data-e-type=\"column\">\n\t\t\t<div class=\"elementor-widget-wrap elementor-element-populated\">\n\t\t\t\t\t\t<div class=\"elementor-element elementor-element-5e35f0b elementor-widget elementor-widget-text-editor\" data-id=\"5e35f0b\" data-element_type=\"widget\" data-e-type=\"widget\" data-widget_type=\"text-editor.default\">\n\t\t\t\t<div class=\"elementor-widget-container\">\n\t\t\t\t\t\t\t\t\t<p><span style=\"font-family: inherit; font-size: 1.75rem; font-weight: bold;\">Activer le Click &amp; Collect<\/span><br><\/p>\n<p>Pour param\u00e9trer le Click &amp; Collect, rendez-vous dans votre <strong><em>Administration CmonSite<\/em><\/strong>.<br>Dans l&#8217;onglet \u00ab<em><strong>Boutique<\/strong><\/em>\u00bb, cliquez sur \u00ab<strong><em>Frais de port \/ Transport<\/em><\/strong>\u00bb. Vous pouvez aussi y acc\u00e9der directement en <a href=\"https:\/\/www.cmonsite.fr\/configfraisport.php\">cliquant ici<\/a>.<\/p>\n<p>Vous avez donc acc\u00e8s \u00e0 la liste de vos transporteurs.<br>Activez le Click &amp; Collect en cliquant sur la pastille de couleur afin qu&#8217;elle soit verte comme indiqu\u00e9 ci-dessous.<br>Ensuite, cliquez sur le bouton \u00ab<strong><em>Configurer les options<\/em><\/strong>\u00bb pour d\u00e9finir les param\u00e8tres de votre service.<\/p>\t\t\t\t\t\t\t\t<\/div>\n\t\t\t\t<\/div>\n\t\t\t\t\t<\/div>\n\t\t<\/div>\n\t\t\t\t<div class=\"elementor-column elementor-col-50 elementor-inner-column elementor-element elementor-element-2595bd2\" data-id=\"2595bd2\" data-element_type=\"column\" data-e-type=\"column\">\n\t\t\t<div class=\"elementor-widget-wrap elementor-element-populated\">\n\t\t\t\t\t\t<div class=\"elementor-element elementor-element-fd9aa50 elementor-widget elementor-widget-image\" data-id=\"fd9aa50\" data-element_type=\"widget\" data-e-type=\"widget\" data-widget_type=\"image.default\">\n\t\t\t\t<div class=\"elementor-widget-container\">\n\t\t\t\t\t\t\t\t\t\t\t\t\t\t\t\t<a href=\"https:\/\/www.cmonsite.fr\/creer-un-site\/wp-content\/uploads\/2021\/02\/configuration-transporteurs.jpg\" data-elementor-open-lightbox=\"yes\" data-elementor-lightbox-title=\"configuration-transporteurs\" data-e-action-hash=\"#elementor-action%3Aaction%3Dlightbox%26settings%3DeyJpZCI6MTUzMzEsInVybCI6Imh0dHBzOlwvXC93d3cuY21vbnNpdGUuZnJcL3NpdGVcL3dwLWNvbnRlbnRcL3VwbG9hZHNcLzIwMjFcLzAyXC9jb25maWd1cmF0aW9uLXRyYW5zcG9ydGV1cnMuanBnIn0%3D\">\n\t\t\t\t\t\t\t<img fetchpriority=\"high\" decoding=\"async\" width=\"800\" height=\"468\" src=\"https:\/\/www.cmonsite.fr\/site\/webup\/2021\/02\/configuration-transporteurs-1024x599.jpg\" class=\"attachment-large size-large wp-image-15331\" alt=\"\" srcset=\"https:\/\/www.cmonsite.fr\/site\/webup\/2021\/02\/configuration-transporteurs-1024x599.jpg 1024w, https:\/\/www.cmonsite.fr\/site\/webup\/2021\/02\/configuration-transporteurs-300x176.jpg 300w, https:\/\/www.cmonsite.fr\/site\/webup\/2021\/02\/configuration-transporteurs-768x450.jpg 768w, https:\/\/www.cmonsite.fr\/site\/webup\/2021\/02\/configuration-transporteurs.jpg 1266w\" sizes=\"(max-width: 800px) 100vw, 800px\" \/>\t\t\t\t\t\t\t\t<\/a>\n\t\t\t\t\t\t\t\t\t\t\t\t\t\t\t<\/div>\n\t\t\t\t<\/div>\n\t\t\t\t\t<\/div>\n\t\t<\/div>\n\t\t\t\t\t<\/div>\n\t\t<\/section>\n\t\t\t\t\t<\/div>\n\t\t<\/div>\n\t\t\t\t\t<\/div>\n\t\t<\/section>\n\t\t\t\t<section class=\"elementor-section elementor-top-section elementor-element elementor-element-d7b9a7c elementor-section-boxed elementor-section-height-default elementor-section-height-default\" data-id=\"d7b9a7c\" data-element_type=\"section\" data-e-type=\"section\">\n\t\t\t\t\t\t<div class=\"elementor-container elementor-column-gap-default\">\n\t\t\t\t\t<div class=\"elementor-column elementor-col-100 elementor-top-column elementor-element elementor-element-c429e49\" data-id=\"c429e49\" data-element_type=\"column\" data-e-type=\"column\">\n\t\t\t<div class=\"elementor-widget-wrap elementor-element-populated\">\n\t\t\t\t\t\t<div class=\"elementor-element elementor-element-19c9bf9 elementor-widget elementor-widget-spacer\" data-id=\"19c9bf9\" data-element_type=\"widget\" data-e-type=\"widget\" data-widget_type=\"spacer.default\">\n\t\t\t\t<div class=\"elementor-widget-container\">\n\t\t\t\t\t\t\t<div class=\"elementor-spacer\">\n\t\t\t<div class=\"elementor-spacer-inner\"><\/div>\n\t\t<\/div>\n\t\t\t\t\t\t<\/div>\n\t\t\t\t<\/div>\n\t\t\t\t<section class=\"elementor-section elementor-inner-section elementor-element elementor-element-71f198c elementor-section-boxed elementor-section-height-default elementor-section-height-default\" data-id=\"71f198c\" data-element_type=\"section\" data-e-type=\"section\">\n\t\t\t\t\t\t<div class=\"elementor-container elementor-column-gap-default\">\n\t\t\t\t\t<div class=\"elementor-column elementor-col-50 elementor-inner-column elementor-element elementor-element-b096fa0\" data-id=\"b096fa0\" data-element_type=\"column\" data-e-type=\"column\">\n\t\t\t<div class=\"elementor-widget-wrap elementor-element-populated\">\n\t\t\t\t\t\t<div class=\"elementor-element elementor-element-db2fb90 elementor-widget elementor-widget-image\" data-id=\"db2fb90\" data-element_type=\"widget\" data-e-type=\"widget\" data-widget_type=\"image.default\">\n\t\t\t\t<div class=\"elementor-widget-container\">\n\t\t\t\t\t\t\t\t\t\t\t\t\t\t\t\t<a href=\"https:\/\/www.cmonsite.fr\/creer-un-site\/wp-content\/uploads\/2021\/02\/infos-point-retrait-2.jpg\" data-elementor-open-lightbox=\"yes\" data-elementor-lightbox-title=\"infos-point-retrait-2\" data-e-action-hash=\"#elementor-action%3Aaction%3Dlightbox%26settings%3DeyJpZCI6MTUzMjksInVybCI6Imh0dHBzOlwvXC93d3cuY21vbnNpdGUuZnJcL3NpdGVcL3dwLWNvbnRlbnRcL3VwbG9hZHNcLzIwMjFcLzAyXC9pbmZvcy1wb2ludC1yZXRyYWl0LTIuanBnIn0%3D\">\n\t\t\t\t\t\t\t<img decoding=\"async\" width=\"598\" height=\"267\" src=\"https:\/\/www.cmonsite.fr\/site\/webup\/2021\/02\/infos-point-retrait-2.jpg\" class=\"attachment-large size-large wp-image-15329\" alt=\"\" srcset=\"https:\/\/www.cmonsite.fr\/site\/webup\/2021\/02\/infos-point-retrait-2.jpg 598w, https:\/\/www.cmonsite.fr\/site\/webup\/2021\/02\/infos-point-retrait-2-300x134.jpg 300w\" sizes=\"(max-width: 598px) 100vw, 598px\" \/>\t\t\t\t\t\t\t\t<\/a>\n\t\t\t\t\t\t\t\t\t\t\t\t\t\t\t<\/div>\n\t\t\t\t<\/div>\n\t\t\t\t\t<\/div>\n\t\t<\/div>\n\t\t\t\t<div class=\"elementor-column elementor-col-50 elementor-inner-column elementor-element elementor-element-101847a\" data-id=\"101847a\" data-element_type=\"column\" data-e-type=\"column\">\n\t\t\t<div class=\"elementor-widget-wrap elementor-element-populated\">\n\t\t\t\t\t\t<div class=\"elementor-element elementor-element-e63ec68 elementor-widget elementor-widget-text-editor\" data-id=\"e63ec68\" data-element_type=\"widget\" data-e-type=\"widget\" data-widget_type=\"text-editor.default\">\n\t\t\t\t<div class=\"elementor-widget-container\">\n\t\t\t\t\t\t\t\t\t<h2>Configurer le Click &amp; Collect<\/h2><p>Commencez par d\u00e9finir vos \u00ab<strong><em>Informations du point de retrait\u00bb<\/em><\/strong>, soit le lieu o\u00f9 vos clients peuvent venir retirer leurs commandes :<\/p><ul><li>Nom du point de retrait<\/li><li>Adresse<\/li><li>Code Postal<\/li><li>Ville<\/li><li>Pays<\/li><\/ul>\t\t\t\t\t\t\t\t<\/div>\n\t\t\t\t<\/div>\n\t\t\t\t\t<\/div>\n\t\t<\/div>\n\t\t\t\t\t<\/div>\n\t\t<\/section>\n\t\t\t\t<div class=\"elementor-element elementor-element-d2401cf elementor-widget elementor-widget-spacer\" data-id=\"d2401cf\" data-element_type=\"widget\" data-e-type=\"widget\" data-widget_type=\"spacer.default\">\n\t\t\t\t<div class=\"elementor-widget-container\">\n\t\t\t\t\t\t\t<div class=\"elementor-spacer\">\n\t\t\t<div class=\"elementor-spacer-inner\"><\/div>\n\t\t<\/div>\n\t\t\t\t\t\t<\/div>\n\t\t\t\t<\/div>\n\t\t\t\t\t<\/div>\n\t\t<\/div>\n\t\t\t\t\t<\/div>\n\t\t<\/section>\n\t\t\t\t<section class=\"elementor-section elementor-top-section elementor-element elementor-element-adebbdf elementor-section-boxed elementor-section-height-default elementor-section-height-default\" data-id=\"adebbdf\" data-element_type=\"section\" data-e-type=\"section\">\n\t\t\t\t\t\t<div class=\"elementor-container elementor-column-gap-default\">\n\t\t\t\t\t<div class=\"elementor-column elementor-col-100 elementor-top-column elementor-element elementor-element-fb14367\" data-id=\"fb14367\" data-element_type=\"column\" data-e-type=\"column\">\n\t\t\t<div class=\"elementor-widget-wrap elementor-element-populated\">\n\t\t\t\t\t\t<div class=\"elementor-element elementor-element-19eef89 elementor-widget elementor-widget-text-editor\" data-id=\"19eef89\" data-element_type=\"widget\" data-e-type=\"widget\" data-widget_type=\"text-editor.default\">\n\t\t\t\t<div class=\"elementor-widget-container\">\n\t\t\t\t\t\t\t\t\t<p>Ensuite, configurez vos&nbsp;<em><b>disponibilit\u00e9s<\/b>&nbsp;<\/em>pour le retrait ou la livraison de vos produits.<br>Remplissez les diff\u00e9rents champs pr\u00e9sent\u00e9s ci-dessous :<\/p>\n<ul>\n<li><strong><em>Afficher le choix de dates sur<\/em><\/strong> : choisissez jusqu&#8217;\u00e0 quelle date, \u00e0 partir du moment o\u00f9 il commande, le client peut choisir son jour de retrait.<\/li>\n<li><strong><em>Nom de la disponibilit\u00e9<\/em><\/strong> : choisissez le nom de la disponibilit\u00e9. Celui-ci ne sera pas visible par les visiteurs.<\/li>\n<li><em><b>Proposer des cr\u00e9neaux&nbsp;par tranche de<\/b><\/em> : le Click &amp; Collect fonctionne par cr\u00e9neau. D\u00e9finissez donc la dur\u00e9e de ces cr\u00e9neaux dans ce champ : <em>30 minutes, 1 heure, &#8230;<\/em><\/li>\n<li><strong><em>D\u00e9lai minimum de commande<\/em><\/strong> : le d\u00e9lai minimum de commande permet de d\u00e9finir un laps de temps minimal entre la commande du client et le moment auquel il peut retirer sa commande.<\/li>\n<li><em><strong>Nombre de commandes ou de produits par cr\u00e9neau<\/strong> <\/em>: vous permet de d\u00e9finir un nombre de commandes ou de produits qui peuvent \u00eatre command\u00e9s sur un m\u00eame cr\u00e9neau. Tr\u00e8s pratique pour limiter un volume de commande sur un horaire sp\u00e9cifique. Si vous laissez vide, il n&#8217;y a pas de limite de commande en fonction du cr\u00e9neau horaire.<\/li>\n<li><em><strong>Consid\u00e9rer le cr\u00e9neau comme r\u00e9serv\u00e9 :<\/strong><\/em> vous pouvez choisir de bloquer un cr\u00e9neau uniquement lorsque la commande de votre client est pay\u00e9e ou pour tous les statuts (en attente de paiement et pay\u00e9e par exemple). Pratique si le paiement du client n&#8217;a pas encore eu lieu.<\/li>\n<li><strong><em>Personnaliser selon une ann\u00e9e sp\u00e9cifique<\/em> <\/strong>: vous pouvez choisir de d\u00e9finir vos disponibilit\u00e9s en fonction d&#8217;une ann\u00e9e. Ainsi, vous pouvez en proposer des diff\u00e9rentes selon l&#8217;ann\u00e9e.<\/li>\n<\/ul>\t\t\t\t\t\t\t\t<\/div>\n\t\t\t\t<\/div>\n\t\t\t\t\t<\/div>\n\t\t<\/div>\n\t\t\t\t\t<\/div>\n\t\t<\/section>\n\t\t\t\t<section class=\"elementor-section elementor-top-section elementor-element elementor-element-7f25f5a elementor-section-boxed elementor-section-height-default elementor-section-height-default\" data-id=\"7f25f5a\" data-element_type=\"section\" data-e-type=\"section\">\n\t\t\t\t\t\t<div class=\"elementor-container elementor-column-gap-default\">\n\t\t\t\t\t<div class=\"elementor-column elementor-col-100 elementor-top-column elementor-element elementor-element-d1b910d\" data-id=\"d1b910d\" data-element_type=\"column\" data-e-type=\"column\">\n\t\t\t<div class=\"elementor-widget-wrap elementor-element-populated\">\n\t\t\t\t\t\t<div class=\"elementor-element elementor-element-b0b9143 elementor-widget elementor-widget-image\" data-id=\"b0b9143\" data-element_type=\"widget\" data-e-type=\"widget\" data-widget_type=\"image.default\">\n\t\t\t\t<div class=\"elementor-widget-container\">\n\t\t\t\t\t\t\t\t\t\t\t\t\t\t\t\t<a href=\"https:\/\/www.cmonsite.fr\/creer-un-site\/wp-content\/uploads\/2021\/02\/ConfigureClickNCollect.png\" data-elementor-open-lightbox=\"yes\" data-elementor-lightbox-title=\"ConfigureClickNCollect\" data-e-action-hash=\"#elementor-action%3Aaction%3Dlightbox%26settings%3DeyJpZCI6MTUzMjIsInVybCI6Imh0dHBzOlwvXC93d3cuY21vbnNpdGUuZnJcL3NpdGVcL3dwLWNvbnRlbnRcL3VwbG9hZHNcLzIwMjFcLzAyXC9Db25maWd1cmVDbGlja05Db2xsZWN0LnBuZyJ9\">\n\t\t\t\t\t\t\t<img decoding=\"async\" width=\"1218\" height=\"1323\" src=\"https:\/\/www.cmonsite.fr\/site\/webup\/2021\/02\/ConfigureClickNCollect.png\" class=\"attachment-1536x1536 size-1536x1536 wp-image-15322\" alt=\"\" srcset=\"https:\/\/www.cmonsite.fr\/site\/webup\/2021\/02\/ConfigureClickNCollect.png 1218w, https:\/\/www.cmonsite.fr\/site\/webup\/2021\/02\/ConfigureClickNCollect-276x300.png 276w, https:\/\/www.cmonsite.fr\/site\/webup\/2021\/02\/ConfigureClickNCollect-943x1024.png 943w, https:\/\/www.cmonsite.fr\/site\/webup\/2021\/02\/ConfigureClickNCollect-768x834.png 768w\" sizes=\"(max-width: 1218px) 100vw, 1218px\" \/>\t\t\t\t\t\t\t\t<\/a>\n\t\t\t\t\t\t\t\t\t\t\t\t\t\t\t<\/div>\n\t\t\t\t<\/div>\n\t\t\t\t<div class=\"elementor-element elementor-element-9047cab elementor-widget elementor-widget-spacer\" data-id=\"9047cab\" data-element_type=\"widget\" data-e-type=\"widget\" data-widget_type=\"spacer.default\">\n\t\t\t\t<div class=\"elementor-widget-container\">\n\t\t\t\t\t\t\t<div class=\"elementor-spacer\">\n\t\t\t<div class=\"elementor-spacer-inner\"><\/div>\n\t\t<\/div>\n\t\t\t\t\t\t<\/div>\n\t\t\t\t<\/div>\n\t\t\t\t\t<\/div>\n\t\t<\/div>\n\t\t\t\t\t<\/div>\n\t\t<\/section>\n\t\t\t\t<section class=\"elementor-section elementor-top-section elementor-element elementor-element-8018b83 elementor-section-boxed elementor-section-height-default elementor-section-height-default\" data-id=\"8018b83\" data-element_type=\"section\" data-e-type=\"section\">\n\t\t\t\t\t\t<div class=\"elementor-container elementor-column-gap-default\">\n\t\t\t\t\t<div class=\"elementor-column elementor-col-50 elementor-top-column elementor-element elementor-element-ff5d904\" data-id=\"ff5d904\" data-element_type=\"column\" data-e-type=\"column\">\n\t\t\t<div class=\"elementor-widget-wrap elementor-element-populated\">\n\t\t\t\t\t\t<div class=\"elementor-element elementor-element-7cf0b64 elementor-widget elementor-widget-image\" data-id=\"7cf0b64\" data-element_type=\"widget\" data-e-type=\"widget\" data-widget_type=\"image.default\">\n\t\t\t\t<div class=\"elementor-widget-container\">\n\t\t\t\t\t\t\t\t\t\t\t\t\t\t\t\t<a href=\"https:\/\/www.cmonsite.fr\/creer-un-site\/wp-content\/uploads\/2021\/02\/client.jpg\" data-elementor-open-lightbox=\"yes\" data-elementor-lightbox-title=\"client\" data-e-action-hash=\"#elementor-action%3Aaction%3Dlightbox%26settings%3DeyJpZCI6MTUzMzIsInVybCI6Imh0dHBzOlwvXC93d3cuY21vbnNpdGUuZnJcL3NpdGVcL3dwLWNvbnRlbnRcL3VwbG9hZHNcLzIwMjFcLzAyXC9jbGllbnQuanBnIn0%3D\">\n\t\t\t\t\t\t\t<img loading=\"lazy\" decoding=\"async\" width=\"793\" height=\"377\" src=\"https:\/\/www.cmonsite.fr\/site\/webup\/2021\/02\/client.jpg\" class=\"attachment-large size-large wp-image-15332\" alt=\"\" srcset=\"https:\/\/www.cmonsite.fr\/site\/webup\/2021\/02\/client.jpg 793w, https:\/\/www.cmonsite.fr\/site\/webup\/2021\/02\/client-300x143.jpg 300w, https:\/\/www.cmonsite.fr\/site\/webup\/2021\/02\/client-768x365.jpg 768w\" sizes=\"(max-width: 793px) 100vw, 793px\" \/>\t\t\t\t\t\t\t\t<\/a>\n\t\t\t\t\t\t\t\t\t\t\t\t\t\t\t<\/div>\n\t\t\t\t<\/div>\n\t\t\t\t\t<\/div>\n\t\t<\/div>\n\t\t\t\t<div class=\"elementor-column elementor-col-50 elementor-top-column elementor-element elementor-element-68bc5e2\" data-id=\"68bc5e2\" data-element_type=\"column\" data-e-type=\"column\">\n\t\t\t<div class=\"elementor-widget-wrap elementor-element-populated\">\n\t\t\t\t\t\t<div class=\"elementor-element elementor-element-33694f4 elementor-widget elementor-widget-text-editor\" data-id=\"33694f4\" data-element_type=\"widget\" data-e-type=\"widget\" data-widget_type=\"text-editor.default\">\n\t\t\t\t<div class=\"elementor-widget-container\">\n\t\t\t\t\t\t\t\t\t<h2>C\u00f4t\u00e9 client sur votre site internet<\/h2><p>De leur c\u00f4t\u00e9, vos clients lorsqu&#8217;ils commanderont chez vous, pourront choisir le jour et l&#8217;heure de retrait de leur commande en fonction des disponibilit\u00e9s que vous avez d\u00e9finies au pr\u00e9alable.<\/p>\t\t\t\t\t\t\t\t<\/div>\n\t\t\t\t<\/div>\n\t\t\t\t\t<\/div>\n\t\t<\/div>\n\t\t\t\t\t<\/div>\n\t\t<\/section>\n\t\t\t\t<\/div>\n\t\t","protected":false},"excerpt":{"rendered":"<p>Avec CmonSite il est possible de proposer \u00e0 vos clients un service de\u00a0Click &amp; Collect ! Activer le Click &amp; Collect Pour param\u00e9trer le Click &amp; Collect, rendez-vous dans votre Administration CmonSite. Dans l&#8217;onglet \u00abBoutique\u00bb, cliquez sur \u00abFrais de port \/ Transport\u00bb. Vous pouvez aussi y acc\u00e9der directement en cliquant ici. Vous avez donc acc\u00e8s [&hellip;]<\/p>\n","protected":false},"author":1,"featured_media":18004,"parent":22990,"menu_order":2,"comment_status":"closed","ping_status":"closed","template":"","meta":{"_helpful_status":1,"footnotes":""},"class_list":["post-13912","page","type-page","status-publish","has-post-thumbnail","hentry"],"_links":{"self":[{"href":"https:\/\/www.cmonsite.fr\/site\/wp-json\/wp\/v2\/pages\/13912","targetHints":{"allow":["GET"]}}],"collection":[{"href":"https:\/\/www.cmonsite.fr\/site\/wp-json\/wp\/v2\/pages"}],"about":[{"href":"https:\/\/www.cmonsite.fr\/site\/wp-json\/wp\/v2\/types\/page"}],"author":[{"embeddable":true,"href":"https:\/\/www.cmonsite.fr\/site\/wp-json\/wp\/v2\/users\/1"}],"replies":[{"embeddable":true,"href":"https:\/\/www.cmonsite.fr\/site\/wp-json\/wp\/v2\/comments?post=13912"}],"version-history":[{"count":2,"href":"https:\/\/www.cmonsite.fr\/site\/wp-json\/wp\/v2\/pages\/13912\/revisions"}],"predecessor-version":[{"id":24699,"href":"https:\/\/www.cmonsite.fr\/site\/wp-json\/wp\/v2\/pages\/13912\/revisions\/24699"}],"up":[{"embeddable":true,"href":"https:\/\/www.cmonsite.fr\/site\/wp-json\/wp\/v2\/pages\/22990"}],"wp:featuredmedia":[{"embeddable":true,"href":"https:\/\/www.cmonsite.fr\/site\/wp-json\/wp\/v2\/media\/18004"}],"wp:attachment":[{"href":"https:\/\/www.cmonsite.fr\/site\/wp-json\/wp\/v2\/media?parent=13912"}],"curies":[{"name":"wp","href":"https:\/\/api.w.org\/{rel}","templated":true}]}}