{"id":13603,"date":"2020-10-26T15:07:29","date_gmt":"2020-10-26T14:07:38","guid":{"rendered":"https:\/\/www.cmonsite.fr\/site\/aide\/?page_id=13603"},"modified":"2025-05-09T15:41:39","modified_gmt":"2025-05-09T13:41:39","slug":"comment-mettre-en-place-la-rgpd-sur-son-site","status":"publish","type":"page","link":"https:\/\/www.cmonsite.fr\/site\/aide\/informations-legales\/comment-mettre-en-place-la-rgpd-sur-son-site","title":{"rendered":"Comment renseigner mes RGPD ?"},"content":{"rendered":"\t\t<div data-elementor-type=\"wp-page\" data-elementor-id=\"13603\" class=\"elementor elementor-13603\" data-elementor-post-type=\"page\">\n\t\t\t\t<div class=\"elementor-element elementor-element-5e46b205 e-flex e-con-boxed e-con e-parent\" data-id=\"5e46b205\" data-element_type=\"container\" data-e-type=\"container\">\n\t\t\t\t\t<div class=\"e-con-inner\">\n\t\t\t\t<div class=\"elementor-element elementor-element-3d4e7eb6 elementor-widget elementor-widget-text-editor\" data-id=\"3d4e7eb6\" data-element_type=\"widget\" data-e-type=\"widget\" data-widget_type=\"text-editor.default\">\n\t\t\t\t<div class=\"elementor-widget-container\">\n\t\t\t\t\t\t\t\t\t<p class=\"\" data-start=\"177\" data-end=\"384\">Depuis le <strong data-start=\"189\" data-end=\"204\">25 mai 2018<\/strong>, le RGPD (R\u00e8glement G\u00e9n\u00e9ral sur la Protection des Donn\u00e9es) impose des r\u00e8gles strictes concernant la collecte et le traitement des donn\u00e9es personnelles de vos visiteurs et clients.<\/p>\t\t\t\t\t\t\t\t<\/div>\n\t\t\t\t<\/div>\n\t\t\t\t<div class=\"elementor-element elementor-element-a6ee09c elementor-widget elementor-widget-text-editor\" data-id=\"a6ee09c\" data-element_type=\"widget\" data-e-type=\"widget\" data-widget_type=\"text-editor.default\">\n\t\t\t\t<div class=\"elementor-widget-container\">\n\t\t\t\t\t\t\t\t\t<p class=\"\" data-start=\"386\" data-end=\"554\">D\u00e9sormais, chaque <strong data-start=\"404\" data-end=\"418\">formulaire<\/strong> qui collecte des donn\u00e9es (contact, devis, newsletter, inscription\u2026) doit <strong data-start=\"492\" data-end=\"553\">obligatoirement inclure une demande de consentement clair<\/strong>.<\/p>\t\t\t\t\t\t\t\t<\/div>\n\t\t\t\t<\/div>\n\t\t\t\t<div class=\"elementor-element elementor-element-4419477 elementor-widget elementor-widget-text-editor\" data-id=\"4419477\" data-element_type=\"widget\" data-e-type=\"widget\" data-widget_type=\"text-editor.default\">\n\t\t\t\t<div class=\"elementor-widget-container\">\n\t\t\t\t\t\t\t\t\t<p class=\"\" data-start=\"556\" data-end=\"587\">L\u2019utilisateur doit comprendre :<\/p><ul data-start=\"588\" data-end=\"714\"><li class=\"\" data-start=\"588\" data-end=\"631\"><p class=\"\" data-start=\"590\" data-end=\"631\"><strong data-start=\"590\" data-end=\"602\">pourquoi<\/strong> ses donn\u00e9es sont collect\u00e9es,<\/p><\/li><li class=\"\" data-start=\"632\" data-end=\"669\"><p class=\"\" data-start=\"634\" data-end=\"669\"><strong data-start=\"634\" data-end=\"645\">comment<\/strong> elles seront utilis\u00e9es,<\/p><\/li><li class=\"\" data-start=\"670\" data-end=\"714\"><p class=\"\" data-start=\"672\" data-end=\"714\">et donner son accord de mani\u00e8re explicite.<\/p><\/li><\/ul>\t\t\t\t\t\t\t\t<\/div>\n\t\t\t\t<\/div>\n\t\t\t\t<div class=\"elementor-element elementor-element-7480304 elementor-widget elementor-widget-text-editor\" data-id=\"7480304\" data-element_type=\"widget\" data-e-type=\"widget\" data-widget_type=\"text-editor.default\">\n\t\t\t\t<div class=\"elementor-widget-container\">\n\t\t\t\t\t\t\t\t\t<h2>\ud83d\udccd O\u00f9 configurer les options RGPD sur votre site ?<\/h2>\t\t\t\t\t\t\t\t<\/div>\n\t\t\t\t<\/div>\n\t\t\t\t<div class=\"elementor-element elementor-element-c867c13 elementor-widget elementor-widget-text-editor\" data-id=\"c867c13\" data-element_type=\"widget\" data-e-type=\"widget\" data-widget_type=\"text-editor.default\">\n\t\t\t\t<div class=\"elementor-widget-container\">\n\t\t\t\t\t\t\t\t\t<p class=\"\" data-start=\"777\" data-end=\"877\">Rendez-vous dans votre <strong data-start=\"800\" data-end=\"825\">espace Administration<\/strong>, onglet <strong data-start=\"834\" data-end=\"847\">\u201cModules\u201d<\/strong>, puis cliquez sur <strong data-start=\"866\" data-end=\"876\">\u201cRGPD\u201d<\/strong>.<\/p>\t\t\t\t\t\t\t\t<\/div>\n\t\t\t\t<\/div>\n\t\t\t\t<div class=\"elementor-element elementor-element-b9cd834 elementor-widget elementor-widget-text-editor\" data-id=\"b9cd834\" data-element_type=\"widget\" data-e-type=\"widget\" data-widget_type=\"text-editor.default\">\n\t\t\t\t<div class=\"elementor-widget-container\">\n\t\t\t\t\t\t\t\t\t<p><img fetchpriority=\"high\" decoding=\"async\" class=\"alignnone size-full wp-image-28091\" src=\"https:\/\/www.cmonsite.fr\/site\/webup\/2025\/05\/Capture-decran-2025-05-06-150859.png\" alt=\"\" width=\"1239\" height=\"505\" srcset=\"https:\/\/www.cmonsite.fr\/site\/webup\/2025\/05\/Capture-decran-2025-05-06-150859.png 1239w, https:\/\/www.cmonsite.fr\/site\/webup\/2025\/05\/Capture-decran-2025-05-06-150859-300x122.png 300w, https:\/\/www.cmonsite.fr\/site\/webup\/2025\/05\/Capture-decran-2025-05-06-150859-1024x417.png 1024w, https:\/\/www.cmonsite.fr\/site\/webup\/2025\/05\/Capture-decran-2025-05-06-150859-768x313.png 768w\" sizes=\"(max-width: 1239px) 100vw, 1239px\" \/><\/p>\t\t\t\t\t\t\t\t<\/div>\n\t\t\t\t<\/div>\n\t\t\t\t<div class=\"elementor-element elementor-element-10bbd01 elementor-widget elementor-widget-text-editor\" data-id=\"10bbd01\" data-element_type=\"widget\" data-e-type=\"widget\" data-widget_type=\"text-editor.default\">\n\t\t\t\t<div class=\"elementor-widget-container\">\n\t\t\t\t\t\t\t\t\t<p class=\"\" data-start=\"879\" data-end=\"932\">Vous y trouverez plusieurs sections \u00e0 personnaliser :<\/p>\t\t\t\t\t\t\t\t<\/div>\n\t\t\t\t<\/div>\n\t\t\t\t<div class=\"elementor-element elementor-element-4178476 elementor-widget elementor-widget-text-editor\" data-id=\"4178476\" data-element_type=\"widget\" data-e-type=\"widget\" data-widget_type=\"text-editor.default\">\n\t\t\t\t<div class=\"elementor-widget-container\">\n\t\t\t\t\t\t\t\t\t<h3>Configuration du compte client<\/h3>\t\t\t\t\t\t\t\t<\/div>\n\t\t\t\t<\/div>\n\t\t\t\t<div class=\"elementor-element elementor-element-7c30c05 elementor-widget elementor-widget-text-editor\" data-id=\"7c30c05\" data-element_type=\"widget\" data-e-type=\"widget\" data-widget_type=\"text-editor.default\">\n\t\t\t\t<div class=\"elementor-widget-container\">\n\t\t\t\t\t\t\t\t\t<p>Lorsqu&#8217;un client effectue son premier achat sur votre boutique, il va cr\u00e9er un compte en renseignant son adresse e-mail ainsi que son nom et son pr\u00e9nom.<\/p>\t\t\t\t\t\t\t\t<\/div>\n\t\t\t\t<\/div>\n\t\t\t\t<div class=\"elementor-element elementor-element-04dc8f2 elementor-widget elementor-widget-text-editor\" data-id=\"04dc8f2\" data-element_type=\"widget\" data-e-type=\"widget\" data-widget_type=\"text-editor.default\">\n\t\t\t\t<div class=\"elementor-widget-container\">\n\t\t\t\t\t\t\t\t\t<p><img decoding=\"async\" class=\"alignnone size-full wp-image-28092\" src=\"https:\/\/www.cmonsite.fr\/site\/webup\/2025\/05\/Capture-decran-2025-05-06-151044.png\" alt=\"\" width=\"911\" height=\"198\" srcset=\"https:\/\/www.cmonsite.fr\/site\/webup\/2025\/05\/Capture-decran-2025-05-06-151044.png 911w, https:\/\/www.cmonsite.fr\/site\/webup\/2025\/05\/Capture-decran-2025-05-06-151044-300x65.png 300w, https:\/\/www.cmonsite.fr\/site\/webup\/2025\/05\/Capture-decran-2025-05-06-151044-768x167.png 768w\" sizes=\"(max-width: 911px) 100vw, 911px\" \/><\/p>\t\t\t\t\t\t\t\t<\/div>\n\t\t\t\t<\/div>\n\t\t\t\t<div class=\"elementor-element elementor-element-3098d50 elementor-widget elementor-widget-text-editor\" data-id=\"3098d50\" data-element_type=\"widget\" data-e-type=\"widget\" data-widget_type=\"text-editor.default\">\n\t\t\t\t<div class=\"elementor-widget-container\">\n\t\t\t\t\t\t\t\t\t<p>Vous avez ici deux options :<\/p><ul><li>Permettre le t\u00e9l\u00e9chargement des donn\u00e9es personnelles<\/li><li>Permettre la suppression du compte client<\/li><\/ul>\t\t\t\t\t\t\t\t<\/div>\n\t\t\t\t<\/div>\n\t\t\t\t<div class=\"elementor-element elementor-element-e2f22f7 elementor-widget elementor-widget-text-editor\" data-id=\"e2f22f7\" data-element_type=\"widget\" data-e-type=\"widget\" data-widget_type=\"text-editor.default\">\n\t\t\t\t<div class=\"elementor-widget-container\">\n\t\t\t\t\t\t\t\t\t<h3>Bandeau d&#8217;information sur les cookies utilis\u00e9s et leur finalit\u00e9<\/h3>\t\t\t\t\t\t\t\t<\/div>\n\t\t\t\t<\/div>\n\t\t\t\t<div class=\"elementor-element elementor-element-2d3e2d5 elementor-widget elementor-widget-text-editor\" data-id=\"2d3e2d5\" data-element_type=\"widget\" data-e-type=\"widget\" data-widget_type=\"text-editor.default\">\n\t\t\t\t<div class=\"elementor-widget-container\">\n\t\t\t\t\t\t\t\t\t<p><img decoding=\"async\" class=\"alignnone size-full wp-image-28093\" src=\"https:\/\/www.cmonsite.fr\/site\/webup\/2025\/05\/Capture-decran-2025-05-06-151126.png\" alt=\"\" width=\"917\" height=\"394\" srcset=\"https:\/\/www.cmonsite.fr\/site\/webup\/2025\/05\/Capture-decran-2025-05-06-151126.png 917w, https:\/\/www.cmonsite.fr\/site\/webup\/2025\/05\/Capture-decran-2025-05-06-151126-300x129.png 300w, https:\/\/www.cmonsite.fr\/site\/webup\/2025\/05\/Capture-decran-2025-05-06-151126-768x330.png 768w\" sizes=\"(max-width: 917px) 100vw, 917px\" \/><\/p>\t\t\t\t\t\t\t\t<\/div>\n\t\t\t\t<\/div>\n\t\t\t\t<div class=\"elementor-element elementor-element-5c7f7ea elementor-widget elementor-widget-text-editor\" data-id=\"5c7f7ea\" data-element_type=\"widget\" data-e-type=\"widget\" data-widget_type=\"text-editor.default\">\n\t\t\t\t<div class=\"elementor-widget-container\">\n\t\t\t\t\t\t\t\t\t<h3>Formulaire d&#8217;inscription \u00e0 la newsletter<\/h3>\t\t\t\t\t\t\t\t<\/div>\n\t\t\t\t<\/div>\n\t\t\t\t<div class=\"elementor-element elementor-element-ec1cf80 elementor-widget elementor-widget-text-editor\" data-id=\"ec1cf80\" data-element_type=\"widget\" data-e-type=\"widget\" data-widget_type=\"text-editor.default\">\n\t\t\t\t<div class=\"elementor-widget-container\">\n\t\t\t\t\t\t\t\t\t<p><img loading=\"lazy\" decoding=\"async\" class=\"alignnone size-full wp-image-28094\" src=\"https:\/\/www.cmonsite.fr\/site\/webup\/2025\/05\/Capture-decran-2025-05-06-151232.png\" alt=\"\" width=\"924\" height=\"470\" srcset=\"https:\/\/www.cmonsite.fr\/site\/webup\/2025\/05\/Capture-decran-2025-05-06-151232.png 924w, https:\/\/www.cmonsite.fr\/site\/webup\/2025\/05\/Capture-decran-2025-05-06-151232-300x153.png 300w, https:\/\/www.cmonsite.fr\/site\/webup\/2025\/05\/Capture-decran-2025-05-06-151232-768x391.png 768w\" sizes=\"(max-width: 924px) 100vw, 924px\" \/><\/p>\t\t\t\t\t\t\t\t<\/div>\n\t\t\t\t<\/div>\n\t\t\t\t<div class=\"elementor-element elementor-element-2c48da5 elementor-widget elementor-widget-text-editor\" data-id=\"2c48da5\" data-element_type=\"widget\" data-e-type=\"widget\" data-widget_type=\"text-editor.default\">\n\t\t\t\t<div class=\"elementor-widget-container\">\n\t\t\t\t\t\t\t\t\t<p>Activez \u00ab <em><strong>Afficher l&#8217;information sur la page d&#8217;inscription \u00e0 la newsletter<\/strong><\/em> \u00bb pour que votre texte \u00e0 afficher apparaisse lors de la souscription du visiteur \u00e0 votre newsletter.<\/p><p>\u00a0<br \/>Celui-ci devra alors cliquer dans la case \u00e0 cocher pour accepter que ses donn\u00e9es soient trait\u00e9es.<\/p>\t\t\t\t\t\t\t\t<\/div>\n\t\t\t\t<\/div>\n\t\t\t\t<div class=\"elementor-element elementor-element-ab24491 elementor-widget elementor-widget-text-editor\" data-id=\"ab24491\" data-element_type=\"widget\" data-e-type=\"widget\" data-widget_type=\"text-editor.default\">\n\t\t\t\t<div class=\"elementor-widget-container\">\n\t\t\t\t\t\t\t\t\t<h3>Formulaire de la page de contact &#8211; Formulaire du livre d&#8217;or &#8211; Formulaire d&#8217;ajout de commentaire sur la fiche produit &#8211; Formulaire d&#8217;ajout de commentaire photo<\/h3>\t\t\t\t\t\t\t\t<\/div>\n\t\t\t\t<\/div>\n\t\t\t\t<div class=\"elementor-element elementor-element-5d659dd elementor-widget elementor-widget-text-editor\" data-id=\"5d659dd\" data-element_type=\"widget\" data-e-type=\"widget\" data-widget_type=\"text-editor.default\">\n\t\t\t\t<div class=\"elementor-widget-container\">\n\t\t\t\t\t\t\t\t\t<p><img loading=\"lazy\" decoding=\"async\" class=\"alignnone size-full wp-image-28095\" src=\"https:\/\/www.cmonsite.fr\/site\/webup\/2025\/05\/Capture-decran-2025-05-06-151335.png\" alt=\"\" width=\"920\" height=\"458\" srcset=\"https:\/\/www.cmonsite.fr\/site\/webup\/2025\/05\/Capture-decran-2025-05-06-151335.png 920w, https:\/\/www.cmonsite.fr\/site\/webup\/2025\/05\/Capture-decran-2025-05-06-151335-300x149.png 300w, https:\/\/www.cmonsite.fr\/site\/webup\/2025\/05\/Capture-decran-2025-05-06-151335-768x382.png 768w\" sizes=\"(max-width: 920px) 100vw, 920px\" \/><\/p>\t\t\t\t\t\t\t\t<\/div>\n\t\t\t\t<\/div>\n\t\t\t\t<div class=\"elementor-element elementor-element-4721380 elementor-widget elementor-widget-text-editor\" data-id=\"4721380\" data-element_type=\"widget\" data-e-type=\"widget\" data-widget_type=\"text-editor.default\">\n\t\t\t\t<div class=\"elementor-widget-container\">\n\t\t\t\t\t\t\t\t\t<p>Vous pouvez aussi personnaliser le texte \u00e0 afficher et le texte de la case \u00e0 cocher. Sans cela, le texte par d\u00e9faut sera affich\u00e9.<\/p>\t\t\t\t\t\t\t\t<\/div>\n\t\t\t\t<\/div>\n\t\t\t\t<div class=\"elementor-element elementor-element-3a3857f elementor-widget elementor-widget-text-editor\" data-id=\"3a3857f\" data-element_type=\"widget\" data-e-type=\"widget\" data-widget_type=\"text-editor.default\">\n\t\t\t\t<div class=\"elementor-widget-container\">\n\t\t\t\t\t\t\t\t\t<h3>Formulaire d&#8217;information client (Cr\u00e9ation compte client \/ \u00c9dition compte client \/ Formulaire pour l&#8217;adresse de la commande)<\/h3>\t\t\t\t\t\t\t\t<\/div>\n\t\t\t\t<\/div>\n\t\t\t\t<div class=\"elementor-element elementor-element-d9af915 elementor-widget elementor-widget-text-editor\" data-id=\"d9af915\" data-element_type=\"widget\" data-e-type=\"widget\" data-widget_type=\"text-editor.default\">\n\t\t\t\t<div class=\"elementor-widget-container\">\n\t\t\t\t\t\t\t\t\t<p>Ces formulaires doivent \u00e9galement int\u00e9grer une mention d\u2019information claire. Vous pouvez y ajouter votre propre texte expliquant la finalit\u00e9 du traitement et une case de consentement.<\/p>\t\t\t\t\t\t\t\t<\/div>\n\t\t\t\t<\/div>\n\t\t\t\t<div class=\"elementor-element elementor-element-2df01f8 elementor-widget elementor-widget-text-editor\" data-id=\"2df01f8\" data-element_type=\"widget\" data-e-type=\"widget\" data-widget_type=\"text-editor.default\">\n\t\t\t\t<div class=\"elementor-widget-container\">\n\t\t\t\t\t\t\t\t\t<p><img loading=\"lazy\" decoding=\"async\" class=\"alignnone size-full wp-image-28096\" src=\"https:\/\/www.cmonsite.fr\/site\/webup\/2025\/05\/Capture-decran-2025-05-06-151515.png\" alt=\"\" width=\"921\" height=\"759\" srcset=\"https:\/\/www.cmonsite.fr\/site\/webup\/2025\/05\/Capture-decran-2025-05-06-151515.png 921w, https:\/\/www.cmonsite.fr\/site\/webup\/2025\/05\/Capture-decran-2025-05-06-151515-300x247.png 300w, https:\/\/www.cmonsite.fr\/site\/webup\/2025\/05\/Capture-decran-2025-05-06-151515-768x633.png 768w\" sizes=\"(max-width: 921px) 100vw, 921px\" \/><\/p><p>\u00a0<\/p>\t\t\t\t\t\t\t\t<\/div>\n\t\t\t\t<\/div>\n\t\t\t\t<div class=\"elementor-element elementor-element-614c1d0 elementor-widget elementor-widget-text-editor\" data-id=\"614c1d0\" data-element_type=\"widget\" data-e-type=\"widget\" data-widget_type=\"text-editor.default\">\n\t\t\t\t<div class=\"elementor-widget-container\">\n\t\t\t\t\t\t\t\t\t<p><img loading=\"lazy\" decoding=\"async\" class=\"alignnone size-full wp-image-28097\" src=\"https:\/\/www.cmonsite.fr\/site\/webup\/2025\/05\/Capture-decran-2025-05-06-151544.png\" alt=\"\" width=\"910\" height=\"361\" srcset=\"https:\/\/www.cmonsite.fr\/site\/webup\/2025\/05\/Capture-decran-2025-05-06-151544.png 910w, https:\/\/www.cmonsite.fr\/site\/webup\/2025\/05\/Capture-decran-2025-05-06-151544-300x119.png 300w, https:\/\/www.cmonsite.fr\/site\/webup\/2025\/05\/Capture-decran-2025-05-06-151544-768x305.png 768w\" sizes=\"(max-width: 910px) 100vw, 910px\" \/><\/p>\t\t\t\t\t\t\t\t<\/div>\n\t\t\t\t<\/div>\n\t\t\t\t<div class=\"elementor-element elementor-element-2940844 elementor-widget elementor-widget-text-editor\" data-id=\"2940844\" data-element_type=\"widget\" data-e-type=\"widget\" data-widget_type=\"text-editor.default\">\n\t\t\t\t<div class=\"elementor-widget-container\">\n\t\t\t\t\t\t\t\t\t<h3>Formulaire d&#8217;avis clients et ajout de commentaire sur une photo<\/h3>\t\t\t\t\t\t\t\t<\/div>\n\t\t\t\t<\/div>\n\t\t\t\t<div class=\"elementor-element elementor-element-115d92b elementor-widget elementor-widget-text-editor\" data-id=\"115d92b\" data-element_type=\"widget\" data-e-type=\"widget\" data-widget_type=\"text-editor.default\">\n\t\t\t\t<div class=\"elementor-widget-container\">\n\t\t\t\t\t\t\t\t\t<p>Lorsque vos clients laissent un avis ou un commentaire photo, vous pouvez leur afficher un texte expliquant comment leurs donn\u00e9es seront utilis\u00e9es (affichage public, mod\u00e9ration, etc.) et une case de consentement.<\/p>\t\t\t\t\t\t\t\t<\/div>\n\t\t\t\t<\/div>\n\t\t\t\t<div class=\"elementor-element elementor-element-35c79aa elementor-widget elementor-widget-image\" data-id=\"35c79aa\" data-element_type=\"widget\" data-e-type=\"widget\" data-widget_type=\"image.default\">\n\t\t\t\t<div class=\"elementor-widget-container\">\n\t\t\t\t\t\t\t\t\t\t\t\t\t\t\t<img loading=\"lazy\" decoding=\"async\" width=\"925\" height=\"517\" src=\"https:\/\/www.cmonsite.fr\/site\/webup\/2025\/05\/Capture-decran-2025-05-09-154028.png\" class=\"attachment-full size-full wp-image-28202\" alt=\"\" srcset=\"https:\/\/www.cmonsite.fr\/site\/webup\/2025\/05\/Capture-decran-2025-05-09-154028.png 925w, https:\/\/www.cmonsite.fr\/site\/webup\/2025\/05\/Capture-decran-2025-05-09-154028-300x168.png 300w, https:\/\/www.cmonsite.fr\/site\/webup\/2025\/05\/Capture-decran-2025-05-09-154028-768x429.png 768w\" sizes=\"(max-width: 925px) 100vw, 925px\" \/>\t\t\t\t\t\t\t\t\t\t\t\t\t\t\t<\/div>\n\t\t\t\t<\/div>\n\t\t\t\t<div class=\"elementor-element elementor-element-a179c5d elementor-widget elementor-widget-text-editor\" data-id=\"a179c5d\" data-element_type=\"widget\" data-e-type=\"widget\" data-widget_type=\"text-editor.default\">\n\t\t\t\t<div class=\"elementor-widget-container\">\n\t\t\t\t\t\t\t\t\t<h3>Formulaire d&#8217;ajout de commentaire sur la fiche produit<\/h3>\t\t\t\t\t\t\t\t<\/div>\n\t\t\t\t<\/div>\n\t\t\t\t<div class=\"elementor-element elementor-element-5fcbb2a elementor-widget elementor-widget-text-editor\" data-id=\"5fcbb2a\" data-element_type=\"widget\" data-e-type=\"widget\" data-widget_type=\"text-editor.default\">\n\t\t\t\t<div class=\"elementor-widget-container\">\n\t\t\t\t\t\t\t\t\t<p>Ce formulaire permet aux visiteurs de commenter vos produits. Activez l\u2019option RGPD pour informer vos utilisateurs de l\u2019usage de leurs donn\u00e9es (affichage public, mod\u00e9ration) et leur demander leur consentement.<\/p>\t\t\t\t\t\t\t\t<\/div>\n\t\t\t\t<\/div>\n\t\t\t\t<div class=\"elementor-element elementor-element-f02cb65 elementor-widget elementor-widget-text-editor\" data-id=\"f02cb65\" data-element_type=\"widget\" data-e-type=\"widget\" data-widget_type=\"text-editor.default\">\n\t\t\t\t<div class=\"elementor-widget-container\">\n\t\t\t\t\t\t\t\t\t<p><img loading=\"lazy\" decoding=\"async\" class=\"alignnone size-full wp-image-28099\" src=\"https:\/\/www.cmonsite.fr\/site\/webup\/2025\/05\/Capture-decran-2025-05-06-152949.png\" alt=\"\" width=\"919\" height=\"455\" srcset=\"https:\/\/www.cmonsite.fr\/site\/webup\/2025\/05\/Capture-decran-2025-05-06-152949.png 919w, https:\/\/www.cmonsite.fr\/site\/webup\/2025\/05\/Capture-decran-2025-05-06-152949-300x149.png 300w, https:\/\/www.cmonsite.fr\/site\/webup\/2025\/05\/Capture-decran-2025-05-06-152949-768x380.png 768w\" sizes=\"(max-width: 919px) 100vw, 919px\" \/><\/p>\t\t\t\t\t\t\t\t<\/div>\n\t\t\t\t<\/div>\n\t\t\t\t<div class=\"elementor-element elementor-element-39e439d elementor-widget elementor-widget-text-editor\" data-id=\"39e439d\" data-element_type=\"widget\" data-e-type=\"widget\" data-widget_type=\"text-editor.default\">\n\t\t\t\t<div class=\"elementor-widget-container\">\n\t\t\t\t\t\t\t\t\t<h3>Journal des consentements<\/h3>\t\t\t\t\t\t\t\t<\/div>\n\t\t\t\t<\/div>\n\t\t\t\t<div class=\"elementor-element elementor-element-9254cb6 elementor-widget elementor-widget-text-editor\" data-id=\"9254cb6\" data-element_type=\"widget\" data-e-type=\"widget\" data-widget_type=\"text-editor.default\">\n\t\t\t\t<div class=\"elementor-widget-container\">\n\t\t\t\t\t\t\t\t\t<p class=\"\" data-start=\"2883\" data-end=\"3059\">Cette section vous permet de <strong data-start=\"2912\" data-end=\"2949\">retracer les consentements donn\u00e9s<\/strong> par vos visiteurs. Elle constitue une preuve conforme aux exigences du RGPD, en cas de contr\u00f4le ou de litige.<\/p>\t\t\t\t\t\t\t\t<\/div>\n\t\t\t\t<\/div>\n\t\t\t\t<div class=\"elementor-element elementor-element-e5c8b7b elementor-widget elementor-widget-text-editor\" data-id=\"e5c8b7b\" data-element_type=\"widget\" data-e-type=\"widget\" data-widget_type=\"text-editor.default\">\n\t\t\t\t<div class=\"elementor-widget-container\">\n\t\t\t\t\t\t\t\t\t<p><img loading=\"lazy\" decoding=\"async\" class=\"alignnone size-full wp-image-28100\" src=\"https:\/\/www.cmonsite.fr\/site\/webup\/2025\/05\/Capture-decran-2025-05-06-153415.png\" alt=\"\" width=\"923\" height=\"119\" srcset=\"https:\/\/www.cmonsite.fr\/site\/webup\/2025\/05\/Capture-decran-2025-05-06-153415.png 923w, https:\/\/www.cmonsite.fr\/site\/webup\/2025\/05\/Capture-decran-2025-05-06-153415-300x39.png 300w, https:\/\/www.cmonsite.fr\/site\/webup\/2025\/05\/Capture-decran-2025-05-06-153415-768x99.png 768w\" sizes=\"(max-width: 923px) 100vw, 923px\" \/><\/p>\t\t\t\t\t\t\t\t<\/div>\n\t\t\t\t<\/div>\n\t\t\t\t<div class=\"elementor-element elementor-element-272641c elementor-widget elementor-widget-text-editor\" data-id=\"272641c\" data-element_type=\"widget\" data-e-type=\"widget\" data-widget_type=\"text-editor.default\">\n\t\t\t\t<div class=\"elementor-widget-container\">\n\t\t\t\t\t\t\t\t\t<h3>Politique de confidentialit\u00e9<\/h3>\t\t\t\t\t\t\t\t<\/div>\n\t\t\t\t<\/div>\n\t\t\t\t<div class=\"elementor-element elementor-element-1d61bf2 elementor-widget elementor-widget-text-editor\" data-id=\"1d61bf2\" data-element_type=\"widget\" data-e-type=\"widget\" data-widget_type=\"text-editor.default\">\n\t\t\t\t<div class=\"elementor-widget-container\">\n\t\t\t\t\t\t\t\t\t<p><a href=\"https:\/\/www.cmonsite.fr\/site\/webup\/2020\/10\/politique-confidentialite.jpg\"><img loading=\"lazy\" decoding=\"async\" class=\"size-full wp-image-13613 aligncenter\" src=\"https:\/\/www.cmonsite.fr\/site\/webup\/2020\/10\/politique-confidentialite.jpg\" alt=\"\" width=\"1104\" height=\"342\" srcset=\"https:\/\/www.cmonsite.fr\/site\/webup\/2020\/10\/politique-confidentialite.jpg 1104w, https:\/\/www.cmonsite.fr\/site\/webup\/2020\/10\/politique-confidentialite-300x93.jpg 300w, https:\/\/www.cmonsite.fr\/site\/webup\/2020\/10\/politique-confidentialite-1024x317.jpg 1024w, https:\/\/www.cmonsite.fr\/site\/webup\/2020\/10\/politique-confidentialite-768x238.jpg 768w\" sizes=\"(max-width: 1104px) 100vw, 1104px\" \/><\/a><\/p>\t\t\t\t\t\t\t\t<\/div>\n\t\t\t\t<\/div>\n\t\t\t\t<div class=\"elementor-element elementor-element-dcaf6de elementor-widget elementor-widget-text-editor\" data-id=\"dcaf6de\" data-element_type=\"widget\" data-e-type=\"widget\" data-widget_type=\"text-editor.default\">\n\t\t\t\t<div class=\"elementor-widget-container\">\n\t\t\t\t\t\t\t\t\t<p class=\"\" data-start=\"3103\" data-end=\"3249\">Vous pouvez r\u00e9diger ou coller ici votre politique de confidentialit\u00e9 personnalis\u00e9e.<\/p>\t\t\t\t\t\t\t\t<\/div>\n\t\t\t\t<\/div>\n\t\t\t\t<div class=\"elementor-element elementor-element-0877c5e elementor-widget elementor-widget-text-editor\" data-id=\"0877c5e\" data-element_type=\"widget\" data-e-type=\"widget\" data-widget_type=\"text-editor.default\">\n\t\t\t\t<div class=\"elementor-widget-container\">\n\t\t\t\t\t\t\t\t\t<p class=\"\" data-start=\"3103\" data-end=\"3249\">\u27a1\ufe0f <strong data-start=\"3192\" data-end=\"3249\">Un mod\u00e8le est \u00e9galement disponible au t\u00e9l\u00e9chargement.<\/strong><\/p>\t\t\t\t\t\t\t\t<\/div>\n\t\t\t\t<\/div>\n\t\t\t\t<div class=\"elementor-element elementor-element-c910193 elementor-widget elementor-widget-text-editor\" data-id=\"c910193\" data-element_type=\"widget\" data-e-type=\"widget\" data-widget_type=\"text-editor.default\">\n\t\t\t\t<div class=\"elementor-widget-container\">\n\t\t\t\t\t\t\t\t\t<blockquote data-start=\"3251\" data-end=\"3453\"><p class=\"\" data-start=\"3253\" data-end=\"3453\">\u26a0\ufe0f <strong data-start=\"3256\" data-end=\"3453\">Le mod\u00e8le est fourni \u00e0 titre indicatif seulement et ne constitue pas un conseil juridique. Nous vous conseillons de vous rapprocher de professionnels pour adapter votre politique \u00e0 vos besoins.<\/strong><\/p><\/blockquote>\t\t\t\t\t\t\t\t<\/div>\n\t\t\t\t<\/div>\n\t\t\t\t<div class=\"elementor-element elementor-element-0d1718a elementor-widget elementor-widget-text-editor\" data-id=\"0d1718a\" data-element_type=\"widget\" data-e-type=\"widget\" data-widget_type=\"text-editor.default\">\n\t\t\t\t<div class=\"elementor-widget-container\">\n\t\t\t\t\t\t\t\t\t<p class=\"\" data-start=\"3253\" data-end=\"3453\">\ud83d\udc49 Pour plus d\u2019informations, vous pouvez \u00e9galement consulter le site officiel de la <a class=\"\" href=\"https:\/\/www.cnil.fr\" target=\"_new\" rel=\"noopener\" data-start=\"3539\" data-end=\"3566\">CNIL<\/a>.<\/p>\t\t\t\t\t\t\t\t<\/div>\n\t\t\t\t<\/div>\n\t\t\t\t\t<\/div>\n\t\t\t\t<\/div>\n\t\t\t\t<\/div>\n\t\t","protected":false},"excerpt":{"rendered":"<p>Depuis le 25 mai 2018, le RGPD (R\u00e8glement G\u00e9n\u00e9ral sur la Protection des Donn\u00e9es) impose des r\u00e8gles strictes concernant la collecte et le traitement des donn\u00e9es personnelles de vos visiteurs et clients. D\u00e9sormais, chaque formulaire qui collecte des donn\u00e9es (contact, devis, newsletter, inscription\u2026) doit obligatoirement inclure une demande de consentement clair. L\u2019utilisateur doit comprendre : [&hellip;]<\/p>\n","protected":false},"author":1,"featured_media":17995,"parent":24678,"menu_order":2,"comment_status":"closed","ping_status":"closed","template":"","meta":{"_helpful_status":1,"footnotes":""},"class_list":["post-13603","page","type-page","status-publish","has-post-thumbnail","hentry"],"_links":{"self":[{"href":"https:\/\/www.cmonsite.fr\/site\/wp-json\/wp\/v2\/pages\/13603","targetHints":{"allow":["GET"]}}],"collection":[{"href":"https:\/\/www.cmonsite.fr\/site\/wp-json\/wp\/v2\/pages"}],"about":[{"href":"https:\/\/www.cmonsite.fr\/site\/wp-json\/wp\/v2\/types\/page"}],"author":[{"embeddable":true,"href":"https:\/\/www.cmonsite.fr\/site\/wp-json\/wp\/v2\/users\/1"}],"replies":[{"embeddable":true,"href":"https:\/\/www.cmonsite.fr\/site\/wp-json\/wp\/v2\/comments?post=13603"}],"version-history":[{"count":23,"href":"https:\/\/www.cmonsite.fr\/site\/wp-json\/wp\/v2\/pages\/13603\/revisions"}],"predecessor-version":[{"id":28205,"href":"https:\/\/www.cmonsite.fr\/site\/wp-json\/wp\/v2\/pages\/13603\/revisions\/28205"}],"up":[{"embeddable":true,"href":"https:\/\/www.cmonsite.fr\/site\/wp-json\/wp\/v2\/pages\/24678"}],"wp:featuredmedia":[{"embeddable":true,"href":"https:\/\/www.cmonsite.fr\/site\/wp-json\/wp\/v2\/media\/17995"}],"wp:attachment":[{"href":"https:\/\/www.cmonsite.fr\/site\/wp-json\/wp\/v2\/media?parent=13603"}],"curies":[{"name":"wp","href":"https:\/\/api.w.org\/{rel}","templated":true}]}}