{"id":13408,"date":"2020-10-26T15:00:27","date_gmt":"2020-10-26T14:00:27","guid":{"rendered":"https:\/\/www.cmonsite.fr\/site\/aide\/?page_id=13408"},"modified":"2022-11-16T11:29:15","modified_gmt":"2022-11-16T10:29:15","slug":"creer-un-formulaire-et-le-mettre-sur-sa-page","status":"publish","type":"page","link":"https:\/\/www.cmonsite.fr\/site\/aide\/fonctionnalites\/creer-un-formulaire-et-le-mettre-sur-sa-page","title":{"rendered":"Cr\u00e9er un formulaire et le mettre sur sa page"},"content":{"rendered":"\t\t<div data-elementor-type=\"wp-page\" data-elementor-id=\"13408\" class=\"elementor elementor-13408\" data-elementor-post-type=\"page\">\n\t\t\t\t\t\t<section class=\"elementor-section elementor-top-section elementor-element elementor-element-35e717fe elementor-section-boxed elementor-section-height-default elementor-section-height-default\" data-id=\"35e717fe\" data-element_type=\"section\" data-e-type=\"section\">\n\t\t\t\t\t\t<div class=\"elementor-container elementor-column-gap-default\">\n\t\t\t\t\t<div class=\"elementor-column elementor-col-100 elementor-top-column elementor-element elementor-element-15a26e3c\" data-id=\"15a26e3c\" data-element_type=\"column\" data-e-type=\"column\">\n\t\t\t<div class=\"elementor-widget-wrap elementor-element-populated\">\n\t\t\t\t\t\t<div class=\"elementor-element elementor-element-31ae9f2 elementor-widget elementor-widget-text-editor\" data-id=\"31ae9f2\" data-element_type=\"widget\" data-e-type=\"widget\" data-widget_type=\"text-editor.default\">\n\t\t\t\t<div class=\"elementor-widget-container\">\n\t\t\t\t\t\t\t\t\t<h2>Cr\u00e9ation du formulaire<\/h2><p>Rendez-vous dans l&#8217;onglet \u00ab <strong><em>Modules\u00a0<\/em><\/strong>\u00bb de votre administration puis cliquez sur \u00ab <strong><em><a href=\"https:\/\/www.cmonsite.fr\/gestion_formulaires.php\">Formulaires<\/a> <\/em><\/strong>\u00bb.<\/p><p>Pour en cr\u00e9er un nouveau, commencez par d\u00e9finir son nom dans l&#8217;espace pr\u00e9vu \u00e0 cet effet. Cela vous permettra d&#8217;identifier plus facilement vos diff\u00e9rents formulaires si vous souhaitez en cr\u00e9er plusieurs.<br \/>Cliquez ensuite sur \u00ab <strong><em>Ajouter un formulaire <\/em><\/strong>\u00bb.<\/p><p><img fetchpriority=\"high\" decoding=\"async\" class=\"alignnone wp-image-13445 size-full\" src=\"https:\/\/www.cmonsite.fr\/site\/webup\/2020\/09\/Capture-2.jpg\" alt=\"\" width=\"1221\" height=\"98\" srcset=\"https:\/\/www.cmonsite.fr\/site\/webup\/2020\/09\/Capture-2.jpg 1221w, https:\/\/www.cmonsite.fr\/site\/webup\/2020\/09\/Capture-2-300x24.jpg 300w, https:\/\/www.cmonsite.fr\/site\/webup\/2020\/09\/Capture-2-1024x82.jpg 1024w, https:\/\/www.cmonsite.fr\/site\/webup\/2020\/09\/Capture-2-768x62.jpg 768w\" sizes=\"(max-width: 1221px) 100vw, 1221px\" \/><\/p><p>Votre formulaire a \u00e9t\u00e9 cr\u00e9\u00e9, il vous faut d\u00e9sormais en d\u00e9finir les champs. Cliquez sur le crayon vert \u00ab <strong><em>Modif<\/em><\/strong>. \u00bb.<\/p><p><a href=\"https:\/\/www.cmonsite.fr\/creer-un-site\/wp-content\/uploads\/2020\/09\/Capture2-1.jpg\"><img decoding=\"async\" class=\"aligncenter wp-image-13446 size-full\" src=\"https:\/\/www.cmonsite.fr\/site\/webup\/2020\/09\/Capture2-1.jpg\" alt=\"\" width=\"1218\" height=\"76\" srcset=\"https:\/\/www.cmonsite.fr\/site\/webup\/2020\/09\/Capture2-1.jpg 1218w, https:\/\/www.cmonsite.fr\/site\/webup\/2020\/09\/Capture2-1-300x19.jpg 300w, https:\/\/www.cmonsite.fr\/site\/webup\/2020\/09\/Capture2-1-1024x64.jpg 1024w, https:\/\/www.cmonsite.fr\/site\/webup\/2020\/09\/Capture2-1-768x48.jpg 768w\" sizes=\"(max-width: 1218px) 100vw, 1218px\" \/><\/a><\/p><h2>\u00c9diter le formulaire<\/h2><p><a href=\"https:\/\/www.cmonsite.fr\/creer-un-site\/wp-content\/uploads\/2020\/09\/options-1.jpg\"><img decoding=\"async\" class=\"aligncenter wp-image-13444 size-full\" src=\"https:\/\/www.cmonsite.fr\/site\/webup\/2020\/09\/options-1.jpg\" alt=\"\" width=\"1224\" height=\"457\" srcset=\"https:\/\/www.cmonsite.fr\/site\/webup\/2020\/09\/options-1.jpg 1224w, https:\/\/www.cmonsite.fr\/site\/webup\/2020\/09\/options-1-300x112.jpg 300w, https:\/\/www.cmonsite.fr\/site\/webup\/2020\/09\/options-1-1024x382.jpg 1024w, https:\/\/www.cmonsite.fr\/site\/webup\/2020\/09\/options-1-768x287.jpg 768w\" sizes=\"(max-width: 1224px) 100vw, 1224px\" \/><\/a><\/p><p>Les options du formulaire vous permettent de d\u00e9finir les propri\u00e9t\u00e9s de votre formulaire.<\/p><ul><li>\u00ab <strong>Statut du formulaire <\/strong>\u00bb : tout d&#8217;abord, veillez \u00e0 activer votre formulaire dans ce champ.<\/li><li>\u00ab <strong>Donner la possibilit\u00e9 de r\u00e9pondre plusieurs fois <\/strong>\u00bb : pour laisser \u00e0 vos visiteurs la possibilit\u00e9 de remplir plusieurs fois le formulaire ou non.<br \/>Par exemple, dans le cas d&#8217;un devis, il est pertinent de laisser le visiteur pouvoir r\u00e9pondre plusieurs fois au formulaire. Dans le cas d&#8217;une inscription \u00e0 une Newsletter, vous pouvez les limiter \u00e0 une seule et unique r\u00e9ponse.<\/li><li>\u00ab <strong>Voulez-vous rediriger votre visiteur apr\u00e8s avoir finalis\u00e9 le formulaire <\/strong>\u00bb : en activant cette fonctionnalit\u00e9, vos visiteurs seront automatiquement redirig\u00e9s vers une autre page apr\u00e8s avoir valid\u00e9 le formulaire.<br \/>Par exemple, cela peut \u00eatre une page de remerciements ou une page pour t\u00e9l\u00e9charger un document.<\/li><li>\u00ab <strong>Libell\u00e9 du bouton pour valider votre formulaire <\/strong>\u00bb : ici, vous avez la possibilit\u00e9 de personnaliser le libell\u00e9 du bouton sur lequel les visiteurs cliquent pour enregistrer leurs r\u00e9ponses au formulaire.<\/li><li>\u00ab <strong>E-mail recevant la notification du formulaire informant une nouvelle r\u00e9ponse <\/strong>\u00bb : lorsqu&#8217;un visiteur a rempli le formulaire, vous \u00eates notifi\u00e9 par mail. Choisissez ici l&#8217;adresse mail \u00e0 laquelle vous souhaitez recevoir vos notifications. Il est aussi possible de renseigner plusieurs adresses mail diff\u00e9rentes.<\/li><\/ul><p><img loading=\"lazy\" decoding=\"async\" class=\"aligncenter wp-image-13418 size-full\" src=\"https:\/\/www.cmonsite.fr\/site\/webup\/2020\/09\/personnalisation.jpg\" alt=\"\" width=\"1222\" height=\"265\" srcset=\"https:\/\/www.cmonsite.fr\/site\/webup\/2020\/09\/personnalisation.jpg 1222w, https:\/\/www.cmonsite.fr\/site\/webup\/2020\/09\/personnalisation-300x65.jpg 300w, https:\/\/www.cmonsite.fr\/site\/webup\/2020\/09\/personnalisation-1024x222.jpg 1024w, https:\/\/www.cmonsite.fr\/site\/webup\/2020\/09\/personnalisation-768x167.jpg 768w\" sizes=\"(max-width: 1222px) 100vw, 1222px\" \/><\/p><p>La section \u00ab <strong><em>Personnalisation du formulaire <\/em><\/strong>\u00bb vous permet de mettre en forme l&#8217;aspect visuel du formulaire :<\/p><ul><li>\u00ab <strong>Personnalisation du titre <\/strong>\u00bb : choisissez la couleur du titre de votre formulaire ainsi que la taille de sa police de caract\u00e8res.<\/li><li>\u00ab <strong>Personnalisation des questions <\/strong>\u00bb : comme pour le titre, d\u00e9finissez la couleur des questions du formulaire et leur taille.<\/li><li>\u00ab <strong>Personnalisation du formulaire <\/strong>\u00bb : ici vous pouvez choisir d&#8217;appliquer une couleur au fond de votre formulaire.<\/li><\/ul><p><a href=\"https:\/\/www.cmonsite.fr\/creer-un-site\/wp-content\/uploads\/2020\/09\/votre-formulaire-1.jpg\"><img loading=\"lazy\" decoding=\"async\" class=\"aligncenter wp-image-13447 size-full\" src=\"https:\/\/www.cmonsite.fr\/site\/webup\/2020\/09\/votre-formulaire-1.jpg\" alt=\"\" width=\"1222\" height=\"131\" srcset=\"https:\/\/www.cmonsite.fr\/site\/webup\/2020\/09\/votre-formulaire-1.jpg 1222w, https:\/\/www.cmonsite.fr\/site\/webup\/2020\/09\/votre-formulaire-1-300x32.jpg 300w, https:\/\/www.cmonsite.fr\/site\/webup\/2020\/09\/votre-formulaire-1-1024x110.jpg 1024w, https:\/\/www.cmonsite.fr\/site\/webup\/2020\/09\/votre-formulaire-1-768x82.jpg 768w\" sizes=\"(max-width: 1222px) 100vw, 1222px\" \/><\/a><\/p><p>Dans \u00ab <strong>Titre du formulaire <\/strong>\u00bb renseignez le titre que vous souhaitez voir appara\u00eetre en haut de votre formulaire.<br \/>\u00ab <strong>Ajouter la demande de consentement (RGPD) <\/strong>\u00bb vous permet d&#8217;ajouter un champ \u00e0 votre formulaire afin que votre visiteur donne son accord pour que ses donn\u00e9es personnelles soient trait\u00e9es dans le cadre de sa demande. Cela est important lorsque vous demandez des informations personnelles telles que le nom, le pr\u00e9nom, le num\u00e9ro de t\u00e9l\u00e9phone, \u2026<\/p><p><a href=\"https:\/\/www.cmonsite.fr\/creer-un-site\/wp-content\/uploads\/2020\/09\/ajouter-question.jpg\"><img loading=\"lazy\" decoding=\"async\" class=\"aligncenter wp-image-13423 size-full\" src=\"https:\/\/www.cmonsite.fr\/site\/webup\/2020\/09\/ajouter-question.jpg\" alt=\"\" width=\"1224\" height=\"233\" srcset=\"https:\/\/www.cmonsite.fr\/site\/webup\/2020\/09\/ajouter-question.jpg 1224w, https:\/\/www.cmonsite.fr\/site\/webup\/2020\/09\/ajouter-question-300x57.jpg 300w, https:\/\/www.cmonsite.fr\/site\/webup\/2020\/09\/ajouter-question-1024x195.jpg 1024w, https:\/\/www.cmonsite.fr\/site\/webup\/2020\/09\/ajouter-question-768x146.jpg 768w\" sizes=\"(max-width: 1224px) 100vw, 1224px\" \/><\/a><\/p><p>Enfin, il vous faut cr\u00e9er vos champs. Dans \u00ab <strong><em>Ajouter une question <\/em><\/strong>\u00bb vous allez renseigner :<\/p><ul><li>\u00ab <strong>Question <\/strong>\u00bb : c&#8217;est ici que vous allez choisir le th\u00e8me et l&#8217;intitul\u00e9 de votre question.<\/li><li>\u00ab <strong>Rendre la r\u00e9ponse obligatoire <\/strong>\u00bb : d\u00e9finissez si la r\u00e9ponse \u00e0 la question est imp\u00e9rative pour valider le formulaire ou non. Si vous rendez une r\u00e9ponse obligatoire et que le visiteur n&#8217;y r\u00e9pond pas, il ne pourra pas valider le formulaire. Cette option est utile pour obtenir des informations qui vous sont importantes.<\/li><li>\u00ab <strong>Type de r\u00e9ponse de la question <\/strong>\u00bb : dans cette section, d\u00e9finissez le format de r\u00e9ponse de votre choix parmi le menu d\u00e9roulant.<ul><li><span style=\"text-decoration: underline;\">Champ libre simple-ligne<\/span> : le visiteur r\u00e9pond par une phrase ou un mot (pour une r\u00e9ponse courte).<br \/><em>Exemple d&#8217;application : pr\u00e9nom, nom, \u2026<\/em><\/li><li><span style=\"text-decoration: underline;\">Champ libre multi-ligne <\/span>: le visiteur r\u00e9pond par une ou plusieurs phrases (pour une r\u00e9ponse longue)<br \/><em>Exemple d&#8217;application : avis client suite \u00e0 une commande, \u2026<\/em><\/li><li><span style=\"text-decoration: underline;\">Champ libre (e-mail)<\/span> : le visiteur remplit le champ en renseignant une adresse mail<br \/><em>Exemple d&#8217;application : prise de rendez-vous, \u2026<\/em><\/li><li><span style=\"text-decoration: underline;\">Champ libre (t\u00e9l\u00e9phone)<\/span> : le visiteur remplit le champ en renseignant un num\u00e9ro de t\u00e9l\u00e9phone<br \/><em>Exemple d&#8217;application : prise de rendez-vous, \u2026<\/em><\/li><li><span style=\"text-decoration: underline;\">S\u00e9lecteur de date<\/span> : le visiteur s\u00e9lectionne une date pr\u00e9cise dans un calendrier<br \/><em>Exemple d&#8217;application : indiquer une date de naissance, \u2026<\/em><\/li><li><span style=\"text-decoration: underline;\">S\u00e9lecteur de date d\u00e9but et fin<\/span> : le visiteur s\u00e9lectionne une date de d\u00e9but et une date de fin dans un calendrier<br \/><em>Exemple d&#8217;application : indiquer la dur\u00e9e d&#8217;un s\u00e9jour, \u2026<\/em><\/li><li><span style=\"text-decoration: underline;\">R\u00e9ponses d\u00e9finies : Menu d\u00e9roulant (r\u00e9ponse unique)<\/span> : le visiteur choisit une r\u00e9ponse dans un menu d\u00e9roulant<br \/><em>Exemple d&#8217;application : taille de v\u00eatement, \u2026<\/em><\/li><li><span style=\"text-decoration: underline;\">R\u00e9ponses d\u00e9finies : Case \u00e0 cocher (r\u00e9ponse unique)<\/span> : le visiteur choisit sa r\u00e9ponse dans une liste de cases \u00e0 cocher (une seule r\u00e9ponse possible)<br \/><em>Exemple d&#8217;application : tranche d&#8217;\u00e2ge du visiteur, <\/em><i>\u2026<\/i><\/li><li><span style=\"text-decoration: underline;\">R\u00e9ponses d\u00e9finies : Case \u00e0 cocher (plusieurs r\u00e9ponses possibles)<\/span> : le visiteur choisit sa r\u00e9ponse dans une liste de cases \u00e0 cocher<br \/><em>Exemple d&#8217;application : indiquer ses go\u00fbts de couleurs, \u2026<\/em><\/li><li><span style=\"text-decoration: underline;\">Pi\u00e8ce jointe par vos utilisateurs<\/span> : le visiteur choisit un fichier \u00e0 joindre en r\u00e9ponse<br \/>Les formats de fichiers support\u00e9s : .txt \/ .pdf \/ .jpg \/ .jpeg \/ .jpe \/ .png \/ .gif \/ .psd \/ .doc \/ .rtf \/ .xls \/ .ppt \/ .odt \/ .ods \/ .stl \/ .dxf \/ .dwg<br \/><em>Exemple d&#8217;application : permettre aux clients d&#8217;envoyer un document d&#8217;inscription, \u2026<\/em><\/li><\/ul><\/li><\/ul><p>Lorsque vous avez param\u00e9tr\u00e9 une question cliquez sur \u00ab <strong><em>Ajouter la question <\/em><\/strong>\u00bb pour la valider. N&#8217;oubliez pas de cliquer sur \u00ab <strong><em>Enregistrer les informations de votre formulaire <\/em><\/strong>\u00bb lorsque vous avez termin\u00e9.<\/p><h2>Ajouter le formulaire dans une page<\/h2><p>Pour ajouter votre formulaire dans une page, rendez-vous sur la page concern\u00e9e et cliquez sur \u00ab <strong><em>Editer le contenu de votre page <\/em><\/strong>\u00bb qui va ouvrir <strong>CmonSite Editor<\/strong>.<\/p><p><a href=\"https:\/\/www.cmonsite.fr\/creer-un-site\/wp-content\/uploads\/2020\/09\/module.png\"><img loading=\"lazy\" decoding=\"async\" class=\"alignleft wp-image-13424 size-full\" src=\"https:\/\/www.cmonsite.fr\/site\/webup\/2020\/09\/module.png\" alt=\"\" width=\"211\" height=\"570\" srcset=\"https:\/\/www.cmonsite.fr\/site\/webup\/2020\/09\/module.png 211w, https:\/\/www.cmonsite.fr\/site\/webup\/2020\/09\/module-111x300.png 111w\" sizes=\"(max-width: 211px) 100vw, 211px\" \/><\/a><\/p><p>Dans \u00ab <strong><em>Modules <\/em><\/strong>\u00bb s\u00e9lectionnez \u00ab <strong><em>Formulaire <\/em><\/strong>\u00bb.<br \/>Vous pouvez alors faire un cliquer-d\u00e9poser et venir d\u00e9poser votre formulaire o\u00f9 vous le souhaitez dans votre page.<\/p><p style=\"text-align: left;\">Vous pouvez aussi choisir le formulaire qui va \u00eatre ajout\u00e9 \u00e0 la page en cliquant sur le menu d\u00e9roulant.<br \/><a href=\"https:\/\/www.cmonsite.fr\/creer-un-site\/wp-content\/uploads\/2020\/09\/menu-form-1.jpg\"><img loading=\"lazy\" decoding=\"async\" class=\"alignnone wp-image-13448 size-full\" src=\"https:\/\/www.cmonsite.fr\/site\/webup\/2020\/09\/menu-form-1.jpg\" alt=\"\" width=\"267\" height=\"178\" \/><\/a><\/p><p>Voici ce \u00e0 quoi peut ressembler un formulaire dans une page :<\/p><p><a href=\"https:\/\/www.cmonsite.fr\/creer-un-site\/wp-content\/uploads\/2020\/09\/presentationformulaire.jpg\"><img loading=\"lazy\" decoding=\"async\" class=\"aligncenter wp-image-13455 size-full\" src=\"https:\/\/www.cmonsite.fr\/site\/webup\/2020\/09\/presentationformulaire.jpg\" alt=\"\" width=\"1343\" height=\"526\" srcset=\"https:\/\/www.cmonsite.fr\/site\/webup\/2020\/09\/presentationformulaire.jpg 1343w, https:\/\/www.cmonsite.fr\/site\/webup\/2020\/09\/presentationformulaire-300x117.jpg 300w, https:\/\/www.cmonsite.fr\/site\/webup\/2020\/09\/presentationformulaire-1024x401.jpg 1024w, https:\/\/www.cmonsite.fr\/site\/webup\/2020\/09\/presentationformulaire-768x301.jpg 768w\" sizes=\"(max-width: 1343px) 100vw, 1343px\" \/><\/a><\/p><h2>Consulter les r\u00e9ponses du formulaire<\/h2><p>Pour consulter les r\u00e9ponses que vos clients ont saisies dans le formulaire, rendez-vous de nouveau dans \u00ab <strong><em>Modules <\/em><\/strong>\u00bb puis \u00ab <strong><em>Formulaires <\/em><\/strong>\u00bb.<\/p><p><a href=\"https:\/\/www.cmonsite.fr\/creer-un-site\/wp-content\/uploads\/2020\/09\/reponse-1.jpg\"><img loading=\"lazy\" decoding=\"async\" class=\"aligncenter wp-image-13453 size-full\" src=\"https:\/\/www.cmonsite.fr\/site\/webup\/2020\/09\/reponse-1.jpg\" alt=\"\" width=\"1222\" height=\"83\" srcset=\"https:\/\/www.cmonsite.fr\/site\/webup\/2020\/09\/reponse-1.jpg 1222w, https:\/\/www.cmonsite.fr\/site\/webup\/2020\/09\/reponse-1-300x20.jpg 300w, https:\/\/www.cmonsite.fr\/site\/webup\/2020\/09\/reponse-1-1024x70.jpg 1024w, https:\/\/www.cmonsite.fr\/site\/webup\/2020\/09\/reponse-1-768x52.jpg 768w\" sizes=\"(max-width: 1222px) 100vw, 1222px\" \/><\/a><\/p><p>Ici, il est indiqu\u00e9 que notre formulaire a re\u00e7u deux r\u00e9ponses. Pour en conna\u00eetre les d\u00e9tails, cliquez sur \u00ab <strong><em>2 r\u00e9ponses <\/em><\/strong>\u00bb.<\/p><p><img loading=\"lazy\" decoding=\"async\" class=\"aligncenter wp-image-13454 size-full\" src=\"https:\/\/www.cmonsite.fr\/site\/webup\/2020\/09\/votre-formulaire-2.jpg\" alt=\"\" width=\"1224\" height=\"276\" srcset=\"https:\/\/www.cmonsite.fr\/site\/webup\/2020\/09\/votre-formulaire-2.jpg 1224w, https:\/\/www.cmonsite.fr\/site\/webup\/2020\/09\/votre-formulaire-2-300x68.jpg 300w, https:\/\/www.cmonsite.fr\/site\/webup\/2020\/09\/votre-formulaire-2-1024x231.jpg 1024w, https:\/\/www.cmonsite.fr\/site\/webup\/2020\/09\/votre-formulaire-2-768x173.jpg 768w\" sizes=\"(max-width: 1224px) 100vw, 1224px\" \/><\/p><p>Vous avez donc acc\u00e8s aux r\u00e9ponses de vos visiteurs.<\/p><ul><li>Cliquez sur \u00ab <strong><em>Voir <\/em><\/strong>\u00bb pour conna\u00eetre les d\u00e9tails de chaque r\u00e9ponse (heure et date de validation notamment).<\/li><li>Cliquez sur \u00ab <strong><em>Exporter les r\u00e9ponses au format Excel <\/em><\/strong>\u00bb pour t\u00e9l\u00e9charger les r\u00e9ponses enregistr\u00e9es dans vos formulaires et vous cr\u00e9er une base de donn\u00e9es.<\/li><li>Cliquez sur \u00ab <strong><em>Supp<\/em><em>r. <\/em><\/strong>\u00bb pour supprimer une r\u00e9ponse.<\/li><li>\u00ab <em><strong>\u00c9diter le formulaire <\/strong><\/em>\u00bb vous permet de modifier votre formulaire.<\/li><\/ul>\t\t\t\t\t\t\t\t<\/div>\n\t\t\t\t<\/div>\n\t\t\t\t<div class=\"elementor-element elementor-element-6d95929 elementor-widget-divider--view-line elementor-widget elementor-widget-divider\" data-id=\"6d95929\" data-element_type=\"widget\" data-e-type=\"widget\" data-widget_type=\"divider.default\">\n\t\t\t\t<div class=\"elementor-widget-container\">\n\t\t\t\t\t\t\t<div class=\"elementor-divider\">\n\t\t\t<span class=\"elementor-divider-separator\">\n\t\t\t\t\t\t<\/span>\n\t\t<\/div>\n\t\t\t\t\t\t<\/div>\n\t\t\t\t<\/div>\n\t\t\t\t<div class=\"elementor-element elementor-element-b70455f elementor-widget elementor-widget-spacer\" data-id=\"b70455f\" data-element_type=\"widget\" data-e-type=\"widget\" data-widget_type=\"spacer.default\">\n\t\t\t\t<div class=\"elementor-widget-container\">\n\t\t\t\t\t\t\t<div class=\"elementor-spacer\">\n\t\t\t<div class=\"elementor-spacer-inner\"><\/div>\n\t\t<\/div>\n\t\t\t\t\t\t<\/div>\n\t\t\t\t<\/div>\n\t\t\t\t<div class=\"elementor-element elementor-element-a916aa0 elementor-widget elementor-widget-heading\" data-id=\"a916aa0\" data-element_type=\"widget\" data-e-type=\"widget\" data-widget_type=\"heading.default\">\n\t\t\t\t<div class=\"elementor-widget-container\">\n\t\t\t\t\t<h2 class=\"elementor-heading-title elementor-size-default\"><div><p style=\"text-align: center\">Consultez notre vid\u00e9o ci-dessous : Cr\u00e9er un formulaire et le mettre sur sa page<\/p><p style=\"text-align: center\"><br style=\"font-size: 16px;font-weight: 400;white-space: normal\"><\/p><\/div><\/h2>\t\t\t\t<\/div>\n\t\t\t\t<\/div>\n\t\t\t\t<div class=\"elementor-element elementor-element-e83925b elementor-widget elementor-widget-video\" data-id=\"e83925b\" data-element_type=\"widget\" data-e-type=\"widget\" data-settings=\"{&quot;youtube_url&quot;:&quot;https:\\\/\\\/www.youtube.com\\\/watch?v=06Sz93yvyQc&quot;,&quot;video_type&quot;:&quot;youtube&quot;,&quot;controls&quot;:&quot;yes&quot;}\" data-widget_type=\"video.default\">\n\t\t\t\t<div class=\"elementor-widget-container\">\n\t\t\t\t\t\t\t<div class=\"elementor-wrapper elementor-open-inline\">\n\t\t\t<div class=\"elementor-video\"><\/div>\t\t<\/div>\n\t\t\t\t\t\t<\/div>\n\t\t\t\t<\/div>\n\t\t\t\t\t<\/div>\n\t\t<\/div>\n\t\t\t\t\t<\/div>\n\t\t<\/section>\n\t\t\t\t<section class=\"elementor-section elementor-top-section elementor-element elementor-element-d8dffa4 elementor-section-boxed elementor-section-height-default elementor-section-height-default\" data-id=\"d8dffa4\" data-element_type=\"section\" data-e-type=\"section\">\n\t\t\t\t\t\t<div class=\"elementor-container elementor-column-gap-default\">\n\t\t\t\t\t<div class=\"elementor-column elementor-col-100 elementor-top-column elementor-element elementor-element-8d05888\" data-id=\"8d05888\" data-element_type=\"column\" data-e-type=\"column\">\n\t\t\t<div class=\"elementor-widget-wrap elementor-element-populated\">\n\t\t\t\t\t\t<div class=\"elementor-element elementor-element-40eb0e4 elementor-widget elementor-widget-spacer\" data-id=\"40eb0e4\" data-element_type=\"widget\" data-e-type=\"widget\" data-widget_type=\"spacer.default\">\n\t\t\t\t<div class=\"elementor-widget-container\">\n\t\t\t\t\t\t\t<div class=\"elementor-spacer\">\n\t\t\t<div class=\"elementor-spacer-inner\"><\/div>\n\t\t<\/div>\n\t\t\t\t\t\t<\/div>\n\t\t\t\t<\/div>\n\t\t\t\t<div class=\"elementor-element elementor-element-926845d elementor-widget-divider--view-line elementor-widget elementor-widget-divider\" data-id=\"926845d\" data-element_type=\"widget\" data-e-type=\"widget\" data-widget_type=\"divider.default\">\n\t\t\t\t<div class=\"elementor-widget-container\">\n\t\t\t\t\t\t\t<div class=\"elementor-divider\">\n\t\t\t<span class=\"elementor-divider-separator\">\n\t\t\t\t\t\t<\/span>\n\t\t<\/div>\n\t\t\t\t\t\t<\/div>\n\t\t\t\t<\/div>\n\t\t\t\t\t<\/div>\n\t\t<\/div>\n\t\t\t\t\t<\/div>\n\t\t<\/section>\n\t\t\t\t<\/div>\n\t\t","protected":false},"excerpt":{"rendered":"<p>Cr\u00e9ation du formulaire Rendez-vous dans l&#8217;onglet \u00ab Modules\u00a0\u00bb de votre administration puis cliquez sur \u00ab Formulaires \u00bb. Pour en cr\u00e9er un nouveau, commencez par d\u00e9finir son nom dans l&#8217;espace pr\u00e9vu \u00e0 cet effet. Cela vous permettra d&#8217;identifier plus facilement vos diff\u00e9rents formulaires si vous souhaitez en cr\u00e9er plusieurs.Cliquez ensuite sur \u00ab Ajouter un formulaire \u00bb. [&hellip;]<\/p>\n","protected":false},"author":1,"featured_media":0,"parent":22995,"menu_order":8,"comment_status":"closed","ping_status":"closed","template":"","meta":{"_helpful_status":1,"footnotes":""},"class_list":["post-13408","page","type-page","status-publish","hentry"],"_links":{"self":[{"href":"https:\/\/www.cmonsite.fr\/site\/wp-json\/wp\/v2\/pages\/13408","targetHints":{"allow":["GET"]}}],"collection":[{"href":"https:\/\/www.cmonsite.fr\/site\/wp-json\/wp\/v2\/pages"}],"about":[{"href":"https:\/\/www.cmonsite.fr\/site\/wp-json\/wp\/v2\/types\/page"}],"author":[{"embeddable":true,"href":"https:\/\/www.cmonsite.fr\/site\/wp-json\/wp\/v2\/users\/1"}],"replies":[{"embeddable":true,"href":"https:\/\/www.cmonsite.fr\/site\/wp-json\/wp\/v2\/comments?post=13408"}],"version-history":[{"count":4,"href":"https:\/\/www.cmonsite.fr\/site\/wp-json\/wp\/v2\/pages\/13408\/revisions"}],"predecessor-version":[{"id":23265,"href":"https:\/\/www.cmonsite.fr\/site\/wp-json\/wp\/v2\/pages\/13408\/revisions\/23265"}],"up":[{"embeddable":true,"href":"https:\/\/www.cmonsite.fr\/site\/wp-json\/wp\/v2\/pages\/22995"}],"wp:attachment":[{"href":"https:\/\/www.cmonsite.fr\/site\/wp-json\/wp\/v2\/media?parent=13408"}],"curies":[{"name":"wp","href":"https:\/\/api.w.org\/{rel}","templated":true}]}}