{"id":13276,"date":"2020-08-31T14:13:36","date_gmt":"2020-08-31T12:13:36","guid":{"rendered":"https:\/\/www.cmonsite.fr\/site\/aide\/?page_id=13276"},"modified":"2023-11-23T15:08:02","modified_gmt":"2023-11-23T14:08:02","slug":"integrer-le-flux-photo-instagram-sur-votre-site","status":"publish","type":"page","link":"https:\/\/www.cmonsite.fr\/site\/aide\/reseaux-sociaux\/integrer-le-flux-photo-instagram-sur-votre-site","title":{"rendered":"Comment ajouter mon flux Instagram sur mon site ?"},"content":{"rendered":"<h2 style=\"text-align: left;\">Ce module permet d&#8217;afficher votre flux photo Instagram sur votre site.<\/h2>\n<p style=\"text-align: left;\">Nous avons d\u00e9velopp\u00e9 un module qui permet de le faire en quelques clics.<\/p>\n<p style=\"text-align: left;\">Pour cela, rendez-vous sur CmonSite Editor -&gt; dans le panel de gauche Module Instagram -&gt; Connectez-votre compte -&gt; Choisissez l&#8217;apparence.<\/p>\n<figure id=\"attachment_13277\" aria-describedby=\"caption-attachment-13277\" style=\"width: 213px\" class=\"wp-caption alignnone\"><a href=\"https:\/\/www.cmonsite.fr\/site\/webup\/2020\/08\/module-intagram.png\"><img fetchpriority=\"high\" decoding=\"async\" class=\"size-full wp-image-13277 alignleft\" src=\"https:\/\/www.cmonsite.fr\/site\/webup\/2020\/08\/module-intagram.png\" alt=\"\" width=\"213\" height=\"590\" srcset=\"https:\/\/www.cmonsite.fr\/site\/webup\/2020\/08\/module-intagram.png 213w, https:\/\/www.cmonsite.fr\/site\/webup\/2020\/08\/module-intagram-108x300.png 108w\" sizes=\"(max-width: 213px) 100vw, 213px\" \/><\/a><figcaption id=\"caption-attachment-13277\" class=\"wp-caption-text\">Module Flux photo Instagram<\/figcaption><\/figure>\n<h2 style=\"text-align: center;\"><strong>Voici une vid\u00e9o qui d\u00e9taille pas \u00e0 pas comment l&#8217;int\u00e9grer le flux photo Instagram sur son site internet :<\/strong><\/h2>\n<p style=\"text-align: center;\"><iframe src=\"https:\/\/www.youtube.com\/embed\/_5n1qvTlucE\" width=\"960\" height=\"515\" frameborder=\"0\" allowfullscreen=\"allowfullscreen\"><span data-mce-type=\"bookmark\" style=\"display: inline-block; width: 0px; overflow: hidden; line-height: 0;\" class=\"mce_SELRES_start\">\ufeff<\/span><\/iframe><\/p>\n","protected":false},"excerpt":{"rendered":"<p>Ce module permet d&#8217;afficher votre flux photo Instagram sur votre site. Nous avons d\u00e9velopp\u00e9 un module qui permet de le faire en quelques clics. Pour cela, rendez-vous sur CmonSite Editor -&gt; dans le panel de gauche Module Instagram -&gt; Connectez-votre compte -&gt; Choisissez l&#8217;apparence. Voici une vid\u00e9o qui d\u00e9taille pas \u00e0 pas comment l&#8217;int\u00e9grer le [&hellip;]<\/p>\n","protected":false},"author":1,"featured_media":18497,"parent":24664,"menu_order":3,"comment_status":"closed","ping_status":"closed","template":"","meta":{"_helpful_status":1,"footnotes":""},"class_list":["post-13276","page","type-page","status-publish","has-post-thumbnail","hentry"],"_links":{"self":[{"href":"https:\/\/www.cmonsite.fr\/site\/wp-json\/wp\/v2\/pages\/13276","targetHints":{"allow":["GET"]}}],"collection":[{"href":"https:\/\/www.cmonsite.fr\/site\/wp-json\/wp\/v2\/pages"}],"about":[{"href":"https:\/\/www.cmonsite.fr\/site\/wp-json\/wp\/v2\/types\/page"}],"author":[{"embeddable":true,"href":"https:\/\/www.cmonsite.fr\/site\/wp-json\/wp\/v2\/users\/1"}],"replies":[{"embeddable":true,"href":"https:\/\/www.cmonsite.fr\/site\/wp-json\/wp\/v2\/comments?post=13276"}],"version-history":[{"count":3,"href":"https:\/\/www.cmonsite.fr\/site\/wp-json\/wp\/v2\/pages\/13276\/revisions"}],"predecessor-version":[{"id":26154,"href":"https:\/\/www.cmonsite.fr\/site\/wp-json\/wp\/v2\/pages\/13276\/revisions\/26154"}],"up":[{"embeddable":true,"href":"https:\/\/www.cmonsite.fr\/site\/wp-json\/wp\/v2\/pages\/24664"}],"wp:featuredmedia":[{"embeddable":true,"href":"https:\/\/www.cmonsite.fr\/site\/wp-json\/wp\/v2\/media\/18497"}],"wp:attachment":[{"href":"https:\/\/www.cmonsite.fr\/site\/wp-json\/wp\/v2\/media?parent=13276"}],"curies":[{"name":"wp","href":"https:\/\/api.w.org\/{rel}","templated":true}]}}