{"id":13240,"date":"2020-09-14T18:33:29","date_gmt":"2020-09-14T16:33:09","guid":{"rendered":"https:\/\/www.cmonsite.fr\/site\/aide\/?page_id=13240"},"modified":"2023-07-20T10:55:02","modified_gmt":"2023-07-20T08:55:02","slug":"alerte-client-remise-stock","status":"publish","type":"page","link":"https:\/\/www.cmonsite.fr\/site\/aide\/gestion-des-produits\/alerte-client-remise-stock","title":{"rendered":"Comment notifier mes clients de la remise en stock de mes produits ?"},"content":{"rendered":"\t\t<div data-elementor-type=\"wp-page\" data-elementor-id=\"13240\" class=\"elementor elementor-13240\" data-elementor-post-type=\"page\">\n\t\t\t\t\t\t<section class=\"elementor-section elementor-top-section elementor-element elementor-element-33440ed7 elementor-section-boxed elementor-section-height-default elementor-section-height-default\" data-id=\"33440ed7\" data-element_type=\"section\" data-e-type=\"section\">\n\t\t\t\t\t\t<div class=\"elementor-container elementor-column-gap-default\">\n\t\t\t\t\t<div class=\"elementor-column elementor-col-100 elementor-top-column elementor-element elementor-element-b51ecb9\" data-id=\"b51ecb9\" data-element_type=\"column\" data-e-type=\"column\">\n\t\t\t<div class=\"elementor-widget-wrap elementor-element-populated\">\n\t\t\t\t\t\t<div class=\"elementor-element elementor-element-4f1b456f elementor-widget elementor-widget-text-editor\" data-id=\"4f1b456f\" data-element_type=\"widget\" data-e-type=\"widget\" data-widget_type=\"text-editor.default\">\n\t\t\t\t<div class=\"elementor-widget-container\">\n\t\t\t\t\t\t\t\t\t<p>Afin de permettre \u00e0 vos clients de ne pas passer \u00e0 c\u00f4t\u00e9 de nouveau de leur article favori. Vous pouvez activer l&#8217;<strong><em>Alerte de Stock<\/em><\/strong> depuis votre administration.<\/p>\n<h2>1. Activer l&#8217;Alerte<\/h2>\n<p>Rendez-vous dans <strong><em>Boutique<\/em> <\/strong>&gt; <strong><em>Catalogue Produits<\/em><\/strong> &gt; <strong><em>Stocks Produits<\/em><\/strong> puis aller dans l&#8217;onglet <a href=\"https:\/\/www.cmonsite.fr\/messtocks.php#content-alert-stock\"><strong><em>Alerte clients de remise en stock<\/em><\/strong><\/a>.<\/p>\n<p><a href=\"https:\/\/www.cmonsite.fr\/creer-un-site\/wp-content\/uploads\/2020\/12\/alerte-remise-stock-1.jpg\"><img fetchpriority=\"high\" decoding=\"async\" class=\"size-full wp-image-14386 aligncenter\" src=\"https:\/\/www.cmonsite.fr\/creer-un-site\/wp-content\/uploads\/2020\/12\/alerte-remise-stock-1.jpg\" alt=\"\" width=\"1260\" height=\"92\" srcset=\"https:\/\/www.cmonsite.fr\/site\/webup\/2020\/12\/alerte-remise-stock-1.jpg 1260w, https:\/\/www.cmonsite.fr\/site\/webup\/2020\/12\/alerte-remise-stock-1-300x22.jpg 300w, https:\/\/www.cmonsite.fr\/site\/webup\/2020\/12\/alerte-remise-stock-1-1024x75.jpg 1024w, https:\/\/www.cmonsite.fr\/site\/webup\/2020\/12\/alerte-remise-stock-1-768x56.jpg 768w\" sizes=\"(max-width: 1260px) 100vw, 1260px\" \/><\/a>Et activez l&#8217;affichage du bouton de notification de remise en stock de vos produits sur vos fiches produits.<\/p>\n<p>Vous pouvez modifier le texte du bouton dans le champ en-dessous.<a href=\"https:\/\/www.cmonsite.fr\/creer-un-site\/wp-content\/uploads\/2020\/08\/notif.png\"><img decoding=\"async\" class=\"aligncenter size-full wp-image-13244\" src=\"https:\/\/www.cmonsite.fr\/creer-un-site\/wp-content\/uploads\/2020\/08\/notif.png\" alt=\"\" width=\"1221\" height=\"113\" srcset=\"https:\/\/www.cmonsite.fr\/site\/webup\/2020\/08\/notif.png 1221w, https:\/\/www.cmonsite.fr\/site\/webup\/2020\/08\/notif-300x28.png 300w, https:\/\/www.cmonsite.fr\/site\/webup\/2020\/08\/notif-1024x95.png 1024w, https:\/\/www.cmonsite.fr\/site\/webup\/2020\/08\/notif-768x71.png 768w\" sizes=\"(max-width: 1221px) 100vw, 1221px\" \/><\/a>Sur la fiche produit c\u00f4t\u00e9 client, un bouton remplacera l&#8217;ajout au panier d\u00e8s que le stock sera \u00e0 0.<\/p>\n<p><img decoding=\"async\" class=\"aligncenter size-full wp-image-13247\" style=\"font-style: normal; font-weight: 300; margin-top: 0.4em;\" src=\"https:\/\/www.cmonsite.fr\/creer-un-site\/wp-content\/uploads\/2020\/08\/averti.png\" alt=\"\" width=\"276\" height=\"54\"><\/p>\n<p><\/p>\n<h2>2. \u00c9diter le mail<\/h2>\n<p>Maintenant, il ne vous reste plus qu&#8217;\u00e0 configurer le mail que vont recevoir vos clients lorsque le produit sera de nouveau en stock.<\/p>\n<p>Des tags sont mis \u00e0 disposition pour ajouter des informations qui changeront d&#8217;un client \u00e0 l&#8217;autre. Ils s&#8217;adaptent donc aux donn\u00e9es de votre site et du destinataire.<\/p>\n<p><a href=\"https:\/\/www.cmonsite.fr\/creer-un-site\/wp-content\/uploads\/2020\/08\/alerte.png\"><img loading=\"lazy\" decoding=\"async\" class=\"aligncenter size-full wp-image-13245\" src=\"https:\/\/www.cmonsite.fr\/creer-un-site\/wp-content\/uploads\/2020\/08\/alerte.png\" alt=\"\" width=\"1011\" height=\"748\" srcset=\"https:\/\/www.cmonsite.fr\/site\/webup\/2020\/08\/alerte.png 1011w, https:\/\/www.cmonsite.fr\/site\/webup\/2020\/08\/alerte-300x222.png 300w, https:\/\/www.cmonsite.fr\/site\/webup\/2020\/08\/alerte-768x568.png 768w\" sizes=\"(max-width: 1011px) 100vw, 1011px\" \/><\/a><\/p>\n<h2>&nbsp;<\/h2>\n<h2>&nbsp;<\/h2>\n<h2>&nbsp;<\/h2>\n<h2>3. Liste des produits attendus<\/h2>\n<p>En dessous, vous avez la liste des produits attendus par vos clients et la liste des clients en attente pour chacun des produits. Vous trouverez \u00e9galement la liste des produits pour lesquels une notification a \u00e9t\u00e9 envoy\u00e9e.<\/p>\n<p><a href=\"https:\/\/www.cmonsite.fr\/creer-un-site\/wp-content\/uploads\/2020\/08\/pattendus.png\"><img loading=\"lazy\" decoding=\"async\" class=\"aligncenter size-full wp-image-13246\" src=\"https:\/\/www.cmonsite.fr\/creer-un-site\/wp-content\/uploads\/2020\/08\/pattendus.png\" alt=\"\" width=\"1254\" height=\"268\" srcset=\"https:\/\/www.cmonsite.fr\/site\/webup\/2020\/08\/pattendus.png 1254w, https:\/\/www.cmonsite.fr\/site\/webup\/2020\/08\/pattendus-300x64.png 300w, https:\/\/www.cmonsite.fr\/site\/webup\/2020\/08\/pattendus-1024x219.png 1024w, https:\/\/www.cmonsite.fr\/site\/webup\/2020\/08\/pattendus-768x164.png 768w\" sizes=\"(max-width: 1254px) 100vw, 1254px\" \/><\/a><\/p>\t\t\t\t\t\t\t\t<\/div>\n\t\t\t\t<\/div>\n\t\t\t\t<div class=\"elementor-element elementor-element-e019a73 elementor-widget elementor-widget-spacer\" data-id=\"e019a73\" data-element_type=\"widget\" data-e-type=\"widget\" data-widget_type=\"spacer.default\">\n\t\t\t\t<div class=\"elementor-widget-container\">\n\t\t\t\t\t\t\t<div class=\"elementor-spacer\">\n\t\t\t<div class=\"elementor-spacer-inner\"><\/div>\n\t\t<\/div>\n\t\t\t\t\t\t<\/div>\n\t\t\t\t<\/div>\n\t\t\t\t\t<\/div>\n\t\t<\/div>\n\t\t\t\t\t<\/div>\n\t\t<\/section>\n\t\t\t\t<section class=\"elementor-section elementor-top-section elementor-element elementor-element-c54135d elementor-section-boxed elementor-section-height-default elementor-section-height-default\" data-id=\"c54135d\" data-element_type=\"section\" data-e-type=\"section\">\n\t\t\t\t\t\t<div class=\"elementor-container elementor-column-gap-default\">\n\t\t\t\t\t<div class=\"elementor-column elementor-col-100 elementor-top-column elementor-element elementor-element-a948d9d\" data-id=\"a948d9d\" data-element_type=\"column\" data-e-type=\"column\">\n\t\t\t<div class=\"elementor-widget-wrap elementor-element-populated\">\n\t\t\t\t\t\t<div class=\"elementor-element elementor-element-d0f3517 elementor-widget-divider--view-line elementor-widget elementor-widget-divider\" data-id=\"d0f3517\" data-element_type=\"widget\" data-e-type=\"widget\" data-widget_type=\"divider.default\">\n\t\t\t\t<div class=\"elementor-widget-container\">\n\t\t\t\t\t\t\t<div class=\"elementor-divider\">\n\t\t\t<span class=\"elementor-divider-separator\">\n\t\t\t\t\t\t<\/span>\n\t\t<\/div>\n\t\t\t\t\t\t<\/div>\n\t\t\t\t<\/div>\n\t\t\t\t<div class=\"elementor-element elementor-element-ea505d8 elementor-widget elementor-widget-spacer\" data-id=\"ea505d8\" data-element_type=\"widget\" data-e-type=\"widget\" data-widget_type=\"spacer.default\">\n\t\t\t\t<div class=\"elementor-widget-container\">\n\t\t\t\t\t\t\t<div class=\"elementor-spacer\">\n\t\t\t<div class=\"elementor-spacer-inner\"><\/div>\n\t\t<\/div>\n\t\t\t\t\t\t<\/div>\n\t\t\t\t<\/div>\n\t\t\t\t<div class=\"elementor-element elementor-element-c5c4441 elementor-widget elementor-widget-heading\" data-id=\"c5c4441\" data-element_type=\"widget\" data-e-type=\"widget\" data-widget_type=\"heading.default\">\n\t\t\t\t<div class=\"elementor-widget-container\">\n\t\t\t\t\t<h2 class=\"elementor-heading-title elementor-size-default\">D\u00e9couvrez notre vid\u00e9o sur la mise en place d'une alerte automatique de remise en stock pour vos clients<\/h2>\t\t\t\t<\/div>\n\t\t\t\t<\/div>\n\t\t\t\t\t<\/div>\n\t\t<\/div>\n\t\t\t\t\t<\/div>\n\t\t<\/section>\n\t\t\t\t<section class=\"elementor-section elementor-top-section elementor-element elementor-element-ae4ec33 elementor-section-boxed elementor-section-height-default elementor-section-height-default\" data-id=\"ae4ec33\" data-element_type=\"section\" data-e-type=\"section\">\n\t\t\t\t\t\t<div class=\"elementor-container elementor-column-gap-default\">\n\t\t\t\t\t<div class=\"elementor-column elementor-col-33 elementor-top-column elementor-element elementor-element-1a70e6a\" data-id=\"1a70e6a\" data-element_type=\"column\" data-e-type=\"column\">\n\t\t\t<div class=\"elementor-widget-wrap\">\n\t\t\t\t\t\t\t<\/div>\n\t\t<\/div>\n\t\t\t\t<div class=\"elementor-column elementor-col-33 elementor-top-column elementor-element elementor-element-c20988e\" data-id=\"c20988e\" data-element_type=\"column\" data-e-type=\"column\">\n\t\t\t<div class=\"elementor-widget-wrap elementor-element-populated\">\n\t\t\t\t\t\t<div class=\"elementor-element elementor-element-da7f141 elementor-widget elementor-widget-video\" data-id=\"da7f141\" data-element_type=\"widget\" data-e-type=\"widget\" data-settings=\"{&quot;youtube_url&quot;:&quot;https:\\\/\\\/www.youtube.com\\\/watch?v=Bkk_TsUW3_4&amp;t=29s&quot;,&quot;video_type&quot;:&quot;youtube&quot;,&quot;controls&quot;:&quot;yes&quot;}\" data-widget_type=\"video.default\">\n\t\t\t\t<div class=\"elementor-widget-container\">\n\t\t\t\t\t\t\t<div class=\"elementor-wrapper elementor-open-inline\">\n\t\t\t<div class=\"elementor-video\"><\/div>\t\t<\/div>\n\t\t\t\t\t\t<\/div>\n\t\t\t\t<\/div>\n\t\t\t\t\t<\/div>\n\t\t<\/div>\n\t\t\t\t<div class=\"elementor-column elementor-col-33 elementor-top-column elementor-element elementor-element-158f739\" data-id=\"158f739\" data-element_type=\"column\" data-e-type=\"column\">\n\t\t\t<div class=\"elementor-widget-wrap\">\n\t\t\t\t\t\t\t<\/div>\n\t\t<\/div>\n\t\t\t\t\t<\/div>\n\t\t<\/section>\n\t\t\t\t<\/div>\n\t\t","protected":false},"excerpt":{"rendered":"<p>Afin de permettre \u00e0 vos clients de ne pas passer \u00e0 c\u00f4t\u00e9 de nouveau de leur article favori. Vous pouvez activer l&#8217;Alerte de Stock depuis votre administration. 1. Activer l&#8217;Alerte Rendez-vous dans Boutique &gt; Catalogue Produits &gt; Stocks Produits puis aller dans l&#8217;onglet Alerte clients de remise en stock. Et activez l&#8217;affichage du bouton de [&hellip;]<\/p>\n","protected":false},"author":1,"featured_media":18468,"parent":24736,"menu_order":7,"comment_status":"closed","ping_status":"closed","template":"","meta":{"_helpful_status":1,"footnotes":""},"class_list":["post-13240","page","type-page","status-publish","has-post-thumbnail","hentry"],"_links":{"self":[{"href":"https:\/\/www.cmonsite.fr\/site\/wp-json\/wp\/v2\/pages\/13240","targetHints":{"allow":["GET"]}}],"collection":[{"href":"https:\/\/www.cmonsite.fr\/site\/wp-json\/wp\/v2\/pages"}],"about":[{"href":"https:\/\/www.cmonsite.fr\/site\/wp-json\/wp\/v2\/types\/page"}],"author":[{"embeddable":true,"href":"https:\/\/www.cmonsite.fr\/site\/wp-json\/wp\/v2\/users\/1"}],"replies":[{"embeddable":true,"href":"https:\/\/www.cmonsite.fr\/site\/wp-json\/wp\/v2\/comments?post=13240"}],"version-history":[{"count":5,"href":"https:\/\/www.cmonsite.fr\/site\/wp-json\/wp\/v2\/pages\/13240\/revisions"}],"predecessor-version":[{"id":24987,"href":"https:\/\/www.cmonsite.fr\/site\/wp-json\/wp\/v2\/pages\/13240\/revisions\/24987"}],"up":[{"embeddable":true,"href":"https:\/\/www.cmonsite.fr\/site\/wp-json\/wp\/v2\/pages\/24736"}],"wp:featuredmedia":[{"embeddable":true,"href":"https:\/\/www.cmonsite.fr\/site\/wp-json\/wp\/v2\/media\/18468"}],"wp:attachment":[{"href":"https:\/\/www.cmonsite.fr\/site\/wp-json\/wp\/v2\/media?parent=13240"}],"curies":[{"name":"wp","href":"https:\/\/api.w.org\/{rel}","templated":true}]}}