{"id":13228,"date":"2020-07-27T09:25:06","date_gmt":"2020-07-27T07:25:06","guid":{"rendered":"https:\/\/www.cmonsite.fr\/site\/aide\/?page_id=13228"},"modified":"2022-11-25T16:23:52","modified_gmt":"2022-11-25T15:23:52","slug":"offrir-un-cadeau-sur-une-commande-code-de-reduction","status":"publish","type":"page","link":"https:\/\/www.cmonsite.fr\/site\/aide\/gestion-des-produits\/offrir-un-cadeau-sur-une-commande-code-de-reduction","title":{"rendered":"Offrir un cadeau sur une commande (Code de r\u00e9duction)"},"content":{"rendered":"\t\t<div data-elementor-type=\"wp-page\" data-elementor-id=\"13228\" class=\"elementor elementor-13228\" data-elementor-post-type=\"page\">\n\t\t\t\t\t\t<section class=\"elementor-section elementor-top-section elementor-element elementor-element-220053e2 elementor-section-boxed elementor-section-height-default elementor-section-height-default\" data-id=\"220053e2\" data-element_type=\"section\" data-e-type=\"section\">\n\t\t\t\t\t\t<div class=\"elementor-container elementor-column-gap-default\">\n\t\t\t\t\t<div class=\"elementor-column elementor-col-100 elementor-top-column elementor-element elementor-element-524044c0\" data-id=\"524044c0\" data-element_type=\"column\" data-e-type=\"column\">\n\t\t\t<div class=\"elementor-widget-wrap elementor-element-populated\">\n\t\t\t\t\t\t<div class=\"elementor-element elementor-element-56047b7e elementor-widget elementor-widget-text-editor\" data-id=\"56047b7e\" data-element_type=\"widget\" data-e-type=\"widget\" data-widget_type=\"text-editor.default\">\n\t\t\t\t<div class=\"elementor-widget-container\">\n\t\t\t\t\t\t\t\t\t<table><tbody><tr><td width=\"50%\"><p>Vous pouvez cr\u00e9er facilement des codes de r\u00e9duction pour offrir un cadeau \u00e0 vos clients sur leur commande en cas d\u2019\u00e9v\u00e8nements sp\u00e9ciaux, d\u2019offres promotionnelles ou pour remercier certains clients.<\/p><p>Afin de cr\u00e9er ces codes de r\u00e9duction, il vous suffit d\u2019aller dans la rubrique \u00ab <strong>Boutique<\/strong> \u00bb puis de cliquer sur l\u2019onglet \u00ab <a href=\"\/\/www.cmonsite.fr\/mesbonsdereduction.php\" target=\"_blank\" rel=\"noopener noreferrer\"><strong>Codes de r\u00e9duction<\/strong><\/a> \u00bb.<\/p><\/td><td width=\"50%\"><a href=\"https:\/\/www.cmonsite.fr\/creer-un-site\/wp-content\/uploads\/2020\/11\/page_codes_reduction-1024x558-1.png\"><img fetchpriority=\"high\" decoding=\"async\" class=\"alignnone wp-image-13883 size-full\" src=\"https:\/\/www.cmonsite.fr\/site\/webup\/2020\/11\/page_codes_reduction-1024x558-1.png\" alt=\"Page Codes de r\u00e9duction\" width=\"1024\" height=\"558\" srcset=\"https:\/\/www.cmonsite.fr\/site\/webup\/2020\/11\/page_codes_reduction-1024x558-1.png 1024w, https:\/\/www.cmonsite.fr\/site\/webup\/2020\/11\/page_codes_reduction-1024x558-1-300x163.png 300w, https:\/\/www.cmonsite.fr\/site\/webup\/2020\/11\/page_codes_reduction-1024x558-1-768x419.png 768w\" sizes=\"(max-width: 1024px) 100vw, 1024px\" \/><\/a><\/td><\/tr><\/tbody><\/table><h1><strong><span style=\"color: #666666;\"><span style=\"color: #333333;\"><span style=\"font-size: x-large;\">\u00a0<\/span><\/span><\/span><\/strong><\/h1><h1><strong><span style=\"color: #666666;\"><span style=\"color: #333333;\"><span style=\"font-size: x-large;\">\u00a0<\/span><\/span><\/span><\/strong><\/h1><h1><strong><span style=\"color: #666666;\"><span style=\"color: #333333;\"><span style=\"font-size: x-large;\">1<\/span>. Cr\u00e9er un code de r\u00e9duction<\/span><\/span><\/strong><\/h1><p>Vous devez tout d&#8217;abord, cr\u00e9er un code de r\u00e9duction en cliquant sur le bouton vert.<a href=\"https:\/\/www.cmonsite.fr\/creer-un-site\/wp-content\/uploads\/2021\/01\/creer-code-reduction.png\"><img decoding=\"async\" class=\"aligncenter wp-image-14399 size-full\" src=\"https:\/\/www.cmonsite.fr\/site\/webup\/2021\/01\/creer-code-reduction.png\" alt=\"\" width=\"1260\" height=\"54\" srcset=\"https:\/\/www.cmonsite.fr\/site\/webup\/2021\/01\/creer-code-reduction.png 1260w, https:\/\/www.cmonsite.fr\/site\/webup\/2021\/01\/creer-code-reduction-300x13.png 300w, https:\/\/www.cmonsite.fr\/site\/webup\/2021\/01\/creer-code-reduction-1024x44.png 1024w, https:\/\/www.cmonsite.fr\/site\/webup\/2021\/01\/creer-code-reduction-768x33.png 768w\" sizes=\"(max-width: 1260px) 100vw, 1260px\" \/><\/a><\/p><p>Vous avez la possibilit\u00e9 de g\u00e9n\u00e9rer un seul code ou une liste de code de r\u00e9duction. La liste vous permet par exemple pr\u00e9-cr\u00e9er des remises, de r\u00e9aliser des op\u00e9rations de communication, de g\u00e9n\u00e9rer un code de r\u00e9duction personnalis\u00e9 pour chacun de vos clients et de savoir quel visiteur l&#8217;a utilis\u00e9\u2026<\/p><p>Vous devez ensuite donner un nom \u00e0 votre code de r\u00e9duction, c&#8217;est-\u00e0-dire ce que vos clients vont taper pour obtenir la remise, ou le g\u00e9n\u00e9rer al\u00e9atoirement.<br \/>Vous pouvez r\u00e9diger une description du code pour informer vos clients du type de remise dont ils vont pouvoir b\u00e9n\u00e9ficier.<br \/>Vous pouvez choisir sa quantit\u00e9.<\/p><p>En activant &#8220;<strong><em>Envoyer un cadeau<\/em><\/strong>&#8220;, vous pouvez rechercher et associer un produit de votre catalogue qui sera offert \u00e0 votre client.<a href=\"https:\/\/www.cmonsite.fr\/creer-un-site\/wp-content\/uploads\/2021\/01\/envoyer-cadeau.png\"><img decoding=\"async\" class=\"aligncenter wp-image-14400 size-full\" src=\"https:\/\/www.cmonsite.fr\/site\/webup\/2021\/01\/envoyer-cadeau.png\" alt=\"\" width=\"1253\" height=\"819\" srcset=\"https:\/\/www.cmonsite.fr\/site\/webup\/2021\/01\/envoyer-cadeau.png 1253w, https:\/\/www.cmonsite.fr\/site\/webup\/2021\/01\/envoyer-cadeau-300x196.png 300w, https:\/\/www.cmonsite.fr\/site\/webup\/2021\/01\/envoyer-cadeau-1024x669.png 1024w, https:\/\/www.cmonsite.fr\/site\/webup\/2021\/01\/envoyer-cadeau-768x502.png 768w\" sizes=\"(max-width: 1253px) 100vw, 1253px\" \/><\/a><\/p><h2><span style=\"color: #333333;\"><strong><span style=\"font-size: x-large;\">\u00a0<\/span><\/strong><\/span><\/h2><h2><span style=\"color: #333333;\"><strong><span style=\"font-size: x-large;\">\u00a0<\/span><\/strong><\/span><\/h2><h2><span style=\"color: #333333;\"><strong><span style=\"font-size: x-large;\">\u00a0<\/span><\/strong><\/span><\/h2><h2><span style=\"color: #333333;\"><strong><span style=\"font-size: x-large;\">2<\/span><\/strong><\/span><strong><span style=\"font-size: x-large;\">. <\/span><\/strong><span style=\"font-family: inherit; font-size: 1.75rem; color: #333333;\"><strong>Configurez les conditions du code<\/strong><\/span><\/h2><p>Pour finir, vous devez d\u00e9finir les conditions de votre code de r\u00e9duction.<br \/><a href=\"https:\/\/www.cmonsite.fr\/creer-un-site\/wp-content\/uploads\/2021\/01\/conditions.jpg\"><img loading=\"lazy\" decoding=\"async\" class=\"aligncenter wp-image-14398 size-full\" src=\"https:\/\/www.cmonsite.fr\/site\/webup\/2021\/01\/conditions.jpg\" alt=\"\" width=\"1254\" height=\"519\" srcset=\"https:\/\/www.cmonsite.fr\/site\/webup\/2021\/01\/conditions.jpg 1254w, https:\/\/www.cmonsite.fr\/site\/webup\/2021\/01\/conditions-300x124.jpg 300w, https:\/\/www.cmonsite.fr\/site\/webup\/2021\/01\/conditions-1024x424.jpg 1024w, https:\/\/www.cmonsite.fr\/site\/webup\/2021\/01\/conditions-768x318.jpg 768w\" sizes=\"(max-width: 1254px) 100vw, 1254px\" \/><\/a><\/p><p>D\u00e9terminez la dur\u00e9e, son montant minimum, sa compatibilit\u00e9, sur quels produits \/ rubriques, etc. il est actif.<\/p><p>N&#8217;oubliez pas de cliquer sur <strong>\u00ab \u00c9diter<em>\u00a0le code<\/em> \u00bb<\/strong> lorsque vous avez termin\u00e9.<\/p><p>Le gestionnaire de code de r\u00e9duction vous permet d&#8217;offrir<strong> la remise<\/strong> de votre choix (celui-ci fonctionne soit<strong> en pourcentage<\/strong>, soit <strong>en euros<\/strong>),<br \/>et de choisir le montant \u00e0 partir duquel elle s&#8217;applique, que ce soit sur une commande ou bien sur les frais de port de celle-ci !<\/p><p>Il est possible de s\u00e9lectionner plusieurs conditions pour un seul et m\u00eame code de r\u00e9duction :<\/p><ul><li><strong>&#8220;Limiter le code de r\u00e9duction \u00e0 la premi\u00e8re commande &#8220;pay\u00e9e&#8221; du client&#8221; :<\/strong> ce code de r\u00e9duction est une offre de bienvenue pour fid\u00e9liser votre client et le &#8220;remercier&#8221; pour sa premi\u00e8re commande pass\u00e9e sur votre site.<\/li><li><strong>&#8220;Le code de r\u00e9duction peut \u00eatre utilis\u00e9 une seule fois par client&#8221; :<\/strong> une fois que votre client aura utilis\u00e9 le code de r\u00e9duction propos\u00e9 pour passer sa commande, il ne pourra plus le r\u00e9utiliser.<\/li><li><strong>&#8220;Cumulable avec vos autres codes de r\u00e9duction&#8221; : <\/strong>si vous cr\u00e9ez plusieurs codes de r\u00e9duction, votre client pourra les utiliser ensemble pour une seule et m\u00eame commande (ex : offre de bienvenue -10% sur votre premi\u00e8re commande \/\/ frais de port offerts)<\/li><li><strong>&#8220;Je souhaite que le code soit uniquement valide pour les produits \/ cat\u00e9gories suivants&#8221; :<\/strong> votre code de r\u00e9duction sera valable uniquement pour les produits ou cat\u00e9gories que vous aurez s\u00e9lectionn\u00e9 (ex : remise de 20% sur tous les tee-shirts \u00e9t\u00e9 femme)<\/li><li><strong>&#8220;Je souhaite que le code soit uniquement valide pour les clients \/ groupes clients suivants&#8221; :<\/strong> vous pouvez r\u00e9aliser des offres promotionnelles cibl\u00e9es afin de privil\u00e9gier certains de vos clients (ex : offrir une remise pour vos clients professionnels \/\/ offrir une remise pour vos clients les plus fid\u00e8les)<\/li><\/ul><h2><span style=\"color: #333333;\"><span style=\"font-size: x-large;\">\u00a0<\/span><\/span><\/h2><h2><span style=\"color: #333333;\"><span style=\"font-size: x-large;\">3<\/span><\/span>. Mettre en avant les codes de r\u00e9duction<\/h2><p>Les codes de r\u00e9ductions peuvent \u00eatre &#8220;cach\u00e9s&#8221; ou au contraire mis en avant afin qu&#8217;un maximum\u00a0de visiteurs puisse les utiliser. Pour cela, il vous suffit d&#8217;activer la mise en avant.<a href=\"https:\/\/www.cmonsite.fr\/creer-un-site\/wp-content\/uploads\/2021\/01\/mettre-en-avant.png\"><img loading=\"lazy\" decoding=\"async\" class=\"aligncenter wp-image-14401 size-full\" src=\"https:\/\/www.cmonsite.fr\/site\/webup\/2021\/01\/mettre-en-avant.png\" alt=\"\" width=\"758\" height=\"202\" srcset=\"https:\/\/www.cmonsite.fr\/site\/webup\/2021\/01\/mettre-en-avant.png 758w, https:\/\/www.cmonsite.fr\/site\/webup\/2021\/01\/mettre-en-avant-300x80.png 300w\" sizes=\"(max-width: 758px) 100vw, 758px\" \/><\/a><\/p><h2><span style=\"color: #333333;\"><strong><span style=\"font-size: x-large;\">\u00a0<\/span><\/strong><\/span><\/h2><h2><span style=\"color: #333333;\"><strong><span style=\"font-size: x-large;\">\u00a0<\/span><\/strong><\/span><\/h2><h2><span style=\"color: #333333;\"><strong><span style=\"font-size: x-large;\">4<\/span><\/strong><\/span><span style=\"color: #333333;\"><strong>. Modifiez ou supprimez un code<\/strong><\/span><\/h2><p><a href=\"https:\/\/www.cmonsite.fr\/creer-un-site\/wp-content\/uploads\/2021\/01\/modifier-code.jpg\"><img loading=\"lazy\" decoding=\"async\" class=\"aligncenter wp-image-14402 size-full\" src=\"https:\/\/www.cmonsite.fr\/site\/webup\/2021\/01\/modifier-code.jpg\" alt=\"\" width=\"1256\" height=\"361\" srcset=\"https:\/\/www.cmonsite.fr\/site\/webup\/2021\/01\/modifier-code.jpg 1256w, https:\/\/www.cmonsite.fr\/site\/webup\/2021\/01\/modifier-code-300x86.jpg 300w, https:\/\/www.cmonsite.fr\/site\/webup\/2021\/01\/modifier-code-1024x294.jpg 1024w, https:\/\/www.cmonsite.fr\/site\/webup\/2021\/01\/modifier-code-768x221.jpg 768w\" sizes=\"(max-width: 1256px) 100vw, 1256px\" \/><\/a>Vous pouvez revenir modifier votre code de r\u00e9duction \u00e0 tout moment en cliquant sur l&#8217;ic\u00f4ne \u00a0<a href=\"\/\/www.cmonsite.fr\/creer-un-site\/wp-content\/uploads\/2012\/11\/modifier.png\"><img loading=\"lazy\" decoding=\"async\" class=\"alignnone wp-image-8702 size-full\" src=\"https:\/\/www.cmonsite.fr\/site\/webup\/2012\/11\/modifier.png\" alt=\"\" width=\"29\" height=\"26\" \/><\/a>.<br \/>Vous pouvez \u00e9galement suspendre momentan\u00e9ment le code de la m\u00eame fa\u00e7on que pour les fiches produits, en cliquant sur l&#8217;ic\u00f4ne <a href=\"\/\/www.cmonsite.fr\/creer-un-site\/wp-content\/uploads\/2012\/11\/actif.png\"><img loading=\"lazy\" decoding=\"async\" class=\"alignnone wp-image-8703 size-full\" src=\"https:\/\/www.cmonsite.fr\/site\/webup\/2012\/11\/actif.png\" alt=\"\" width=\"31\" height=\"26\" \/><\/a>.<\/p><p>\u00a0<\/p><p>\u00a0<\/p><h2><span style=\"color: #333333;\"><strong><span style=\"font-size: x-large;\">5.<\/span> Utilisation d&#8217;un code<\/strong><\/span><\/h2><p>Ce code devra \u00eatre utilis\u00e9 dans le r\u00e9capitulatif d&#8217;une commande dans l&#8217;encadr\u00e9 pr\u00e9vu \u00e0 cet effet :<\/p><p><a href=\"https:\/\/www.cmonsite.fr\/creer-un-site\/wp-content\/uploads\/2021\/01\/utilisation-code.jpg\"><img loading=\"lazy\" decoding=\"async\" class=\"aligncenter wp-image-14403 size-full\" src=\"https:\/\/www.cmonsite.fr\/site\/webup\/2021\/01\/utilisation-code.jpg\" alt=\"\" width=\"1144\" height=\"486\" srcset=\"https:\/\/www.cmonsite.fr\/site\/webup\/2021\/01\/utilisation-code.jpg 1144w, https:\/\/www.cmonsite.fr\/site\/webup\/2021\/01\/utilisation-code-300x127.jpg 300w, https:\/\/www.cmonsite.fr\/site\/webup\/2021\/01\/utilisation-code-1024x435.jpg 1024w, https:\/\/www.cmonsite.fr\/site\/webup\/2021\/01\/utilisation-code-768x326.jpg 768w\" sizes=\"(max-width: 1144px) 100vw, 1144px\" \/><\/a><br \/>Si vous avez d\u00e9cid\u00e9 de mettre celui-ci en avant il sera visible lors du tunnel d&#8217;achat si ses conditions sont respect\u00e9es.<\/p>\t\t\t\t\t\t\t\t<\/div>\n\t\t\t\t<\/div>\n\t\t\t\t\t<\/div>\n\t\t<\/div>\n\t\t\t\t\t<\/div>\n\t\t<\/section>\n\t\t\t\t<section class=\"elementor-section elementor-top-section elementor-element elementor-element-bcd7aa8 elementor-section-boxed elementor-section-height-default elementor-section-height-default\" data-id=\"bcd7aa8\" data-element_type=\"section\" data-e-type=\"section\">\n\t\t\t\t\t\t<div class=\"elementor-container elementor-column-gap-default\">\n\t\t\t\t\t<div class=\"elementor-column elementor-col-100 elementor-top-column elementor-element elementor-element-638e0e6\" data-id=\"638e0e6\" data-element_type=\"column\" data-e-type=\"column\">\n\t\t\t<div class=\"elementor-widget-wrap elementor-element-populated\">\n\t\t\t\t\t\t<div class=\"elementor-element elementor-element-30c9887 elementor-widget elementor-widget-spacer\" data-id=\"30c9887\" data-element_type=\"widget\" data-e-type=\"widget\" data-widget_type=\"spacer.default\">\n\t\t\t\t<div class=\"elementor-widget-container\">\n\t\t\t\t\t\t\t<div class=\"elementor-spacer\">\n\t\t\t<div class=\"elementor-spacer-inner\"><\/div>\n\t\t<\/div>\n\t\t\t\t\t\t<\/div>\n\t\t\t\t<\/div>\n\t\t\t\t<div class=\"elementor-element elementor-element-68bf4b6 elementor-widget-divider--view-line elementor-widget elementor-widget-divider\" data-id=\"68bf4b6\" data-element_type=\"widget\" data-e-type=\"widget\" data-widget_type=\"divider.default\">\n\t\t\t\t<div class=\"elementor-widget-container\">\n\t\t\t\t\t\t\t<div class=\"elementor-divider\">\n\t\t\t<span class=\"elementor-divider-separator\">\n\t\t\t\t\t\t<\/span>\n\t\t<\/div>\n\t\t\t\t\t\t<\/div>\n\t\t\t\t<\/div>\n\t\t\t\t<div class=\"elementor-element elementor-element-015ab4b elementor-widget elementor-widget-spacer\" data-id=\"015ab4b\" data-element_type=\"widget\" data-e-type=\"widget\" data-widget_type=\"spacer.default\">\n\t\t\t\t<div class=\"elementor-widget-container\">\n\t\t\t\t\t\t\t<div class=\"elementor-spacer\">\n\t\t\t<div class=\"elementor-spacer-inner\"><\/div>\n\t\t<\/div>\n\t\t\t\t\t\t<\/div>\n\t\t\t\t<\/div>\n\t\t\t\t<div class=\"elementor-element elementor-element-ba69f38 elementor-widget elementor-widget-heading\" data-id=\"ba69f38\" data-element_type=\"widget\" data-e-type=\"widget\" data-widget_type=\"heading.default\">\n\t\t\t\t<div class=\"elementor-widget-container\">\n\t\t\t\t\t<h2 class=\"elementor-heading-title elementor-size-default\">D\u00e9couvrez \u00e9galement notre vid\u00e9o explicative sur la cr\u00e9ation de code de r\u00e9duction<\/h2>\t\t\t\t<\/div>\n\t\t\t\t<\/div>\n\t\t\t\t\t<\/div>\n\t\t<\/div>\n\t\t\t\t\t<\/div>\n\t\t<\/section>\n\t\t\t\t<section class=\"elementor-section elementor-top-section elementor-element elementor-element-c48d5d3 elementor-section-boxed elementor-section-height-default elementor-section-height-default\" data-id=\"c48d5d3\" data-element_type=\"section\" data-e-type=\"section\">\n\t\t\t\t\t\t<div class=\"elementor-container elementor-column-gap-default\">\n\t\t\t\t\t<div class=\"elementor-column elementor-col-33 elementor-top-column elementor-element elementor-element-512d294\" data-id=\"512d294\" data-element_type=\"column\" data-e-type=\"column\">\n\t\t\t<div class=\"elementor-widget-wrap\">\n\t\t\t\t\t\t\t<\/div>\n\t\t<\/div>\n\t\t\t\t<div class=\"elementor-column elementor-col-33 elementor-top-column elementor-element elementor-element-b42d824\" data-id=\"b42d824\" data-element_type=\"column\" data-e-type=\"column\">\n\t\t\t<div class=\"elementor-widget-wrap elementor-element-populated\">\n\t\t\t\t\t\t<div class=\"elementor-element elementor-element-886c559 elementor-widget elementor-widget-video\" data-id=\"886c559\" data-element_type=\"widget\" data-e-type=\"widget\" data-settings=\"{&quot;youtube_url&quot;:&quot;https:\\\/\\\/www.youtube.com\\\/watch?v=-6R-ECnt8jM&quot;,&quot;video_type&quot;:&quot;youtube&quot;,&quot;controls&quot;:&quot;yes&quot;}\" data-widget_type=\"video.default\">\n\t\t\t\t<div class=\"elementor-widget-container\">\n\t\t\t\t\t\t\t<div class=\"elementor-wrapper elementor-open-inline\">\n\t\t\t<div class=\"elementor-video\"><\/div>\t\t<\/div>\n\t\t\t\t\t\t<\/div>\n\t\t\t\t<\/div>\n\t\t\t\t\t<\/div>\n\t\t<\/div>\n\t\t\t\t<div class=\"elementor-column elementor-col-33 elementor-top-column elementor-element elementor-element-f77b7a2\" data-id=\"f77b7a2\" data-element_type=\"column\" data-e-type=\"column\">\n\t\t\t<div class=\"elementor-widget-wrap\">\n\t\t\t\t\t\t\t<\/div>\n\t\t<\/div>\n\t\t\t\t\t<\/div>\n\t\t<\/section>\n\t\t\t\t<\/div>\n\t\t","protected":false},"excerpt":{"rendered":"<p>Vous pouvez cr\u00e9er facilement des codes de r\u00e9duction pour offrir un cadeau \u00e0 vos clients sur leur commande en cas d\u2019\u00e9v\u00e8nements sp\u00e9ciaux, d\u2019offres promotionnelles ou pour remercier certains clients. Afin de cr\u00e9er ces codes de r\u00e9duction, il vous suffit d\u2019aller dans la rubrique \u00ab Boutique \u00bb puis de cliquer sur l\u2019onglet \u00ab Codes de r\u00e9duction [&hellip;]<\/p>\n","protected":false},"author":1,"featured_media":18486,"parent":24736,"menu_order":24,"comment_status":"closed","ping_status":"closed","template":"","meta":{"_helpful_status":1,"footnotes":""},"class_list":["post-13228","page","type-page","status-publish","has-post-thumbnail","hentry"],"_links":{"self":[{"href":"https:\/\/www.cmonsite.fr\/site\/wp-json\/wp\/v2\/pages\/13228","targetHints":{"allow":["GET"]}}],"collection":[{"href":"https:\/\/www.cmonsite.fr\/site\/wp-json\/wp\/v2\/pages"}],"about":[{"href":"https:\/\/www.cmonsite.fr\/site\/wp-json\/wp\/v2\/types\/page"}],"author":[{"embeddable":true,"href":"https:\/\/www.cmonsite.fr\/site\/wp-json\/wp\/v2\/users\/1"}],"replies":[{"embeddable":true,"href":"https:\/\/www.cmonsite.fr\/site\/wp-json\/wp\/v2\/comments?post=13228"}],"version-history":[{"count":10,"href":"https:\/\/www.cmonsite.fr\/site\/wp-json\/wp\/v2\/pages\/13228\/revisions"}],"predecessor-version":[{"id":23467,"href":"https:\/\/www.cmonsite.fr\/site\/wp-json\/wp\/v2\/pages\/13228\/revisions\/23467"}],"up":[{"embeddable":true,"href":"https:\/\/www.cmonsite.fr\/site\/wp-json\/wp\/v2\/pages\/24736"}],"wp:featuredmedia":[{"embeddable":true,"href":"https:\/\/www.cmonsite.fr\/site\/wp-json\/wp\/v2\/media\/18486"}],"wp:attachment":[{"href":"https:\/\/www.cmonsite.fr\/site\/wp-json\/wp\/v2\/media?parent=13228"}],"curies":[{"name":"wp","href":"https:\/\/api.w.org\/{rel}","templated":true}]}}