{"id":13215,"date":"2020-10-26T15:05:10","date_gmt":"2020-10-26T14:05:10","guid":{"rendered":"https:\/\/www.cmonsite.fr\/site\/aide\/?page_id=13215"},"modified":"2020-10-26T15:05:10","modified_gmt":"2020-10-26T14:05:10","slug":"configurer-un-mode-de-paiement-sur-devis","status":"publish","type":"page","link":"https:\/\/www.cmonsite.fr\/site\/aide\/moyens-de-paiement\/configurer-un-mode-de-paiement-sur-devis","title":{"rendered":"Configurer un mode de paiement &#8220;Sur Devis&#8221;"},"content":{"rendered":"<p>Avoir un mode de paiement &#8220;Sur devis&#8221; peut permettre la personnalisation de la commande par le client et \u00e0 vous, de valider ou annuler la commande et d&#8217;en modifier le montant.<\/p>\n<h2>1. Configurer la demande de devis<\/h2>\n<p>Il suffit de vous rendre dans la rubrique \u00ab <strong>Boutique<\/strong> \u00bb.<\/p>\n<p>\u00c0\u00a0l&#8217;onglet \u00ab <a href=\"https:\/\/www.cmonsite.fr\/configboutique.php#paiement\"><strong>Moyens de paiement<\/strong><\/a> \u00bb, descendez jusqu&#8217;\u00e0 la section \u00ab <strong>Demande de devis<\/strong> \u00bb.<\/p>\n<p>Activez la demande de devis et renseignez le message \u00e0 transmettre \u00e0 votre client apr\u00e8s validation de sa commande.<\/p>\n<p><a href=\"https:\/\/www.cmonsite.fr\/site\/webup\/2020\/12\/dmdevis.jpg\"><img fetchpriority=\"high\" decoding=\"async\" class=\"size-full wp-image-14212 aligncenter\" src=\"https:\/\/www.cmonsite.fr\/site\/webup\/2020\/12\/dmdevis.jpg\" alt=\"\" width=\"933\" height=\"278\" srcset=\"https:\/\/www.cmonsite.fr\/site\/webup\/2020\/12\/dmdevis.jpg 933w, https:\/\/www.cmonsite.fr\/site\/webup\/2020\/12\/dmdevis-300x89.jpg 300w, https:\/\/www.cmonsite.fr\/site\/webup\/2020\/12\/dmdevis-768x229.jpg 768w\" sizes=\"(max-width: 933px) 100vw, 933px\" \/><\/a><\/p>\n<p>Lorsque votre client passera commande, il pourra s\u00e9lectionner parmi les diff\u00e9rents moyens de paiement cette option.<\/p>\n<p><a href=\"https:\/\/www.cmonsite.fr\/site\/webup\/2020\/12\/cmdevis-1.png\"><img decoding=\"async\" class=\"size-full wp-image-14210 aligncenter\" src=\"https:\/\/www.cmonsite.fr\/site\/webup\/2020\/12\/cmdevis-1.png\" alt=\"\" width=\"987\" height=\"151\" srcset=\"https:\/\/www.cmonsite.fr\/site\/webup\/2020\/12\/cmdevis-1.png 987w, https:\/\/www.cmonsite.fr\/site\/webup\/2020\/12\/cmdevis-1-300x46.png 300w, https:\/\/www.cmonsite.fr\/site\/webup\/2020\/12\/cmdevis-1-768x117.png 768w\" sizes=\"(max-width: 987px) 100vw, 987px\" \/><\/a><\/p>\n<h2>2. \u00c9diter la commande<\/h2>\n<p>Vous retrouverez la commande \u00e0 la rubrique \u00ab <a href=\"https:\/\/www.cmonsite.fr\/mescommandes.php\"><b>Ventes \/ Commandes<\/b><\/a> \u00bb.<br \/>\nEn cliquant sur \u00ab <b>D\u00e9tail<\/b> \u00bb, une pop-up regroupant toutes les informations relatives \u00e0 la commande s&#8217;ouvrira.<br \/>\nEn cliquant sur \u00ab <b>\u00c9diter la commande<\/b> \u00bb, vous pouvez r\u00e9adapter le montant du produit.<\/p>\n<p><a href=\"https:\/\/www.cmonsite.fr\/site\/webup\/2020\/12\/detail.jpg\"><img decoding=\"async\" class=\"size-full wp-image-14211 aligncenter\" src=\"https:\/\/www.cmonsite.fr\/site\/webup\/2020\/12\/detail.jpg\" alt=\"\" width=\"123\" height=\"45\" \/><\/a><\/p>\n<p><a href=\"https:\/\/www.cmonsite.fr\/site\/webup\/2020\/12\/editcmd.jpg\"><img loading=\"lazy\" decoding=\"async\" class=\"size-full wp-image-14213 aligncenter\" src=\"https:\/\/www.cmonsite.fr\/site\/webup\/2020\/12\/editcmd.jpg\" alt=\"\" width=\"278\" height=\"46\" \/><\/a><\/p>\n<p>Dans la section \u00ab <b>Paiement de la commande<\/b> \u00bb, vous pouvez s\u00e9lectionner le moyen de paiement que votre client utilisera pour r\u00e9gler sa commande.<a href=\"https:\/\/www.cmonsite.fr\/site\/webup\/2020\/12\/paiement.jpg\"><img loading=\"lazy\" decoding=\"async\" class=\"size-full wp-image-14215 aligncenter\" src=\"https:\/\/www.cmonsite.fr\/site\/webup\/2020\/12\/paiement.jpg\" alt=\"\" width=\"868\" height=\"202\" srcset=\"https:\/\/www.cmonsite.fr\/site\/webup\/2020\/12\/paiement.jpg 868w, https:\/\/www.cmonsite.fr\/site\/webup\/2020\/12\/paiement-300x70.jpg 300w, https:\/\/www.cmonsite.fr\/site\/webup\/2020\/12\/paiement-768x179.jpg 768w\" sizes=\"(max-width: 868px) 100vw, 868px\" \/><\/a>Vous pouvez \u00e9galement envoyer un mail au client tout en incluant le devis ou toute autre pi\u00e8ce jointe de votre choix.<\/p>\n<h2><a href=\"https:\/\/www.cmonsite.fr\/site\/webup\/2020\/12\/mailcmd.jpg\"><img loading=\"lazy\" decoding=\"async\" class=\"size-full wp-image-14214 aligncenter\" src=\"https:\/\/www.cmonsite.fr\/site\/webup\/2020\/12\/mailcmd.jpg\" alt=\"\" width=\"872\" height=\"680\" srcset=\"https:\/\/www.cmonsite.fr\/site\/webup\/2020\/12\/mailcmd.jpg 872w, https:\/\/www.cmonsite.fr\/site\/webup\/2020\/12\/mailcmd-300x234.jpg 300w, https:\/\/www.cmonsite.fr\/site\/webup\/2020\/12\/mailcmd-768x599.jpg 768w\" sizes=\"(max-width: 872px) 100vw, 872px\" \/><\/a><\/h2>\n<p>&nbsp;<\/p>\n","protected":false},"excerpt":{"rendered":"<p>Avoir un mode de paiement &#8220;Sur devis&#8221; peut permettre la personnalisation de la commande par le client et \u00e0 vous, de valider ou annuler la commande et d&#8217;en modifier le montant. 1. Configurer la demande de devis Il suffit de vous rendre dans la rubrique \u00ab Boutique \u00bb. \u00c0\u00a0l&#8217;onglet \u00ab Moyens de paiement \u00bb, descendez [&hellip;]<\/p>\n","protected":false},"author":1,"featured_media":18010,"parent":22983,"menu_order":9,"comment_status":"closed","ping_status":"closed","template":"","meta":{"_helpful_status":1,"footnotes":""},"class_list":["post-13215","page","type-page","status-publish","has-post-thumbnail","hentry"],"_links":{"self":[{"href":"https:\/\/www.cmonsite.fr\/site\/wp-json\/wp\/v2\/pages\/13215","targetHints":{"allow":["GET"]}}],"collection":[{"href":"https:\/\/www.cmonsite.fr\/site\/wp-json\/wp\/v2\/pages"}],"about":[{"href":"https:\/\/www.cmonsite.fr\/site\/wp-json\/wp\/v2\/types\/page"}],"author":[{"embeddable":true,"href":"https:\/\/www.cmonsite.fr\/site\/wp-json\/wp\/v2\/users\/1"}],"replies":[{"embeddable":true,"href":"https:\/\/www.cmonsite.fr\/site\/wp-json\/wp\/v2\/comments?post=13215"}],"version-history":[{"count":1,"href":"https:\/\/www.cmonsite.fr\/site\/wp-json\/wp\/v2\/pages\/13215\/revisions"}],"predecessor-version":[{"id":20952,"href":"https:\/\/www.cmonsite.fr\/site\/wp-json\/wp\/v2\/pages\/13215\/revisions\/20952"}],"up":[{"embeddable":true,"href":"https:\/\/www.cmonsite.fr\/site\/wp-json\/wp\/v2\/pages\/22983"}],"wp:featuredmedia":[{"embeddable":true,"href":"https:\/\/www.cmonsite.fr\/site\/wp-json\/wp\/v2\/media\/18010"}],"wp:attachment":[{"href":"https:\/\/www.cmonsite.fr\/site\/wp-json\/wp\/v2\/media?parent=13215"}],"curies":[{"name":"wp","href":"https:\/\/api.w.org\/{rel}","templated":true}]}}