{"id":12845,"date":"2020-06-13T11:40:59","date_gmt":"2020-06-13T09:40:56","guid":{"rendered":"https:\/\/www.cmonsite.fr\/site\/aide\/?page_id=12845"},"modified":"2022-10-27T14:12:13","modified_gmt":"2022-10-27T12:12:13","slug":"les-relations-presse-7-conseils-pour-se-lancer","status":"publish","type":"page","link":"https:\/\/www.cmonsite.fr\/site\/aide\/astuces-informations\/les-relations-presse-7-conseils-pour-se-lancer","title":{"rendered":"Les Relations Presse : 7 conseils pour se lancer"},"content":{"rendered":"\t\t<div data-elementor-type=\"wp-page\" data-elementor-id=\"12845\" class=\"elementor elementor-12845\" data-elementor-post-type=\"page\">\n\t\t\t\t\t\t<section class=\"elementor-section elementor-top-section elementor-element elementor-element-1cc7d421 elementor-section-boxed elementor-section-height-default elementor-section-height-default\" data-id=\"1cc7d421\" data-element_type=\"section\" data-e-type=\"section\">\n\t\t\t\t\t\t<div class=\"elementor-container elementor-column-gap-default\">\n\t\t\t\t\t<div class=\"elementor-column elementor-col-100 elementor-top-column elementor-element elementor-element-9d58373\" data-id=\"9d58373\" data-element_type=\"column\" data-e-type=\"column\">\n\t\t\t<div class=\"elementor-widget-wrap elementor-element-populated\">\n\t\t\t\t\t\t<div class=\"elementor-element elementor-element-5904a96d elementor-widget elementor-widget-text-editor\" data-id=\"5904a96d\" data-element_type=\"widget\" data-e-type=\"widget\" data-widget_type=\"text-editor.default\">\n\t\t\t\t<div class=\"elementor-widget-container\">\n\t\t\t\t\t\t\t\t\t<h2><b>Les Relations Presse pour faire conna\u00eetre son site web<\/b><\/h2><p><span style=\"font-weight: 400;\">Les relations m\u00e9dias, appel\u00e9es commun\u00e9ment les Relations Presse ou Relations Publiques consistent \u00e0 faire conna\u00eetre ses produits, ses services et son entreprise, \u00e0 la presse, qu\u2019elle soit \u00e9crite, en ligne ou audiovisuelle.<\/span><\/p><p><a href=\"https:\/\/www.cmonsite.fr\/site\/aide\/comment-creer-un-site-internet\/faire-connaitre-son-site-internet-8-leviers-pour-demarrer\/\">8 conseils pour faire conna\u00eetre son site internet<\/a><\/p><p><span style=\"font-weight: 400;\">Le d\u00e9fi ultime des Relations Presse sera d\u2019amener votre histoire et de mettre en valeur votre entreprise sous des angles pertinents et attrayants pour obtenir la couverture m\u00e9diatique esp\u00e9r\u00e9e. Le journaliste sera le d\u00e9cideur, \u00e0 lui de choisir de traiter ou non votre sujet. Vous trouverez dans cet article pourquoi et comment utiliser les Relations Presse.<\/span><\/p><h2><b>Les Relations Presse : Un levier puissant<\/b><\/h2><p><span style=\"font-weight: 400;\">Obtenir des retomb\u00e9es presse pr\u00e9sente des avantages in\u00e9galables pour votre entreprise.<\/span><\/p><ul><li style=\"font-weight: 400;\"><span style=\"font-weight: 400;\">Le succ\u00e8s des m\u00e9dias : un journal t\u00e9l\u00e9 peut r\u00e9unir \u00e0 lui seul 6 millions de fran\u00e7ais et un journal comme Le Figaro, recense sur son site internet plus de 110 millions de visiteurs chaque mois. Les m\u00e9dias restent donc un levier puissant et gratuit qu\u2019il faut convaincre.<\/span><\/li><li style=\"font-weight: 400;\"><span style=\"font-weight: 400;\">Un gage de cr\u00e9dibilit\u00e9 : Lorsqu\u2019une entreprise est relay\u00e9e par la presse \u00e9crite, audiovisuelle ou en ligne, elle gagne en l\u00e9gitimit\u00e9 aupr\u00e8s du public. Il est vrai qu\u2019une parution dans les m\u00e9dias vous apportera la confiance et la cr\u00e9dibilit\u00e9 dont vous aviez besoin. Les t\u00e9l\u00e9spectateurs, auditeurs ou lecteurs croient en grande majorit\u00e9 en la v\u00e9racit\u00e9 des dires des journalistes. Si votre entreprise est relay\u00e9e par les m\u00e9dias, les retomb\u00e9es seront cons\u00e9quentes.<\/span><\/li><li style=\"font-weight: 400;\"><span style=\"font-weight: 400;\">Une publicit\u00e9 gratuite : Alors que certaines entreprises consacrent d\u2019importantes sommes d\u2019argent pour \u00eatre visibles \u00e0 travers des publicit\u00e9s, utiliser les relations Presse a l\u2019\u00e9norme avantage de faire parler de vous dans les m\u00e9dias gratuitement. L\u2019impact sera consid\u00e9rable et ne pr\u00e9sentera aucun sacrifice financier.<\/span><\/li><\/ul><p><span style=\"font-weight: 400;\">Avec les Relations Presse, vous pourrez donc faire conna\u00eetre votre entreprise dans le flux \u00e9ditorial des m\u00e9dias et b\u00e9n\u00e9ficier ainsi d\u2019une exposition gracieuse et cr\u00e9dible. La strat\u00e9gie des Relations Presse peut faire \u00e9merger votre entreprise et lui apporter la notori\u00e9t\u00e9 tant attendue pour se faire conna\u00eetre aux yeux du grand public.<\/span><\/p><p>Si vous n&#8217;\u00eates pas \u00e0 l&#8217;aise avec la r\u00e9daction d&#8217;articles et n\u00e9cessitez un coaching en interview de journalistes, vous pouvez faire appel \u00e0 un<span style=\"color: #000000;\"> attach\u00e9 de presse.\u00a0<\/span><\/p><ul><li><h2><b>Faire soi-m\u00eame ses Relations Presse<\/b><\/h2><\/li><\/ul><p><span style=\"font-weight: 400;\">S\u2019il y a bien une personne qui conna\u00eet mieux que quiconque votre entreprise, vos produits et services, c\u2019est vous-m\u00eame. Alors, pourquoi ne pas se lancer ? <\/span><span style=\"font-weight: 400;\">On vous explique ici comment devenir votre propre attach\u00e9 de presse et faire vous-m\u00eame vos Relations Presse en 7 points :\u00a0<\/span><\/p><ul><li><h3>Identifiez votre sujet<\/h3><\/li><\/ul><p><span style=\"font-weight: 400;\">Pour d\u00e9marrer, identifiez un ou plusieurs sujets en fonction de vos objectifs de communication. En fonction de qui vous souhaitez cibler (investisseurs, futurs clients\u2026) il faut que vous ayiez un sujet \u00e0 propos de votre entreprise sur lequel communiquer. M\u00eame si cela para\u00eet \u00e9vident, gardez en t\u00eate que vous devez \u201cannoncer\u201d quelque chose de nouveau : un nouveau produit, un nouveau service, un r\u00e9cent partenariat, de nouveaux chiffres&#8230;<\/span><\/p><ul><li style=\"font-weight: 400;\"><h3>Choisissez les bons m\u00e9dias<\/h3><\/li><\/ul><p><span style=\"font-weight: 400;\">En fonction de la population cibl\u00e9e et de vos objectifs de communication, il peut \u00eatre plus judicieux d\u2019\u00eatre pr\u00e9sent dans les m\u00e9dias locaux plut\u00f4t que dans un m\u00e9dia national. Soyez ambitieux mais r\u00e9aliste et en lien avec la vis\u00e9e de votre entreprise.<\/span><\/p><ul><li><h3>\u00e9tablir un plan et un calendrier rp<\/h3><\/li><\/ul><p><span style=\"font-weight: 400;\">Il sera important d&#8217;\u00e9tablir un plan de relations presse contenant le calendrier de vos communications pour occuper le terrain m\u00e9diatique. En fonction de vos \u00e9v\u00e9nements et de l\u2019actualit\u00e9, d\u00e9terminez des dates strat\u00e9giques pour faire para\u00eetre votre Communiqu\u00e9 de Presse.<\/span><\/p><ul><li><h3>Trouver le bon angle pour r\u00e9diger son communiqu\u00e9 de presse<\/h3><\/li><\/ul><p><span style=\"font-weight: 400;\">Pour transmettre son actualit\u00e9 \u00e0 un journaliste, le communiqu\u00e9 de presse est l\u2019outil le plus fr\u00e9quemment utilis\u00e9. Son r\u00f4le est d\u2019informer et d\u2019attirer les journalistes d\u2019une nouveaut\u00e9 qui concerne votre entreprise. Pour attirer l\u2019attention du journaliste vous devez amener votre sujet en fonction du secteur du journaliste et de l\u2019actualit\u00e9. Si votre entreprise est une ligne de v\u00eatements pour enfants, vous ciblerez la presse mode et famille. Vous profiterez par exemple d\u2019un changement de saison ou l\u2019arriv\u00e9e des soldes ou de la rentr\u00e9e scolaire pour faire parler de votre vous et ainsi faire un parall\u00e8le entre l\u2019actualit\u00e9 et votre entreprise.<\/span><\/p><ul><li><h3>r\u00e9diger le communiquer de presse<\/h3><\/li><\/ul><p><span style=\"font-weight: 400;\">le ton : Lors de la r\u00e9daction de votre Communiqu\u00e9 de Presse, vous devez \u00eatre informatif et concis. Vous ne devez pas faire la promotion de votre entreprise donc \u00e9vitez les superlatifs, pr\u00e9f\u00e9rez adopter un ton neutre.<\/span><\/p><p><span style=\"font-weight: 400;\">la taille : le Communiqu\u00e9 de Presse doit pouvoir tenir une page A4 soit environ 1 500 signes voire deux au maximum, c\u2019est ce qu\u2019on appelle alors un Communiqu\u00e9 de Presse enrichi. Pour qu\u2019il paraisse professionnel et s\u00e9rieux vous devez respecter la structure traditionnelle.<\/span><\/p><p><span style=\"font-weight: 400;\">la structure : le Communiqu\u00e9 de Presse doit contenir l\u2019objet \u201cCommuniqu\u00e9 de Presse\u201d, votre logo, titre et date, un chap\u00f4, le corps, le \u201c\u00e0 propos\u201d avec vos coordonn\u00e9es et votre statut au sein de l\u2019entreprise.<\/span><\/p><ul><li><h3>identifier les journalistes cibl\u00e9s<\/h3><\/li><\/ul><p><span style=\"font-weight: 400;\">Ciblez les journalistes que vous voulez atteindre. Si vous diffusez trop largement votre communiqu\u00e9 de presse cela risque de vous desservir : un journaliste qui re\u00e7oit un sujet qui n\u2019a aucun lien avec sa sp\u00e9cificit\u00e9 pourrait \u00eatre agac\u00e9.Vous perdez en professionnalisme et cr\u00e9dibilit\u00e9. Pr\u00e9f\u00e9rez donc affiner votre s\u00e9lection.\u00a0<\/span><\/p><ul><li><h3>relancer les journalistes<\/h3><\/li><\/ul><p><span style=\"font-weight: 400;\">Apr\u00e8s avoir envoy\u00e9 un communiqu\u00e9 de presse vous pouvez vous retrouver sans r\u00e9ponse. Parfois, pour esp\u00e9rer obtenir une retomb\u00e9e presse, il est strat\u00e9gique de relancer les journalistes par t\u00e9l\u00e9phone. Une t\u00e2che qui rebute et effraie mais qui peut \u00eatre r\u00e9ellement efficace. Pensez alors \u00e0 identifier les journalistes les plus pertinents de votre liste. Et \u00e9galement ceux qui ont ouvert et lu votre communiqu\u00e9 de presse : Ils ont d\u00e9j\u00e0 marqu\u00e9 un int\u00e9r\u00eat \u00e0 votre sujet.\u00a0<\/span><\/p><p><span style=\"font-weight: 400;\">Encore trop peu utilis\u00e9es pour faire conna\u00eetre son site ou son entreprise, les Relations Presse reste pourtant un levier incontournable pour : <\/span><\/p><ul><li><span style=\"font-weight: 400;\">Vous d\u00e9marquer de vos concurrents. <\/span><\/li><li><span style=\"font-weight: 400;\">Gagner en visibilit\u00e9. <\/span><\/li><li><span style=\"font-weight: 400;\">Attirer de nouveaux clients. <\/span><\/li><\/ul><p><span style=\"font-weight: 400;\">Pensez \u00e0 les utiliser dans votre strat\u00e9gie de communication, notamment au lancement de votre site internet.\u00a0<\/span><\/p>\t\t\t\t\t\t\t\t<\/div>\n\t\t\t\t<\/div>\n\t\t\t\t<div class=\"elementor-element elementor-element-134c2a7 elementor-widget-divider--view-line elementor-widget elementor-widget-divider\" data-id=\"134c2a7\" data-element_type=\"widget\" data-e-type=\"widget\" data-widget_type=\"divider.default\">\n\t\t\t\t<div class=\"elementor-widget-container\">\n\t\t\t\t\t\t\t<div class=\"elementor-divider\">\n\t\t\t<span class=\"elementor-divider-separator\">\n\t\t\t\t\t\t<\/span>\n\t\t<\/div>\n\t\t\t\t\t\t<\/div>\n\t\t\t\t<\/div>\n\t\t\t\t<div class=\"elementor-element elementor-element-ed82ce0 elementor-widget elementor-widget-text-editor\" data-id=\"ed82ce0\" data-element_type=\"widget\" data-e-type=\"widget\" data-widget_type=\"text-editor.default\">\n\t\t\t\t<div class=\"elementor-widget-container\">\n\t\t\t\t\t\t\t\t\t<p>\u00c0 lire \u00e9galement :<\/p><ul><li><a href=\"https:\/\/www.cmonsite.fr\/site\/aide\/comment-creer-un-site-internet\/faire-connaitre-son-site-internet-8-leviers-pour-demarrer\/creer-du-contenu-9-conseils-pour-un-contenu-original\/\">R\u00e9diger de bons articles pour votre site internet<\/a><\/li><li><a href=\"https:\/\/www.cmonsite.fr\/site\/aide\/comment-creer-un-site-internet\/faire-connaitre-son-site-internet-8-leviers-pour-demarrer\/creer-une-newsletter-8-conseils-pour-reussir\/\">Cr\u00e9er des newsletters performantes<\/a><\/li><\/ul>\t\t\t\t\t\t\t\t<\/div>\n\t\t\t\t<\/div>\n\t\t\t\t\t<\/div>\n\t\t<\/div>\n\t\t\t\t\t<\/div>\n\t\t<\/section>\n\t\t\t\t<\/div>\n\t\t","protected":false},"excerpt":{"rendered":"<p>Les Relations Presse pour faire conna\u00eetre son site web Les relations m\u00e9dias, appel\u00e9es commun\u00e9ment les Relations Presse ou Relations Publiques consistent \u00e0 faire conna\u00eetre ses produits, ses services et son entreprise, \u00e0 la presse, qu\u2019elle soit \u00e9crite, en ligne ou audiovisuelle. 8 conseils pour faire conna\u00eetre son site internet Le d\u00e9fi ultime des Relations Presse [&hellip;]<\/p>\n","protected":false},"author":1,"featured_media":12847,"parent":2920,"menu_order":9,"comment_status":"closed","ping_status":"closed","template":"","meta":{"_helpful_status":1,"footnotes":""},"class_list":["post-12845","page","type-page","status-publish","has-post-thumbnail","hentry"],"_links":{"self":[{"href":"https:\/\/www.cmonsite.fr\/site\/wp-json\/wp\/v2\/pages\/12845","targetHints":{"allow":["GET"]}}],"collection":[{"href":"https:\/\/www.cmonsite.fr\/site\/wp-json\/wp\/v2\/pages"}],"about":[{"href":"https:\/\/www.cmonsite.fr\/site\/wp-json\/wp\/v2\/types\/page"}],"author":[{"embeddable":true,"href":"https:\/\/www.cmonsite.fr\/site\/wp-json\/wp\/v2\/users\/1"}],"replies":[{"embeddable":true,"href":"https:\/\/www.cmonsite.fr\/site\/wp-json\/wp\/v2\/comments?post=12845"}],"version-history":[{"count":4,"href":"https:\/\/www.cmonsite.fr\/site\/wp-json\/wp\/v2\/pages\/12845\/revisions"}],"predecessor-version":[{"id":22964,"href":"https:\/\/www.cmonsite.fr\/site\/wp-json\/wp\/v2\/pages\/12845\/revisions\/22964"}],"up":[{"embeddable":true,"href":"https:\/\/www.cmonsite.fr\/site\/wp-json\/wp\/v2\/pages\/2920"}],"wp:featuredmedia":[{"embeddable":true,"href":"https:\/\/www.cmonsite.fr\/site\/wp-json\/wp\/v2\/media\/12847"}],"wp:attachment":[{"href":"https:\/\/www.cmonsite.fr\/site\/wp-json\/wp\/v2\/media?parent=12845"}],"curies":[{"name":"wp","href":"https:\/\/api.w.org\/{rel}","templated":true}]}}