{"id":1282,"date":"2012-11-27T09:33:49","date_gmt":"2012-11-27T09:33:49","guid":{"rendered":"https:\/\/www.cmonsite.fr\/site\/aide\/?page_id=1282"},"modified":"2023-09-12T15:32:21","modified_gmt":"2023-09-12T13:32:21","slug":"annuaire-cmonsite","status":"publish","type":"page","link":"https:\/\/www.cmonsite.fr\/site\/aide\/assistance-cmonsite\/annuaire-cmonsite","title":{"rendered":"Comment inscrire mon site dans l\u2019annuaire CmonSite ?"},"content":{"rendered":"\t\t<div data-elementor-type=\"wp-page\" data-elementor-id=\"1282\" class=\"elementor elementor-1282\" data-elementor-post-type=\"page\">\n\t\t\t\t\t\t<section class=\"elementor-section elementor-top-section elementor-element elementor-element-6fe8404 elementor-section-boxed elementor-section-height-default elementor-section-height-default\" data-id=\"6fe8404\" data-element_type=\"section\" data-e-type=\"section\">\n\t\t\t\t\t\t<div class=\"elementor-container elementor-column-gap-default\">\n\t\t\t\t\t<div class=\"elementor-column elementor-col-100 elementor-top-column elementor-element elementor-element-9497990\" data-id=\"9497990\" data-element_type=\"column\" data-e-type=\"column\">\n\t\t\t<div class=\"elementor-widget-wrap elementor-element-populated\">\n\t\t\t\t\t\t<div class=\"elementor-element elementor-element-64f6742 elementor-widget elementor-widget-text-editor\" data-id=\"64f6742\" data-element_type=\"widget\" data-e-type=\"widget\" data-widget_type=\"text-editor.default\">\n\t\t\t\t<div class=\"elementor-widget-container\">\n\t\t\t\t\t\t\t\t\t<h2>1. Rendez vous dans la rubrique &#8220;Modules&#8221; puis &#8220;Inscrire son site dans l&#8217;annuaire&#8221;<\/h2>\t\t\t\t\t\t\t\t<\/div>\n\t\t\t\t<\/div>\n\t\t\t\t<div class=\"elementor-element elementor-element-6af0c54 elementor-widget elementor-widget-image\" data-id=\"6af0c54\" data-element_type=\"widget\" data-e-type=\"widget\" data-widget_type=\"image.default\">\n\t\t\t\t<div class=\"elementor-widget-container\">\n\t\t\t\t\t\t\t\t\t\t\t\t\t\t\t<img fetchpriority=\"high\" decoding=\"async\" width=\"1261\" height=\"508\" src=\"https:\/\/www.cmonsite.fr\/site\/webup\/2021\/06\/annuaire-cmoniste.png\" class=\"attachment-full size-full wp-image-16718\" alt=\"\" srcset=\"https:\/\/www.cmonsite.fr\/site\/webup\/2021\/06\/annuaire-cmoniste.png 1261w, https:\/\/www.cmonsite.fr\/site\/webup\/2021\/06\/annuaire-cmoniste-300x121.png 300w, https:\/\/www.cmonsite.fr\/site\/webup\/2021\/06\/annuaire-cmoniste-1024x413.png 1024w, https:\/\/www.cmonsite.fr\/site\/webup\/2021\/06\/annuaire-cmoniste-768x309.png 768w\" sizes=\"(max-width: 1261px) 100vw, 1261px\" \/>\t\t\t\t\t\t\t\t\t\t\t\t\t\t\t<\/div>\n\t\t\t\t<\/div>\n\t\t\t\t<div class=\"elementor-element elementor-element-26919cf elementor-widget elementor-widget-image\" data-id=\"26919cf\" data-element_type=\"widget\" data-e-type=\"widget\" data-widget_type=\"image.default\">\n\t\t\t\t<div class=\"elementor-widget-container\">\n\t\t\t\t\t\t\t\t\t\t\t\t\t\t\t<img decoding=\"async\" width=\"1307\" height=\"241\" src=\"https:\/\/www.cmonsite.fr\/site\/webup\/2021\/10\/annuaire.png\" class=\"attachment-full size-full wp-image-18364\" alt=\"\" srcset=\"https:\/\/www.cmonsite.fr\/site\/webup\/2021\/10\/annuaire.png 1307w, https:\/\/www.cmonsite.fr\/site\/webup\/2021\/10\/annuaire-300x55.png 300w, https:\/\/www.cmonsite.fr\/site\/webup\/2021\/10\/annuaire-1024x189.png 1024w, https:\/\/www.cmonsite.fr\/site\/webup\/2021\/10\/annuaire-768x142.png 768w\" sizes=\"(max-width: 1307px) 100vw, 1307px\" \/>\t\t\t\t\t\t\t\t\t\t\t\t\t\t\t<\/div>\n\t\t\t\t<\/div>\n\t\t\t\t<div class=\"elementor-element elementor-element-58844c6 elementor-widget elementor-widget-text-editor\" data-id=\"58844c6\" data-element_type=\"widget\" data-e-type=\"widget\" data-widget_type=\"text-editor.default\">\n\t\t\t\t<div class=\"elementor-widget-container\">\n\t\t\t\t\t\t\t\t\t<h2>2. Renseigner les informations de votre site.<\/h2><p>Remplissez les encadr\u00e9s Titre et Description comme ci-dessous. S\u00e9lectionnez la cat\u00e9gorie dans laquelle vous souhaitez classer votre site.<br \/>Par exemple : Mode et pr\u00eat \u00e0 porter, beaut\u00e9 et cosm\u00e9tique ou encore alimentation et restauration.<\/p>\t\t\t\t\t\t\t\t<\/div>\n\t\t\t\t<\/div>\n\t\t\t\t<div class=\"elementor-element elementor-element-fa6b97e elementor-widget elementor-widget-image\" data-id=\"fa6b97e\" data-element_type=\"widget\" data-e-type=\"widget\" data-widget_type=\"image.default\">\n\t\t\t\t<div class=\"elementor-widget-container\">\n\t\t\t\t\t\t\t\t\t\t\t\t\t\t\t<img decoding=\"async\" width=\"1271\" height=\"441\" src=\"https:\/\/www.cmonsite.fr\/site\/webup\/2021\/06\/annuaire-cmoniste1.png\" class=\"attachment-full size-full wp-image-16722\" alt=\"\" srcset=\"https:\/\/www.cmonsite.fr\/site\/webup\/2021\/06\/annuaire-cmoniste1.png 1271w, https:\/\/www.cmonsite.fr\/site\/webup\/2021\/06\/annuaire-cmoniste1-300x104.png 300w, https:\/\/www.cmonsite.fr\/site\/webup\/2021\/06\/annuaire-cmoniste1-1024x355.png 1024w, https:\/\/www.cmonsite.fr\/site\/webup\/2021\/06\/annuaire-cmoniste1-768x266.png 768w\" sizes=\"(max-width: 1271px) 100vw, 1271px\" \/>\t\t\t\t\t\t\t\t\t\t\t\t\t\t\t<\/div>\n\t\t\t\t<\/div>\n\t\t\t\t<div class=\"elementor-element elementor-element-e18c81c elementor-widget elementor-widget-text-editor\" data-id=\"e18c81c\" data-element_type=\"widget\" data-e-type=\"widget\" data-widget_type=\"text-editor.default\">\n\t\t\t\t<div class=\"elementor-widget-container\">\n\t\t\t\t\t\t\t\t\t<p><span style=\"font-weight: bold;\">Le titre :<\/span>\u00a0pr\u00e9f\u00e9rez le nom de votre site ou son url. Le titre par d\u00e9faut comporte le nom de CmonSite, nous vous conseillons de l&#8217;effacer. Vous pouvez \u00e9galement rajouter un slogan ou texte d&#8217;en-t\u00eate.<\/p><p><span style=\"font-weight: bold;\">La description :<\/span>\u00a0elle ne doit pas \u00eatre trop longue, et surtout \u00eatre attractive. N&#8217;oubliez pas que les visiteurs qui recherchent un site dans l&#8217;annuaire font d\u00e9filer des dizaines de sites et ne lisent que tr\u00e8s bri\u00e8vement les descriptions. La v\u00f4tre doit \u00eatre courte et accrocheuse !<\/p><p>Cliquez sur &#8221; Validez l&#8217;inscription &#8221; lorsque vous avez termin\u00e9. Notez que vous pouvez revenir modifier ces informations \u00e0 votre guise.<\/p><p>Le Support v\u00e9rifiera la coh\u00e9rence de vos informations, notamment le choix de la cat\u00e9gorie, et validera votre demande\u00a0<span style=\"font-weight: bold;\">sous 48h<\/span>\u00a0si votre site est suffisamment\u00a0<span style=\"font-weight: bold;\">complet<\/span>.<\/p><p>Attention si vous envoyez votre demande de parution dans l&#8217;annuaire alors que votre site est incomplet, (pages ou cat\u00e9gories boutique vides par exemple) il restera en attente jusqu&#8217;\u00e0 ce que vous l&#8217;ayez termin\u00e9.<\/p><p>N&#8217;h\u00e9sitez pas \u00e0 demander de l&#8217;aide au support pour la mise en forme de votre site, par email via la\u00a0<a href=\"https:\/\/www.cmonsite.fr\/contact.php\" target=\"_blank\" rel=\"noopener noreferrer\">page contact<\/a>.<\/p>\t\t\t\t\t\t\t\t<\/div>\n\t\t\t\t<\/div>\n\t\t\t\t<div class=\"elementor-element elementor-element-e718443 elementor-widget-divider--view-line elementor-widget elementor-widget-divider\" data-id=\"e718443\" data-element_type=\"widget\" data-e-type=\"widget\" data-widget_type=\"divider.default\">\n\t\t\t\t<div class=\"elementor-widget-container\">\n\t\t\t\t\t\t\t<div class=\"elementor-divider\">\n\t\t\t<span class=\"elementor-divider-separator\">\n\t\t\t\t\t\t<\/span>\n\t\t<\/div>\n\t\t\t\t\t\t<\/div>\n\t\t\t\t<\/div>\n\t\t\t\t<div class=\"elementor-element elementor-element-773620e elementor-widget elementor-widget-text-editor\" data-id=\"773620e\" data-element_type=\"widget\" data-e-type=\"widget\" data-widget_type=\"text-editor.default\">\n\t\t\t\t<div class=\"elementor-widget-container\">\n\t\t\t\t\t\t\t\t\t<p style=\"text-align: center;\"><span style=\"font-size: medium;\">Vous avez la possibilit\u00e9 de modifier les informations de votre site dans l&#8217;annuaire CmonSite (titre, description, cat\u00e9gorie) \u00e0 tout moment !<\/span><\/p>\t\t\t\t\t\t\t\t<\/div>\n\t\t\t\t<\/div>\n\t\t\t\t<div class=\"elementor-element elementor-element-74d149c elementor-widget-divider--view-line elementor-widget elementor-widget-divider\" data-id=\"74d149c\" data-element_type=\"widget\" data-e-type=\"widget\" data-widget_type=\"divider.default\">\n\t\t\t\t<div class=\"elementor-widget-container\">\n\t\t\t\t\t\t\t<div class=\"elementor-divider\">\n\t\t\t<span class=\"elementor-divider-separator\">\n\t\t\t\t\t\t<\/span>\n\t\t<\/div>\n\t\t\t\t\t\t<\/div>\n\t\t\t\t<\/div>\n\t\t\t\t<div class=\"elementor-element elementor-element-27289b2 elementor-widget elementor-widget-heading\" data-id=\"27289b2\" data-element_type=\"widget\" data-e-type=\"widget\" data-widget_type=\"heading.default\">\n\t\t\t\t<div class=\"elementor-widget-container\">\n\t\t\t\t\t<h2 class=\"elementor-heading-title elementor-size-default\">3. Modifiez les informations de votre site dans l'annuaire CmonSite<\/h2>\t\t\t\t<\/div>\n\t\t\t\t<\/div>\n\t\t\t\t<div class=\"elementor-element elementor-element-c577738 elementor-widget elementor-widget-text-editor\" data-id=\"c577738\" data-element_type=\"widget\" data-e-type=\"widget\" data-widget_type=\"text-editor.default\">\n\t\t\t\t<div class=\"elementor-widget-container\">\n\t\t\t\t\t\t\t\t\t<p>Pour cela, vous devez vous connecter \u00e0 votre compte puis aller dans la rubrique\u00a0\u00ab\u00a0<span style=\"font-weight: bold;\">Modules\u00a0<\/span>\u00bb onglet \u00ab\u00a0<span style=\"font-weight: bold;\">Inscrire son site dans l&#8217;annuaire<\/span>\u00a0\u00bb<\/p><p>\u00c0\u00a0la place du bouton \u00ab\u00a0<em><span style=\"font-weight: bold;\">Valider l&#8217;inscription\u00a0<\/span><\/em>\u00bb\u00a0un bouton \u00ab\u00a0<em><span style=\"font-weight: bold;\">Modifier\u00a0<\/span><\/em>\u00bb\u00a0est apparu.<\/p><p>Les informations que vous renseignez doivent \u00eatre coh\u00e9rentes avec le contenu de votre site. Pr\u00eatez \u00e9galement attention aux fautes d&#8217;orthographe, cela influence \u00e9galement la cr\u00e9dibilit\u00e9 de votre site !<\/p>\t\t\t\t\t\t\t\t<\/div>\n\t\t\t\t<\/div>\n\t\t\t\t<div class=\"elementor-element elementor-element-35ad89a elementor-widget elementor-widget-heading\" data-id=\"35ad89a\" data-element_type=\"widget\" data-e-type=\"widget\" data-widget_type=\"heading.default\">\n\t\t\t\t<div class=\"elementor-widget-container\">\n\t\t\t\t\t<h2 class=\"elementor-heading-title elementor-size-default\">4. Modifiez la miniature de votre site dans l'annuaire CmonSite<\/h2>\t\t\t\t<\/div>\n\t\t\t\t<\/div>\n\t\t\t\t<div class=\"elementor-element elementor-element-1c26701 elementor-widget elementor-widget-text-editor\" data-id=\"1c26701\" data-element_type=\"widget\" data-e-type=\"widget\" data-widget_type=\"text-editor.default\">\n\t\t\t\t<div class=\"elementor-widget-container\">\n\t\t\t\t\t\t\t\t\t<p>La miniature est l&#8217;image illustrative de votre site dans l&#8217;annuaire CmonSite.<\/p><p>Si vous changer de Design et vous souhaitez avoir une nouvelle miniature, il suffit d&#8217;en faire la demande par e-mail via la\u00a0<a href=\"https:\/\/www.cmonsite.fr\/contact.php\" target=\"_blank\" rel=\"noopener noreferrer\">page de contact<\/a>.<\/p>\t\t\t\t\t\t\t\t<\/div>\n\t\t\t\t<\/div>\n\t\t\t\t<div class=\"elementor-element elementor-element-6708449 elementor-widget-divider--view-line elementor-widget elementor-widget-divider\" data-id=\"6708449\" data-element_type=\"widget\" data-e-type=\"widget\" data-widget_type=\"divider.default\">\n\t\t\t\t<div class=\"elementor-widget-container\">\n\t\t\t\t\t\t\t<div class=\"elementor-divider\">\n\t\t\t<span class=\"elementor-divider-separator\">\n\t\t\t\t\t\t<\/span>\n\t\t<\/div>\n\t\t\t\t\t\t<\/div>\n\t\t\t\t<\/div>\n\t\t\t\t<div class=\"elementor-element elementor-element-3ffad04 elementor-widget elementor-widget-text-editor\" data-id=\"3ffad04\" data-element_type=\"widget\" data-e-type=\"widget\" data-widget_type=\"text-editor.default\">\n\t\t\t\t<div class=\"elementor-widget-container\">\n\t\t\t\t\t\t\t\t\t<p><span style=\"text-align: center;\">A Partir de la<\/span><span style=\"font-weight: bold; text-align: center;\"> Formule Zen<\/span><span style=\"text-align: center;\">, vous pouvez inscrire votre site dans l\u2019annuaire CmonSite visible par des milliers d\u2019internautes !<\/span><\/p>\t\t\t\t\t\t\t\t<\/div>\n\t\t\t\t<\/div>\n\t\t\t\t<div class=\"elementor-element elementor-element-7bde000 elementor-widget-divider--view-line elementor-widget elementor-widget-divider\" data-id=\"7bde000\" data-element_type=\"widget\" data-e-type=\"widget\" data-widget_type=\"divider.default\">\n\t\t\t\t<div class=\"elementor-widget-container\">\n\t\t\t\t\t\t\t<div class=\"elementor-divider\">\n\t\t\t<span class=\"elementor-divider-separator\">\n\t\t\t\t\t\t<\/span>\n\t\t<\/div>\n\t\t\t\t\t\t<\/div>\n\t\t\t\t<\/div>\n\t\t\t\t<div class=\"elementor-element elementor-element-d55bb02 elementor-widget elementor-widget-text-editor\" data-id=\"d55bb02\" data-element_type=\"widget\" data-e-type=\"widget\" data-widget_type=\"text-editor.default\">\n\t\t\t\t<div class=\"elementor-widget-container\">\n\t\t\t\t\t\t\t\t\t<p>Voir aussi dans la m\u00eame th\u00e9matique :<\/p><ul><li><a href=\"https:\/\/www.cmonsite.fr\/creer-un-site\/referencement\/nom-de-domaine\/\" target=\"_blank\" rel=\"noopener noreferrer\">Nom de domaine<\/a><\/li><li><a href=\"https:\/\/www.cmonsite.fr\/creer-un-site\/referencement\/optimiser-referencement-naturel-site\/\" target=\"_blank\" rel=\"noopener noreferrer\">Optimiser son site pour le r\u00e9f\u00e9rencement naturel<\/a><\/li><li><a href=\"https:\/\/www.cmonsite.fr\/creer-un-site\/referencement\/top-site-page-accueil\/\">Afficher son site dans le Top Site<\/a><\/li><li><a href=\"https:\/\/www.cmonsite.fr\/creer-un-site\/referencement\/metas-tags\/\" target=\"_blank\" rel=\"noopener noreferrer\">M\u00e9tas tags<\/a><\/li><\/ul>\t\t\t\t\t\t\t\t<\/div>\n\t\t\t\t<\/div>\n\t\t\t\t\t<\/div>\n\t\t<\/div>\n\t\t\t\t\t<\/div>\n\t\t<\/section>\n\t\t\t\t<\/div>\n\t\t","protected":false},"excerpt":{"rendered":"<p>1. Rendez vous dans la rubrique &#8220;Modules&#8221; puis &#8220;Inscrire son site dans l&#8217;annuaire&#8221; 2. Renseigner les informations de votre site. Remplissez les encadr\u00e9s Titre et Description comme ci-dessous. S\u00e9lectionnez la cat\u00e9gorie dans laquelle vous souhaitez classer votre site.Par exemple : Mode et pr\u00eat \u00e0 porter, beaut\u00e9 et cosm\u00e9tique ou encore alimentation et restauration. Le titre [&hellip;]<\/p>\n","protected":false},"author":1,"featured_media":18410,"parent":720,"menu_order":2,"comment_status":"open","ping_status":"closed","template":"","meta":{"_helpful_status":1,"footnotes":""},"class_list":["post-1282","page","type-page","status-publish","has-post-thumbnail","hentry"],"_links":{"self":[{"href":"https:\/\/www.cmonsite.fr\/site\/wp-json\/wp\/v2\/pages\/1282","targetHints":{"allow":["GET"]}}],"collection":[{"href":"https:\/\/www.cmonsite.fr\/site\/wp-json\/wp\/v2\/pages"}],"about":[{"href":"https:\/\/www.cmonsite.fr\/site\/wp-json\/wp\/v2\/types\/page"}],"author":[{"embeddable":true,"href":"https:\/\/www.cmonsite.fr\/site\/wp-json\/wp\/v2\/users\/1"}],"replies":[{"embeddable":true,"href":"https:\/\/www.cmonsite.fr\/site\/wp-json\/wp\/v2\/comments?post=1282"}],"version-history":[{"count":8,"href":"https:\/\/www.cmonsite.fr\/site\/wp-json\/wp\/v2\/pages\/1282\/revisions"}],"predecessor-version":[{"id":25915,"href":"https:\/\/www.cmonsite.fr\/site\/wp-json\/wp\/v2\/pages\/1282\/revisions\/25915"}],"up":[{"embeddable":true,"href":"https:\/\/www.cmonsite.fr\/site\/wp-json\/wp\/v2\/pages\/720"}],"wp:featuredmedia":[{"embeddable":true,"href":"https:\/\/www.cmonsite.fr\/site\/wp-json\/wp\/v2\/media\/18410"}],"wp:attachment":[{"href":"https:\/\/www.cmonsite.fr\/site\/wp-json\/wp\/v2\/media?parent=1282"}],"curies":[{"name":"wp","href":"https:\/\/api.w.org\/{rel}","templated":true}]}}