{"id":1279,"date":"2012-11-27T09:33:05","date_gmt":"2012-11-27T09:33:13","guid":{"rendered":"https:\/\/www.cmonsite.fr\/site\/aide\/?page_id=1279"},"modified":"2023-06-16T10:45:04","modified_gmt":"2023-06-16T08:45:04","slug":"top-site-page-accueil","status":"publish","type":"page","link":"https:\/\/www.cmonsite.fr\/site\/aide\/assistance-cmonsite\/top-site-page-accueil","title":{"rendered":"Comment afficher son site dans les exemples de sites sur la page d\u2019accueil de CmonSite ?"},"content":{"rendered":"\t\t<div data-elementor-type=\"wp-page\" data-elementor-id=\"1279\" class=\"elementor elementor-1279\" data-elementor-post-type=\"page\">\n\t\t\t\t\t\t<section class=\"elementor-section elementor-top-section elementor-element elementor-element-7b0b3338 elementor-section-boxed elementor-section-height-default elementor-section-height-default\" data-id=\"7b0b3338\" data-element_type=\"section\" data-e-type=\"section\">\n\t\t\t\t\t\t<div class=\"elementor-container elementor-column-gap-default\">\n\t\t\t\t\t<div class=\"elementor-column elementor-col-100 elementor-top-column elementor-element elementor-element-c629954\" data-id=\"c629954\" data-element_type=\"column\" data-e-type=\"column\">\n\t\t\t<div class=\"elementor-widget-wrap elementor-element-populated\">\n\t\t\t\t\t\t<div class=\"elementor-element elementor-element-2e1ec87d elementor-widget elementor-widget-text-editor\" data-id=\"2e1ec87d\" data-element_type=\"widget\" data-e-type=\"widget\" data-widget_type=\"text-editor.default\">\n\t\t\t\t<div class=\"elementor-widget-container\">\n\t\t\t\t\t\t\t\t\t<hr \/><p style=\"text-align: center;\">\u00a0<\/p><p style=\"text-align: center;\">Uniquement pour les\u00a0<strong>Formule Premium et les Formule PRO <\/strong>souhaitant acqu\u00e9rir du trafic imm\u00e9diat !<\/p><p style=\"text-align: center;\">\u00a0<\/p><hr \/><h2>\u00a0<\/h2><h2>\u00a0Qu&#8217;est-ce que le Top Site ?<\/h2><p>L&#8217;opportunit\u00e9 de <strong>publier son site sur la page d&#8217;accueil de CmonSite.fr<\/strong>,\u00a0dans la rubrique Top Site, et ainsi profiter de la visibilit\u00e9 de CmonSite (visible par plus de 300 000 visiteurs \/ mois).<\/p><p>Apr\u00e8s avoir souscrit \u00e0 la formule Premium ou \u00e0 la formule PRO, vous devez inscrire votre site dans l\u2019annuaire CmonSite. Apr\u00e8s publication, votre site appara\u00eetra al\u00e9atoirement dans la rubrique Top Site sur la page d&#8217;accueil de CmonSite.<\/p><p>Pour plus d&#8217;informations, consultez la page : <a href=\"https:\/\/www.cmonsite.fr\/creer-un-site\/referencement\/annuaire-cmonsite\/\" target=\"_blank\" rel=\"noopener\">Inscrire son site dans l\u2019annuaire CmonSite<\/a>.<\/p><p>\u00a0<\/p><p>\u00a0<\/p><p>\u00a0<\/p><p>\u00a0<\/p>\t\t\t\t\t\t\t\t<\/div>\n\t\t\t\t<\/div>\n\t\t\t\t\t<\/div>\n\t\t<\/div>\n\t\t\t\t\t<\/div>\n\t\t<\/section>\n\t\t\t\t<section class=\"elementor-section elementor-top-section elementor-element elementor-element-0b30147 elementor-section-boxed elementor-section-height-default elementor-section-height-default\" data-id=\"0b30147\" data-element_type=\"section\" data-e-type=\"section\">\n\t\t\t\t\t\t<div class=\"elementor-container elementor-column-gap-default\">\n\t\t\t\t\t<div class=\"elementor-column elementor-col-100 elementor-top-column elementor-element elementor-element-c1b7aa2\" data-id=\"c1b7aa2\" data-element_type=\"column\" data-e-type=\"column\">\n\t\t\t<div class=\"elementor-widget-wrap elementor-element-populated\">\n\t\t\t\t\t\t<div class=\"elementor-element elementor-element-8478349 elementor-widget-divider--view-line elementor-widget elementor-widget-divider\" data-id=\"8478349\" data-element_type=\"widget\" data-e-type=\"widget\" data-widget_type=\"divider.default\">\n\t\t\t\t<div class=\"elementor-widget-container\">\n\t\t\t\t\t\t\t<div class=\"elementor-divider\">\n\t\t\t<span class=\"elementor-divider-separator\">\n\t\t\t\t\t\t<\/span>\n\t\t<\/div>\n\t\t\t\t\t\t<\/div>\n\t\t\t\t<\/div>\n\t\t\t\t\t<\/div>\n\t\t<\/div>\n\t\t\t\t\t<\/div>\n\t\t<\/section>\n\t\t\t\t<section class=\"elementor-section elementor-top-section elementor-element elementor-element-6894c85 elementor-section-boxed elementor-section-height-default elementor-section-height-default\" data-id=\"6894c85\" data-element_type=\"section\" data-e-type=\"section\">\n\t\t\t\t\t\t<div class=\"elementor-container elementor-column-gap-default\">\n\t\t\t\t\t<div class=\"elementor-column elementor-col-100 elementor-top-column elementor-element elementor-element-915c22f\" data-id=\"915c22f\" data-element_type=\"column\" data-e-type=\"column\">\n\t\t\t<div class=\"elementor-widget-wrap elementor-element-populated\">\n\t\t\t\t\t\t<div class=\"elementor-element elementor-element-e166163 elementor-widget elementor-widget-text-editor\" data-id=\"e166163\" data-element_type=\"widget\" data-e-type=\"widget\" data-widget_type=\"text-editor.default\">\n\t\t\t\t<div class=\"elementor-widget-container\">\n\t\t\t\t\t\t\t\t\t<p>Voir aussi dans la m\u00eame th\u00e9matique :<\/p><ul><li><a href=\"https:\/\/www.cmonsite.fr\/creer-un-site\/referencement\/nom-de-domaine\/\" target=\"_blank\" rel=\"noopener\">Nom de domaine<\/a><\/li><li><a href=\"https:\/\/www.cmonsite.fr\/creer-un-site\/referencement\/optimiser-referencement-naturel-site\/\" target=\"_blank\" rel=\"noopener\">Optimiser son site pour le r\u00e9f\u00e9rencement naturel<\/a><\/li><li><a href=\"https:\/\/www.cmonsite.fr\/creer-un-site\/referencement\/annuaire-cmonsite\/\" target=\"_blank\" rel=\"noopener\">Inscrire son site dans l&#8217;annuaire CmonSite<\/a><\/li><li><a href=\"https:\/\/www.cmonsite.fr\/creer-un-site\/referencement\/metas-tags\/\" target=\"_blank\" rel=\"noopener\">M\u00e9tas tags<\/a><\/li><\/ul>\t\t\t\t\t\t\t\t<\/div>\n\t\t\t\t<\/div>\n\t\t\t\t\t<\/div>\n\t\t<\/div>\n\t\t\t\t\t<\/div>\n\t\t<\/section>\n\t\t\t\t<\/div>\n\t\t","protected":false},"excerpt":{"rendered":"<p>Uniquement pour les\u00a0Formule Premium et les Formule PRO souhaitant acqu\u00e9rir du trafic imm\u00e9diat ! \u00a0Qu&#8217;est-ce que le Top Site ? L&#8217;opportunit\u00e9 de publier son site sur la page d&#8217;accueil de CmonSite.fr,\u00a0dans la rubrique Top Site, et ainsi profiter de la visibilit\u00e9 de CmonSite (visible par plus de 300 000 visiteurs \/ mois). Apr\u00e8s avoir souscrit [&hellip;]<\/p>\n","protected":false},"author":1,"featured_media":18497,"parent":720,"menu_order":1,"comment_status":"open","ping_status":"closed","template":"","meta":{"_helpful_status":1,"footnotes":""},"class_list":["post-1279","page","type-page","status-publish","has-post-thumbnail","hentry"],"_links":{"self":[{"href":"https:\/\/www.cmonsite.fr\/site\/wp-json\/wp\/v2\/pages\/1279","targetHints":{"allow":["GET"]}}],"collection":[{"href":"https:\/\/www.cmonsite.fr\/site\/wp-json\/wp\/v2\/pages"}],"about":[{"href":"https:\/\/www.cmonsite.fr\/site\/wp-json\/wp\/v2\/types\/page"}],"author":[{"embeddable":true,"href":"https:\/\/www.cmonsite.fr\/site\/wp-json\/wp\/v2\/users\/1"}],"replies":[{"embeddable":true,"href":"https:\/\/www.cmonsite.fr\/site\/wp-json\/wp\/v2\/comments?post=1279"}],"version-history":[{"count":2,"href":"https:\/\/www.cmonsite.fr\/site\/wp-json\/wp\/v2\/pages\/1279\/revisions"}],"predecessor-version":[{"id":24656,"href":"https:\/\/www.cmonsite.fr\/site\/wp-json\/wp\/v2\/pages\/1279\/revisions\/24656"}],"up":[{"embeddable":true,"href":"https:\/\/www.cmonsite.fr\/site\/wp-json\/wp\/v2\/pages\/720"}],"wp:featuredmedia":[{"embeddable":true,"href":"https:\/\/www.cmonsite.fr\/site\/wp-json\/wp\/v2\/media\/18497"}],"wp:attachment":[{"href":"https:\/\/www.cmonsite.fr\/site\/wp-json\/wp\/v2\/media?parent=1279"}],"curies":[{"name":"wp","href":"https:\/\/api.w.org\/{rel}","templated":true}]}}