{"id":12772,"date":"2020-06-13T10:50:59","date_gmt":"2020-06-13T08:50:59","guid":{"rendered":"https:\/\/www.cmonsite.fr\/site\/aide\/?page_id=12772"},"modified":"2024-09-03T17:38:13","modified_gmt":"2024-09-03T15:38:13","slug":"pourquoi-et-comment-creer-une-adresse-email-professionnelle","status":"publish","type":"page","link":"https:\/\/www.cmonsite.fr\/site\/aide\/nom-de-domaine-et-adresse-e-mail\/pourquoi-et-comment-creer-une-adresse-email-professionnelle","title":{"rendered":"Comment cr\u00e9er une adresse e-mail professionnelle ?"},"content":{"rendered":"\t\t<div data-elementor-type=\"wp-page\" data-elementor-id=\"12772\" class=\"elementor elementor-12772\" data-elementor-post-type=\"page\">\n\t\t\t\t\t\t<section class=\"elementor-section elementor-top-section elementor-element elementor-element-f68a0f5 elementor-section-boxed elementor-section-height-default elementor-section-height-default\" data-id=\"f68a0f5\" data-element_type=\"section\" data-e-type=\"section\">\n\t\t\t\t\t\t<div class=\"elementor-container elementor-column-gap-default\">\n\t\t\t\t\t<div class=\"elementor-column elementor-col-100 elementor-top-column elementor-element elementor-element-1f12522\" data-id=\"1f12522\" data-element_type=\"column\" data-e-type=\"column\">\n\t\t\t<div class=\"elementor-widget-wrap elementor-element-populated\">\n\t\t\t\t\t\t<div class=\"elementor-element elementor-element-246c294 elementor-widget elementor-widget-text-editor\" data-id=\"246c294\" data-element_type=\"widget\" data-e-type=\"widget\" data-widget_type=\"text-editor.default\">\n\t\t\t\t<div class=\"elementor-widget-container\">\n\t\t\t\t\t\t\t\t\t<p>Une adresse e-mail qui d\u00e9pend de votre nom de domaine vous permet de gagner en cr\u00e9dibilit\u00e9 lorsque vous contactez vos clients ou m\u00eame d&#8217;autres professionnels ! De plus, vous restez ma\u00eetre de votre nom de domaine en toute situation, et donc de vos adresses e-mail par la m\u00eame occasion.<\/p>\t\t\t\t\t\t\t\t<\/div>\n\t\t\t\t<\/div>\n\t\t\t\t<div class=\"elementor-element elementor-element-d303627 elementor-widget elementor-widget-heading\" data-id=\"d303627\" data-element_type=\"widget\" data-e-type=\"widget\" data-widget_type=\"heading.default\">\n\t\t\t\t<div class=\"elementor-widget-container\">\n\t\t\t\t\t<h2 class=\"elementor-heading-title elementor-size-default\">Comment cr\u00e9er une adresse e-mail professionnelle ?<\/h2>\t\t\t\t<\/div>\n\t\t\t\t<\/div>\n\t\t\t\t<div class=\"elementor-element elementor-element-fb87ee6 elementor-widget elementor-widget-text-editor\" data-id=\"fb87ee6\" data-element_type=\"widget\" data-e-type=\"widget\" data-widget_type=\"text-editor.default\">\n\t\t\t\t<div class=\"elementor-widget-container\">\n\t\t\t\t\t\t\t\t\t<p>Avant de pouvoir cr\u00e9er une adresse e-mail professionnelle, il faut <a href=\"https:\/\/www.cmonsite.fr\/gestion_ndd.php\">r\u00e9server un nom de domaine<\/a>. Sur CmonSite vous pouvez v\u00e9rifier la disponibilit\u00e9 d\u2019un nom de domaine, choisir les extensions et commander votre formule. Le nom de domaine y est inclus.<\/p>\t\t\t\t\t\t\t\t<\/div>\n\t\t\t\t<\/div>\n\t\t\t\t<div class=\"elementor-element elementor-element-cb4b8fc elementor-widget elementor-widget-image\" data-id=\"cb4b8fc\" data-element_type=\"widget\" data-e-type=\"widget\" data-widget_type=\"image.default\">\n\t\t\t\t<div class=\"elementor-widget-container\">\n\t\t\t\t\t\t\t\t\t\t\t\t\t\t\t<img fetchpriority=\"high\" decoding=\"async\" width=\"1281\" height=\"347\" src=\"https:\/\/www.cmonsite.fr\/site\/webup\/2021\/06\/nom-de-domaine.png\" class=\"attachment-full size-full wp-image-16541\" alt=\"\" srcset=\"https:\/\/www.cmonsite.fr\/site\/webup\/2021\/06\/nom-de-domaine.png 1281w, https:\/\/www.cmonsite.fr\/site\/webup\/2021\/06\/nom-de-domaine-300x81.png 300w, https:\/\/www.cmonsite.fr\/site\/webup\/2021\/06\/nom-de-domaine-1024x277.png 1024w, https:\/\/www.cmonsite.fr\/site\/webup\/2021\/06\/nom-de-domaine-768x208.png 768w\" sizes=\"(max-width: 1281px) 100vw, 1281px\" \/>\t\t\t\t\t\t\t\t\t\t\t\t\t\t\t<\/div>\n\t\t\t\t<\/div>\n\t\t\t\t<div class=\"elementor-element elementor-element-33765a2 elementor-widget elementor-widget-text-editor\" data-id=\"33765a2\" data-element_type=\"widget\" data-e-type=\"widget\" data-widget_type=\"text-editor.default\">\n\t\t\t\t<div class=\"elementor-widget-container\">\n\t\t\t\t\t\t\t\t\t<p>CmonSite vous offre la possibilit\u00e9 \u00e0 partir de la formule Premium, de cr\u00e9er une adresse e-mail professionnelle * avec votre nom de domaine en extension, du type : contact@nomdedomaine.com ainsi que des redirections \u00e0 partir de la formule Zen.<\/p><p>Une fois votre nom de domaine command\u00e9, vous pouvez configurer l\u2019adresse e-mail.<\/p>\t\t\t\t\t\t\t\t<\/div>\n\t\t\t\t<\/div>\n\t\t\t\t<div class=\"elementor-element elementor-element-fe34a94 elementor-widget elementor-widget-image\" data-id=\"fe34a94\" data-element_type=\"widget\" data-e-type=\"widget\" data-widget_type=\"image.default\">\n\t\t\t\t<div class=\"elementor-widget-container\">\n\t\t\t\t\t\t\t\t\t\t\t\t\t\t\t<img decoding=\"async\" width=\"1245\" height=\"297\" src=\"https:\/\/www.cmonsite.fr\/site\/webup\/2021\/06\/nom-de-domaine1.png\" class=\"attachment-full size-full wp-image-16542\" alt=\"\" srcset=\"https:\/\/www.cmonsite.fr\/site\/webup\/2021\/06\/nom-de-domaine1.png 1245w, https:\/\/www.cmonsite.fr\/site\/webup\/2021\/06\/nom-de-domaine1-300x72.png 300w, https:\/\/www.cmonsite.fr\/site\/webup\/2021\/06\/nom-de-domaine1-1024x244.png 1024w, https:\/\/www.cmonsite.fr\/site\/webup\/2021\/06\/nom-de-domaine1-768x183.png 768w\" sizes=\"(max-width: 1245px) 100vw, 1245px\" \/>\t\t\t\t\t\t\t\t\t\t\t\t\t\t\t<\/div>\n\t\t\t\t<\/div>\n\t\t\t\t<div class=\"elementor-element elementor-element-9589ecb elementor-widget elementor-widget-text-editor\" data-id=\"9589ecb\" data-element_type=\"widget\" data-e-type=\"widget\" data-widget_type=\"text-editor.default\">\n\t\t\t\t<div class=\"elementor-widget-container\">\n\t\t\t\t\t\t\t\t\t<p>Pour cela, allez dans &#8220;Nom de domaine&#8221; &gt; &#8220;Adresses E-mails&#8221;, directement accessible en <a href=\"https:\/\/www.cmonsite.fr\/gestion_emails.php?action=viewDomain&amp;iDomaine=8241\">cliquant ici<\/a>.<\/p><p>Puis, cr\u00e9ez une adresse e-mail pour votre nom de domaine. Vous pouvez cr\u00e9er jusqu&#8217;\u00e0 2 adresses e-mail professionnelles de 10Go en Formule Pro et 1 de 10Go en Formule Premium *.<\/p>\t\t\t\t\t\t\t\t<\/div>\n\t\t\t\t<\/div>\n\t\t\t\t<div class=\"elementor-element elementor-element-fd3ba3f elementor-widget elementor-widget-image\" data-id=\"fd3ba3f\" data-element_type=\"widget\" data-e-type=\"widget\" data-widget_type=\"image.default\">\n\t\t\t\t<div class=\"elementor-widget-container\">\n\t\t\t\t\t\t\t\t\t\t\t\t\t\t\t<img decoding=\"async\" width=\"737\" height=\"223\" src=\"https:\/\/www.cmonsite.fr\/site\/webup\/2024\/01\/liste-boite-mail.png\" class=\"attachment-full size-full wp-image-26252\" alt=\"\" srcset=\"https:\/\/www.cmonsite.fr\/site\/webup\/2024\/01\/liste-boite-mail.png 737w, https:\/\/www.cmonsite.fr\/site\/webup\/2024\/01\/liste-boite-mail-300x91.png 300w\" sizes=\"(max-width: 737px) 100vw, 737px\" \/>\t\t\t\t\t\t\t\t\t\t\t\t\t\t\t<\/div>\n\t\t\t\t<\/div>\n\t\t\t\t<div class=\"elementor-element elementor-element-80c6283 elementor-widget elementor-widget-text-editor\" data-id=\"80c6283\" data-element_type=\"widget\" data-e-type=\"widget\" data-widget_type=\"text-editor.default\">\n\t\t\t\t<div class=\"elementor-widget-container\">\n\t\t\t\t\t\t\t\t\t<p>Vous pouvez \u00e9galement acheter des bo\u00eetes e-mail professionnelles suppl\u00e9mentaires, de 10Go ou 50Go, \u00e0 tout moment, et pour toutes les formules !<\/p>\t\t\t\t\t\t\t\t<\/div>\n\t\t\t\t<\/div>\n\t\t\t\t<div class=\"elementor-element elementor-element-d27871e elementor-widget elementor-widget-text-editor\" data-id=\"d27871e\" data-element_type=\"widget\" data-e-type=\"widget\" data-widget_type=\"text-editor.default\">\n\t\t\t\t<div class=\"elementor-widget-container\">\n\t\t\t\t\t\t\t\t\t<p><span style=\"color: var( --e-global-color-text ); font-family: var( --e-global-typography-text-font-family ), Sans-serif; font-weight: var( --e-global-typography-text-font-weight );\">CmonSite travaille avec Gandi.net pour les bo\u00eetes e-mails, il sera possible de consulter vos emails sur <a href=\"https:\/\/webmail.gandi.net\/SOGo\/\" target=\"_blank\" rel=\"noopener\">https:\/\/webmail.gandi.net\/SOGo\/ <\/a><\/span><span style=\"text-align: var(--text-align); font-weight: var( --e-global-typography-text-font-weight ); color: var( --e-global-color-text ); font-family: var( --e-global-typography-text-font-family ), Sans-serif;\">ou encore sur\u00a0<\/span><a style=\"text-align: var(--text-align); background-color: #ffffff; font-family: var( --e-global-typography-text-font-family ), Sans-serif;\" href=\"https:\/\/webmail.eu.com\/\" target=\"_blank\" rel=\"noopener noreferrer\">https:\/\/webmail.eu.com\/<\/a><span style=\"text-align: var(--text-align); font-weight: var( --e-global-typography-text-font-weight ); color: var( --e-global-color-text ); font-family: var( --e-global-typography-text-font-family ), Sans-serif;\">.<\/span><\/p>\t\t\t\t\t\t\t\t<\/div>\n\t\t\t\t<\/div>\n\t\t\t\t<div class=\"elementor-element elementor-element-29ba419 elementor-widget elementor-widget-spacer\" data-id=\"29ba419\" data-element_type=\"widget\" data-e-type=\"widget\" data-widget_type=\"spacer.default\">\n\t\t\t\t<div class=\"elementor-widget-container\">\n\t\t\t\t\t\t\t<div class=\"elementor-spacer\">\n\t\t\t<div class=\"elementor-spacer-inner\"><\/div>\n\t\t<\/div>\n\t\t\t\t\t\t<\/div>\n\t\t\t\t<\/div>\n\t\t\t\t<div class=\"elementor-element elementor-element-01d10ee elementor-widget elementor-widget-heading\" data-id=\"01d10ee\" data-element_type=\"widget\" data-e-type=\"widget\" data-widget_type=\"heading.default\">\n\t\t\t\t<div class=\"elementor-widget-container\">\n\t\t\t\t\t<h2 class=\"elementor-heading-title elementor-size-default\">Comment augmenter la taille d'une bo\u00eete e-mail ?<\/h2>\t\t\t\t<\/div>\n\t\t\t\t<\/div>\n\t\t\t\t<div class=\"elementor-element elementor-element-cc484ca elementor-widget elementor-widget-text-editor\" data-id=\"cc484ca\" data-element_type=\"widget\" data-e-type=\"widget\" data-widget_type=\"text-editor.default\">\n\t\t\t\t<div class=\"elementor-widget-container\">\n\t\t\t\t\t\t\t\t\t<p>Vous pouvez d\u00e9bloquer une plus grande capacit\u00e9 de stockage pour vos bo\u00eetes e-mail en passant de 10Go \u00e0 50Go.<\/p><p>Pour cela, il vous suffit de vous rendre dans &#8220;Nom de domaine&#8221; &gt; &#8220;Adresses e-mail&#8221; &gt; &#8220;G\u00e9rer mes adresses e-mail&#8221;, puis de cliquer sur &#8220;Augmenter \u00e0 50Go&#8221; \u00e0 c\u00f4t\u00e9 de la bo\u00eete e-mail dont vous souhaitez augmenter le stockage.<\/p>\t\t\t\t\t\t\t\t<\/div>\n\t\t\t\t<\/div>\n\t\t\t\t<div class=\"elementor-element elementor-element-1bc0d42 elementor-widget elementor-widget-image\" data-id=\"1bc0d42\" data-element_type=\"widget\" data-e-type=\"widget\" data-widget_type=\"image.default\">\n\t\t\t\t<div class=\"elementor-widget-container\">\n\t\t\t\t\t\t\t\t\t\t\t\t\t\t\t<img loading=\"lazy\" decoding=\"async\" width=\"1269\" height=\"271\" src=\"https:\/\/www.cmonsite.fr\/site\/webup\/2024\/01\/email-detail.png\" class=\"attachment-full size-full wp-image-26253\" alt=\"\" srcset=\"https:\/\/www.cmonsite.fr\/site\/webup\/2024\/01\/email-detail.png 1269w, https:\/\/www.cmonsite.fr\/site\/webup\/2024\/01\/email-detail-300x64.png 300w, https:\/\/www.cmonsite.fr\/site\/webup\/2024\/01\/email-detail-1024x219.png 1024w, https:\/\/www.cmonsite.fr\/site\/webup\/2024\/01\/email-detail-768x164.png 768w\" sizes=\"(max-width: 1269px) 100vw, 1269px\" \/>\t\t\t\t\t\t\t\t\t\t\t\t\t\t\t<\/div>\n\t\t\t\t<\/div>\n\t\t\t\t<div class=\"elementor-element elementor-element-6878f7a elementor-widget elementor-widget-spacer\" data-id=\"6878f7a\" data-element_type=\"widget\" data-e-type=\"widget\" data-widget_type=\"spacer.default\">\n\t\t\t\t<div class=\"elementor-widget-container\">\n\t\t\t\t\t\t\t<div class=\"elementor-spacer\">\n\t\t\t<div class=\"elementor-spacer-inner\"><\/div>\n\t\t<\/div>\n\t\t\t\t\t\t<\/div>\n\t\t\t\t<\/div>\n\t\t\t\t\t<\/div>\n\t\t<\/div>\n\t\t\t\t\t<\/div>\n\t\t<\/section>\n\t\t\t\t<section class=\"elementor-section elementor-top-section elementor-element elementor-element-c78a2a6 elementor-section-boxed elementor-section-height-default elementor-section-height-default\" data-id=\"c78a2a6\" data-element_type=\"section\" data-e-type=\"section\">\n\t\t\t\t\t\t<div class=\"elementor-container elementor-column-gap-default\">\n\t\t\t\t\t<div class=\"elementor-column elementor-col-100 elementor-top-column elementor-element elementor-element-dee3e6c\" data-id=\"dee3e6c\" data-element_type=\"column\" data-e-type=\"column\">\n\t\t\t<div class=\"elementor-widget-wrap elementor-element-populated\">\n\t\t\t\t\t\t<div class=\"elementor-element elementor-element-a0bea37 elementor-widget elementor-widget-heading\" data-id=\"a0bea37\" data-element_type=\"widget\" data-e-type=\"widget\" data-widget_type=\"heading.default\">\n\t\t\t\t<div class=\"elementor-widget-container\">\n\t\t\t\t\t<h2 class=\"elementor-heading-title elementor-size-default\">Comment recevoir les e-mails de mon adresse e-mail professionnelle sur une autre bo\u00eete e-mail ?<\/h2>\t\t\t\t<\/div>\n\t\t\t\t<\/div>\n\t\t\t\t<div class=\"elementor-element elementor-element-bf48a96 elementor-widget elementor-widget-text-editor\" data-id=\"bf48a96\" data-element_type=\"widget\" data-e-type=\"widget\" data-widget_type=\"text-editor.default\">\n\t\t\t\t<div class=\"elementor-widget-container\">\n\t\t\t\t\t\t\t\t\t<p>Vous avez la possibilit\u00e9 de cr\u00e9er des redirections d&#8217;e-mails en quelques clics.<\/p><p>Pour cela, il vous suffit de vous rendre dans &#8220;Nom de domaine&#8221; &gt; &#8220;Adresses E-mails&#8221; &gt; &#8220;Redirections&#8221;, directement accessible en <a href=\"https:\/\/www.cmonsite.fr\/gestion_emails.php?action=viewDomain&amp;iDomaine=8241\">cliquant ici<\/a>.<\/p><p>Lorsque vous descendez en bas de page, vous pouvez cr\u00e9er une redirection. Il vous suffit de renseigner votre adresse e-mail professionnelle, et l&#8217;adresse e-mail sur laquelle vous souhaitez recevoir tous vos e-mails.<\/p>\t\t\t\t\t\t\t\t<\/div>\n\t\t\t\t<\/div>\n\t\t\t\t<div class=\"elementor-element elementor-element-b23a43b elementor-widget elementor-widget-image\" data-id=\"b23a43b\" data-element_type=\"widget\" data-e-type=\"widget\" data-widget_type=\"image.default\">\n\t\t\t\t<div class=\"elementor-widget-container\">\n\t\t\t\t\t\t\t\t\t\t\t\t\t\t\t<img loading=\"lazy\" decoding=\"async\" width=\"1263\" height=\"331\" src=\"https:\/\/www.cmonsite.fr\/site\/webup\/2023\/02\/chrome_MV3426fM4B.png\" class=\"attachment-full size-full wp-image-24093\" alt=\"\" srcset=\"https:\/\/www.cmonsite.fr\/site\/webup\/2023\/02\/chrome_MV3426fM4B.png 1263w, https:\/\/www.cmonsite.fr\/site\/webup\/2023\/02\/chrome_MV3426fM4B-300x79.png 300w, https:\/\/www.cmonsite.fr\/site\/webup\/2023\/02\/chrome_MV3426fM4B-1024x268.png 1024w, https:\/\/www.cmonsite.fr\/site\/webup\/2023\/02\/chrome_MV3426fM4B-768x201.png 768w\" sizes=\"(max-width: 1263px) 100vw, 1263px\" \/>\t\t\t\t\t\t\t\t\t\t\t\t\t\t\t<\/div>\n\t\t\t\t<\/div>\n\t\t\t\t<div class=\"elementor-element elementor-element-b759308 elementor-widget elementor-widget-text-editor\" data-id=\"b759308\" data-element_type=\"widget\" data-e-type=\"widget\" data-widget_type=\"text-editor.default\">\n\t\t\t\t<div class=\"elementor-widget-container\">\n\t\t\t\t\t\t\t\t\t<p>Vous pouvez \u00e0 tout moment modifier ou supprimer les redirections cr\u00e9\u00e9es.<\/p>\t\t\t\t\t\t\t\t<\/div>\n\t\t\t\t<\/div>\n\t\t\t\t<div class=\"elementor-element elementor-element-9d9d37c elementor-widget elementor-widget-image\" data-id=\"9d9d37c\" data-element_type=\"widget\" data-e-type=\"widget\" data-widget_type=\"image.default\">\n\t\t\t\t<div class=\"elementor-widget-container\">\n\t\t\t\t\t\t\t\t\t\t\t\t\t\t\t<img loading=\"lazy\" decoding=\"async\" width=\"1233\" height=\"346\" src=\"https:\/\/www.cmonsite.fr\/site\/webup\/2021\/06\/adresse-mail-nom-de-domaine_redirection.png\" class=\"attachment-full size-full wp-image-16553\" alt=\"\" srcset=\"https:\/\/www.cmonsite.fr\/site\/webup\/2021\/06\/adresse-mail-nom-de-domaine_redirection.png 1233w, https:\/\/www.cmonsite.fr\/site\/webup\/2021\/06\/adresse-mail-nom-de-domaine_redirection-300x84.png 300w, https:\/\/www.cmonsite.fr\/site\/webup\/2021\/06\/adresse-mail-nom-de-domaine_redirection-1024x287.png 1024w, https:\/\/www.cmonsite.fr\/site\/webup\/2021\/06\/adresse-mail-nom-de-domaine_redirection-768x216.png 768w\" sizes=\"(max-width: 1233px) 100vw, 1233px\" \/>\t\t\t\t\t\t\t\t\t\t\t\t\t\t\t<\/div>\n\t\t\t\t<\/div>\n\t\t\t\t<div class=\"elementor-element elementor-element-42ea1d8 elementor-widget elementor-widget-spacer\" data-id=\"42ea1d8\" data-element_type=\"widget\" data-e-type=\"widget\" data-widget_type=\"spacer.default\">\n\t\t\t\t<div class=\"elementor-widget-container\">\n\t\t\t\t\t\t\t<div class=\"elementor-spacer\">\n\t\t\t<div class=\"elementor-spacer-inner\"><\/div>\n\t\t<\/div>\n\t\t\t\t\t\t<\/div>\n\t\t\t\t<\/div>\n\t\t\t\t<div class=\"elementor-element elementor-element-81cddef elementor-widget-divider--view-line elementor-widget elementor-widget-divider\" data-id=\"81cddef\" data-element_type=\"widget\" data-e-type=\"widget\" data-widget_type=\"divider.default\">\n\t\t\t\t<div class=\"elementor-widget-container\">\n\t\t\t\t\t\t\t<div class=\"elementor-divider\">\n\t\t\t<span class=\"elementor-divider-separator\">\n\t\t\t\t\t\t<\/span>\n\t\t<\/div>\n\t\t\t\t\t\t<\/div>\n\t\t\t\t<\/div>\n\t\t\t\t<div class=\"elementor-element elementor-element-f8a5975 elementor-widget elementor-widget-spacer\" data-id=\"f8a5975\" data-element_type=\"widget\" data-e-type=\"widget\" data-widget_type=\"spacer.default\">\n\t\t\t\t<div class=\"elementor-widget-container\">\n\t\t\t\t\t\t\t<div class=\"elementor-spacer\">\n\t\t\t<div class=\"elementor-spacer-inner\"><\/div>\n\t\t<\/div>\n\t\t\t\t\t\t<\/div>\n\t\t\t\t<\/div>\n\t\t\t\t<div class=\"elementor-element elementor-element-1158d2e elementor-widget elementor-widget-text-editor\" data-id=\"1158d2e\" data-element_type=\"widget\" data-e-type=\"widget\" data-widget_type=\"text-editor.default\">\n\t\t\t\t<div class=\"elementor-widget-container\">\n\t\t\t\t\t\t\t\t\t<p>* Adresse e-mail offerte pendant 12 mois apr\u00e8s la cr\u00e9ation de votre nom de domaine puis 3.99\u20ac HT \/ mois pour une bo\u00eete e-mail de 10Go et 5.99\u20ac HT \/ mois pour une bo\u00eete de 50GO avec paiement annuel.<\/p>\t\t\t\t\t\t\t\t<\/div>\n\t\t\t\t<\/div>\n\t\t\t\t<div class=\"elementor-element elementor-element-b272b5b elementor-widget elementor-widget-text-editor\" data-id=\"b272b5b\" data-element_type=\"widget\" data-e-type=\"widget\" data-widget_type=\"text-editor.default\">\n\t\t\t\t<div class=\"elementor-widget-container\">\n\t\t\t\t\t\t\t\t\t<p>Dans la m\u00eame th\u00e9matique :<\/p><ul><li><a href=\"https:\/\/www.cmonsite.fr\/site\/aide\/referencement\/nom-de-domaine\">Comment r\u00e9server un nom de domaine ?<\/a><\/li><li><a href=\"https:\/\/www.cmonsite.fr\/site\/aide\/referencement\/commander-un-nom-de-domaine-supplementaire\">Comment r\u00e9server un nom de domaine suppl\u00e9mentaire ?<\/a><\/li><\/ul>\t\t\t\t\t\t\t\t<\/div>\n\t\t\t\t<\/div>\n\t\t\t\t\t<\/div>\n\t\t<\/div>\n\t\t\t\t\t<\/div>\n\t\t<\/section>\n\t\t\t\t<\/div>\n\t\t","protected":false},"excerpt":{"rendered":"<p>Une adresse e-mail qui d\u00e9pend de votre nom de domaine vous permet de gagner en cr\u00e9dibilit\u00e9 lorsque vous contactez vos clients ou m\u00eame d&#8217;autres professionnels ! De plus, vous restez ma\u00eetre de votre nom de domaine en toute situation, et donc de vos adresses e-mail par la m\u00eame occasion. Comment cr\u00e9er une adresse e-mail professionnelle [&hellip;]<\/p>\n","protected":false},"author":1,"featured_media":12782,"parent":24672,"menu_order":4,"comment_status":"closed","ping_status":"closed","template":"","meta":{"_helpful_status":1,"footnotes":""},"class_list":["post-12772","page","type-page","status-publish","has-post-thumbnail","hentry"],"_links":{"self":[{"href":"https:\/\/www.cmonsite.fr\/site\/wp-json\/wp\/v2\/pages\/12772","targetHints":{"allow":["GET"]}}],"collection":[{"href":"https:\/\/www.cmonsite.fr\/site\/wp-json\/wp\/v2\/pages"}],"about":[{"href":"https:\/\/www.cmonsite.fr\/site\/wp-json\/wp\/v2\/types\/page"}],"author":[{"embeddable":true,"href":"https:\/\/www.cmonsite.fr\/site\/wp-json\/wp\/v2\/users\/1"}],"replies":[{"embeddable":true,"href":"https:\/\/www.cmonsite.fr\/site\/wp-json\/wp\/v2\/comments?post=12772"}],"version-history":[{"count":57,"href":"https:\/\/www.cmonsite.fr\/site\/wp-json\/wp\/v2\/pages\/12772\/revisions"}],"predecessor-version":[{"id":27066,"href":"https:\/\/www.cmonsite.fr\/site\/wp-json\/wp\/v2\/pages\/12772\/revisions\/27066"}],"up":[{"embeddable":true,"href":"https:\/\/www.cmonsite.fr\/site\/wp-json\/wp\/v2\/pages\/24672"}],"wp:featuredmedia":[{"embeddable":true,"href":"https:\/\/www.cmonsite.fr\/site\/wp-json\/wp\/v2\/media\/12782"}],"wp:attachment":[{"href":"https:\/\/www.cmonsite.fr\/site\/wp-json\/wp\/v2\/media?parent=12772"}],"curies":[{"name":"wp","href":"https:\/\/api.w.org\/{rel}","templated":true}]}}