{"id":12743,"date":"2020-05-16T17:16:59","date_gmt":"2020-05-16T15:16:55","guid":{"rendered":"https:\/\/www.cmonsite.fr\/site\/aide\/?page_id=12743"},"modified":"2022-10-26T12:36:42","modified_gmt":"2022-10-26T10:36:42","slug":"ou-trouver-des-photos-gratuites-et-libres-de-droit","status":"publish","type":"page","link":"https:\/\/www.cmonsite.fr\/site\/aide\/astuces-informations\/ou-trouver-des-photos-gratuites-et-libres-de-droit","title":{"rendered":"O\u00f9 trouver des photos gratuites et libres de droit ?"},"content":{"rendered":"\t\t<div data-elementor-type=\"wp-page\" data-elementor-id=\"12743\" class=\"elementor elementor-12743\" data-elementor-post-type=\"page\">\n\t\t\t\t\t\t<section class=\"elementor-section elementor-top-section elementor-element elementor-element-77a15461 elementor-section-boxed elementor-section-height-default elementor-section-height-default\" data-id=\"77a15461\" data-element_type=\"section\" data-e-type=\"section\">\n\t\t\t\t\t\t<div class=\"elementor-container elementor-column-gap-default\">\n\t\t\t\t\t<div class=\"elementor-column elementor-col-100 elementor-top-column elementor-element elementor-element-2ecdb434\" data-id=\"2ecdb434\" data-element_type=\"column\" data-e-type=\"column\">\n\t\t\t<div class=\"elementor-widget-wrap elementor-element-populated\">\n\t\t\t\t\t\t<div class=\"elementor-element elementor-element-32961f9d elementor-widget elementor-widget-text-editor\" data-id=\"32961f9d\" data-element_type=\"widget\" data-e-type=\"widget\" data-widget_type=\"text-editor.default\">\n\t\t\t\t<div class=\"elementor-widget-container\">\n\t\t\t\t\t\t\t\t\t<p>Dans cet article nous vous donnons les cl\u00e9s pour choisir et trouver de belles photos gratuites et libres de droits pour un site. Les images sont la vitrine de votre site internet. Une surcharge d\u2019articles, de pages, de lignes peuvent d\u00e9courager votre internaute et lui faire perdre l\u2019attention. Si la qualit\u00e9 et la vitesse de chargement de vos visuels ne sont pas de bonne qualit\u00e9, vous risquez \u00e9galement d&#8217;impatienter votre potentiel client. Le pire ? C\u2019est donc qu\u2019il quitte votre site.<\/p>\n<p>Nos conseils pour cr\u00e9er votre site : <a href=\"https:\/\/www.cmonsite.fr\/creer-un-site\/comment-creer-un-site-internet\/comment-creer-son-site-7-conseils-pour-demarrer\/\">https:\/\/www.cmonsite.fr\/creer-un-site\/comment-creer-un-site-internet\/comment-creer-son-site-7-conseils-pour-demarrer<\/a><\/p>\n<h2>Pourquoi avoir des photos sur son site<\/h2>\n<p>90% des informations enregistr\u00e9es par le cerveau sont du format visuel. Ce qui constitue un argument massif d\u2019utiliser des documents visuels pour votre plateforme web.<\/p>\n<p>L\u2019utilisation d&#8217;images est donc ind\u00e9niablement un \u00e9norme avantage pour l\u2019acquisition de prochains clients.<\/p>\n<p>Prendre le temps de bien choisir les images de votre site internet vous apportera de nombreux avantages :<\/p>\n<ul>\n<li>Un r\u00e9f\u00e9rencement naturel de qualit\u00e9<\/li>\n<li>Un design travaill\u00e9 et coh\u00e9rent<\/li>\n<li>Une personnalit\u00e9 plus forte<\/li>\n<\/ul>\n<p>Maintenant que vous \u00eates conscient que les images peuvent booster la visibilit\u00e9 de votre entreprise et g\u00e9n\u00e9rer du trafic, il ne reste qu\u2019\u00e0 explorer les outils qu\u2019il existe pour cr\u00e9er des visuels au look professionnel.<\/p>\n<h2>Comment trouver de belles images pour son site ?<\/h2>\n<p>Selon ce que met en avant votre site, vous pourrez illustrer vos textes avec vos propres produits en photo ou bien utiliser les banques d&#8217;images libres de droit en ligne pour des photos plus neutres.<\/p>\n<p>Voici donc un explicatif des diff\u00e9rentes options pour trouver vos visuels :<\/p>\n<ul>\n<li>Prendre en photo soi-m\u00eame : Tout d\u00e9pend donc ici de l\u2019effort et des moyens que vous accorderez \u00e0 vos photographies. De nombreux t\u00e9l\u00e9phones sont dot\u00e9s d\u2019appareils photos performants mais le cadrage, l\u2019\u00e9clairage, doivent \u00eatre de qualit\u00e9 pour un r\u00e9sultat soign\u00e9. Vous y engagerez finalement beaucoup de temps personnel, avec le risque d\u2019un travail non qualitatif m\u00eame si le co\u00fbt sera moindre.<\/li>\n<li>Faire appel \u00e0 un professionnel de la photographie : engager un professionnel, vous assure des photos de bonne qualit\u00e9. Moins de stress pour vous, moins de temps perdu \u00e0 faire vos propres r\u00e9glages. Le co\u00fbt reste tout de m\u00eame souvent on\u00e9reux (en moyenne entre 200\u20ac et 500\u20ac la s\u00e9ance).<\/li>\n<li>Choisir ses images libres de droit sur internet : De nombreux sites internet proposent des banques de photos libres de droits. L\u2019un des gros avantages de ces banques est la multitude de photos de qualit\u00e9 disponibles. L\u2019unique difficult\u00e9 sera de choisir les bons mots-cl\u00e9s pour mettre la main sur LA photo correspondant \u00e0 nos attentes.<\/li>\n<\/ul>\n<p>Dans le choix de vos visuels, plusieurs possibilit\u00e9s s\u2019offrent donc \u00e0 vous. Chacune pr\u00e9sente ses avantages et inconv\u00e9nients. A vous d\u2019\u00e9valuer selon vos crit\u00e8res : moyens humains et financiers, temps et comp\u00e9tences, ce qui vous convient le mieux.<\/p>\n<h2>Les meilleurs banques de photos gratuites et libres de droit<\/h2>\n<p>Gratuites, intuitives et qualitatives, les banques d\u2019images en ligne sont la solution id\u00e9ale lorsque vous n\u2019avez ni le temps, ni les moyens financiers de faire appel \u00e0 un professionnel de la photo. Voici deux sites pratiques et tr\u00e8s connus pour trouver des illustrations pour son site.<\/p><p><br><\/p>\n<h3>Pixabay<\/h3>\n<p>C\u2019est une des banques d\u2019images en ligne les plus connues. Le site est tr\u00e8s pratique d\u2019utilisation et est en fran\u00e7ais. Les photographies propos\u00e9es sont diverses et vari\u00e9es (1,7 millions de photos disponibles). Vous pouvez choisir de ne s\u00e9lectionner dans la barre de recherche que des \u201cillustrations\u201d, ou \u201cphotos\u201d ce qui affine davantage votre recherche.<\/p>\n<p><a href=\"https:\/\/pixabay.com\/\" target=\"_blank\" rel=\"noopener noreferrer\">https:\/\/pixabay.com\/<\/a><\/p>\n<h3><a href=\"https:\/\/www.cmonsite.fr\/site\/webup\/2020\/04\/pixabay_photos_miel-1.png\"><img fetchpriority=\"high\" decoding=\"async\" class=\"aligncenter size-full wp-image-12746\" src=\"https:\/\/www.cmonsite.fr\/site\/webup\/2020\/04\/pixabay_photos_miel-1.png\" alt=\"photos_gratuite_libre_de_droit_pixabay\" width=\"620\" height=\"401\" srcset=\"https:\/\/www.cmonsite.fr\/site\/webup\/2020\/04\/pixabay_photos_miel-1.png 620w, https:\/\/www.cmonsite.fr\/site\/webup\/2020\/04\/pixabay_photos_miel-1-300x194.png 300w\" sizes=\"(max-width: 620px) 100vw, 620px\" \/><\/a><\/h3>\n<h3><br><\/h3><h3>Pexels<\/h3>\n<p>Ce site internet lui aussi regorge de clich\u00e9s de qualit\u00e9. Des suggestions sont associ\u00e9es \u00e0 votre mot-cl\u00e9.Toutes les photos sont gratuites et libres de droit, que ce soit \u00e0 des fins personnelles ou commerciales. Si vous le souhaitez vous pouvez soutenir le photographe en mentionnant son nom lorsque vous partager ses photos ou via une donation.<\/p>\n<p><a href=\"https:\/\/www.pexels.com\/\" target=\"_blank\" rel=\"noopener noreferrer\">https:\/\/www.pexels.com\/<\/a><\/p>\n<h2><a href=\"https:\/\/www.cmonsite.fr\/site\/webup\/2020\/04\/pexels_photos_miel.png\"><br>\n<\/a><a href=\"https:\/\/www.cmonsite.fr\/site\/webup\/2020\/04\/pexels_photos_miel.png\"><img decoding=\"async\" class=\"aligncenter wp-image-12747 size-full\" src=\"https:\/\/www.cmonsite.fr\/site\/webup\/2020\/04\/pexels_photos_miel.png\" alt=\"photos_gratuite_libre_de_droit_pexels\" width=\"602\" height=\"268\" srcset=\"https:\/\/www.cmonsite.fr\/site\/webup\/2020\/04\/pexels_photos_miel.png 602w, https:\/\/www.cmonsite.fr\/site\/webup\/2020\/04\/pexels_photos_miel-300x134.png 300w\" sizes=\"(max-width: 602px) 100vw, 602px\" \/><\/a><\/h2>\n<h2><br><\/h2><h2>Quel format d\u2019image choisir pour ses visuels ?<\/h2>\n<p>Pour comprendre le principe du format d\u2019image, gardez \u00e0 l\u2019esprit que le format est fait pour supporter un (ou plusieurs) type(s) de contenu : image, vid\u00e9o, texte, etc. Chacun a donc ont une sp\u00e9cificit\u00e9 et c\u2019est ce que vous devez prendre en compte lorsque vous les choisissez.<\/p>\n<p>Nous allons confronter ici quatre familles de format :le format JPEG, le format GIF, le format PNG, le format SVG.<br>\nLe format JPEG s\u2019est d\u00e9velopp\u00e9 fin des ann\u00e9es 1980, il est celui qui reste le plus utilis\u00e9. Ce format ne permet pas l\u2019insertion en arri\u00e8re-plan d\u2019une pellicule et perd de sa qualit\u00e9 lors de la compression. Mais il est capable de g\u00e9rer plus de 16 millions de couleurs.<\/p>\n<p>Le format GIF s\u2019est implant\u00e9 dans l\u2019informatique en 1987. Son \u00e9ventail de couleurs, 256, reste tr\u00e8s limit\u00e9 ce qui r\u00e9duit fortement le choix de ce format par les utilisateurs.<\/p>\n<p>Le format PNG, apparu dans les ann\u00e9es 1990, se situe \u00e0 mi-chemin entre le JPEG et le GIF car il permet une compression d\u2019image sans aucune perte de qualit\u00e9. Son format est connu pour son effet de transparence\/d\u2019opacit\u00e9&nbsp; puisqu\u2019on peut y faire glisser une image en arri\u00e8re-plan sans aucun probl\u00e8me.<\/p>\n<p>Le format SVG est un format davantage utilis\u00e9 pour le dessin. Il a pour fonction de proposer des images sous formes vectorielles, autrement dit des images avec une qualit\u00e9 qui ne bouge pas si sa taille change. Il est donc souvent choisi pour des ic\u00f4nes, quelques illustrations, des cartes, des diagrammes, etc.<\/p>\n<p>Choisir les visuels pour son site internet peut donc para\u00eetre simple et \u00e0 la port\u00e9e de tous. Gardez en t\u00eate que votre site internet doit refl\u00e9ter l\u2019\u00e9tat d\u2019esprit de votre entreprise, il doit \u00eatre coh\u00e9rent et harmonieux. Choisissez les meilleures photos gratuites et libres de droit pour cr\u00e9er vos site internet !<\/p>\n<p>D&#8217;autres articles qui peuvent vous int\u00e9resser :<\/p>\n<ul>\n<li>Cr\u00e9er un logo : <a href=\"https:\/\/www.cmonsite.fr\/creer-un-site\/comment-creer-un-site-internet\/comment-creer-son-site-7-conseils-pour-demarrer\/pourquoi-et-comment-creer-un-logo\/\">https:\/\/www.cmonsite.fr\/creer-un-site\/comment-creer-un-site-internet\/comment-creer-son-site-7-conseils-pour-demarrer\/pourquoi-et-comment-creer-un-logo<\/a><\/li>\n<li>D\u00e9poser un nom de domaine et une marque : <a href=\"https:\/\/www.cmonsite.fr\/creer-un-site\/comment-creer-un-site-internet\/comment-creer-son-site-7-conseils-pour-demarrer\/deposer-une-marque-et-un-nom-de-domaine-en-4-etapes\/\">https:\/\/www.cmonsite.fr\/creer-un-site\/comment-creer-un-site-internet\/comment-creer-son-site-7-conseils-pour-demarrer\/deposer-une-marque-et-un-nom-de-domaine-en-4-etapes<\/a><\/li>\n<\/ul>\t\t\t\t\t\t\t\t<\/div>\n\t\t\t\t<\/div>\n\t\t\t\t\t<\/div>\n\t\t<\/div>\n\t\t\t\t\t<\/div>\n\t\t<\/section>\n\t\t\t\t<\/div>\n\t\t","protected":false},"excerpt":{"rendered":"<p>Dans cet article nous vous donnons les cl\u00e9s pour choisir et trouver de belles photos gratuites et libres de droits pour un site. Les images sont la vitrine de votre site internet. Une surcharge d\u2019articles, de pages, de lignes peuvent d\u00e9courager votre internaute et lui faire perdre l\u2019attention. Si la qualit\u00e9 et la vitesse de [&hellip;]<\/p>\n","protected":false},"author":1,"featured_media":0,"parent":2920,"menu_order":1,"comment_status":"closed","ping_status":"closed","template":"","meta":{"_helpful_status":1,"footnotes":""},"class_list":["post-12743","page","type-page","status-publish","hentry"],"_links":{"self":[{"href":"https:\/\/www.cmonsite.fr\/site\/wp-json\/wp\/v2\/pages\/12743","targetHints":{"allow":["GET"]}}],"collection":[{"href":"https:\/\/www.cmonsite.fr\/site\/wp-json\/wp\/v2\/pages"}],"about":[{"href":"https:\/\/www.cmonsite.fr\/site\/wp-json\/wp\/v2\/types\/page"}],"author":[{"embeddable":true,"href":"https:\/\/www.cmonsite.fr\/site\/wp-json\/wp\/v2\/users\/1"}],"replies":[{"embeddable":true,"href":"https:\/\/www.cmonsite.fr\/site\/wp-json\/wp\/v2\/comments?post=12743"}],"version-history":[{"count":4,"href":"https:\/\/www.cmonsite.fr\/site\/wp-json\/wp\/v2\/pages\/12743\/revisions"}],"predecessor-version":[{"id":22840,"href":"https:\/\/www.cmonsite.fr\/site\/wp-json\/wp\/v2\/pages\/12743\/revisions\/22840"}],"up":[{"embeddable":true,"href":"https:\/\/www.cmonsite.fr\/site\/wp-json\/wp\/v2\/pages\/2920"}],"wp:attachment":[{"href":"https:\/\/www.cmonsite.fr\/site\/wp-json\/wp\/v2\/media?parent=12743"}],"curies":[{"name":"wp","href":"https:\/\/api.w.org\/{rel}","templated":true}]}}