{"id":1246,"date":"2012-11-27T09:26:38","date_gmt":"2012-11-27T09:26:38","guid":{"rendered":"https:\/\/www.cmonsite.fr\/site\/aide\/?page_id=1246"},"modified":"2023-07-20T11:47:24","modified_gmt":"2023-07-20T09:47:24","slug":"renouvellement-formule","status":"publish","type":"page","link":"https:\/\/www.cmonsite.fr\/site\/aide\/assistance-cmonsite\/renouvellement-formule","title":{"rendered":"Comment renouveler mon abonnement ?"},"content":{"rendered":"\t\t<div data-elementor-type=\"wp-page\" data-elementor-id=\"1246\" class=\"elementor elementor-1246\" data-elementor-post-type=\"page\">\n\t\t\t\t\t\t<section class=\"elementor-section elementor-top-section elementor-element elementor-element-18f21a84 elementor-section-boxed elementor-section-height-default elementor-section-height-default\" data-id=\"18f21a84\" data-element_type=\"section\" data-e-type=\"section\">\n\t\t\t\t\t\t<div class=\"elementor-container elementor-column-gap-default\">\n\t\t\t\t\t<div class=\"elementor-column elementor-col-100 elementor-top-column elementor-element elementor-element-5834d2d7\" data-id=\"5834d2d7\" data-element_type=\"column\" data-e-type=\"column\">\n\t\t\t<div class=\"elementor-widget-wrap elementor-element-populated\">\n\t\t\t\t\t\t<div class=\"elementor-element elementor-element-708cef81 elementor-widget elementor-widget-text-editor\" data-id=\"708cef81\" data-element_type=\"widget\" data-e-type=\"widget\" data-widget_type=\"text-editor.default\">\n\t\t\t\t<div class=\"elementor-widget-container\">\n\t\t\t\t\t\t\t\t\t<h2><span style=\"font-size: x-large;\">1<\/span>. Renouvellement du site<\/h2>\n<p>Dans un souci de confiance et de transparence vis-\u00e0-vis de ses Utilisateurs, CmonSite laissera toujours le choix \u00e0 l\u2019Utilisateur de pouvoir ou non renouveler sa formule.<br>Vous pouvez g\u00e9rer manuellement vos renouvellements en d\u00e9sactivant l&#8217;option de renouvellement automatique dans la rubrique <a href=\"https:\/\/www.cmonsite.fr\/mesfactures.php\">Facture<\/a>.<br>Si le renouvellement automatique est bien activ\u00e9 sur votre compte CmonSite, ce dernier s\u2019effectuera 15 jours avant la date d&#8217;expiration de votre site et prolongera votre site pour la m\u00eame dur\u00e9e que votre dernier renouvellement.<\/p><p><br><\/p><p><br><\/p>\n<h2><span style=\"font-size: x-large;\">2<\/span>. Dur\u00e9e des formules de CmonSite<\/h2>\n<p>La dur\u00e9e de renouvellement des formules sujettes \u00e0 honoraires est de 3 mois, 6 mois, 12 mois ou 24 mois. C\u2019est vous qui d\u00e9cidez !<\/p>\n<p><br><\/p>\n<p><br><\/p>\n<h2><span style=\"font-size: x-large;\">3<\/span>. Basculement vers une formule sup\u00e9rieure et renouvellement<\/h2>\n<p>L\u2019Utilisateur peut \u00e0 tout moment <strong>renouveler<\/strong> ou \u00ab <strong>upgrader<\/strong> \u00bb son site. Dans les deux cas, <strong>les sommes d\u00e9j\u00e0 vers\u00e9es seront prises en compte au prorata temporis dans le calcul de la dur\u00e9e de l\u2019abonnement.<\/strong><\/p>\n<p>Par exemple, si l\u2019Utilisateur renouvelle pour 12 mois suppl\u00e9mentaires sa formule \u00ab <strong>Premium<\/strong> \u00bb \u00e0 3 mois de la date d\u2019expiration, la nouvelle dur\u00e9e d\u2019abonnement sera de 15 mois (soit un renouvellement sur 12 mois &#8211; auquel on rajoute les 3 mois en cours). Il est donc inutile d&#8217;attendre le dernier moment.<\/p>\n<p><br><\/p>\n<p><br><\/p>\n<h2><span style=\"font-size: x-large;\">4<\/span>. Date d&#8217;expiration d\u00e9pass\u00e9e<\/h2>\t\t\t\t\t\t\t\t<\/div>\n\t\t\t\t<\/div>\n\t\t\t\t<section class=\"elementor-section elementor-inner-section elementor-element elementor-element-b1a3fcc elementor-section-boxed elementor-section-height-default elementor-section-height-default\" data-id=\"b1a3fcc\" data-element_type=\"section\" data-e-type=\"section\">\n\t\t\t\t\t\t<div class=\"elementor-container elementor-column-gap-default\">\n\t\t\t\t\t<div class=\"elementor-column elementor-col-50 elementor-inner-column elementor-element elementor-element-27bc302\" data-id=\"27bc302\" data-element_type=\"column\" data-e-type=\"column\">\n\t\t\t<div class=\"elementor-widget-wrap elementor-element-populated\">\n\t\t\t\t\t\t<div class=\"elementor-element elementor-element-14283b9 elementor-widget elementor-widget-text-editor\" data-id=\"14283b9\" data-element_type=\"widget\" data-e-type=\"widget\" data-widget_type=\"text-editor.default\">\n\t\t\t\t<div class=\"elementor-widget-container\">\n\t\t\t\t\t\t\t\t\t<p>Attention, n&#8217;oubliez pas que si la date d&#8217;expiration est d\u00e9pass\u00e9e,\u00a0<span style=\"font-weight: bold;\">vous retournez automatiquement en formule d\u00e9couverte !<\/span><\/p><p>Cela signifie que\u00a0<span style=\"font-weight: bold;\">votre nom de domaine sera d\u00e9sinstall\u00e9<\/span>, que vous perdrez le r\u00e9f\u00e9rencement acquis jusqu&#8217;ici sur les moteurs de recherche et que si un autre utilisateur r\u00e9serve ce nom de domaine avant que vous ne le renouveliez, vous ne pourrez pas le r\u00e9cup\u00e9rer.<\/p><p>Cela entra\u00eene \u00e9galement la\u00a0<span style=\"font-weight: bold;\">d\u00e9sindexation de vos pages\u00a0<\/span><span style=\"font-weight: bold;\">additionnelles<\/span>, si vous en avez un nombre sup\u00e9rieur \u00e0 celui fix\u00e9 pour la formule d\u00e9couverte, ce qui signifie qu&#8217;elles ne seront plus visibles par les internautes et les moteurs de recherche, mais celles-ci seront toujours enregistr\u00e9es sur votre compte.<br \/><br \/><\/p><p>Si vous souhaitez conserver votre site tel qu&#8217;il est, ainsi que son r\u00e9f\u00e9rencement,\u00a0<span style=\"font-weight: bold;\">il est important de renouveler avant la date d&#8217;expiration<\/span>\u00a0! Vous serez averti par une s\u00e9rie d&#8217;e-mails automatiques<br \/>Si vous ne les recevez pas, v\u00e9rifiez vos SPAM et \u00e9galement que vous avez enregistr\u00e9 la bonne adresse. Vous pouvez \u00e9galement consulter la date d&#8217;expiration \u00e0 tout moment depuis votre compte CmonSite de diff\u00e9rentes mani\u00e8res :<\/p><p>\u00a0<\/p>\t\t\t\t\t\t\t\t<\/div>\n\t\t\t\t<\/div>\n\t\t\t\t\t<\/div>\n\t\t<\/div>\n\t\t\t\t<div class=\"elementor-column elementor-col-50 elementor-inner-column elementor-element elementor-element-ffadc4d\" data-id=\"ffadc4d\" data-element_type=\"column\" data-e-type=\"column\">\n\t\t\t<div class=\"elementor-widget-wrap elementor-element-populated\">\n\t\t\t\t\t\t<div class=\"elementor-element elementor-element-bbc94ea elementor-widget elementor-widget-image\" data-id=\"bbc94ea\" data-element_type=\"widget\" data-e-type=\"widget\" data-widget_type=\"image.default\">\n\t\t\t\t<div class=\"elementor-widget-container\">\n\t\t\t\t\t\t\t\t\t\t\t\t\t\t\t<img fetchpriority=\"high\" decoding=\"async\" width=\"290\" height=\"448\" src=\"https:\/\/www.cmonsite.fr\/site\/webup\/2021\/10\/Capture-decran-2021-10-29-152958.jpg\" class=\"attachment-large size-large wp-image-18645\" alt=\"\" srcset=\"https:\/\/www.cmonsite.fr\/site\/webup\/2021\/10\/Capture-decran-2021-10-29-152958.jpg 290w, https:\/\/www.cmonsite.fr\/site\/webup\/2021\/10\/Capture-decran-2021-10-29-152958-194x300.jpg 194w\" sizes=\"(max-width: 290px) 100vw, 290px\" \/>\t\t\t\t\t\t\t\t\t\t\t\t\t\t\t<\/div>\n\t\t\t\t<\/div>\n\t\t\t\t\t<\/div>\n\t\t<\/div>\n\t\t\t\t\t<\/div>\n\t\t<\/section>\n\t\t\t\t<div class=\"elementor-element elementor-element-bb47295 elementor-widget elementor-widget-text-editor\" data-id=\"bb47295\" data-element_type=\"widget\" data-e-type=\"widget\" data-widget_type=\"text-editor.default\">\n\t\t\t\t<div class=\"elementor-widget-container\">\n\t\t\t\t\t\t\t\t\t<p><span style=\"font-weight: bold;\">\u00a0<\/span>&gt; La date est affich\u00e9e en permanence dans la rubrique \u00a0\u00ab\u00a0<span style=\"font-weight: bold;\">Votre Formule\u00a0<\/span>\u00bb\u00a0visible dans le menu de gestion de votre compte, sur toutes les pages de votre compte CmonSite comme ci-contre.<\/p><p>En dessous de la date\u00a0se trouve un lien pour renouveler votre formule, r\u00e9server un nouveau nom de domaine, changer de formule et \u00e9galement un r\u00e9capitulatif du nombre de pages, albums, cat\u00e9gories boutique utilis\u00e9s.<\/p><p>&gt; Dans la rubrique \u00ab\u00a0<span style=\"font-weight: bold;\">Compte\u00a0<\/span>\u00bb\u00a0onglet \u00ab\u00a0<span style=\"font-weight: bold;\">Factures\u00a0<\/span>\u00bb, vous pouvez t\u00e9l\u00e9charger \u00e0 tout moment votre facture CmonSite en format PDF, celle-ci contient \u00e9galement la date d&#8217;expiration de votre formule.<\/p>\t\t\t\t\t\t\t\t<\/div>\n\t\t\t\t<\/div>\n\t\t\t\t\t<\/div>\n\t\t<\/div>\n\t\t\t\t\t<\/div>\n\t\t<\/section>\n\t\t\t\t<\/div>\n\t\t","protected":false},"excerpt":{"rendered":"<p>1. Renouvellement du site Dans un souci de confiance et de transparence vis-\u00e0-vis de ses Utilisateurs, CmonSite laissera toujours le choix \u00e0 l\u2019Utilisateur de pouvoir ou non renouveler sa formule.Vous pouvez g\u00e9rer manuellement vos renouvellements en d\u00e9sactivant l&#8217;option de renouvellement automatique dans la rubrique Facture.Si le renouvellement automatique est bien activ\u00e9 sur votre compte CmonSite, [&hellip;]<\/p>\n","protected":false},"author":1,"featured_media":19003,"parent":720,"menu_order":7,"comment_status":"open","ping_status":"closed","template":"","meta":{"_helpful_status":1,"footnotes":""},"class_list":["post-1246","page","type-page","status-publish","has-post-thumbnail","hentry"],"_links":{"self":[{"href":"https:\/\/www.cmonsite.fr\/site\/wp-json\/wp\/v2\/pages\/1246","targetHints":{"allow":["GET"]}}],"collection":[{"href":"https:\/\/www.cmonsite.fr\/site\/wp-json\/wp\/v2\/pages"}],"about":[{"href":"https:\/\/www.cmonsite.fr\/site\/wp-json\/wp\/v2\/types\/page"}],"author":[{"embeddable":true,"href":"https:\/\/www.cmonsite.fr\/site\/wp-json\/wp\/v2\/users\/1"}],"replies":[{"embeddable":true,"href":"https:\/\/www.cmonsite.fr\/site\/wp-json\/wp\/v2\/comments?post=1246"}],"version-history":[{"count":5,"href":"https:\/\/www.cmonsite.fr\/site\/wp-json\/wp\/v2\/pages\/1246\/revisions"}],"predecessor-version":[{"id":25198,"href":"https:\/\/www.cmonsite.fr\/site\/wp-json\/wp\/v2\/pages\/1246\/revisions\/25198"}],"up":[{"embeddable":true,"href":"https:\/\/www.cmonsite.fr\/site\/wp-json\/wp\/v2\/pages\/720"}],"wp:featuredmedia":[{"embeddable":true,"href":"https:\/\/www.cmonsite.fr\/site\/wp-json\/wp\/v2\/media\/19003"}],"wp:attachment":[{"href":"https:\/\/www.cmonsite.fr\/site\/wp-json\/wp\/v2\/media?parent=1246"}],"curies":[{"name":"wp","href":"https:\/\/api.w.org\/{rel}","templated":true}]}}