{"id":12433,"date":"2020-03-18T15:28:29","date_gmt":"2020-03-18T14:28:33","guid":{"rendered":"https:\/\/www.cmonsite.fr\/site\/aide\/?page_id=12433"},"modified":"2023-07-20T11:32:49","modified_gmt":"2023-07-20T09:32:49","slug":"acompte-commande-site","status":"publish","type":"page","link":"https:\/\/www.cmonsite.fr\/site\/aide\/ventes-et-commandes\/acompte-commande-site","title":{"rendered":"Comment faire payer un acompte sur une commande ?"},"content":{"rendered":"\t\t<div data-elementor-type=\"wp-page\" data-elementor-id=\"12433\" class=\"elementor elementor-12433\" data-elementor-post-type=\"page\">\n\t\t\t\t\t\t<section class=\"elementor-section elementor-top-section elementor-element elementor-element-48cdcf33 elementor-section-boxed elementor-section-height-default elementor-section-height-default\" data-id=\"48cdcf33\" data-element_type=\"section\" data-e-type=\"section\">\n\t\t\t\t\t\t<div class=\"elementor-container elementor-column-gap-default\">\n\t\t\t\t\t<div class=\"elementor-column elementor-col-100 elementor-top-column elementor-element elementor-element-571beb5b\" data-id=\"571beb5b\" data-element_type=\"column\" data-e-type=\"column\">\n\t\t\t<div class=\"elementor-widget-wrap elementor-element-populated\">\n\t\t\t\t\t\t<div class=\"elementor-element elementor-element-3e861627 elementor-widget elementor-widget-text-editor\" data-id=\"3e861627\" data-element_type=\"widget\" data-e-type=\"widget\" data-widget_type=\"text-editor.default\">\n\t\t\t\t<div class=\"elementor-widget-container\">\n\t\t\t\t\t\t\t\t\tPour chacun de vos produits ou services, il est possible de proposer \u00e0 vos clients de payer seulement un acompte.\r\n\r\nVous pouvez d\u00e9finir le montant de l&#8217;acompte en pourcentage (%) ou en valeur (\u20ac) en vous rendant dans l&#8217;\u00e9dition de votre produit.\r\n\r\n<a href=\"https:\/\/www.cmonsite.fr\/creer-un-site\/wp-content\/uploads\/2020\/12\/acompte-1.jpg\"><img fetchpriority=\"high\" decoding=\"async\" class=\"size-full wp-image-14269 aligncenter\" src=\"https:\/\/www.cmonsite.fr\/creer-un-site\/wp-content\/uploads\/2020\/12\/acompte-1.jpg\" alt=\"\" width=\"1171\" height=\"626\" srcset=\"https:\/\/www.cmonsite.fr\/site\/webup\/2020\/12\/acompte-1.jpg 1171w, https:\/\/www.cmonsite.fr\/site\/webup\/2020\/12\/acompte-1-300x160.jpg 300w, https:\/\/www.cmonsite.fr\/site\/webup\/2020\/12\/acompte-1-1024x547.jpg 1024w, https:\/\/www.cmonsite.fr\/site\/webup\/2020\/12\/acompte-1-768x411.jpg 768w\" sizes=\"(max-width: 1171px) 100vw, 1171px\" \/><\/a>\r\n\r\n&nbsp;\r\n\r\nEnsuite lors de l&#8217;achat de votre produit avec un acompte de 50%, le client aura dans son panier l&#8217;affichage suivant :\r\n\r\n<a href=\"https:\/\/www.cmonsite.fr\/creer-un-site\/wp-content\/uploads\/2020\/12\/tempsnip-3.png\"><img decoding=\"async\" class=\"size-full wp-image-14281 aligncenter\" src=\"https:\/\/www.cmonsite.fr\/creer-un-site\/wp-content\/uploads\/2020\/12\/tempsnip-3.png\" alt=\"\" width=\"1008\" height=\"496\" srcset=\"https:\/\/www.cmonsite.fr\/site\/webup\/2020\/12\/tempsnip-3.png 1008w, https:\/\/www.cmonsite.fr\/site\/webup\/2020\/12\/tempsnip-3-300x148.png 300w, https:\/\/www.cmonsite.fr\/site\/webup\/2020\/12\/tempsnip-3-768x378.png 768w\" sizes=\"(max-width: 1008px) 100vw, 1008px\" \/><\/a>\r\n\r\nLe montant \u00e0 payer sera alors de 50\u20ac, il restera 50\u20ac \u00e0 payer que vous pourrez faire payer au moment de votre choix.\r\n\r\nDans le d\u00e9tail de votre commande, dans votre administration, vous trouverez le d\u00e9tail des informations de la commande, la facture d&#8217;acompte et aussi un lien de paiement pour que votre client r\u00e8gle le solde.\r\n\r\nVous pouvez cr\u00e9er d&#8217;autres acomptes manuellement, si vous souhaitez par exemple pour les 50\u20ac restants \u00e0 payer faire payer en 2x.\r\n\r\nPar d\u00e9faut, le lien propose \u00e0 votre client de payer le solde de sa commande. Vous pouvez lui envoyer manuellement par e-mail au moment souhait\u00e9.\r\n\r\n&nbsp;\r\n\r\n<a href=\"https:\/\/www.cmonsite.fr\/creer-un-site\/wp-content\/uploads\/2020\/12\/tempsnip2-1.png\"><img decoding=\"async\" class=\"size-full wp-image-14282 aligncenter\" src=\"https:\/\/www.cmonsite.fr\/creer-un-site\/wp-content\/uploads\/2020\/12\/tempsnip2-1.png\" alt=\"\" width=\"1262\" height=\"651\" srcset=\"https:\/\/www.cmonsite.fr\/site\/webup\/2020\/12\/tempsnip2-1.png 1262w, https:\/\/www.cmonsite.fr\/site\/webup\/2020\/12\/tempsnip2-1-300x155.png 300w, https:\/\/www.cmonsite.fr\/site\/webup\/2020\/12\/tempsnip2-1-1024x528.png 1024w, https:\/\/www.cmonsite.fr\/site\/webup\/2020\/12\/tempsnip2-1-768x396.png 768w\" sizes=\"(max-width: 1262px) 100vw, 1262px\" \/><\/a>\r\n<p style=\"text-align: center;\"><em><strong>Cette fonctionnalit\u00e9 est disponible en Formule Pro.<\/strong><\/em><\/p>\t\t\t\t\t\t\t\t<\/div>\n\t\t\t\t<\/div>\n\t\t\t\t\t<\/div>\n\t\t<\/div>\n\t\t\t\t\t<\/div>\n\t\t<\/section>\n\t\t\t\t<\/div>\n\t\t","protected":false},"excerpt":{"rendered":"<p>Pour chacun de vos produits ou services, il est possible de proposer \u00e0 vos clients de payer seulement un acompte. Vous pouvez d\u00e9finir le montant de l&#8217;acompte en pourcentage (%) ou en valeur (\u20ac) en vous rendant dans l&#8217;\u00e9dition de votre produit. &nbsp; Ensuite lors de l&#8217;achat de votre produit avec un acompte de 50%, [&hellip;]<\/p>\n","protected":false},"author":1,"featured_media":18301,"parent":22993,"menu_order":3,"comment_status":"closed","ping_status":"closed","template":"","meta":{"_helpful_status":1,"footnotes":""},"class_list":["post-12433","page","type-page","status-publish","has-post-thumbnail","hentry"],"_links":{"self":[{"href":"https:\/\/www.cmonsite.fr\/site\/wp-json\/wp\/v2\/pages\/12433","targetHints":{"allow":["GET"]}}],"collection":[{"href":"https:\/\/www.cmonsite.fr\/site\/wp-json\/wp\/v2\/pages"}],"about":[{"href":"https:\/\/www.cmonsite.fr\/site\/wp-json\/wp\/v2\/types\/page"}],"author":[{"embeddable":true,"href":"https:\/\/www.cmonsite.fr\/site\/wp-json\/wp\/v2\/users\/1"}],"replies":[{"embeddable":true,"href":"https:\/\/www.cmonsite.fr\/site\/wp-json\/wp\/v2\/comments?post=12433"}],"version-history":[{"count":5,"href":"https:\/\/www.cmonsite.fr\/site\/wp-json\/wp\/v2\/pages\/12433\/revisions"}],"predecessor-version":[{"id":25110,"href":"https:\/\/www.cmonsite.fr\/site\/wp-json\/wp\/v2\/pages\/12433\/revisions\/25110"}],"up":[{"embeddable":true,"href":"https:\/\/www.cmonsite.fr\/site\/wp-json\/wp\/v2\/pages\/22993"}],"wp:featuredmedia":[{"embeddable":true,"href":"https:\/\/www.cmonsite.fr\/site\/wp-json\/wp\/v2\/media\/18301"}],"wp:attachment":[{"href":"https:\/\/www.cmonsite.fr\/site\/wp-json\/wp\/v2\/media?parent=12433"}],"curies":[{"name":"wp","href":"https:\/\/api.w.org\/{rel}","templated":true}]}}