{"id":12386,"date":"2020-01-29T18:43:40","date_gmt":"2020-01-29T17:43:40","guid":{"rendered":"https:\/\/www.cmonsite.fr\/site\/aide\/?page_id=12386"},"modified":"2023-06-16T11:15:25","modified_gmt":"2023-06-16T09:15:25","slug":"installer-pixel-facebook-site","status":"publish","type":"page","link":"https:\/\/www.cmonsite.fr\/site\/aide\/reseaux-sociaux\/installer-pixel-facebook-site","title":{"rendered":"Comment installer le Pixel Facebook sur mon site ?"},"content":{"rendered":"\t\t<div data-elementor-type=\"wp-page\" data-elementor-id=\"12386\" class=\"elementor elementor-12386\" data-elementor-post-type=\"page\">\n\t\t\t\t\t\t<section class=\"elementor-section elementor-top-section elementor-element elementor-element-45a25a12 elementor-section-boxed elementor-section-height-default elementor-section-height-default\" data-id=\"45a25a12\" data-element_type=\"section\" data-e-type=\"section\">\n\t\t\t\t\t\t<div class=\"elementor-container elementor-column-gap-default\">\n\t\t\t\t\t<div class=\"elementor-column elementor-col-100 elementor-top-column elementor-element elementor-element-7b0dfbaa\" data-id=\"7b0dfbaa\" data-element_type=\"column\" data-e-type=\"column\">\n\t\t\t<div class=\"elementor-widget-wrap elementor-element-populated\">\n\t\t\t\t\t\t<div class=\"elementor-element elementor-element-5b50f09e elementor-widget elementor-widget-text-editor\" data-id=\"5b50f09e\" data-element_type=\"widget\" data-e-type=\"widget\" data-widget_type=\"text-editor.default\">\n\t\t\t\t<div class=\"elementor-widget-container\">\n\t\t\t\t\t\t\t\t\t<h2 style=\"text-align: center;\">Pour b\u00e9n\u00e9ficier de statistiques avanc\u00e9s sur vos visiteurs <br>et pouvoir r\u00e9aliser par la suite des campagnes publicitaires cibl\u00e9es<\/h2>\n<p>&nbsp;<\/p>\n<p>Avant de pouvoir cr\u00e9er un pixel Facebook, il vous faut un compte <a href=\"https:\/\/business.facebook.com\/\" target=\"_blank\" rel=\"noopener noreferrer\">Facebook Business Manager.<\/a><\/p>\n<p>Le pixel est utilis\u00e9 g\u00e9n\u00e9ralement lorsque vous faites des campagnes publicitaire sur Facebook ou Instagram. Cela permet de collecter des statistiques sur le traffic et l&#8217;utiliser dans le ciblage publicitaire.<\/p>\n<h2>1. Cr\u00e9er un compte Facebook Business Manager<\/h2>\n<p>Pour cr\u00e9er un compte Facebook Business Manager, cliquez ici <a href=\"https:\/\/business.facebook.com\/\" target=\"_blank\" rel=\"noopener noreferrer\">business.facebook.com <\/a>puis cliquer sur Cr\u00e9er un compte.<\/p>\n<p>Vous allez pouvoir saisir les coordonn\u00e9es de votre entreprise pour finaliser votre inscription \u00e0 Facebook Business Manager :<\/p>\n<p><a href=\"https:\/\/www.cmonsite.fr\/creer-un-site\/wp-content\/uploads\/2020\/01\/flux-creation-compte-business-manager.png\"><img fetchpriority=\"high\" decoding=\"async\" class=\"size-full wp-image-12389 aligncenter\" src=\"https:\/\/www.cmonsite.fr\/creer-un-site\/wp-content\/uploads\/2020\/01\/flux-creation-compte-business-manager.png\" alt=\"\" width=\"1597\" height=\"573\" srcset=\"https:\/\/www.cmonsite.fr\/site\/webup\/2020\/01\/flux-creation-compte-business-manager.png 1597w, https:\/\/www.cmonsite.fr\/site\/webup\/2020\/01\/flux-creation-compte-business-manager-300x108.png 300w, https:\/\/www.cmonsite.fr\/site\/webup\/2020\/01\/flux-creation-compte-business-manager-1024x367.png 1024w, https:\/\/www.cmonsite.fr\/site\/webup\/2020\/01\/flux-creation-compte-business-manager-768x276.png 768w, https:\/\/www.cmonsite.fr\/site\/webup\/2020\/01\/flux-creation-compte-business-manager-1536x551.png 1536w\" sizes=\"(max-width: 1597px) 100vw, 1597px\" \/><\/a><\/p>\n<h2><\/h2>\n<h2>2. Etape suivante : Cr\u00e9er un Pixel Facebook<\/h2>\n<p>Afin de cr\u00e9er un pixel Facebook, vous devez vous rendre sur votre compte <a href=\"https:\/\/business.facebook.com\/\" target=\"_blank\" rel=\"noopener noreferrer\">Facebook Business Manager.<\/a><\/p>\n<p>Une fois sur la page de votre compte Facebook Business Manger, vous devez cliquez sur le menu &#8220;Business Manager&#8221; puis dans Mesure et rapport &gt; Gestionnaire d&#8217;\u00e9v\u00e9nements &gt; Pixels :<\/p>\n<p><a href=\"https:\/\/www.cmonsite.fr\/creer-un-site\/wp-content\/uploads\/2020\/01\/business-manager-menu.png\"><img decoding=\"async\" class=\"size-full wp-image-12393 aligncenter\" src=\"https:\/\/www.cmonsite.fr\/creer-un-site\/wp-content\/uploads\/2020\/01\/business-manager-menu.png\" alt=\"\" width=\"1001\" height=\"568\" srcset=\"https:\/\/www.cmonsite.fr\/site\/webup\/2020\/01\/business-manager-menu.png 1001w, https:\/\/www.cmonsite.fr\/site\/webup\/2020\/01\/business-manager-menu-300x170.png 300w, https:\/\/www.cmonsite.fr\/site\/webup\/2020\/01\/business-manager-menu-768x436.png 768w\" sizes=\"(max-width: 1001px) 100vw, 1001px\" \/><\/a><\/p>\n<p>&nbsp;<\/p>\n<p>Sur la page &#8220;Pixels&#8221;, vous allez pouvoir cr\u00e9er votre pixel via le bouton &#8220;Cr\u00e9er un pixel&#8221; :<\/p>\n<p><a href=\"https:\/\/www.cmonsite.fr\/creer-un-site\/wp-content\/uploads\/2020\/01\/business-manager-creer-un-pixel.png\"><img decoding=\"async\" class=\"size-full wp-image-12396 aligncenter\" src=\"https:\/\/www.cmonsite.fr\/creer-un-site\/wp-content\/uploads\/2020\/01\/business-manager-creer-un-pixel.png\" alt=\"\" width=\"1237\" height=\"641\" srcset=\"https:\/\/www.cmonsite.fr\/site\/webup\/2020\/01\/business-manager-creer-un-pixel.png 1237w, https:\/\/www.cmonsite.fr\/site\/webup\/2020\/01\/business-manager-creer-un-pixel-300x155.png 300w, https:\/\/www.cmonsite.fr\/site\/webup\/2020\/01\/business-manager-creer-un-pixel-1024x531.png 1024w, https:\/\/www.cmonsite.fr\/site\/webup\/2020\/01\/business-manager-creer-un-pixel-768x398.png 768w\" sizes=\"(max-width: 1237px) 100vw, 1237px\" \/><\/a><\/p>\n<p>&nbsp;<\/p>\n<p>Apr\u00e8s avoir cliqu\u00e9 sur &#8220;Cr\u00e9er un pixel&#8221;, vous allez pouvoir donner un nom \u00e0 votre pixel et obtenir le code JavaScript de votre pixel Facebook :<\/p>\n<p>&nbsp;<\/p>\n<p><a href=\"https:\/\/www.cmonsite.fr\/creer-un-site\/wp-content\/uploads\/2020\/01\/business-manager-creer-pixel-facebook.png\"><img loading=\"lazy\" decoding=\"async\" class=\"size-full wp-image-12398 aligncenter\" src=\"https:\/\/www.cmonsite.fr\/creer-un-site\/wp-content\/uploads\/2020\/01\/business-manager-creer-pixel-facebook.png\" alt=\"\" width=\"1320\" height=\"649\" srcset=\"https:\/\/www.cmonsite.fr\/site\/webup\/2020\/01\/business-manager-creer-pixel-facebook.png 1320w, https:\/\/www.cmonsite.fr\/site\/webup\/2020\/01\/business-manager-creer-pixel-facebook-300x148.png 300w, https:\/\/www.cmonsite.fr\/site\/webup\/2020\/01\/business-manager-creer-pixel-facebook-1024x503.png 1024w, https:\/\/www.cmonsite.fr\/site\/webup\/2020\/01\/business-manager-creer-pixel-facebook-768x378.png 768w\" sizes=\"(max-width: 1320px) 100vw, 1320px\" \/><\/a><\/p>\n<p>&nbsp;<\/p>\n<p>Une fois que vous aurez cliqu\u00e9 sur &#8220;Ajouter manuellement le code de pixel au site web&#8221;, vous allez pouvoir r\u00e9cup\u00e9rer le code de votre Pixel Facebook afin de l&#8217;installer sur votre site internet.<\/p>\n<p>&nbsp;<\/p>\n<p><a href=\"https:\/\/www.cmonsite.fr\/creer-un-site\/wp-content\/uploads\/2020\/01\/business-manager-installer-code-pixel-facebook.png\"><img loading=\"lazy\" decoding=\"async\" class=\"size-full wp-image-12399 aligncenter\" src=\"https:\/\/www.cmonsite.fr\/creer-un-site\/wp-content\/uploads\/2020\/01\/business-manager-installer-code-pixel-facebook.png\" alt=\"\" width=\"1399\" height=\"724\" srcset=\"https:\/\/www.cmonsite.fr\/site\/webup\/2020\/01\/business-manager-installer-code-pixel-facebook.png 1399w, https:\/\/www.cmonsite.fr\/site\/webup\/2020\/01\/business-manager-installer-code-pixel-facebook-300x155.png 300w, https:\/\/www.cmonsite.fr\/site\/webup\/2020\/01\/business-manager-installer-code-pixel-facebook-1024x530.png 1024w, https:\/\/www.cmonsite.fr\/site\/webup\/2020\/01\/business-manager-installer-code-pixel-facebook-768x397.png 768w\" sizes=\"(max-width: 1399px) 100vw, 1399px\" \/><\/a><\/p>\n<p>Sur la page pour installer le pixel Facebook, vous devez copier le code donn\u00e9 par Facebook. Vous devez seulement cliquer dans la zone de texte entre &#8220;&lt;!&#8211; Facebook Pixel Code &#8211;&gt;&#8221; et &#8220;&lt;!&#8211; End Facebook Pixel Code &#8211;&gt;&#8221; pour copier automatiquement le code de votre Pixel Facebook. Ensuite vous devez v\u00e9rifier que la correspondance automatique avanc\u00e9e est d\u00e9sactiv\u00e9e, sinon cela risque de remonter les statistiques en double sur votre interface Business Facebook.<\/p>\n<p>Une fois que vous avez copi\u00e9 votre code Pixel Facebook et d\u00e9sactiv\u00e9 la correspondance automatique, vous allez pouvoir cliquer sur &#8220;Continuer&#8221;.<\/p>\n<p>&nbsp;<\/p>\n<h2>3. Installer le Pixel Facebook sur CmonSite<\/h2>\n<p>&nbsp;<\/p>\n<p>Pour mettre en place votre Pixel Facebook vous devez vous rendre sur CmonSite dans <strong>Modules Compl\u00e9mentaires<\/strong> -&gt; <a href=\"https:\/\/www.cmonsite.fr\/gestion_tags.php#user_pixel_facebook\">Scripts de suivi<\/a>, sur cette page vous avez la possibilit\u00e9 de rentrer directement l&#8217;identifiant de votre Pixel Facebook ou directement de coller le code complet de votre Pixel Facebook :<\/p>\n<p>&nbsp;<\/p>\n<p><a href=\"https:\/\/www.cmonsite.fr\/creer-un-site\/wp-content\/uploads\/2020\/01\/cmonsite-installer-code-sur-cmonsite.png\"><img loading=\"lazy\" decoding=\"async\" class=\"size-full wp-image-12400 aligncenter\" src=\"https:\/\/www.cmonsite.fr\/creer-un-site\/wp-content\/uploads\/2020\/01\/cmonsite-installer-code-sur-cmonsite.png\" alt=\"\" width=\"490\" height=\"132\" srcset=\"https:\/\/www.cmonsite.fr\/site\/webup\/2020\/01\/cmonsite-installer-code-sur-cmonsite.png 490w, https:\/\/www.cmonsite.fr\/site\/webup\/2020\/01\/cmonsite-installer-code-sur-cmonsite-300x81.png 300w\" sizes=\"(max-width: 490px) 100vw, 490px\" \/><\/a><\/p>\n<p>&nbsp;<\/p>\n<p>Si vous avez l&#8217;identifiant de votre Pixel Facebook, vous pouvez le coller dans le champ &#8220;<strong>Identifiant de votre Pixel Facebook<\/strong>&#8220;.<\/p>\n<p>Si vous avez le code JavaScript de votre Pixel Facebook, vous pouvez cliquer sur le bouton &#8220;R\u00e9cup\u00e9rer le code du Pixel Facebook \u00e0 partir du code JavaScript&#8221; afin que CmonSite installe votre Pixel Facebook, pour cela vous avez seulement besoin de copier le code complet de votre Pixel Facebook :<\/p>\n<p>&nbsp;<\/p>\n<p><a href=\"https:\/\/www.cmonsite.fr\/creer-un-site\/wp-content\/uploads\/2020\/01\/cmonsite-popup-installer-code-automatiquement-sur-cmonsite.png\"><img loading=\"lazy\" decoding=\"async\" class=\"size-full wp-image-12402 aligncenter\" src=\"https:\/\/www.cmonsite.fr\/creer-un-site\/wp-content\/uploads\/2020\/01\/cmonsite-popup-installer-code-automatiquement-sur-cmonsite.png\" alt=\"\" width=\"592\" height=\"416\" srcset=\"https:\/\/www.cmonsite.fr\/site\/webup\/2020\/01\/cmonsite-popup-installer-code-automatiquement-sur-cmonsite.png 592w, https:\/\/www.cmonsite.fr\/site\/webup\/2020\/01\/cmonsite-popup-installer-code-automatiquement-sur-cmonsite-300x211.png 300w\" sizes=\"(max-width: 592px) 100vw, 592px\" \/><\/a><\/p>\n<p>&nbsp;<\/p>\n<p>Apr\u00e8s avoir cliqu\u00e9 sur le bouton &#8220;Installer mon Pixel Facebook&#8221;, nous allons remplir le champ &#8220;Identifiant de votre Pixel Facebook&#8221; avec l&#8217;identifiant de votre Pixel Facebook.<\/p>\n<p><strong>Vous n&#8217;avez plus qu&#8217;a enregistrer votre configuration afin de rendre op\u00e9rationnel votre Pixel Facebook.<\/strong><\/p>\n<p>&nbsp;<\/p>\n<p style=\"text-align: center;\"><strong>F\u00e9licitations, vous venez d&#8217;installer le pixel Facebook sur votre site.<\/strong><\/p>\t\t\t\t\t\t\t\t<\/div>\n\t\t\t\t<\/div>\n\t\t\t\t\t<\/div>\n\t\t<\/div>\n\t\t\t\t\t<\/div>\n\t\t<\/section>\n\t\t\t\t<\/div>\n\t\t","protected":false},"excerpt":{"rendered":"<p>Pour b\u00e9n\u00e9ficier de statistiques avanc\u00e9s sur vos visiteurs et pouvoir r\u00e9aliser par la suite des campagnes publicitaires cibl\u00e9es &nbsp; Avant de pouvoir cr\u00e9er un pixel Facebook, il vous faut un compte Facebook Business Manager. Le pixel est utilis\u00e9 g\u00e9n\u00e9ralement lorsque vous faites des campagnes publicitaire sur Facebook ou Instagram. Cela permet de collecter des statistiques [&hellip;]<\/p>\n","protected":false},"author":1,"featured_media":18497,"parent":24664,"menu_order":5,"comment_status":"closed","ping_status":"closed","template":"","meta":{"_helpful_status":1,"footnotes":""},"class_list":["post-12386","page","type-page","status-publish","has-post-thumbnail","hentry"],"_links":{"self":[{"href":"https:\/\/www.cmonsite.fr\/site\/wp-json\/wp\/v2\/pages\/12386","targetHints":{"allow":["GET"]}}],"collection":[{"href":"https:\/\/www.cmonsite.fr\/site\/wp-json\/wp\/v2\/pages"}],"about":[{"href":"https:\/\/www.cmonsite.fr\/site\/wp-json\/wp\/v2\/types\/page"}],"author":[{"embeddable":true,"href":"https:\/\/www.cmonsite.fr\/site\/wp-json\/wp\/v2\/users\/1"}],"replies":[{"embeddable":true,"href":"https:\/\/www.cmonsite.fr\/site\/wp-json\/wp\/v2\/comments?post=12386"}],"version-history":[{"count":2,"href":"https:\/\/www.cmonsite.fr\/site\/wp-json\/wp\/v2\/pages\/12386\/revisions"}],"predecessor-version":[{"id":24668,"href":"https:\/\/www.cmonsite.fr\/site\/wp-json\/wp\/v2\/pages\/12386\/revisions\/24668"}],"up":[{"embeddable":true,"href":"https:\/\/www.cmonsite.fr\/site\/wp-json\/wp\/v2\/pages\/24664"}],"wp:featuredmedia":[{"embeddable":true,"href":"https:\/\/www.cmonsite.fr\/site\/wp-json\/wp\/v2\/media\/18497"}],"wp:attachment":[{"href":"https:\/\/www.cmonsite.fr\/site\/wp-json\/wp\/v2\/media?parent=12386"}],"curies":[{"name":"wp","href":"https:\/\/api.w.org\/{rel}","templated":true}]}}