{"id":12242,"date":"2019-10-04T14:20:29","date_gmt":"2019-10-04T12:20:06","guid":{"rendered":"https:\/\/www.cmonsite.fr\/site\/aide\/?page_id=12242"},"modified":"2023-07-20T10:53:21","modified_gmt":"2023-07-20T08:53:21","slug":"module-de-carte-cadeau","status":"publish","type":"page","link":"https:\/\/www.cmonsite.fr\/site\/aide\/gestion-des-produits\/module-de-carte-cadeau","title":{"rendered":"Comment cr\u00e9er une carte cadeau ?"},"content":{"rendered":"\t\t<div data-elementor-type=\"wp-page\" data-elementor-id=\"12242\" class=\"elementor elementor-12242\" data-elementor-post-type=\"page\">\n\t\t\t\t<div class=\"elementor-element elementor-element-d631550 e-flex e-con-boxed e-con e-parent\" data-id=\"d631550\" data-element_type=\"container\" data-e-type=\"container\">\n\t\t\t\t\t<div class=\"e-con-inner\">\n\t\t\t\t<div class=\"elementor-element elementor-element-8d42fd2 elementor-widget elementor-widget-text-editor\" data-id=\"8d42fd2\" data-element_type=\"widget\" data-e-type=\"widget\" data-widget_type=\"text-editor.default\">\n\t\t\t\t<div class=\"elementor-widget-container\">\n\t\t\t\t\t\t\t\t\t<p style=\"text-align: left;\">CmonSite vous permet de cr\u00e9er des cartes cadeaux que vos clients pourront offrir \u00e0 leurs proches !<\/p><p>Pour cela, rendez-vous dans la rubrique &#8220;Boutique en ligne&#8221;.<\/p>\t\t\t\t\t\t\t\t<\/div>\n\t\t\t\t<\/div>\n\t\t\t\t<div class=\"elementor-element elementor-element-662427d elementor-widget elementor-widget-text-editor\" data-id=\"662427d\" data-element_type=\"widget\" data-e-type=\"widget\" data-widget_type=\"text-editor.default\">\n\t\t\t\t<div class=\"elementor-widget-container\">\n\t\t\t\t\t\t\t\t\t<h2>1. Cr\u00e9ez votre carte cadeau<\/h2>\t\t\t\t\t\t\t\t<\/div>\n\t\t\t\t<\/div>\n\t\t\t\t<div class=\"elementor-element elementor-element-5c3b6f1 elementor-widget elementor-widget-text-editor\" data-id=\"5c3b6f1\" data-element_type=\"widget\" data-e-type=\"widget\" data-widget_type=\"text-editor.default\">\n\t\t\t\t<div class=\"elementor-widget-container\">\n\t\t\t\t\t\t\t\t\t<p>Pour cr\u00e9er une carte cadeau, il suffit de cr\u00e9er un nouveau produit avec comme &#8220;Type de produit&#8221; &gt; &#8220;Produit carte cadeau&#8221;.<\/p>\t\t\t\t\t\t\t\t<\/div>\n\t\t\t\t<\/div>\n\t\t\t\t<div class=\"elementor-element elementor-element-477aa8b elementor-widget elementor-widget-image\" data-id=\"477aa8b\" data-element_type=\"widget\" data-e-type=\"widget\" data-widget_type=\"image.default\">\n\t\t\t\t<div class=\"elementor-widget-container\">\n\t\t\t\t\t\t\t\t\t\t\t\t\t\t\t<img fetchpriority=\"high\" decoding=\"async\" width=\"1232\" height=\"679\" src=\"https:\/\/www.cmonsite.fr\/site\/webup\/2022\/11\/chrome_2lWWYMfyO4.png\" class=\"attachment-full size-full wp-image-23134\" alt=\"\" srcset=\"https:\/\/www.cmonsite.fr\/site\/webup\/2022\/11\/chrome_2lWWYMfyO4.png 1232w, https:\/\/www.cmonsite.fr\/site\/webup\/2022\/11\/chrome_2lWWYMfyO4-300x165.png 300w, https:\/\/www.cmonsite.fr\/site\/webup\/2022\/11\/chrome_2lWWYMfyO4-1024x564.png 1024w, https:\/\/www.cmonsite.fr\/site\/webup\/2022\/11\/chrome_2lWWYMfyO4-768x423.png 768w\" sizes=\"(max-width: 1232px) 100vw, 1232px\" \/>\t\t\t\t\t\t\t\t\t\t\t\t\t\t\t<\/div>\n\t\t\t\t<\/div>\n\t\t\t\t<div class=\"elementor-element elementor-element-386d529 elementor-widget elementor-widget-text-editor\" data-id=\"386d529\" data-element_type=\"widget\" data-e-type=\"widget\" data-widget_type=\"text-editor.default\">\n\t\t\t\t<div class=\"elementor-widget-container\">\n\t\t\t\t\t\t\t\t\t<h2>2. Configurez les options de votre carte cadeau<\/h2>\t\t\t\t\t\t\t\t<\/div>\n\t\t\t\t<\/div>\n\t\t\t\t<div class=\"elementor-element elementor-element-235d49a elementor-widget elementor-widget-text-editor\" data-id=\"235d49a\" data-element_type=\"widget\" data-e-type=\"widget\" data-widget_type=\"text-editor.default\">\n\t\t\t\t<div class=\"elementor-widget-container\">\n\t\t\t\t\t\t\t\t\t<p>Pr\u00e9cisez le temps de validit\u00e9 (en mois) de votre carte cadeau \u00e0 partir de sa date d&#8217;achat.<\/p><p>Permettre au client d&#8217;entrer le pr\u00e9nom du b\u00e9n\u00e9ficiaire de la carte cadeau ainsi qu&#8217;un message personnalisable (options activ\u00e9es par d\u00e9faut).<\/p><p>D&#8217;autres options peuvent \u00eatre ajout\u00e9es gr\u00e2ce au bouton\u00a0 &#8220;+ Ajouter \/ modifier une option&#8221;. Entrez le nom de l&#8217;option que vous souhaitez ajouter (exemple: &#8220;\u00e2ge du b\u00e9n\u00e9ficiaire&#8221;). Vous pouvez ensuite choisir si cette option est obligatoire pour le client ou non.\u00a0<strong>Attention<\/strong>, si vous ajoutez une nouvelle option, pensez bien \u00e0 ajouter la variable dans le contenu de l&#8217;e-mail.<\/p><p><em>Chaque option peut modifier le prix de votre produit (augmentation ou diminution du prix de x \u20ac\u00a0 \/ augmentation ou diminution du prix de x %). C&#8217;est \u00e0 vous de choisir si vous souhaitez qu&#8217;une option impacte sur un produit.<\/em><\/p><p>Vous changez d&#8217;avis sur une option ? Pas de probl\u00e8me, vous pouvez la supprimer gr\u00e2ce \u00e0 la croix rouge \u00e0 droite de l&#8217;option\u00a0<img decoding=\"async\" class=\"alignnone wp-image-12208 size-full\" src=\"https:\/\/www.cmonsite.fr\/site\/webup\/2019\/10\/croix-de-suppression-1.jpg\" alt=\"\" width=\"19\" height=\"20\" \/><\/p>\t\t\t\t\t\t\t\t<\/div>\n\t\t\t\t<\/div>\n\t\t\t\t<div class=\"elementor-element elementor-element-2b6e676 elementor-widget elementor-widget-image\" data-id=\"2b6e676\" data-element_type=\"widget\" data-e-type=\"widget\" data-widget_type=\"image.default\">\n\t\t\t\t<div class=\"elementor-widget-container\">\n\t\t\t\t\t\t\t\t\t\t\t\t\t\t\t<img decoding=\"async\" width=\"1215\" height=\"614\" src=\"https:\/\/www.cmonsite.fr\/site\/webup\/2022\/11\/chrome_TxOKDrE5yh.png\" class=\"attachment-full size-full wp-image-23133\" alt=\"\" srcset=\"https:\/\/www.cmonsite.fr\/site\/webup\/2022\/11\/chrome_TxOKDrE5yh.png 1215w, https:\/\/www.cmonsite.fr\/site\/webup\/2022\/11\/chrome_TxOKDrE5yh-300x152.png 300w, https:\/\/www.cmonsite.fr\/site\/webup\/2022\/11\/chrome_TxOKDrE5yh-1024x517.png 1024w, https:\/\/www.cmonsite.fr\/site\/webup\/2022\/11\/chrome_TxOKDrE5yh-768x388.png 768w\" sizes=\"(max-width: 1215px) 100vw, 1215px\" \/>\t\t\t\t\t\t\t\t\t\t\t\t\t\t\t<\/div>\n\t\t\t\t<\/div>\n\t\t\t\t<div class=\"elementor-element elementor-element-17693d6 elementor-widget elementor-widget-text-editor\" data-id=\"17693d6\" data-element_type=\"widget\" data-e-type=\"widget\" data-widget_type=\"text-editor.default\">\n\t\t\t\t<div class=\"elementor-widget-container\">\n\t\t\t\t\t\t\t\t\t<p>Vous pouvez \u00e9galement choisir le mode d&#8217;envoi de la carte cadeau. Celle-ci peut \u00eatre envoy\u00e9e par courrier (\u00e0 l&#8217;adresse de livraison saisie par l&#8217;acheteur) ou par e-mail \u00e0 l&#8217;acheteur (qui la transmettra ensuite au b\u00e9n\u00e9ficiaire).<\/p><p>Une derni\u00e8re option permet \u00e0 l&#8217;acheteur d&#8217;entrer l&#8217;adresse e-mail du b\u00e9n\u00e9ficiaire directement sur votre site. Dans ce dernier cas, le b\u00e9n\u00e9ficiaire recevra un e-mail automatique avec sa carte cadeau \u00e0 l&#8217;int\u00e9rieur.<\/p>\t\t\t\t\t\t\t\t<\/div>\n\t\t\t\t<\/div>\n\t\t\t\t<div class=\"elementor-element elementor-element-b304ca6 elementor-widget elementor-widget-text-editor\" data-id=\"b304ca6\" data-element_type=\"widget\" data-e-type=\"widget\" data-widget_type=\"text-editor.default\">\n\t\t\t\t<div class=\"elementor-widget-container\">\n\t\t\t\t\t\t\t\t\t<h2>3. Modifier l&#8217;e-mail<\/h2>\t\t\t\t\t\t\t\t<\/div>\n\t\t\t\t<\/div>\n\t\t\t\t<div class=\"elementor-element elementor-element-8761890 elementor-widget elementor-widget-text-editor\" data-id=\"8761890\" data-element_type=\"widget\" data-e-type=\"widget\" data-widget_type=\"text-editor.default\">\n\t\t\t\t<div class=\"elementor-widget-container\">\n\t\t\t\t\t\t\t\t\t<p>Personnalisez le sujet de l&#8217;e-mail (vous pouvez utiliser toutes les variables). Par d\u00e9faut, le sujet est : &#8220;{{acheteur-prenom}} vous offre une carte cadeau&#8221;, ce qui correspond par exemple \u00e0 &#8220;Jean vous offre une carte cadeau&#8221;.<\/p><p>Personnalisez le contenu de l&#8217;e-mail (typographies, couleurs, images, texte&#8230;). Pour afficher les param\u00e8tres avanc\u00e9s (image de fond, bordures&#8230;), s\u00e9lectionnez le tableau, cliquez sur cette ic\u00f4ne<img loading=\"lazy\" decoding=\"async\" class=\"wp-image-12184 size-full aligncenter\" style=\"color: var( --e-global-color-text ); font-family: var( --e-global-typography-text-font-family ), Sans-serif; font-size: var( --e-global-typography-text-font-size ); font-weight: var( --e-global-typography-text-font-weight ); text-align: var(--text-align);\" src=\"https:\/\/www.cmonsite.fr\/site\/webup\/2019\/10\/icone.jpg\" alt=\"\" width=\"54\" height=\"31\" \/><\/p><p><span style=\"color: var( --e-global-color-text ); font-family: var( --e-global-typography-text-font-family ), Sans-serif; font-size: var( --e-global-typography-text-font-size ); font-weight: var( --e-global-typography-text-font-weight ); text-align: var(--text-align);\">Puis sur &#8220;Propri\u00e9t\u00e9 du tableau&#8221;.\u00a0 Il ne vous reste plus qu&#8217;\u00e0 visualiser le r\u00e9sultat si vous le souhaitez et d&#8217;enregistrer votre travail.<\/span><\/p>\t\t\t\t\t\t\t\t<\/div>\n\t\t\t\t<\/div>\n\t\t\t\t<div class=\"elementor-element elementor-element-a8ff019 elementor-widget elementor-widget-image\" data-id=\"a8ff019\" data-element_type=\"widget\" data-e-type=\"widget\" data-widget_type=\"image.default\">\n\t\t\t\t<div class=\"elementor-widget-container\">\n\t\t\t\t\t\t\t\t\t\t\t\t\t\t\t<img loading=\"lazy\" decoding=\"async\" width=\"931\" height=\"642\" src=\"https:\/\/www.cmonsite.fr\/site\/webup\/2022\/11\/changement-de-fond-5.gif\" class=\"attachment-full size-full wp-image-23128\" alt=\"\" \/>\t\t\t\t\t\t\t\t\t\t\t\t\t\t\t<\/div>\n\t\t\t\t<\/div>\n\t\t\t\t<div class=\"elementor-element elementor-element-327ad80 elementor-widget elementor-widget-text-editor\" data-id=\"327ad80\" data-element_type=\"widget\" data-e-type=\"widget\" data-widget_type=\"text-editor.default\">\n\t\t\t\t<div class=\"elementor-widget-container\">\n\t\t\t\t\t\t\t\t\t<p>Certaines options sont plus avanc\u00e9es et facultatives. Pour les afficher, cochez la case &#8220;Afficher les options avanc\u00e9es de la carte cadeau&#8221;.<\/p><p>Gr\u00e2ce \u00e0 ces options, vous pouvez choisir un pr\u00e9fixe pour votre Code Promo qui sera automatiquement mis au d\u00e9but de votre code (nom de votre marque, nom de l&#8217;\u00e9v\u00e9nement&#8230;).<\/p><p>Des frais de commissions peuvent \u00eatre factur\u00e9s \u00e0 votre client : si vous optez pour des frais de commission de 5\u20ac sur une carte de 50\u20ac, la carte cadeau cr\u00e9\u00e9e sera d&#8217;un montant de 45\u20ac.<\/p><p>Vous pouvez personnalisez le message qui s&#8217;affichera lors de la saisie de la carte cadeau par le b\u00e9n\u00e9ficiaire.<\/p>\t\t\t\t\t\t\t\t<\/div>\n\t\t\t\t<\/div>\n\t\t\t\t<div class=\"elementor-element elementor-element-22b7ef5 elementor-widget elementor-widget-image\" data-id=\"22b7ef5\" data-element_type=\"widget\" data-e-type=\"widget\" data-widget_type=\"image.default\">\n\t\t\t\t<div class=\"elementor-widget-container\">\n\t\t\t\t\t\t\t\t\t\t\t\t\t\t\t<img loading=\"lazy\" decoding=\"async\" width=\"732\" height=\"259\" src=\"https:\/\/www.cmonsite.fr\/site\/webup\/2022\/11\/options-avancees.gif\" class=\"attachment-full size-full wp-image-23131\" alt=\"\" \/>\t\t\t\t\t\t\t\t\t\t\t\t\t\t\t<\/div>\n\t\t\t\t<\/div>\n\t\t\t\t<div class=\"elementor-element elementor-element-95cf7df elementor-widget-divider--view-line elementor-widget elementor-widget-divider\" data-id=\"95cf7df\" data-element_type=\"widget\" data-e-type=\"widget\" data-widget_type=\"divider.default\">\n\t\t\t\t<div class=\"elementor-widget-container\">\n\t\t\t\t\t\t\t<div class=\"elementor-divider\">\n\t\t\t<span class=\"elementor-divider-separator\">\n\t\t\t\t\t\t<\/span>\n\t\t<\/div>\n\t\t\t\t\t\t<\/div>\n\t\t\t\t<\/div>\n\t\t\t\t<div class=\"elementor-element elementor-element-81a09fa elementor-widget elementor-widget-heading\" data-id=\"81a09fa\" data-element_type=\"widget\" data-e-type=\"widget\" data-widget_type=\"heading.default\">\n\t\t\t\t<div class=\"elementor-widget-container\">\n\t\t\t\t\t<h2 class=\"elementor-heading-title elementor-size-default\">D\u00e9couvrez notre vid\u00e9o explicative sur la cr\u00e9ation de cartes cadeaux <\/h2>\t\t\t\t<\/div>\n\t\t\t\t<\/div>\n\t\t\t\t\t<\/div>\n\t\t\t\t<\/div>\n\t\t\t\t<section class=\"elementor-section elementor-top-section elementor-element elementor-element-b02300c elementor-section-boxed elementor-section-height-default elementor-section-height-default\" data-id=\"b02300c\" data-element_type=\"section\" data-e-type=\"section\">\n\t\t\t\t\t\t<div class=\"elementor-container elementor-column-gap-default\">\n\t\t\t\t\t<div class=\"elementor-column elementor-col-33 elementor-top-column elementor-element elementor-element-4d730c3\" data-id=\"4d730c3\" data-element_type=\"column\" data-e-type=\"column\">\n\t\t\t<div class=\"elementor-widget-wrap\">\n\t\t\t\t\t\t\t<\/div>\n\t\t<\/div>\n\t\t\t\t<div class=\"elementor-column elementor-col-33 elementor-top-column elementor-element elementor-element-7c89970\" data-id=\"7c89970\" data-element_type=\"column\" data-e-type=\"column\">\n\t\t\t<div class=\"elementor-widget-wrap elementor-element-populated\">\n\t\t\t\t\t\t<div class=\"elementor-element elementor-element-704594c elementor-widget elementor-widget-video\" data-id=\"704594c\" data-element_type=\"widget\" data-e-type=\"widget\" data-settings=\"{&quot;youtube_url&quot;:&quot;https:\\\/\\\/www.youtube.com\\\/watch?v=cS-Pc_qyIYw&quot;,&quot;video_type&quot;:&quot;youtube&quot;,&quot;controls&quot;:&quot;yes&quot;}\" data-widget_type=\"video.default\">\n\t\t\t\t<div class=\"elementor-widget-container\">\n\t\t\t\t\t\t\t<div class=\"elementor-wrapper elementor-open-inline\">\n\t\t\t<div class=\"elementor-video\"><\/div>\t\t<\/div>\n\t\t\t\t\t\t<\/div>\n\t\t\t\t<\/div>\n\t\t\t\t\t<\/div>\n\t\t<\/div>\n\t\t\t\t<div class=\"elementor-column elementor-col-33 elementor-top-column elementor-element elementor-element-655440a\" data-id=\"655440a\" data-element_type=\"column\" data-e-type=\"column\">\n\t\t\t<div class=\"elementor-widget-wrap\">\n\t\t\t\t\t\t\t<\/div>\n\t\t<\/div>\n\t\t\t\t\t<\/div>\n\t\t<\/section>\n\t\t\t\t<\/div>\n\t\t","protected":false},"excerpt":{"rendered":"<p>CmonSite vous permet de cr\u00e9er des cartes cadeaux que vos clients pourront offrir \u00e0 leurs proches ! Pour cela, rendez-vous dans la rubrique &#8220;Boutique en ligne&#8221;. 1. Cr\u00e9ez votre carte cadeau Pour cr\u00e9er une carte cadeau, il suffit de cr\u00e9er un nouveau produit avec comme &#8220;Type de produit&#8221; &gt; &#8220;Produit carte cadeau&#8221;. 2. Configurez les [&hellip;]<\/p>\n","protected":false},"author":1,"featured_media":0,"parent":24736,"menu_order":1,"comment_status":"closed","ping_status":"closed","template":"","meta":{"_helpful_status":1,"footnotes":""},"class_list":["post-12242","page","type-page","status-publish","hentry"],"_links":{"self":[{"href":"https:\/\/www.cmonsite.fr\/site\/wp-json\/wp\/v2\/pages\/12242","targetHints":{"allow":["GET"]}}],"collection":[{"href":"https:\/\/www.cmonsite.fr\/site\/wp-json\/wp\/v2\/pages"}],"about":[{"href":"https:\/\/www.cmonsite.fr\/site\/wp-json\/wp\/v2\/types\/page"}],"author":[{"embeddable":true,"href":"https:\/\/www.cmonsite.fr\/site\/wp-json\/wp\/v2\/users\/1"}],"replies":[{"embeddable":true,"href":"https:\/\/www.cmonsite.fr\/site\/wp-json\/wp\/v2\/comments?post=12242"}],"version-history":[{"count":26,"href":"https:\/\/www.cmonsite.fr\/site\/wp-json\/wp\/v2\/pages\/12242\/revisions"}],"predecessor-version":[{"id":24981,"href":"https:\/\/www.cmonsite.fr\/site\/wp-json\/wp\/v2\/pages\/12242\/revisions\/24981"}],"up":[{"embeddable":true,"href":"https:\/\/www.cmonsite.fr\/site\/wp-json\/wp\/v2\/pages\/24736"}],"wp:attachment":[{"href":"https:\/\/www.cmonsite.fr\/site\/wp-json\/wp\/v2\/media?parent=12242"}],"curies":[{"name":"wp","href":"https:\/\/api.w.org\/{rel}","templated":true}]}}